{"id":2304,"date":"2021-01-26T02:39:52","date_gmt":"2021-01-26T02:39:52","guid":{"rendered":"http:\/\/chuongdesigner.name.vn\/aodai\/?post_type=product&#038;p=2304"},"modified":"2021-01-26T07:57:07","modified_gmt":"2021-01-26T07:57:07","slug":"vai-ao-dai-tet","status":"publish","type":"product","link":"https:\/\/thietbitmg.com\/demo\/aodai\/product\/vai-ao-dai-tet\/","title":{"rendered":"V\u1ea3i \u00e1o d\u00e0i t\u1ebft."},"content":{"rendered":"<ul class=\"proAttribute\">\n<li><b>L\u1ee5a H\u00e0n Qu\u1ed1c<\/b>: V\u1ea3i m\u1ec1m, m\u1ecbn, co d\u00e3n t\u1ed1t b\u1ec1 ngang, m\u00e0u t\u1ed1i d\u1ec5 b\u1ecb r\u1ea1n khi may.<\/li>\n<li><b>L\u1ee5a T\u1eb1m Th\u00e1i<\/b>: V\u1ea3i m\u1ec1m, m\u00e1t, r\u1ee7, kh\u00f4ng co d\u00e3n, m\u00e0u t\u1ed1i d\u1ec5 b\u1ecb r\u1ea1n khi may.<\/li>\n<li><b>L\u1ee5a B\u1ea3o Anh<\/b>: V\u1ea3i m\u1ec1m, r\u1ee7, co d\u00e3n tho\u1ea3i m\u00e1i khi m\u1eb7c, h\u1ea1n ch\u1ebf r\u1ea1n v\u1ea3i khi may (Lo\u1ea1i n\u00e0y \u0111\u01b0\u1ee3c chu\u1ed9ng nhi\u1ec1u).<\/li>\n<li><b>L\u1ee5a Th\u00e1i Tu\u1ea5n<\/b>: V\u1ea3i l\u1ee5a m\u1ec1m, m\u1ecbn, m\u00e1t, r\u1ee7, c\u00f3 \u0111\u1ed9 d\u00e3n, d\u1ec5 may, c\u1ef1c \u00edt r\u1ea1n, may k\u1ef9 g\u1ea7n nh\u01b0 kh\u00f4ng r\u1ea1n. (M\u1eabu m\u00e3 \u0111\u01b0\u1ee3c thi\u1ebft k\u1ebf t\u1ef1 do v\u00e0 in tr\u00ean n\u1ec1n v\u1ea3i l\u1ee5a H\u1ed3ng Nhung Th\u00e1i Tu\u1ea5n, tr\u00e1nh hi\u1ec3u l\u1ea7m v\u1edbi s\u1ea3n ph\u1ea9m \u0111\u01b0\u1ee3c thi\u1ebft k\u1ebf b\u1edfi Th\u00e1i Tu\u1ea5n).<\/li>\n<\/ul>\n<p>V\u1ea3i \u00e1o d\u00e0i in 3D tr\u00ean nhi\u1ec1u ch\u1ea5t li\u1ec7u kh\u00e1c nhau, h\u1ecda ti\u1ebft in s\u1eafc n\u00e9t, m\u00e0u t\u01b0\u01a1i, m\u1ef1c in v\u00e0 ch\u1ea5t li\u1ec7u v\u1ea3i \u0111\u1ec1u \u0111\u01b0\u1ee3c ch\u1ecdn l\u1ef1a k\u1ef9 c\u00e0ng \u0111\u1ec3 cho ra s\u1ea3n ph\u1ea9m t\u1ed1t nh\u1ea5t.<\/p>\n<p class=\"red\">\u2192 M\u00e0u s\u1eafc v\u1ea3i gi\u1ed1ng t\u1eeb 90% \u0111\u1ebfn 98% so v\u1edbi h\u00ecnh \u1ea3nh.<\/p>\n<p>\u2192 C\u00e1ch ch\u1ecdn v\u1ea3i \u00e1o d\u00e0i \u0111\u1ed3ng ph\u1ee5c.<\/p>\n<p>\u2192 Ch\u1ea5t li\u1ec7u uy t\u00edn,<\/p>\n<p>\u2192 Gi\u00e1 c\u1ea3 h\u1ee3p l\u00fd nh\u1ea5t cho kh\u00e1ch h\u00e0ng<\/p>\n","protected":false},"excerpt":{"rendered":"<table cellspacing=\"0\">\n<tbody>\n<tr>\n<td class=\"title\"><span style=\"color: #000000;\">M\u00e3 V\u1ea3i<\/span><\/td>\n<td><span style=\"color: #000000;\"><b>DT 10341<\/b>\u00a0|\u00a0<strong>M\u00e3 m\u00e0u:<\/strong>\u00a0tr\u00ean h\u00ecnh<\/span><\/td>\n<\/tr>\n<tr>\n<td class=\"title\"><span style=\"color: #000000;\">Danh m\u1ee5c<\/span><\/td>\n<td><span style=\"color: #000000;\"><a class=\"ui-link\" style=\"color: #000000;\" title=\"V\u1ea3i \u00e1o d\u00e0i in 3D\" href=\"http:\/\/www.vaiaodaire.com\/vai-ao-dai\/vai-in-tuy-chon-10\" data-ajax=\"false\">V\u1ea3i \u00e1o d\u00e0i in 3D.<\/a><\/span><\/td>\n<\/tr>\n<tr>\n<td class=\"title\"><span style=\"color: #000000;\">Kh\u1ed5 v\u1ea3i<\/span><\/td>\n<td><span style=\"color: #000000;\">\u00c1o: 1,55m x 2m | Qu\u1ea7n: 1,55m x 1,1m.<\/span><\/td>\n<\/tr>\n<tr>\n<td class=\"title\"><span style=\"color: #000000;\">Gi\u00e1 ti\u1ec1n<\/span><\/td>\n<td class=\"priceList\"><span style=\"color: #000000;\">\u2022 L\u1ee5a H\u00e0n Qu\u1ed1c<\/span>: <span style=\"color: #00a859;\"><strong>170,000 \u0111\/\u00c1o \u2192 <\/strong><\/span><span style=\"color: #ed1c24;\"><strong>260,000 \u0111\/B\u1ed9<\/strong><\/span><\/p>\n<p><span style=\"color: #000000;\">\u2022 L\u1ee5a T\u1eb1m Th\u00e1i<\/span><span style=\"font-family: inherit; font-size: inherit; color: #333333;\"><span style=\"color: #000000;\">:<\/span> <span style=\"color: #00a859;\"><strong>200,000 \u0111\/\u00c1o \u2192\u00a0<span style=\"color: #ed1c24;\">310,000 \u0111\/B\u1ed9<\/span><\/strong><\/span><\/span><\/p>\n<p><span style=\"color: #000000;\">\u2022 L\u1ee5a B\u1ea3o Anh<\/span><span style=\"font-family: inherit; font-size: inherit; color: #333333;\">: <span style=\"color: #00a859;\"><strong>250,000 \u0111\/\u00c1o \u2192\u00a0<span style=\"color: #ed1c24;\">390,000 \u0111\/B\u1ed9<\/span><\/strong><\/span><\/span><\/p>\n<p><span style=\"color: #000000;\">\u2022 L\u1ee5a Th\u00e1i Tu\u1ea5n<\/span><span style=\"font-family: inherit; font-size: inherit; color: #333333;\"><span style=\"color: #000000;\">:<\/span> <span style=\"color: #00a859;\"><strong>350,000 \u0111\/\u00c1o \u2192\u00a0<span style=\"color: #ed1c24;\">530,000 \u0111\/B\u1ed9<\/span><\/strong><\/span><\/span><\/p>\n<p><span style=\"color: #000000;\">*B\u1ed9 l\u00e0 \u0111\u00e3 bao g\u1ed3m v\u1ea3i qu\u1ea7n.<br \/>\n*Gi\u00e1 ch\u00ednh th\u1ee9c t\u1eeb ng\u00e0y 03\/06\/2020.<\/span><\/td>\n<\/tr>\n<tr>\n<td class=\"title\"><span style=\"color: #000000;\">T\u00ecnh tr\u1ea1ng<\/span><\/td>\n<td><span style=\"color: #000000;\">In 2-4 ng\u00e0y. (Ch\u01b0a t\u00ednh th\u1eddi gian g\u1eedi h\u00e0ng).<\/span><\/td>\n<\/tr>\n<\/tbody>\n<\/table>\n","protected":false},"featured_media":2305,"comment_status":"open","ping_status":"closed","template":"","meta":[],"_links":{"self":[{"href":"https:\/\/thietbitmg.com\/demo\/aodai\/wp-json\/wp\/v2\/product\/2304"}],"collection":[{"href":"https:\/\/thietbitmg.com\/demo\/aodai\/wp-json\/wp\/v2\/product"}],"about":[{"href":"https:\/\/thietbitmg.com\/demo\/aodai\/wp-json\/wp\/v2\/types\/product"}],"replies":[{"embeddable":true,"href":"https:\/\/thietbitmg.com\/demo\/aodai\/wp-json\/wp\/v2\/comments?post=2304"}],"wp:featuredmedia":[{"embeddable":true,"href":"https:\/\/thietbitmg.com\/demo\/aodai\/wp-json\/wp\/v2\/media\/2305"}],"wp:attachment":[{"href":"https:\/\/thietbitmg.com\/demo\/aodai\/wp-json\/wp\/v2\/media?parent=2304"}],"curies":[{"name":"wp","href":"https:\/\/api.w.org\/{rel}","templated":true}]}}