{"id":2348,"date":"2021-01-26T03:44:59","date_gmt":"2021-01-26T03:44:59","guid":{"rendered":"http:\/\/chuongdesigner.name.vn\/aodai\/?post_type=product&#038;p=2348"},"modified":"2021-01-26T15:05:46","modified_gmt":"2021-01-26T15:05:46","slug":"vai-ao-dai-tet-2021","status":"publish","type":"product","link":"https:\/\/thietbitmg.com\/demo\/aodai\/product\/vai-ao-dai-tet-2021\/","title":{"rendered":"V\u1ea3i \u00e1o d\u00e0i t\u1ebft 2021"},"content":{"rendered":"","protected":false},"excerpt":{"rendered":"<p style=\"text-align: center;\"><strong>C\u1eacP NH\u1eacT T\u1ea4T C\u1ea2 C\u00c1C M\u1eaaU \u00c1O D\u00c0I M\u1edaI NH\u1ea4T<\/strong><\/p>\n<p style=\"text-align: center;\"><strong>C\u00c1C B\u1ea0N C\u00d3 TH\u1ec2 CLICK V\u00c0O N\u00daT B\u00caN D\u01af\u1edaI \u0110\u1ec2 XEM C\u00c1C M\u1eaaU<\/strong><\/p>\n<p style=\"text-align: center;\"><img loading=\"lazy\" class=\"alignnone  wp-image-2654\" src=\"http:\/\/chuongdesigner.name.vn\/aodai\/wp-content\/uploads\/2021\/01\/xemngay.jpg\" alt=\"\" width=\"240\" height=\"61\" srcset=\"https:\/\/thietbitmg.com\/demo\/aodai\/wp-content\/uploads\/2021\/01\/xemngay.jpg 530w, https:\/\/thietbitmg.com\/demo\/aodai\/wp-content\/uploads\/2021\/01\/xemngay-200x51.jpg 200w, https:\/\/thietbitmg.com\/demo\/aodai\/wp-content\/uploads\/2021\/01\/xemngay-24x6.jpg 24w, https:\/\/thietbitmg.com\/demo\/aodai\/wp-content\/uploads\/2021\/01\/xemngay-36x9.jpg 36w, https:\/\/thietbitmg.com\/demo\/aodai\/wp-content\/uploads\/2021\/01\/xemngay-48x12.jpg 48w\" sizes=\"(max-width: 240px) 100vw, 240px\" \/><\/p>\n","protected":false},"featured_media":2349,"comment_status":"open","ping_status":"closed","template":"","meta":[],"_links":{"self":[{"href":"https:\/\/thietbitmg.com\/demo\/aodai\/wp-json\/wp\/v2\/product\/2348"}],"collection":[{"href":"https:\/\/thietbitmg.com\/demo\/aodai\/wp-json\/wp\/v2\/product"}],"about":[{"href":"https:\/\/thietbitmg.com\/demo\/aodai\/wp-json\/wp\/v2\/types\/product"}],"replies":[{"embeddable":true,"href":"https:\/\/thietbitmg.com\/demo\/aodai\/wp-json\/wp\/v2\/comments?post=2348"}],"wp:featuredmedia":[{"embeddable":true,"href":"https:\/\/thietbitmg.com\/demo\/aodai\/wp-json\/wp\/v2\/media\/2349"}],"wp:attachment":[{"href":"https:\/\/thietbitmg.com\/demo\/aodai\/wp-json\/wp\/v2\/media?parent=2348"}],"curies":[{"name":"wp","href":"https:\/\/api.w.org\/{rel}","templated":true}]}}