{"id":2357,"date":"2021-01-26T03:59:31","date_gmt":"2021-01-26T03:59:31","guid":{"rendered":"http:\/\/chuongdesigner.name.vn\/aodai\/?post_type=product&#038;p=2357"},"modified":"2021-01-26T08:35:50","modified_gmt":"2021-01-26T08:35:50","slug":"vai-hoa-bo-cong-anh","status":"publish","type":"product","link":"https:\/\/thietbitmg.com\/demo\/aodai\/product\/vai-hoa-bo-cong-anh\/","title":{"rendered":"V\u1ea3i hoa B\u1ed3 C\u00f4ng Anh"},"content":{"rendered":"<p>V\u1ea3i \u00e1o d\u00e0i k\u1ebft \u0111\u01b0\u1ee3c k\u1ebft hoa, h\u1ed9t c\u01b0\u1eddm, \u0111\u00e1 pha l\u00ea. V\u1ea3i \u00e1o d\u00e0i k\u1ebft hoa \u0111\u01b0\u1ee3c gia c\u00f4ng tinh t\u1ebf, t\u1ec9 m\u1ec9, ph\u00f9 h\u1ee3p cho c\u00e1c s\u1ef1 ki\u1ec7n l\u00e0m sui, c\u01b0\u1edbi h\u1ecfi.<\/p>\n<p class=\"red\">\u2192 M\u00e0u s\u1eafc v\u1ea3i gi\u1ed1ng t\u1eeb 90% \u0111\u1ebfn 98% so v\u1edbi h\u00ecnh \u1ea3nh.<\/p>\n<p><a class=\"ui-link\" href=\"http:\/\/www.vaiaodaire.com\/chia-se-kinh-nghiem\/kinh-nghiem-chon-ao-dai-dong-phuc-21\">\u2192 C\u00e1ch ch\u1ecdn v\u1ea3i \u00e1o d\u00e0i \u0111\u1ed3ng ph\u1ee5c.<\/a><\/p>\n","protected":false},"excerpt":{"rendered":"<table cellspacing=\"0\">\n<tbody>\n<tr>\n<td class=\"title\">M\u00e3 V\u1ea3i<\/td>\n<td><b>ADK 10087<\/b>\u00a0|\u00a0<strong>M\u00e3 m\u00e0u:<\/strong>\u00a0tr\u00ean h\u00ecnh<\/td>\n<\/tr>\n<tr>\n<td class=\"title\">Danh m\u1ee5c<\/td>\n<td><a class=\"ui-link\" title=\"V\u1ea3i \u00e1o d\u00e0i K\u1ebft\" href=\"http:\/\/www.vaiaodaire.com\/vai-ao-dai\/vai-ao-dai-ket-23\" data-ajax=\"false\">V\u1ea3i \u00e1o d\u00e0i K\u1ebft.<\/a><\/td>\n<\/tr>\n<tr>\n<td class=\"title\">Kh\u1ed5 v\u1ea3i<\/td>\n<td>\u00c1o: 1,55m x 2,2m .<\/td>\n<\/tr>\n<tr>\n<td class=\"title\">Gi\u00e1 ti\u1ec1n<\/td>\n<td class=\"priceList\"><span style=\"color: #00a859;\"><strong>950,000 \u0111\/\u00c1o.<\/strong><\/span> \u2192\u00a0<span style=\"color: #ed1c24;\"><strong>1,100,000 \u0111\/B\u1ed9<\/strong><\/span>.<\/td>\n<\/tr>\n<tr>\n<td class=\"title\">T\u00ecnh tr\u1ea1ng<\/td>\n<td>H\u00e0ng c\u00f3 s\u1eb5n.<\/td>\n<\/tr>\n<\/tbody>\n<\/table>\n","protected":false},"featured_media":2358,"comment_status":"open","ping_status":"closed","template":"","meta":[],"_links":{"self":[{"href":"https:\/\/thietbitmg.com\/demo\/aodai\/wp-json\/wp\/v2\/product\/2357"}],"collection":[{"href":"https:\/\/thietbitmg.com\/demo\/aodai\/wp-json\/wp\/v2\/product"}],"about":[{"href":"https:\/\/thietbitmg.com\/demo\/aodai\/wp-json\/wp\/v2\/types\/product"}],"replies":[{"embeddable":true,"href":"https:\/\/thietbitmg.com\/demo\/aodai\/wp-json\/wp\/v2\/comments?post=2357"}],"wp:featuredmedia":[{"embeddable":true,"href":"https:\/\/thietbitmg.com\/demo\/aodai\/wp-json\/wp\/v2\/media\/2358"}],"wp:attachment":[{"href":"https:\/\/thietbitmg.com\/demo\/aodai\/wp-json\/wp\/v2\/media?parent=2357"}],"curies":[{"name":"wp","href":"https:\/\/api.w.org\/{rel}","templated":true}]}}