{"id":2396,"date":"2021-01-26T04:50:38","date_gmt":"2021-01-26T04:50:38","guid":{"rendered":"http:\/\/chuongdesigner.name.vn\/aodai\/?post_type=product&#038;p=2396"},"modified":"2021-07-22T04:24:04","modified_gmt":"2021-07-22T04:24:04","slug":"vai-ao-tron-mau-do","status":"publish","type":"product","link":"https:\/\/thietbitmg.com\/demo\/aodai\/product\/vai-ao-tron-mau-do\/","title":{"rendered":"V\u1ea3i \u00e1o tr\u01a1n m\u00e0u \u0111\u1ecf"},"content":{"rendered":"<p>V\u1ea3i \u00e1o d\u00e0i tr\u01a1n \u0111\u01b0\u1ee3c b\u00e0y b\u00e1n t\u1ea1i shop v\u1ea3i \u00e1o d\u00e0i Loan r\u1ea5t \u0111a d\u1ea1ng v\u1ec1 m\u00e0u s\u1eafc v\u00e0 ch\u1ea5t v\u1ea3i, v\u1ea3i \u00e1o d\u00e0i tr\u01a1n \u0111\u01b0\u1ee3c ph\u1ed1i m\u00e0u tay v\u00e0 qu\u1ea7n r\u1ea5t phong ph\u00fa v\u00e0 \u0111\u1ed9c \u0111\u00e1o.<\/p>\n<p class=\"red\">\u2192 M\u00e0u s\u1eafc v\u1ea3i gi\u1ed1ng t\u1eeb 90% \u0111\u1ebfn 98% so v\u1edbi h\u00ecnh \u1ea3nh.<\/p>\n<p><a class=\"ui-link\" href=\"http:\/\/www.vaiaodaire.com\/chia-se-kinh-nghiem\/kinh-nghiem-chon-ao-dai-dong-phuc-21\">\u2192 C\u00e1ch ch\u1ecdn v\u1ea3i \u00e1o d\u00e0i \u0111\u1ed3ng ph\u1ee5c.<\/a><\/p>\n","protected":false},"excerpt":{"rendered":"<table cellspacing=\"0\">\n<tbody>\n<tr>\n<td class=\"title\">M\u00e3 V\u1ea3i<\/td>\n<td><b>LT 9106<\/b>\u00a0| <strong>M\u00e3 m\u00e0u:<\/strong>\u00a0tr\u00ean h\u00ecnh<\/td>\n<\/tr>\n<tr>\n<td class=\"title\">Danh m\u1ee5c<\/td>\n<td><a class=\"ui-link\" title=\"V\u1ea3i \u00e1o d\u00e0i tr\u01a1n\" href=\"http:\/\/www.vaiaodaire.com\/vai-ao-dai\/lua-tron-thai-tuan-17\" data-ajax=\"false\">V\u1ea3i \u00e1o d\u00e0i tr\u01a1n.<\/a><\/td>\n<\/tr>\n<tr>\n<td class=\"title\">Kh\u1ed5 v\u1ea3i<\/td>\n<td>\u00c1o: 1,55m x 2,2m .<\/td>\n<\/tr>\n<tr>\n<td class=\"title\">Gi\u00e1 ti\u1ec1n<\/td>\n<td class=\"priceList\"><span style=\"color: #00a859;\"><strong>200,000 \u0111\/\u00c1o.<\/strong><\/span> \u2192 <span style=\"color: #ed1c24;\"><strong>310,000 \u0111\/B\u1ed9<\/strong><\/span>.<\/td>\n<\/tr>\n<tr>\n<td class=\"title\">T\u00ecnh tr\u1ea1ng<\/td>\n<td>H\u00e0ng c\u00f3 s\u1eb5n.<\/td>\n<\/tr>\n<\/tbody>\n<\/table>\n","protected":false},"featured_media":2397,"comment_status":"open","ping_status":"closed","template":"","meta":[],"_links":{"self":[{"href":"https:\/\/thietbitmg.com\/demo\/aodai\/wp-json\/wp\/v2\/product\/2396"}],"collection":[{"href":"https:\/\/thietbitmg.com\/demo\/aodai\/wp-json\/wp\/v2\/product"}],"about":[{"href":"https:\/\/thietbitmg.com\/demo\/aodai\/wp-json\/wp\/v2\/types\/product"}],"replies":[{"embeddable":true,"href":"https:\/\/thietbitmg.com\/demo\/aodai\/wp-json\/wp\/v2\/comments?post=2396"}],"wp:featuredmedia":[{"embeddable":true,"href":"https:\/\/thietbitmg.com\/demo\/aodai\/wp-json\/wp\/v2\/media\/2397"}],"wp:attachment":[{"href":"https:\/\/thietbitmg.com\/demo\/aodai\/wp-json\/wp\/v2\/media?parent=2396"}],"curies":[{"name":"wp","href":"https:\/\/api.w.org\/{rel}","templated":true}]}}