{"id":71,"date":"2014-02-10T14:07:58","date_gmt":"2014-02-10T14:07:58","guid":{"rendered":"http:\/\/localhost:8888\/test\/?page_id=2585"},"modified":"2021-09-27T09:24:47","modified_gmt":"2021-09-27T09:24:47","slug":"tin-moi-nhat","status":"publish","type":"page","link":"https:\/\/thietbitmg.com\/demo\/banthogo\/tin-moi-nhat\/","title":{"rendered":"TIN M\u1edaI NH\u1ea4T"},"content":{"rendered":"\t<section class=\"section\" id=\"section_1758222370\">\n\t\t<div class=\"bg section-bg fill bg-fill  bg-loaded\" >\n\n\t\t\t\n\t\t\t\n\t\t\t\n\n\t\t<\/div>\n\n\t\t\n\n\t\t<div class=\"section-content relative\">\n\t\t\t\n<div class=\"row row-collapse row-dashed\" style=\"max-width:70%\" id=\"row-824784482\">\n\n\t<div id=\"col-1741219335\" class=\"col medium-9 small-12 large-9\"  >\n\t\t\t\t<div class=\"col-inner\"  >\n\t\t\t\n\t\t\t\n\n  \n    <div class=\"row large-columns-3 medium-columns-1 small-columns-1\">\n  <div class=\"col post-item\" >\n\t\t\t<div class=\"col-inner\">\n\t\t\t<a href=\"https:\/\/thietbitmg.com\/demo\/banthogo\/2020\/09\/15\/thu-tuc-thay-ban-tho-moi-chuan-chi-tiet-can-nam-ro\/\" class=\"plain\">\n\t\t\t\t<div class=\"box box-normal box-text-bottom box-blog-post has-hover\">\n            \t\t\t\t\t<div class=\"box-image\" >\n  \t\t\t\t\t\t<div class=\"image-cover\" style=\"padding-top:56%;\">\n  \t\t\t\t\t\t\t<img width=\"533\" height=\"400\" src=\"https:\/\/thietbitmg.com\/demo\/banthogo\/wp-content\/uploads\/2020\/09\/bo-ban-tho-gia-tien-dep-btd303-3-533x400.jpg\" class=\"attachment-medium size-medium wp-post-image\" alt=\"\" loading=\"lazy\" srcset=\"https:\/\/thietbitmg.com\/demo\/banthogo\/wp-content\/uploads\/2020\/09\/bo-ban-tho-gia-tien-dep-btd303-3-533x400.jpg 533w, https:\/\/thietbitmg.com\/demo\/banthogo\/wp-content\/uploads\/2020\/09\/bo-ban-tho-gia-tien-dep-btd303-3-768x576.jpg 768w, https:\/\/thietbitmg.com\/demo\/banthogo\/wp-content\/uploads\/2020\/09\/bo-ban-tho-gia-tien-dep-btd303-3-600x450.jpg 600w, https:\/\/thietbitmg.com\/demo\/banthogo\/wp-content\/uploads\/2020\/09\/bo-ban-tho-gia-tien-dep-btd303-3.jpg 960w\" sizes=\"(max-width: 533px) 100vw, 533px\" \/>  \t\t\t\t\t\t\t  \t\t\t\t\t\t\t  \t\t\t\t\t\t<\/div>\n  \t\t\t\t\t\t  \t\t\t\t\t<\/div>\n          \t\t\t\t\t<div class=\"box-text text-center\" >\n\t\t\t\t\t<div class=\"box-text-inner blog-post-inner\">\n\n\t\t\t\t\t\n\t\t\t\t\t\t\t\t\t\t<h5 class=\"post-title is-large \">Th\u1ee7 t\u1ee5c thay b\u00e0n th\u1edd m\u1edbi chu\u1ea9n, chi ti\u1ebft, c\u1ea7n n\u1eafm r\u00f5<\/h5>\n\t\t\t\t\t\t\t\t\t\t<div class=\"is-divider\"><\/div>\n\t\t\t\t\t\t\t\t\t\t<p class=\"from_the_blog_excerpt \">Th\u1ee7 t\u1ee5c thay b\u00e0n th\u1edd m\u1edbi\u00a0c\u1ea7n ti\u1ebfn h\u00e0nh ra sao l\u00e0 v\u1ea5n \u0111\u1ec1 m\u00e0 kh\u00f4ng....\t\t\t\t\t<\/p>\n\t\t\t\t\t                    \n\t\t\t\t\t\n\t\t\t\t\t\n\t\t\t\t\t<\/div>\n\t\t\t\t\t<\/div>\n\t\t\t\t\t\t\t\t\t\t\t\t\t\t\t\t<div class=\"badge absolute top post-date badge-circle-inside\">\n\t\t\t\t\t\t\t<div class=\"badge-inner\">\n\t\t\t\t\t\t\t\t<span class=\"post-date-day\">15<\/span><br>\n\t\t\t\t\t\t\t\t<span class=\"post-date-month is-xsmall\">Th9<\/span>\n\t\t\t\t\t\t\t<\/div>\n\t\t\t\t\t\t<\/div>\n\t\t\t\t\t\t\t\t\t<\/div>\n\t\t\t\t<\/a>\n\t\t\t<\/div>\n\t\t<\/div><div class=\"col post-item\" >\n\t\t\t<div class=\"col-inner\">\n\t\t\t<a href=\"https:\/\/thietbitmg.com\/demo\/banthogo\/2020\/09\/15\/co-nen-lau-chui-ban-tho-thuong-xuyen-8-buoc-ve-sinh-ban-tho\/\" class=\"plain\">\n\t\t\t\t<div class=\"box box-normal box-text-bottom box-blog-post has-hover\">\n            \t\t\t\t\t<div class=\"box-image\" >\n  \t\t\t\t\t\t<div class=\"image-cover\" style=\"padding-top:56%;\">\n  \t\t\t\t\t\t\t<img width=\"446\" height=\"400\" src=\"https:\/\/thietbitmg.com\/demo\/banthogo\/wp-content\/uploads\/2020\/09\/den-tho-go-huong-dt801-2-446x400.jpg\" class=\"attachment-medium size-medium wp-post-image\" alt=\"\" loading=\"lazy\" srcset=\"https:\/\/thietbitmg.com\/demo\/banthogo\/wp-content\/uploads\/2020\/09\/den-tho-go-huong-dt801-2-446x400.jpg 446w, https:\/\/thietbitmg.com\/demo\/banthogo\/wp-content\/uploads\/2020\/09\/den-tho-go-huong-dt801-2-600x538.jpg 600w, https:\/\/thietbitmg.com\/demo\/banthogo\/wp-content\/uploads\/2020\/09\/den-tho-go-huong-dt801-2-768x689.jpg 768w, https:\/\/thietbitmg.com\/demo\/banthogo\/wp-content\/uploads\/2020\/09\/den-tho-go-huong-dt801-2.jpg 786w\" sizes=\"(max-width: 446px) 100vw, 446px\" \/>  \t\t\t\t\t\t\t  \t\t\t\t\t\t\t  \t\t\t\t\t\t<\/div>\n  \t\t\t\t\t\t  \t\t\t\t\t<\/div>\n          \t\t\t\t\t<div class=\"box-text text-center\" >\n\t\t\t\t\t<div class=\"box-text-inner blog-post-inner\">\n\n\t\t\t\t\t\n\t\t\t\t\t\t\t\t\t\t<h5 class=\"post-title is-large \">C\u00f3 n\u00ean lau ch\u00f9i b\u00e0n th\u1edd th\u01b0\u1eddng xuy\u00ean? 8 b\u01b0\u1edbc v\u1ec7 sinh b\u00e0n th\u1edd<\/h5>\n\t\t\t\t\t\t\t\t\t\t<div class=\"is-divider\"><\/div>\n\t\t\t\t\t\t\t\t\t\t<p class=\"from_the_blog_excerpt \">V\u1ec7 sinh,\u00a0lau d\u1ecdn b\u00e0n th\u1edd\u00a0l\u00e0 m\u1ed9t trong nh\u1eefng vi\u1ec7c l\u00e0m kh\u00f4ng th\u1ec3 thi\u1ebfu \u1edf m\u1ed7i....\t\t\t\t\t<\/p>\n\t\t\t\t\t                    \n\t\t\t\t\t\n\t\t\t\t\t\n\t\t\t\t\t<\/div>\n\t\t\t\t\t<\/div>\n\t\t\t\t\t\t\t\t\t\t\t\t\t\t\t\t<div class=\"badge absolute top post-date badge-circle-inside\">\n\t\t\t\t\t\t\t<div class=\"badge-inner\">\n\t\t\t\t\t\t\t\t<span class=\"post-date-day\">15<\/span><br>\n\t\t\t\t\t\t\t\t<span class=\"post-date-month is-xsmall\">Th9<\/span>\n\t\t\t\t\t\t\t<\/div>\n\t\t\t\t\t\t<\/div>\n\t\t\t\t\t\t\t\t\t<\/div>\n\t\t\t\t<\/a>\n\t\t\t<\/div>\n\t\t<\/div><\/div>\n\t\t<\/div>\n\t\t\t\t\t<\/div>\n\n\t\n\n\t<div id=\"col-284880887\" class=\"col medium-3 small-12 large-3\"  >\n\t\t\t\t<div class=\"col-inner\"  >\n\t\t\t\n\t\t\t\n<div class=\"row\"  id=\"row-874777001\">\n\n\t<div id=\"col-1119682752\" class=\"col small-12 large-12\"  >\n\t\t\t\t<div class=\"col-inner\"  >\n\t\t\t\n\t\t\t\n<div class=\"container section-title-container\" ><h4 class=\"section-title section-title-normal\"><b><\/b><span class=\"section-title-main\" >TIN T\u1ee8C M\u1edaI NH\u1ea4T<\/span><b><\/b><\/h4><\/div>\n\n  \n    <div class=\"row large-columns-1 medium-columns-1 small-columns-1 slider row-slider slider-nav-reveal slider-nav-push\"  data-flickity-options='{\"imagesLoaded\": true, \"groupCells\": \"100%\", \"dragThreshold\" : 5, \"cellAlign\": \"left\",\"wrapAround\": true,\"prevNextButtons\": true,\"percentPosition\": true,\"pageDots\": false, \"rightToLeft\": false, \"autoPlay\" : false}'>\n\n  <div class=\"col post-item\" >\n\t\t\t<div class=\"col-inner\">\n\t\t\t<a href=\"https:\/\/thietbitmg.com\/demo\/banthogo\/2020\/09\/15\/thu-tuc-thay-ban-tho-moi-chuan-chi-tiet-can-nam-ro\/\" class=\"plain\">\n\t\t\t\t<div class=\"box box-normal box-text-bottom box-blog-post has-hover\">\n            \t\t\t\t\t<div class=\"box-image\" >\n  \t\t\t\t\t\t<div class=\"image-cover\" style=\"padding-top:56.25%;\">\n  \t\t\t\t\t\t\t<img width=\"533\" height=\"400\" src=\"https:\/\/thietbitmg.com\/demo\/banthogo\/wp-content\/uploads\/2020\/09\/bo-ban-tho-gia-tien-dep-btd303-3-533x400.jpg\" class=\"attachment-medium size-medium wp-post-image\" alt=\"\" loading=\"lazy\" srcset=\"https:\/\/thietbitmg.com\/demo\/banthogo\/wp-content\/uploads\/2020\/09\/bo-ban-tho-gia-tien-dep-btd303-3-533x400.jpg 533w, https:\/\/thietbitmg.com\/demo\/banthogo\/wp-content\/uploads\/2020\/09\/bo-ban-tho-gia-tien-dep-btd303-3-768x576.jpg 768w, https:\/\/thietbitmg.com\/demo\/banthogo\/wp-content\/uploads\/2020\/09\/bo-ban-tho-gia-tien-dep-btd303-3-600x450.jpg 600w, https:\/\/thietbitmg.com\/demo\/banthogo\/wp-content\/uploads\/2020\/09\/bo-ban-tho-gia-tien-dep-btd303-3.jpg 960w\" sizes=\"(max-width: 533px) 100vw, 533px\" \/>  \t\t\t\t\t\t\t  \t\t\t\t\t\t\t  \t\t\t\t\t\t<\/div>\n  \t\t\t\t\t\t  \t\t\t\t\t<\/div>\n          \t\t\t\t\t<div class=\"box-text text-center\" >\n\t\t\t\t\t<div class=\"box-text-inner blog-post-inner\">\n\n\t\t\t\t\t\n\t\t\t\t\t\t\t\t\t\t<h5 class=\"post-title is-large \">Th\u1ee7 t\u1ee5c thay b\u00e0n th\u1edd m\u1edbi chu\u1ea9n, chi ti\u1ebft, c\u1ea7n n\u1eafm r\u00f5<\/h5>\n\t\t\t\t\t\t\t\t\t\t<div class=\"is-divider\"><\/div>\n\t\t\t\t\t\t\t\t\t\t<p class=\"from_the_blog_excerpt \">Th\u1ee7 t\u1ee5c thay b\u00e0n th\u1edd m\u1edbi\u00a0c\u1ea7n ti\u1ebfn h\u00e0nh ra sao l\u00e0 v\u1ea5n \u0111\u1ec1 m\u00e0 kh\u00f4ng....\t\t\t\t\t<\/p>\n\t\t\t\t\t                    \n\t\t\t\t\t\n\t\t\t\t\t\n\t\t\t\t\t<\/div>\n\t\t\t\t\t<\/div>\n\t\t\t\t\t\t\t\t\t\t\t\t\t\t\t\t<div class=\"badge absolute top post-date badge-circle-inside\">\n\t\t\t\t\t\t\t<div class=\"badge-inner\">\n\t\t\t\t\t\t\t\t<span class=\"post-date-day\">15<\/span><br>\n\t\t\t\t\t\t\t\t<span class=\"post-date-month is-xsmall\">Th9<\/span>\n\t\t\t\t\t\t\t<\/div>\n\t\t\t\t\t\t<\/div>\n\t\t\t\t\t\t\t\t\t<\/div>\n\t\t\t\t<\/a>\n\t\t\t<\/div>\n\t\t<\/div><div class=\"col post-item\" >\n\t\t\t<div class=\"col-inner\">\n\t\t\t<a href=\"https:\/\/thietbitmg.com\/demo\/banthogo\/2020\/09\/15\/co-nen-lau-chui-ban-tho-thuong-xuyen-8-buoc-ve-sinh-ban-tho\/\" class=\"plain\">\n\t\t\t\t<div class=\"box box-normal box-text-bottom box-blog-post has-hover\">\n            \t\t\t\t\t<div class=\"box-image\" >\n  \t\t\t\t\t\t<div class=\"image-cover\" style=\"padding-top:56.25%;\">\n  \t\t\t\t\t\t\t<img width=\"446\" height=\"400\" src=\"https:\/\/thietbitmg.com\/demo\/banthogo\/wp-content\/uploads\/2020\/09\/den-tho-go-huong-dt801-2-446x400.jpg\" class=\"attachment-medium size-medium wp-post-image\" alt=\"\" loading=\"lazy\" srcset=\"https:\/\/thietbitmg.com\/demo\/banthogo\/wp-content\/uploads\/2020\/09\/den-tho-go-huong-dt801-2-446x400.jpg 446w, https:\/\/thietbitmg.com\/demo\/banthogo\/wp-content\/uploads\/2020\/09\/den-tho-go-huong-dt801-2-600x538.jpg 600w, https:\/\/thietbitmg.com\/demo\/banthogo\/wp-content\/uploads\/2020\/09\/den-tho-go-huong-dt801-2-768x689.jpg 768w, https:\/\/thietbitmg.com\/demo\/banthogo\/wp-content\/uploads\/2020\/09\/den-tho-go-huong-dt801-2.jpg 786w\" sizes=\"(max-width: 446px) 100vw, 446px\" \/>  \t\t\t\t\t\t\t  \t\t\t\t\t\t\t  \t\t\t\t\t\t<\/div>\n  \t\t\t\t\t\t  \t\t\t\t\t<\/div>\n          \t\t\t\t\t<div class=\"box-text text-center\" >\n\t\t\t\t\t<div class=\"box-text-inner blog-post-inner\">\n\n\t\t\t\t\t\n\t\t\t\t\t\t\t\t\t\t<h5 class=\"post-title is-large \">C\u00f3 n\u00ean lau ch\u00f9i b\u00e0n th\u1edd th\u01b0\u1eddng xuy\u00ean? 8 b\u01b0\u1edbc v\u1ec7 sinh b\u00e0n th\u1edd<\/h5>\n\t\t\t\t\t\t\t\t\t\t<div class=\"is-divider\"><\/div>\n\t\t\t\t\t\t\t\t\t\t<p class=\"from_the_blog_excerpt \">V\u1ec7 sinh,\u00a0lau d\u1ecdn b\u00e0n th\u1edd\u00a0l\u00e0 m\u1ed9t trong nh\u1eefng vi\u1ec7c l\u00e0m kh\u00f4ng th\u1ec3 thi\u1ebfu \u1edf m\u1ed7i....\t\t\t\t\t<\/p>\n\t\t\t\t\t                    \n\t\t\t\t\t\n\t\t\t\t\t\n\t\t\t\t\t<\/div>\n\t\t\t\t\t<\/div>\n\t\t\t\t\t\t\t\t\t\t\t\t\t\t\t\t<div class=\"badge absolute top post-date badge-circle-inside\">\n\t\t\t\t\t\t\t<div class=\"badge-inner\">\n\t\t\t\t\t\t\t\t<span class=\"post-date-day\">15<\/span><br>\n\t\t\t\t\t\t\t\t<span class=\"post-date-month is-xsmall\">Th9<\/span>\n\t\t\t\t\t\t\t<\/div>\n\t\t\t\t\t\t<\/div>\n\t\t\t\t\t\t\t\t\t<\/div>\n\t\t\t\t<\/a>\n\t\t\t<\/div>\n\t\t<\/div><\/div>\n\t\t<\/div>\n\t\t\t\t\t<\/div>\n\n\t\n<\/div>\n\t\t<\/div>\n\t\t\t\t\t<\/div>\n\n\t\n<\/div>\n\t\t<\/div>\n\n\t\t\n<style>\n#section_1758222370 {\n  padding-top: 30px;\n  padding-bottom: 30px;\n}\n#section_1758222370 .ux-shape-divider--top svg {\n  height: 150px;\n  --divider-top-width: 100%;\n}\n#section_1758222370 .ux-shape-divider--bottom svg {\n  height: 150px;\n  --divider-width: 100%;\n}\n<\/style>\n\t<\/section>\n\t\n\t<section class=\"section\" id=\"section_875296304\">\n\t\t<div class=\"bg section-bg fill bg-fill  bg-loaded\" >\n\n\t\t\t\n\t\t\t\n\t\t\t\n\n\t\t<\/div>\n\n\t\t\n\n\t\t<div class=\"section-content relative\">\n\t\t\t\n\t<div id=\"gap-1252819409\" class=\"gap-element clearfix\" style=\"display:block; height:auto;\">\n\t\t\n<style>\n#gap-1252819409 {\n  padding-top: 30px;\n}\n<\/style>\n\t<\/div>\n\t\n<div class=\"row\"  id=\"row-2009214171\">\n\n\t<div id=\"col-698242548\" class=\"col medium-6 small-12 large-3 medium-col-first\"  >\n\t\t\t\t<div class=\"col-inner\"  >\n\t\t\t\n\t\t\t\n<h5 style=\"color: white;\">C\u00d4NG TY C\u1ed4 PH\u1ea6N D\u1ecaCH V\u1ee4 TH\u01af\u01a0NG M\u1ea0I GILLA8<\/h5>\n<p style=\"color: white;\"><span style=\"font-size: 90%;\">&#8211; \u0110\u1ecba ch\u1ec9: T\u1ea7ng 7, To\u00e0 Nh\u00e0 Bcons, 4A\/167A \u0110\u01b0\u1eddng D1, Ph\u01b0\u1eddng 25, Qu\u1eadn B\u00ecnh Th\u1ea1nh, TP.HCM<\/span><br \/><span style=\"font-size: 90%;\">Hotline: 18009413 <br \/>Email: artbox.corp@gmail.com<\/span><\/p>\n<div class=\"social-icons follow-icons\" style=\"font-size:70%\"><a href=\"#\" target=\"_blank\" data-label=\"Facebook\" rel=\"noopener noreferrer nofollow\" class=\"icon primary button circle facebook tooltip\" title=\"Follow on Facebook\" aria-label=\"Follow on Facebook\"><i class=\"icon-facebook\" ><\/i><\/a><a href=\"#\" target=\"_blank\" rel=\"noopener noreferrer nofollow\" data-label=\"Instagram\" class=\"icon primary button circle  instagram tooltip\" title=\"Follow on Instagram\" aria-label=\"Follow on Instagram\"><i class=\"icon-instagram\" ><\/i><\/a><a href=\"#\" target=\"_blank\" data-label=\"Twitter\" rel=\"noopener noreferrer nofollow\" class=\"icon primary button circle  twitter tooltip\" title=\"Follow on Twitter\" aria-label=\"Follow on Twitter\"><i class=\"icon-twitter\" ><\/i><\/a><a href=\"#\" target=\"_blank\" rel=\"noopener noreferrer nofollow\" data-label=\"LinkedIn\" class=\"icon primary button circle  linkedin tooltip\" title=\"Follow on LinkedIn\" aria-label=\"Follow on LinkedIn\"><i class=\"icon-linkedin\" ><\/i><\/a><\/div>\n\t\t<\/div>\n\t\t\t\t\t<\/div>\n\n\t\n\n\t<div id=\"col-1602863447\" class=\"col medium-12 small-12 large-5\"  >\n\t\t\t\t<div class=\"col-inner\"  >\n\t\t\t\n\t\t\t\n<div class=\"row row-small\"  id=\"row-1102722051\">\n\n\t<div id=\"col-1304395320\" class=\"col medium-6 small-12 large-6\"  >\n\t\t\t\t<div class=\"col-inner\"  >\n\t\t\t\n\t\t\t\n<h5 style=\"color: white;\">H\u1ed6 TR\u1ee2 KH\u00c1CH H\u00c0NG<\/h5>\n<ul>\n<li class=\"bullet-arrow\"><span style=\"font-size: 90%;\"><a style=\"color: white;\" href=\"#\">Ch\u00ednh s\u00e1ch b\u00e1n h\u00e0ng<\/a><\/span><\/li>\n<li class=\"bullet-arrow\"><span style=\"font-size: 90%;\"><a style=\"color: white;\" href=\"#\">Ch\u00ednh s\u00e1ch \u01b0u \u0111\u00e3i<\/a><\/span><\/li>\n<li class=\"bullet-arrow\"><span style=\"font-size: 90%;\"><a style=\"color: white;\" href=\"#\">Ch\u00ednh s\u00e1ch v\u1eadn chuy\u1ec3n<\/a><\/span><\/li>\n<li class=\"bullet-arrow\"><span style=\"font-size: 90%;\"><a style=\"color: white;\" href=\"#\">T\u01b0 v\u1ea5n kh\u00e1ch h\u00e0ng<\/a><\/span><\/li>\n<\/ul>\n\t\t<\/div>\n\t\t\t\t\t<\/div>\n\n\t\n\n\t<div id=\"col-1386530953\" class=\"col medium-6 small-12 large-6\"  >\n\t\t\t\t<div class=\"col-inner\"  >\n\t\t\t\n\t\t\t\n<h5 style=\"color:white\">\u0110I\u1ec2M TIN GILLA8<\/h5>\n<ul>\n<li class=\"bullet-arrow\"><span style=\"font-size: 90%;\"><a href=\"#\" style=\"color:white\">Gi\u1edbi thi\u1ec7u<\/a><\/span><\/li>\n<li class=\"bullet-arrow\"><span style=\"font-size: 90%;\"><a href=\"#\" style=\"color:white\">Tin t\u1ee9c m\u1edbi nh\u1ea5t<\/a><\/span><\/li>\n<li class=\"bullet-arrow\"><span style=\"font-size: 90%;\"><a href=\"#\" style=\"color:white\">S\u1ea3n ph\u1ea9m m\u1edbi<\/a><\/span><\/li>\n<li class=\"bullet-arrow\"><span style=\"font-size: 90%;\"><a href=\"#\" style=\"color:white\">\u0110\u00e1nh gi\u00e1 review<\/a><\/span><\/li>\n<\/ul>\n\t\t<\/div>\n\t\t\t\t\t<\/div>\n\n\t\n<\/div>\n\t\t<\/div>\n\t\t\t\t\t<\/div>\n\n\t\n\n\t<div id=\"col-1058490549\" class=\"col medium-6 small-12 large-4 medium-col-first\"  >\n\t\t\t\t<div class=\"col-inner\"  >\n\t\t\t\n\t\t\t\n<h5 style=\"color:white\">FANPAGE GILLA8<\/h5>\n<p><iframe src=\"https:\/\/www.facebook.com\/plugins\/page.php?href=https%3A%2F%2Fwww.facebook.com%2FGilla8vietnam&amp;tabs=timeline&amp;width=340&amp;height=500&amp;small_header=false&amp;adapt_container_width=true&amp;hide_cover=false&amp;show_facepile=true&amp;appId=714526239277039\" width=\"340\" height=\"200\" style=\"border:none;overflow:hidden\" scrolling=\"no\" frameborder=\"0\" allowtransparency=\"true\" allow=\"encrypted-media\"><\/iframe><\/p>\n\t\t<\/div>\n\t\t\t\t\t<\/div>\n\n\t\n<\/div>\n\t\t<\/div>\n\n\t\t\n<style>\n#section_875296304 {\n  padding-top: 0px;\n  padding-bottom: 0px;\n  background-color: rgb(125, 129, 122);\n}\n#section_875296304 .ux-shape-divider--top svg {\n  height: 150px;\n  --divider-top-width: 100%;\n}\n#section_875296304 .ux-shape-divider--bottom svg {\n  height: 150px;\n  --divider-width: 100%;\n}\n<\/style>\n\t<\/section>\n\t\n","protected":false},"excerpt":{"rendered":"","protected":false},"author":1,"featured_media":0,"parent":0,"menu_order":1,"comment_status":"closed","ping_status":"closed","template":"page-blank.php","meta":[],"_links":{"self":[{"href":"https:\/\/thietbitmg.com\/demo\/banthogo\/wp-json\/wp\/v2\/pages\/71"}],"collection":[{"href":"https:\/\/thietbitmg.com\/demo\/banthogo\/wp-json\/wp\/v2\/pages"}],"about":[{"href":"https:\/\/thietbitmg.com\/demo\/banthogo\/wp-json\/wp\/v2\/types\/page"}],"author":[{"embeddable":true,"href":"https:\/\/thietbitmg.com\/demo\/banthogo\/wp-json\/wp\/v2\/users\/1"}],"replies":[{"embeddable":true,"href":"https:\/\/thietbitmg.com\/demo\/banthogo\/wp-json\/wp\/v2\/comments?post=71"}],"version-history":[{"count":1,"href":"https:\/\/thietbitmg.com\/demo\/banthogo\/wp-json\/wp\/v2\/pages\/71\/revisions"}],"predecessor-version":[{"id":2582,"href":"https:\/\/thietbitmg.com\/demo\/banthogo\/wp-json\/wp\/v2\/pages\/71\/revisions\/2582"}],"wp:attachment":[{"href":"https:\/\/thietbitmg.com\/demo\/banthogo\/wp-json\/wp\/v2\/media?parent=71"}],"curies":[{"name":"wp","href":"https:\/\/api.w.org\/{rel}","templated":true}]}}