{"id":1095,"date":"2020-09-19T04:06:24","date_gmt":"2020-09-19T04:06:24","guid":{"rendered":"http:\/\/chuongdesigner.name.vn\/noithat\/?post_type=product&#038;p=1095"},"modified":"2021-08-04T09:13:52","modified_gmt":"2021-08-04T09:13:52","slug":"mau-ban-tho-don-gian-btg1055","status":"publish","type":"product","link":"https:\/\/thietbitmg.com\/demo\/banthogo\/mau-ban-tho-don-gian-btg1055\/","title":{"rendered":"M\u1eabu b\u00e0n th\u1edd \u0111\u01a1n gi\u1ea3n BTG1055"},"content":{"rendered":"<p>T\u00f9y theo s\u1edf th\u00edch v\u00e0 phong c\u00e1ch ph\u00f2ng th\u1edd, nhi\u1ec1u ng\u01b0\u1eddi th\u01b0\u1eddng s\u1eed d\u1ee5ng c\u00e1c m\u1eabu\u00a0<em><strong><a href=\"https:\/\/banthogo.vn\/\">b\u00e0n th\u1edd<\/a><\/strong><\/em>\u00a0\u0111\u01a1n gi\u1ea3n \u0111\u1ec3 th\u1edd c\u00fang \u00f4ng b\u00e0 t\u1ed5 ti\u00ean. \u0110i\u1ec1u n\u00e0y th\u01b0\u1eddng \u0111\u01b0\u1ee3c s\u1ef1 h\u01b0\u1edfng \u1ee9ng nhi\u1ec7t t\u00ecnh c\u1ee7a m\u1ecdi th\u00e0nh vi\u00ean trong gia \u0111\u00ecnh b\u1edfi c\u00e1i g\u00ec c\u00e0ng \u0111\u01a1n gi\u1ea3n c\u00e0ng \u0111\u1eb9p. Gi\u1edbi thi\u1ec7u t\u1edbi c\u00e1c b\u1ea1n\u00a0<em><strong>M\u1eabu b\u00e0n th\u1edd \u0111\u01a1n gi\u1ea3n BTG1055<\/strong><\/em>\u00a0\u0111\u1eb9p, b\u1ec1n nh\u1ea5t t\u1ea1i c\u1eeda h\u00e0ng ch\u00fang t\u00f4i.<\/p>\n<figure id=\"attachment_3350\" class=\"wp-caption aligncenter\" aria-describedby=\"caption-attachment-3350\"><img loading=\"lazy\" class=\"wp-image-3350 size-full\" title=\"M\u1eabu b\u00e0n th\u1edd \u0111\u01a1n gi\u1ea3n BTG1055 2\" src=\"https:\/\/banthogo.vn\/wp-content\/uploads\/2020\/05\/mau-ban-tho-dep-01.jpg\" sizes=\"(max-width: 564px) 100vw, 564px\" srcset=\"https:\/\/banthogo.vn\/wp-content\/uploads\/2020\/05\/mau-ban-tho-dep-01.jpg 564w, https:\/\/banthogo.vn\/wp-content\/uploads\/2020\/05\/mau-ban-tho-dep-01-510x680.jpg 510w, https:\/\/banthogo.vn\/wp-content\/uploads\/2020\/05\/mau-ban-tho-dep-01-113x150.jpg 113w, https:\/\/banthogo.vn\/wp-content\/uploads\/2020\/05\/mau-ban-tho-dep-01-225x300.jpg 225w\" alt=\"M\u1eabu b\u00e0n th\u1edd \u0111\u01a1n gi\u1ea3n BTG1055\" width=\"564\" height=\"752\" \/><figcaption id=\"caption-attachment-3350\" class=\"wp-caption-text\">M\u1eabu b\u00e0n th\u1edd \u0111\u01a1n gi\u1ea3n BTG1055<\/figcaption><\/figure>\n<p>\u0110\u00fang nh\u01b0 t\u00ean g\u1ecdi\u00a0<em><strong><a href=\"https:\/\/banthogo.vn\/ban-tho-don-gian\">m\u1eabu b\u00e0n th\u1edd \u0111\u01a1n gi\u1ea3n<\/a><\/strong><\/em>, BTG1055 ch\u1ec9 g\u1ed3m 2 chi ti\u1ebft b\u00e0n th\u1edd ch\u00ednh c\u00f3 4 ch\u00e2n cao thanh tho\u00e1t, m\u1eb7t ph\u1eb3ng. B\u00e0n th\u1edd ph\u1ee5 c\u00f3 chi\u1ec1u cao v\u1eeba ph\u1ea3i n\u1eb1m v\u1eeba d\u01b0\u1edbi b\u00e0n th\u1edd ch\u00ednh ti\u1ebft ki\u1ec7m di\u1ec7n t\u00edch.<\/p>\n<p>S\u1ef1 \u0111\u01a1n gi\u1ea3n \u0111\u01b0\u1ee3c \u0111i\u1ec3m th\u00eam c\u00e1c chi ti\u1ebft nh\u01b0 b\u00f4ng hoa sen th\u1ec3 hi\u1ec7n s\u1ef1 thanh t\u1ecbnh, t\u00e2m h\u01b0\u1edbng thi\u1ec7n v\u00e0 l\u00f2ng th\u00e0nh k\u00ednh c\u1ee7a gia ch\u1ee7 t\u1eeb \u0111\u00f3 mang \u0111\u1ebfn may m\u1eafn cho gia \u0111\u00ecnh.<\/p>\n<p><em><strong>M\u1eabu b\u00e0n th\u1edd \u0111\u01a1n gi\u1ea3n BTG1055<\/strong><\/em>\u00a0\u0111\u01b0\u1ee3c gia c\u00f4ng v\u1edbi c\u00e1c k\u00edch th\u01b0\u1edbc chu\u1ea9n phong th\u1ee7y nh\u01b0 61\u00d789, 61\u00d7107, 61\u00d7127, 67\u00d7153 t\u00f9y v\u00e0o kh\u00f4ng gian gia \u0111\u00ecnh c\u00f3 th\u1ec3 l\u1ef1a ch\u1ecdn ph\u00f9 h\u1ee3p.<\/p>\n<p><em><strong>B\u00e0n th\u1edd g\u1ed7 T\u00e2m Ph\u00e1t<\/strong><\/em>\u00a0lu\u00f4n \u0111a d\u1ea1ng v\u1ec1 m\u1eabu m\u00e3, m\u00e0u s\u1eafc, k\u00edch th\u01b0\u1edbc v\u00e0 lo\u1ea1i g\u1ed7, n\u00ean kh\u00e1ch h\u00e0ng c\u00f3 r\u1ea5t nhi\u1ec1u s\u1ef1 l\u1ef1a ch\u1ecdn kh\u00e1c nhau cho kh\u00f4ng gian th\u1edd t\u1ef1 c\u1ee7a gia \u0111\u00ecnh m\u00ecnh.<\/p>\n<p>M\u1eabu b\u00e0n th\u1edd \u0111\u01a1n gi\u1ea3n nh\u01b0ng kh\u00f4ng c\u00f3 ngh\u0129a l\u00e0 \u0111\u01a1n \u0111i\u1ec7u b\u1edfi s\u1ef1 k\u1ebft h\u1ee3p gi\u1eefa hi\u1ec7n \u0111\u1ea1i v\u00e0 truy\u1ec1n th\u1ed1ng.<strong>\u00a0<em>M\u1eabu b\u00e0n th\u1edd \u0111\u01a1n gi\u1ea3n BTG1055<\/em><\/strong>\u00a0\u0111\u01b0\u1ee3c \u01b0a chu\u1ed9ng. N\u1ebfu b\u1ea1n c\u1ea7n t\u00ecm cho m\u00ecnh m\u1eabu\u00a0<em><strong><a href=\"https:\/\/banthogo.vn\/ban-tho-chung-cu\">b\u00e0n th\u1edd chung c\u01b0<\/a><\/strong><\/em>\u00a0\u0111\u01a1n gi\u1ea3n, \u0111\u1eb9p th\u00ec \u0111\u00e2y s\u1ebd l\u00e0 s\u1ea3n ph\u1ea9m th\u00edch h\u1ee3p nh\u1ea5t d\u00e0nh cho b\u1ea1n.<\/p>\n<p>Li\u00ean h\u1ec7 ngay t\u1edbi Hotline 1900.888.664 \u0111\u1ec3 \u0111\u01b0\u1ee3c t\u01b0 v\u1ea5n \u0111\u1eb7t mua nhanh ch\u00f3ng nh\u1ea5t. To\u00e0n b\u1ed9 s\u1ea3n ph\u1ea9m t\u1ea1i c\u1eeda h\u00e0ng B\u00e0n th\u1edd g\u1ed7 T\u00e2m Ph\u00e1t \u0111\u01b0\u1ee3c b\u1ea3o h\u00e0nh \u00edt nh\u1ea5t 5 n\u0103m kh\u00f4ng h\u01b0 h\u1ecfng, m\u1ed1i m\u1ecdt, g\u00e3y d\u1eadp\u2026<\/p>\n<p>Tham kh\u1ea3o th\u00eam m\u1ed9t s\u1ed1 s\u1ea3n ph\u1ea9m\u00a0<strong>B\u00e0n th\u1edd g\u1ed7<\/strong>\u00a0thi\u1ebft k\u1ebf \u0111\u01a1n gi\u1ea3n kh\u00e1c:<\/p>\n","protected":false},"excerpt":{"rendered":"<ul>\n<li><strong>Gi\u00e1 b\u00e1n:<\/strong>\u00a0Tu\u1ef3 thu\u1ed9c k\u00edch th\u01b0\u1edbc v\u00e0 ch\u1ea5t li\u1ec7u g\u1ed7<\/li>\n<li><strong>K\u00edch th\u01b0\u1edbc:<\/strong>\u00a061\u00d789, 61\u00d7107, 61\u00d7127, 67\u00d7153<\/li>\n<li>(M\u1ecdi k\u00edch th\u01b0\u1edbc kh\u00e1c xin li\u00ean h\u1ec7)<\/li>\n<li><strong>Ch\u1ea5t li\u1ec7u:\u00a0<\/strong>G\u1ed7 S\u1ed3i, g\u1ed7 G\u1ee5, g\u1ed7 G\u00f5, g\u1ed7 H\u01b0\u01a1ng, g\u1ed7 M\u00edt<\/li>\n<li><strong>M\u00e0u s\u1eafc:<\/strong>\u00a0Tu\u1ef3 ch\u1ecdn<\/li>\n<li><strong>B\u1ea3o h\u00e0nh:<\/strong>\u00a05 n\u0103m<\/li>\n<\/ul>\n","protected":false},"featured_media":2017,"comment_status":"open","ping_status":"closed","template":"","meta":[],"_links":{"self":[{"href":"https:\/\/thietbitmg.com\/demo\/banthogo\/wp-json\/wp\/v2\/product\/1095"}],"collection":[{"href":"https:\/\/thietbitmg.com\/demo\/banthogo\/wp-json\/wp\/v2\/product"}],"about":[{"href":"https:\/\/thietbitmg.com\/demo\/banthogo\/wp-json\/wp\/v2\/types\/product"}],"replies":[{"embeddable":true,"href":"https:\/\/thietbitmg.com\/demo\/banthogo\/wp-json\/wp\/v2\/comments?post=1095"}],"wp:featuredmedia":[{"embeddable":true,"href":"https:\/\/thietbitmg.com\/demo\/banthogo\/wp-json\/wp\/v2\/media\/2017"}],"wp:attachment":[{"href":"https:\/\/thietbitmg.com\/demo\/banthogo\/wp-json\/wp\/v2\/media?parent=1095"}],"curies":[{"name":"wp","href":"https:\/\/api.w.org\/{rel}","templated":true}]}}