{"id":1240,"date":"2020-09-19T10:25:26","date_gmt":"2020-09-19T10:25:26","guid":{"rendered":"http:\/\/chuongdesigner.name.vn\/noithat\/?post_type=product&#038;p=1240"},"modified":"2021-08-04T08:47:17","modified_gmt":"2021-08-04T08:47:17","slug":"ban-tho-treo-tuong-dep-btg2029","status":"publish","type":"product","link":"https:\/\/thietbitmg.com\/demo\/banthogo\/ban-tho-treo-tuong-dep-btg2029\/","title":{"rendered":"B\u00e0n Th\u1edd Treo T\u01b0\u1eddng \u0111\u1eb9p BTG2029"},"content":{"rendered":"<p><em><strong>B\u00e0n th\u1edd treo t\u01b0\u1eddng BTG2029<\/strong><\/em>\u00a0cho nh\u00e0 chung c\u01b0 c\u00f3 ki\u1ec3u d\u00e1ng hi\u1ec7n \u0111\u1ea1i nh\u01b0ng v\u1eabn gi\u1eef l\u1ea1i m\u1ed9t s\u1ed1 hoa v\u0103n, h\u1ecda ti\u1ebft c\u1ed5 truy\u1ec1n th\u1ed1ng \u0111\u1ec3 th\u1ec3 hi\u1ec7n \u0111\u00fang v\u1edbi kh\u00f4ng gian t\u00e2m linh, gi\u00fap cho kh\u00f4ng gian tr\u1edf n\u00ean kh\u00f4ng nh\u1eefng trang tr\u1ecdng m\u00e0 c\u00f2n g\u1ea7n g\u0169i h\u01a1n \u0111\u1ed1i v\u1edbi c\u00e1c th\u00e0nh vi\u00ean trong gia \u0111\u00ecnh.<\/p>\n<figure id=\"attachment_6511\" class=\"wp-caption aligncenter\" aria-describedby=\"caption-attachment-6511\"><img loading=\"lazy\" class=\"wp-image-6511 size-full\" title=\"B\u00e0n Th\u1edd Treo T\u01b0\u1eddng BTG2029 - \u1ea2nh 1\" src=\"https:\/\/banthogo.vn\/wp-content\/uploads\/2021\/05\/ban-tho-go-tam-phat-20.jpg\" sizes=\"(max-width: 650px) 100vw, 650px\" srcset=\"https:\/\/banthogo.vn\/wp-content\/uploads\/2021\/05\/ban-tho-go-tam-phat-20.jpg 650w, https:\/\/banthogo.vn\/wp-content\/uploads\/2021\/05\/ban-tho-go-tam-phat-20-247x247.jpg 247w, https:\/\/banthogo.vn\/wp-content\/uploads\/2021\/05\/ban-tho-go-tam-phat-20-100x100.jpg 100w, https:\/\/banthogo.vn\/wp-content\/uploads\/2021\/05\/ban-tho-go-tam-phat-20-510x510.jpg 510w, https:\/\/banthogo.vn\/wp-content\/uploads\/2021\/05\/ban-tho-go-tam-phat-20-150x150.jpg 150w, https:\/\/banthogo.vn\/wp-content\/uploads\/2021\/05\/ban-tho-go-tam-phat-20-300x300.jpg 300w\" alt=\"BTG2029 mang m\u00e0u s\u00e1ng s\u1ed3i hi\u1ec7n \u0111\u1ea1i \" width=\"650\" height=\"650\" \/><figcaption id=\"caption-attachment-6511\" class=\"wp-caption-text\">BTG2029 mang m\u00e0u s\u00e1ng s\u1ed3i hi\u1ec7n \u0111\u1ea1i<\/figcaption><\/figure>\n<h2><span id=\"Mau-ban-tho-treo-tuong-BTG2029-hop-phong-thuy-tai-loc\"><strong>M\u1eabu b\u00e0n th\u1edd treo t\u01b0\u1eddng BTG2029 h\u1ee3p phong th\u1ee7y, t\u00e0i l\u1ed9c<\/strong><\/span><\/h2>\n<h3><span id=\"Ve-mau-ma-mau-sac\"><strong>V\u1ec1 m\u1eabu m\u00e3, m\u00e0u s\u1eafc<\/strong><\/span><\/h3>\n<p>Thi\u1ebft k\u1ebf tinh t\u1ebf, nh\u1ecf g\u1ecdn c\u1ee7a\u00a0<em><strong><a href=\"https:\/\/banthogo.vn\/ban-tho-treo-tuong\">b\u00e0n th\u1edd treo t\u01b0\u1eddng<\/a><\/strong><\/em>\u00a0BTG2029 gi\u00fap ti\u1ebft ki\u1ec7m t\u1ed1i \u0111a di\u1ec7n t\u00edch kh\u00f4ng gian nh\u00e0 nh\u01b0ng v\u1eabn gi\u1eef \u0111\u01b0\u1ee3c s\u1ef1 linh thi\u00eang c\u1ea7n c\u00f3.<\/p>\n<figure id=\"attachment_6574\" class=\"wp-caption aligncenter\" aria-describedby=\"caption-attachment-6574\"><img loading=\"lazy\" class=\"size-full wp-image-6574\" title=\"B\u00e0n Th\u1edd Treo T\u01b0\u1eddng BTG2029 9\" src=\"https:\/\/banthogo.vn\/wp-content\/uploads\/2021\/05\/ban-tho-go-tam-phat-28-1.jpg\" sizes=\"(max-width: 650px) 100vw, 650px\" srcset=\"https:\/\/banthogo.vn\/wp-content\/uploads\/2021\/05\/ban-tho-go-tam-phat-28-1.jpg 650w, https:\/\/banthogo.vn\/wp-content\/uploads\/2021\/05\/ban-tho-go-tam-phat-28-1-510x588.jpg 510w, https:\/\/banthogo.vn\/wp-content\/uploads\/2021\/05\/ban-tho-go-tam-phat-28-1-130x150.jpg 130w, https:\/\/banthogo.vn\/wp-content\/uploads\/2021\/05\/ban-tho-go-tam-phat-28-1-260x300.jpg 260w\" alt=\"B\u00e0n th\u1edd treo t\u01b0\u1eddng nh\u1ecf nh\u01b0ng \u0111\u1ea7y \u0111\u1ee7 ti\u1ec7n d\u1ee5ng\" width=\"650\" height=\"750\" \/><figcaption id=\"caption-attachment-6574\" class=\"wp-caption-text\">B\u00e0n th\u1edd treo t\u01b0\u1eddng nh\u1ecf nh\u01b0ng \u0111\u1ea7y \u0111\u1ee7 ti\u1ec7n d\u1ee5ng<\/figcaption><\/figure>\n<p><strong>M\u1eabu b\u00e0n th\u1edd treo t\u01b0\u1eddng<\/strong>\u00a0n\u00e0y \u0111\u01b0\u1ee3c thi\u1ebft k\u1ebf v\u1edbi ph\u1ea7n m\u1eb7t b\u00e0n th\u1edd ph\u1eb3ng, d\u00e1ng cu\u1ed1n th\u01b0 c\u00e1ch \u0111i\u1ec7u hai b\u00ean mang l\u1ea1i s\u1ef1 h\u00e0i h\u00f2a, m\u1ec1m m\u1ea1i. Ph\u1ea7n ch\u00e2n ch\u1ed3ng h\u00ecnh thang t\u1ea1o n\u00ean s\u1ef1 ch\u1eafc ch\u1eafn cho b\u00e0n th\u1edd. Ngo\u00e0i ra\u00a0<em><strong>m\u1eabu b\u00e0n th\u1edd treo t\u01b0\u1eddng BTG2029<\/strong><\/em>\u00a0\u0111\u01b0\u1ee3c thi\u1ebft k\u1ebf th\u00eam ph\u1ea7n gi\u00e1 \u0111\u1ee1 nh\u1ecf b\u00ean d\u01b0\u1edbi \u0111\u1ec3 c\u00e1c \u0111\u1ed3 th\u1edd c\u00fang nh\u01b0 h\u01b0\u01a1ng, ti\u1ec1n v\u00e0ng\u2026<\/p>\n<figure id=\"attachment_2965\" class=\"wp-caption aligncenter\" aria-describedby=\"caption-attachment-2965\"><img loading=\"lazy\" class=\"wp-image-2965 size-full\" title=\"B\u00e0n Th\u1edd Treo T\u01b0\u1eddng BTG2029 - \u1ea2nh 2\" src=\"https:\/\/banthogo.vn\/wp-content\/uploads\/2020\/04\/ban-tho-treo-tuong-btg2029-02-e1587110996801.jpg\" sizes=\"(max-width: 600px) 100vw, 600px\" srcset=\"https:\/\/banthogo.vn\/wp-content\/uploads\/2020\/04\/ban-tho-treo-tuong-btg2029-02-e1587110996801.jpg 600w, https:\/\/banthogo.vn\/wp-content\/uploads\/2020\/04\/ban-tho-treo-tuong-btg2029-02-e1587110996801-247x247.jpg 247w, https:\/\/banthogo.vn\/wp-content\/uploads\/2020\/04\/ban-tho-treo-tuong-btg2029-02-e1587110996801-100x100.jpg 100w, https:\/\/banthogo.vn\/wp-content\/uploads\/2020\/04\/ban-tho-treo-tuong-btg2029-02-e1587110996801-510x510.jpg 510w\" alt=\"B\u00e0n Th\u1edd Treo T\u01b0\u1eddng BTG2029 - \u1ea2nh 2\" width=\"600\" height=\"600\" \/><figcaption id=\"caption-attachment-2965\" class=\"wp-caption-text\">M\u1eabu b\u00e0n th\u1edd n\u00e0y \u0111\u01b0\u1ee3c thi\u1ebft k\u1ebf chu\u1ea9n phong th\u1ee7y, t\u00e0i l\u1ed9c<\/figcaption><\/figure>\n<p>M\u00e0u s\u1eafc ch\u1ee7 \u0111\u1ea1o c\u1ee7a m\u1eabu b\u00e0n th\u1edd n\u00e0y l\u00e0 m\u00e0u \u00f3c ch\u00f3 v\u00e0 m\u00e0u g\u1ed7 s\u1ed3i v\u00e0ng nh\u1ea1t t\u1ef1 nhi\u00ean. R\u1ea5t ph\u00f9 h\u1ee3p \u0111\u1ed1i v\u1edbi c\u00e1c s\u1ea3n ph\u1ea9m \u0111\u1ed3 th\u1edd v\u00e0 c\u00f3 \u00fd ngh\u0129a v\u1ec1 m\u1eb7t t\u00e2m linh. Kh\u00e1ch h\u00e0ng c\u0169ng c\u00f3 th\u1ec3 l\u1ef1a ch\u1ecdn nh\u1eefng m\u00e0u s\u01a1n kh\u00e1c ph\u00f9 h\u1ee3p v\u1edbi t\u00e2m linh gia \u0111\u00ecnh.<\/p>\n<h3><span id=\"Ve-kich-thuoc-chat-lieu\"><strong>V\u1ec1 k\u00edch th\u01b0\u1edbc, ch\u1ea5t li\u1ec7u<\/strong><\/span><\/h3>\n<p><em><strong>B\u00e0n th\u1edd treo t\u01b0\u1eddng BTG2029<\/strong><\/em>\u00a0c\u00f3 r\u1ea5t nhi\u1ec1u k\u00edch th\u01b0\u1edbc mang \u00fd ngh\u0129a kh\u00e1c nhau \u0111\u1ec3 kh\u00e1ch h\u00e0ng ch\u1ecdn l\u1ef1a t\u00f9y thu\u1ed9c v\u00e0o di\u1ec7n t\u00edch nh\u00e0 m\u00ecnh:<\/p>\n<ul>\n<li>B\u00e0n th\u1edd treo t\u01b0\u1eddng S\u00e2u 480 mm (H\u1ef7 S\u1ef1) x R\u1ed9ng 810 mm (T\u00e0i V\u01b0\u1ee3ng): Ph\u00f9 h\u1ee3p v\u1edbi nh\u1eefng kh\u00f4ng gian th\u1edd c\u00fang nh\u1ecf v\u00e0 \u0111\u01b0\u1ee3c thi\u1ebft k\u1ebf \u0111\u1ec3 c\u00f3 th\u1ec3 \u0111\u1eb7t 1 b\u00e1t h\u01b0\u01a1ng, m\u1ed9t s\u1ed1 \u0111\u1ed3 l\u1ec5 \u0111i k\u00e8m.<\/li>\n<li>B\u00e0n th\u1edd treo t\u01b0\u1eddng S\u00e2u 480 mm (H\u1ef7 s\u1ef1) x R\u1ed9ng 880 mm (Ti\u1ebfn B\u1ea3o): K\u00edch th\u01b0\u1edbc n\u00e0y r\u1ed9ng h\u01a1n m\u1ed9t ch\u00fat, ph\u00f9 h\u1ee3p h\u01a1n v\u1edbi c\u0103n h\u1ed9 c\u00f3 di\u1ec7n t\u00edch kho\u1ea3ng 15m2 \u2013 25m2.<\/li>\n<li>B\u00e0n th\u1edd treo t\u01b0\u1eddng S\u00e2u 495mm (T\u00e0i V\u01b0\u1ee3ng) x R\u1ed9ng 950 mm (T\u00e0i V\u01b0\u1ee3ng): Ph\u00f9 h\u1ee3p h\u1ee3p nh\u1ea5t cho kh\u00f4ng gian t\u1eeb 25 -27m2.<\/li>\n<li>B\u00e0n th\u1edd treo t\u01b0\u1eddng S\u00e2u 560 mm (T\u00e0i V\u01b0\u1ee3ng) x R\u1ed9ng 950 mm (T\u00e0i V\u01b0\u1ee3ng): Ph\u00f9 h\u1ee3p v\u1edbi nhi\u1ec1u thi\u1ebft k\u1ebf c\u0103n h\u1ed9 chung c\u01b0, di\u1ec7n t\u00edch kho\u1ea3ng 27m2 \u2013 32m2.<\/li>\n<li>B\u00e0n th\u1edd treo t\u01b0\u1eddng S\u00e2u 610 mm (T\u00e0i L\u1ed9c) x R\u1ed9ng 1070mm (Qu\u00fd T\u1eed): K\u00edch th\u01b0\u1edbc l\u1edbn, ph\u00f9 h\u1ee3p cho c\u00e1c gian th\u1edd t\u1eeb 32m2 tr\u1edf l\u00ean.<\/li>\n<\/ul>\n","protected":false},"excerpt":{"rendered":"<ul>\n<li><span style=\"color: #000000;\"><strong>Gi\u00e1 b\u00e1n:<\/strong>\u00a0Tu\u1ef3 thu\u1ed9c k\u00edch th\u01b0\u1edbc v\u00e0 ch\u1ea5t li\u1ec7u g\u1ed7<\/span><\/li>\n<li><span style=\"color: #000000;\"><strong>KT(S\u00e2u x Ngang):<\/strong>\u00a041\u00d761, 48\u00d769, 48\u00d781, 48\u00d789, 61\u00d7107<\/span><\/li>\n<li><span style=\"color: #000000;\">(M\u1ecdi k\u00edch th\u01b0\u1edbc kh\u00e1c xin li\u00ean h\u1ec7)<\/span><\/li>\n<li><span style=\"color: #000000;\"><strong>Ch\u1ea5t li\u1ec7u:<\/strong>\u00a0G\u1ed7 S\u1ed3i, g\u1ed7 G\u1ee5, g\u1ed7 G\u00f5, g\u1ed7 H\u01b0\u01a1ng, g\u1ed7 M\u00edt<\/span><\/li>\n<li><span style=\"color: #000000;\"><strong>M\u00e0u s\u1eafc:<\/strong>\u00a0Tu\u1ef3 ch\u1ecdn<\/span><\/li>\n<li><span style=\"color: #000000;\"><strong>B\u1ea3o h\u00e0nh:<\/strong>\u00a05 n\u0103m<\/span><\/li>\n<li><span style=\"color: #000000;\">V\u1eadn chuy\u1ec3n mi\u1ec5n ph\u00ed to\u00e0n qu\u1ed1c<\/span><\/li>\n<li><span style=\"color: #000000;\"><strong>L\u1eafp \u0111\u1eb7t mi\u1ec5n ph\u00ed<\/strong>\u00a0t\u1ea1i\u00a0<strong>H\u00e0 N\u1ed9i, TP.HCM v\u00e0 \u0110\u00e0 N\u1eb5ng<\/strong><\/span><\/li>\n<\/ul>\n","protected":false},"featured_media":1989,"comment_status":"open","ping_status":"closed","template":"","meta":[],"_links":{"self":[{"href":"https:\/\/thietbitmg.com\/demo\/banthogo\/wp-json\/wp\/v2\/product\/1240"}],"collection":[{"href":"https:\/\/thietbitmg.com\/demo\/banthogo\/wp-json\/wp\/v2\/product"}],"about":[{"href":"https:\/\/thietbitmg.com\/demo\/banthogo\/wp-json\/wp\/v2\/types\/product"}],"replies":[{"embeddable":true,"href":"https:\/\/thietbitmg.com\/demo\/banthogo\/wp-json\/wp\/v2\/comments?post=1240"}],"wp:featuredmedia":[{"embeddable":true,"href":"https:\/\/thietbitmg.com\/demo\/banthogo\/wp-json\/wp\/v2\/media\/1989"}],"wp:attachment":[{"href":"https:\/\/thietbitmg.com\/demo\/banthogo\/wp-json\/wp\/v2\/media?parent=1240"}],"curies":[{"name":"wp","href":"https:\/\/api.w.org\/{rel}","templated":true}]}}