{"id":1422,"date":"2020-09-24T02:10:18","date_gmt":"2020-09-24T02:10:18","guid":{"rendered":"http:\/\/chuongdesigner.name.vn\/noithat\/?post_type=product&#038;p=1422"},"modified":"2021-08-04T08:17:43","modified_gmt":"2021-08-04T08:17:43","slug":"ban-tho-treo-tuong-gia-re-btg2016","status":"publish","type":"product","link":"https:\/\/thietbitmg.com\/demo\/banthogo\/ban-tho-treo-tuong-gia-re-btg2016\/","title":{"rendered":"B\u00e0n Th\u1edd Treo T\u01b0\u1eddng Gi\u00e1 R\u1ebb BTG2016"},"content":{"rendered":"<p><span style=\"color: #000000;\">Khi tham kh\u1ea3o mua b\u1ea5t c\u1ee9 s\u1ea3n ph\u1ea9m g\u00ec th\u00ec gi\u00e1 c\u1ea3 l\u00e0 y\u1ebfu t\u1ed1 \u0111\u01b0\u1ee3c r\u1ea5t nhi\u1ec1u kh\u00e1ch h\u00e0ng quan t\u00e2m \u0111\u1ea7u ti\u00ean, \u0111\u1ed1i v\u1edbi s\u1ea3n ph\u1ea9m\u00a0<em><strong>b\u00e0n th\u1edd treo t\u01b0\u1eddng<\/strong><\/em>\u00a0c\u0169ng v\u1eady. Kh\u00f4ng nhi\u1ec1u n\u01a1i cung c\u1ea5p nh\u1eefng m\u1eabu\u00a0<a style=\"color: #000000;\" href=\"https:\/\/banthogo.vn\/ban-tho-treo-tuong\"><em><strong>b\u00e0n th\u1edd treo t\u01b0\u1eddng gi\u00e1 r\u1ebb<\/strong><\/em><\/a>\u00a0m\u00e0 ch\u1ea5t l\u01b0\u1ee3ng \u0111\u1ea3m b\u1ea3o c\u0169ng nh\u01b0 b\u1ea3o h\u00e0nh l\u00e2u d\u00e0i nh\u01b0 t\u1ea1i c\u1eeda h\u00e0ng\u00a0<strong>B\u00e0n th\u1edd g\u1ed7 T\u00e2m Ph\u00e1t<\/strong>. Gi\u1edbi thi\u1ec7u t\u1edbi qu\u00fd kh\u00e1ch\u00a0<em><strong>m\u1eabu b\u00e0n th\u1edd treo t\u01b0\u1eddng gi\u00e1 r\u1ebb BTG2016<\/strong><\/em>\u00a0t\u1ea1i c\u1eeda h\u00e0ng ch\u00fang t\u00f4i.<\/span><\/p>\n<p><span style=\"color: #000000;\"><img loading=\"lazy\" class=\"aligncenter wp-image-3074 size-full\" title=\"B\u00e0n Th\u1edd Treo T\u01b0\u1eddng Gi\u00e1 R\u1ebb BTG2016 - \u1ea2nh 1\" src=\"https:\/\/banthogo.vn\/wp-content\/uploads\/2020\/04\/ban-tho-treo-tuong-gia-re-btg2016-01.jpg\" sizes=\"(max-width: 510px) 100vw, 510px\" srcset=\"https:\/\/banthogo.vn\/wp-content\/uploads\/2020\/04\/ban-tho-treo-tuong-gia-re-btg2016-01.jpg 510w, https:\/\/banthogo.vn\/wp-content\/uploads\/2020\/04\/ban-tho-treo-tuong-gia-re-btg2016-01-247x247.jpg 247w, https:\/\/banthogo.vn\/wp-content\/uploads\/2020\/04\/ban-tho-treo-tuong-gia-re-btg2016-01-100x100.jpg 100w, https:\/\/banthogo.vn\/wp-content\/uploads\/2020\/04\/ban-tho-treo-tuong-gia-re-btg2016-01-150x150.jpg 150w, https:\/\/banthogo.vn\/wp-content\/uploads\/2020\/04\/ban-tho-treo-tuong-gia-re-btg2016-01-300x300.jpg 300w\" alt=\"B\u00e0n Th\u1edd Treo T\u01b0\u1eddng Gi\u00e1 R\u1ebb BTG2016 - \u1ea2nh 1\" width=\"510\" height=\"510\" \/><\/span><\/p>\n<h2><span id=\"Dac-diem-mau-ban-tho-treo-tuong-gia-re-BTG2016\" style=\"color: #000000;\"><strong>\u0110\u1eb7c \u0111i\u1ec3m m\u1eabu b\u00e0n th\u1edd treo t\u01b0\u1eddng gi\u00e1 r\u1ebb BTG2016<\/strong><\/span><\/h2>\n<p><span style=\"color: #000000;\"><strong>B\u00e0n Th\u1edd Treo T\u01b0\u1eddng Gi\u00e1 R\u1ebb BTG2016<\/strong>\u00a0mang th\u01b0\u01a1ng hi\u1ec7u\u00a0<a style=\"color: #000000;\" href=\"https:\/\/banthogo.vn\/\"><strong>B\u00e0n th\u1edd g\u1ed7 T\u00e2m Ph\u00e1t<\/strong><\/a>. M\u1ed9t trong nh\u1eefng \u0111\u01a1n v\u1ecb s\u1ea3n xu\u1ea5t v\u00e0 ph\u00e2n ph\u1ed1i n\u1ed9i th\u1ea5t ph\u00f2ng th\u1edd uy t\u00edn, ch\u1ea5t l\u01b0\u1ee3ng h\u00e0ng \u0111\u1ea7u t\u1ea1i mi\u1ec1n B\u1eafc.<\/span><\/p>\n<h3><span id=\"Thiet-ke-va-kich-thuoc\" style=\"color: #000000;\"><strong>Thi\u1ebft k\u1ebf v\u00e0 k\u00edch th\u01b0\u1edbc<\/strong><\/span><\/h3>\n<p><span style=\"color: #000000;\">S\u1ea3n ph\u1ea9m\u00a0<em><strong>b\u00e0n th\u1edd treo t\u01b0\u1eddng gi\u00e1 r\u1ebb BTG2016<\/strong><\/em>\u00a0h\u01b0\u1edbng \u0111\u1ebfn thi\u1ebft k\u1ebf \u0111\u01a1n gi\u1ea3n hi\u1ec7n \u0111\u1ea1i, l\u01b0\u1ee3c b\u1ecf t\u1ed1i \u0111a nh\u1eefng chi ti\u1ebft kh\u00f4ng c\u1ea7n thi\u1ebft nh\u01b0ng v\u1eabn gi\u1eef \u0111\u01b0\u1ee3c n\u00e9t trang nghi\u00eam v\u1ed1n c\u00f3 c\u1ee7a b\u00e0n th\u1edd. C\u00e1c chi ti\u1ebft, \u0111\u01b0\u1eddng vi\u1ec1n \u0111\u01b0\u1ee3c \u0111i\u00eau kh\u1eafc tinh x\u1ea3o, t\u1ec9 m\u1ec9 t\u1eeb ph\u1ea7n b\u00e0n th\u1edd cho \u0111\u1ebfn t\u1ea5m ch\u1ed1ng \u00e1m kh\u00f3i.<\/span><\/p>\n<figure id=\"attachment_3077\" class=\"wp-caption aligncenter\" aria-describedby=\"caption-attachment-3077\"><span style=\"color: #000000;\"><img loading=\"lazy\" class=\"wp-image-3077 size-full\" title=\"B\u00e0n Th\u1edd Treo T\u01b0\u1eddng Gi\u00e1 R\u1ebb BTG2016 - \u1ea2nh 2\" src=\"https:\/\/banthogo.vn\/wp-content\/uploads\/2020\/04\/ban-tho-treo-tuong-gia-re-btg2016-04.jpg\" sizes=\"(max-width: 650px) 100vw, 650px\" srcset=\"https:\/\/banthogo.vn\/wp-content\/uploads\/2020\/04\/ban-tho-treo-tuong-gia-re-btg2016-04.jpg 650w, https:\/\/banthogo.vn\/wp-content\/uploads\/2020\/04\/ban-tho-treo-tuong-gia-re-btg2016-04-247x247.jpg 247w, https:\/\/banthogo.vn\/wp-content\/uploads\/2020\/04\/ban-tho-treo-tuong-gia-re-btg2016-04-100x100.jpg 100w, https:\/\/banthogo.vn\/wp-content\/uploads\/2020\/04\/ban-tho-treo-tuong-gia-re-btg2016-04-510x510.jpg 510w, https:\/\/banthogo.vn\/wp-content\/uploads\/2020\/04\/ban-tho-treo-tuong-gia-re-btg2016-04-150x150.jpg 150w, https:\/\/banthogo.vn\/wp-content\/uploads\/2020\/04\/ban-tho-treo-tuong-gia-re-btg2016-04-300x300.jpg 300w\" alt=\"B\u00e0n Th\u1edd Treo T\u01b0\u1eddng Gi\u00e1 R\u1ebb BTG2016 - \u1ea2nh 2\" width=\"650\" height=\"650\" \/><\/span><figcaption id=\"caption-attachment-3077\" class=\"wp-caption-text\"><span style=\"color: #000000;\">K\u00edch th\u01b0\u1edbc b\u00e0n th\u1edd mang nhi\u1ec1u \u00fd ngh\u0129a \u0111\u1ed1i v\u1edbi t\u1eebng gia \u0111\u00ecnh<\/span><\/figcaption><\/figure>\n<p><span style=\"color: #000000;\">M\u1eabu\u00a0<em><strong>b\u00e0n th\u1edd treo t\u01b0\u1eddng gi\u00e1 r\u1ebb BTG2016<\/strong><\/em>\u00a0c\u0169ng c\u00f3 r\u1ea5t nhi\u1ec1u k\u00edch th\u01b0\u1edbc v\u1edbi nh\u1eefng \u00fd ngh\u0129a kh\u00e1c nhau th\u1ec3 hi\u1ec7n t\u00e2m t\u01b0, nguy\u1ec7n v\u1ecdng c\u1ee7a t\u1eebng gia ch\u1ee7:<\/span><\/p>\n<ul>\n<li><span style=\"color: #000000;\">K\u00edch th\u01b0\u1edbc s\u00e2u 41cm (T\u00e0i V\u01b0\u1ee3ng) x r\u1ed9ng 61cm (T\u00e0i L\u1ed9c): Ph\u00f9 h\u1ee3p v\u1edbi nh\u1eefng kh\u00f4ng gian th\u1edd c\u00fang nh\u1ecf v\u00e0 \u0111\u01b0\u1ee3c thi\u1ebft k\u1ebf \u0111\u1ec3 c\u00f3 th\u1ec3 \u0111\u1eb7t 1 b\u00e1t h\u01b0\u01a1ng, m\u1ed9t s\u1ed1 \u0111\u1ed3 l\u1ec5 \u0111i k\u00e8m.<\/span><\/li>\n<li><span style=\"color: #000000;\">K\u00edch th\u01b0\u1edbc s\u00e2u 48 cm (H\u1ef7 s\u1ef1) x r\u1ed9ng 69 cm (H\u01b0ng V\u01b0\u1ee3ng): K\u00edch th\u01b0\u1edbc n\u00e0y r\u1ed9ng h\u01a1n m\u1ed9t ch\u00fat, ph\u00f9 h\u1ee3p h\u01a1n v\u1edbi c\u0103n h\u1ed9 c\u00f3 di\u1ec7n t\u00edch kho\u1ea3ng 15m2 \u2013 25m2.<\/span><\/li>\n<li><span style=\"color: #000000;\">K\u00edch th\u01b0\u1edbc s\u00e2u 48 cm (H\u1ef7 s\u1ef1) x r\u1ed9ng 81 cm (\u0110\u0103ng Khoa): Ph\u00f9 h\u1ee3p h\u1ee3p nh\u1ea5t cho kh\u00f4ng gian t\u1eeb 25 -27m2.<\/span><\/li>\n<li><span style=\"color: #000000;\">K\u00edch th\u01b0\u1edbc s\u00e2u 48 cm (H\u1ef7 s\u1ef1) x r\u1ed9ng 89 cm (Th\u00eam Ph\u00fac): Ph\u00f9 h\u1ee3p v\u1edbi nhi\u1ec1u thi\u1ebft k\u1ebf c\u0103n h\u1ed9 chung c\u01b0, di\u1ec7n t\u00edch kho\u1ea3ng 27m2 \u2013 32m2.<\/span><\/li>\n<li><span style=\"color: #000000;\">K\u00edch th\u01b0\u1edbc s\u00e2u 61 cm (T\u00e0i L\u1ed9c) x r\u1ed9ng 107 cm (Qu\u00fd T\u1eed): K\u00edch th\u01b0\u1edbc l\u1edbn, ph\u00f9 h\u1ee3p cho c\u00e1c gian th\u1edd t\u1eeb 32m2 tr\u1edf l\u00ean.<\/span><\/li>\n<\/ul>\n<p><span style=\"color: #000000;\">V\u1edbi c\u00e1c k\u00edch th\u01b0\u1edbc nh\u01b0 v\u1eady \u0111\u1ea3m b\u1ea3o chu\u1ea9n phong th\u1ee7y, l\u1ea1i v\u1eeba ti\u1ebft ki\u1ec7m \u0111\u01b0\u1ee3c kh\u00f4ng gian th\u1edd c\u00fang. M\u1eabu BTG2016 r\u1ea5t ph\u00f9 h\u1ee3p \u0111\u1ec3 l\u00e0\u00a0<em><strong><a style=\"color: #000000;\" href=\"https:\/\/banthogo.vn\/ban-tho-chung-cu\">b\u00e0n th\u1edd chung c\u01b0<\/a><\/strong><\/em>\u00a0ho\u00e0n h\u1ea3o cho c\u0103n h\u1ed9 c\u1ee7a b\u1ea1n.<\/span><\/p>\n<h3><span id=\"Mau-sac-va-gia-san-pham\" style=\"color: #000000;\"><strong>M\u00e0u s\u1eafc v\u00e0 gi\u00e1 s\u1ea3n ph\u1ea9m<\/strong><\/span><\/h3>\n<p><span style=\"color: #000000;\">Tr\u01b0\u1edbc \u0111\u00e2y m\u00e0u n\u00e2u tr\u1ea7m l\u00e0 m\u00e0u s\u1eafc ph\u1ed5 bi\u1ebfn nh\u1ea5t c\u1ee7a c\u00e1c lo\u1ea1i b\u00e0n th\u1edd. Tuy nhi\u00ean\u00a0<em><strong>m\u1eabu b\u00e0n th\u1edd treo t\u01b0\u1eddng gi\u00e1 r\u1ebb BTG2026<\/strong><\/em>\u00a0c\u00f3 m\u00e0u s\u1eafc kh\u00e1 phong ph\u00fa v\u1eeba chu\u1ea9n phong th\u1ee7y v\u00e0 ph\u00f9 h\u1ee3p v\u1edbi kh\u00f4ng gian hi\u1ec7n \u0111\u1ea1i nh\u01b0 m\u00e0u c\u00e1nh gi\u00e1n, \u00f3c ch\u00f3, v\u00e0ng g\u1ed7 t\u1ef1 nhi\u00ean\u2026<\/span><\/p>\n<figure id=\"attachment_3076\" class=\"wp-caption aligncenter\" aria-describedby=\"caption-attachment-3076\"><span style=\"color: #000000;\"><img loading=\"lazy\" class=\"wp-image-3076 size-full\" title=\"B\u00e0n Th\u1edd Treo T\u01b0\u1eddng Gi\u00e1 R\u1ebb BTG2016 - \u1ea2nh 3\" src=\"https:\/\/banthogo.vn\/wp-content\/uploads\/2020\/04\/ban-tho-treo-tuong-gia-re-btg2016-03.jpg\" sizes=\"(max-width: 510px) 100vw, 510px\" srcset=\"https:\/\/banthogo.vn\/wp-content\/uploads\/2020\/04\/ban-tho-treo-tuong-gia-re-btg2016-03.jpg 510w, https:\/\/banthogo.vn\/wp-content\/uploads\/2020\/04\/ban-tho-treo-tuong-gia-re-btg2016-03-247x247.jpg 247w, https:\/\/banthogo.vn\/wp-content\/uploads\/2020\/04\/ban-tho-treo-tuong-gia-re-btg2016-03-100x100.jpg 100w, https:\/\/banthogo.vn\/wp-content\/uploads\/2020\/04\/ban-tho-treo-tuong-gia-re-btg2016-03-150x150.jpg 150w, https:\/\/banthogo.vn\/wp-content\/uploads\/2020\/04\/ban-tho-treo-tuong-gia-re-btg2016-03-300x300.jpg 300w\" alt=\"B\u00e0n Th\u1edd Treo T\u01b0\u1eddng Gi\u00e1 R\u1ebb BTG2016 - \u1ea2nh 3\" width=\"510\" height=\"510\" \/><\/span><figcaption id=\"caption-attachment-3076\" class=\"wp-caption-text\"><span style=\"color: #000000;\">M\u1eabu b\u00e0n th\u1edd treo t\u01b0\u1eddng gi\u00e1 r\u1ebb BTG2016 c\u00f3 nhi\u1ec1u m\u00e0u s\u1eafc \u0111\u1eb7c tr\u01b0ng<\/span><\/figcaption><\/figure>\n<h2><span id=\"6-ly-do-nen-lua-chon-ban-tho-Tam-Phat\" style=\"color: #000000;\"><strong>6 l\u00fd do n\u00ean l\u1ef1a ch\u1ecdn b\u00e0n th\u1edd T\u00e2m Ph\u00e1t<\/strong><\/span><\/h2>\n<p><span style=\"color: #000000;\">C\u1eeda h\u00e0ng\u00a0<strong>B\u00e0n th\u1edd g\u1ed7 T\u00e2m Pha\u0301t<\/strong>\u00a0h\u01b0\u01a1\u0301ng \u0111\u00ea\u0301n vi\u00ea\u0323c ta\u0323o ra nh\u01b0\u0303ng sa\u0309n ph\u00e2\u0309m mang \u0111\u00e2\u0323m d\u00e2\u0301u \u00e2\u0301n truy\u00ea\u0300n th\u00f4\u0301ng va\u0300 linh h\u00f4\u0300n cu\u0309a ng\u01b0\u01a1\u0300i Vi\u00ea\u0323t:\u00a0<em>Ch\u00e2\u0301t l\u01b0\u01a1\u0323ng t\u01b0\u0300 T\u00e2m, sa\u0309n ph\u00e2\u0309m x\u01b0\u0301ng t\u00e2\u0300m<\/em>. Kh\u00f4ng chi\u0309 la\u0300 b\u00ea\u0300n bi\u0309, la\u0300 th\u00e2\u0309m my\u0303 ma\u0300 co\u0300n la\u0300 y\u00ea\u0301u t\u00f4\u0301 nh\u00e2n v\u0103n h\u01b0\u01a1\u0301ng \u0111\u00ea\u0301n g\u00f4\u0301c ga\u0301c ngu\u00f4\u0300n c\u00f4\u0323i qua mu\u00f4n \u0111\u01a1\u0300i. Nh\u1eefng y\u1ebfu t\u1ed1 \u0111\u1eb7c bi\u1ec7t gi\u00fap c\u00e1c s\u1ea3n ph\u1ea9m\u00a0<em><strong>b\u00e0n th\u1edd treo t\u01b0\u1eddng T\u00e2m Ph\u00e1t<\/strong><\/em>\u00a0\u0111\u01b0\u1ee3c tin t\u01b0\u1edfng l\u1ef1a ch\u1ecdn:<\/span><\/p>\n<ul>\n<li><span style=\"color: #000000;\">M\u1ecdi k\u00edch th\u01b0\u1edbc \u0111\u1ec1u chu\u1ea9n theo th\u01b0\u1edbc l\u1ed7 ban phong th\u1ee7y.<\/span><\/li>\n<li><span style=\"color: #000000;\">Kinh nghi\u1ec7m 8 n\u0103m trong l\u0129nh v\u1ef1c thi\u1ebft k\u1ebf, s\u1ea3n xu\u1ea5t n\u1ed9i th\u1ea5t ph\u00f2ng th\u1edd.<\/span><\/li>\n<li><span style=\"color: #000000;\">B\u00e0n th\u1edd \u0111\u01b0\u1ee3c l\u00e0m t\u1eeb ch\u1ea5t li\u1ec7u 100% g\u1ed7 t\u1ef1 nhi\u00ean.<\/span><\/li>\n<li><span style=\"color: #000000;\">T\u1ea5t c\u1ea3 c\u00e1c s\u1ea3n ph\u1ea9m \u0111\u01b0\u1ee3c ki\u1ec3m \u0111\u1ecbnh v\u00e0 b\u1ea3o h\u00e0nh 5 n\u0103m tr\u1edf l\u00ean.<\/span><\/li>\n<li><span style=\"color: #000000;\">Thi\u1ebft k\u1ebf tinh t\u1ebf, m\u1eabu m\u00e3 \u0111a d\u1ea1ng v\u1ec1 k\u00edch th\u01b0\u1edbc, m\u00e0u s\u1eafc.<\/span><\/li>\n<li><span style=\"color: #000000;\">Top 5 c\u00f4ng ty c\u00f3 x\u01b0\u1edfng s\u1ea3n xu\u1ea5t n\u1ed9i th\u1ea5t l\u1edbn nh\u1ea5t mi\u1ec1n B\u1eafc<\/span><\/li>\n<\/ul>\n","protected":false},"excerpt":{"rendered":"<ul>\n<li><span style=\"color: #000000;\"><strong>K\u00edch th\u01b0\u1edbc:<\/strong>\u00a041\u00d761, 48\u00d769, 48\u00d781, 48\u00d789, 61\u00d7107<\/span><\/li>\n<li><span style=\"color: #000000;\">(M\u1ecdi k\u00edch th\u01b0\u1edbc kh\u00e1c xin li\u00ean h\u1ec7)<\/span><\/li>\n<li><span style=\"color: #000000;\"><strong>Ch\u1ea5t li\u1ec7u:\u00a0<\/strong>g\u1ed7 S\u1ed3i<\/span><\/li>\n<li><span style=\"color: #000000;\"><strong>Ch\u1ea5t li\u1ec7u kh\u00e1c:\u00a0<\/strong>g\u1ed7 G\u00f5, g\u1ed7 G\u1ee5, g\u1ed7 M\u00edt, g\u1ed7 H\u01b0\u01a1ng\u2026<\/span><\/li>\n<li><span style=\"color: #000000;\"><strong>M\u00e0u s\u1eafc:<\/strong>\u00a0Tu\u1ef3 ch\u1ecdn<\/span><\/li>\n<li><span style=\"color: #000000;\"><strong>B\u1ea3o h\u00e0nh:<\/strong>\u00a07 n\u0103m<\/span><\/li>\n<li><span style=\"color: #000000;\"><strong>Freeship<\/strong>\u00a0to\u00e0n qu\u1ed1c, ki\u1ec3m tra m\u1edbi nh\u1eadn h\u00e0ng, thanh to\u00e1n<\/span><\/li>\n<li><span style=\"color: #000000;\"><strong>Mi\u1ec5n ph\u00ed\u00a0<\/strong>l\u1eafp \u0111\u1eb7t n\u1ed9i th\u00e0nh H\u00e0 N\u1ed9i, HCM<\/span><\/li>\n<\/ul>\n","protected":false},"featured_media":1957,"comment_status":"open","ping_status":"closed","template":"","meta":[],"_links":{"self":[{"href":"https:\/\/thietbitmg.com\/demo\/banthogo\/wp-json\/wp\/v2\/product\/1422"}],"collection":[{"href":"https:\/\/thietbitmg.com\/demo\/banthogo\/wp-json\/wp\/v2\/product"}],"about":[{"href":"https:\/\/thietbitmg.com\/demo\/banthogo\/wp-json\/wp\/v2\/types\/product"}],"replies":[{"embeddable":true,"href":"https:\/\/thietbitmg.com\/demo\/banthogo\/wp-json\/wp\/v2\/comments?post=1422"}],"wp:featuredmedia":[{"embeddable":true,"href":"https:\/\/thietbitmg.com\/demo\/banthogo\/wp-json\/wp\/v2\/media\/1957"}],"wp:attachment":[{"href":"https:\/\/thietbitmg.com\/demo\/banthogo\/wp-json\/wp\/v2\/media?parent=1422"}],"curies":[{"name":"wp","href":"https:\/\/api.w.org\/{rel}","templated":true}]}}