{"id":4078,"date":"2022-08-10T04:33:36","date_gmt":"2022-08-10T04:33:36","guid":{"rendered":"https:\/\/thietbitmg.com\/demo\/bds\/?page_id=4078"},"modified":"2022-08-15T03:36:26","modified_gmt":"2022-08-15T03:36:26","slug":"gioi-thieu-cong-ty","status":"publish","type":"page","link":"https:\/\/thietbitmg.com\/demo\/bds\/gioi-thieu-cong-ty\/","title":{"rendered":"Gi\u1edbi thi\u1ec7u c\u00f4ng ty"},"content":{"rendered":"<div class=\"row\"  id=\"row-1594031002\">\n\n\t<div class=\"col small-12 large-12\"  >\n\t\t<div class=\"col-inner\"  >\n\t\t\t\n\t\t\t\n\t<div id=\"gap-1878235813\" class=\"gap-element clearfix\" style=\"display:block; height:auto;\">\n\t\t\n<style scope=\"scope\">\n\n#gap-1878235813 {\n  padding-top: 30px;\n}\n<\/style>\n\t<\/div>\n\t\n<h2 class=\"single-title\"><span style=\"color: #000000;\">UD TRUCKS &#8211; XE T\u1ea2I N\u1eb6NG TH\u01af\u01a0NG HI\u1ec6U NH\u1eacT B\u1ea2N H\u00c0NG \u0110\u1ea6U TH\u1ebe GI\u1edaI<\/span><\/h2>\n<div class=\"single-meta flex-wrap d-flex align-items-center justify-content-start\">\n<div class=\"single-meta-view\"><span style=\"color: #000000;\">UD Trucks l\u00e0 th\u01b0\u01a1ng hi\u1ec7u xe t\u1ea3i Nh\u1eadt B\u1ea3n d\u1eabn \u0111\u1ea7u trong l\u0129nh v\u1ef1c s\u1ea3n xu\u1ea5t c\u00e1c d\u00f2ng s\u1ea3n ph\u1ea9m \u00f4 t\u00f4 t\u1ea3i nh\u1eb9, t\u1ea3i trung v\u00e0 t\u1ea3i n\u1eb7ng.<\/span><\/div>\n<\/div>\n<div class=\"single-content\">\n<div class=\"noidung\">\n<p><span style=\"color: #000000;\">UD Trucks \u0111\u01b0\u1ee3c th\u00e0nh l\u1eadp n\u0103m 1935 b\u1edfi Ng\u00e0i Kenzo Adachi \u2013 Ng\u01b0\u1eddi \u0111\u00e3 nh\u1eadn th\u1ea5y nhu c\u1ea7u c\u1ee7a k\u1ef7 nguy\u00ean m\u1edbi v\u00e0 n\u1ed7 l\u1ef1c t\u1ea1o ra nh\u1eefng chi\u1ebfc xe t\u1ea3i \u0111\u00e1p \u1ee9ng m\u1ecdi nhu c\u1ea7u v\u1eadn t\u1ea3i ng\u00e0y nay.<\/span><\/p>\n<p><span style=\"color: #000000;\">N\u0103m 1939, m\u1eabu xe t\u1ea3i \u0111\u1ea7u ti\u00ean k\u00fd hi\u1ec7u LD1 \u0111\u00e3 v\u01b0\u1ee3t qua h\u00e0nh tr\u00ecnh huy\u1ec1n tho\u1ea1i 3.000 km trong su\u1ed1t 13 ng\u00e0y, \u0111i qua c\u00e1c \u0111i\u1ec1u ki\u1ec7n \u0111\u01b0\u1eddng x\u00e1 ph\u1ee9c t\u1ea1p t\u1ea1i Nh\u1eadt B\u1ea3n \u0111\u1ec3 ch\u1ee9ng t\u1ecf \u0111\u1ed9 b\u1ec1n b\u1ec9 t\u1ed1i \u0111a.<\/span><\/p>\n<p><span style=\"color: #000000;\">Tr\u1ee5 s\u1edf ch\u00ednh hi\u1ec7n nay: 1-1, Ageo-shi, Saitama, 362-8523, Nh\u1eadt B\u1ea3n.<\/span><\/p>\n<p><span style=\"color: #000000;\"><img src=\"https:\/\/www.udtrucks.com\/-\/media\/images\/project\/udtrucks\/international\/about-ud\/our-brand\/brand\/about-ud-promise-1441x500.jpg?h=550&amp;w=1440&amp;hash=D59BFF97BB6AB69196D16145EE6893FC\" alt=\"L\u1eddi h\u1ee9a c\u1ee7a UD Trucks\" \/><\/span><\/p>\n<p><span style=\"color: #000000;\">V\u01b0\u1ee3t qua m\u1ed9t ch\u1eb7ng \u0111\u01b0\u1eddng d\u00e0i \u0111\u1ea7y th\u1eed th\u00e1ch, UD Trucks \u0111\u00e3 cung c\u1ea5p s\u1ea3n ph\u1ea9m \u00f4 t\u00f4 t\u1ea3i \u0111\u1ebfn h\u01a1n 60 qu\u1ed1c gia tr\u00ean to\u00e0n c\u1ea7u.<\/span><\/p>\n<\/div>\n<\/div>\n\t\t<\/div>\n\t<\/div>\n\n\t\n<\/div>\n","protected":false},"excerpt":{"rendered":"","protected":false},"author":1,"featured_media":0,"parent":0,"menu_order":0,"comment_status":"closed","ping_status":"closed","template":"page-blank.php","meta":[],"_links":{"self":[{"href":"https:\/\/thietbitmg.com\/demo\/bds\/wp-json\/wp\/v2\/pages\/4078"}],"collection":[{"href":"https:\/\/thietbitmg.com\/demo\/bds\/wp-json\/wp\/v2\/pages"}],"about":[{"href":"https:\/\/thietbitmg.com\/demo\/bds\/wp-json\/wp\/v2\/types\/page"}],"author":[{"embeddable":true,"href":"https:\/\/thietbitmg.com\/demo\/bds\/wp-json\/wp\/v2\/users\/1"}],"replies":[{"embeddable":true,"href":"https:\/\/thietbitmg.com\/demo\/bds\/wp-json\/wp\/v2\/comments?post=4078"}],"version-history":[{"count":4,"href":"https:\/\/thietbitmg.com\/demo\/bds\/wp-json\/wp\/v2\/pages\/4078\/revisions"}],"predecessor-version":[{"id":4295,"href":"https:\/\/thietbitmg.com\/demo\/bds\/wp-json\/wp\/v2\/pages\/4078\/revisions\/4295"}],"wp:attachment":[{"href":"https:\/\/thietbitmg.com\/demo\/bds\/wp-json\/wp\/v2\/media?parent=4078"}],"curies":[{"name":"wp","href":"https:\/\/api.w.org\/{rel}","templated":true}]}}