{"id":4080,"date":"2022-08-10T04:33:54","date_gmt":"2022-08-10T04:33:54","guid":{"rendered":"https:\/\/thietbitmg.com\/demo\/bds\/?page_id=4080"},"modified":"2022-08-10T09:08:17","modified_gmt":"2022-08-10T09:08:17","slug":"lich-su-hinh-thanh","status":"publish","type":"page","link":"https:\/\/thietbitmg.com\/demo\/bds\/lich-su-hinh-thanh\/","title":{"rendered":"L\u1ecbch S\u1eed H\u00ecnh Th\u00e0nh"},"content":{"rendered":"<div class=\"row\"  id=\"row-1540379957\">\n\n\t<div class=\"col small-12 large-12\"  >\n\t\t<div class=\"col-inner\"  >\n\t\t\t\n\t\t\t\n\t<div id=\"gap-1475774784\" class=\"gap-element clearfix\" style=\"display:block; height:auto;\">\n\t\t\n<style scope=\"scope\">\n\n#gap-1475774784 {\n  padding-top: 30px;\n}\n<\/style>\n\t<\/div>\n\t\n<h2 class=\"single-title\"><span style=\"color: #000000;\">L\u1ecbch s\u1eed h\u00ecnh th\u00e0nh UD TRUCKS<\/span><\/h2>\n<div class=\"single-meta flex-wrap d-flex align-items-center justify-content-start\">\n<div class=\"single-meta-view\"><span style=\"font-size: 20.16px; color: #000000;\">THEO \u0110U\u1ed4I S\u1ef0 TIN C\u1eacY T\u1ed0I TH\u01af\u1ee2NG<\/span><\/div>\n<\/div>\n<div class=\"single-content\">\n<div class=\"noidung\">\n<p><span style=\"color: #000000;\">\u0110\u1ec3 \u0111\u00e1p \u1ee9ng s\u1ef1 ph\u00e1t tri\u1ec3n c\u1ee7a h\u1ec7 th\u1ed1ng h\u1eadu c\u1ea7n m\u00e0 n\u1ec1n kinh t\u1ebf, x\u00e3 h\u1ed9i v\u00e0 cu\u1ed9c s\u1ed1ng \u0111ang d\u1ef1a v\u00e0o, ch\u00fang t\u00f4i h\u01b0\u1edbng \u0111\u1ebfn m\u1ed9t chi\u1ebfc xe t\u1ea3i t\u1ed1i t\u00e2n, m\u1ed9t chi\u1ebfc xe t\u1ea3i c\u00f3 \u0111\u1ed9 b\u1ec1n cao v\u00e0 \u00edt s\u1ef1 c\u1ed1, m\u1ed9t chi\u1ebfc xe t\u1ea3i c\u00f3 tr\u1ecdng t\u1ea3i cao v\u00e0 ti\u1ebft ki\u1ec7m nhi\u00ean li\u1ec7u v\u01b0\u1ee3t tr\u1ed9i.\u00a0\u0110\u00e2y l\u00e0 t\u1ea7m nh\u00ecn c\u1ee7a ng\u01b0\u1eddi s\u00e1ng l\u1eadp c\u1ee7a ch\u00fang t\u00f4i h\u01a1n 80 n\u0103m tr\u01b0\u1edbc, v\u00e0 n\u00f3 v\u1eabn l\u00e0 t\u1ea7m nh\u00ecn c\u1ee7a ch\u00fang t\u00f4i ng\u00e0y nay.<\/span><\/p>\n<p><span style=\"color: #000000;\"><img class=\"aligncenter\" src=\"https:\/\/www.udtrucks.com\/-\/media\/images\/project\/udtrucks\/international\/about-ud\/our-brand\/history\/1935_kenzo-adachi_857x524.jpg?h=524&amp;w=857&amp;hash=067E88876081D5FB95895FD5CE6A529A\" \/><\/span><\/p>\n<p><span style=\"color: #000000;\"><strong>\u0110\u1eb7c t\u00ednh ph\u00e1t tri\u1ec3n c\u1ee7a nh\u00e0 s\u00e1ng l\u1eadp Adachi \u0111\u00e3 \u0111\u01b0\u1ee3c truy\u1ec1n l\u1ea1i cho \u0111\u1ebfn ng\u00e0y nay nh\u01b0 l\u00e0 DNA c\u1ee7a s\u1ef1 ph\u00e1t tri\u1ec3n c\u1ee7a xe t\u1ea3i UD Trucks tr\u00ean to\u00e0n c\u1ea7u<\/strong><\/span><\/p>\n<ul>\n<li><span style=\"color: #000000;\">L\u00e0m cho n\u00f3 b\u1ec1n b\u1ec9<\/span><br \/><span style=\"color: #000000;\">N\u00e2ng cao ch\u1ea5t l\u01b0\u1ee3ng c\u1ee7a t\u1eebng b\u1ed9 ph\u1eadn v\u00e0 x\u00e2y d\u1ef1ng m\u1ed9t chi\u1ebfc xe t\u1ea3i b\u1ec1n b\u1ec9 c\u00f3 th\u1ec3 x\u1eed l\u00fd ngay c\u1ea3 nh\u1eefng con \u0111\u01b0\u1eddng kh\u1eafc nghi\u1ec7t nh\u1ea5t.<\/span><span style=\"color: #000000;\">\u00a0<\/span><\/li>\n<li><span style=\"color: #000000;\">G\u00f3p ph\u1ea7n gi\u1ea3m chi ph\u00ed li\u00ean quan \u0111\u1ebfn xe cho ng\u01b0\u1eddi s\u1eed d\u1ee5ng<\/span><br \/><span style=\"color: #000000;\">Gi\u1ea3m thi\u1ec3u ti\u00eau hao nhi\u00ean li\u1ec7u v\u00e0 d\u1ea7u nh\u1edbt, gi\u00fap xe d\u1ec5 b\u1ea3o d\u01b0\u1ee1ng.<\/span><span style=\"color: #000000;\">\u00a0<\/span><\/li>\n<li><span style=\"color: #000000;\">S\u1ea3n xu\u1ea5t m\u1ed9t chi\u1ebfc xe t\u1ea3i kh\u00f4ng bao gi\u1edd h\u1ecfng<\/span><br \/><span style=\"color: #000000;\">S\u1eed d\u1ee5ng m\u1ed9t c\u1ea5u tr\u00fac \u0111\u01a1n gi\u1ea3n v\u00e0 ti\u1ebfp t\u1ee5c c\u1ea3i ti\u1ebfn c\u00e1c b\u1ed9 ph\u1eadn c\u00f3 kh\u1ea3 n\u0103ng g\u00e2y ra s\u1ef1 c\u1ed1.<\/span><span style=\"color: #000000;\">\u00a0<\/span><\/li>\n<li><span style=\"color: #000000;\">Cho kh\u1ea3 n\u0103ng chuy\u00ean ch\u1edf t\u1ed1t<\/span><br \/><span style=\"color: #000000;\">T\u1ea1o ra nh\u1eefng chi\u1ebfc xe t\u1ea3i c\u00f3 s\u1ee9c k\u00e9o tuy\u1ec7t v\u1eddi c\u00f3 th\u1ec3 v\u1eadn chuy\u1ec3n \u1ed5n \u0111\u1ecbnh nhi\u1ec1u lo\u1ea1i h\u00e0ng h\u00f3a kh\u00e1c nhau v\u1edbi s\u1ed1 l\u01b0\u1ee3ng l\u1edbn.<\/span><\/li>\n<\/ul>\n<p><span style=\"color: #000000;\">Qua nhi\u1ec1u th\u1ebf h\u1ec7, ch\u00fang t\u00f4i \u0111\u00e3 th\u1ef1c hi\u1ec7n t\u1ea7m nh\u00ecn c\u1ee7a ng\u01b0\u1eddi s\u00e1ng l\u1eadp l\u00e0 cung c\u1ea5p xe t\u1ea3i v\u00e0 d\u1ecbch v\u1ee5 m\u00e0 th\u1ebf gi\u1edbi c\u1ea7n ng\u00e0y nay trong c\u00e1c th\u1eddi \u0111\u1ea1i kh\u00e1c nhau.\u00a0T\u00ecm hi\u1ec3u th\u00eam v\u1ec1 nh\u1eefng d\u1ea5u m\u1ed1c quan tr\u1ecdng trong l\u1ecbch s\u1eed \u0111\u00e1ng t\u1ef1 h\u00e0o c\u1ee7a ch\u00fang t\u00f4i t\u1ea1i \u0111\u00e2y.<\/span><\/p>\n<table border=\"1\" cellspacing=\"1\" cellpadding=\"1\">\n<tbody>\n<tr>\n<td><span style=\"color: #000000;\">1935<\/span><\/td>\n<td><span style=\"color: #000000;\">Foundation &#8211; t\u1ea7m nh\u00ecn c\u1ee7a Kenzo Adachi<\/span><\/td>\n<\/tr>\n<tr>\n<td><span style=\"color: #000000;\">1939<\/span><\/td>\n<td><span style=\"color: #000000;\">L\u00e1i th\u1eed huy\u1ec1n tho\u1ea1i -3.000 km \u0111\u1ec3 ch\u1ee9ng minh \u0111\u1ed9 tin c\u1eady tuy\u1ec7t \u0111\u1ed1i<\/span><\/td>\n<\/tr>\n<tr>\n<td><span style=\"color: #000000;\">N\u0103m 1955<\/span><\/td>\n<td><span style=\"color: #000000;\">\u0110\u1ed9ng c\u01a1 UD &#8211; mang t\u00ednh bi\u1ec3u t\u01b0\u1ee3ng \u0111\u00e3 t\u1ea1o n\u00ean t\u00ean tu\u1ed5i c\u1ee7a C\u00f4ng ty ch\u00fang t\u00f4i<\/span><\/td>\n<\/tr>\n<tr>\n<td><span style=\"color: #000000;\">1958<\/span><\/td>\n<td><span style=\"color: #000000;\">6TW &#8211; Xe t\u1ea3i m\u1ea1nh nh\u1ea5t Nh\u1eadt B\u1ea3n trong th\u1eddi \u0111\u1ea1i t\u0103ng tr\u01b0\u1edfng cao<\/span><\/td>\n<\/tr>\n<tr>\n<td><span style=\"color: #000000;\">1975<\/span><\/td>\n<td><span style=\"color: #000000;\">Condor &#8211; Xe t\u1ea3i h\u1ea1ng trung \u0111\u00e1p \u1ee9ng nhu c\u1ea7u ti\u1ebft ki\u1ec7m nhi\u00ean li\u1ec7u<\/span><\/td>\n<\/tr>\n<tr>\n<td><span style=\"color: #000000;\">1990<\/span><\/td>\n<td><span style=\"color: #000000;\">Big Thumb &#8211; Hi\u1ec7u qu\u1ea3 v\u00e0 an to\u00e0n cho k\u1ef7 nguy\u00ean m\u1edbi<\/span><\/td>\n<\/tr>\n<tr>\n<td><span style=\"color: #000000;\">2004<\/span><\/td>\n<td><span style=\"color: #000000;\">Quon &#8211; S\u1ef1 ra \u0111\u1eddi c\u1ee7a chi\u1ebfc Flagship v\u1edbi gi\u1ea3i ph\u00e1p SCR \u0111\u1ea7u ti\u00ean tr\u00ean th\u1ebf gi\u1edbi<\/span><\/td>\n<\/tr>\n<tr>\n<td><span style=\"color: #000000;\">2013<\/span><\/td>\n<td><span style=\"color: #000000;\">Quester &#8211; \u0110\u01b0\u1ee3c th\u1ef1c hi\u1ec7n \u0111\u1ec3 \u0111i xa h\u01a1n trong c\u00e1c th\u1ecb tr\u01b0\u1eddng t\u0103ng tr\u01b0\u1edfng<\/span><\/td>\n<\/tr>\n<tr>\n<td><span style=\"color: #000000;\">2017<\/span><\/td>\n<td><span style=\"color: #000000;\">Croner &#8211;\u00a0 Xe t\u1ea3i trung khi\u1ebfn m\u1ecdi kho\u1ea3n kh\u1eafc \u0111\u1ec1u quan tr\u1ecdng<\/span><\/td>\n<\/tr>\n<tr>\n<td><span style=\"color: #000000;\">2017<\/span><\/td>\n<td><span style=\"color: #000000;\">New Quon &#8211;\u00a0 S\u1ef1 \u0111\u1ed5i m\u1edbi \u0111\u1eb7t m\u1ecdi ng\u01b0\u1eddi l\u00ean h\u00e0ng \u0111\u1ea7u<\/span><\/td>\n<\/tr>\n<tr>\n<td><span style=\"color: #000000;\">1995-nay<\/span><\/td>\n<td><span style=\"color: #000000;\">ESCOT &#8211; S\u1ef1 ph\u00e1t tri\u1ec3n c\u1ee7a H\u1ec7 th\u1ed1ng truy\u1ec1n \u0111\u1ed9ng \u0111\u01b0\u1ee3c \u0111i\u1ec1u khi\u1ec3n an to\u00e0n, d\u1ec5 d\u00e0ng<\/span><\/td>\n<\/tr>\n<\/tbody>\n<\/table>\n<\/div>\n<\/div>\n\t\t<\/div>\n\t<\/div>\n\n\t\n<\/div>\n","protected":false},"excerpt":{"rendered":"","protected":false},"author":1,"featured_media":0,"parent":0,"menu_order":0,"comment_status":"closed","ping_status":"closed","template":"page-blank.php","meta":[],"_links":{"self":[{"href":"https:\/\/thietbitmg.com\/demo\/bds\/wp-json\/wp\/v2\/pages\/4080"}],"collection":[{"href":"https:\/\/thietbitmg.com\/demo\/bds\/wp-json\/wp\/v2\/pages"}],"about":[{"href":"https:\/\/thietbitmg.com\/demo\/bds\/wp-json\/wp\/v2\/types\/page"}],"author":[{"embeddable":true,"href":"https:\/\/thietbitmg.com\/demo\/bds\/wp-json\/wp\/v2\/users\/1"}],"replies":[{"embeddable":true,"href":"https:\/\/thietbitmg.com\/demo\/bds\/wp-json\/wp\/v2\/comments?post=4080"}],"version-history":[{"count":6,"href":"https:\/\/thietbitmg.com\/demo\/bds\/wp-json\/wp\/v2\/pages\/4080\/revisions"}],"predecessor-version":[{"id":4192,"href":"https:\/\/thietbitmg.com\/demo\/bds\/wp-json\/wp\/v2\/pages\/4080\/revisions\/4192"}],"wp:attachment":[{"href":"https:\/\/thietbitmg.com\/demo\/bds\/wp-json\/wp\/v2\/media?parent=4080"}],"curies":[{"name":"wp","href":"https:\/\/api.w.org\/{rel}","templated":true}]}}