{"id":3095,"date":"2021-09-06T12:35:00","date_gmt":"2021-09-06T12:35:00","guid":{"rendered":"https:\/\/chuongdesigner.name.vn\/cokhi\/?page_id=3095"},"modified":"2021-09-07T10:35:59","modified_gmt":"2021-09-07T10:35:59","slug":"van-hoa-doanh-nghiep","status":"publish","type":"page","link":"https:\/\/thietbitmg.com\/demo\/cokhi\/phat-trien-ben-vung\/van-hoa-doanh-nghiep\/","title":{"rendered":"V\u0103n h\u00f3a doanh nghi\u1ec7p"},"content":{"rendered":"\t<section class=\"section hide-for-medium\" id=\"section_1690582435\">\n\t\t<div class=\"bg section-bg fill bg-fill  bg-loaded\" >\n\n\t\t\t\n\t\t\t\n\t\t\t\n\n\t\t<\/div>\n\n\t\t<div class=\"section-content relative\">\n\t\t\t\n\n  <div class=\"banner has-hover\" id=\"banner-1649875329\">\n          <div class=\"banner-inner fill\">\n        <div class=\"banner-bg fill\" >\n            <div class=\"bg fill bg-fill \"><\/div>\n                        <div class=\"overlay\"><\/div>            \n                    <\/div>\n        <div class=\"banner-layers container\">\n            <div class=\"fill banner-link\"><\/div>            \n   <div id=\"text-box-1754261178\" class=\"text-box banner-layer x50 md-x50 lg-x50 y50 md-y90 lg-y90 res-text\">\n              <div data-parallax=\"2\" data-parallax-fade=\"true\">       <div data-animate=\"none\">           <div class=\"text dark text-shadow-2\">\n              \n              <div class=\"text-inner text-center\">\n                  \n<h3 style=\"text-align: left;\"><span style=\"font-size: 80%; line-height: 1.6;border-left: 5px solid #FFCA05;padding-left: 10px\"><strong>V\u0102N H\u00d3A DOANH NGHI\u1ec6P<\/strong><\/span><\/h3>\n              <\/div>\n           <\/div>\n       <\/div>       <\/div>              \n<style scope=\"scope\">\n\n#text-box-1754261178 {\n  width: 90%;\n}\n#text-box-1754261178 .text {\n  font-size: 129%;\n}\n\n\n@media (min-width:550px) {\n\n  #text-box-1754261178 {\n    width: 100%;\n  }\n  #text-box-1754261178 .text {\n    font-size: 123%;\n  }\n\n}\n<\/style>\n    <\/div>\n \n        <\/div>\n      <\/div>\n\n            \n<style scope=\"scope\">\n\n#banner-1649875329 {\n  padding-top: 400px;\n}\n#banner-1649875329 .bg.bg-loaded {\n  background-image: url(https:\/\/thietbitmg.com\/demo\/cokhi\/wp-content\/uploads\/2021\/06\/nganh-quan-tri-kinh-doanh-eea-1.jpg);\n}\n#banner-1649875329 .overlay {\n  background-color: rgba(0, 0, 0, 0.7);\n}\n#banner-1649875329 .bg {\n  background-position: 44% 34%;\n}\n<\/style>\n  <\/div>\n\n\n\t\t<\/div>\n\n\t\t\n<style scope=\"scope\">\n\n#section_1690582435 {\n  padding-top: 0px;\n  padding-bottom: 0px;\n}\n<\/style>\n\t<\/section>\n\t\n\t<section class=\"section show-for-small\" id=\"section_750820371\">\n\t\t<div class=\"bg section-bg fill bg-fill  bg-loaded\" >\n\n\t\t\t\n\t\t\t\n\t\t\t\n\n\t\t<\/div>\n\n\t\t<div class=\"section-content relative\">\n\t\t\t\n\n  <div class=\"banner has-hover\" id=\"banner-1303659856\">\n          <div class=\"banner-inner fill\">\n        <div class=\"banner-bg fill\" >\n            <div class=\"bg fill bg-fill \"><\/div>\n                        <div class=\"overlay\"><\/div>            \n                    <\/div>\n        <div class=\"banner-layers container\">\n            <div class=\"fill banner-link\"><\/div>            \n   <div id=\"text-box-500543660\" class=\"text-box banner-layer x50 md-x50 lg-x50 y50 md-y90 lg-y90 res-text\">\n              <div data-parallax=\"2\" data-parallax-fade=\"true\">       <div data-animate=\"none\">           <div class=\"text dark text-shadow-2\">\n              \n              <div class=\"text-inner text-center\">\n                  \n<h3 style=\"text-align: left;\"><span style=\"font-size: 80%; line-height: 1.6;border-left: 5px solid #FFCA05;padding-left: 10px\"><strong>V\u0102N H\u00d3A DOANH NGHI\u1ec6P<\/strong><\/span><\/h3>\n              <\/div>\n           <\/div>\n       <\/div>       <\/div>              \n<style scope=\"scope\">\n\n#text-box-500543660 {\n  width: 90%;\n}\n#text-box-500543660 .text {\n  font-size: 129%;\n}\n\n\n@media (min-width:550px) {\n\n  #text-box-500543660 {\n    width: 100%;\n  }\n  #text-box-500543660 .text {\n    font-size: 123%;\n  }\n\n}\n<\/style>\n    <\/div>\n \n        <\/div>\n      <\/div>\n\n            \n<style scope=\"scope\">\n\n#banner-1303659856 {\n  padding-top: 150px;\n}\n#banner-1303659856 .bg.bg-loaded {\n  background-image: url(https:\/\/thietbitmg.com\/demo\/cokhi\/wp-content\/uploads\/2021\/06\/nganh-quan-tri-kinh-doanh-eea-1.jpg);\n}\n#banner-1303659856 .overlay {\n  background-color: rgba(0, 0, 0, 0.7);\n}\n#banner-1303659856 .bg {\n  background-position: 44% 34%;\n}\n\n\n@media (min-width:550px) {\n\n  #banner-1303659856 {\n    padding-top: 400px;\n  }\n\n}\n<\/style>\n  <\/div>\n\n\n\t\t<\/div>\n\n\t\t\n<style scope=\"scope\">\n\n#section_750820371 {\n  padding-top: 0px;\n  padding-bottom: 0px;\n}\n<\/style>\n\t<\/section>\n\t\n\t<div id=\"gap-1234435904\" class=\"gap-element clearfix\" style=\"display:block; height:auto;\">\n\t\t\n<style scope=\"scope\">\n\n#gap-1234435904 {\n  padding-top: 30px;\n}\n\n\n@media (min-width:550px) {\n\n  #gap-1234435904 {\n    padding-top: 50px;\n  }\n\n}\n<\/style>\n\t<\/div>\n\t\n<div class=\"row\"  id=\"row-889182861\">\n\n\t<div class=\"col small-12 large-12\"  >\n\t\t<div class=\"col-inner\"  >\n\t\t\t\n\t\t\t\n<div class=\"container section-title-container\" ><h3 class=\"section-title section-title-normal\"><b><\/b><span class=\"section-title-main\" style=\"color:rgb(37, 98, 183);\">V\u0102N H\u00d3A DOANH NGHI\u1ec6P<\/span><b><\/b><\/h3><\/div>\n<div class=\"row\"  id=\"row-1816954631\">\n\n\t<div class=\"col medium-6 small-12 large-6\"  >\n\t\t<div class=\"col-inner\"  >\n\t\t\t\n\t\t\t\n<p style=\"text-align: justify;\"><strong><span style=\"font-size: 100%; color: #000000;\">V\u0103n h\u00f3a doanh nghi\u1ec7p l\u00e0 to\u00e0n b\u1ed9 gi\u00e1 tr\u1ecb v\u0103n h\u00f3a \u0111\u01b0\u1ee3c g\u00e2y d\u1ef1ng n\u00ean trong su\u1ed1t qu\u00e1 tr\u00ecnh t\u1ed3n t\u1ea1i v\u00e0 ph\u00e1t tri\u1ec3n c\u1ee7a m\u1ed9t doanh nghi\u1ec7p, t\u1eeb \u0111\u00f3 tr\u1edf th\u00e0nh quy t\u1eafc, t\u1eadp qu\u00e1n quen thu\u1ed9c \u0103n s\u00e2u v\u00e0o ho\u1ea1t \u0111\u1ed9ng c\u1ee7a doanh nghi\u1ec7p \u0111\u1ed3ng th\u1eddi chi ph\u1ed1i t\u00ecnh c\u1ea3m, c\u00e1ch suy ngh\u0129 v\u00e0 h\u00e0nh vi c\u1ee7a m\u1ecdi th\u00e0nh vi\u00ean c\u1ee7a doanh nghi\u1ec7p.<\/span><\/strong><\/p>\n<p style=\"text-align: justify;\"><span style=\"font-size: 90%; color: #000000;\">V\u0103n h\u00f3a doanh nghi\u1ec7p l\u00e0 to\u00e0n b\u1ed9 gi\u00e1 tr\u1ecb v\u0103n h\u00f3a \u0111\u01b0\u1ee3c g\u00e2y d\u1ef1ng n\u00ean trong su\u1ed1t qu\u00e1 tr\u00ecnh t\u1ed3n t\u1ea1i v\u00e0 ph\u00e1t tri\u1ec3n c\u1ee7a m\u1ed9t doanh nghi\u1ec7p, t\u1eeb \u0111\u00f3 tr\u1edf th\u00e0nh quy t\u1eafc, t\u1eadp qu\u00e1n quen thu\u1ed9c \u0103n s\u00e2u v\u00e0o ho\u1ea1t \u0111\u1ed9ng c\u1ee7a doanh nghi\u1ec7p \u0111\u1ed3ng th\u1eddi chi ph\u1ed1i t\u00ecnh c\u1ea3m, c\u00e1ch suy ngh\u0129 v\u00e0 h\u00e0nh vi c\u1ee7a m\u1ecdi th\u00e0nh vi\u00ean c\u1ee7a doanh nghi\u1ec7p.<\/span><\/p>\n\t\t<\/div>\n\t<\/div>\n\n\t\n\n\t<div class=\"col medium-6 small-12 large-6\"  >\n\t\t<div class=\"col-inner\"  >\n\t\t\t\n\t\t\t\n\t<div class=\"img has-hover x md-x lg-x y md-y lg-y\" id=\"image_1224238875\">\n\t\t\t\t\t\t\t\t<div class=\"img-inner dark\" >\n\t\t\t<img width=\"1020\" height=\"529\" src=\"https:\/\/thietbitmg.com\/demo\/cokhi\/wp-content\/uploads\/2021\/06\/HUIINH6.jpg\" class=\"attachment-large size-large\" alt=\"\" loading=\"lazy\" srcset=\"https:\/\/thietbitmg.com\/demo\/cokhi\/wp-content\/uploads\/2021\/06\/HUIINH6.jpg 1180w, https:\/\/thietbitmg.com\/demo\/cokhi\/wp-content\/uploads\/2021\/06\/HUIINH6-771x400.jpg 771w, https:\/\/thietbitmg.com\/demo\/cokhi\/wp-content\/uploads\/2021\/06\/HUIINH6-768x398.jpg 768w, https:\/\/thietbitmg.com\/demo\/cokhi\/wp-content\/uploads\/2021\/06\/HUIINH6-24x12.jpg 24w, https:\/\/thietbitmg.com\/demo\/cokhi\/wp-content\/uploads\/2021\/06\/HUIINH6-36x19.jpg 36w, https:\/\/thietbitmg.com\/demo\/cokhi\/wp-content\/uploads\/2021\/06\/HUIINH6-48x25.jpg 48w, https:\/\/thietbitmg.com\/demo\/cokhi\/wp-content\/uploads\/2021\/06\/HUIINH6-600x311.jpg 600w\" sizes=\"(max-width: 1020px) 100vw, 1020px\" \/>\t\t\t\t\t\t\n\t\t\t\t\t<\/div>\n\t\t\t\t\t\t\t\t\n<style scope=\"scope\">\n\n#image_1224238875 {\n  width: 100%;\n}\n<\/style>\n\t<\/div>\n\t\n\t\t<\/div>\n\t<\/div>\n\n\t\n<\/div>\n\t\t<\/div>\n\t<\/div>\n\n\t\n<\/div>\n<div class=\"row\"  id=\"row-1169012287\">\n\n\t<div class=\"col small-12 large-12\"  >\n\t\t<div class=\"col-inner\"  >\n\t\t\t\n\t\t\t\n<div class=\"container section-title-container\" ><h3 class=\"section-title section-title-normal\"><b><\/b><span class=\"section-title-main\" style=\"color:rgb(37, 98, 183);\">C\u00c1C \u0110\u01a0N V\u1eca TH\u00c0NH VI\u00caN<\/span><b><\/b><\/h3><\/div>\n<div class=\"row\"  id=\"row-693540062\">\n\n\t<div class=\"col small-12 large-12\"  >\n\t\t<div class=\"col-inner\"  >\n\t\t\t\n\t\t\t\n<div class=\"slider-wrapper relative\" id=\"slider-667320507\" >\n    <div class=\"slider slider-nav-circle slider-nav-large slider-nav-light slider-style-normal\"\n        data-flickity-options='{\n            \"cellAlign\": \"center\",\n            \"imagesLoaded\": true,\n            \"lazyLoad\": 1,\n            \"freeScroll\": false,\n            \"wrapAround\": true,\n            \"autoPlay\": 1000,\n            \"pauseAutoPlayOnHover\" : true,\n            \"prevNextButtons\": true,\n            \"contain\" : true,\n            \"adaptiveHeight\" : true,\n            \"dragThreshold\" : 10,\n            \"percentPosition\": true,\n            \"pageDots\": true,\n            \"rightToLeft\": false,\n            \"draggable\": true,\n            \"selectedAttraction\": 0.1,\n            \"parallax\" : 0,\n            \"friction\": 0.6        }'\n        >\n        \n<div class=\"ux-logo has-hover align-middle ux_logo inline-block\" style=\"max-width: 100%!important; width: 209.34782608696px!important\"><div class=\"ux-logo-link block image-\" title=\"\"  href=\"\" style=\"padding: 15px;\"><img src=\"https:\/\/thietbitmg.com\/demo\/cokhi\/wp-content\/uploads\/2021\/06\/logo2.jpg\" title=\"\" alt=\"\" class=\"ux-logo-image block\" style=\"height:100px;\" \/><\/div><\/div>\n<div class=\"ux-logo has-hover align-middle ux_logo inline-block\" style=\"max-width: 100%!important; width: 209.34782608696px!important\"><div class=\"ux-logo-link block image-\" title=\"\"  href=\"\" style=\"padding: 15px;\"><img src=\"https:\/\/thietbitmg.com\/demo\/cokhi\/wp-content\/uploads\/2021\/06\/logo-1.jpg\" title=\"\" alt=\"\" class=\"ux-logo-image block\" style=\"height:100px;\" \/><\/div><\/div>\n<div class=\"ux-logo has-hover align-middle ux_logo inline-block\" style=\"max-width: 100%!important; width: 209.34782608696px!important\"><div class=\"ux-logo-link block image-\" title=\"\"  href=\"\" style=\"padding: 15px;\"><img src=\"https:\/\/thietbitmg.com\/demo\/cokhi\/wp-content\/uploads\/2021\/06\/logo2.jpg\" title=\"\" alt=\"\" class=\"ux-logo-image block\" style=\"height:100px;\" \/><\/div><\/div>\n<div class=\"ux-logo has-hover align-middle ux_logo inline-block\" style=\"max-width: 100%!important; width: 209.34782608696px!important\"><div class=\"ux-logo-link block image-\" title=\"\"  href=\"\" style=\"padding: 15px;\"><img src=\"https:\/\/thietbitmg.com\/demo\/cokhi\/wp-content\/uploads\/2021\/06\/logo-1.jpg\" title=\"\" alt=\"\" class=\"ux-logo-image block\" style=\"height:100px;\" \/><\/div><\/div>\n<div class=\"ux-logo has-hover align-middle ux_logo inline-block\" style=\"max-width: 100%!important; width: 209.34782608696px!important\"><div class=\"ux-logo-link block image-\" title=\"\"  href=\"\" style=\"padding: 15px;\"><img src=\"https:\/\/thietbitmg.com\/demo\/cokhi\/wp-content\/uploads\/2021\/06\/logo2.jpg\" title=\"\" alt=\"\" class=\"ux-logo-image block\" style=\"height:100px;\" \/><\/div><\/div>\n<div class=\"ux-logo has-hover align-middle ux_logo inline-block\" style=\"max-width: 100%!important; width: 209.34782608696px!important\"><div class=\"ux-logo-link block image-\" title=\"\"  href=\"\" style=\"padding: 15px;\"><img src=\"https:\/\/thietbitmg.com\/demo\/cokhi\/wp-content\/uploads\/2021\/06\/logo-1.jpg\" title=\"\" alt=\"\" class=\"ux-logo-image block\" style=\"height:100px;\" \/><\/div><\/div>\n<div class=\"ux-logo has-hover align-middle ux_logo inline-block\" style=\"max-width: 100%!important; width: 209.34782608696px!important\"><div class=\"ux-logo-link block image-\" title=\"\"  href=\"\" style=\"padding: 15px;\"><img src=\"https:\/\/thietbitmg.com\/demo\/cokhi\/wp-content\/uploads\/2021\/06\/logo2.jpg\" title=\"\" alt=\"\" class=\"ux-logo-image block\" style=\"height:100px;\" \/><\/div><\/div>\n<div class=\"ux-logo has-hover align-middle ux_logo inline-block\" style=\"max-width: 100%!important; width: 209.34782608696px!important\"><div class=\"ux-logo-link block image-\" title=\"\"  href=\"\" style=\"padding: 15px;\"><img src=\"https:\/\/thietbitmg.com\/demo\/cokhi\/wp-content\/uploads\/2021\/06\/logo-1.jpg\" title=\"\" alt=\"\" class=\"ux-logo-image block\" style=\"height:100px;\" \/><\/div><\/div>\n     <\/div>\n\n     <div class=\"loading-spin dark large centered\"><\/div>\n\n     <style scope=\"scope\">\n             <\/style>\n<\/div>\n\n\n\t\t<\/div>\n\t<\/div>\n\n\t\n<\/div>\n\t\t<\/div>\n\t<\/div>\n\n\t\n<\/div>\n\t<section class=\"section\" id=\"section_1282455416\">\n\t\t<div class=\"bg section-bg fill bg-fill  \" >\n\n\t\t\t\n\t\t\t<div class=\"section-bg-overlay absolute fill\"><\/div>\n\t\t\t\n\n\t\t<\/div>\n\n\t\t<div class=\"section-content relative\">\n\t\t\t\n\t<div id=\"gap-2083387246\" class=\"gap-element clearfix\" style=\"display:block; height:auto;\">\n\t\t\n<style scope=\"scope\">\n\n#gap-2083387246 {\n  padding-top: 30px;\n}\n<\/style>\n\t<\/div>\n\t\n<div class=\"row align-middle\"  id=\"row-1166101829\">\n\n\t<div class=\"col medium-8 small-12 large-8\"  >\n\t\t<div class=\"col-inner text-center\"  >\n\t\t\t\n\t\t\t\n<p style=\"text-align: left;\"><span style=\"font-size: 150%;\"><strong><span style=\"color: #ffffff;\">S\u1eb4N S\u00c0NG T\u0102NG T\u1ed0C K\u1ebe HO\u1ea0CH KINH DOANH C\u1ee6A B\u1ea0N<br \/><\/span><\/strong><span style=\"color: #ffffff;\"><span style=\"font-size: 70%;\">Ch\u00fang t\u00f4i c\u00f3 m\u1ed9t v\u00e0i k\u1ebf ho\u1ea1ch v\u00e0 gi\u1ea3i ph\u00e1p t\u1ed1t nh\u1ea5t cho m\u1ecdi ng\u01b0\u1eddi<\/span><\/span><\/span><\/p>\n\t\t<\/div>\n\t<\/div>\n\n\t\n\n\t<div class=\"col hide-for-medium medium-3 small-12 large-3\"  >\n\t\t<div class=\"col-inner text-center\"  >\n\t\t\t\n\t\t\t\n<p class=\"hoptacngay\" style=\"text-align: center;\"><i class=\"far fa-comments\"><\/i> <span style=\"color: #ffffff;\"><a style=\"color: #ffffff;\" href=\"https:\/\/chuongdesigner.name.vn\/cokhi\/contact-us\/\">H\u1ee2P T\u00c1C NGAY<\/a><\/span><\/p>\n\t\t<\/div>\n\t<\/div>\n\n\t\n\n\t<div class=\"col show-for-small medium-3 small-10 large-3\"  >\n\t\t<div class=\"col-inner text-center\"  >\n\t\t\t\n\t\t\t\n<p class=\"hoptacngay\" style=\"text-align: center;\"><i class=\"far fa-comments\"><\/i> <span style=\"color: #ffffff;\"><a style=\"color: #ffffff;\" href=\"https:\/\/chuongdesigner.name.vn\/cokhi\/contact-us\/\">H\u1ee2P T\u00c1C NGAY<\/a><\/span><\/p>\n\t\t<\/div>\n\t<\/div>\n\n\t\n\n<style scope=\"scope\">\n\n<\/style>\n<\/div>\n\t\t<\/div>\n\n\t\t\n<style scope=\"scope\">\n\n#section_1282455416 {\n  padding-top: 50px;\n  padding-bottom: 50px;\n}\n#section_1282455416 .section-bg-overlay {\n  background-color: rgba(0, 0, 0, 0.77);\n}\n#section_1282455416 .section-bg.bg-loaded {\n  background-image: url(https:\/\/thietbitmg.com\/demo\/cokhi\/wp-content\/uploads\/2021\/09\/12345.jpg);\n}\n<\/style>\n\t<\/section>\n\t\n\t<div id=\"gap-779075205\" class=\"gap-element clearfix\" style=\"display:block; height:auto;\">\n\t\t\n<style scope=\"scope\">\n\n#gap-779075205 {\n  padding-top: 50px;\n}\n<\/style>\n\t<\/div>\n\t\n","protected":false},"excerpt":{"rendered":"","protected":false},"author":1,"featured_media":0,"parent":1287,"menu_order":0,"comment_status":"closed","ping_status":"closed","template":"page-blank.php","meta":[],"_links":{"self":[{"href":"https:\/\/thietbitmg.com\/demo\/cokhi\/wp-json\/wp\/v2\/pages\/3095"}],"collection":[{"href":"https:\/\/thietbitmg.com\/demo\/cokhi\/wp-json\/wp\/v2\/pages"}],"about":[{"href":"https:\/\/thietbitmg.com\/demo\/cokhi\/wp-json\/wp\/v2\/types\/page"}],"author":[{"embeddable":true,"href":"https:\/\/thietbitmg.com\/demo\/cokhi\/wp-json\/wp\/v2\/users\/1"}],"replies":[{"embeddable":true,"href":"https:\/\/thietbitmg.com\/demo\/cokhi\/wp-json\/wp\/v2\/comments?post=3095"}],"version-history":[{"count":9,"href":"https:\/\/thietbitmg.com\/demo\/cokhi\/wp-json\/wp\/v2\/pages\/3095\/revisions"}],"predecessor-version":[{"id":3552,"href":"https:\/\/thietbitmg.com\/demo\/cokhi\/wp-json\/wp\/v2\/pages\/3095\/revisions\/3552"}],"up":[{"embeddable":true,"href":"https:\/\/thietbitmg.com\/demo\/cokhi\/wp-json\/wp\/v2\/pages\/1287"}],"wp:attachment":[{"href":"https:\/\/thietbitmg.com\/demo\/cokhi\/wp-json\/wp\/v2\/media?parent=3095"}],"curies":[{"name":"wp","href":"https:\/\/api.w.org\/{rel}","templated":true}]}}