{"id":3109,"date":"2021-09-06T12:44:25","date_gmt":"2021-09-06T12:44:25","guid":{"rendered":"https:\/\/chuongdesigner.name.vn\/cokhi\/?page_id=3109"},"modified":"2021-09-07T10:36:35","modified_gmt":"2021-09-07T10:36:35","slug":"moi-truong-va-cong-dong","status":"publish","type":"page","link":"https:\/\/thietbitmg.com\/demo\/cokhi\/phat-trien-ben-vung\/moi-truong-va-cong-dong\/","title":{"rendered":"M\u00f4i tr\u01b0\u1eddng v\u00e0 c\u1ed9ng \u0111\u1ed3ng"},"content":{"rendered":"\t<section class=\"section hide-for-medium\" id=\"section_722205869\">\n\t\t<div class=\"bg section-bg fill bg-fill  bg-loaded\" >\n\n\t\t\t\n\t\t\t\n\t\t\t\n\n\t\t<\/div>\n\n\t\t<div class=\"section-content relative\">\n\t\t\t\n\n  <div class=\"banner has-hover\" id=\"banner-1999811065\">\n          <div class=\"banner-inner fill\">\n        <div class=\"banner-bg fill\" >\n            <div class=\"bg fill bg-fill \"><\/div>\n                        <div class=\"overlay\"><\/div>            \n                    <\/div>\n        <div class=\"banner-layers container\">\n            <div class=\"fill banner-link\"><\/div>            \n   <div id=\"text-box-2116496479\" class=\"text-box banner-layer x50 md-x50 lg-x50 y50 md-y90 lg-y90 res-text\">\n              <div data-parallax=\"2\" data-parallax-fade=\"true\">       <div data-animate=\"none\">           <div class=\"text dark text-shadow-2\">\n              \n              <div class=\"text-inner text-center\">\n                  \n<h3 style=\"text-align: left;\"><span style=\"font-size: 80%; line-height: 1.6;border-left: 5px solid #FFCA05;padding-left: 10px\"><strong>M\u00d4I TR\u01af\u1edcNG V\u00c0 C\u1ed8NG \u0110\u1ed2NG<\/strong><\/span><\/h3>\n              <\/div>\n           <\/div>\n       <\/div>       <\/div>              \n<style scope=\"scope\">\n\n#text-box-2116496479 {\n  width: 90%;\n}\n#text-box-2116496479 .text {\n  font-size: 129%;\n}\n\n\n@media (min-width:550px) {\n\n  #text-box-2116496479 {\n    width: 100%;\n  }\n  #text-box-2116496479 .text {\n    font-size: 123%;\n  }\n\n}\n<\/style>\n    <\/div>\n \n        <\/div>\n      <\/div>\n\n            \n<style scope=\"scope\">\n\n#banner-1999811065 {\n  padding-top: 400px;\n}\n#banner-1999811065 .bg.bg-loaded {\n  background-image: url(https:\/\/thietbitmg.com\/demo\/cokhi\/wp-content\/uploads\/2021\/06\/nganh-quan-tri-kinh-doanh-eea-1.jpg);\n}\n#banner-1999811065 .overlay {\n  background-color: rgba(0, 0, 0, 0.7);\n}\n#banner-1999811065 .bg {\n  background-position: 44% 34%;\n}\n<\/style>\n  <\/div>\n\n\n\t\t<\/div>\n\n\t\t\n<style scope=\"scope\">\n\n#section_722205869 {\n  padding-top: 0px;\n  padding-bottom: 0px;\n}\n<\/style>\n\t<\/section>\n\t\n\t<section class=\"section show-for-small\" id=\"section_1993924684\">\n\t\t<div class=\"bg section-bg fill bg-fill  bg-loaded\" >\n\n\t\t\t\n\t\t\t\n\t\t\t\n\n\t\t<\/div>\n\n\t\t<div class=\"section-content relative\">\n\t\t\t\n\n  <div class=\"banner has-hover\" id=\"banner-1899069373\">\n          <div class=\"banner-inner fill\">\n        <div class=\"banner-bg fill\" >\n            <div class=\"bg fill bg-fill \"><\/div>\n                        <div class=\"overlay\"><\/div>            \n                    <\/div>\n        <div class=\"banner-layers container\">\n            <div class=\"fill banner-link\"><\/div>            \n   <div id=\"text-box-1129087069\" class=\"text-box banner-layer x50 md-x50 lg-x50 y50 md-y90 lg-y90 res-text\">\n              <div data-parallax=\"2\" data-parallax-fade=\"true\">       <div data-animate=\"none\">           <div class=\"text dark text-shadow-2\">\n              \n              <div class=\"text-inner text-center\">\n                  \n<h3 style=\"text-align: left;\"><span style=\"font-size: 80%; line-height: 1.6;border-left: 5px solid #FFCA05;padding-left: 10px\"><strong>M\u00d4I TR\u01af\u1edcNG  C\u1ed8NG \u0110\u1ed2NG<\/strong><\/span><\/h3>\n              <\/div>\n           <\/div>\n       <\/div>       <\/div>              \n<style scope=\"scope\">\n\n#text-box-1129087069 {\n  width: 90%;\n}\n#text-box-1129087069 .text {\n  font-size: 129%;\n}\n\n\n@media (min-width:550px) {\n\n  #text-box-1129087069 {\n    width: 100%;\n  }\n  #text-box-1129087069 .text {\n    font-size: 123%;\n  }\n\n}\n<\/style>\n    <\/div>\n \n        <\/div>\n      <\/div>\n\n            \n<style scope=\"scope\">\n\n#banner-1899069373 {\n  padding-top: 150px;\n}\n#banner-1899069373 .bg.bg-loaded {\n  background-image: url(https:\/\/thietbitmg.com\/demo\/cokhi\/wp-content\/uploads\/2021\/06\/nganh-quan-tri-kinh-doanh-eea-1.jpg);\n}\n#banner-1899069373 .overlay {\n  background-color: rgba(0, 0, 0, 0.7);\n}\n#banner-1899069373 .bg {\n  background-position: 44% 34%;\n}\n\n\n@media (min-width:550px) {\n\n  #banner-1899069373 {\n    padding-top: 400px;\n  }\n\n}\n<\/style>\n  <\/div>\n\n\n\t\t<\/div>\n\n\t\t\n<style scope=\"scope\">\n\n#section_1993924684 {\n  padding-top: 0px;\n  padding-bottom: 0px;\n}\n<\/style>\n\t<\/section>\n\t\n\t<section class=\"section\" id=\"section_1191589764\">\n\t\t<div class=\"bg section-bg fill bg-fill  bg-loaded\" >\n\n\t\t\t\n\t\t\t\n\t\t\t\n\n\t\t<\/div>\n\n\t\t<div class=\"section-content relative\">\n\t\t\t\n<div class=\"row row-collapse row-solid\"  id=\"row-627347063\">\n\n\t<div class=\"col medium-6 small-12 large-6\"  >\n\t\t<div class=\"col-inner\" style=\"background-color:rgba(0, 0, 0, 0.58);\" >\n\t\t\t\n\t\t\t\n\t<div class=\"img has-hover x md-x lg-x y md-y lg-y\" id=\"image_742033052\">\n\t\t\t\t\t\t\t\t<div class=\"img-inner image-cover dark\" style=\"padding-top:296px;\">\n\t\t\t<img width=\"847\" height=\"536\" src=\"https:\/\/thietbitmg.com\/demo\/cokhi\/wp-content\/uploads\/2021\/06\/abc12.jpg\" class=\"attachment-large size-large\" alt=\"\" loading=\"lazy\" srcset=\"https:\/\/thietbitmg.com\/demo\/cokhi\/wp-content\/uploads\/2021\/06\/abc12.jpg 847w, https:\/\/thietbitmg.com\/demo\/cokhi\/wp-content\/uploads\/2021\/06\/abc12-632x400.jpg 632w, https:\/\/thietbitmg.com\/demo\/cokhi\/wp-content\/uploads\/2021\/06\/abc12-768x486.jpg 768w, https:\/\/thietbitmg.com\/demo\/cokhi\/wp-content\/uploads\/2021\/06\/abc12-24x15.jpg 24w, https:\/\/thietbitmg.com\/demo\/cokhi\/wp-content\/uploads\/2021\/06\/abc12-36x23.jpg 36w, https:\/\/thietbitmg.com\/demo\/cokhi\/wp-content\/uploads\/2021\/06\/abc12-48x30.jpg 48w, https:\/\/thietbitmg.com\/demo\/cokhi\/wp-content\/uploads\/2021\/06\/abc12-600x380.jpg 600w\" sizes=\"(max-width: 847px) 100vw, 847px\" \/>\t\t\t\t\t\t\n\t\t\t\t\t<\/div>\n\t\t\t\t\t\t\t\t\n<style scope=\"scope\">\n\n#image_742033052 {\n  width: 100%;\n}\n<\/style>\n\t<\/div>\n\t\n\t\t<\/div>\n\t<\/div>\n\n\t\n\n\t<div class=\"col medium-6 small-12 large-6\"  >\n\t\t<div class=\"col-inner\" style=\"background-color:rgba(0, 0, 0, 0.58);\" >\n\t\t\t\n\t\t\t\n<div class=\"container section-title-container\" ><h3 class=\"section-title section-title-normal\"><b><\/b><span class=\"section-title-main\" style=\"color:rgb(255, 255, 255);\">M\u00d4I TR\u01af\u1edcNG V\u00c0 C\u1ed8NG \u0110\u1ed2NG<\/span><b><\/b><\/h3><\/div>\n<p style=\"text-align: justify;\"><span style=\"color: #ffffff;\">Gi\u00e1 tr\u1ecb c\u1ed1t l\u00f5i l\u00e0 nh\u1eefng y\u1ebfu t\u1ed1 n\u00f2ng c\u1ed1t, tr\u1ecdng y\u1ebfu c\u1ee7a m\u1ed9t doanh nghi\u1ec7p. Trong m\u1ed9t t\u1ed5 ch\u1ee9c, core value \u0111\u00f3ng nhi\u1ec1u vai tr\u00f2 quan tr\u1ecdng nh\u01b0: \u0110\u1ecbnh h\u01b0\u1edbng t\u1ea7m nh\u00ecn chi\u1ebfn l\u01b0\u1ee3c, gi\u00e1 tr\u1ecb c\u1ed1t l\u00f5i l\u00e0 n\u1ec1n t\u1ea3ng chu\u1ea9n m\u1ef1c cho c\u00e1c th\u00e0nh vi\u00ean trong t\u1ed5 ch\u1ee9c \u0111i\u1ec1u h\u01b0\u1edbng h\u00e0nh vi \u1ee9ng x\u1eed c\u1ee7a m\u00ecnh. Gi\u00e1 tr\u1ecb c\u1ed1t l\u00f5i l\u00e0 nh\u1eefng y\u1ebfu t\u1ed1 n\u00f2ng c\u1ed1t, tr\u1ecdng y\u1ebfu c\u1ee7a m\u1ed9t doanh nghi\u1ec7p. Trong m\u1ed9t t\u1ed5 ch\u1ee9c, core value \u0111\u00f3ng nhi\u1ec1u vai tr\u00f2 quan tr\u1ecdng nh\u01b0: \u0110\u1ecbnh h\u01b0\u1edbng t\u1ea7m nh\u00ecn chi\u1ebfn l\u01b0\u1ee3c, gi\u00e1 tr\u1ecb c\u1ed1t l\u00f5i l\u00e0 n\u1ec1n t\u1ea3ng chu\u1ea9n m\u1ef1c cho c\u00e1c th\u00e0nh vi\u00ean trong t\u1ed5 ch\u1ee9c \u0111i\u1ec1u h\u01b0\u1edbng h\u00e0nh vi \u1ee9ng x\u1eed c\u1ee7a m\u00ecnh.<\/span><\/p>\n\t\t<\/div>\n\t<\/div>\n\n\t\n\n<style scope=\"scope\">\n\n#row-627347063 > .col > .col-inner {\n  background-color: rgba(46, 47, 49, 0.08);\n}\n<\/style>\n<\/div>\n\t\t<\/div>\n\n\t\t\n<style scope=\"scope\">\n\n#section_1191589764 {\n  padding-top: 30px;\n  padding-bottom: 30px;\n  margin-bottom: -25px;\n}\n<\/style>\n\t<\/section>\n\t\n<div class=\"row\"  id=\"row-1505551226\">\n\n\t<div class=\"col small-12 large-12\"  >\n\t\t<div class=\"col-inner\"  >\n\t\t\t\n\t\t\t\n<div class=\"container section-title-container\" ><h3 class=\"section-title section-title-normal\"><b><\/b><span class=\"section-title-main\" style=\"color:rgb(37, 98, 183);\">C\u00c1C \u0110\u01a0N V\u1eca TH\u00c0NH VI\u00caN<\/span><b><\/b><\/h3><\/div>\n<div class=\"row\"  id=\"row-994524556\">\n\n\t<div class=\"col small-12 large-12\"  >\n\t\t<div class=\"col-inner\"  >\n\t\t\t\n\t\t\t\n<div class=\"slider-wrapper relative\" id=\"slider-1236026307\" >\n    <div class=\"slider slider-nav-circle slider-nav-large slider-nav-light slider-style-normal\"\n        data-flickity-options='{\n            \"cellAlign\": \"center\",\n            \"imagesLoaded\": true,\n            \"lazyLoad\": 1,\n            \"freeScroll\": false,\n            \"wrapAround\": true,\n            \"autoPlay\": 1000,\n            \"pauseAutoPlayOnHover\" : true,\n            \"prevNextButtons\": true,\n            \"contain\" : true,\n            \"adaptiveHeight\" : true,\n            \"dragThreshold\" : 10,\n            \"percentPosition\": true,\n            \"pageDots\": true,\n            \"rightToLeft\": false,\n            \"draggable\": true,\n            \"selectedAttraction\": 0.1,\n            \"parallax\" : 0,\n            \"friction\": 0.6        }'\n        >\n        \n<div class=\"ux-logo has-hover align-middle ux_logo inline-block\" style=\"max-width: 100%!important; width: 209.34782608696px!important\"><div class=\"ux-logo-link block image-\" title=\"\"  href=\"\" style=\"padding: 15px;\"><img src=\"https:\/\/thietbitmg.com\/demo\/cokhi\/wp-content\/uploads\/2021\/06\/logo2.jpg\" title=\"\" alt=\"\" class=\"ux-logo-image block\" style=\"height:100px;\" \/><\/div><\/div>\n<div class=\"ux-logo has-hover align-middle ux_logo inline-block\" style=\"max-width: 100%!important; width: 209.34782608696px!important\"><div class=\"ux-logo-link block image-\" title=\"\"  href=\"\" style=\"padding: 15px;\"><img src=\"https:\/\/thietbitmg.com\/demo\/cokhi\/wp-content\/uploads\/2021\/06\/logo-1.jpg\" title=\"\" alt=\"\" class=\"ux-logo-image block\" style=\"height:100px;\" \/><\/div><\/div>\n<div class=\"ux-logo has-hover align-middle ux_logo inline-block\" style=\"max-width: 100%!important; width: 209.34782608696px!important\"><div class=\"ux-logo-link block image-\" title=\"\"  href=\"\" style=\"padding: 15px;\"><img src=\"https:\/\/thietbitmg.com\/demo\/cokhi\/wp-content\/uploads\/2021\/06\/logo2.jpg\" title=\"\" alt=\"\" class=\"ux-logo-image block\" style=\"height:100px;\" \/><\/div><\/div>\n<div class=\"ux-logo has-hover align-middle ux_logo inline-block\" style=\"max-width: 100%!important; width: 209.34782608696px!important\"><div class=\"ux-logo-link block image-\" title=\"\"  href=\"\" style=\"padding: 15px;\"><img src=\"https:\/\/thietbitmg.com\/demo\/cokhi\/wp-content\/uploads\/2021\/06\/logo-1.jpg\" title=\"\" alt=\"\" class=\"ux-logo-image block\" style=\"height:100px;\" \/><\/div><\/div>\n<div class=\"ux-logo has-hover align-middle ux_logo inline-block\" style=\"max-width: 100%!important; width: 209.34782608696px!important\"><div class=\"ux-logo-link block image-\" title=\"\"  href=\"\" style=\"padding: 15px;\"><img src=\"https:\/\/thietbitmg.com\/demo\/cokhi\/wp-content\/uploads\/2021\/06\/logo2.jpg\" title=\"\" alt=\"\" class=\"ux-logo-image block\" style=\"height:100px;\" \/><\/div><\/div>\n<div class=\"ux-logo has-hover align-middle ux_logo inline-block\" style=\"max-width: 100%!important; width: 209.34782608696px!important\"><div class=\"ux-logo-link block image-\" title=\"\"  href=\"\" style=\"padding: 15px;\"><img src=\"https:\/\/thietbitmg.com\/demo\/cokhi\/wp-content\/uploads\/2021\/06\/logo-1.jpg\" title=\"\" alt=\"\" class=\"ux-logo-image block\" style=\"height:100px;\" \/><\/div><\/div>\n<div class=\"ux-logo has-hover align-middle ux_logo inline-block\" style=\"max-width: 100%!important; width: 209.34782608696px!important\"><div class=\"ux-logo-link block image-\" title=\"\"  href=\"\" style=\"padding: 15px;\"><img src=\"https:\/\/thietbitmg.com\/demo\/cokhi\/wp-content\/uploads\/2021\/06\/logo2.jpg\" title=\"\" alt=\"\" class=\"ux-logo-image block\" style=\"height:100px;\" \/><\/div><\/div>\n<div class=\"ux-logo has-hover align-middle ux_logo inline-block\" style=\"max-width: 100%!important; width: 209.34782608696px!important\"><div class=\"ux-logo-link block image-\" title=\"\"  href=\"\" style=\"padding: 15px;\"><img src=\"https:\/\/thietbitmg.com\/demo\/cokhi\/wp-content\/uploads\/2021\/06\/logo-1.jpg\" title=\"\" alt=\"\" class=\"ux-logo-image block\" style=\"height:100px;\" \/><\/div><\/div>\n     <\/div>\n\n     <div class=\"loading-spin dark large centered\"><\/div>\n\n     <style scope=\"scope\">\n             <\/style>\n<\/div>\n\n\n\t\t<\/div>\n\t<\/div>\n\n\t\n<\/div>\n\t\t<\/div>\n\t<\/div>\n\n\t\n<\/div>\n\t<section class=\"section\" id=\"section_1693243833\">\n\t\t<div class=\"bg section-bg fill bg-fill  \" >\n\n\t\t\t\n\t\t\t<div class=\"section-bg-overlay absolute fill\"><\/div>\n\t\t\t\n\n\t\t<\/div>\n\n\t\t<div class=\"section-content relative\">\n\t\t\t\n\t<div id=\"gap-904120892\" class=\"gap-element clearfix\" style=\"display:block; height:auto;\">\n\t\t\n<style scope=\"scope\">\n\n#gap-904120892 {\n  padding-top: 30px;\n}\n<\/style>\n\t<\/div>\n\t\n<div class=\"row align-middle\"  id=\"row-2086541423\">\n\n\t<div class=\"col medium-8 small-12 large-8\"  >\n\t\t<div class=\"col-inner text-center\"  >\n\t\t\t\n\t\t\t\n<p style=\"text-align: left;\"><span style=\"font-size: 150%;\"><strong><span style=\"color: #ffffff;\">S\u1eb4N S\u00c0NG T\u0102NG T\u1ed0C K\u1ebe HO\u1ea0CH KINH DOANH C\u1ee6A B\u1ea0N<br \/><\/span><\/strong><span style=\"color: #ffffff;\"><span style=\"font-size: 70%;\">Ch\u00fang t\u00f4i c\u00f3 m\u1ed9t v\u00e0i k\u1ebf ho\u1ea1ch v\u00e0 gi\u1ea3i ph\u00e1p t\u1ed1t nh\u1ea5t cho m\u1ecdi ng\u01b0\u1eddi<\/span><\/span><\/span><\/p>\n\t\t<\/div>\n\t<\/div>\n\n\t\n\n\t<div class=\"col hide-for-medium medium-3 small-12 large-3\"  >\n\t\t<div class=\"col-inner text-center\"  >\n\t\t\t\n\t\t\t\n<p class=\"hoptacngay\" style=\"text-align: center;\"><i class=\"far fa-comments\"><\/i> <span style=\"color: #ffffff;\"><a style=\"color: #ffffff;\" href=\"https:\/\/chuongdesigner.name.vn\/cokhi\/contact-us\/\">H\u1ee2P T\u00c1C NGAY<\/a><\/span><\/p>\n\t\t<\/div>\n\t<\/div>\n\n\t\n\n\t<div class=\"col show-for-small medium-3 small-10 large-3\"  >\n\t\t<div class=\"col-inner text-center\"  >\n\t\t\t\n\t\t\t\n<p class=\"hoptacngay\" style=\"text-align: center;\"><i class=\"far fa-comments\"><\/i> <span style=\"color: #ffffff;\"><a style=\"color: #ffffff;\" href=\"https:\/\/chuongdesigner.name.vn\/cokhi\/contact-us\/\">H\u1ee2P T\u00c1C NGAY<\/a><\/span><\/p>\n\t\t<\/div>\n\t<\/div>\n\n\t\n\n<style scope=\"scope\">\n\n<\/style>\n<\/div>\n\t\t<\/div>\n\n\t\t\n<style scope=\"scope\">\n\n#section_1693243833 {\n  padding-top: 50px;\n  padding-bottom: 50px;\n}\n#section_1693243833 .section-bg-overlay {\n  background-color: rgba(0, 0, 0, 0.77);\n}\n#section_1693243833 .section-bg.bg-loaded {\n  background-image: url(https:\/\/thietbitmg.com\/demo\/cokhi\/wp-content\/uploads\/2021\/09\/12345.jpg);\n}\n<\/style>\n\t<\/section>\n\t\n\t<div id=\"gap-2063715437\" class=\"gap-element clearfix\" style=\"display:block; height:auto;\">\n\t\t\n<style scope=\"scope\">\n\n#gap-2063715437 {\n  padding-top: 50px;\n}\n<\/style>\n\t<\/div>\n\t\n","protected":false},"excerpt":{"rendered":"","protected":false},"author":1,"featured_media":0,"parent":1287,"menu_order":0,"comment_status":"closed","ping_status":"closed","template":"page-blank.php","meta":[],"_links":{"self":[{"href":"https:\/\/thietbitmg.com\/demo\/cokhi\/wp-json\/wp\/v2\/pages\/3109"}],"collection":[{"href":"https:\/\/thietbitmg.com\/demo\/cokhi\/wp-json\/wp\/v2\/pages"}],"about":[{"href":"https:\/\/thietbitmg.com\/demo\/cokhi\/wp-json\/wp\/v2\/types\/page"}],"author":[{"embeddable":true,"href":"https:\/\/thietbitmg.com\/demo\/cokhi\/wp-json\/wp\/v2\/users\/1"}],"replies":[{"embeddable":true,"href":"https:\/\/thietbitmg.com\/demo\/cokhi\/wp-json\/wp\/v2\/comments?post=3109"}],"version-history":[{"count":11,"href":"https:\/\/thietbitmg.com\/demo\/cokhi\/wp-json\/wp\/v2\/pages\/3109\/revisions"}],"predecessor-version":[{"id":3555,"href":"https:\/\/thietbitmg.com\/demo\/cokhi\/wp-json\/wp\/v2\/pages\/3109\/revisions\/3555"}],"up":[{"embeddable":true,"href":"https:\/\/thietbitmg.com\/demo\/cokhi\/wp-json\/wp\/v2\/pages\/1287"}],"wp:attachment":[{"href":"https:\/\/thietbitmg.com\/demo\/cokhi\/wp-json\/wp\/v2\/media?parent=3109"}],"curies":[{"name":"wp","href":"https:\/\/api.w.org\/{rel}","templated":true}]}}