{"id":3191,"date":"2021-09-07T02:45:51","date_gmt":"2021-09-07T02:45:51","guid":{"rendered":"https:\/\/chuongdesigner.name.vn\/cokhi\/?page_id=3191"},"modified":"2021-09-07T10:34:38","modified_gmt":"2021-09-07T10:34:38","slug":"tam-nhin-su-menh","status":"publish","type":"page","link":"https:\/\/thietbitmg.com\/demo\/cokhi\/gioi-thieu\/tam-nhin-su-menh\/","title":{"rendered":"T\u1ea7m nh\u00ecn &#8211; s\u1ee9 m\u1ec7nh"},"content":{"rendered":"\t<section class=\"section hide-for-medium\" id=\"section_1639429976\">\n\t\t<div class=\"bg section-bg fill bg-fill  bg-loaded\" >\n\n\t\t\t\n\t\t\t\n\t\t\t\n\n\t\t<\/div>\n\n\t\t<div class=\"section-content relative\">\n\t\t\t\n\n  <div class=\"banner has-hover\" id=\"banner-1355028851\">\n          <div class=\"banner-inner fill\">\n        <div class=\"banner-bg fill\" >\n            <div class=\"bg fill bg-fill \"><\/div>\n                        <div class=\"overlay\"><\/div>            \n                    <\/div>\n        <div class=\"banner-layers container\">\n            <div class=\"fill banner-link\"><\/div>            \n   <div id=\"text-box-389846898\" class=\"text-box banner-layer x50 md-x50 lg-x50 y50 md-y90 lg-y90 res-text\">\n              <div data-parallax=\"2\" data-parallax-fade=\"true\">       <div data-animate=\"none\">           <div class=\"text dark text-shadow-2\">\n              \n              <div class=\"text-inner text-center\">\n                  \n<h3 style=\"text-align: left;\"><span style=\"font-size: 80%; line-height: 1.6;border-left: 5px solid #FFCA05;padding-left: 10px\"><strong>T\u1ea6M NH\u00ccN &#8211; S\u1ee8 M\u1ec6NH<\/strong><\/span><\/h3>\n              <\/div>\n           <\/div>\n       <\/div>       <\/div>              \n<style scope=\"scope\">\n\n#text-box-389846898 {\n  width: 90%;\n}\n#text-box-389846898 .text {\n  font-size: 129%;\n}\n\n\n@media (min-width:550px) {\n\n  #text-box-389846898 {\n    width: 100%;\n  }\n  #text-box-389846898 .text {\n    font-size: 123%;\n  }\n\n}\n<\/style>\n    <\/div>\n \n        <\/div>\n      <\/div>\n\n            \n<style scope=\"scope\">\n\n#banner-1355028851 {\n  padding-top: 400px;\n}\n#banner-1355028851 .bg.bg-loaded {\n  background-image: url(https:\/\/thietbitmg.com\/demo\/cokhi\/wp-content\/uploads\/2021\/06\/nganh-quan-tri-kinh-doanh-eea-1.jpg);\n}\n#banner-1355028851 .overlay {\n  background-color: rgba(0, 0, 0, 0.7);\n}\n#banner-1355028851 .bg {\n  background-position: 44% 34%;\n}\n<\/style>\n  <\/div>\n\n\n\t\t<\/div>\n\n\t\t\n<style scope=\"scope\">\n\n#section_1639429976 {\n  padding-top: 0px;\n  padding-bottom: 0px;\n}\n<\/style>\n\t<\/section>\n\t\n\t<section class=\"section show-for-small\" id=\"section_1896046011\">\n\t\t<div class=\"bg section-bg fill bg-fill  bg-loaded\" >\n\n\t\t\t\n\t\t\t\n\t\t\t\n\n\t\t<\/div>\n\n\t\t<div class=\"section-content relative\">\n\t\t\t\n\n  <div class=\"banner has-hover\" id=\"banner-1552859612\">\n          <div class=\"banner-inner fill\">\n        <div class=\"banner-bg fill\" >\n            <div class=\"bg fill bg-fill \"><\/div>\n                        <div class=\"overlay\"><\/div>            \n                    <\/div>\n        <div class=\"banner-layers container\">\n            <div class=\"fill banner-link\"><\/div>            \n   <div id=\"text-box-71395858\" class=\"text-box banner-layer x50 md-x50 lg-x50 y50 md-y90 lg-y90 res-text\">\n              <div data-parallax=\"2\" data-parallax-fade=\"true\">       <div data-animate=\"none\">           <div class=\"text dark text-shadow-2\">\n              \n              <div class=\"text-inner text-center\">\n                  \n<h3 style=\"text-align: left;\"><span style=\"font-size: 80%; line-height: 1.6;border-left: 5px solid #FFCA05;padding-left: 10px\"><strong>T\u1ea6M NH\u00ccN &#8211; S\u1ee8 M\u1ec6NH<\/strong><\/span><\/h3>\n              <\/div>\n           <\/div>\n       <\/div>       <\/div>              \n<style scope=\"scope\">\n\n#text-box-71395858 {\n  width: 90%;\n}\n#text-box-71395858 .text {\n  font-size: 129%;\n}\n\n\n@media (min-width:550px) {\n\n  #text-box-71395858 {\n    width: 100%;\n  }\n  #text-box-71395858 .text {\n    font-size: 123%;\n  }\n\n}\n<\/style>\n    <\/div>\n \n        <\/div>\n      <\/div>\n\n            \n<style scope=\"scope\">\n\n#banner-1552859612 {\n  padding-top: 150px;\n}\n#banner-1552859612 .bg.bg-loaded {\n  background-image: url(https:\/\/thietbitmg.com\/demo\/cokhi\/wp-content\/uploads\/2021\/06\/nganh-quan-tri-kinh-doanh-eea-1.jpg);\n}\n#banner-1552859612 .overlay {\n  background-color: rgba(0, 0, 0, 0.7);\n}\n#banner-1552859612 .bg {\n  background-position: 44% 34%;\n}\n\n\n@media (min-width:550px) {\n\n  #banner-1552859612 {\n    padding-top: 400px;\n  }\n\n}\n<\/style>\n  <\/div>\n\n\n\t\t<\/div>\n\n\t\t\n<style scope=\"scope\">\n\n#section_1896046011 {\n  padding-top: 0px;\n  padding-bottom: 0px;\n}\n<\/style>\n\t<\/section>\n\t\n\t<div id=\"gap-1357187408\" class=\"gap-element clearfix\" style=\"display:block; height:auto;\">\n\t\t\n<style scope=\"scope\">\n\n#gap-1357187408 {\n  padding-top: 1px;\n}\n\n\n@media (min-width:550px) {\n\n  #gap-1357187408 {\n    padding-top: 30px;\n  }\n\n}\n<\/style>\n\t<\/div>\n\t\n<div class=\"row\"  id=\"row-2103093556\">\n\n\t<div class=\"col small-12 large-12\"  >\n\t\t<div class=\"col-inner\"  >\n\t\t\t\n\t\t\t\n<div class=\"row row-collapse row-dashed\"  id=\"row-1856170242\">\n\n\t<div class=\"col medium-6 small-12 large-6\"  >\n\t\t<div class=\"col-inner\"  >\n\t\t\t\n\t\t\t\n<div class=\"row\"  id=\"row-1326547569\">\n\n\t<div class=\"col medium-6 small-12 large-6\"  >\n\t\t<div class=\"col-inner\"  >\n\t\t\t\n\t\t\t\n<div class=\"container section-title-container\" ><h3 class=\"section-title section-title-normal\"><b><\/b><span class=\"section-title-main\" style=\"color:rgb(37, 98, 183);\">T\u1ea6M NH\u00ccN<\/span><b><\/b><\/h3><\/div>\n<p style=\"text-align: justify;\"><span style=\"color: #000000; font-size: 90%;\">\u0110em \u0111\u1ebfn cho th\u1ecb tr\u01b0\u1eddng nh\u1eefng s\u1ea3n ph\u1ea9m &#8211; d\u1ecbch v\u1ee5 theo ti\u00eau chu\u1ea9n qu\u1ed1c t\u1ebf v\u00e0 nh\u1eefng tr\u1ea3i nghi\u1ec7m ho\u00e0n to\u00e0n m\u1edbi. Hy v\u1ecdng c\u00e1c d\u1ecbch v\u1ee5 c\u1ee7a ch\u00fang t\u00f4i s\u1ebd mang \u0111\u1ebfn s\u1ef1 h\u00e0i l\u00f2ng d\u00e0nh cho c\u00e1c b\u1ea1n. H\u00e3y li\u00ean h\u1ec7 ngay v\u1edbi ch\u00fang t\u00f4i \u0111\u1ec3 nh\u1eadn \u0111\u01b0\u1ee3c nh\u1eefng \u01b0u \u0111\u00e3i v\u00e0 th\u00f4ng tin h\u1ea5p d\u1eabn nh\u1ea5t nh\u00e9 !<\/span><\/p>\n\t\t<\/div>\n\t<\/div>\n\n\t\n\n\t<div class=\"col medium-6 small-12 large-6\"  >\n\t\t<div class=\"col-inner\"  >\n\t\t\t\n\t\t\t\n\t<div class=\"img has-hover x md-x lg-x y md-y lg-y\" id=\"image_82003521\">\n\t\t\t\t\t\t\t\t<div class=\"img-inner image-cover dark\" style=\"padding-top:400px;\">\n\t\t\t<img width=\"428\" height=\"718\" src=\"https:\/\/thietbitmg.com\/demo\/cokhi\/wp-content\/uploads\/2021\/06\/A1.jpg\" class=\"attachment-large size-large\" alt=\"\" loading=\"lazy\" srcset=\"https:\/\/thietbitmg.com\/demo\/cokhi\/wp-content\/uploads\/2021\/06\/A1.jpg 428w, https:\/\/thietbitmg.com\/demo\/cokhi\/wp-content\/uploads\/2021\/06\/A1-238x400.jpg 238w, https:\/\/thietbitmg.com\/demo\/cokhi\/wp-content\/uploads\/2021\/06\/A1-14x24.jpg 14w, https:\/\/thietbitmg.com\/demo\/cokhi\/wp-content\/uploads\/2021\/06\/A1-21x36.jpg 21w, https:\/\/thietbitmg.com\/demo\/cokhi\/wp-content\/uploads\/2021\/06\/A1-29x48.jpg 29w\" sizes=\"(max-width: 428px) 100vw, 428px\" \/>\t\t\t\t\t\t\n\t\t\t\t\t<\/div>\n\t\t\t\t\t\t\t\t\n<style scope=\"scope\">\n\n#image_82003521 {\n  width: 100%;\n}\n<\/style>\n\t<\/div>\n\t\n\t\t<\/div>\n\t<\/div>\n\n\t\n<\/div>\n\t\t<\/div>\n\t<\/div>\n\n\t\n\n\t<div class=\"col medium-6 small-12 large-6\"  >\n\t\t<div class=\"col-inner\"  >\n\t\t\t\n\t\t\t\n<div class=\"row\"  id=\"row-514797963\">\n\n\t<div class=\"col medium-6 small-12 large-6\"  >\n\t\t<div class=\"col-inner\"  >\n\t\t\t\n\t\t\t\n<div class=\"container section-title-container\" ><h3 class=\"section-title section-title-normal\"><b><\/b><span class=\"section-title-main\" style=\"color:rgb(37, 98, 183);\">S\u1ee8 M\u1ec6NH<\/span><b><\/b><\/h3><\/div>\n<p style=\"text-align: justify;\"><span style=\"color: #000000; font-size: 90%;\">\u0110em \u0111\u1ebfn cho th\u1ecb tr\u01b0\u1eddng nh\u1eefng s\u1ea3n ph\u1ea9m &#8211; d\u1ecbch v\u1ee5 theo ti\u00eau chu\u1ea9n qu\u1ed1c t\u1ebf v\u00e0 nh\u1eefng tr\u1ea3i nghi\u1ec7m ho\u00e0n to\u00e0n m\u1edbi. Hy v\u1ecdng c\u00e1c d\u1ecbch v\u1ee5 c\u1ee7a ch\u00fang t\u00f4i s\u1ebd mang \u0111\u1ebfn s\u1ef1 h\u00e0i l\u00f2ng d\u00e0nh cho c\u00e1c b\u1ea1n. H\u00e3y li\u00ean h\u1ec7 ngay v\u1edbi ch\u00fang t\u00f4i \u0111\u1ec3 nh\u1eadn \u0111\u01b0\u1ee3c nh\u1eefng \u01b0u \u0111\u00e3i v\u00e0 th\u00f4ng tin h\u1ea5p d\u1eabn nh\u1ea5t nh\u00e9 !<\/span><\/p>\n\t\t<\/div>\n\t<\/div>\n\n\t\n\n\t<div class=\"col medium-6 small-12 large-6\"  >\n\t\t<div class=\"col-inner\"  >\n\t\t\t\n\t\t\t\n\t<div class=\"img has-hover x md-x lg-x y md-y lg-y\" id=\"image_764798455\">\n\t\t\t\t\t\t\t\t<div class=\"img-inner image-cover dark\" style=\"padding-top:400px;\">\n\t\t\t<img width=\"428\" height=\"718\" src=\"https:\/\/thietbitmg.com\/demo\/cokhi\/wp-content\/uploads\/2021\/06\/A1.jpg\" class=\"attachment-large size-large\" alt=\"\" loading=\"lazy\" srcset=\"https:\/\/thietbitmg.com\/demo\/cokhi\/wp-content\/uploads\/2021\/06\/A1.jpg 428w, https:\/\/thietbitmg.com\/demo\/cokhi\/wp-content\/uploads\/2021\/06\/A1-238x400.jpg 238w, https:\/\/thietbitmg.com\/demo\/cokhi\/wp-content\/uploads\/2021\/06\/A1-14x24.jpg 14w, https:\/\/thietbitmg.com\/demo\/cokhi\/wp-content\/uploads\/2021\/06\/A1-21x36.jpg 21w, https:\/\/thietbitmg.com\/demo\/cokhi\/wp-content\/uploads\/2021\/06\/A1-29x48.jpg 29w\" sizes=\"(max-width: 428px) 100vw, 428px\" \/>\t\t\t\t\t\t\n\t\t\t\t\t<\/div>\n\t\t\t\t\t\t\t\t\n<style scope=\"scope\">\n\n#image_764798455 {\n  width: 100%;\n}\n<\/style>\n\t<\/div>\n\t\n\t\t<\/div>\n\t<\/div>\n\n\t\n<\/div>\n\t\t<\/div>\n\t<\/div>\n\n\t\n\n<style scope=\"scope\">\n\n<\/style>\n<\/div>\n\t\t<\/div>\n\t<\/div>\n\n\t\n<\/div>\n\t<section class=\"section\" id=\"section_2107363425\">\n\t\t<div class=\"bg section-bg fill bg-fill  \" >\n\n\t\t\t\n\t\t\t<div class=\"section-bg-overlay absolute fill\"><\/div>\n\t\t\t\n\n\t\t<\/div>\n\n\t\t<div class=\"section-content relative\">\n\t\t\t\n\t<div id=\"gap-2040498272\" class=\"gap-element clearfix\" style=\"display:block; height:auto;\">\n\t\t\n<style scope=\"scope\">\n\n#gap-2040498272 {\n  padding-top: 30px;\n}\n<\/style>\n\t<\/div>\n\t\n<div class=\"row align-middle\"  id=\"row-1123992790\">\n\n\t<div class=\"col medium-8 small-12 large-8\"  >\n\t\t<div class=\"col-inner text-center\"  >\n\t\t\t\n\t\t\t\n<p style=\"text-align: left;\"><span style=\"font-size: 150%;\"><strong><span style=\"color: #ffffff;\">S\u1eb4N S\u00c0NG T\u0102NG T\u1ed0C K\u1ebe HO\u1ea0CH KINH DOANH C\u1ee6A B\u1ea0N<br \/><\/span><\/strong><span style=\"color: #ffffff;\"><span style=\"font-size: 70%;\">Ch\u00fang t\u00f4i c\u00f3 m\u1ed9t v\u00e0i k\u1ebf ho\u1ea1ch v\u00e0 gi\u1ea3i ph\u00e1p t\u1ed1t nh\u1ea5t cho m\u1ecdi ng\u01b0\u1eddi<\/span><\/span><\/span><\/p>\n\t\t<\/div>\n\t<\/div>\n\n\t\n\n\t<div class=\"col hide-for-medium medium-3 small-12 large-3\"  >\n\t\t<div class=\"col-inner text-center\"  >\n\t\t\t\n\t\t\t\n<p class=\"hoptacngay\" style=\"text-align: center;\"><i class=\"far fa-comments\"><\/i> <span style=\"color: #ffffff;\"><a style=\"color: #ffffff;\" href=\"https:\/\/chuongdesigner.name.vn\/cokhi\/contact-us\/\">H\u1ee2P T\u00c1C NGAY<\/a><\/span><\/p>\n\t\t<\/div>\n\t<\/div>\n\n\t\n\n\t<div class=\"col show-for-small medium-3 small-10 large-3\"  >\n\t\t<div class=\"col-inner text-center\"  >\n\t\t\t\n\t\t\t\n<p class=\"hoptacngay\" style=\"text-align: center;\"><i class=\"far fa-comments\"><\/i> <span style=\"color: #ffffff;\"><a style=\"color: #ffffff;\" href=\"https:\/\/chuongdesigner.name.vn\/cokhi\/contact-us\/\">H\u1ee2P T\u00c1C NGAY<\/a><\/span><\/p>\n\t\t<\/div>\n\t<\/div>\n\n\t\n\n<style scope=\"scope\">\n\n<\/style>\n<\/div>\n\t\t<\/div>\n\n\t\t\n<style scope=\"scope\">\n\n#section_2107363425 {\n  padding-top: 50px;\n  padding-bottom: 50px;\n}\n#section_2107363425 .section-bg-overlay {\n  background-color: rgba(0, 0, 0, 0.77);\n}\n#section_2107363425 .section-bg.bg-loaded {\n  background-image: url(https:\/\/thietbitmg.com\/demo\/cokhi\/wp-content\/uploads\/2021\/09\/12345.jpg);\n}\n<\/style>\n\t<\/section>\n\t\n\t<div id=\"gap-23300629\" class=\"gap-element clearfix\" style=\"display:block; height:auto;\">\n\t\t\n<style scope=\"scope\">\n\n#gap-23300629 {\n  padding-top: 50px;\n}\n<\/style>\n\t<\/div>\n\t\n","protected":false},"excerpt":{"rendered":"","protected":false},"author":1,"featured_media":0,"parent":1661,"menu_order":0,"comment_status":"closed","ping_status":"closed","template":"page-blank.php","meta":[],"_links":{"self":[{"href":"https:\/\/thietbitmg.com\/demo\/cokhi\/wp-json\/wp\/v2\/pages\/3191"}],"collection":[{"href":"https:\/\/thietbitmg.com\/demo\/cokhi\/wp-json\/wp\/v2\/pages"}],"about":[{"href":"https:\/\/thietbitmg.com\/demo\/cokhi\/wp-json\/wp\/v2\/types\/page"}],"author":[{"embeddable":true,"href":"https:\/\/thietbitmg.com\/demo\/cokhi\/wp-json\/wp\/v2\/users\/1"}],"replies":[{"embeddable":true,"href":"https:\/\/thietbitmg.com\/demo\/cokhi\/wp-json\/wp\/v2\/comments?post=3191"}],"version-history":[{"count":10,"href":"https:\/\/thietbitmg.com\/demo\/cokhi\/wp-json\/wp\/v2\/pages\/3191\/revisions"}],"predecessor-version":[{"id":3546,"href":"https:\/\/thietbitmg.com\/demo\/cokhi\/wp-json\/wp\/v2\/pages\/3191\/revisions\/3546"}],"up":[{"embeddable":true,"href":"https:\/\/thietbitmg.com\/demo\/cokhi\/wp-json\/wp\/v2\/pages\/1661"}],"wp:attachment":[{"href":"https:\/\/thietbitmg.com\/demo\/cokhi\/wp-json\/wp\/v2\/media?parent=3191"}],"curies":[{"name":"wp","href":"https:\/\/api.w.org\/{rel}","templated":true}]}}