{"id":3196,"date":"2021-09-07T02:48:18","date_gmt":"2021-09-07T02:48:18","guid":{"rendered":"https:\/\/chuongdesigner.name.vn\/cokhi\/?page_id=3196"},"modified":"2021-09-07T10:34:54","modified_gmt":"2021-09-07T10:34:54","slug":"gia-tri-cot-loi","status":"publish","type":"page","link":"https:\/\/thietbitmg.com\/demo\/cokhi\/gioi-thieu\/gia-tri-cot-loi\/","title":{"rendered":"Gi\u00e1 tr\u1ecb c\u1ed1t l\u00f5i"},"content":{"rendered":"\t<section class=\"section hide-for-medium\" id=\"section_453986069\">\n\t\t<div class=\"bg section-bg fill bg-fill  bg-loaded\" >\n\n\t\t\t\n\t\t\t\n\t\t\t\n\n\t\t<\/div>\n\n\t\t<div class=\"section-content relative\">\n\t\t\t\n\n  <div class=\"banner has-hover\" id=\"banner-2054427094\">\n          <div class=\"banner-inner fill\">\n        <div class=\"banner-bg fill\" >\n            <div class=\"bg fill bg-fill \"><\/div>\n                        <div class=\"overlay\"><\/div>            \n                    <\/div>\n        <div class=\"banner-layers container\">\n            <div class=\"fill banner-link\"><\/div>            \n   <div id=\"text-box-784658660\" class=\"text-box banner-layer x50 md-x50 lg-x50 y50 md-y90 lg-y90 res-text\">\n              <div data-parallax=\"2\" data-parallax-fade=\"true\">       <div data-animate=\"none\">           <div class=\"text dark text-shadow-2\">\n              \n              <div class=\"text-inner text-center\">\n                  \n<h3 style=\"text-align: left;\"><span style=\"font-size: 80%; line-height: 1.6;border-left: 5px solid #FFCA05;padding-left: 10px\"><strong>GI\u00c1 TR\u1eca C\u1ed0T L\u00d5I<\/strong><\/span><\/h3>\n              <\/div>\n           <\/div>\n       <\/div>       <\/div>              \n<style scope=\"scope\">\n\n#text-box-784658660 {\n  width: 90%;\n}\n#text-box-784658660 .text {\n  font-size: 129%;\n}\n\n\n@media (min-width:550px) {\n\n  #text-box-784658660 {\n    width: 100%;\n  }\n  #text-box-784658660 .text {\n    font-size: 123%;\n  }\n\n}\n<\/style>\n    <\/div>\n \n        <\/div>\n      <\/div>\n\n            \n<style scope=\"scope\">\n\n#banner-2054427094 {\n  padding-top: 400px;\n}\n#banner-2054427094 .bg.bg-loaded {\n  background-image: url(https:\/\/thietbitmg.com\/demo\/cokhi\/wp-content\/uploads\/2021\/06\/nganh-quan-tri-kinh-doanh-eea-1.jpg);\n}\n#banner-2054427094 .overlay {\n  background-color: rgba(0, 0, 0, 0.7);\n}\n#banner-2054427094 .bg {\n  background-position: 44% 34%;\n}\n<\/style>\n  <\/div>\n\n\n\t\t<\/div>\n\n\t\t\n<style scope=\"scope\">\n\n#section_453986069 {\n  padding-top: 0px;\n  padding-bottom: 0px;\n}\n<\/style>\n\t<\/section>\n\t\n\t<section class=\"section show-for-small\" id=\"section_808013053\">\n\t\t<div class=\"bg section-bg fill bg-fill  bg-loaded\" >\n\n\t\t\t\n\t\t\t\n\t\t\t\n\n\t\t<\/div>\n\n\t\t<div class=\"section-content relative\">\n\t\t\t\n\n  <div class=\"banner has-hover\" id=\"banner-954915726\">\n          <div class=\"banner-inner fill\">\n        <div class=\"banner-bg fill\" >\n            <div class=\"bg fill bg-fill \"><\/div>\n                        <div class=\"overlay\"><\/div>            \n                    <\/div>\n        <div class=\"banner-layers container\">\n            <div class=\"fill banner-link\"><\/div>            \n   <div id=\"text-box-1881305479\" class=\"text-box banner-layer x50 md-x50 lg-x50 y50 md-y90 lg-y90 res-text\">\n              <div data-parallax=\"2\" data-parallax-fade=\"true\">       <div data-animate=\"none\">           <div class=\"text dark text-shadow-2\">\n              \n              <div class=\"text-inner text-center\">\n                  \n<h3 style=\"text-align: left;\"><span style=\"font-size: 80%; line-height: 1.6;border-left: 5px solid #FFCA05;padding-left: 10px\"><strong>GI\u00c1 TR\u1eca C\u1ed0T L\u00d5I<\/strong><\/span><\/h3>\n              <\/div>\n           <\/div>\n       <\/div>       <\/div>              \n<style scope=\"scope\">\n\n#text-box-1881305479 {\n  width: 90%;\n}\n#text-box-1881305479 .text {\n  font-size: 129%;\n}\n\n\n@media (min-width:550px) {\n\n  #text-box-1881305479 {\n    width: 100%;\n  }\n  #text-box-1881305479 .text {\n    font-size: 123%;\n  }\n\n}\n<\/style>\n    <\/div>\n \n        <\/div>\n      <\/div>\n\n            \n<style scope=\"scope\">\n\n#banner-954915726 {\n  padding-top: 150px;\n}\n#banner-954915726 .bg.bg-loaded {\n  background-image: url(https:\/\/thietbitmg.com\/demo\/cokhi\/wp-content\/uploads\/2021\/06\/nganh-quan-tri-kinh-doanh-eea-1.jpg);\n}\n#banner-954915726 .overlay {\n  background-color: rgba(0, 0, 0, 0.7);\n}\n#banner-954915726 .bg {\n  background-position: 44% 34%;\n}\n\n\n@media (min-width:550px) {\n\n  #banner-954915726 {\n    padding-top: 400px;\n  }\n\n}\n<\/style>\n  <\/div>\n\n\n\t\t<\/div>\n\n\t\t\n<style scope=\"scope\">\n\n#section_808013053 {\n  padding-top: 0px;\n  padding-bottom: 0px;\n}\n<\/style>\n\t<\/section>\n\t\n\t<section class=\"section\" id=\"section_1791870209\">\n\t\t<div class=\"bg section-bg fill bg-fill  bg-loaded\" >\n\n\t\t\t\n\t\t\t\n\t\t\t\n\n\t\t<\/div>\n\n\t\t<div class=\"section-content relative\">\n\t\t\t\n<div class=\"row row-collapse row-solid\"  id=\"row-1303378746\">\n\n\t<div class=\"col medium-6 small-12 large-6\"  >\n\t\t<div class=\"col-inner\"  >\n\t\t\t\n\t\t\t\n\t<div class=\"img has-hover x md-x lg-x y md-y lg-y\" id=\"image_40437027\">\n\t\t\t\t\t\t\t\t<div class=\"img-inner image-cover dark\" style=\"padding-top:298px;\">\n\t\t\t<img width=\"1020\" height=\"529\" src=\"https:\/\/thietbitmg.com\/demo\/cokhi\/wp-content\/uploads\/2021\/06\/HUIINH6.jpg\" class=\"attachment-large size-large\" alt=\"\" loading=\"lazy\" srcset=\"https:\/\/thietbitmg.com\/demo\/cokhi\/wp-content\/uploads\/2021\/06\/HUIINH6.jpg 1180w, https:\/\/thietbitmg.com\/demo\/cokhi\/wp-content\/uploads\/2021\/06\/HUIINH6-771x400.jpg 771w, https:\/\/thietbitmg.com\/demo\/cokhi\/wp-content\/uploads\/2021\/06\/HUIINH6-768x398.jpg 768w, https:\/\/thietbitmg.com\/demo\/cokhi\/wp-content\/uploads\/2021\/06\/HUIINH6-24x12.jpg 24w, https:\/\/thietbitmg.com\/demo\/cokhi\/wp-content\/uploads\/2021\/06\/HUIINH6-36x19.jpg 36w, https:\/\/thietbitmg.com\/demo\/cokhi\/wp-content\/uploads\/2021\/06\/HUIINH6-48x25.jpg 48w, https:\/\/thietbitmg.com\/demo\/cokhi\/wp-content\/uploads\/2021\/06\/HUIINH6-600x311.jpg 600w\" sizes=\"(max-width: 1020px) 100vw, 1020px\" \/>\t\t\t\t\t\t\n\t\t\t\t\t<\/div>\n\t\t\t\t\t\t\t\t\n<style scope=\"scope\">\n\n#image_40437027 {\n  width: 100%;\n}\n<\/style>\n\t<\/div>\n\t\n\t\t<\/div>\n\t<\/div>\n\n\t\n\n\t<div class=\"col medium-6 small-12 large-6\"  >\n\t\t<div class=\"col-inner\"  >\n\t\t\t\n\t\t\t\n<div class=\"container section-title-container\" ><h3 class=\"section-title section-title-normal\"><b><\/b><span class=\"section-title-main\" style=\"color:rgb(37, 98, 183);\">GI\u00c1 TR\u1eca C\u1ed0T L\u00d5I<\/span><b><\/b><\/h3><\/div>\n<p style=\"text-align: justify;\"><span style=\"color: #000000;\">Gi\u00e1 tr\u1ecb c\u1ed1t l\u00f5i l\u00e0 nh\u1eefng y\u1ebfu t\u1ed1 n\u00f2ng c\u1ed1t, tr\u1ecdng y\u1ebfu c\u1ee7a m\u1ed9t doanh nghi\u1ec7p. Trong m\u1ed9t t\u1ed5 ch\u1ee9c, core value \u0111\u00f3ng nhi\u1ec1u vai tr\u00f2 quan tr\u1ecdng nh\u01b0: \u0110\u1ecbnh h\u01b0\u1edbng t\u1ea7m nh\u00ecn chi\u1ebfn l\u01b0\u1ee3c, gi\u00e1 tr\u1ecb c\u1ed1t l\u00f5i l\u00e0 n\u1ec1n t\u1ea3ng chu\u1ea9n m\u1ef1c cho c\u00e1c th\u00e0nh vi\u00ean trong t\u1ed5 ch\u1ee9c \u0111i\u1ec1u h\u01b0\u1edbng h\u00e0nh vi \u1ee9ng x\u1eed c\u1ee7a m\u00ecnh. Gi\u00e1 tr\u1ecb c\u1ed1t l\u00f5i l\u00e0 nh\u1eefng y\u1ebfu t\u1ed1 n\u00f2ng c\u1ed1t, tr\u1ecdng y\u1ebfu c\u1ee7a m\u1ed9t doanh nghi\u1ec7p. Trong m\u1ed9t t\u1ed5 ch\u1ee9c, core value \u0111\u00f3ng nhi\u1ec1u vai tr\u00f2 quan tr\u1ecdng nh\u01b0: \u0110\u1ecbnh h\u01b0\u1edbng t\u1ea7m nh\u00ecn chi\u1ebfn l\u01b0\u1ee3c, gi\u00e1 tr\u1ecb c\u1ed1t l\u00f5i l\u00e0 n\u1ec1n t\u1ea3ng chu\u1ea9n m\u1ef1c cho c\u00e1c th\u00e0nh vi\u00ean trong t\u1ed5 ch\u1ee9c \u0111i\u1ec1u h\u01b0\u1edbng h\u00e0nh vi \u1ee9ng x\u1eed c\u1ee7a m\u00ecnh.<\/span><\/p>\n\t\t<\/div>\n\t<\/div>\n\n\t\n\n<style scope=\"scope\">\n\n#row-1303378746 > .col > .col-inner {\n  background-color: rgba(46, 47, 49, 0.08);\n}\n<\/style>\n<\/div>\n\t<div id=\"gap-1942441440\" class=\"gap-element clearfix\" style=\"display:block; height:auto;\">\n\t\t\n<style scope=\"scope\">\n\n#gap-1942441440 {\n  padding-top: 30px;\n}\n<\/style>\n\t<\/div>\n\t\n\t\t<\/div>\n\n\t\t\n<style scope=\"scope\">\n\n#section_1791870209 {\n  padding-top: 30px;\n  padding-bottom: 30px;\n  margin-bottom: -25px;\n}\n<\/style>\n\t<\/section>\n\t\n\t<section class=\"section\" id=\"section_967236327\">\n\t\t<div class=\"bg section-bg fill bg-fill  \" >\n\n\t\t\t\n\t\t\t<div class=\"section-bg-overlay absolute fill\"><\/div>\n\t\t\t\n\n\t\t<\/div>\n\n\t\t<div class=\"section-content relative\">\n\t\t\t\n\t<div id=\"gap-694792498\" class=\"gap-element clearfix\" style=\"display:block; height:auto;\">\n\t\t\n<style scope=\"scope\">\n\n#gap-694792498 {\n  padding-top: 30px;\n}\n<\/style>\n\t<\/div>\n\t\n<div class=\"row align-middle\"  id=\"row-1158590331\">\n\n\t<div class=\"col medium-8 small-12 large-8\"  >\n\t\t<div class=\"col-inner text-center\"  >\n\t\t\t\n\t\t\t\n<p style=\"text-align: left;\"><span style=\"font-size: 150%;\"><strong><span style=\"color: #ffffff;\">S\u1eb4N S\u00c0NG T\u0102NG T\u1ed0C K\u1ebe HO\u1ea0CH KINH DOANH C\u1ee6A B\u1ea0N<br \/><\/span><\/strong><span style=\"color: #ffffff;\"><span style=\"font-size: 70%;\">Ch\u00fang t\u00f4i c\u00f3 m\u1ed9t v\u00e0i k\u1ebf ho\u1ea1ch v\u00e0 gi\u1ea3i ph\u00e1p t\u1ed1t nh\u1ea5t cho m\u1ecdi ng\u01b0\u1eddi<\/span><\/span><\/span><\/p>\n\t\t<\/div>\n\t<\/div>\n\n\t\n\n\t<div class=\"col hide-for-medium medium-3 small-12 large-3\"  >\n\t\t<div class=\"col-inner text-center\"  >\n\t\t\t\n\t\t\t\n<p class=\"hoptacngay\" style=\"text-align: center;\"><i class=\"far fa-comments\"><\/i> <span style=\"color: #ffffff;\"><a style=\"color: #ffffff;\" href=\"https:\/\/chuongdesigner.name.vn\/cokhi\/contact-us\/\">H\u1ee2P T\u00c1C NGAY<\/a><\/span><\/p>\n\t\t<\/div>\n\t<\/div>\n\n\t\n\n\t<div class=\"col show-for-small medium-3 small-10 large-3\"  >\n\t\t<div class=\"col-inner text-center\"  >\n\t\t\t\n\t\t\t\n<p class=\"hoptacngay\" style=\"text-align: center;\"><i class=\"far fa-comments\"><\/i> <span style=\"color: #ffffff;\"><a style=\"color: #ffffff;\" href=\"https:\/\/chuongdesigner.name.vn\/cokhi\/contact-us\/\">H\u1ee2P T\u00c1C NGAY<\/a><\/span><\/p>\n\t\t<\/div>\n\t<\/div>\n\n\t\n\n<style scope=\"scope\">\n\n<\/style>\n<\/div>\n\t\t<\/div>\n\n\t\t\n<style scope=\"scope\">\n\n#section_967236327 {\n  padding-top: 50px;\n  padding-bottom: 50px;\n}\n#section_967236327 .section-bg-overlay {\n  background-color: rgba(0, 0, 0, 0.77);\n}\n#section_967236327 .section-bg.bg-loaded {\n  background-image: url(https:\/\/thietbitmg.com\/demo\/cokhi\/wp-content\/uploads\/2021\/09\/12345.jpg);\n}\n<\/style>\n\t<\/section>\n\t\n\t<div id=\"gap-1560082737\" class=\"gap-element clearfix\" style=\"display:block; height:auto;\">\n\t\t\n<style scope=\"scope\">\n\n#gap-1560082737 {\n  padding-top: 50px;\n}\n<\/style>\n\t<\/div>\n\t\n","protected":false},"excerpt":{"rendered":"","protected":false},"author":1,"featured_media":0,"parent":1661,"menu_order":0,"comment_status":"closed","ping_status":"closed","template":"page-blank.php","meta":[],"_links":{"self":[{"href":"https:\/\/thietbitmg.com\/demo\/cokhi\/wp-json\/wp\/v2\/pages\/3196"}],"collection":[{"href":"https:\/\/thietbitmg.com\/demo\/cokhi\/wp-json\/wp\/v2\/pages"}],"about":[{"href":"https:\/\/thietbitmg.com\/demo\/cokhi\/wp-json\/wp\/v2\/types\/page"}],"author":[{"embeddable":true,"href":"https:\/\/thietbitmg.com\/demo\/cokhi\/wp-json\/wp\/v2\/users\/1"}],"replies":[{"embeddable":true,"href":"https:\/\/thietbitmg.com\/demo\/cokhi\/wp-json\/wp\/v2\/comments?post=3196"}],"version-history":[{"count":8,"href":"https:\/\/thietbitmg.com\/demo\/cokhi\/wp-json\/wp\/v2\/pages\/3196\/revisions"}],"predecessor-version":[{"id":3547,"href":"https:\/\/thietbitmg.com\/demo\/cokhi\/wp-json\/wp\/v2\/pages\/3196\/revisions\/3547"}],"up":[{"embeddable":true,"href":"https:\/\/thietbitmg.com\/demo\/cokhi\/wp-json\/wp\/v2\/pages\/1661"}],"wp:attachment":[{"href":"https:\/\/thietbitmg.com\/demo\/cokhi\/wp-json\/wp\/v2\/media?parent=3196"}],"curies":[{"name":"wp","href":"https:\/\/api.w.org\/{rel}","templated":true}]}}