{"id":3200,"date":"2021-09-07T02:50:32","date_gmt":"2021-09-07T02:50:32","guid":{"rendered":"https:\/\/chuongdesigner.name.vn\/cokhi\/?page_id=3200"},"modified":"2021-09-07T10:35:09","modified_gmt":"2021-09-07T10:35:09","slug":"bo-quy-tac-ung-xu","status":"publish","type":"page","link":"https:\/\/thietbitmg.com\/demo\/cokhi\/gioi-thieu\/bo-quy-tac-ung-xu\/","title":{"rendered":"B\u1ed9 quy t\u1eafc \u1ee9ng x\u1eed"},"content":{"rendered":"\t<section class=\"section hide-for-medium\" id=\"section_765499400\">\n\t\t<div class=\"bg section-bg fill bg-fill  bg-loaded\" >\n\n\t\t\t\n\t\t\t\n\t\t\t\n\n\t\t<\/div>\n\n\t\t<div class=\"section-content relative\">\n\t\t\t\n\n  <div class=\"banner has-hover\" id=\"banner-1833677327\">\n          <div class=\"banner-inner fill\">\n        <div class=\"banner-bg fill\" >\n            <div class=\"bg fill bg-fill \"><\/div>\n                        <div class=\"overlay\"><\/div>            \n                    <\/div>\n        <div class=\"banner-layers container\">\n            <div class=\"fill banner-link\"><\/div>            \n   <div id=\"text-box-450996179\" class=\"text-box banner-layer x50 md-x50 lg-x50 y50 md-y90 lg-y90 res-text\">\n              <div data-parallax=\"2\" data-parallax-fade=\"true\">       <div data-animate=\"none\">           <div class=\"text dark text-shadow-2\">\n              \n              <div class=\"text-inner text-center\">\n                  \n<h3 style=\"text-align: left;\"><span style=\"font-size: 80%; line-height: 1.6;border-left: 5px solid #FFCA05;padding-left: 10px\"><strong>QUY T\u1eaeC \u1ee8NG X\u1eec<\/strong><\/span><\/h3>\n              <\/div>\n           <\/div>\n       <\/div>       <\/div>              \n<style scope=\"scope\">\n\n#text-box-450996179 {\n  width: 90%;\n}\n#text-box-450996179 .text {\n  font-size: 129%;\n}\n\n\n@media (min-width:550px) {\n\n  #text-box-450996179 {\n    width: 100%;\n  }\n  #text-box-450996179 .text {\n    font-size: 123%;\n  }\n\n}\n<\/style>\n    <\/div>\n \n        <\/div>\n      <\/div>\n\n            \n<style scope=\"scope\">\n\n#banner-1833677327 {\n  padding-top: 400px;\n}\n#banner-1833677327 .bg.bg-loaded {\n  background-image: url(https:\/\/thietbitmg.com\/demo\/cokhi\/wp-content\/uploads\/2021\/06\/nganh-quan-tri-kinh-doanh-eea-1.jpg);\n}\n#banner-1833677327 .overlay {\n  background-color: rgba(0, 0, 0, 0.7);\n}\n#banner-1833677327 .bg {\n  background-position: 44% 34%;\n}\n<\/style>\n  <\/div>\n\n\n\t\t<\/div>\n\n\t\t\n<style scope=\"scope\">\n\n#section_765499400 {\n  padding-top: 0px;\n  padding-bottom: 0px;\n}\n<\/style>\n\t<\/section>\n\t\n\t<section class=\"section show-for-small\" id=\"section_928085468\">\n\t\t<div class=\"bg section-bg fill bg-fill  bg-loaded\" >\n\n\t\t\t\n\t\t\t\n\t\t\t\n\n\t\t<\/div>\n\n\t\t<div class=\"section-content relative\">\n\t\t\t\n\n  <div class=\"banner has-hover\" id=\"banner-814058369\">\n          <div class=\"banner-inner fill\">\n        <div class=\"banner-bg fill\" >\n            <div class=\"bg fill bg-fill \"><\/div>\n                        <div class=\"overlay\"><\/div>            \n                    <\/div>\n        <div class=\"banner-layers container\">\n            <div class=\"fill banner-link\"><\/div>            \n   <div id=\"text-box-1375431188\" class=\"text-box banner-layer x50 md-x50 lg-x50 y50 md-y90 lg-y90 res-text\">\n              <div data-parallax=\"2\" data-parallax-fade=\"true\">       <div data-animate=\"none\">           <div class=\"text dark text-shadow-2\">\n              \n              <div class=\"text-inner text-center\">\n                  \n<h3 style=\"text-align: left;\"><span style=\"font-size: 80%; line-height: 1.6;border-left: 5px solid #FFCA05;padding-left: 10px\"><strong>QUY T\u1eaeC \u1ee8NG X\u1eec<\/strong><\/span><\/h3>\n              <\/div>\n           <\/div>\n       <\/div>       <\/div>              \n<style scope=\"scope\">\n\n#text-box-1375431188 {\n  width: 90%;\n}\n#text-box-1375431188 .text {\n  font-size: 129%;\n}\n\n\n@media (min-width:550px) {\n\n  #text-box-1375431188 {\n    width: 100%;\n  }\n  #text-box-1375431188 .text {\n    font-size: 123%;\n  }\n\n}\n<\/style>\n    <\/div>\n \n        <\/div>\n      <\/div>\n\n            \n<style scope=\"scope\">\n\n#banner-814058369 {\n  padding-top: 150px;\n}\n#banner-814058369 .bg.bg-loaded {\n  background-image: url(https:\/\/thietbitmg.com\/demo\/cokhi\/wp-content\/uploads\/2021\/06\/nganh-quan-tri-kinh-doanh-eea-1.jpg);\n}\n#banner-814058369 .overlay {\n  background-color: rgba(0, 0, 0, 0.7);\n}\n#banner-814058369 .bg {\n  background-position: 44% 34%;\n}\n\n\n@media (min-width:550px) {\n\n  #banner-814058369 {\n    padding-top: 400px;\n  }\n\n}\n<\/style>\n  <\/div>\n\n\n\t\t<\/div>\n\n\t\t\n<style scope=\"scope\">\n\n#section_928085468 {\n  padding-top: 0px;\n  padding-bottom: 0px;\n}\n<\/style>\n\t<\/section>\n\t\n\t<div id=\"gap-2084111465\" class=\"gap-element clearfix\" style=\"display:block; height:auto;\">\n\t\t\n<style scope=\"scope\">\n\n#gap-2084111465 {\n  padding-top: 30px;\n}\n\n\n@media (min-width:550px) {\n\n  #gap-2084111465 {\n    padding-top: 50px;\n  }\n\n}\n<\/style>\n\t<\/div>\n\t\n<div class=\"row\"  id=\"row-2087056300\">\n\n\t<div class=\"col small-12 large-12\"  >\n\t\t<div class=\"col-inner\"  >\n\t\t\t\n\t\t\t\n<div class=\"container section-title-container\" ><h3 class=\"section-title section-title-normal\"><b><\/b><span class=\"section-title-main\" style=\"color:rgb(37, 98, 183);\">QUY T\u1eaeC \u1ee8NG X\u1eec<\/span><b><\/b><\/h3><\/div>\n<div class=\"row\"  id=\"row-479142357\">\n\n\t<div class=\"col medium-3 small-6 large-3\"  >\n\t\t<div class=\"col-inner\"  >\n\t\t\t\n\t<div class=\"is-border\"\n\t\tstyle=\"border-color:rgba(0, 0, 0, 0.6);border-radius:10px;border-width:1px 1px 1px 1;\">\n\t<\/div>\n\t\t\t\n\t<div id=\"gap-2133473321\" class=\"gap-element clearfix\" style=\"display:block; height:auto;\">\n\t\t\n<style scope=\"scope\">\n\n#gap-2133473321 {\n  padding-top: 5px;\n}\n<\/style>\n\t<\/div>\n\t\n\t<div class=\"box has-hover   has-hover box-text-bottom\" >\n\n\t\t<div class=\"box-image\" style=\"width:25%;\">\n\t\t\t\t\t\t<div class=\"\" >\n\t\t\t\t<img width=\"75\" height=\"105\" src=\"https:\/\/thietbitmg.com\/demo\/cokhi\/wp-content\/uploads\/2021\/06\/3123123.jpg\" class=\"attachment- size-\" alt=\"\" loading=\"lazy\" srcset=\"https:\/\/thietbitmg.com\/demo\/cokhi\/wp-content\/uploads\/2021\/06\/3123123.jpg 75w, https:\/\/thietbitmg.com\/demo\/cokhi\/wp-content\/uploads\/2021\/06\/3123123-17x24.jpg 17w, https:\/\/thietbitmg.com\/demo\/cokhi\/wp-content\/uploads\/2021\/06\/3123123-26x36.jpg 26w, https:\/\/thietbitmg.com\/demo\/cokhi\/wp-content\/uploads\/2021\/06\/3123123-34x48.jpg 34w\" sizes=\"(max-width: 75px) 100vw, 75px\" \/>\t\t\t\t\t\t\t\t\t\t\t<\/div>\n\t\t\t\t\t<\/div>\n\n\t\t<div class=\"box-text text-center\" >\n\t\t\t<div class=\"box-text-inner\">\n\t\t\t\t\n<p><span style=\"color: #2562b7; font-size: 110%;\"><strong>\u0110\u1ed0I V\u1edaI C\u01a0 QUAN NH\u00c0 N\u01af\u1edaC<\/strong><\/span><\/p>\n<hr \/>\n<p style=\"text-align: justify;\"><span style=\"color: #000000;\">Th\u01b0\u1ee3ng t\u00f4n ph\u00e1p lu\u1eadt. Tu\u00e2n th\u1ee7 quy tr\u00ecnh, quy \u0111\u1ecbnh v\u00e0 th\u1ec3 ch\u1ebf c\u1ee7a n\u01a1i ho\u1ea1t \u0111\u1ed9ng. Th\u01b0\u1ee3ng t\u00f4n ph\u00e1p lu\u1eadt. Tu\u00e2n th\u1ee7 quy tr\u00ecnh, quy \u0111\u1ecbnh v\u00e0 th\u1ec3 ch\u1ebf c\u1ee7a n\u01a1i ho\u1ea1t \u0111\u1ed9ng. Th\u01b0\u1ee3ng t\u00f4n ph\u00e1p lu\u1eadt. Tu\u00e2n th\u1ee7 quy tr\u00ecnh, quy \u0111\u1ecbnh v\u00e0 th\u1ec3 ch\u1ebf c\u1ee7a n\u01a1i ho\u1ea1t \u0111\u1ed9ng.<\/span><\/p>\n\t\t\t<\/div>\n\t\t<\/div>\n\t<\/div>\n\t\n\t\t<\/div>\n\t<\/div>\n\n\t\n\n\t<div class=\"col medium-3 small-6 large-3\"  >\n\t\t<div class=\"col-inner\"  >\n\t\t\t\n\t<div class=\"is-border\"\n\t\tstyle=\"border-color:rgba(0, 0, 0, 0.6);border-radius:10px;border-width:1px 1px 1px 1;\">\n\t<\/div>\n\t\t\t\n\t<div id=\"gap-1447651109\" class=\"gap-element clearfix\" style=\"display:block; height:auto;\">\n\t\t\n<style scope=\"scope\">\n\n#gap-1447651109 {\n  padding-top: 5px;\n}\n<\/style>\n\t<\/div>\n\t\n\t<div class=\"box has-hover   has-hover box-text-bottom\" >\n\n\t\t<div class=\"box-image\" style=\"width:25%;\">\n\t\t\t\t\t\t<div class=\"\" >\n\t\t\t\t<img width=\"75\" height=\"105\" src=\"https:\/\/thietbitmg.com\/demo\/cokhi\/wp-content\/uploads\/2021\/06\/3123123.jpg\" class=\"attachment- size-\" alt=\"\" loading=\"lazy\" srcset=\"https:\/\/thietbitmg.com\/demo\/cokhi\/wp-content\/uploads\/2021\/06\/3123123.jpg 75w, https:\/\/thietbitmg.com\/demo\/cokhi\/wp-content\/uploads\/2021\/06\/3123123-17x24.jpg 17w, https:\/\/thietbitmg.com\/demo\/cokhi\/wp-content\/uploads\/2021\/06\/3123123-26x36.jpg 26w, https:\/\/thietbitmg.com\/demo\/cokhi\/wp-content\/uploads\/2021\/06\/3123123-34x48.jpg 34w\" sizes=\"(max-width: 75px) 100vw, 75px\" \/>\t\t\t\t\t\t\t\t\t\t\t<\/div>\n\t\t\t\t\t<\/div>\n\n\t\t<div class=\"box-text text-center\" >\n\t\t\t<div class=\"box-text-inner\">\n\t\t\t\t\n<p><span style=\"color: #2562b7; font-size: 110%;\"><strong>\u0110\u1ed0I V\u1edaI C\u1ed4 \u0110\u00d4NG \u0110\u1ed0I T\u00c1C<\/strong><\/span><\/p>\n<hr \/>\n<p style=\"text-align: justify;\"><span style=\"color: #000000;\">Th\u01b0\u1ee3ng t\u00f4n ph\u00e1p lu\u1eadt. Tu\u00e2n th\u1ee7 quy tr\u00ecnh, quy \u0111\u1ecbnh v\u00e0 th\u1ec3 ch\u1ebf c\u1ee7a n\u01a1i ho\u1ea1t \u0111\u1ed9ng. Th\u01b0\u1ee3ng t\u00f4n ph\u00e1p lu\u1eadt. Tu\u00e2n th\u1ee7 quy tr\u00ecnh, quy \u0111\u1ecbnh v\u00e0 th\u1ec3 ch\u1ebf c\u1ee7a n\u01a1i ho\u1ea1t \u0111\u1ed9ng. Th\u01b0\u1ee3ng t\u00f4n ph\u00e1p lu\u1eadt. Tu\u00e2n th\u1ee7 quy tr\u00ecnh, quy \u0111\u1ecbnh v\u00e0 th\u1ec3 ch\u1ebf c\u1ee7a n\u01a1i ho\u1ea1t \u0111\u1ed9ng.<\/span><\/p>\n\t\t\t<\/div>\n\t\t<\/div>\n\t<\/div>\n\t\n\t\t<\/div>\n\t<\/div>\n\n\t\n\n\t<div class=\"col medium-3 small-6 large-3\"  >\n\t\t<div class=\"col-inner\"  >\n\t\t\t\n\t<div class=\"is-border\"\n\t\tstyle=\"border-color:rgba(0, 0, 0, 0.6);border-radius:10px;border-width:1px 1px 1px 1;\">\n\t<\/div>\n\t\t\t\n\t<div id=\"gap-101033232\" class=\"gap-element clearfix\" style=\"display:block; height:auto;\">\n\t\t\n<style scope=\"scope\">\n\n#gap-101033232 {\n  padding-top: 5px;\n}\n<\/style>\n\t<\/div>\n\t\n\t<div class=\"box has-hover   has-hover box-text-bottom\" >\n\n\t\t<div class=\"box-image\" style=\"width:25%;\">\n\t\t\t\t\t\t<div class=\"\" >\n\t\t\t\t<img width=\"75\" height=\"105\" src=\"https:\/\/thietbitmg.com\/demo\/cokhi\/wp-content\/uploads\/2021\/06\/3123123.jpg\" class=\"attachment- size-\" alt=\"\" loading=\"lazy\" srcset=\"https:\/\/thietbitmg.com\/demo\/cokhi\/wp-content\/uploads\/2021\/06\/3123123.jpg 75w, https:\/\/thietbitmg.com\/demo\/cokhi\/wp-content\/uploads\/2021\/06\/3123123-17x24.jpg 17w, https:\/\/thietbitmg.com\/demo\/cokhi\/wp-content\/uploads\/2021\/06\/3123123-26x36.jpg 26w, https:\/\/thietbitmg.com\/demo\/cokhi\/wp-content\/uploads\/2021\/06\/3123123-34x48.jpg 34w\" sizes=\"(max-width: 75px) 100vw, 75px\" \/>\t\t\t\t\t\t\t\t\t\t\t<\/div>\n\t\t\t\t\t<\/div>\n\n\t\t<div class=\"box-text text-center\" >\n\t\t\t<div class=\"box-text-inner\">\n\t\t\t\t\n<p><span style=\"color: #2562b7; font-size: 110%;\"><strong>\u0110\u1ed0I V\u1edaI KH\u00c1CH H\u00c0NG<\/strong><\/span><\/p>\n<hr \/>\n<p style=\"text-align: justify;\"><span style=\"color: #000000;\">Th\u01b0\u1ee3ng t\u00f4n ph\u00e1p lu\u1eadt. Tu\u00e2n th\u1ee7 quy tr\u00ecnh, quy \u0111\u1ecbnh v\u00e0 th\u1ec3 ch\u1ebf c\u1ee7a n\u01a1i ho\u1ea1t \u0111\u1ed9ng. Th\u01b0\u1ee3ng t\u00f4n ph\u00e1p lu\u1eadt. Tu\u00e2n th\u1ee7 quy tr\u00ecnh, quy \u0111\u1ecbnh v\u00e0 th\u1ec3 ch\u1ebf c\u1ee7a n\u01a1i ho\u1ea1t \u0111\u1ed9ng. Th\u01b0\u1ee3ng t\u00f4n ph\u00e1p lu\u1eadt. Tu\u00e2n th\u1ee7 quy tr\u00ecnh, quy \u0111\u1ecbnh v\u00e0 th\u1ec3 ch\u1ebf c\u1ee7a n\u01a1i ho\u1ea1t \u0111\u1ed9ng.<\/span><\/p>\n\t\t\t<\/div>\n\t\t<\/div>\n\t<\/div>\n\t\n\t\t<\/div>\n\t<\/div>\n\n\t\n\n\t<div class=\"col medium-3 small-6 large-3\"  >\n\t\t<div class=\"col-inner\"  >\n\t\t\t\n\t<div class=\"is-border\"\n\t\tstyle=\"border-color:rgba(0, 0, 0, 0.6);border-radius:10px;border-width:1px 1px 1px 1;\">\n\t<\/div>\n\t\t\t\n\t<div id=\"gap-358939627\" class=\"gap-element clearfix\" style=\"display:block; height:auto;\">\n\t\t\n<style scope=\"scope\">\n\n#gap-358939627 {\n  padding-top: 5px;\n}\n<\/style>\n\t<\/div>\n\t\n\t<div class=\"box has-hover   has-hover box-text-bottom\" >\n\n\t\t<div class=\"box-image\" style=\"width:25%;\">\n\t\t\t\t\t\t<div class=\"\" >\n\t\t\t\t<img width=\"75\" height=\"105\" src=\"https:\/\/thietbitmg.com\/demo\/cokhi\/wp-content\/uploads\/2021\/06\/3123123.jpg\" class=\"attachment- size-\" alt=\"\" loading=\"lazy\" srcset=\"https:\/\/thietbitmg.com\/demo\/cokhi\/wp-content\/uploads\/2021\/06\/3123123.jpg 75w, https:\/\/thietbitmg.com\/demo\/cokhi\/wp-content\/uploads\/2021\/06\/3123123-17x24.jpg 17w, https:\/\/thietbitmg.com\/demo\/cokhi\/wp-content\/uploads\/2021\/06\/3123123-26x36.jpg 26w, https:\/\/thietbitmg.com\/demo\/cokhi\/wp-content\/uploads\/2021\/06\/3123123-34x48.jpg 34w\" sizes=\"(max-width: 75px) 100vw, 75px\" \/>\t\t\t\t\t\t\t\t\t\t\t<\/div>\n\t\t\t\t\t<\/div>\n\n\t\t<div class=\"box-text text-center\" >\n\t\t\t<div class=\"box-text-inner\">\n\t\t\t\t\n<p><span style=\"color: #2562b7; font-size: 110%;\"><strong>\u0110\u1ed0I V\u1edaI C\u1ed8NG \u0110\u1ed2NG<\/strong><\/span><\/p>\n<hr \/>\n<p style=\"text-align: justify;\"><span style=\"color: #000000;\">Th\u01b0\u1ee3ng t\u00f4n ph\u00e1p lu\u1eadt. Tu\u00e2n th\u1ee7 quy tr\u00ecnh, quy \u0111\u1ecbnh v\u00e0 th\u1ec3 ch\u1ebf c\u1ee7a n\u01a1i ho\u1ea1t \u0111\u1ed9ng. Th\u01b0\u1ee3ng t\u00f4n ph\u00e1p lu\u1eadt. Tu\u00e2n th\u1ee7 quy tr\u00ecnh, quy \u0111\u1ecbnh v\u00e0 th\u1ec3 ch\u1ebf c\u1ee7a n\u01a1i ho\u1ea1t \u0111\u1ed9ng. Th\u01b0\u1ee3ng t\u00f4n ph\u00e1p lu\u1eadt. Tu\u00e2n th\u1ee7 quy tr\u00ecnh, quy \u0111\u1ecbnh v\u00e0 th\u1ec3 ch\u1ebf c\u1ee7a n\u01a1i ho\u1ea1t \u0111\u1ed9ng.<\/span><\/p>\n\t\t\t<\/div>\n\t\t<\/div>\n\t<\/div>\n\t\n\t\t<\/div>\n\t<\/div>\n\n\t\n<\/div>\n\t\t<\/div>\n\t<\/div>\n\n\t\n<\/div>\n\t<section class=\"section\" id=\"section_1884099908\">\n\t\t<div class=\"bg section-bg fill bg-fill  \" >\n\n\t\t\t\n\t\t\t<div class=\"section-bg-overlay absolute fill\"><\/div>\n\t\t\t\n\n\t\t<\/div>\n\n\t\t<div class=\"section-content relative\">\n\t\t\t\n\t<div id=\"gap-339211019\" class=\"gap-element clearfix\" style=\"display:block; height:auto;\">\n\t\t\n<style scope=\"scope\">\n\n#gap-339211019 {\n  padding-top: 30px;\n}\n<\/style>\n\t<\/div>\n\t\n<div class=\"row align-middle\"  id=\"row-1311273526\">\n\n\t<div class=\"col medium-8 small-12 large-8\"  >\n\t\t<div class=\"col-inner text-center\"  >\n\t\t\t\n\t\t\t\n<p style=\"text-align: left;\"><span style=\"font-size: 150%;\"><strong><span style=\"color: #ffffff;\">S\u1eb4N S\u00c0NG T\u0102NG T\u1ed0C K\u1ebe HO\u1ea0CH KINH DOANH C\u1ee6A B\u1ea0N<br \/><\/span><\/strong><span style=\"color: #ffffff;\"><span style=\"font-size: 70%;\">Ch\u00fang t\u00f4i c\u00f3 m\u1ed9t v\u00e0i k\u1ebf ho\u1ea1ch v\u00e0 gi\u1ea3i ph\u00e1p t\u1ed1t nh\u1ea5t cho m\u1ecdi ng\u01b0\u1eddi<\/span><\/span><\/span><\/p>\n\t\t<\/div>\n\t<\/div>\n\n\t\n\n\t<div class=\"col hide-for-medium medium-3 small-12 large-3\"  >\n\t\t<div class=\"col-inner text-center\"  >\n\t\t\t\n\t\t\t\n<p class=\"hoptacngay\" style=\"text-align: center;\"><i class=\"far fa-comments\"><\/i> <span style=\"color: #ffffff;\"><a style=\"color: #ffffff;\" href=\"https:\/\/chuongdesigner.name.vn\/cokhi\/contact-us\/\">H\u1ee2P T\u00c1C NGAY<\/a><\/span><\/p>\n\t\t<\/div>\n\t<\/div>\n\n\t\n\n\t<div class=\"col show-for-small medium-3 small-10 large-3\"  >\n\t\t<div class=\"col-inner text-center\"  >\n\t\t\t\n\t\t\t\n<p class=\"hoptacngay\" style=\"text-align: center;\"><i class=\"far fa-comments\"><\/i> <span style=\"color: #ffffff;\"><a style=\"color: #ffffff;\" href=\"https:\/\/chuongdesigner.name.vn\/cokhi\/contact-us\/\">H\u1ee2P T\u00c1C NGAY<\/a><\/span><\/p>\n\t\t<\/div>\n\t<\/div>\n\n\t\n\n<style scope=\"scope\">\n\n<\/style>\n<\/div>\n\t\t<\/div>\n\n\t\t\n<style scope=\"scope\">\n\n#section_1884099908 {\n  padding-top: 50px;\n  padding-bottom: 50px;\n}\n#section_1884099908 .section-bg-overlay {\n  background-color: rgba(0, 0, 0, 0.77);\n}\n#section_1884099908 .section-bg.bg-loaded {\n  background-image: url(https:\/\/thietbitmg.com\/demo\/cokhi\/wp-content\/uploads\/2021\/09\/12345.jpg);\n}\n<\/style>\n\t<\/section>\n\t\n\t<div id=\"gap-1475669157\" class=\"gap-element clearfix\" style=\"display:block; height:auto;\">\n\t\t\n<style scope=\"scope\">\n\n#gap-1475669157 {\n  padding-top: 50px;\n}\n<\/style>\n\t<\/div>\n\t\n","protected":false},"excerpt":{"rendered":"","protected":false},"author":1,"featured_media":0,"parent":1661,"menu_order":0,"comment_status":"closed","ping_status":"closed","template":"page-blank.php","meta":[],"_links":{"self":[{"href":"https:\/\/thietbitmg.com\/demo\/cokhi\/wp-json\/wp\/v2\/pages\/3200"}],"collection":[{"href":"https:\/\/thietbitmg.com\/demo\/cokhi\/wp-json\/wp\/v2\/pages"}],"about":[{"href":"https:\/\/thietbitmg.com\/demo\/cokhi\/wp-json\/wp\/v2\/types\/page"}],"author":[{"embeddable":true,"href":"https:\/\/thietbitmg.com\/demo\/cokhi\/wp-json\/wp\/v2\/users\/1"}],"replies":[{"embeddable":true,"href":"https:\/\/thietbitmg.com\/demo\/cokhi\/wp-json\/wp\/v2\/comments?post=3200"}],"version-history":[{"count":13,"href":"https:\/\/thietbitmg.com\/demo\/cokhi\/wp-json\/wp\/v2\/pages\/3200\/revisions"}],"predecessor-version":[{"id":3548,"href":"https:\/\/thietbitmg.com\/demo\/cokhi\/wp-json\/wp\/v2\/pages\/3200\/revisions\/3548"}],"up":[{"embeddable":true,"href":"https:\/\/thietbitmg.com\/demo\/cokhi\/wp-json\/wp\/v2\/pages\/1661"}],"wp:attachment":[{"href":"https:\/\/thietbitmg.com\/demo\/cokhi\/wp-json\/wp\/v2\/media?parent=3200"}],"curies":[{"name":"wp","href":"https:\/\/api.w.org\/{rel}","templated":true}]}}