{"id":2593,"date":"2021-02-02T02:42:35","date_gmt":"2021-02-02T02:42:35","guid":{"rendered":"http:\/\/chuongdesigner.name.vn\/phuocthinh\/?page_id=2593"},"modified":"2022-02-24T02:07:33","modified_gmt":"2022-02-24T02:07:33","slug":"tin-tuc-du-an","status":"publish","type":"page","link":"https:\/\/thietbitmg.com\/demo\/novalandaquacity\/tin-tuc-du-an\/","title":{"rendered":"Tin t\u1ee9c d\u1ef1 \u00e1n"},"content":{"rendered":"\t<section class=\"section\" id=\"section_8398357\">\n\t\t<div class=\"bg section-bg fill bg-fill  bg-loaded\" >\n\n\t\t\t\n\t\t\t\n\t\t\t\n\n\t\t<\/div>\n\n\t\t<div class=\"section-content relative\">\n\t\t\t\n<div class=\"row row-collapse row-full-width\"  id=\"row-360392740\">\n\n\t<div id=\"col-1727516789\" class=\"col small-12 large-12\"  >\n\t\t<div class=\"col-inner text-center\"  >\n\t\t\t\n\t\t\t\n<div class=\"slider-wrapper relative\" id=\"slider-1308618139\" >\n    <div class=\"slider slider-nav-circle slider-nav-large slider-nav-light slider-style-normal\"\n        data-flickity-options='{\n            \"cellAlign\": \"center\",\n            \"imagesLoaded\": true,\n            \"lazyLoad\": 1,\n            \"freeScroll\": false,\n            \"wrapAround\": true,\n            \"autoPlay\": 6000,\n            \"pauseAutoPlayOnHover\" : true,\n            \"prevNextButtons\": true,\n            \"contain\" : true,\n            \"adaptiveHeight\" : true,\n            \"dragThreshold\" : 10,\n            \"percentPosition\": true,\n            \"pageDots\": true,\n            \"rightToLeft\": false,\n            \"draggable\": true,\n            \"selectedAttraction\": 0.1,\n            \"parallax\" : 0,\n            \"friction\": 0.6        }'\n        >\n        \n\t<div class=\"img has-hover x md-x lg-x y md-y lg-y\" id=\"image_720351530\">\n\t\t\t\t\t\t\t\t<div class=\"img-inner image-cover dark\" style=\"padding-top:300px;\">\n\t\t\t<img width=\"1020\" height=\"574\" src=\"https:\/\/thietbitmg.com\/demo\/novalandaquacity\/wp-content\/uploads\/2022\/02\/sanpham.jpg\" class=\"attachment-large size-large\" alt=\"\" loading=\"lazy\" srcset=\"https:\/\/thietbitmg.com\/demo\/novalandaquacity\/wp-content\/uploads\/2022\/02\/sanpham.jpg 1280w, https:\/\/thietbitmg.com\/demo\/novalandaquacity\/wp-content\/uploads\/2022\/02\/sanpham-711x400.jpg 711w, https:\/\/thietbitmg.com\/demo\/novalandaquacity\/wp-content\/uploads\/2022\/02\/sanpham-768x432.jpg 768w, https:\/\/thietbitmg.com\/demo\/novalandaquacity\/wp-content\/uploads\/2022\/02\/sanpham-24x14.jpg 24w, https:\/\/thietbitmg.com\/demo\/novalandaquacity\/wp-content\/uploads\/2022\/02\/sanpham-36x20.jpg 36w, https:\/\/thietbitmg.com\/demo\/novalandaquacity\/wp-content\/uploads\/2022\/02\/sanpham-48x27.jpg 48w, https:\/\/thietbitmg.com\/demo\/novalandaquacity\/wp-content\/uploads\/2022\/02\/sanpham-600x338.jpg 600w\" sizes=\"(max-width: 1020px) 100vw, 1020px\" \/>\t\t\t\t\t\t\n\t\t\t\t\t<\/div>\n\t\t\t\t\t\t\t\t\n<style>\n#image_720351530 {\n  width: 100%;\n}\n<\/style>\n\t<\/div>\n\t\n     <\/div>\n\n     <div class=\"loading-spin dark large centered\"><\/div>\n\n     <\/div>\n\n\n\t\t<\/div>\n\t\t\t<\/div>\n\n\t\n<\/div>\n\t\t<\/div>\n\n\t\t\n<style>\n#section_8398357 {\n  padding-top: 1px;\n  padding-bottom: 1px;\n}\n<\/style>\n\t<\/section>\n\t\n\t<div id=\"gap-1740947322\" class=\"gap-element clearfix\" style=\"display:block; height:auto;\">\n\t\t\n<style>\n#gap-1740947322 {\n  padding-top: 30px;\n}\n<\/style>\n\t<\/div>\n\t\n\t<section class=\"section\" id=\"section_2034983543\">\n\t\t<div class=\"bg section-bg fill bg-fill  bg-loaded\" >\n\n\t\t\t\n\t\t\t\n\t\t\t\n\n\t\t<\/div>\n\n\t\t<div class=\"section-content relative\">\n\t\t\t\n<div class=\"row\"  id=\"row-719293632\">\n\n\t<div id=\"col-785752600\" class=\"col medium-10 small-12 large-10\"  >\n\t\t<div class=\"col-inner\"  >\n\t\t\t\n\t\t\t\n<div class=\"container section-title-container\" ><h3 class=\"section-title section-title-bold-center\"><b><\/b><span class=\"section-title-main\" style=\"color:rgb(11, 23, 253);\">TIN T\u1ee8C D\u1ef0 \u00c1N<\/span><b><\/b><\/h3><\/div>\n<div class=\"row\"  id=\"row-291133814\">\n\n\t<div id=\"col-1336388272\" class=\"col small-12 large-12\"  >\n\t\t<div class=\"col-inner\"  >\n\t\t\t\n\t\t\t\n\n  \n    <div class=\"row large-columns-4 medium-columns-1 small-columns-1 has-shadow row-box-shadow-2\">\n  \t\t<div class=\"col post-item\" >\n\t\t\t<div class=\"col-inner\">\n\t\t\t<a href=\"https:\/\/thietbitmg.com\/demo\/novalandaquacity\/tien-do-du-an-aqua-city-thang-1-2022-video-thuc-te\/\" class=\"plain\">\n\t\t\t\t<div class=\"box box-normal box-text-bottom box-blog-post has-hover\">\n            \t\t\t\t\t<div class=\"box-image\" >\n  \t\t\t\t\t\t<div class=\"image-cover\" style=\"padding-top:56.25%;\">\n  \t\t\t\t\t\t\t<img width=\"504\" height=\"378\" src=\"https:\/\/thietbitmg.com\/demo\/novalandaquacity\/wp-content\/uploads\/2022\/02\/tiendo.jpg\" class=\"attachment-medium size-medium wp-post-image\" alt=\"\" loading=\"lazy\" srcset=\"https:\/\/thietbitmg.com\/demo\/novalandaquacity\/wp-content\/uploads\/2022\/02\/tiendo.jpg 504w, https:\/\/thietbitmg.com\/demo\/novalandaquacity\/wp-content\/uploads\/2022\/02\/tiendo-24x18.jpg 24w, https:\/\/thietbitmg.com\/demo\/novalandaquacity\/wp-content\/uploads\/2022\/02\/tiendo-36x27.jpg 36w, https:\/\/thietbitmg.com\/demo\/novalandaquacity\/wp-content\/uploads\/2022\/02\/tiendo-48x36.jpg 48w\" sizes=\"(max-width: 504px) 100vw, 504px\" \/>  \t\t\t\t\t\t\t  \t\t\t\t\t\t\t  \t\t\t\t\t\t<\/div>\n  \t\t\t\t\t\t  \t\t\t\t\t<\/div>\n          \t\t\t\t\t<div class=\"box-text text-center\" >\n\t\t\t\t\t<div class=\"box-text-inner blog-post-inner\">\n\n\t\t\t\t\t\n\t\t\t\t\t\t\t\t\t\t<h5 class=\"post-title is-large \">[Ti\u1ebfn \u0111\u1ed9 d\u1ef1 \u00e1n Aqua City] th\u00e1ng 1\/2022 | Video th\u1ef1c t\u1ebf<\/h5>\n\t\t\t\t\t\t\t\t\t\t<div class=\"is-divider\"><\/div>\n\t\t\t\t\t\t\t\t\t\t<p class=\"from_the_blog_excerpt \">Ti\u1ebfn \u0111\u1ed9 Aqua City \u0111ang \u0111\u01b0\u1ee3c thi c\u00f4ng nhanh ch\u00f3ng, kh\u1edfi c\u00f4ng x\u00e2y d\u1ef1ng to\u00e0n[...]\t\t\t\t\t<\/p>\n\t\t\t\t\t                    \n\t\t\t\t\t\n\t\t\t\t\t\n\t\t\t\t\t<\/div>\n\t\t\t\t\t<\/div>\n\t\t\t\t\t\t\t\t\t\t\t\t\t\t\t\t<div class=\"badge absolute top post-date badge-square\">\n\t\t\t\t\t\t\t<div class=\"badge-inner\">\n\t\t\t\t\t\t\t\t<span class=\"post-date-day\">24<\/span><br>\n\t\t\t\t\t\t\t\t<span class=\"post-date-month is-xsmall\">Th2<\/span>\n\t\t\t\t\t\t\t<\/div>\n\t\t\t\t\t\t<\/div>\n\t\t\t\t\t\t\t\t\t<\/div>\n\t\t\t\t<\/a>\n\t\t\t<\/div>\n\t\t<\/div>\n\t\t<div class=\"col post-item\" >\n\t\t\t<div class=\"col-inner\">\n\t\t\t<a href=\"https:\/\/thietbitmg.com\/demo\/novalandaquacity\/phap-ly-du-an-aqua-city-chi-tiet-duoc-cap-nhat-moi-nhat-2021\/\" class=\"plain\">\n\t\t\t\t<div class=\"box box-normal box-text-bottom box-blog-post has-hover\">\n            \t\t\t\t\t<div class=\"box-image\" >\n  \t\t\t\t\t\t<div class=\"image-cover\" style=\"padding-top:56.25%;\">\n  \t\t\t\t\t\t\t<img width=\"499\" height=\"400\" src=\"https:\/\/thietbitmg.com\/demo\/novalandaquacity\/wp-content\/uploads\/2020\/09\/phap-ly-aqua-city-1-png-20210701120312MKNrHyrUL9_thum-499x400.jpg\" class=\"attachment-medium size-medium wp-post-image\" alt=\"\" loading=\"lazy\" srcset=\"https:\/\/thietbitmg.com\/demo\/novalandaquacity\/wp-content\/uploads\/2020\/09\/phap-ly-aqua-city-1-png-20210701120312MKNrHyrUL9_thum-499x400.jpg 499w, https:\/\/thietbitmg.com\/demo\/novalandaquacity\/wp-content\/uploads\/2020\/09\/phap-ly-aqua-city-1-png-20210701120312MKNrHyrUL9_thum-24x19.jpg 24w, https:\/\/thietbitmg.com\/demo\/novalandaquacity\/wp-content\/uploads\/2020\/09\/phap-ly-aqua-city-1-png-20210701120312MKNrHyrUL9_thum-36x29.jpg 36w, https:\/\/thietbitmg.com\/demo\/novalandaquacity\/wp-content\/uploads\/2020\/09\/phap-ly-aqua-city-1-png-20210701120312MKNrHyrUL9_thum-48x38.jpg 48w, https:\/\/thietbitmg.com\/demo\/novalandaquacity\/wp-content\/uploads\/2020\/09\/phap-ly-aqua-city-1-png-20210701120312MKNrHyrUL9_thum.jpg 504w\" sizes=\"(max-width: 499px) 100vw, 499px\" \/>  \t\t\t\t\t\t\t  \t\t\t\t\t\t\t  \t\t\t\t\t\t<\/div>\n  \t\t\t\t\t\t  \t\t\t\t\t<\/div>\n          \t\t\t\t\t<div class=\"box-text text-center\" >\n\t\t\t\t\t<div class=\"box-text-inner blog-post-inner\">\n\n\t\t\t\t\t\n\t\t\t\t\t\t\t\t\t\t<h5 class=\"post-title is-large \">[Ph\u00e1p l\u00fd d\u1ef1 \u00e1n Aqua City] Chi ti\u1ebft \u0111\u01b0\u1ee3c c\u1eadp nh\u1eadt m\u1edbi nh\u1ea5t 2021<\/h5>\n\t\t\t\t\t\t\t\t\t\t<div class=\"is-divider\"><\/div>\n\t\t\t\t\t\t\t\t\t\t<p class=\"from_the_blog_excerpt \">Ph\u00e1p l\u00fd d\u1ef1 \u00e1n Aqua City \u0111\u00e3 ho\u00e0n ch\u1ec9nh v\u1ec1 m\u1eb7t gi\u1ea5y ph\u00e9p x\u00e2y d\u1ef1ng[...]\t\t\t\t\t<\/p>\n\t\t\t\t\t                    \n\t\t\t\t\t\n\t\t\t\t\t\n\t\t\t\t\t<\/div>\n\t\t\t\t\t<\/div>\n\t\t\t\t\t\t\t\t\t\t\t\t\t\t\t\t<div class=\"badge absolute top post-date badge-square\">\n\t\t\t\t\t\t\t<div class=\"badge-inner\">\n\t\t\t\t\t\t\t\t<span class=\"post-date-day\">15<\/span><br>\n\t\t\t\t\t\t\t\t<span class=\"post-date-month is-xsmall\">Th9<\/span>\n\t\t\t\t\t\t\t<\/div>\n\t\t\t\t\t\t<\/div>\n\t\t\t\t\t\t\t\t\t<\/div>\n\t\t\t\t<\/a>\n\t\t\t<\/div>\n\t\t<\/div>\n\t\t<div class=\"col post-item\" >\n\t\t\t<div class=\"col-inner\">\n\t\t\t<a href=\"https:\/\/thietbitmg.com\/demo\/novalandaquacity\/7-ly-do-ban-nen-dau-tu-aqua-city-dong-nai-cdt-novaland\/\" class=\"plain\">\n\t\t\t\t<div class=\"box box-normal box-text-bottom box-blog-post has-hover\">\n            \t\t\t\t\t<div class=\"box-image\" >\n  \t\t\t\t\t\t<div class=\"image-cover\" style=\"padding-top:56.25%;\">\n  \t\t\t\t\t\t\t<img width=\"504\" height=\"356\" src=\"https:\/\/thietbitmg.com\/demo\/novalandaquacity\/wp-content\/uploads\/2020\/09\/mat-bang-tong-the-aqua-city-jpg-202103241530101bd1kTJJe8_thum.jpg\" class=\"attachment-medium size-medium wp-post-image\" alt=\"\" loading=\"lazy\" srcset=\"https:\/\/thietbitmg.com\/demo\/novalandaquacity\/wp-content\/uploads\/2020\/09\/mat-bang-tong-the-aqua-city-jpg-202103241530101bd1kTJJe8_thum.jpg 504w, https:\/\/thietbitmg.com\/demo\/novalandaquacity\/wp-content\/uploads\/2020\/09\/mat-bang-tong-the-aqua-city-jpg-202103241530101bd1kTJJe8_thum-24x17.jpg 24w, https:\/\/thietbitmg.com\/demo\/novalandaquacity\/wp-content\/uploads\/2020\/09\/mat-bang-tong-the-aqua-city-jpg-202103241530101bd1kTJJe8_thum-36x25.jpg 36w, https:\/\/thietbitmg.com\/demo\/novalandaquacity\/wp-content\/uploads\/2020\/09\/mat-bang-tong-the-aqua-city-jpg-202103241530101bd1kTJJe8_thum-48x34.jpg 48w\" sizes=\"(max-width: 504px) 100vw, 504px\" \/>  \t\t\t\t\t\t\t  \t\t\t\t\t\t\t  \t\t\t\t\t\t<\/div>\n  \t\t\t\t\t\t  \t\t\t\t\t<\/div>\n          \t\t\t\t\t<div class=\"box-text text-center\" >\n\t\t\t\t\t<div class=\"box-text-inner blog-post-inner\">\n\n\t\t\t\t\t\n\t\t\t\t\t\t\t\t\t\t<h5 class=\"post-title is-large \">7 l\u00fd do b\u1ea1n n\u00ean \u0111\u1ea7u t\u01b0 Aqua City \u0110\u1ed3ng Nai [C\u0110T Novaland]<\/h5>\n\t\t\t\t\t\t\t\t\t\t<div class=\"is-divider\"><\/div>\n\t\t\t\t\t\t\t\t\t\t<p class=\"from_the_blog_excerpt \">Hi\u1ec7n nay tr\u00ean th\u1ecb tr\u01b0\u1eddng b\u1ea5t \u0111\u1ed9ng s\u1ea3n Mi\u1ec1n Nam, Aqua City \u0111ang n\u1ed5i l\u00ean[...]\t\t\t\t\t<\/p>\n\t\t\t\t\t                    \n\t\t\t\t\t\n\t\t\t\t\t\n\t\t\t\t\t<\/div>\n\t\t\t\t\t<\/div>\n\t\t\t\t\t\t\t\t\t\t\t\t\t\t\t\t<div class=\"badge absolute top post-date badge-square\">\n\t\t\t\t\t\t\t<div class=\"badge-inner\">\n\t\t\t\t\t\t\t\t<span class=\"post-date-day\">15<\/span><br>\n\t\t\t\t\t\t\t\t<span class=\"post-date-month is-xsmall\">Th9<\/span>\n\t\t\t\t\t\t\t<\/div>\n\t\t\t\t\t\t<\/div>\n\t\t\t\t\t\t\t\t\t<\/div>\n\t\t\t\t<\/a>\n\t\t\t<\/div>\n\t\t<\/div>\n\t\t<div class=\"col post-item\" >\n\t\t\t<div class=\"col-inner\">\n\t\t\t<a href=\"https:\/\/thietbitmg.com\/demo\/novalandaquacity\/trai-nghiem-thuc-te-nha-mau-aqua-city-dang-ky-tham-quan\/\" class=\"plain\">\n\t\t\t\t<div class=\"box box-normal box-text-bottom box-blog-post has-hover\">\n            \t\t\t\t\t<div class=\"box-image\" >\n  \t\t\t\t\t\t<div class=\"image-cover\" style=\"padding-top:56.25%;\">\n  \t\t\t\t\t\t\t<img width=\"504\" height=\"337\" src=\"https:\/\/thietbitmg.com\/demo\/novalandaquacity\/wp-content\/uploads\/2020\/09\/nha-mau-aqua-city-1-jpg-202103231646523Mkuu45bUA_thum.jpg\" class=\"attachment-medium size-medium wp-post-image\" alt=\"\" loading=\"lazy\" srcset=\"https:\/\/thietbitmg.com\/demo\/novalandaquacity\/wp-content\/uploads\/2020\/09\/nha-mau-aqua-city-1-jpg-202103231646523Mkuu45bUA_thum.jpg 504w, https:\/\/thietbitmg.com\/demo\/novalandaquacity\/wp-content\/uploads\/2020\/09\/nha-mau-aqua-city-1-jpg-202103231646523Mkuu45bUA_thum-24x16.jpg 24w, https:\/\/thietbitmg.com\/demo\/novalandaquacity\/wp-content\/uploads\/2020\/09\/nha-mau-aqua-city-1-jpg-202103231646523Mkuu45bUA_thum-36x24.jpg 36w, https:\/\/thietbitmg.com\/demo\/novalandaquacity\/wp-content\/uploads\/2020\/09\/nha-mau-aqua-city-1-jpg-202103231646523Mkuu45bUA_thum-48x32.jpg 48w\" sizes=\"(max-width: 504px) 100vw, 504px\" \/>  \t\t\t\t\t\t\t  \t\t\t\t\t\t\t  \t\t\t\t\t\t<\/div>\n  \t\t\t\t\t\t  \t\t\t\t\t<\/div>\n          \t\t\t\t\t<div class=\"box-text text-center\" >\n\t\t\t\t\t<div class=\"box-text-inner blog-post-inner\">\n\n\t\t\t\t\t\n\t\t\t\t\t\t\t\t\t\t<h5 class=\"post-title is-large \">Tr\u1ea3i nghi\u1ec7m th\u1ef1c t\u1ebf nh\u00e0 m\u1eabu Aqua City | \u0110\u0103ng k\u00fd tham quan<\/h5>\n\t\t\t\t\t\t\t\t\t\t<div class=\"is-divider\"><\/div>\n\t\t\t\t\t\t\t\t\t\t<p class=\"from_the_blog_excerpt \">Tr\u1ea3i nghi\u1ec7m th\u1ef1c t\u1ebf nh\u00e0 m\u1eabu d\u1ef1 \u00e1n Aqua City si\u00eau \u0111\u1eb9p t\u1ea1i Bi\u00ean H\u00f2a[...]\t\t\t\t\t<\/p>\n\t\t\t\t\t                    \n\t\t\t\t\t\n\t\t\t\t\t\n\t\t\t\t\t<\/div>\n\t\t\t\t\t<\/div>\n\t\t\t\t\t\t\t\t\t\t\t\t\t\t\t\t<div class=\"badge absolute top post-date badge-square\">\n\t\t\t\t\t\t\t<div class=\"badge-inner\">\n\t\t\t\t\t\t\t\t<span class=\"post-date-day\">15<\/span><br>\n\t\t\t\t\t\t\t\t<span class=\"post-date-month is-xsmall\">Th9<\/span>\n\t\t\t\t\t\t\t<\/div>\n\t\t\t\t\t\t<\/div>\n\t\t\t\t\t\t\t\t\t<\/div>\n\t\t\t\t<\/a>\n\t\t\t<\/div>\n\t\t<\/div>\n<\/div>\n\t\t<\/div>\n\t\t\t<\/div>\n\n\t\n<\/div>\n\t\t<\/div>\n\t\t\t<\/div>\n\n\t\n\n\t<div id=\"col-1285668824\" class=\"col medium-2 small-12 large-2\"  >\n\t\t<div class=\"col-inner\"  >\n\t\t\t\n\t\t\t\n\t<div class=\"img has-hover x md-x lg-x y md-y lg-y\" id=\"image_1221692424\">\n\t\t<a class=\"\" href=\"#header-newsletter-signup\"  >\t\t\t\t\t\t<div class=\"img-inner dark\" >\n\t\t\t<img width=\"750\" height=\"184\" src=\"https:\/\/thietbitmg.com\/demo\/novalandaquacity\/wp-content\/uploads\/2022\/02\/icon_7.png\" class=\"attachment-large size-large\" alt=\"\" loading=\"lazy\" srcset=\"https:\/\/thietbitmg.com\/demo\/novalandaquacity\/wp-content\/uploads\/2022\/02\/icon_7.png 750w, https:\/\/thietbitmg.com\/demo\/novalandaquacity\/wp-content\/uploads\/2022\/02\/icon_7-24x6.png 24w, https:\/\/thietbitmg.com\/demo\/novalandaquacity\/wp-content\/uploads\/2022\/02\/icon_7-36x9.png 36w, https:\/\/thietbitmg.com\/demo\/novalandaquacity\/wp-content\/uploads\/2022\/02\/icon_7-48x12.png 48w, https:\/\/thietbitmg.com\/demo\/novalandaquacity\/wp-content\/uploads\/2022\/02\/icon_7-600x147.png 600w\" sizes=\"(max-width: 750px) 100vw, 750px\" \/>\t\t\t\t\t\t\n\t\t\t\t\t<\/div>\n\t\t\t\t\t\t<\/a>\t\t\n<style>\n#image_1221692424 {\n  width: 100%;\n}\n<\/style>\n\t<\/div>\n\t\n<a href=\"tel:0908999739\" target=\"_self\" class=\"button primary is-larger expand\"  style=\"border-radius:5px;\">\n  <i class=\"icon-phone\" ><\/i>  <span>0908.999.739<\/span>\n  <\/a>\n\n<div class=\"row\"  id=\"row-177375783\">\n\n\t<div id=\"col-478385149\" class=\"col small-12 large-12\"  >\n\t\t<div class=\"col-inner\"  >\n\t\t\t\n\t\t\t\n<div class=\"video video-fit mb\" style=\"padding-top:56.25%;\"><p><iframe title=\"GI\u1edaI THI\u1ec6U KHU C\u0102N H\u1ed8 AQUA CITY - T\u1eacP \u0110O\u00c0N NOVALAND\" width=\"1020\" height=\"574\" src=\"https:\/\/www.youtube.com\/embed\/i79HDDP8VAs?feature=oembed\" frameborder=\"0\" allow=\"accelerometer; autoplay; clipboard-write; encrypted-media; gyroscope; picture-in-picture; web-share\" allowfullscreen><\/iframe><\/p>\n<\/div>\n\t<div class=\"img has-hover x md-x lg-x y md-y lg-y\" id=\"image_835484208\">\n\t\t\t\t\t\t\t\t<div class=\"img-inner dark\" >\n\t\t\t<img width=\"300\" height=\"600\" src=\"https:\/\/thietbitmg.com\/demo\/novalandaquacity\/wp-content\/uploads\/2022\/02\/300x600-banner-jpg-20210331111730a5UY4roymf.jpg\" class=\"attachment-large size-large\" alt=\"\" loading=\"lazy\" srcset=\"https:\/\/thietbitmg.com\/demo\/novalandaquacity\/wp-content\/uploads\/2022\/02\/300x600-banner-jpg-20210331111730a5UY4roymf.jpg 300w, https:\/\/thietbitmg.com\/demo\/novalandaquacity\/wp-content\/uploads\/2022\/02\/300x600-banner-jpg-20210331111730a5UY4roymf-200x400.jpg 200w, https:\/\/thietbitmg.com\/demo\/novalandaquacity\/wp-content\/uploads\/2022\/02\/300x600-banner-jpg-20210331111730a5UY4roymf-12x24.jpg 12w, https:\/\/thietbitmg.com\/demo\/novalandaquacity\/wp-content\/uploads\/2022\/02\/300x600-banner-jpg-20210331111730a5UY4roymf-18x36.jpg 18w, https:\/\/thietbitmg.com\/demo\/novalandaquacity\/wp-content\/uploads\/2022\/02\/300x600-banner-jpg-20210331111730a5UY4roymf-24x48.jpg 24w\" sizes=\"(max-width: 300px) 100vw, 300px\" \/>\t\t\t\t\t\t\n\t\t\t\t\t<\/div>\n\t\t\t\t\t\t\t\t\n<style>\n#image_835484208 {\n  width: 100%;\n}\n<\/style>\n\t<\/div>\n\t\n\t<div class=\"img has-hover x md-x lg-x y md-y lg-y\" id=\"image_1274820453\">\n\t\t\t\t\t\t\t\t<div class=\"img-inner dark\" >\n\t\t\t<img width=\"871\" height=\"490\" src=\"https:\/\/thietbitmg.com\/demo\/novalandaquacity\/wp-content\/uploads\/2022\/02\/biet-thu-aqua-city-2-jpg-20210618145932aWswLbTnd0.jpg\" class=\"attachment-large size-large\" alt=\"\" loading=\"lazy\" srcset=\"https:\/\/thietbitmg.com\/demo\/novalandaquacity\/wp-content\/uploads\/2022\/02\/biet-thu-aqua-city-2-jpg-20210618145932aWswLbTnd0.jpg 871w, https:\/\/thietbitmg.com\/demo\/novalandaquacity\/wp-content\/uploads\/2022\/02\/biet-thu-aqua-city-2-jpg-20210618145932aWswLbTnd0-711x400.jpg 711w, https:\/\/thietbitmg.com\/demo\/novalandaquacity\/wp-content\/uploads\/2022\/02\/biet-thu-aqua-city-2-jpg-20210618145932aWswLbTnd0-768x432.jpg 768w, https:\/\/thietbitmg.com\/demo\/novalandaquacity\/wp-content\/uploads\/2022\/02\/biet-thu-aqua-city-2-jpg-20210618145932aWswLbTnd0-24x14.jpg 24w, https:\/\/thietbitmg.com\/demo\/novalandaquacity\/wp-content\/uploads\/2022\/02\/biet-thu-aqua-city-2-jpg-20210618145932aWswLbTnd0-36x20.jpg 36w, https:\/\/thietbitmg.com\/demo\/novalandaquacity\/wp-content\/uploads\/2022\/02\/biet-thu-aqua-city-2-jpg-20210618145932aWswLbTnd0-48x27.jpg 48w, https:\/\/thietbitmg.com\/demo\/novalandaquacity\/wp-content\/uploads\/2022\/02\/biet-thu-aqua-city-2-jpg-20210618145932aWswLbTnd0-600x338.jpg 600w\" sizes=\"(max-width: 871px) 100vw, 871px\" \/>\t\t\t\t\t\t\n\t\t\t\t\t<\/div>\n\t\t\t\t\t\t\t\t\n<style>\n#image_1274820453 {\n  width: 100%;\n}\n<\/style>\n\t<\/div>\n\t\n\t<div class=\"img has-hover x md-x lg-x y md-y lg-y\" id=\"image_1354098088\">\n\t\t\t\t\t\t\t\t<div class=\"img-inner dark\" >\n\t\t\t<img width=\"800\" height=\"449\" src=\"https:\/\/thietbitmg.com\/demo\/novalandaquacity\/wp-content\/uploads\/2022\/02\/dinh-thu-aqua-city-dong-nai-jpg-20210618145755he2ol9K2uq.jpg\" class=\"attachment-large size-large\" alt=\"\" loading=\"lazy\" srcset=\"https:\/\/thietbitmg.com\/demo\/novalandaquacity\/wp-content\/uploads\/2022\/02\/dinh-thu-aqua-city-dong-nai-jpg-20210618145755he2ol9K2uq.jpg 800w, https:\/\/thietbitmg.com\/demo\/novalandaquacity\/wp-content\/uploads\/2022\/02\/dinh-thu-aqua-city-dong-nai-jpg-20210618145755he2ol9K2uq-713x400.jpg 713w, https:\/\/thietbitmg.com\/demo\/novalandaquacity\/wp-content\/uploads\/2022\/02\/dinh-thu-aqua-city-dong-nai-jpg-20210618145755he2ol9K2uq-768x431.jpg 768w, https:\/\/thietbitmg.com\/demo\/novalandaquacity\/wp-content\/uploads\/2022\/02\/dinh-thu-aqua-city-dong-nai-jpg-20210618145755he2ol9K2uq-24x13.jpg 24w, https:\/\/thietbitmg.com\/demo\/novalandaquacity\/wp-content\/uploads\/2022\/02\/dinh-thu-aqua-city-dong-nai-jpg-20210618145755he2ol9K2uq-36x20.jpg 36w, https:\/\/thietbitmg.com\/demo\/novalandaquacity\/wp-content\/uploads\/2022\/02\/dinh-thu-aqua-city-dong-nai-jpg-20210618145755he2ol9K2uq-48x27.jpg 48w, https:\/\/thietbitmg.com\/demo\/novalandaquacity\/wp-content\/uploads\/2022\/02\/dinh-thu-aqua-city-dong-nai-jpg-20210618145755he2ol9K2uq-600x337.jpg 600w\" sizes=\"(max-width: 800px) 100vw, 800px\" \/>\t\t\t\t\t\t\n\t\t\t\t\t<\/div>\n\t\t\t\t\t\t\t\t\n<style>\n#image_1354098088 {\n  width: 100%;\n}\n<\/style>\n\t<\/div>\n\t\n\t<div class=\"img has-hover x md-x lg-x y md-y lg-y\" id=\"image_1088093503\">\n\t\t\t\t\t\t\t\t<div class=\"img-inner dark\" >\n\t\t\t<img width=\"300\" height=\"168\" src=\"https:\/\/thietbitmg.com\/demo\/novalandaquacity\/wp-content\/uploads\/2022\/02\/phoenix-north-3-5-300px-jpg-20210618145637tx1hJlhwU0.jpg\" class=\"attachment-large size-large\" alt=\"\" loading=\"lazy\" srcset=\"https:\/\/thietbitmg.com\/demo\/novalandaquacity\/wp-content\/uploads\/2022\/02\/phoenix-north-3-5-300px-jpg-20210618145637tx1hJlhwU0.jpg 300w, https:\/\/thietbitmg.com\/demo\/novalandaquacity\/wp-content\/uploads\/2022\/02\/phoenix-north-3-5-300px-jpg-20210618145637tx1hJlhwU0-24x13.jpg 24w, https:\/\/thietbitmg.com\/demo\/novalandaquacity\/wp-content\/uploads\/2022\/02\/phoenix-north-3-5-300px-jpg-20210618145637tx1hJlhwU0-36x20.jpg 36w, https:\/\/thietbitmg.com\/demo\/novalandaquacity\/wp-content\/uploads\/2022\/02\/phoenix-north-3-5-300px-jpg-20210618145637tx1hJlhwU0-48x27.jpg 48w\" sizes=\"(max-width: 300px) 100vw, 300px\" \/>\t\t\t\t\t\t\n\t\t\t\t\t<\/div>\n\t\t\t\t\t\t\t\t\n<style>\n#image_1088093503 {\n  width: 100%;\n}\n<\/style>\n\t<\/div>\n\t\n\t<div class=\"img has-hover x md-x lg-x y md-y lg-y\" id=\"image_627469903\">\n\t\t\t\t\t\t\t\t<div class=\"img-inner dark\" >\n\t\t\t<img width=\"492\" height=\"800\" src=\"https:\/\/thietbitmg.com\/demo\/novalandaquacity\/wp-content\/uploads\/2022\/02\/aqua-city-492x800.jpg\" class=\"attachment-large size-large\" alt=\"\" loading=\"lazy\" srcset=\"https:\/\/thietbitmg.com\/demo\/novalandaquacity\/wp-content\/uploads\/2022\/02\/aqua-city-492x800.jpg 492w, https:\/\/thietbitmg.com\/demo\/novalandaquacity\/wp-content\/uploads\/2022\/02\/aqua-city-246x400.jpg 246w, https:\/\/thietbitmg.com\/demo\/novalandaquacity\/wp-content\/uploads\/2022\/02\/aqua-city-768x1250.jpg 768w, https:\/\/thietbitmg.com\/demo\/novalandaquacity\/wp-content\/uploads\/2022\/02\/aqua-city-15x24.jpg 15w, https:\/\/thietbitmg.com\/demo\/novalandaquacity\/wp-content\/uploads\/2022\/02\/aqua-city-22x36.jpg 22w, https:\/\/thietbitmg.com\/demo\/novalandaquacity\/wp-content\/uploads\/2022\/02\/aqua-city-29x48.jpg 29w, https:\/\/thietbitmg.com\/demo\/novalandaquacity\/wp-content\/uploads\/2022\/02\/aqua-city-600x977.jpg 600w, https:\/\/thietbitmg.com\/demo\/novalandaquacity\/wp-content\/uploads\/2022\/02\/aqua-city.jpg 843w\" sizes=\"(max-width: 492px) 100vw, 492px\" \/>\t\t\t\t\t\t\n\t\t\t\t\t<\/div>\n\t\t\t\t\t\t\t\t\n<style>\n#image_627469903 {\n  width: 100%;\n}\n<\/style>\n\t<\/div>\n\t\n\t<div class=\"img has-hover x md-x lg-x y md-y lg-y\" id=\"image_1924970297\">\n\t\t\t\t\t\t\t\t<div class=\"img-inner dark\" >\n\t\t\t<img width=\"540\" height=\"800\" src=\"https:\/\/thietbitmg.com\/demo\/novalandaquacity\/wp-content\/uploads\/2022\/02\/tq-540x800.jpg\" class=\"attachment-large size-large\" alt=\"\" loading=\"lazy\" srcset=\"https:\/\/thietbitmg.com\/demo\/novalandaquacity\/wp-content\/uploads\/2022\/02\/tq-540x800.jpg 540w, https:\/\/thietbitmg.com\/demo\/novalandaquacity\/wp-content\/uploads\/2022\/02\/tq-270x400.jpg 270w, https:\/\/thietbitmg.com\/demo\/novalandaquacity\/wp-content\/uploads\/2022\/02\/tq-16x24.jpg 16w, https:\/\/thietbitmg.com\/demo\/novalandaquacity\/wp-content\/uploads\/2022\/02\/tq-24x36.jpg 24w, https:\/\/thietbitmg.com\/demo\/novalandaquacity\/wp-content\/uploads\/2022\/02\/tq-32x48.jpg 32w, https:\/\/thietbitmg.com\/demo\/novalandaquacity\/wp-content\/uploads\/2022\/02\/tq-600x890.jpg 600w, https:\/\/thietbitmg.com\/demo\/novalandaquacity\/wp-content\/uploads\/2022\/02\/tq.jpg 640w\" sizes=\"(max-width: 540px) 100vw, 540px\" \/>\t\t\t\t\t\t\n\t\t\t\t\t<\/div>\n\t\t\t\t\t\t\t\t\n<style>\n#image_1924970297 {\n  width: 100%;\n}\n<\/style>\n\t<\/div>\n\t\n\t<div class=\"img has-hover x md-x lg-x y md-y lg-y\" id=\"image_1411156718\">\n\t\t\t\t\t\t\t\t<div class=\"img-inner dark\" >\n\t\t\t<img width=\"508\" height=\"800\" src=\"https:\/\/thietbitmg.com\/demo\/novalandaquacity\/wp-content\/uploads\/2022\/02\/c42a4cc80ea828fa46775f8b62ef8af0-508x800.jpg\" class=\"attachment-large size-large\" alt=\"\" loading=\"lazy\" srcset=\"https:\/\/thietbitmg.com\/demo\/novalandaquacity\/wp-content\/uploads\/2022\/02\/c42a4cc80ea828fa46775f8b62ef8af0-508x800.jpg 508w, https:\/\/thietbitmg.com\/demo\/novalandaquacity\/wp-content\/uploads\/2022\/02\/c42a4cc80ea828fa46775f8b62ef8af0-254x400.jpg 254w, https:\/\/thietbitmg.com\/demo\/novalandaquacity\/wp-content\/uploads\/2022\/02\/c42a4cc80ea828fa46775f8b62ef8af0-768x1211.jpg 768w, https:\/\/thietbitmg.com\/demo\/novalandaquacity\/wp-content\/uploads\/2022\/02\/c42a4cc80ea828fa46775f8b62ef8af0-15x24.jpg 15w, https:\/\/thietbitmg.com\/demo\/novalandaquacity\/wp-content\/uploads\/2022\/02\/c42a4cc80ea828fa46775f8b62ef8af0-23x36.jpg 23w, https:\/\/thietbitmg.com\/demo\/novalandaquacity\/wp-content\/uploads\/2022\/02\/c42a4cc80ea828fa46775f8b62ef8af0-30x48.jpg 30w, https:\/\/thietbitmg.com\/demo\/novalandaquacity\/wp-content\/uploads\/2022\/02\/c42a4cc80ea828fa46775f8b62ef8af0-600x946.jpg 600w, https:\/\/thietbitmg.com\/demo\/novalandaquacity\/wp-content\/uploads\/2022\/02\/c42a4cc80ea828fa46775f8b62ef8af0.jpg 812w\" sizes=\"(max-width: 508px) 100vw, 508px\" \/>\t\t\t\t\t\t\n\t\t\t\t\t<\/div>\n\t\t\t\t\t\t\t\t\n<style>\n#image_1411156718 {\n  width: 100%;\n}\n<\/style>\n\t<\/div>\n\t\n\t\t<\/div>\n\t\t\t<\/div>\n\n\t\n<\/div>\n\t\t<\/div>\n\t\t\t<\/div>\n\n\t\n<\/div>\n\t\t<\/div>\n\n\t\t\n<style>\n#section_2034983543 {\n  padding-top: 10px;\n  padding-bottom: 10px;\n}\n<\/style>\n\t<\/section>\n\t\n","protected":false},"excerpt":{"rendered":"","protected":false},"author":1,"featured_media":0,"parent":0,"menu_order":0,"comment_status":"closed","ping_status":"closed","template":"page-transparent-header.php","meta":[],"_links":{"self":[{"href":"https:\/\/thietbitmg.com\/demo\/novalandaquacity\/wp-json\/wp\/v2\/pages\/2593"}],"collection":[{"href":"https:\/\/thietbitmg.com\/demo\/novalandaquacity\/wp-json\/wp\/v2\/pages"}],"about":[{"href":"https:\/\/thietbitmg.com\/demo\/novalandaquacity\/wp-json\/wp\/v2\/types\/page"}],"author":[{"embeddable":true,"href":"https:\/\/thietbitmg.com\/demo\/novalandaquacity\/wp-json\/wp\/v2\/users\/1"}],"replies":[{"embeddable":true,"href":"https:\/\/thietbitmg.com\/demo\/novalandaquacity\/wp-json\/wp\/v2\/comments?post=2593"}],"version-history":[{"count":8,"href":"https:\/\/thietbitmg.com\/demo\/novalandaquacity\/wp-json\/wp\/v2\/pages\/2593\/revisions"}],"predecessor-version":[{"id":3125,"href":"https:\/\/thietbitmg.com\/demo\/novalandaquacity\/wp-json\/wp\/v2\/pages\/2593\/revisions\/3125"}],"wp:attachment":[{"href":"https:\/\/thietbitmg.com\/demo\/novalandaquacity\/wp-json\/wp\/v2\/media?parent=2593"}],"curies":[{"name":"wp","href":"https:\/\/api.w.org\/{rel}","templated":true}]}}