{"id":68,"date":"2015-11-17T20:15:56","date_gmt":"2015-11-17T20:15:56","guid":{"rendered":"http:\/\/localhost:8888\/flatsome-next\/?page_id=3031"},"modified":"2021-02-02T02:39:58","modified_gmt":"2021-02-02T02:39:58","slug":"gioi-thieu","status":"publish","type":"page","link":"https:\/\/thietbitmg.com\/demo\/novalandaquacity\/gioi-thieu\/","title":{"rendered":"Gi\u1edbi thi\u1ec7u"},"content":{"rendered":"\n\t<div id=\"gap-352049668\" class=\"gap-element clearfix\" style=\"display:block; height:auto;\">\n\t\t\n<style>\n#gap-352049668 {\n  padding-top: 30px;\n}\n<\/style>\n\t<\/div>\n\t\n\n<div class=\"row\"  id=\"row-336372590\">\n\n\n\t<div id=\"col-964294566\" class=\"col medium-9 small-12 large-9\"  >\n\t\t<div class=\"col-inner\"  >\n\t\t\t\n\t\t\t\n\n<h1 class=\"page-title\">GI\u1edaI THI\u1ec6U C\u00d4NG TY<\/h1>\n<div class=\"post-single-content\">\n<p><strong>C\u00c2U CHUY\u1ec6N C\u1ee6A LOUIS<\/strong><\/p>\n<p>T\u1eeb ng\u00e0y c\u00f2n l\u00e0 sinh vi\u00ean, t\u00f4i \u0111\u00e3 nu\u00f4i \u01b0\u1edbc m\u01a1 s\u1ebd s\u1edf h\u1eefu m\u1ed9t th\u01b0\u01a1ng hi\u1ec7u v\u1edbi m\u00f4i tr\u01b0\u1eddng l\u00e0m vi\u1ec7c th\u00e2n thi\u1ec7n, tho\u1ea3i m\u00e1i. T\u00f4i mu\u1ed1n c\u00f9ng anh em c\u1ed9ng s\u1ef1 tr\u1ea3i nghi\u1ec7m, tr\u01b0\u1edfng th\u00e0nh v\u00e0 th\u00e0nh c\u00f4ng trong l\u0129nh v\u1ef1c x\u00e2y d\u1ef1ng.<\/p>\n<p>V\u00ec l\u00fd do n\u00e0y m\u00e0 sau m\u1ed9t th\u1eddi gian l\u00e0m vi\u1ec7c, m\u1eb7c d\u00f9 m\u1ee9c l\u01b0\u01a1ng r\u1ea5t h\u1eadu h\u0129nh nh\u01b0ng c\u0169ng kh\u00f4ng th\u1ec3 l\u00e0m v\u1eeba l\u00f2ng tr\u00e1i tim \u0111ang s\u1ee5c s\u00f4i kh\u00e1t khao chinh ph\u1ee5c th\u1eed th\u00e1ch c\u1ee7a t\u00f4i. R\u1ed3i m\u1ed9t ng\u00e0y, t\u00f4i quy\u1ebft \u0111\u1ecbnh r\u1eddi b\u1ecf c\u00f4ng vi\u1ec7c \u0111\u1ed9i tr\u01b0\u1edfng thi c\u00f4ng c\u1ee7a m\u1ed9t c\u00f4ng ty l\u1edbn tr\u01b0\u1edbc s\u1ef1 c\u1ea3n ng\u0103n c\u1ee7a b\u1ed1 m\u1eb9 v\u00e0 b\u1ea1n b\u00e8. T\u00f4i mu\u1ed1n th\u00e0nh l\u1eadp c\u00f4ng ty c\u1ee7a ri\u00eang t\u00f4i \u0111\u1ec3 anh em c\u1ed9ng s\u1ef1 c\u00f3 m\u1ed9t n\u01a1i \u0111\u1ec3 ph\u00e1t tri\u1ec3n, \u0111\u1ec3 kh\u00e1ch h\u00e0ng \u0111\u1ebfn v\u1edbi m\u00ecnh c\u00f3 \u0111\u01b0\u1ee3c ni\u1ec1m h\u1ea1nh ph\u00fac th\u1eadt s\u1ef1 v\u1edbi ch\u1ea5t l\u01b0\u1ee3ng d\u1ecbch v\u1ee5 t\u1ed1t.<\/p>\n<p><a class=\"popup\" href=\"https:\/\/nhalouis.com\/wp-content\/uploads\/2017\/10\/gioi-thieu-cong-ty-louis-01.jpg\" data-lbwps-width=\"5472\" data-lbwps-height=\"3648\" data-lbwps-handler=\"1\"><img loading=\"lazy\" class=\"aligncenter size-full wp-image-32680\" src=\"https:\/\/nhalouis.com\/wp-content\/uploads\/2017\/10\/gioi-thieu-cong-ty-louis-01.jpg\" alt=\"Gi\u1edbi thi\u1ec7u c\u00f4ng ty Louis\" width=\"5472\" height=\"3648\" \/><\/a><\/p>\n<p>Nh\u01b0ng, c\u00f3 kinh nghi\u1ec7m kh\u00f4ng ph\u1ea3i l\u00e0 y\u1ebfu t\u1ed1 quy\u1ebft \u0111\u1ecbnh trong giai \u0111o\u1ea1n \u0111\u1ea7u kh\u1edfi nghi\u1ec7p, \u0111\u1ecbnh h\u01b0\u1edbng ph\u00e1t tri\u1ec3n c\u00f4ng ty v\u00e0 NI\u1ec0M TIN KH\u00c1CH H\u00c0NG m\u1edbi l\u00e0 \u0111i\u1ec1u \u0111\u00e1ng b\u00e0n. Th\u1ea5t b\u1ea1i te tua, b\u1ea7m d\u1eadp, t\u00f4i \u0111\u00e3 kh\u00f4ng bi\u1ebft l\u00e0m nh\u01b0 th\u1ebf n\u00e0o \u0111\u1ec3 thuy\u1ebft ph\u1ee5c kh\u00e1ch h\u00e0ng tin v\u00e0o n\u0103ng l\u1ef1c thi\u1ebft k\u1ebf, thi c\u00f4ng c\u1ee7a m\u1ed9t c\u00f4ng ty m\u1edbi. Trong t\u00f4i t\u1ed3n t\u1ea1i r\u1ea5t nhi\u1ec1u lo l\u1eafng, s\u1ee3 h\u00e3i\u2026<\/p>\n<p>\u0110\u00f3 l\u00e0 nh\u1eefng ng\u00e0y \u0111\u1ea7u v\u00e0o n\u0103m 2010, c\u00f2n b\u00e2y gi\u1edd, t\u00f4i v\u1eabn \u0111ang \u0111\u00f3n nh\u1eadn nh\u1eefng th\u1eed th\u00e1ch m\u1edbi v\u00e0 ti\u1ebfp t\u1ee5c d\u1ea5n th\u00e2n v\u00ec \u01b0\u1edbc m\u01a1, mong mu\u1ed1n c\u1ee7a kh\u00e1ch h\u00e0ng. Tuy nhi\u00ean, v\u1edbi h\u00e0ng tr\u0103m d\u1ef1 \u00e1n thi\u1ebft k\u1ebf, thi c\u00f4ng \u0111\u01b0\u1ee3c ho\u00e0n thi\u1ec7n trong s\u1ef1 tin t\u01b0\u1edfng, h\u00e0i l\u00f2ng, t\u00f4i c\u00f9ng anh em ki\u1ebfn tr\u00fac s\u01b0, k\u1ef9 s\u01b0 \u0111\u00e3 t\u1ef1 tin h\u01a1n r\u1ea5t nhi\u1ec1u tr\u00ean ch\u1eb7ng \u0111\u01b0\u1eddng ph\u1ee5c v\u1ee5 kh\u00e1ch h\u00e0ng.<\/p>\n<p>L\u1ea5y quan ni\u1ec7m\u00a0<strong><em>\u201cS\u1ef1 t\u1eed t\u1ebf mang l\u1ea1i th\u00e0nh c\u00f4ng b\u1ec1n v\u1eefng\u201d<\/em><\/strong>\u00a0l\u00e0m ph\u01b0\u01a1ng ch\u00e2m ho\u1ea1t \u0111\u1ed9ng, LOUIS lu\u00f4n h\u1ebft m\u00ecnh v\u00ec l\u1ee3i \u00edch c\u1ee7a c\u00e1c b\u1ea1n. Kh\u00f4ng qu\u00e1 quan tr\u1ecdng vi\u1ec7c b\u1ea1n t\u00ecm \u0111\u1ebfn LOUIS v\u00e0 sau \u0111\u00f3 tr\u1edf th\u00e0nh kh\u00e1ch h\u00e0ng c\u1ee7a ch\u00fang t\u00f4i hay kh\u00f4ng, \u0111\u1ebfn v\u1edbi LOUIS \u0111\u1ed3ng ngh\u0129a v\u1edbi vi\u1ec7c b\u1ea1n t\u00ecm \u0111\u1ebfn nh\u1eefng l\u1eddi t\u01b0 v\u1ea5n ch\u00e2n t\u00ecnh. Ch\u1ecdn LOUIS l\u00e0 b\u1ea1n ch\u1ecdn s\u1ef1 b\u1ea3o \u0111\u1ea3m ch\u1ea5t l\u01b0\u1ee3ng v\u00e0 h\u00e0i l\u00f2ng! Ch\u00fang t\u00f4i \u0111\u00e3 s\u1eb5n s\u00e0ng \u0111\u1ed3ng h\u00e0nh c\u00f9ng c\u00e1c b\u1ea1n d\u00f9 \u1edf b\u1ea5t c\u1ee9 t\u00ecnh hu\u1ed1ng kh\u00f3 kh\u0103n n\u00e0o. Th\u1eadm ch\u00ed ch\u1ecbu thi\u1ec7t th\u00f2i v\u1ec1 th\u1eddi gian, chi ph\u00ed \u0111\u1ec3 h\u1ea1nh ph\u00fac c\u1ee7a c\u00e1c b\u1ea1n \u0111\u01b0\u1ee3c tr\u1ecdn v\u1eb9n ch\u00fang t\u00f4i c\u0169ng ch\u1ea5p nh\u1eadn\u2026<\/p>\n<p><strong>T\u00f4i- \u0110\u00e0m Ng\u1ecdc H\u00e2n<\/strong><br \/><strong>CEO C\u00f4ng ty c\u1ed5 ph\u1ea7n x\u00e2y d\u1ef1ng LOUIS<\/strong><\/p>\n<p><strong>\u0110i\u1ec1u g\u00ec l\u00e0m n\u00ean kh\u00e1c bi\u1ec7t cho LOUIS?<\/strong><\/p>\n<p>L\u00e0 m\u1ed9t d\u1ecbch v\u1ee5, m\u1ed9t ng\u00e0nh ngh\u1ec1 kinh doanh, n\u1ebfu n\u00f3i kh\u00f4ng quan t\u00e2m \u0111\u1ebfn ti\u1ec1n v\u00e0 l\u1ee3i nhu\u1eadn l\u00e0 kh\u00f4ng th\u1eadt. Nh\u01b0ng \u0111i\u1ec1u ch\u00fang t\u00f4i quan t\u00e2m h\u01a1n c\u1ea3 ch\u00ednh l\u00e0 l\u1ee3i \u00edch v\u00e0 s\u1ef1 h\u00e0i l\u00f2ng 100% t\u1eeb kh\u00e1ch h\u00e0ng.<\/p>\n<p>Ch\u00ednh v\u00ec th\u1ebf, khi \u0111\u1ebfn v\u1edbi LOUIS b\u1ea1n c\u00f3 th\u1ec3 y\u00ean t\u00e2m tuy\u1ec7t \u0111\u1ed1i!!! Ngo\u00e0i kinh nghi\u1ec7m chuy\u00ean m\u00f4n th\u00ec s\u1ef1 t\u1eadn t\u00ecnh trong c\u00e1ch ph\u1ee5c v\u1ee5 kh\u00e1ch h\u00e0ng s\u1ebd gi\u00fap ch\u00fang t\u00f4i th\u1ea5u hi\u1ec3u t\u1ed1t h\u01a1n c\u00e1c y\u00eau c\u1ea7u v\u00e0 \u0111\u01b0a ra ph\u01b0\u01a1ng \u00e1n c\u00f3 l\u1ee3i nh\u1ea5t.<\/p>\n<p>B\u1edfi\u2026<\/p>\n<p><strong><em>Ch\u00fang t\u00f4i kh\u00f4ng \u0111\u01a1n thu\u1ea7n ch\u1ec9 b\u00e1n d\u1ecbch v\u1ee5, ch\u00fang t\u00f4i c\u00f2n b\u00e1n s\u1ef1 h\u00e0i l\u00f2ng<\/em><\/strong><\/p>\n<p><strong>D\u1ecbch v\u1ee5 c\u1ee7a ch\u00fang t\u00f4i<\/strong><\/p>\n<p><strong>1\/ Thi\u1ebft k\u1ebf ki\u1ebfn tr\u00fac, n\u1ed9i th\u1ea5t k\u00e8m theo h\u00ecnh \u1ea3nh 3D.<\/strong><\/p>\n<p><strong>2\/ Thi c\u00f4ng ph\u1ea7n th\u00f4 v\u00e0 cung c\u1ea5p nh\u00e2n c\u00f4ng ho\u00e0n thi\u1ec7n tr\u1ecdn g\u00f3i.<\/strong><\/p>\n<p><strong>3\/ S\u1ea3n xu\u1ea5t, cung c\u1ea5p c\u00e1c s\u1ea3n ph\u1ea9m n\u1ed9i th\u1ea5t, ngo\u1ea1i th\u1ea5t.<\/strong><\/p>\n<p>Cung c\u1ea5p 3 d\u1ecbch v\u1ee5 ch\u00ednh, v\u1edbi s\u1ef1 tin t\u01b0\u1edfng c\u1ee7a r\u1ea5t nhi\u1ec1u kh\u00e1ch h\u00e0ng, m\u1ed9t m\u00ecnh t\u00f4i kh\u00f4ng th\u1ec3 n\u00e0o \u0111\u1ee7 s\u1ee9c \u0111\u1ec3 \u0111\u1ea3m \u0111\u01b0\u01a1ng tr\u1ecdn v\u1eb9n t\u1ea5t c\u1ea3. B\u1edfi v\u1eady, t\u00f4i r\u1ea5t c\u1ea7n s\u1ef1 h\u1ed7 tr\u1ee3 c\u1ee7a anh em t\u00f4i, nh\u1eefng con ng\u01b0\u1eddi \u0111\u00e3 c\u00f9ng t\u00f4i g\u00e2y d\u1ef1ng v\u00e0 ph\u00e1t tri\u1ec3n LOUIS \u0111\u1ebfn ng\u00e0y h\u00f4m nay.<\/p>\n<p><strong>C\u1ed9ng s\u1ef1 c\u1ee7a t\u00f4i<\/strong><\/p>\n<p><a class=\"popup\" href=\"https:\/\/nhalouis.com\/wp-content\/uploads\/2019\/04\/top-10-cong-ty-thiet-ke-xay-dung-tai-tphcm.jpg\" data-lbwps-width=\"1900\" data-lbwps-height=\"1267\" data-lbwps-caption=\"Top 10 C\u00f4ng ty thi\u1ebft k\u1ebf x\u00e2y d\u1ef1ng t\u1ea1i TPHCM\" data-lbwps-handler=\"1\"><img loading=\"lazy\" class=\"size-full wp-image-58434 aligncenter\" src=\"https:\/\/nhalouis.com\/wp-content\/uploads\/2019\/04\/top-10-cong-ty-thiet-ke-xay-dung-tai-tphcm.jpg\" alt=\"Top 10 C\u00f4ng ty thi\u1ebft k\u1ebf x\u00e2y d\u1ef1ng t\u1ea1i TPHCM\" width=\"1900\" height=\"1267\" \/><\/a><\/p>\n<p><a class=\"popup\" href=\"https:\/\/nhalouis.com\/wp-content\/uploads\/2017\/10\/doi-ngu-thi-cong-va-anh-han.jpg\" data-lbwps-width=\"1132\" data-lbwps-height=\"300\" data-lbwps-handler=\"1\"><img loading=\"lazy\" class=\"aligncenter wp-image-32790 size-full\" src=\"https:\/\/nhalouis.com\/wp-content\/uploads\/2017\/10\/doi-ngu-thi-cong-va-anh-han.jpg\" alt=\"\u0111\u1ed9i ng\u0169 thi c\u00f4ng\" width=\"1132\" height=\"300\" \/><\/a><\/p>\n<p><em>\u0110\u1ed9i ng\u0169 anh em LOUIS<\/em><\/p>\n<p>Nh\u1eefng g\u01b0\u01a1ng m\u1eb7t, nh\u1eefng c\u00e1i t\u00ean m\u00e0 t\u00f4i nh\u1eafc \u0111\u1ebfn trong c\u00e2u chuy\u1ec7n c\u1ee7a m\u00ecnh ngay sau \u0111\u00e2y c\u0169ng ch\u00ednh l\u00e0 nh\u1eefng kh\u00e1ch h\u00e0ng \u0111\u1eb7c bi\u1ec7t \u0111\u1ea7u ti\u00ean c\u1ee7a t\u00f4i. Thuy\u1ebft ph\u1ee5c \u0111\u1ec3 h\u1ecd \u0111\u1eb7t ni\u1ec1m tin v\u00e0o t\u00f4i, v\u00e0o LOUIS v\u00e0 ch\u1eb7ng \u0111\u01b0\u1eddng ph\u00e1t tri\u1ec3n s\u1eafp t\u1edbi.<\/p>\n<p>T\u00f4i s\u1edbm nh\u1eadn ra, n\u1ebfu ch\u1ec9 ch\u0103m ch\u0103m v\u00e0o gi\u00e1 tr\u1ecb ti\u1ec1n b\u1ea1c m\u00e0 kh\u00f4ng c\u00f3 s\u1ef1 \u0111am m\u00ea, y\u00eau ngh\u1ec1 th\u00ec c\u00f4ng vi\u1ec7c thi\u1ebft k\u1ebf ch\u1ec9 d\u1eebng l\u1ea1i \u1edf th\u00f3i quen l\u00e0m b\u00e0i v\u00e0 tr\u1ea3 b\u00e0i, kh\u00f3 c\u00f3 th\u1ec3 t\u1ea1o \u0111\u01b0\u1ee3c m\u1ed9t kh\u00f4ng gian s\u1ed1ng \u201c\u0111\u00e1ng s\u1ed1ng\u201d, kh\u00e1c bi\u1ec7t v\u00e0 ho\u00e0n m\u1ef9. Do \u0111\u00f3, t\u00f4i kh\u00e1t khao ki\u1ebfm t\u00ecm v\u00e0 chi\u00eau m\u1ed9 nh\u1eefng con ng\u01b0\u1eddi t\u00e0i \u0111\u1ee9c \u0111\u1ec3 c\u00f9ng \u0111\u1ed3ng h\u00e0nh v\u1edbi t\u00f4i trong ch\u1eb7ng \u0111\u01b0\u1eddng ph\u1ee5c v\u1ee5 kh\u00e1ch h\u00e0ng.<\/p>\n<p><strong>H\u1ecd l\u00e0 ai?<\/strong><\/p>\n<p><strong>1\/ \u0110\u1ed9i ng\u0169 thi\u1ebft k\u1ebf<\/strong><\/p>\n<p>Quay l\u1ea1i m\u1ed9t ch\u00fat v\u1ec1 c\u00e2u chuy\u1ec7n ng\u00e0y \u0111\u1ea7u kh\u1edfi nghi\u1ec7p\u2026 T\u00f4i kh\u00f4ng ph\u1ea3i l\u00e0 ki\u1ebfn tr\u00fac s\u01b0, t\u00f4i l\u00e0 m\u1ed9t k\u1ef9 s\u01b0 x\u00e2y d\u1ef1ng. Nh\u01b0ng th\u1eadt may m\u1eafn cho t\u00f4i khi tr\u1ea3i qua nhi\u1ec1u n\u0103m l\u00e0m ngh\u1ec1, g\u1eafn b\u00f3 v\u1edbi h\u00e0ng tr\u0103m c\u00f4ng tr\u00ecnh l\u1edbn nh\u1ecf, \u0111\u01b0\u1ee3c l\u00e0m vi\u1ec7c v\u1edbi nhi\u1ec1u chuy\u00ean gia<\/p>\n<p>\u00a0<\/p>\n<\/div>\n\n\t\t<\/div>\n\t\t\t<\/div>\n\n\t\n\n\t<div id=\"col-1639387624\" class=\"col medium-3 small-12 large-3\"  >\n\t\t<div class=\"col-inner\"  >\n\t\t\t\n\t\t\t\n\n\t<div class=\"img has-hover x md-x lg-x y md-y lg-y\" id=\"image_563725627\">\n\t\t\t\t\t\t\t\t<div class=\"img-inner dark\" >\n\t\t\t\t\t\t\t\t\t\n\t\t\t\t\t<\/div>\n\t\t\t\t\t\t\t\t\n<style>\n#image_563725627 {\n  width: 100%;\n}\n<\/style>\n\t<\/div>\n\t\n\n\t<div class=\"img has-hover x md-x lg-x y md-y lg-y\" id=\"image_576388037\">\n\t\t\t\t\t\t\t\t<div class=\"img-inner dark\" >\n\t\t\t\t\t\t\t\t\t\n\t\t\t\t\t<\/div>\n\t\t\t\t\t\t\t\t\n<style>\n#image_576388037 {\n  width: 100%;\n}\n<\/style>\n\t<\/div>\n\t\n\n\t<div class=\"img has-hover x md-x lg-x y md-y lg-y\" id=\"image_1899471250\">\n\t\t\t\t\t\t\t\t<div class=\"img-inner dark\" >\n\t\t\t\t\t\t\t\t\t\n\t\t\t\t\t<\/div>\n\t\t\t\t\t\t\t\t\n<style>\n#image_1899471250 {\n  width: 100%;\n}\n<\/style>\n\t<\/div>\n\t\n\n\t<div class=\"img has-hover x md-x lg-x y md-y lg-y\" id=\"image_906238350\">\n\t\t\t\t\t\t\t\t<div class=\"img-inner dark\" >\n\t\t\t\t\t\t\t\t\t\n\t\t\t\t\t<\/div>\n\t\t\t\t\t\t\t\t\n<style>\n#image_906238350 {\n  width: 100%;\n}\n<\/style>\n\t<\/div>\n\t\n\n\t<div class=\"img has-hover x md-x lg-x y md-y lg-y\" id=\"image_1466108140\">\n\t\t\t\t\t\t\t\t<div class=\"img-inner dark\" >\n\t\t\t\t\t\t\t\t\t\n\t\t\t\t\t<\/div>\n\t\t\t\t\t\t\t\t\n<style>\n#image_1466108140 {\n  width: 100%;\n}\n<\/style>\n\t<\/div>\n\t\n\n\n\t\t<\/div>\n\t\t\t<\/div>\n\n\t\n\n<\/div>\n<div class=\"is-divider divider clearfix\" style=\"margin-top:0px;margin-bottom:0px;max-width:100%;height:1px;\"><\/div>\n\n\t<section class=\"section\" id=\"section_280083354\">\n\t\t<div class=\"bg section-bg fill bg-fill  bg-loaded\" >\n\n\t\t\t\n\t\t\t\n\t\t\t\n\n\t\t<\/div>\n\n\t\t<div class=\"section-content relative\">\n\t\t\t\n\n\t<div id=\"gap-637829462\" class=\"gap-element clearfix\" style=\"display:block; height:auto;\">\n\t\t\n<style>\n#gap-637829462 {\n  padding-top: 30px;\n}\n<\/style>\n\t<\/div>\n\t\n\n<div class=\"row\"  id=\"row-541001790\">\n\n\n\t<div id=\"col-488164123\" class=\"col medium-6 small-12 large-3 medium-col-first\"  >\n\t\t<div class=\"col-inner\"  >\n\t\t\t\n\t\t\t\n\n<p style=\"color: white; font-weight: bold; font-size: 15px;\">TH\u00d4NG TIN<\/p>\n<h5 class=\"widgettitle-footer\">\n<img loading=\"lazy\" class=\"size-full wp-image-2034\" src=\"http:\/\/chuongdesigner.name.vn\/phuocthinh\/wp-content\/uploads\/2021\/01\/logo-cong-ty-thiet-ke-xay-dung-louis-2019.jpg\" alt=\"\" width=\"265\" height=\"100\" \/><\/p>\n<ul>\n\t<div id=\"gap-1737007741\" class=\"gap-element clearfix\" style=\"display:block; height:auto;\">\n\t\t\n<style>\n#gap-1737007741 {\n  padding-top: 10px;\n}\n<\/style>\n\t<\/div>\n\t\n\n<div class=\"social-icons follow-icons full-width text-left\" style=\"font-size:86%\"><a href=\"#\" target=\"_blank\" data-label=\"Facebook\"  rel=\"noopener noreferrer nofollow\" class=\"icon primary button circle facebook tooltip\" title=\"Follow on Facebook\"><i class=\"icon-facebook\" ><\/i><\/a><a href=\"#\" target=\"_blank\" rel=\"noopener noreferrer nofollow\" data-label=\"Instagram\" class=\"icon primary button circle  instagram tooltip\" title=\"Follow on Instagram\"><i class=\"icon-instagram\" ><\/i><\/a><a href=\"#\" target=\"_blank\"  data-label=\"Twitter\"  rel=\"noopener noreferrer nofollow\" class=\"icon primary button circle  twitter tooltip\" title=\"Follow on Twitter\"><i class=\"icon-twitter\" ><\/i><\/a><a href=\"tel:#\" target=\"_blank\"  data-label=\"Phone\"  rel=\"noopener noreferrer nofollow\" class=\"icon primary button circle  phone tooltip\" title=\"Call us\"><i class=\"icon-phone\" ><\/i><\/a><a href=\"#\" target=\"_blank\" rel=\"noopener noreferrer nofollow\" data-label=\"LinkedIn\" class=\"icon primary button circle  linkedin tooltip\" title=\"Follow on LinkedIn\"><i class=\"icon-linkedin\" ><\/i><\/a><a href=\"#\" target=\"_blank\" rel=\"noopener noreferrer nofollow\" data-label=\"YouTube\" class=\"icon primary button circle  youtube tooltip\" title=\"Follow on YouTube\"><i class=\"icon-youtube\" ><\/i><\/a><\/div>\n\n\t<div id=\"text-2468423958\" class=\"text\">\n\t\t\n\n<p class=\"tags-footer\"><span style=\"font-size: 90%;\">Thi\u1ebft k\u1ebf bi\u1ec7t th\u1ef1<\/span><\/p>\n<p class=\"tags-footer\"><span style=\"font-size: 90%;\">M\u1eabu thi\u1ebft k\u1ebf bi\u1ec7t th\u1ef1 \u0111\u1eb9p 2020<\/span><\/p>\n\t\t\n<style>\n#text-2468423958 {\n  color: rgb(255,255,255);\n}\n#text-2468423958 > * {\n  color: rgb(255,255,255);\n}\n<\/style>\n\t<\/div>\n\t\n\n\t\t<\/div>\n\t\t\t<\/div>\n\n\t\n\n\t<div id=\"col-1179032425\" class=\"col medium-12 small-12 large-5\"  >\n\t\t<div class=\"col-inner\"  >\n\t\t\t\n\t\t\t\n\n<div class=\"row row-small\"  id=\"row-114918102\">\n\n\n\t<div id=\"col-44580460\" class=\"col small-12 large-12\"  >\n\t\t<div class=\"col-inner\"  >\n\t\t\t\n\t\t\t\n\n<p style=\"color: white;font-weight:bold;font-size:15px\">H\u1ed6 TR\u1ee2 KH\u00c1CH H\u00c0NG<\/p>\n<ul>\n<li class=\"bullet-arrow\"><span style=\"font-size: 90%;\"><a href=\"#\" style=\"color:white\"><i class=\"icon-map-pin-fill\" style=\"font-size: 18px;\"><\/i> V\u0103n ph\u00f2ng ch\u00ednh: 70A, T\u00f4 Hi\u1ebfn Th\u00e0nh, Qu\u1eadn 10, TP HCM<\/a><\/span><\/li>\n<li class=\"bullet-arrow\"><span style=\"font-size: 90%;\"><a href=\"#\" style=\"color:white\"><i class=\"icon-map-pin-fill\" style=\"font-size: 18px;\"><\/i> X\u01b0\u1edfng n\u1ed9i th\u1ea5t &#038; Showroom: 47\/11D Nguy\u1ec5n Kim C\u01b0\u01a1ng, \u1ea4p 10, X\u00e3 T\u00e2n Th\u1ea1nh \u0110\u00f4ng, C\u1ee7 Chi, TPHCM<\/a><\/span><\/li>\n<li class=\"bullet-arrow\"><span style=\"font-size: 90%;\"><a href=\"#\" style=\"color:white\"><i class=\"icon-envelop\" style=\"font-size: 16px;\"><\/i> Email: nhalouis@gmail.com<\/a><\/span><\/li>\n<li class=\"bullet-arrow\"><span style=\"font-size: 90%;\"><a href=\"#\" style=\"color:white\"><i class=\"icon-phone\" style=\"font-size: 16px;\"><\/i> Tel: (028) 38 68 22 58 &#8211; (028) 38 68 28 58<\/a><\/span><\/li>\n<li class=\"bullet-arrow\"><span style=\"font-size: 90%;\"><a href=\"#\" style=\"color:white\"><i class=\"icon-phone\" style=\"font-size: 16px;\"><\/i> Hotline: 0909.50.3838<\/a><\/span><\/li>\n<\/ul>\n\n\t\t<\/div>\n\t\t\t<\/div>\n\n\t\n\n<\/div>\n\n\t\t<\/div>\n\t\t\t<\/div>\n\n\t\n\n\t<div id=\"col-1112456681\" class=\"col medium-6 small-12 large-4 medium-col-first\"  >\n\t\t<div class=\"col-inner\"  >\n\t\t\t\n\t\t\t\n\n<p style=\"color: white;font-weight:bold;font-size:15px\">FANPAGE TH\u1ecaNH PH\u00c1T<\/p>\n<p><iframe src=\"https:\/\/www.facebook.com\/plugins\/page.php?href=https%3A%2F%2Fwww.facebook.com%2FC%25C3%25B4ng-Ty-CP-D%25E1%25BB%258Bch-V%25E1%25BB%25A5-S%25E1%25BB%25ADa-Nh%25C3%25A0-To%25C3%25A0n-Ph%25C3%25A1t-101648078352389&amp;tabs=timeline&amp;width=340px&amp;height=200px&amp;small_header=false&amp;adapt_container_width=true&amp;hide_cover=false&amp;show_facepile=true&amp;appId=714526239277039\" width=\"400px\" height=\"200px\" style=\"border:none;overflow:hidden\" scrolling=\"no\" frameborder=\"0\" allowfullscreen=\"true\" allow=\"autoplay; clipboard-write; encrypted-media; picture-in-picture; web-share\"><\/iframe><\/p>\n\n\t\t<\/div>\n\t\t\t<\/div>\n\n\t\n\n<\/div>\n\n\t\t<\/div>\n\n\t\t\n<style>\n#section_280083354 {\n  padding-top: 0px;\n  padding-bottom: 0px;\n  background-color: rgb(0,0,0);\n}\n<\/style>\n\t<\/section>\n\t\n","protected":false},"excerpt":{"rendered":"","protected":false},"author":1,"featured_media":0,"parent":0,"menu_order":0,"comment_status":"closed","ping_status":"closed","template":"page-blank.php","meta":[],"_links":{"self":[{"href":"https:\/\/thietbitmg.com\/demo\/novalandaquacity\/wp-json\/wp\/v2\/pages\/68"}],"collection":[{"href":"https:\/\/thietbitmg.com\/demo\/novalandaquacity\/wp-json\/wp\/v2\/pages"}],"about":[{"href":"https:\/\/thietbitmg.com\/demo\/novalandaquacity\/wp-json\/wp\/v2\/types\/page"}],"author":[{"embeddable":true,"href":"https:\/\/thietbitmg.com\/demo\/novalandaquacity\/wp-json\/wp\/v2\/users\/1"}],"replies":[{"embeddable":true,"href":"https:\/\/thietbitmg.com\/demo\/novalandaquacity\/wp-json\/wp\/v2\/comments?post=68"}],"version-history":[{"count":10,"href":"https:\/\/thietbitmg.com\/demo\/novalandaquacity\/wp-json\/wp\/v2\/pages\/68\/revisions"}],"predecessor-version":[{"id":2589,"href":"https:\/\/thietbitmg.com\/demo\/novalandaquacity\/wp-json\/wp\/v2\/pages\/68\/revisions\/2589"}],"wp:attachment":[{"href":"https:\/\/thietbitmg.com\/demo\/novalandaquacity\/wp-json\/wp\/v2\/media?parent=68"}],"curies":[{"name":"wp","href":"https:\/\/api.w.org\/{rel}","templated":true}]}}