{"id":185,"date":"2013-08-10T09:16:03","date_gmt":"2013-08-10T09:16:03","guid":{"rendered":"http:\/\/uxthemes.wpengine.com\/product\/daisy-bag-sonia-by-sonia-rykiel\/"},"modified":"2021-10-22T01:07:14","modified_gmt":"2021-10-22T01:07:14","slug":"macbook-air-13-2020-m1-256gb","status":"publish","type":"product","link":"https:\/\/thietbitmg.com\/demo\/phongvunghean\/macbook-air-13-2020-m1-256gb\/","title":{"rendered":"MacBook Air 13&#8243; 2021 Pro Vip Edition M1 256GB"},"content":{"rendered":"<h2 class=\"st-pd-contentTitle\">\u0110\u00e1nh gi\u00e1 chi ti\u1ebft\u00a0MacBook Air 13&#8243; 2020 M1 256GB<\/h2>\n<div class=\"st-pd-content\">\n<p><b>Chi\u1ebfc\u00a0<a title=\"MacBook Air\" href=\"https:\/\/fptshop.com.vn\/may-tinh-xach-tay\/macbook-air\" type=\"MacBook Air\">MacBook Air<\/a>\u00a0c\u00f3 hi\u1ec7u n\u0103ng \u0111\u1ed9t ph\u00e1 nh\u1ea5t t\u1eeb tr\u01b0\u1edbc \u0111\u1ebfn nay \u0111\u00e3 xu\u1ea5t hi\u1ec7n. B\u1ed9 vi x\u1eed l\u00fd\u00a0<a title=\"Apple M1\" href=\"https:\/\/fptshop.com.vn\/tin-tuc\/danh-gia\/tat-tan-tat-ve-chip-apple-m1-bo-vi-xu-ly-dinh-cao-moi-danh-cho-mac-128095\" type=\"Apple M1\">Apple M1<\/a>\u00a0ho\u00e0n to\u00e0n m\u1edbi \u0111\u01b0a s\u1ee9c m\u1ea1nh c\u1ee7a\u00a0<a title=\"MacBook Air M1\" href=\"https:\/\/fptshop.com.vn\/may-tinh-xach-tay\/macbook-air-13-2020-m1-256gb\" type=\"MacBook Air M1\">MacBook Air M1<\/a>\u00a013 inch v\u01b0\u1ee3t xa kh\u1ecfi mong \u0111\u1ee3i ng\u01b0\u1eddi d\u00f9ng, c\u00f3 th\u1ec3 ch\u1ea1y \u0111\u01b0\u1ee3c nh\u1eefng t\u00e1c v\u1ee5 n\u1eb7ng v\u00e0 th\u1eddi l\u01b0\u1ee3ng pin \u0111\u00e1ng kinh ng\u1ea1c.<\/b><\/p>\n<p><b><img src=\"https:\/\/fptshop.com.vn\/Uploads\/images\/2015\/Tin-Tuc\/QuanLNH2\/macbook-air-m1-1.jpg\" alt=\"MacBook Air 13 2020 M1\" \/><\/b><\/p>\n<h3><b>S\u1ee9c m\u1ea1nh ch\u01b0a t\u1eebng th\u1ea5y tr\u00ean d\u00f2ng MacBook Air<\/b><\/h3>\n<p>L\u1ea7n \u0111\u1ea7u ti\u00ean Apple s\u1eed d\u1ee5ng con chip do ch\u00ednh m\u00ecnh s\u1ea3n xu\u1ea5t cho d\u00f2ng m\u00e1y\u00a0<a title=\"Macbook ch\u00ednh h\u00e3ng\" href=\"https:\/\/fptshop.com.vn\/may-tinh-xach-tay\/apple-macbook\" type=\"Macbook ch\u00ednh h\u00e3ng\">Macbook<\/a>. B\u1ed9 vi x\u1eed l\u00fd Apple M1 v\u1edbi 16 t\u1ec9 b\u00f3ng b\u00e1n d\u1eabn, bao g\u1ed3m 8 nh\u00e2n c\u1ef1c m\u1ea1nh, trong \u0111\u00f3 c\u00f3 4 nh\u00e2n hi\u1ec7u n\u0103ng cao v\u00e0 4 nh\u00e2n ti\u1ebft ki\u1ec7m \u0111i\u1ec7n, mang \u0111\u1ebfn cho MacBook Air t\u1ed1c \u0111\u1ed9 x\u1eed l\u00fd tuy\u1ec7t v\u1eddi, \u0111\u1ed3ng th\u1eddi k\u00e9o d\u00e0i th\u1eddi l\u01b0\u1ee3ng pin. Nh\u1edd v\u1eady MacBook Air 13 2020 M1 c\u00f3 hi\u1ec7u su\u1ea5t nhanh g\u1ea5p 3,5 l\u1ea7n th\u1ebf h\u1ec7 c\u0169, cho b\u1ea1n l\u00e0m vi\u1ec7c v\u1edbi c\u1ea3 nh\u1eefng c\u00f4ng vi\u1ec7c chuy\u00ean nghi\u1ec7p, nh\u1eefng t\u00e1c v\u1ee5 n\u1eb7ng m\u00e0 kh\u00f4ng th\u1ec3 ch\u1ea1y \u0111\u01b0\u1ee3c tr\u00ean MacBook Air tr\u01b0\u1edbc \u0111\u00e2y.<\/p>\n<p><img src=\"https:\/\/fptshop.com.vn\/Uploads\/images\/2015\/Tin-Tuc\/QuanLNH2\/macbook-air-m1-17.jpg\" alt=\"c\u1ea5u h\u00ecnh MacBook Air 13 2020 M1\" \/><\/p>\n<h3><b>Kh\u1ea3 n\u0103ng x\u1eed l\u00fd \u0111\u1ed3 h\u1ecda \u0111\u1ec9nh cao<\/b><\/h3>\n<p>MacBook Air 13 M1 c\u00f3 kh\u1ea3 n\u0103ng \u0111\u1ed3 h\u1ecda kh\u00f3 tin tr\u00ean m\u1ed9t chi\u1ebfc laptop si\u00eau nh\u1ecf g\u1ecdn. GPU t\u00edch h\u1ee3p tr\u00ean Apple M1 c\u00f3 t\u1edbi 8 nh\u00e2n v\u00e0 l\u00e0 GPU t\u00edch h\u1ee3p m\u1ea1nh nh\u1ea5t th\u1ebf gi\u1edbi laptop hi\u1ec7n nay. So v\u1edbi th\u1ebf h\u1ec7 tr\u01b0\u1edbc, MacBook Air 13 2020 M1 c\u00f3 kh\u1ea3 n\u0103ng x\u1eed l\u00fd \u0111\u1ed3 h\u1ecda m\u1ea1nh g\u1ea5p 5 l\u1ea7n. Gi\u1edd \u0111\u00e2y ngay tr\u00ean chi\u1ebfc MacBook Air c\u1ef1c k\u1ef3 di \u0111\u1ed9ng, b\u1ea1n \u0111\u00e3 c\u00f3 th\u1ec3 xem v\u00e0 ch\u1ec9nh s\u1eeda video 4K m\u01b0\u1ee3t m\u00e0, th\u1eadm ch\u00ed l\u00e0 ch\u01a1i game c\u0169ng nh\u01b0 ch\u1ea1y c\u00e1c t\u00e1c v\u1ee5 \u0111\u1ed3 h\u1ecda chuy\u00ean s\u00e2u.<\/p>\n<p><img src=\"https:\/\/fptshop.com.vn\/Uploads\/images\/2015\/Tin-Tuc\/QuanLNH2\/macbook-air-m1-10.jpg\" alt=\"\u0111\u1ed3 h\u1ecda MacBook Air 13 2020 M1\" \/><\/p>\n<p>&nbsp;<\/p>\n<\/div>\n","protected":false},"excerpt":{"rendered":"<p>\u0110\u00e1nh gi\u00e1 chi ti\u1ebft\u00a0MacBook Air 13&#8243; 2020 M1 256GB Chi\u1ebfc\u00a0MacBook Air\u00a0c\u00f3 hi\u1ec7u n\u0103ng \u0111\u1ed9t ph\u00e1 nh\u1ea5t t\u1eeb tr\u01b0\u1edbc \u0111\u1ebfn nay \u0111\u00e3 xu\u1ea5t hi\u1ec7n. B\u1ed9 vi x\u1eed l\u00fd\u00a0Apple M1\u00a0ho\u00e0n to\u00e0n m\u1edbi \u0111\u01b0a s\u1ee9c m\u1ea1nh c\u1ee7a\u00a0MacBook Air M1\u00a013 inch v\u01b0\u1ee3t xa kh\u1ecfi mong \u0111\u1ee3i ng\u01b0\u1eddi d\u00f9ng, c\u00f3 th\u1ec3 ch\u1ea1y \u0111\u01b0\u1ee3c nh\u1eefng t\u00e1c v\u1ee5 n\u1eb7ng v\u00e0 th\u1eddi l\u01b0\u1ee3ng[&#8230;]\n","protected":false},"featured_media":3524,"comment_status":"open","ping_status":"closed","template":"","meta":[],"_links":{"self":[{"href":"https:\/\/thietbitmg.com\/demo\/phongvunghean\/wp-json\/wp\/v2\/product\/185"}],"collection":[{"href":"https:\/\/thietbitmg.com\/demo\/phongvunghean\/wp-json\/wp\/v2\/product"}],"about":[{"href":"https:\/\/thietbitmg.com\/demo\/phongvunghean\/wp-json\/wp\/v2\/types\/product"}],"replies":[{"embeddable":true,"href":"https:\/\/thietbitmg.com\/demo\/phongvunghean\/wp-json\/wp\/v2\/comments?post=185"}],"wp:featuredmedia":[{"embeddable":true,"href":"https:\/\/thietbitmg.com\/demo\/phongvunghean\/wp-json\/wp\/v2\/media\/3524"}],"wp:attachment":[{"href":"https:\/\/thietbitmg.com\/demo\/phongvunghean\/wp-json\/wp\/v2\/media?parent=185"}],"curies":[{"name":"wp","href":"https:\/\/api.w.org\/{rel}","templated":true}]}}