{"id":3334,"date":"2021-05-09T15:30:06","date_gmt":"2021-05-09T15:30:06","guid":{"rendered":"https:\/\/chuongdesigner.name.vn\/huythanweb2\/?post_type=product&#038;p=3334"},"modified":"2021-10-22T01:07:14","modified_gmt":"2021-10-22T01:07:14","slug":"laptop-asus-tuf-fx506li-hn039t-i5-10300h","status":"publish","type":"product","link":"https:\/\/thietbitmg.com\/demo\/phongvunghean\/laptop-asus-tuf-fx506li-hn039t-i5-10300h\/","title":{"rendered":"Laptop Asus TUF FX506LI HN039T"},"content":{"rendered":"<p><b>H\u01b0\u1edbng \u0111\u1ebfn tr\u1ea3i nghi\u1ec7m ch\u01a1i game v\u00e0 \u0111\u1ed9 b\u1ec1n,\u00a0<a href=\"https:\/\/fptshop.com.vn\/may-tinh-xach-tay\/asus-tuf-fx506li-hn039t-i5-10300h\">Asus TUF FX506LI HN039T<\/a>\u00a0thu\u1ed9c th\u1ebf h\u1ec7 TUF Gaming F15 t\u1eeb Asus v\u1edbi c\u1ea5u h\u00ecnh k\u1ebft h\u1ee3p c\u1ee7a Intel v\u00e0 NVIDIA c\u00f9ng m\u00e0n h\u00ecnh 144Hz si\u00eau m\u01b0\u1ee3t s\u1ebd mang \u0111\u1ebfn s\u1ea3n ph\u1ea9m laptop ch\u01a1i game m\u1ea1nh m\u1ebd trong m\u1ed9t thi\u1ebft k\u1ebf nh\u1ecf g\u1ecdn, \u0111\u1ed9 b\u1ec1n chu\u1ea9n qu\u00e2n \u0111\u1ed9i.<\/b><\/p>\n<p><b><img src=\"https:\/\/fptshop.com.vn\/Uploads\/images\/2015\/Tin-Tuc\/QuanLNH2\/Asus-TUF-FA506-intel-1.jpg\" alt=\"Asus TUF FX506LI HN039T\" \/><\/b><\/p>\n<h3><b>S\u1ee9c m\u1ea1nh \u0111\u1ec9nh cao cho m\u1ecdi t\u00e1c v\u1ee5<\/b><\/h3>\n<p>Asus TUF FX506LI HN039T mang tr\u00ean m\u00ecnh s\u1ee9c m\u1ea1nh c\u1ee7a\u00a0<a href=\"https:\/\/fptshop.com.vn\/tin-tuc\/for-gamers\/moi-dieu-can-biet-ve-chip-intel-the-he-thu-10-104282\">b\u1ed9 vi x\u1eed l\u00fd Intel th\u1ebf h\u1ec7 th\u1ee9 10<\/a>. Con chip\u00a0<a href=\"https:\/\/fptshop.com.vn\/may-tinh-xach-tay?cpu=intel-core-i5\">Intel Core i5<\/a>\u00a010300H v\u1edbi 4 l\u00f5i 8 lu\u1ed3ng v\u00e0 t\u1ed1c \u0111\u1ed9 t\u1ed1i \u0111a l\u00ean t\u1edbi 4.50GHz cho hi\u1ec7u n\u0103ng \u0111\u00e1ng tin c\u1eady, d\u00f9 l\u00e0 b\u1ea1n ch\u01a1i game, ph\u00e1t tr\u1ef1c ti\u1ebfp hay l\u00e0m vi\u1ec7c. \u0110i k\u00e8m v\u1edbi \u0111\u00f3 l\u00e0\u00a0<a href=\"https:\/\/fptshop.com.vn\/may-tinh-xach-tay?o-cung=ssd-512-gb\"><strong>512GB SSD<\/strong><\/a>\u00a0NVMe PCIe,\u00a0<strong><a href=\"https:\/\/fptshop.com.vn\/may-tinh-xach-tay?ram=8-gb\">8GB RAM<\/a><\/strong>\u00a0DDR4 v\u00e0 kh\u1ea3 n\u0103ng n\u00e2ng c\u1ea5p d\u1ec5 d\u00e0ng, \u0111\u1ec3 b\u1ea1n c\u00f3 \u0111\u01b0\u1ee3c hi\u1ec7u n\u0103ng \u0111\u00fang nh\u01b0 \u00fd mu\u1ed1n.<\/p>\n<p><img src=\"https:\/\/fptshop.com.vn\/Uploads\/images\/2015\/Tin-Tuc\/QuanLNH2\/Asus-TUF-FA506-intel-12.jpg\" alt=\"c\u1ea5u h\u00ecnh Asus TUF FX506LI HN039T\" \/><\/p>\n<h3><b>Card r\u1eddi GTX 1650 Ti, ki\u1ebfn tr\u00fac Turing \u0111\u1ed9t ph\u00e1<\/b><\/h3>\n<p>Card \u0111\u1ed3 h\u1ecda Asus TUF FX506LI HN039T s\u1eed d\u1ee5ng l\u00e0 NVIDIA GeForce GTX 1650 Ti. \u0110\u00e2y l\u00e0 card \u0111\u1ed3 h\u1ecda v\u1edbi ki\u1ebfn tr\u00fac Turing danh ti\u1ebfng, gi\u00fap b\u1ea1n c\u00f3 th\u1ec3 ch\u01a1i t\u1ed1t m\u1ecdi game eSports v\u00e0 s\u1eb5n s\u00e0ng cho c\u00e1c t\u1ef1a game bom t\u1ea5n AAA. C\u00f4ng ngh\u1ec7 d\u00f2 tia theo th\u1eddi gian th\u1ef1c trong game, tr\u00ed tu\u1ec7 nh\u00e2n t\u1ea1o AI s\u1ebd mang \u0111\u1ebfn cho b\u1ea1n tr\u1ea3i nghi\u1ec7m game c\u1ef1c \u0111\u1ec9nh.<\/p>\n<p><img src=\"https:\/\/fptshop.com.vn\/Uploads\/images\/2015\/Tin-Tuc\/QuanLNH2\/Asus-TUF-FA506-intel-10.jpg\" alt=\"card r\u1eddi Asus TUF FX506LI HN039T\" \/><\/p>\n<h3><b>Phi\u00ean b\u1ea3n Fortress Gray thanh tho\u00e1t \u1ea5n t\u01b0\u1ee3ng<\/b><\/h3>\n<p>Thi\u1ebft k\u1ebf c\u1ee7a Asus TUF FX506LI HN039T nh\u00ecn qua c\u00f3 v\u1ebb \u0111\u01a1n gi\u1ea3n nh\u01b0ng l\u1ea1i \u0111\u1eadm c\u00e1 t\u00ednh v\u00e0 \u1ea9n ch\u1ee9a nhi\u1ec1u \u0111i\u1ec1u b\u1ea5t ng\u1edd. B\u1ea1n s\u1ebd c\u00f3 m\u1ed9t chi\u1ebfc\u00a0<a href=\"https:\/\/fptshop.com.vn\/may-tinh-xach-tay?nhu-cau=gaming-do-hoa\">laptop gaming<\/a>\u00a0g\u1ecdn g\u00e0ng v\u1edbi vi\u1ec1n m\u00e0n h\u00ecnh m\u1ecfng v\u00e0 tr\u1ecdng l\u01b0\u1ee3ng ch\u1ec9 2.3 kg. To\u00e0n th\u00e2n m\u00e1y l\u00e0 nh\u1eefng \u0111\u01b0\u1eddng n\u00e9t tinh t\u1ebf nh\u01b0 h\u1ecda ti\u1ebft t\u1ed5 ong \u1edf khung m\u00e1y \u0111\u1ed9c \u0111\u00e1o, g\u00f3p ph\u1ea7n t\u1ea3n nhi\u1ec7t t\u1ed1t h\u01a1n; c\u00e1c \u0111\u01b0\u1eddng k\u1ebb s\u1ecdc \u0111\u1ed1i l\u1eadp \u0111\u1ea7y thanh tho\u00e1t v\u00e0 \u0111\u1eb7c bi\u1ec7t l\u00e0 thi\u1ebft k\u1ebf Fortress Gray v\u1edbi m\u00e0u x\u00e1m c\u1ef1c sang tr\u1ecdng tr\u00ean m\u1eb7t l\u01b0ng, c\u00f9ng logo TUF gaming \u0111\u1eb3ng c\u1ea5p. T\u1ea5t c\u1ea3 t\u1ea1o n\u00ean m\u1ed9t chi\u1ebfc laptop chu\u1ea9n game th\u1ee7, c\u00e1 t\u00ednh v\u00e0 \u0111\u1eb3ng c\u1ea5p.<\/p>\n<p><img src=\"https:\/\/fptshop.com.vn\/Uploads\/images\/2015\/Tin-Tuc\/QuanLNH2\/Asus-TUF-FA506-intel-8.jpg\" alt=\"thi\u1ebft k\u1ebf Asus TUF FX506LI HN039T\" \/><\/p>\n<h3><b>M\u00e0n h\u00ecnh 144Hz vi\u1ec1n m\u1ecfng si\u00eau m\u01b0\u1ee3t<\/b><\/h3>\n<p>M\u00e0n h\u00ecnh Asus TUF FX506LI HN039T \u0111\u01b0\u1ee3c ch\u1ebf t\u00e1c vi\u1ec1n m\u1ecfng t\u1ed1i \u0111a, mang \u0111\u1ebfn nh\u1eefng h\u00ecnh \u1ea3nh tuy\u1ec7t \u0111\u1eb9p tr\u00ean t\u1ea5m n\u1ec1n 15,6 inch,\u00a0<a href=\"https:\/\/fptshop.com.vn\/tin-tuc\/danh-gia\/do-phan-giai-man-hinh-la-gi-9591\">\u0111\u1ed9 ph\u00e2n gi\u1ea3i Full HD<\/a>. \u0110\u1eb7c bi\u1ec7t, \u0111\u00e2y c\u00f2n l\u00e0 m\u00e0n h\u00ecnh c\u00f3 t\u1ed1c \u0111\u1ed9 khung h\u00ecnh v\u01b0\u1ee3t tr\u1ed9i 144Hz. C\u00e1c t\u1ef1a game s\u1ebd \u0111\u01b0\u1ee3c t\u00e1i hi\u1ec7n m\u1ed9t c\u00e1ch m\u01b0\u1ee3t m\u00e0, t\u1ed1c \u0111\u1ed9 khung h\u00ecnh nhanh v\u00e0 gi\u1ea3m thi\u1ec3u hi\u1ec7n t\u01b0\u1ee3ng x\u00e9 h\u00ecnh. H\u01a1n th\u1ebf n\u1eefa, b\u1ea1n c\u00f2n c\u00f3 th\u1ec3 k\u1ebft n\u1ed1i v\u1edbi hai m\u00e0n h\u00ecnh b\u00ean ngo\u00e0i c\u00f9ng l\u00fac, bao g\u1ed3m m\u1ed9t m\u00e0n h\u00ecnh \u0111\u1ec3 l\u00e0m vi\u1ec7c qua c\u1ed5ng USB 3.2 gen 2 Type-C h\u1ed7 tr\u1ee3 DisplayPort 1.4 v\u00e0 m\u1ed9t m\u00e0n h\u00ecnh l\u1edbn \u0111\u1ec3 ch\u01a1i game, xem phim 4K qua c\u1ed5ng HDMI 2.0b.<\/p>\n<p><img src=\"https:\/\/fptshop.com.vn\/Uploads\/images\/2015\/Tin-Tuc\/QuanLNH2\/Asus-TUF-FA506-intel-15.jpg\" alt=\"m\u00e0n h\u00ecnh Asus TUF FX506LI HN039T\" \/><\/p>\n<h3><b>B\u00e0n ph\u00edm d\u00e0nh ri\u00eang cho game th\u1ee7<\/b><\/h3>\n<p>Asus TUF FX506LI HN039T trang b\u1ecb b\u00e0n ph\u00edm t\u01b0\u01a1ng t\u1ef1 m\u00e1y t\u00ednh \u0111\u1ec3 b\u00e0n, t\u1ed1t nh\u1ea5t cho ho\u1ea1t \u0111\u1ed9ng ch\u01a1i game. T\u1ea5t nhi\u00ean b\u1ea1n s\u1ebd c\u00f3 \u0111\u00e8n n\u1ec1n RGB \u0111\u1ed3ng b\u1ed9 v\u00e0 nhi\u1ec1u ch\u1ebf \u0111\u1ed9 kh\u00e1c nhau \u0111\u1ec3 tha h\u1ed3 th\u1ec3 hi\u1ec7n k\u1ef9 n\u0103ng m\u1ed9t c\u00e1ch \u201ccool ng\u1ea7u\u201d h\u01a1n. C\u00f4ng ngh\u1ec7 Overstroke k\u00edch ho\u1ea1t v\u1ecb tr\u00ed nh\u1eadn l\u1ec7nh cao h\u01a1n tr\u00ean ph\u00edm b\u1ea5m, mang t\u1edbi t\u1ed1c \u0111\u1ed9 ph\u1ea3n h\u1ed3i nhanh h\u01a1n. T\u1ea5t nhi\u00ean kh\u00f4ng th\u1ec3 kh\u00f4ng nh\u1eafc \u0111\u1ebfn \u0111\u1ed9 b\u1ec1n c\u1ee7a m\u1ed9t\u00a0<a href=\"https:\/\/fptshop.com.vn\/may-tinh-xach-tay\/asus-tuf-gaming\">s\u1ea3n ph\u1ea9m TUF<\/a>\u00a0khi b\u00e0n ph\u00edm Asus TUF Gaming F15 c\u00f3 tu\u1ed5i th\u1ecd t\u1edbi 20 tri\u1ec7u l\u1ea7n nh\u1ea5n.<\/p>\n","protected":false},"excerpt":{"rendered":"<p>H\u01b0\u1edbng \u0111\u1ebfn tr\u1ea3i nghi\u1ec7m ch\u01a1i game v\u00e0 \u0111\u1ed9 b\u1ec1n,\u00a0Asus TUF FX506LI HN039T\u00a0thu\u1ed9c th\u1ebf h\u1ec7 TUF Gaming F15 t\u1eeb Asus v\u1edbi c\u1ea5u h\u00ecnh k\u1ebft h\u1ee3p c\u1ee7a Intel v\u00e0 NVIDIA c\u00f9ng m\u00e0n h\u00ecnh 144Hz si\u00eau m\u01b0\u1ee3t s\u1ebd mang \u0111\u1ebfn s\u1ea3n ph\u1ea9m laptop ch\u01a1i game m\u1ea1nh m\u1ebd trong m\u1ed9t thi\u1ebft k\u1ebf nh\u1ecf g\u1ecdn, \u0111\u1ed9 b\u1ec1n chu\u1ea9n qu\u00e2n \u0111\u1ed9i.[&#8230;]\n","protected":false},"featured_media":3556,"comment_status":"open","ping_status":"closed","template":"","meta":[],"_links":{"self":[{"href":"https:\/\/thietbitmg.com\/demo\/phongvunghean\/wp-json\/wp\/v2\/product\/3334"}],"collection":[{"href":"https:\/\/thietbitmg.com\/demo\/phongvunghean\/wp-json\/wp\/v2\/product"}],"about":[{"href":"https:\/\/thietbitmg.com\/demo\/phongvunghean\/wp-json\/wp\/v2\/types\/product"}],"replies":[{"embeddable":true,"href":"https:\/\/thietbitmg.com\/demo\/phongvunghean\/wp-json\/wp\/v2\/comments?post=3334"}],"wp:featuredmedia":[{"embeddable":true,"href":"https:\/\/thietbitmg.com\/demo\/phongvunghean\/wp-json\/wp\/v2\/media\/3556"}],"wp:attachment":[{"href":"https:\/\/thietbitmg.com\/demo\/phongvunghean\/wp-json\/wp\/v2\/media?parent=3334"}],"curies":[{"name":"wp","href":"https:\/\/api.w.org\/{rel}","templated":true}]}}