{"id":3338,"date":"2021-05-08T19:36:53","date_gmt":"2021-05-08T19:36:53","guid":{"rendered":"https:\/\/chuongdesigner.name.vn\/huythanweb2\/?post_type=product&#038;p=3338"},"modified":"2025-11-24T03:11:05","modified_gmt":"2025-11-24T03:11:05","slug":"laptop-acer-aspire-3-a315-56-37dv","status":"publish","type":"product","link":"https:\/\/thietbitmg.com\/demo\/phongvunghean\/laptop-acer-aspire-3-a315-56-37dv\/","title":{"rendered":"Laptop Acer Aspire 3 A315 56 37DV"},"content":{"rendered":"<p><b>Trang b\u1ecb b\u1ed9 vi x\u1eed l\u00fd Intel th\u1ebf h\u1ec7 th\u1ee9 10 Ice Lake m\u1edbi nh\u1ea5t, \u1ed5 c\u1ee9ng SSD si\u00eau t\u1ed1c v\u00e0 m\u00e0n h\u00ecnh Full HD tuy\u1ec7t \u0111\u1eb9p,\u00a0<a href=\"https:\/\/fptshop.com.vn\/may-tinh-xach-tay\/acer-aspire-3-a315-56-37dv-i3-1005g1\">Acer Aspire 3 A315 56 37DV<\/a>\u00a0l\u00e0 chi\u1ebfc laptop \u0111\u00e1p \u1ee9ng t\u1ed1t c\u00f4ng vi\u1ec7c v\u00e0 gi\u1ea3i tr\u00ed c\u1ee7a b\u1ea1n trong t\u1ea7m gi\u00e1 h\u1ea5p d\u1eabn.<\/b><\/p>\n<p><b><img src=\"https:\/\/images.fpt.shop\/unsafe\/fit-in\/filters:quality(90)\/fptshop.com.vn\/Uploads\/images\/2015\/Tin-Tuc\/QuanLNH2\/acer-aspire-a315-intel-2.jpg\" alt=\"Acer Aspire 3 A315 56 37DV\" \/><\/b><\/p>\n<h3><b>M\u1ea1nh m\u1ebd h\u01a1n v\u1edbi b\u1ed9 vi x\u1eed l\u00fd m\u1edbi v\u00e0 \u1ed5 c\u1ee9ng SSD<\/b><\/h3>\n<p>Acer Aspire A315 \u0111\u01b0\u1ee3c trang b\u1ecb b\u1ed9 vi x\u1eed l\u00fd Intel Core i3 1005G1, con chip m\u1edbi nh\u1ea5t thu\u1ed9c th\u1ebf h\u1ec7 th\u1ee9 10 Ice Lake, s\u1ea3n xu\u1ea5t tr\u00ean ti\u1ebfn tr\u00ecnh 10nm, v\u1eeba m\u1ea1nh m\u1ebd l\u1ea1i v\u1eeba ti\u1ebft ki\u1ec7m \u0111i\u1ec7n n\u0103ng. \u0110i c\u00f9ng v\u1edbi b\u1ed9 vi x\u1eed l\u00fd m\u1edbi l\u00e0 4GB RAM DDR4 v\u00e0 \u0111\u1eb7c bi\u1ec7t l\u00e0 256GB \u1ed5 c\u1ee9ng SSD. Vi\u1ec7c s\u1eed d\u1ee5ng \u1ed5 c\u1ee9ng SSD cao c\u1ea5p thay v\u00ec \u1ed5 HDD c\u0169 l\u00e0 m\u1ed9t b\u01b0\u1edbc ti\u1ebfn tuy\u1ec7t v\u1eddi c\u1ee7a Acer Aspire A315 56 37DV. \u1ed4 SSD mang \u0111\u1ebfn r\u1ea5t nhi\u1ec1u l\u1ee3i \u00edch khi gi\u00fap\u00a0<a href=\"https:\/\/fptshop.com.vn\/may-tinh-xach-tay\">laptop<\/a>\u00a0kh\u1edfi \u0111\u1ed9ng, v\u00e0o \u1ee9ng d\u1ee5ng v\u00e0 sao ch\u00e9p d\u1eef li\u1ec7u c\u1ef1c nhanh. Ch\u01b0a h\u1ebft, \u0111\u1ed9 b\u1ec1n tu\u1ed5i th\u1ecd SSD c\u00f2n l\u00e2u h\u01a1n r\u1ea5t nhi\u1ec1u so v\u1edbi HDD truy\u1ec1n th\u1ed1ng, \u0111\u1ed3ng th\u1eddi ho\u1ea1t \u0111\u1ed9ng h\u1ebft s\u1ee9c \u00eam \u00e1i. Aspire A315 \u0111\u1ea3m b\u1ea3o hi\u1ec7u n\u0103ng m\u01b0\u1ee3t m\u00e0 cho c\u00f4ng vi\u1ec7c v\u00e0 gi\u1ea3i tr\u00ed c\u1ee7a b\u1ea1n.<\/p>\n<p><img src=\"https:\/\/images.fpt.shop\/unsafe\/fit-in\/filters:quality(90)\/fptshop.com.vn\/Uploads\/images\/2015\/Tin-Tuc\/QuanLNH2\/acer-aspire-a315-intel-14.jpg\" alt=\"c\u1ea5u h\u00ecnh Acer Aspire 3 A315 56 37DV\" \/><\/p>\n<h3><b>M\u00e0n h\u00ecnh l\u1edbn 15,6 inch Full HD vi\u1ec1n m\u1ecfng h\u1ea5p d\u1eabn<\/b><\/h3>\n<p>M\u00e0n h\u00ecnh 15,6 inch vi\u1ec1n si\u00eau m\u1ecfng c\u1ee7a Acer Aspire A315 mang \u0111\u1ebfn ch\u1ea5t l\u01b0\u1ee3ng hi\u1ec3n th\u1ecb tuy\u1ec7t v\u1eddi nh\u1edd \u0111\u1ed9 ph\u00e2n gi\u1ea3i Full HD s\u1eafc n\u00e9t, cho tr\u1ea3i nghi\u1ec7m h\u1ea5p d\u1eabn d\u00f9 l\u00e0 b\u1ea1n l\u00e0m vi\u1ec7c hay xem phim, ch\u01a1i game. Kh\u00f4ng ch\u1ec9 hi\u1ec3n th\u1ecb \u0111\u1eb9p, m\u00e0n h\u00ecnh n\u00e0y c\u00f2n trang b\u1ecb ph\u1ea7n m\u1ec1m ng\u0103n ch\u1eb7n \u00e1nh s\u00e1ng xanh Bluelight Shield, b\u1ea3o v\u1ec7 th\u1ecb gi\u00e1c ng\u01b0\u1eddi d\u00f9ng trong su\u1ed1t th\u1eddi gian d\u00e0i s\u1eed d\u1ee5ng. B\u1ea1n s\u1ebd tr\u00e1nh kh\u1ecfi nh\u1eefng nguy c\u01a1 nh\u01b0 m\u1ecfi m\u1eaft, kh\u00f3 ng\u1ee7 d\u00f9 s\u1eed d\u1ee5ng m\u00e1y t\u00ednh nhi\u1ec1u.<\/p>\n<p><img src=\"https:\/\/images.fpt.shop\/unsafe\/fit-in\/filters:quality(90)\/fptshop.com.vn\/Uploads\/images\/2015\/Tin-Tuc\/QuanLNH2\/acer-aspire-a315-intel-11.jpg\" alt=\"m\u00e0n h\u00ecnh Acer Aspire 3 A315 56 37DV\" \/><\/p>\n<h3><b>Thi\u1ebft k\u1ebf hi\u1ec7n \u0111\u1ea1i, m\u1ecfng nh\u1eb9 \u0111\u00e1ng kinh ng\u1ea1c<\/b><\/h3>\n<p>N\u1ebfu nh\u01b0 thi\u1ebft k\u1ebf c\u1ee7a d\u00f2ng Aspire 3 tr\u01b0\u1edbc \u0111\u00e2y kh\u00f4ng c\u00f3 g\u00ec \u1ea5n t\u01b0\u1ee3ng th\u00ec Acer Aspire A315 56 37DV \u0111\u00e3 thay \u0111\u1ed5i m\u1ed9t c\u00e1ch \u0111\u1ed9t ph\u00e1. B\u1ea1n s\u1ebd c\u00f3 m\u1ed9t thi\u1ebft k\u1ebf ho\u00e0n to\u00e0n m\u1edbi theo phong c\u00e1ch \u0111\u01a1n gi\u1ea3n, hi\u1ec7n \u0111\u1ea1i \u0111\u00fang xu th\u1ebf, v\u01b0\u1ee3t ra kh\u1ecfi t\u1ea7m c\u1ee7a\u00a0<a href=\"https:\/\/fptshop.com.vn\/may-tinh-xach-tay\/gia-re\">laptop gi\u00e1 r\u1ebb<\/a>. Vi\u1ec1n m\u00e0n h\u00ecnh \u0111\u01b0\u1ee3c l\u00e0m m\u1ecfng \u0111\u00e1ng k\u1ec3, cho tr\u1ea3i nghi\u1ec7m xem t\u1ed1t h\u01a1n \u0111\u1ed3ng th\u1eddi gi\u00fap\u00a0<a href=\"https:\/\/fptshop.com.vn\/may-tinh-xach-tay\/mong-nhe\">laptop g\u1ecdn g\u00e0ng<\/a>\u00a0h\u01a1n. Nh\u1eefng \u0111\u01b0\u1eddng v\u00e1t tinh t\u1ebf t\u1ea1o n\u00ean chi\u1ebfc laptop th\u1eddi trang, phong c\u00e1ch v\u00e0 v\u00f4 c\u00f9ng m\u1ecfng nh\u1eb9. V\u1edbi tr\u1ecdng l\u01b0\u1ee3ng ch\u1ec9 1,7 kg cho m\u1ed9t chi\u1ebfc laptop 15,6 inch, Aspire A315 m\u1edbi r\u1ea5t d\u1ec5 \u0111\u1ec3 di chuy\u1ec3n, ti\u1ec7n l\u1ee3i cho c\u00f4ng vi\u1ec7c c\u1ee7a b\u1ea1n.<\/p>\n<p><img src=\"https:\/\/images.fpt.shop\/unsafe\/fit-in\/filters:quality(90)\/fptshop.com.vn\/Uploads\/images\/2015\/Tin-Tuc\/QuanLNH2\/acer-aspire-a315-intel-1.jpg\" alt=\"thi\u1ebft k\u1ebf Acer Aspire 3 A315 56 37DV\" \/><\/p>\n<h3><b>S\u1eed d\u1ee5ng tho\u1ea3i m\u00e1i c\u1ea3 ng\u00e0y m\u00e0 kh\u00f4ng c\u1ea7n \u0111\u1ebfn ngu\u1ed3n s\u1ea1c<\/b><\/h3>\n<p>Acer Aspire 3 2019 m\u1edbi c\u00f3 th\u1eddi l\u01b0\u1ee3ng pin l\u00ean \u0111\u1ebfn 9 ti\u1ebfng, con s\u1ed1 r\u1ea5t \u1ea5n t\u01b0\u1ee3ng cho m\u1ed9t chi\u1ebfc laptop thi\u1ebft k\u1ebf theo phong c\u00e1ch m\u1ecfng nh\u1eb9. Acer Aspire A315 56 37DV \u0111\u1ee7 \u0111\u1ec3 b\u1ea1n s\u1eed d\u1ee5ng tr\u1ecdn m\u1ed9t ng\u00e0y l\u00e0m vi\u1ec7c v\u0103n ph\u00f2ng m\u00e0 kh\u00f4ng c\u1ea7n ph\u1ea3i s\u1ea1c \u0111i\u1ec7n. Tha h\u1ed3 h\u1ecdc t\u1eadp, nghi\u00ean c\u1ee9u hay th\u1eadm ch\u00ed l\u00e0 gi\u1ea3i tr\u00ed v\u1edbi nh\u1eefng b\u1ed9 phim d\u00e0i t\u1eadp \u1edf b\u1ea5t c\u1ee9 \u0111\u00e2u m\u00e0 kh\u00f4ng ph\u1ea3i lo h\u1ebft pin.<\/p>\n<p><img src=\"https:\/\/images.fpt.shop\/unsafe\/fit-in\/filters:quality(90)\/fptshop.com.vn\/Uploads\/images\/2015\/Tin-Tuc\/QuanLNH2\/acer-aspire-a315-intel-6.jpg\" alt=\"pin Acer Aspire 3 A315 56 37DV\" \/><\/p>\n<h3><b>T\u1ed1c \u0111\u1ed9 m\u1ea1ng nhanh ch\u00f3ng v\u00e0 \u1ed5n \u0111\u1ecbnh<\/b><\/h3>\n<p>V\u1edbi m\u1ed9t chi\u1ebfc laptop th\u00ec k\u1ebft n\u1ed1i Wi-Fi lu\u00f4n \u0111\u01b0\u1ee3c ng\u01b0\u1eddi d\u00f9ng s\u1eed d\u1ee5ng nhi\u1ec1u nh\u1ea5t. Acer Aspire A315 56 37DV mang tr\u00ean m\u00ecnh\u00a0<a href=\"https:\/\/fptshop.com.vn\/tin-tuc\/danh-gia\/cac-chuan-cong-nghe-ket-noi-wifi-tren-laptop-56451\">k\u1ebft n\u1ed1i Wi-Fi chu\u1ea9n 802.11ac<\/a>, t\u0103ng c\u01b0\u1eddng t\u1ed1c \u0111\u1ed9 k\u1ebft n\u1ed1i Internet \u0111\u1ec3 b\u1ea1n c\u00f3 th\u1ec3 online m\u1ed9t c\u00e1ch m\u01b0\u1ee3t m\u00e0. Webcam, loa ngo\u00e0i v\u00e0 microphone \u0111\u01b0\u1ee3c t\u1ed1i \u01b0u h\u00f3a \u0111\u1ec3 nh\u1eefng t\u00ednh n\u0103ng nh\u01b0 g\u1ecdi video, xem phim, nghe nh\u1ea1c s\u1ed1ng \u0111\u1ed9ng h\u01a1n.<\/p>\n<p><img src=\"https:\/\/images.fpt.shop\/unsafe\/fit-in\/filters:quality(90)\/fptshop.com.vn\/Uploads\/images\/2015\/Tin-Tuc\/QuanLNH2\/acer-aspire-a315-intel-8.jpg\" alt=\"m\u1ea1ng Acer Aspire 3 A315 56 37DV\" \/><\/p>\n","protected":false},"excerpt":{"rendered":"<ul>\n<li data-info=\"M\u00e0n h\u00ecnh\">15.6&#8243;, 1920 x 1080 Pixel, 60 Hz, LED-backlit<\/li>\n<li data-info=\"CPU\">Intel Core i3-1005G1<\/li>\n<li data-info=\"RAM\">4 GB, DDR4, 2400 MHz<\/li>\n<li data-info=\"\u1ed4 c\u1ee9ng\">SSD 256 GB<\/li>\n<li data-info=\"Card \u0111\u1ed3 h\u1ecda\">Intel UHD Graphics<\/li>\n<\/ul>\n","protected":false},"featured_media":3552,"comment_status":"open","ping_status":"closed","template":"","meta":[],"_links":{"self":[{"href":"https:\/\/thietbitmg.com\/demo\/phongvunghean\/wp-json\/wp\/v2\/product\/3338"}],"collection":[{"href":"https:\/\/thietbitmg.com\/demo\/phongvunghean\/wp-json\/wp\/v2\/product"}],"about":[{"href":"https:\/\/thietbitmg.com\/demo\/phongvunghean\/wp-json\/wp\/v2\/types\/product"}],"replies":[{"embeddable":true,"href":"https:\/\/thietbitmg.com\/demo\/phongvunghean\/wp-json\/wp\/v2\/comments?post=3338"}],"wp:featuredmedia":[{"embeddable":true,"href":"https:\/\/thietbitmg.com\/demo\/phongvunghean\/wp-json\/wp\/v2\/media\/3552"}],"wp:attachment":[{"href":"https:\/\/thietbitmg.com\/demo\/phongvunghean\/wp-json\/wp\/v2\/media?parent=3338"}],"curies":[{"name":"wp","href":"https:\/\/api.w.org\/{rel}","templated":true}]}}