{"id":1086,"date":"2020-09-19T03:58:59","date_gmt":"2020-09-19T03:58:59","guid":{"rendered":"http:\/\/chuongdesigner.name.vn\/noithat\/?post_type=product&#038;p=1086"},"modified":"2022-03-01T01:55:13","modified_gmt":"2022-03-01T01:55:13","slug":"hong-sam-cu-tam-mat-ong-daedong","status":"publish","type":"product","link":"https:\/\/thietbitmg.com\/demo\/samminhthinh\/hong-sam-cu-tam-mat-ong-daedong\/","title":{"rendered":"H\u1ed3ng s\u00e2m c\u1ee7 t\u1ea9m m\u1eadt ong &#8211; Daedong"},"content":{"rendered":"<p><span style=\"color: #000000;\"><strong>H\u1ed3ng s\u00e2m c\u1ee7 t\u1ea9m m\u1eadt ong &#8211; Daedong<\/strong>\u00a0bao g\u1ed3m 2 th\u00e0nh ph\u1ea7n ch\u00ednh l\u00e0 h\u1ed3ng s\u00e2m H\u00e0n Qu\u1ed1c nguy\u00ean c\u1ee7 chi\u1ebfm kho\u1ea3ng 52%, c\u00f2n l\u1ea1i l\u00e0 m\u1eadt ong nguy\u00ean ch\u1ea5t H\u00e0n Qu\u1ed1c. H\u1ed3ng s\u00e2m \u0111\u01b0\u1ee3c h\u1ea5p c\u00e1ch th\u1ee7y, sau \u0111\u00f3 t\u1ea9m th\u00eam m\u1eadt ong r\u1eebng nguy\u00ean ch\u1ea5t t\u1ea1o \u0111\u01b0\u1ee3c h\u01b0\u01a1ng v\u1ecb ng\u1ecdt ng\u00e0o m\u00e0 b\u1ed5 d\u01b0\u1ee1ng. \u0110\u00e2y ch\u00ednh l\u00e0 s\u1ea3n ph\u1ea9m ho\u00e0n h\u1ea3o \u0111em \u0111\u1ebfn gi\u00e1 tr\u1ecb dinh d\u01b0\u1ee1ng cao cho ng\u01b0\u1eddi d\u00f9ng trong su\u1ed1t qu\u00e1 tr\u00ecnh s\u1eed d\u1ee5ng.<\/span><\/p>\n<p style=\"font-weight: 400;\"><span style=\"color: #000000;\">\u2742 <b>C\u00f4ng d\u1ee5ng<\/b><\/span><\/p>\n<p style=\"font-weight: 400;\"><span style=\"color: #000000;\">\u2721 \u0110\u1ee9ng m\u1ed9t m\u00ecnh \u0111\u00e3 b\u1ed5 d\u01b0\u1ee1ng nay \u0111\u01b0\u1ee3c k\u1ebft h\u1ee3p v\u1edbi m\u1eadt ong c\u00e0ng khi\u1ebfn cho d\u00f2ng s\u1ea3n ph\u1ea9m n\u00e0y tr\u1edf n\u00ean tuy\u1ec7t h\u1ea3o h\u01a1n, \u0111\u00e2y c\u0169ng l\u00e0 m\u00f3n qu\u00e0 \u00fd ngh\u0129a m\u00e0 b\u1ea1n c\u00f3 th\u1ec3 d\u00e0nh t\u1eb7ng cho \u00f4ng b\u00e0, b\u1ed1 m\u1eb9, c\u1ea5p tr\u00ean v\u00e0o nh\u1eefng ng\u00e0y l\u1ec5 hay d\u1ecbp \u0111\u1eb7c bi\u1ec7t<\/span><\/p>\n<p style=\"font-weight: 400;\"><span style=\"color: #000000;\">\u2721 H\u1ed3ng s\u00e2m c\u1ee7 t\u1ea9m m\u1eadt ong Daedong gi\u00fap c\u01a1 th\u1ec3 b\u1ea1n lu\u00f4n tr\u00e0n \u0111\u1ea7y n\u0103ng l\u01b0\u1ee3ng, gi\u1ea3m stress v\u00e0 t\u0103ng kh\u1ea3 n\u0103ng t\u1eadp trung, gi\u00fap c\u00f4ng vi\u1ec7c c\u1ee7a b\u1ea1n lu\u00f4n \u0111\u01b0\u1ee3c su\u00f4n s\u1ebb v\u00e0 ho\u00e0n thi\u1ec7n<\/span><\/p>\n<p style=\"font-weight: 400;\"><span style=\"color: #000000;\">\u2721 S\u1eed d\u1ee5ng m\u1ed9t c\u00e1ch th\u01b0\u1eddng xuy\u00ean b\u1ea1n s\u1ebd c\u00f3 \u0111\u01b0\u1ee3c nh\u1eefng gi\u1ea5c ng\u1ee7 ngon, \u0103n ngon mi\u1ec7ng h\u01a1n v\u00e0 s\u1ee9c \u0111\u1ec1 kh\u00e1ng c\u0169ng \u0111\u01b0\u1ee3c t\u0103ng c\u01b0\u1eddng, gi\u00fap c\u01a1 th\u1ec3 b\u1ea1n lu\u00f4n \u0111\u01b0\u1ee3c b\u1ea3o v\u1ec7, tr\u00e1nh xa b\u1ec7nh t\u1eadt<\/span><br \/>\n<span style=\"color: #000000;\">\u2721 Trong m\u1eadt ong c\u00f3 ch\u1ee9a r\u1ea5t nhi\u1ec1u d\u01b0\u1ee1ng ch\u1ea5t cho c\u01a1 th\u1ec3 nh\u01b0 vitamin B5, B6, B1, B2, C, c\u00f9ng v\u1edbi c\u00e1c kho\u00e1ng ch\u1ea5t thi\u1ebft y\u1ebfu nh\u01b0 \u0111\u1ed3ng, s\u1eaft, kali, canxi v\u00e0 c\u00e1c lo\u1ea1i axit amin gi\u00fap c\u01a1 th\u1ec3 b\u1ea1n ch\u1ed1ng l\u1ea1i qu\u00e1 tr\u00ecnh oxy h\u00f3a, ng\u0103n ng\u1eeba c\u00e1c v\u1ea5n \u0111\u1ec1 l\u00e3o h\u00f3a da,\u0111em \u0111\u1ebfn m\u1ed9t l\u00e0n da r\u1ea1ng ng\u1eddi, t\u01b0\u01a1i t\u1eafn cho ch\u1ecb em ph\u1ee5 n\u1eef sau m\u1ed9t th\u1eddi gian s\u1eed d\u1ee5ng.<\/span><\/p>\n","protected":false},"excerpt":{"rendered":"<p dir=\"ltr\" role=\"presentation\"><span style=\"color: #000000;\">\u2721\u00a0<strong>H\u1ed3ng s\u00e2m c\u1ee7 t\u1ea9m m\u1eadt ong Daedong<\/strong>\u00a0mang \u0111\u1ebfn c\u00f4ng d\u1ee5ng b\u1ed3i b\u1ed5 c\u01a1 th\u1ec3, cung c\u1ea5p n\u0103ng l\u01b0\u1ee3ng gi\u00fap gi\u1ea3m stress, d\u1ecbu th\u1ea7n kinh, gi\u00fap t\u1eadp trung h\u01a1n trong c\u00f4ng vi\u1ec7c, s\u1eed d\u1ee5ng \u0111\u1ec1u \u0111\u1eb7n s\u1ebd h\u1ed7 tr\u1ee3 ng\u1ee7 ngon gi\u1ea5c, \u0103n ngon mi\u1ec7ng h\u01a1n, t\u0103ng c\u01b0\u1eddng s\u1ee9c \u0111\u1ec1 kh\u00e1ng v\u00e0 ph\u1ee5c h\u1ed3i s\u1ee9c kh\u1ecfe cho ng\u01b0\u1eddi cao tu\u1ed5i, ng\u01b0\u1eddi s\u1ee9c kh\u1ecfe suy ki\u1ec7t.<\/span><\/p>\n<p dir=\"ltr\" role=\"presentation\"><span style=\"color: #000000;\">\u2721\u00a0\u0110\u00e2y l\u00e0 s\u1ea3n ph\u1ea9m mang l\u1ea1i hi\u1ec7u qu\u1ea3 t\u1ed1t, gi\u00e1 c\u1ea3 ph\u1ea3i ch\u0103ng n\u00ean th\u01b0\u1eddng \u0111\u01b0\u1ee3c ch\u1ecdn l\u00e0m qu\u00e0 t\u1eb7ng s\u1ee9c kh\u1ecfe cao c\u1ea5p trong c\u00e1c d\u1ecbp l\u1ec5 t\u1ebft.<\/span><\/p>\n","protected":false},"featured_media":3684,"comment_status":"open","ping_status":"closed","template":"","meta":[],"yoast_head":"<!-- This site is optimized with the Yoast SEO Premium plugin v15.9.1 - https:\/\/yoast.com\/wordpress\/plugins\/seo\/ -->\n<title>H\u1ed3ng s\u00e2m c\u1ee7 t\u1ea9m m\u1eadt ong - Daedong - S\u00c2M MINH TH\u1ecaNH<\/title>\n<meta name=\"robots\" content=\"index, follow, max-snippet:-1, max-image-preview:large, max-video-preview:-1\" \/>\n<link rel=\"canonical\" href=\"https:\/\/thietbitmg.com\/demo\/samminhthinh\/hong-sam-cu-tam-mat-ong-daedong\/\" \/>\n<meta property=\"og:locale\" content=\"vi_VN\" \/>\n<meta property=\"og:type\" content=\"article\" \/>\n<meta property=\"og:title\" content=\"H\u1ed3ng s\u00e2m c\u1ee7 t\u1ea9m m\u1eadt ong - Daedong - S\u00c2M MINH TH\u1ecaNH\" \/>\n<meta property=\"og:description\" content=\"\u2721\u00a0H\u1ed3ng s\u00e2m c\u1ee7 t\u1ea9m m\u1eadt ong Daedong\u00a0mang \u0111\u1ebfn c\u00f4ng d\u1ee5ng b\u1ed3i b\u1ed5 c\u01a1 th\u1ec3, cung c\u1ea5p n\u0103ng l\u01b0\u1ee3ng gi\u00fap gi\u1ea3m stress, d\u1ecbu th\u1ea7n kinh, gi\u00fap t\u1eadp trung h\u01a1n trong c\u00f4ng vi\u1ec7c, s\u1eed d\u1ee5ng \u0111\u1ec1u \u0111\u1eb7n s\u1ebd h\u1ed7 tr\u1ee3 ng\u1ee7 ngon gi\u1ea5c, \u0103n ngon mi\u1ec7ng h\u01a1n, t\u0103ng c\u01b0\u1eddng s\u1ee9c \u0111\u1ec1 kh\u00e1ng v\u00e0 ph\u1ee5c h\u1ed3i s\u1ee9c kh\u1ecfe cho ng\u01b0\u1eddi cao tu\u1ed5i, ng\u01b0\u1eddi s\u1ee9c kh\u1ecfe suy ki\u1ec7t. \u2721\u00a0\u0110\u00e2y l\u00e0 s\u1ea3n ph\u1ea9m mang l\u1ea1i hi\u1ec7u qu\u1ea3 t\u1ed1t, gi\u00e1 c\u1ea3 ph\u1ea3i ch\u0103ng n\u00ean th\u01b0\u1eddng \u0111\u01b0\u1ee3c ch\u1ecdn l\u00e0m qu\u00e0 t\u1eb7ng s\u1ee9c kh\u1ecfe cao c\u1ea5p trong c\u00e1c d\u1ecbp l\u1ec5 t\u1ebft.\" \/>\n<meta property=\"og:url\" content=\"https:\/\/thietbitmg.com\/demo\/samminhthinh\/hong-sam-cu-tam-mat-ong-daedong\/\" \/>\n<meta property=\"og:site_name\" content=\"S\u00c2M MINH TH\u1ecaNH\" \/>\n<meta property=\"article:modified_time\" content=\"2022-03-01T01:55:13+00:00\" \/>\n<meta property=\"og:image\" content=\"https:\/\/thietbitmg.com\/demo\/samminhthinh\/wp-content\/uploads\/2020\/09\/hong-sam-cu-tam-mat-ong-deadong_thumb.jpg\" \/>\n\t<meta property=\"og:image:width\" content=\"250\" \/>\n\t<meta property=\"og:image:height\" content=\"164\" \/>\n<meta name=\"twitter:card\" content=\"summary_large_image\" \/>\n<meta name=\"twitter:label1\" content=\"\u01af\u1edbc t\u00ednh th\u1eddi gian \u0111\u1ecdc\">\n\t<meta name=\"twitter:data1\" content=\"2 ph\u00fat\">\n<script type=\"application\/ld+json\" class=\"yoast-schema-graph\">{\"@context\":\"https:\/\/schema.org\",\"@graph\":[{\"@type\":\"WebSite\",\"@id\":\"https:\/\/thietbitmg.com\/demo\/samminhthinh\/#website\",\"url\":\"https:\/\/thietbitmg.com\/demo\/samminhthinh\/\",\"name\":\"S\\u00c2M MINH TH\\u1ecaNH\",\"description\":\"TRANG CH\\u1ee6\",\"potentialAction\":[{\"@type\":\"SearchAction\",\"target\":\"https:\/\/thietbitmg.com\/demo\/samminhthinh\/?s={search_term_string}\",\"query-input\":\"required name=search_term_string\"}],\"inLanguage\":\"vi\"},{\"@type\":\"ImageObject\",\"@id\":\"https:\/\/thietbitmg.com\/demo\/samminhthinh\/hong-sam-cu-tam-mat-ong-daedong\/#primaryimage\",\"inLanguage\":\"vi\",\"url\":\"https:\/\/thietbitmg.com\/demo\/samminhthinh\/wp-content\/uploads\/2020\/09\/hong-sam-cu-tam-mat-ong-deadong_thumb.jpg\",\"width\":250,\"height\":164},{\"@type\":\"WebPage\",\"@id\":\"https:\/\/thietbitmg.com\/demo\/samminhthinh\/hong-sam-cu-tam-mat-ong-daedong\/#webpage\",\"url\":\"https:\/\/thietbitmg.com\/demo\/samminhthinh\/hong-sam-cu-tam-mat-ong-daedong\/\",\"name\":\"H\\u1ed3ng s\\u00e2m c\\u1ee7 t\\u1ea9m m\\u1eadt ong - Daedong - S\\u00c2M MINH TH\\u1ecaNH\",\"isPartOf\":{\"@id\":\"https:\/\/thietbitmg.com\/demo\/samminhthinh\/#website\"},\"primaryImageOfPage\":{\"@id\":\"https:\/\/thietbitmg.com\/demo\/samminhthinh\/hong-sam-cu-tam-mat-ong-daedong\/#primaryimage\"},\"datePublished\":\"2020-09-19T03:58:59+00:00\",\"dateModified\":\"2022-03-01T01:55:13+00:00\",\"breadcrumb\":{\"@id\":\"https:\/\/thietbitmg.com\/demo\/samminhthinh\/hong-sam-cu-tam-mat-ong-daedong\/#breadcrumb\"},\"inLanguage\":\"vi\",\"potentialAction\":[{\"@type\":\"ReadAction\",\"target\":[\"https:\/\/thietbitmg.com\/demo\/samminhthinh\/hong-sam-cu-tam-mat-ong-daedong\/\"]}]},{\"@type\":\"BreadcrumbList\",\"@id\":\"https:\/\/thietbitmg.com\/demo\/samminhthinh\/hong-sam-cu-tam-mat-ong-daedong\/#breadcrumb\",\"itemListElement\":[{\"@type\":\"ListItem\",\"position\":1,\"item\":{\"@type\":\"WebPage\",\"@id\":\"https:\/\/thietbitmg.com\/demo\/samminhthinh\/\",\"url\":\"https:\/\/thietbitmg.com\/demo\/samminhthinh\/\",\"name\":\"Home\"}},{\"@type\":\"ListItem\",\"position\":2,\"item\":{\"@type\":\"WebPage\",\"@id\":\"https:\/\/thietbitmg.com\/demo\/samminhthinh\/shop\/\",\"url\":\"https:\/\/thietbitmg.com\/demo\/samminhthinh\/shop\/\",\"name\":\"Shop\"}},{\"@type\":\"ListItem\",\"position\":3,\"item\":{\"@type\":\"WebPage\",\"@id\":\"https:\/\/thietbitmg.com\/demo\/samminhthinh\/hong-sam-cu-tam-mat-ong-daedong\/\",\"url\":\"https:\/\/thietbitmg.com\/demo\/samminhthinh\/hong-sam-cu-tam-mat-ong-daedong\/\",\"name\":\"H\\u1ed3ng s\\u00e2m c\\u1ee7 t\\u1ea9m m\\u1eadt ong &#8211; Daedong\"}}]}]}<\/script>\n<!-- \/ Yoast SEO Premium plugin. -->","_links":{"self":[{"href":"https:\/\/thietbitmg.com\/demo\/samminhthinh\/wp-json\/wp\/v2\/product\/1086"}],"collection":[{"href":"https:\/\/thietbitmg.com\/demo\/samminhthinh\/wp-json\/wp\/v2\/product"}],"about":[{"href":"https:\/\/thietbitmg.com\/demo\/samminhthinh\/wp-json\/wp\/v2\/types\/product"}],"replies":[{"embeddable":true,"href":"https:\/\/thietbitmg.com\/demo\/samminhthinh\/wp-json\/wp\/v2\/comments?post=1086"}],"wp:featuredmedia":[{"embeddable":true,"href":"https:\/\/thietbitmg.com\/demo\/samminhthinh\/wp-json\/wp\/v2\/media\/3684"}],"wp:attachment":[{"href":"https:\/\/thietbitmg.com\/demo\/samminhthinh\/wp-json\/wp\/v2\/media?parent=1086"}],"curies":[{"name":"wp","href":"https:\/\/api.w.org\/{rel}","templated":true}]}}