{"id":1232,"date":"2020-09-19T10:15:34","date_gmt":"2020-09-19T10:15:34","guid":{"rendered":"http:\/\/chuongdesigner.name.vn\/noithat\/?post_type=product&#038;p=1232"},"modified":"2022-03-01T02:10:31","modified_gmt":"2022-03-01T02:10:31","slug":"bot-hong-sam-han-quoc-kgc-lo-90g","status":"publish","type":"product","link":"https:\/\/thietbitmg.com\/demo\/samminhthinh\/bot-hong-sam-han-quoc-kgc-lo-90g\/","title":{"rendered":"B\u1ed9t h\u1ed3ng s\u00e2m H\u00e0n Qu\u1ed1c KGC l\u1ecd 90g"},"content":{"rendered":"<p style=\"font-weight: 400;\"><span style=\"color: #000000;\">\u2742 <a style=\"color: #000000;\" href=\"https:\/\/samyenthinhphat.com\/bot-hong-sam-han-quoc-kgc-lo-90g-hong-sam-chinh-phu.html\"><b>B\u1ed9t h\u1ed3ng s\u00e2m H\u00e0n Qu\u1ed1c KGC l\u1ecd 90g <\/b><\/a>\u0111\u01b0\u1ee3c s\u1ea3n xu\u1ea5t t\u1eeb 100% H\u1ed3ng s\u00e2m H\u00e0n Qu\u1ed1c 6 n\u0103m tu\u1ed5i ch\u1ee9a \u0111\u1ebfn 34 lo\u1ea1i saponin kh\u00e1c nhau v\u00e0 nh\u1eefng th\u00e0nh ph\u1ea7n ho\u1ea1t t\u00ednh \u0111a d\u1ea1ng kh\u00e1c nh\u01b0 h\u1ee3p ch\u1ea5t fenolic, h\u1ee3p ch\u1ea5t polyacetylene, protein, c\u00e1c acid amin, t\u1ea5t c\u1ea3 t\u01b0\u01a1ng t\u00e1c \u0111\u1ec3 c\u00f9ng nhau ki\u1ec3m so\u00e1t c\u00e1c ch\u1ee9c n\u0103ng sinh l\u00fd c\u1ee7a c\u01a1 th\u1ec3 nh\u1eb1m \u0111\u01b0a c\u01a1 th\u1ec3 tr\u1edf l\u1ea1i tr\u1ea1ng th\u00e1i ho\u1ea1t \u0111\u1ed9ng b\u00ecnh th\u01b0\u1eddng. B\u1ed9t h\u1ed3ng s\u00e2m KGC l\u00e0 m\u1ed9t trong nh\u1eefng th\u00e0nh ph\u1ea9m \u0111\u01b0\u1ee3c ch\u1ebf t\u1ea1o t\u1eeb s\u00e2m m\u00e0 \u0111\u01b0\u1ee3c nhi\u1ec1u ng\u01b0\u1eddi \u01b0a chu\u1ed9ng nh\u1ea5t.<\/span><\/p>\n<p style=\"font-weight: 400;\"><span style=\"color: #000000;\">\u2742<b> Th\u00e0nh ph\u1ea7n:<\/b> ch\u1ee9a 100% h\u1ed3ng s\u00e2m ch\u00ednh ph\u1ee7 H\u00e0n Qu\u1ed1c 6 n\u0103m tu\u1ed5i nghi\u1ec1n m\u1ecbn. S\u1ea3n ph\u1ea9m kh\u00f4ng ch\u1ee9a ch\u1ea5t b\u1ea3o qu\u1ea3n, ph\u1ea9m m\u00e0u.<\/span><\/p>\n<p style=\"font-weight: 400;\"><span style=\"color: #000000;\">\u2742 <b>S\u1ea3n xu\u1ea5t:<\/b> KOREA GINSENG CORP. (T\u1eadp \u0111o\u00e0n Nh\u00e2n S\u00e2m H\u00e0n Qu\u1ed1c) &#8211; 100 Pyeongchon &#8211; dong, Daedeok &#8211; Gu, Taejon, Republic of\u00a0 Korea.\u00a0\u00a0 \u00a0 \u00a0 \u00a0 \u00a0 \u00a0 \u00a0 \u00a0 \u00a0 \u00a0<\/span><\/p>\n<p style=\"font-weight: 400;\"><span style=\"color: #000000;\">\u27a2 T\u1eadp \u0111o\u00e0n Nh\u00e2n S\u00e2m H\u00e0n Qu\u1ed1c (KGC) &#8211; L\u00e0 t\u1eadp \u0111o\u00e0n s\u1ea3n xu\u1ea5t v\u00e0 kinh doanh h\u1ed3ng \u0111\u01b0\u1ee3c B\u1ed9 Th\u01b0\u01a1ng M\u1ea1i, C\u00f4ng nghi\u1ec7p v\u00e0 N\u0103ng l\u01b0\u1ee3ng H\u00e0n Qu\u1ed1c b\u00ecnh ch\u1ecdn l\u00e0 T\u1eadp \u0111o\u00e0n s\u1ea3n xu\u1ea5t c\u00e1c s\u1ea3n ph\u1ea9m Nh\u00e2n s\u00e2m ch\u1ea5t l\u01b0\u1ee3ng t\u1ed1t nh\u1ea5t \u1edf H\u00e0n Qu\u1ed1c.\u00a0<\/span><\/p>\n<p style=\"font-weight: 400;\"><span style=\"color: #000000;\">\u27a2 Cheong Kwan Jang l\u00e0 th\u01b0\u01a1ng hi\u1ec7u c\u1ee7a c\u00e1c s\u1ea3n ph\u1ea9m H\u1ed3ng s\u00e2m 6 n\u0103m tu\u1ed5i \u0111\u01b0\u1ee3c s\u1ea3n xu\u1ea5t b\u1edfi KGC, \u0111\u01b0\u1ee3c V\u0103n ph\u00f2ng \u0111\u1ed9c quy\u1ec1n ch\u00ednh ph\u1ee7 Chosun ch\u00ednh th\u1ee9c \u0111\u01b0a v\u00e0o n\u0103m 1940 \u0111\u1ec3 ph\u00e2n bi\u1ec7t c\u00e1c s\u1ea3n ph\u1ea9m nh\u00e2n s\u00e2m s\u1ea3n xu\u1ea5t d\u01b0\u1edbi s\u1ef1 ki\u1ec3m so\u00e1t ch\u1eb7t ch\u1ebd c\u1ee7a Nh\u00e0 n\u01b0\u1edbc v\u1edbi c\u00e1c s\u1ea3n ph\u1ea9m do t\u01b0 nh\u00e2n s\u1ea3n xu\u1ea5t v\u00e0 h\u00e0ng gi\u1ea3, h\u00e0ng nh\u00e1i (ch\u1eef Cheong Kwan Jang c\u00f3 ngh\u0129a l\u00e0 s\u1ea3n ph\u1ea9m h\u00e0ng th\u1eadt \u0111\u00e1ng tin c\u1eady \u0111\u01b0\u1ee3c s\u1ea3n xu\u1ea5t \u1edf nh\u00e0 m\u00e1y do Nh\u00e0 n\u01b0\u1edbc qu\u1ea3n l\u00fd).<\/span><\/p>\n","protected":false},"excerpt":{"rendered":"<p dir=\"ltr\"><span style=\"color: #000000;\">\u2721\u00a0Cheong Kwan Jang l\u00e0 th\u01b0\u01a1ng hi\u1ec7u h\u1ed3ng s\u00e2m H\u00e0n Qu\u1ed1c n\u1ed5i ti\u1ebfng th\u1ebf gi\u1edbi v\u1edbi nhi\u1ec1u gi\u1ea3i th\u01b0\u1edfng tr\u00ean kh\u1eafp th\u1ebf gi\u1edbi do ng\u01b0\u1eddi ti\u00eau d\u00f9ng b\u00ecnh ch\u1ecdn trong su\u1ed1t nhi\u1ec1u n\u0103m qua.<\/span><\/p>\n<p><span style=\"color: #000000;\">\u2721\u00a0<strong>B\u1ed9t h\u1ed3ng s\u00e2m cao c\u1ea5p KGC H\u00e0n Qu\u1ed1c l\u1ecd 90g<\/strong> h\u1ed7 tr\u1ee3 k\u00e9o d\u00e0i tu\u1ed5i thanh xu\u00e2n v\u00e0 l\u00e0m \u0111\u1eb9p. Thanh l\u1ecdc gan, th\u1eadn. \u0110i\u1ec1u h\u00f2a huy\u1ebft \u00e1p, nh\u1ecbp tim. Gi\u00fap c\u1ea3i thi\u1ec7n l\u00e0n da tr\u1edf n\u00ean tr\u1ebb trung v\u00e0 h\u1ed7 tr\u1ee3 ng\u0103n ch\u1eb7n s\u1ef1 l\u00e3o h\u00f3a hi\u1ec7u qu\u1ea3.<\/span><\/p>\n","protected":false},"featured_media":3682,"comment_status":"open","ping_status":"closed","template":"","meta":[],"yoast_head":"<!-- This site is optimized with the Yoast SEO Premium plugin v15.9.1 - https:\/\/yoast.com\/wordpress\/plugins\/seo\/ -->\n<title>B\u1ed9t h\u1ed3ng s\u00e2m H\u00e0n Qu\u1ed1c KGC l\u1ecd 90g - S\u00c2M MINH TH\u1ecaNH<\/title>\n<meta name=\"robots\" content=\"index, follow, max-snippet:-1, max-image-preview:large, max-video-preview:-1\" \/>\n<link rel=\"canonical\" href=\"https:\/\/thietbitmg.com\/demo\/samminhthinh\/bot-hong-sam-han-quoc-kgc-lo-90g\/\" \/>\n<meta property=\"og:locale\" content=\"vi_VN\" \/>\n<meta property=\"og:type\" content=\"article\" \/>\n<meta property=\"og:title\" content=\"B\u1ed9t h\u1ed3ng s\u00e2m H\u00e0n Qu\u1ed1c KGC l\u1ecd 90g - S\u00c2M MINH TH\u1ecaNH\" \/>\n<meta property=\"og:description\" content=\"\u2721\u00a0Cheong Kwan Jang l\u00e0 th\u01b0\u01a1ng hi\u1ec7u h\u1ed3ng s\u00e2m H\u00e0n Qu\u1ed1c n\u1ed5i ti\u1ebfng th\u1ebf gi\u1edbi v\u1edbi nhi\u1ec1u gi\u1ea3i th\u01b0\u1edfng tr\u00ean kh\u1eafp th\u1ebf gi\u1edbi do ng\u01b0\u1eddi ti\u00eau d\u00f9ng b\u00ecnh ch\u1ecdn trong su\u1ed1t nhi\u1ec1u n\u0103m qua. \u2721\u00a0B\u1ed9t h\u1ed3ng s\u00e2m cao c\u1ea5p KGC H\u00e0n Qu\u1ed1c l\u1ecd 90g h\u1ed7 tr\u1ee3 k\u00e9o d\u00e0i tu\u1ed5i thanh xu\u00e2n v\u00e0 l\u00e0m \u0111\u1eb9p. Thanh l\u1ecdc gan, th\u1eadn. \u0110i\u1ec1u h\u00f2a huy\u1ebft \u00e1p, nh\u1ecbp tim. Gi\u00fap c\u1ea3i thi\u1ec7n l\u00e0n da tr\u1edf n\u00ean tr\u1ebb trung v\u00e0 h\u1ed7 tr\u1ee3 ng\u0103n ch\u1eb7n s\u1ef1 l\u00e3o h\u00f3a hi\u1ec7u qu\u1ea3.\" \/>\n<meta property=\"og:url\" content=\"https:\/\/thietbitmg.com\/demo\/samminhthinh\/bot-hong-sam-han-quoc-kgc-lo-90g\/\" \/>\n<meta property=\"og:site_name\" content=\"S\u00c2M MINH TH\u1ecaNH\" \/>\n<meta property=\"article:modified_time\" content=\"2022-03-01T02:10:31+00:00\" \/>\n<meta property=\"og:image\" content=\"https:\/\/thietbitmg.com\/demo\/samminhthinh\/wp-content\/uploads\/2020\/09\/bot-hong-sam-han-quoc-kgc-lo-90g-hong-sam-chinh-phu_thumb.jpg\" \/>\n\t<meta property=\"og:image:width\" content=\"250\" \/>\n\t<meta property=\"og:image:height\" content=\"164\" \/>\n<meta name=\"twitter:card\" content=\"summary_large_image\" \/>\n<meta name=\"twitter:label1\" content=\"\u01af\u1edbc t\u00ednh th\u1eddi gian \u0111\u1ecdc\">\n\t<meta name=\"twitter:data1\" content=\"2 ph\u00fat\">\n<script type=\"application\/ld+json\" class=\"yoast-schema-graph\">{\"@context\":\"https:\/\/schema.org\",\"@graph\":[{\"@type\":\"WebSite\",\"@id\":\"https:\/\/thietbitmg.com\/demo\/samminhthinh\/#website\",\"url\":\"https:\/\/thietbitmg.com\/demo\/samminhthinh\/\",\"name\":\"S\\u00c2M MINH TH\\u1ecaNH\",\"description\":\"TRANG CH\\u1ee6\",\"potentialAction\":[{\"@type\":\"SearchAction\",\"target\":\"https:\/\/thietbitmg.com\/demo\/samminhthinh\/?s={search_term_string}\",\"query-input\":\"required name=search_term_string\"}],\"inLanguage\":\"vi\"},{\"@type\":\"ImageObject\",\"@id\":\"https:\/\/thietbitmg.com\/demo\/samminhthinh\/bot-hong-sam-han-quoc-kgc-lo-90g\/#primaryimage\",\"inLanguage\":\"vi\",\"url\":\"https:\/\/thietbitmg.com\/demo\/samminhthinh\/wp-content\/uploads\/2020\/09\/bot-hong-sam-han-quoc-kgc-lo-90g-hong-sam-chinh-phu_thumb.jpg\",\"width\":250,\"height\":164},{\"@type\":\"WebPage\",\"@id\":\"https:\/\/thietbitmg.com\/demo\/samminhthinh\/bot-hong-sam-han-quoc-kgc-lo-90g\/#webpage\",\"url\":\"https:\/\/thietbitmg.com\/demo\/samminhthinh\/bot-hong-sam-han-quoc-kgc-lo-90g\/\",\"name\":\"B\\u1ed9t h\\u1ed3ng s\\u00e2m H\\u00e0n Qu\\u1ed1c KGC l\\u1ecd 90g - S\\u00c2M MINH TH\\u1ecaNH\",\"isPartOf\":{\"@id\":\"https:\/\/thietbitmg.com\/demo\/samminhthinh\/#website\"},\"primaryImageOfPage\":{\"@id\":\"https:\/\/thietbitmg.com\/demo\/samminhthinh\/bot-hong-sam-han-quoc-kgc-lo-90g\/#primaryimage\"},\"datePublished\":\"2020-09-19T10:15:34+00:00\",\"dateModified\":\"2022-03-01T02:10:31+00:00\",\"breadcrumb\":{\"@id\":\"https:\/\/thietbitmg.com\/demo\/samminhthinh\/bot-hong-sam-han-quoc-kgc-lo-90g\/#breadcrumb\"},\"inLanguage\":\"vi\",\"potentialAction\":[{\"@type\":\"ReadAction\",\"target\":[\"https:\/\/thietbitmg.com\/demo\/samminhthinh\/bot-hong-sam-han-quoc-kgc-lo-90g\/\"]}]},{\"@type\":\"BreadcrumbList\",\"@id\":\"https:\/\/thietbitmg.com\/demo\/samminhthinh\/bot-hong-sam-han-quoc-kgc-lo-90g\/#breadcrumb\",\"itemListElement\":[{\"@type\":\"ListItem\",\"position\":1,\"item\":{\"@type\":\"WebPage\",\"@id\":\"https:\/\/thietbitmg.com\/demo\/samminhthinh\/\",\"url\":\"https:\/\/thietbitmg.com\/demo\/samminhthinh\/\",\"name\":\"Home\"}},{\"@type\":\"ListItem\",\"position\":2,\"item\":{\"@type\":\"WebPage\",\"@id\":\"https:\/\/thietbitmg.com\/demo\/samminhthinh\/shop\/\",\"url\":\"https:\/\/thietbitmg.com\/demo\/samminhthinh\/shop\/\",\"name\":\"Shop\"}},{\"@type\":\"ListItem\",\"position\":3,\"item\":{\"@type\":\"WebPage\",\"@id\":\"https:\/\/thietbitmg.com\/demo\/samminhthinh\/bot-hong-sam-han-quoc-kgc-lo-90g\/\",\"url\":\"https:\/\/thietbitmg.com\/demo\/samminhthinh\/bot-hong-sam-han-quoc-kgc-lo-90g\/\",\"name\":\"B\\u1ed9t h\\u1ed3ng s\\u00e2m H\\u00e0n Qu\\u1ed1c KGC l\\u1ecd 90g\"}}]}]}<\/script>\n<!-- \/ Yoast SEO Premium plugin. -->","_links":{"self":[{"href":"https:\/\/thietbitmg.com\/demo\/samminhthinh\/wp-json\/wp\/v2\/product\/1232"}],"collection":[{"href":"https:\/\/thietbitmg.com\/demo\/samminhthinh\/wp-json\/wp\/v2\/product"}],"about":[{"href":"https:\/\/thietbitmg.com\/demo\/samminhthinh\/wp-json\/wp\/v2\/types\/product"}],"replies":[{"embeddable":true,"href":"https:\/\/thietbitmg.com\/demo\/samminhthinh\/wp-json\/wp\/v2\/comments?post=1232"}],"wp:featuredmedia":[{"embeddable":true,"href":"https:\/\/thietbitmg.com\/demo\/samminhthinh\/wp-json\/wp\/v2\/media\/3682"}],"wp:attachment":[{"href":"https:\/\/thietbitmg.com\/demo\/samminhthinh\/wp-json\/wp\/v2\/media?parent=1232"}],"curies":[{"name":"wp","href":"https:\/\/api.w.org\/{rel}","templated":true}]}}