{"id":1240,"date":"2020-09-19T10:25:26","date_gmt":"2020-09-19T10:25:26","guid":{"rendered":"http:\/\/chuongdesigner.name.vn\/noithat\/?post_type=product&#038;p=1240"},"modified":"2022-02-28T16:49:13","modified_gmt":"2022-02-28T16:49:13","slug":"nuoc-hong-sam-plus-mild-60-goi-sam-cao-cap","status":"publish","type":"product","link":"https:\/\/thietbitmg.com\/demo\/samminhthinh\/nuoc-hong-sam-plus-mild-60-goi-sam-cao-cap\/","title":{"rendered":"N\u01b0\u1edbc h\u1ed3ng s\u00e2m Plus Mild 60 g\u00f3i S\u00e2m cao&hellip;"},"content":{"rendered":"<p><span style=\"color: #000000;\">\u272a\u00a0<strong>T\u1eadp \u0111o\u00e0n Nh\u00e2n S\u00e2m H\u00e0n Qu\u1ed1c (KGC)<\/strong>\u00a0&#8211; L\u00e0 t\u1eadp \u0111o\u00e0n s\u1ea3n xu\u1ea5t v\u00e0 kinh doanh h\u1ed3ng s\u00e2m \u0111\u01b0\u1ee3c B\u1ed9 Th\u01b0\u01a1ng M\u1ea1i, C\u00f4ng nghi\u1ec7p v\u00e0 N\u0103ng l\u01b0\u1ee3ng H\u00e0n Qu\u1ed1c b\u00ecnh ch\u1ecdn l\u00e0 \u1eadp \u0111o\u00e0n s\u1ea3n xu\u1ea5t c\u00e1c s\u1ea3n ph\u1ea9m Nh\u00e2n s\u00e2m ch\u1ea5t l\u01b0\u1ee3ng t\u1ed1t nh\u1ea5t \u1edf H\u00e0n Qu\u1ed1c.<\/span><\/p>\n<p><span style=\"color: #000000;\">\u272a\u00a0<strong>Cheong Kwan Jang<\/strong>\u00a0l\u00e0 th\u01b0\u01a1ng hi\u1ec7u c\u1ee7a c\u00e1c s\u1ea3n ph\u1ea9m H\u1ed3ng s\u00e2m 6 n\u0103m tu\u1ed5i \u0111\u01b0\u1ee3c s\u1ea3n xu\u1ea5t b\u1edfi KGC, \u0111\u01b0\u1ee3c V\u0103n ph\u00f2ng \u0111\u1ed9c quy\u1ec1n ch\u00ednh ph\u1ee7 Chosun ch\u00ednh th\u1ee9c \u0111\u01b0a v\u00e0o n\u0103m 1940 \u0111\u1ec3 ph\u00e2n bi\u1ec7t c\u00e1c s\u1ea3n ph\u1ea9m nh\u00e2n s\u00e2m s\u1ea3n xu\u1ea5t d\u01b0\u1edbi s\u1ef1 ki\u1ec3m so\u00e1t ch\u1eb7t ch\u1ebd c\u1ee7a Nh\u00e0 n\u01b0\u1edbc v\u1edbi c\u00e1c s\u1ea3n ph\u1ea9m do t\u01b0 nh\u00e2n s\u1ea3n xu\u1ea5t v\u00e0 h\u00e0ng gi\u1ea3, h\u00e0ng nh\u00e1i (ch\u1eef Cheong Kwan Jang c\u00f3 ngh\u0129a l\u00e0 s\u1ea3n ph\u1ea9m h\u00e0ng th\u1eadt \u0111\u00e1ng tin c\u1eady \u0111\u01b0\u1ee3c s\u1ea3n xu\u1ea5t \u1edf nh\u00e0 m\u00e1y do Nh\u00e0 n\u01b0\u1edbc qu\u1ea3n l\u00fd).<\/span><br \/>\n<span style=\"color: #000000;\">\u00a0<\/span><br \/>\n<span style=\"color: #000000;\">\u272a\u00a0<strong>Cheong Kwan Jang<\/strong>\u00a0l\u00e0 th\u01b0\u01a1ng hi\u1ec7u h\u1ed3ng s\u00e2m H\u00e0n Qu\u1ed1c n\u1ed5i ti\u1ebfng th\u1ebf gi\u1edbi.<\/span><\/p>\n<p><span style=\"color: #000000;\">H\u1ed3ng s\u00e2m H\u00e0n Qu\u1ed1c\u00a0Cheong Kwan Jang\u00a0c\u00f3 ch\u1ee9a 34 lo\u1ea1i saponin kh\u00e1c nhau v\u00e0 nh\u1eefng th\u00e0nh ph\u1ea7n ho\u1ea1t t\u00ednh \u0111a d\u1ea1ng kh\u00e1c nh\u01b0 h\u1ee3p ch\u1ea5t fenolic, h\u1ee3p ch\u1ea5t polyacetylene, protein, c\u00e1c acidamin, t\u1ea5t c\u1ea3 t\u01b0\u01a1ng t\u00e1c \u0111\u1ec3 c\u00f9ng nhau ki\u1ec3m so\u00e1t c\u00e1c ch\u1ee9c n\u0103ng sinh l\u00fd c\u01a1 th\u1ec3 nh\u1eb1m \u0111\u01b0a c\u01a1 th\u1ec3 tr\u1edf l\u1ea1i tr\u1ea1ng th\u00e1i ho\u1ea1t \u0111\u1ed9ng b\u00ecnh th\u01b0\u1eddng.<\/span><\/p>\n","protected":false},"excerpt":{"rendered":"<p><span style=\"color: #000000;\">\u2721\u00a0<strong>Xu\u1ea5t x\u1ee9:\u00a0<\/strong>H\u00e0n Qu\u1ed1c.<\/span><\/p>\n<p><span style=\"color: #000000;\">\u2721\u00a0<strong>S\u1ea3n xu\u1ea5t:\u00a0<\/strong>T\u1eadp \u0111o\u00e0n nh\u00e2n s\u00e2m H\u00e0n Qu\u1ed1c.<\/span><\/p>\n<p><span style=\"color: #000000;\">\u2721\u00a0<strong>\u0110\u1ecba ch\u1ec9:\u00a0<\/strong>100 Pyeongchon &#8211; dong, Daedeok &#8211; Gu, Taejon, Republic of Korea.<\/span><\/p>\n<p><span style=\"color: #000000;\">\u2721\u00a0<strong>Th\u01b0\u01a1ng hi\u1ec7u:\u00a0<\/strong>Cheong Kwan Jang (H\u1ed3ng s\u00e2m Ch\u00ednh ph\u1ee7).<\/span><\/p>\n<p><span style=\"color: #000000;\">\u2721\u00a0<strong>Ngu\u1ed3n g\u1ed1c:\u00a0<\/strong>H\u00e0ng nh\u1eadp kh\u1ea9u ch\u00ednh h\u00e3ng.<\/span><\/p>\n<p><span style=\"color: #000000;\">\u2721\u00a0<strong>\u0110\u00f3ng g\u00f3i:\u00a0<\/strong>H\u1ed9p l\u1edbn = 6 h\u1ed9p nh\u1ecf x 10 t\u00fai x 50ml.<\/span><\/p>\n","protected":false},"featured_media":3676,"comment_status":"open","ping_status":"closed","template":"","meta":[],"yoast_head":"<!-- This site is optimized with the Yoast SEO Premium plugin v15.9.1 - https:\/\/yoast.com\/wordpress\/plugins\/seo\/ -->\n<title>N\u01b0\u1edbc h\u1ed3ng s\u00e2m Plus Mild 60 g\u00f3i S\u00e2m cao c\u1ea5p - S\u00c2M MINH TH\u1ecaNH<\/title>\n<meta name=\"robots\" content=\"index, follow, max-snippet:-1, max-image-preview:large, max-video-preview:-1\" \/>\n<link rel=\"canonical\" href=\"https:\/\/thietbitmg.com\/demo\/samminhthinh\/nuoc-hong-sam-plus-mild-60-goi-sam-cao-cap\/\" \/>\n<meta property=\"og:locale\" content=\"vi_VN\" \/>\n<meta property=\"og:type\" content=\"article\" \/>\n<meta property=\"og:title\" content=\"N\u01b0\u1edbc h\u1ed3ng s\u00e2m Plus Mild 60 g\u00f3i S\u00e2m cao c\u1ea5p - S\u00c2M MINH TH\u1ecaNH\" \/>\n<meta property=\"og:description\" content=\"\u2721\u00a0Xu\u1ea5t x\u1ee9:\u00a0H\u00e0n Qu\u1ed1c.  \u2721\u00a0S\u1ea3n xu\u1ea5t:\u00a0T\u1eadp \u0111o\u00e0n nh\u00e2n s\u00e2m H\u00e0n Qu\u1ed1c.  \u2721\u00a0\u0110\u1ecba ch\u1ec9:\u00a0100 Pyeongchon - dong, Daedeok - Gu, Taejon, Republic of Korea.  \u2721\u00a0Th\u01b0\u01a1ng hi\u1ec7u:\u00a0Cheong Kwan Jang (H\u1ed3ng s\u00e2m Ch\u00ednh ph\u1ee7).  \u2721\u00a0Ngu\u1ed3n g\u1ed1c:\u00a0H\u00e0ng nh\u1eadp kh\u1ea9u ch\u00ednh h\u00e3ng.  \u2721\u00a0\u0110\u00f3ng g\u00f3i:\u00a0H\u1ed9p l\u1edbn = 6 h\u1ed9p nh\u1ecf x 10 t\u00fai x 50ml.\" \/>\n<meta property=\"og:url\" content=\"https:\/\/thietbitmg.com\/demo\/samminhthinh\/nuoc-hong-sam-plus-mild-60-goi-sam-cao-cap\/\" \/>\n<meta property=\"og:site_name\" content=\"S\u00c2M MINH TH\u1ecaNH\" \/>\n<meta property=\"article:modified_time\" content=\"2022-02-28T16:49:13+00:00\" \/>\n<meta property=\"og:image\" content=\"https:\/\/thietbitmg.com\/demo\/samminhthinh\/wp-content\/uploads\/2020\/09\/nuoc-hong-sam-plus-mild-60-goi-sam-chinh-phu-han-quoc-cao-cap_thumb.png\" \/>\n\t<meta property=\"og:image:width\" content=\"250\" \/>\n\t<meta property=\"og:image:height\" content=\"164\" \/>\n<meta name=\"twitter:card\" content=\"summary_large_image\" \/>\n<meta name=\"twitter:label1\" content=\"\u01af\u1edbc t\u00ednh th\u1eddi gian \u0111\u1ecdc\">\n\t<meta name=\"twitter:data1\" content=\"2 ph\u00fat\">\n<script type=\"application\/ld+json\" class=\"yoast-schema-graph\">{\"@context\":\"https:\/\/schema.org\",\"@graph\":[{\"@type\":\"WebSite\",\"@id\":\"https:\/\/thietbitmg.com\/demo\/samminhthinh\/#website\",\"url\":\"https:\/\/thietbitmg.com\/demo\/samminhthinh\/\",\"name\":\"S\\u00c2M MINH TH\\u1ecaNH\",\"description\":\"TRANG CH\\u1ee6\",\"potentialAction\":[{\"@type\":\"SearchAction\",\"target\":\"https:\/\/thietbitmg.com\/demo\/samminhthinh\/?s={search_term_string}\",\"query-input\":\"required name=search_term_string\"}],\"inLanguage\":\"vi\"},{\"@type\":\"ImageObject\",\"@id\":\"https:\/\/thietbitmg.com\/demo\/samminhthinh\/nuoc-hong-sam-plus-mild-60-goi-sam-cao-cap\/#primaryimage\",\"inLanguage\":\"vi\",\"url\":\"https:\/\/thietbitmg.com\/demo\/samminhthinh\/wp-content\/uploads\/2020\/09\/nuoc-hong-sam-plus-mild-60-goi-sam-chinh-phu-han-quoc-cao-cap_thumb.png\",\"width\":250,\"height\":164},{\"@type\":\"WebPage\",\"@id\":\"https:\/\/thietbitmg.com\/demo\/samminhthinh\/nuoc-hong-sam-plus-mild-60-goi-sam-cao-cap\/#webpage\",\"url\":\"https:\/\/thietbitmg.com\/demo\/samminhthinh\/nuoc-hong-sam-plus-mild-60-goi-sam-cao-cap\/\",\"name\":\"N\\u01b0\\u1edbc h\\u1ed3ng s\\u00e2m Plus Mild 60 g\\u00f3i S\\u00e2m cao c\\u1ea5p - S\\u00c2M MINH TH\\u1ecaNH\",\"isPartOf\":{\"@id\":\"https:\/\/thietbitmg.com\/demo\/samminhthinh\/#website\"},\"primaryImageOfPage\":{\"@id\":\"https:\/\/thietbitmg.com\/demo\/samminhthinh\/nuoc-hong-sam-plus-mild-60-goi-sam-cao-cap\/#primaryimage\"},\"datePublished\":\"2020-09-19T10:25:26+00:00\",\"dateModified\":\"2022-02-28T16:49:13+00:00\",\"breadcrumb\":{\"@id\":\"https:\/\/thietbitmg.com\/demo\/samminhthinh\/nuoc-hong-sam-plus-mild-60-goi-sam-cao-cap\/#breadcrumb\"},\"inLanguage\":\"vi\",\"potentialAction\":[{\"@type\":\"ReadAction\",\"target\":[\"https:\/\/thietbitmg.com\/demo\/samminhthinh\/nuoc-hong-sam-plus-mild-60-goi-sam-cao-cap\/\"]}]},{\"@type\":\"BreadcrumbList\",\"@id\":\"https:\/\/thietbitmg.com\/demo\/samminhthinh\/nuoc-hong-sam-plus-mild-60-goi-sam-cao-cap\/#breadcrumb\",\"itemListElement\":[{\"@type\":\"ListItem\",\"position\":1,\"item\":{\"@type\":\"WebPage\",\"@id\":\"https:\/\/thietbitmg.com\/demo\/samminhthinh\/\",\"url\":\"https:\/\/thietbitmg.com\/demo\/samminhthinh\/\",\"name\":\"Home\"}},{\"@type\":\"ListItem\",\"position\":2,\"item\":{\"@type\":\"WebPage\",\"@id\":\"https:\/\/thietbitmg.com\/demo\/samminhthinh\/shop\/\",\"url\":\"https:\/\/thietbitmg.com\/demo\/samminhthinh\/shop\/\",\"name\":\"Shop\"}},{\"@type\":\"ListItem\",\"position\":3,\"item\":{\"@type\":\"WebPage\",\"@id\":\"https:\/\/thietbitmg.com\/demo\/samminhthinh\/nuoc-hong-sam-plus-mild-60-goi-sam-cao-cap\/\",\"url\":\"https:\/\/thietbitmg.com\/demo\/samminhthinh\/nuoc-hong-sam-plus-mild-60-goi-sam-cao-cap\/\",\"name\":\"N\\u01b0\\u1edbc h\\u1ed3ng s\\u00e2m Plus Mild 60 g\\u00f3i S\\u00e2m cao c\\u1ea5p\"}}]}]}<\/script>\n<!-- \/ Yoast SEO Premium plugin. -->","_links":{"self":[{"href":"https:\/\/thietbitmg.com\/demo\/samminhthinh\/wp-json\/wp\/v2\/product\/1240"}],"collection":[{"href":"https:\/\/thietbitmg.com\/demo\/samminhthinh\/wp-json\/wp\/v2\/product"}],"about":[{"href":"https:\/\/thietbitmg.com\/demo\/samminhthinh\/wp-json\/wp\/v2\/types\/product"}],"replies":[{"embeddable":true,"href":"https:\/\/thietbitmg.com\/demo\/samminhthinh\/wp-json\/wp\/v2\/comments?post=1240"}],"wp:featuredmedia":[{"embeddable":true,"href":"https:\/\/thietbitmg.com\/demo\/samminhthinh\/wp-json\/wp\/v2\/media\/3676"}],"wp:attachment":[{"href":"https:\/\/thietbitmg.com\/demo\/samminhthinh\/wp-json\/wp\/v2\/media?parent=1240"}],"curies":[{"name":"wp","href":"https:\/\/api.w.org\/{rel}","templated":true}]}}