{"id":3687,"date":"2022-03-01T01:59:46","date_gmt":"2022-03-01T01:59:46","guid":{"rendered":"https:\/\/samminhthinh.com\/?post_type=product&#038;p=3687"},"modified":"2022-03-01T01:59:46","modified_gmt":"2022-03-01T01:59:46","slug":"cao-hong-sam-linh-chi-pocheon-han-quoc","status":"publish","type":"product","link":"https:\/\/thietbitmg.com\/demo\/samminhthinh\/cao-hong-sam-linh-chi-pocheon-han-quoc\/","title":{"rendered":"Cao h\u1ed3ng s\u00e2m linh chi Pocheon H\u00e0n Qu\u1ed1c"},"content":{"rendered":"<p>\u27a2\u00a0S\u1ee9c kh\u1ecfe l\u00e0 th\u1ee9 v\u1ed1n qu\u00fd nh\u1ea5t c\u1ee7a m\u1ed7i ng\u01b0\u1eddi th\u1ebf nh\u01b0ng kh\u00f4ng ai c\u00f3 th\u1ec3 tr\u00e1nh kh\u1ecfi quy lu\u1eadt l\u00e3o h\u00f3a c\u1ee7a t\u1ef1 nhi\u00ean. \u0110\u1eb7c bi\u1ec7t khi s\u1ed1ng trong m\u00f4i tr\u01b0\u1eddng ng\u00e0y c\u00e0ng \u00f4 nhi\u1ec5m nh\u01b0 hi\u1ec7n nay th\u00ec vi\u1ec7c t\u00ecm \u0111\u1ebfn gi\u1ea3i ph\u00e1p \u0111\u1ec3 ch\u0103m s\u00f3c s\u1ee9c kh\u1ecfe ch\u00ednh l\u00e0 m\u1ed9t s\u1ef1 l\u1ef1a ch\u1ecdn s\u00e1ng su\u1ed1t \u0111\u1ec3 b\u1ea3o v\u1ec7 ch\u00ednh b\u1ea1n v\u00e0 nh\u1eefng ng\u01b0\u1eddi th\u00e2n y\u00eau.<\/p>\n<p>\u27a2\u00a0N\u1ebfu b\u1ea1n l\u00e0 m\u1ed9t ng\u01b0\u1eddi b\u1eadn r\u1ed9n v\u00e0 \u0111ang t\u00ecm ki\u1ebfm m\u1ed9t gi\u1ea3i ph\u00e1p h\u1eefu hi\u1ec7u \u0111\u1ec3 t\u0103ng c\u01b0\u1eddng s\u1ee9c kh\u1ecfe m\u00e0 kh\u00f4ng m\u1ea5t qu\u00e1 nhi\u1ec1u th\u1eddi gian th\u00ec s\u1ea3n ph\u1ea9m Cao h\u1ed3ng s\u00e2m linh chi ch\u00ednh l\u00e0 m\u1ed9t s\u1ef1 l\u1ef1a ch\u1ecdn s\u00e1ng su\u1ed1t. \u0110\u01b0\u1ee3c chi\u1ebft xu\u1ea5t ho\u00e0n to\u00e0n t\u1eeb N\u1ea5m linh chi th\u01b0\u1ee3ng h\u1ea1ng k\u1ebft h\u1ee3p c\u00f9ng H\u1ed3ng s\u00e2m 6 n\u0103m tu\u1ed5i H\u00e0n Qu\u1ed1c, sau \u0111\u00f3 c\u00f4 \u0111\u1eb7c \u1edf d\u1ea1ng tinh ch\u1ea5t n\u00ean\u00a0Cao h\u1ed3ng s\u00e2m linh chi Pocheon H\u00e0n Qu\u1ed1c\u00a0v\u00f4 c\u00f9ng b\u1ed5 d\u01b0\u1ee1ng, ch\u1ee9a \u0111\u1ef1ng nh\u1eefng c\u00f4ng d\u1ee5ng v\u00f4 c\u00f9ng qu\u00fd b\u00e1u c\u1ee7a c\u1ea3 n\u1ea5m linh chi v\u00e0 h\u1ed3ng s\u00e2m, gi\u00fap b\u1ea1n \u0111\u00e1nh tan c\u00e1c v\u1ea5n \u0111\u1ec1 s\u1ee9c kh\u1ecfe.<\/p>\n<p>\u27a2\u00a0Hi\u1ec7n nay,\u00a0<strong><a href=\"https:\/\/samyenthinhphat.com\/cao-sam.html\" target=\"_blank\" rel=\"noopener noreferrer\">Cao h\u1ed3ng s\u00e2m linh chi Pocheon H\u00e0n Qu\u1ed1c<\/a>\u00a0<\/strong>\u0111\u01b0\u1ee3c s\u1eed d\u1ee5ng kh\u00e1 ph\u1ed5 bi\u1ebfn trong \u0111\u1eddi s\u1ed1ng b\u1edfi s\u1ef1 b\u1ed5 d\u01b0\u1ee1ng, th\u01a1m ngon v\u00e0 ti\u1ec7n d\u1ee5ng, th\u00edch h\u1ee3p cho vi\u1ec7c l\u00e0m qu\u00e0 bi\u1ebfu t\u1eb7ng \u00f4ng b\u00e0, cha m\u1eb9 , ng\u01b0\u1eddi th\u00e2n, x\u1ebfp \u2026 V\u1edbi l\u1ecbch s\u1eed v\u00e0 truy\u1ec1n th\u1ed1ng l\u00e2u d\u00e0i trong vi\u1ec7c s\u1eed d\u1ee5ng, s\u1ea3n xu\u1ea5t v\u00e0 ch\u1ebf bi\u1ebfn N\u1ea5m linh chi v\u00e0 H\u1ed3ng s\u00e2m t\u1eeb ng\u00e0n \u0111\u1eddi nay \u2013 ch\u1ec9 c\u00f3 H\u00e0n Qu\u1ed1c m\u1edbi c\u00f3 th\u1ec3 tinh luy\u1ec7n Cao h\u1ed3ng s\u00e2m linh chi v\u1edbi ch\u1ea5t l\u01b0\u1ee3ng t\u1ed1t nh\u1ea5t. V\u00ec v\u1eady, b\u1ea1n n\u00ean ch\u1ecdn mua c\u00e1c s\u1ea3n ph\u1ea9m\u00a0Cao h\u1ed3ng s\u00e2m linh chi Pocheon\u00a0c\u00f3 ngu\u1ed3n g\u1ed1c xu\u1ea5t x\u1ee9 t\u1eeb H\u00e0n Qu\u1ed1c.<\/p>\n","protected":false},"excerpt":{"rendered":"<p>\u2721\u00a0<strong>Cao h\u1ed3ng s\u00e2m linh chi Pocheon H\u00e0n Qu\u1ed1c<\/strong>\u00a0v\u1edbi tinh ch\u1ea5t h\u1ed3ng s\u00e2m v\u00e0 n\u1ea5m linh chi c\u00f4 \u0111\u1eb7c.\u00a0Cao h\u1ed3ng s\u00e2m linh chi Pocheon H\u00e0n Qu\u1ed1c\u00a0b\u1ed3i b\u1ed5 c\u01a1 th\u1ec3, t\u0103ng c\u01b0\u1eddng s\u1ee9c \u0111\u1ec1 kh\u00e1ng. S\u1ea3n ph\u1ea9m\u00a0Cao h\u1ed3ng s\u00e2m linh chi Pocheon H\u00e0n Qu\u1ed1c\u00a0s\u1edf h\u1eefu h\u00e0m l\u01b0\u1ee3ng tinh ch\u1ea5t h\u1ed3ng s\u00e2m 6 n\u0103m tu\u1ed5i c\u00f4 \u0111\u1eb7c l\u00ean \u0111\u1ebfn 8% c\u00f9ng v\u1edbi chi\u1ebft xu\u1ea5t\u00a0n\u1ea5m linh chi\u00a0h\u1ea3o h\u1ea1ng n\u00ean mang \u0111\u1ebfn nh\u1eefng l\u1ee3i \u00edch tuy\u1ec7t v\u1eddi cho s\u1ee9c kh\u1ecfe con ng\u01b0\u1eddi, gi\u00fap b\u1ed3i b\u1ed5 c\u01a1 th\u1ec3, t\u0103ng c\u01b0\u1eddng s\u1ee9c \u0111\u1ec1 kh\u00e1ng, ng\u0103n ng\u1eeba s\u1ef1 l\u00e3o h\u00f3a v\u00e0 h\u1ed7 tr\u1ee3 ph\u00f2ng ng\u1eeba nhi\u1ec1u b\u1ec7nh tu\u1ed5i gi\u00e0.<\/p>\n<p>\u2721\u00a0M\u1ed7i gi\u1ecdt cao \u0111\u01b0\u1ee3c n\u00e2ng niu t\u1eeb b\u00e0n tay \u0111i\u00eau luy\u1ec7n c\u1ee7a c\u00e1c chuy\u00ean gia, mang trong m\u00ecnh s\u1ee9 m\u1ec7nh b\u1ea3o v\u1ec7 v\u00e0 n\u00e2ng cao s\u1ee9c kh\u1ecfe c\u1ee7a ng\u01b0\u1eddi s\u1eed d\u1ee5ng. \u0110\u00e2y l\u00e0 s\u1ea3n ph\u1ea9m th\u00edch h\u1ee3p cho m\u1ecdi \u0111\u1ed1i t\u01b0\u1ee3ng s\u1eed d\u1ee5ng. S\u1ea3n ph\u1ea9m c\u00f3 h\u1ed9p \u0111\u1eb9p, m\u1eabu m\u00e3 sang tr\u1ecdng, r\u1ea5t th\u00edch h\u1ee3p l\u00e0m qu\u00e0 bi\u1ebfu t\u1eb7ng<\/p>\n","protected":false},"featured_media":3688,"comment_status":"open","ping_status":"closed","template":"","meta":[],"yoast_head":"<!-- This site is optimized with the Yoast SEO Premium plugin v15.9.1 - https:\/\/yoast.com\/wordpress\/plugins\/seo\/ -->\n<title>Cao h\u1ed3ng s\u00e2m linh chi Pocheon H\u00e0n Qu\u1ed1c - S\u00c2M MINH TH\u1ecaNH<\/title>\n<meta name=\"robots\" content=\"index, follow, max-snippet:-1, max-image-preview:large, max-video-preview:-1\" \/>\n<link rel=\"canonical\" href=\"https:\/\/thietbitmg.com\/demo\/samminhthinh\/cao-hong-sam-linh-chi-pocheon-han-quoc\/\" \/>\n<meta property=\"og:locale\" content=\"vi_VN\" \/>\n<meta property=\"og:type\" content=\"article\" \/>\n<meta property=\"og:title\" content=\"Cao h\u1ed3ng s\u00e2m linh chi Pocheon H\u00e0n Qu\u1ed1c - S\u00c2M MINH TH\u1ecaNH\" \/>\n<meta property=\"og:description\" content=\"\u2721\u00a0Cao h\u1ed3ng s\u00e2m linh chi Pocheon H\u00e0n Qu\u1ed1c\u00a0v\u1edbi tinh ch\u1ea5t h\u1ed3ng s\u00e2m v\u00e0 n\u1ea5m linh chi c\u00f4 \u0111\u1eb7c.\u00a0Cao h\u1ed3ng s\u00e2m linh chi Pocheon H\u00e0n Qu\u1ed1c\u00a0b\u1ed3i b\u1ed5 c\u01a1 th\u1ec3, t\u0103ng c\u01b0\u1eddng s\u1ee9c \u0111\u1ec1 kh\u00e1ng. S\u1ea3n ph\u1ea9m\u00a0Cao h\u1ed3ng s\u00e2m linh chi Pocheon H\u00e0n Qu\u1ed1c\u00a0s\u1edf h\u1eefu h\u00e0m l\u01b0\u1ee3ng tinh ch\u1ea5t h\u1ed3ng s\u00e2m 6 n\u0103m tu\u1ed5i c\u00f4 \u0111\u1eb7c l\u00ean \u0111\u1ebfn 8% c\u00f9ng v\u1edbi chi\u1ebft xu\u1ea5t\u00a0n\u1ea5m linh chi\u00a0h\u1ea3o h\u1ea1ng n\u00ean mang \u0111\u1ebfn nh\u1eefng l\u1ee3i \u00edch tuy\u1ec7t v\u1eddi cho s\u1ee9c kh\u1ecfe con ng\u01b0\u1eddi, gi\u00fap b\u1ed3i b\u1ed5 c\u01a1 th\u1ec3, t\u0103ng c\u01b0\u1eddng s\u1ee9c \u0111\u1ec1 kh\u00e1ng, ng\u0103n ng\u1eeba s\u1ef1 l\u00e3o h\u00f3a v\u00e0 h\u1ed7 tr\u1ee3 ph\u00f2ng ng\u1eeba nhi\u1ec1u b\u1ec7nh tu\u1ed5i gi\u00e0.  \u2721\u00a0M\u1ed7i gi\u1ecdt cao \u0111\u01b0\u1ee3c n\u00e2ng niu t\u1eeb b\u00e0n tay \u0111i\u00eau luy\u1ec7n c\u1ee7a c\u00e1c chuy\u00ean gia, mang trong m\u00ecnh s\u1ee9 m\u1ec7nh b\u1ea3o v\u1ec7 v\u00e0 n\u00e2ng cao s\u1ee9c kh\u1ecfe c\u1ee7a ng\u01b0\u1eddi s\u1eed d\u1ee5ng. \u0110\u00e2y l\u00e0 s\u1ea3n ph\u1ea9m th\u00edch h\u1ee3p cho m\u1ecdi \u0111\u1ed1i t\u01b0\u1ee3ng s\u1eed d\u1ee5ng. S\u1ea3n ph\u1ea9m c\u00f3 h\u1ed9p \u0111\u1eb9p, m\u1eabu m\u00e3 sang tr\u1ecdng, r\u1ea5t th\u00edch h\u1ee3p l\u00e0m qu\u00e0 bi\u1ebfu t\u1eb7ng\" \/>\n<meta property=\"og:url\" content=\"https:\/\/thietbitmg.com\/demo\/samminhthinh\/cao-hong-sam-linh-chi-pocheon-han-quoc\/\" \/>\n<meta property=\"og:site_name\" content=\"S\u00c2M MINH TH\u1ecaNH\" \/>\n<meta property=\"og:image\" content=\"https:\/\/thietbitmg.com\/demo\/samminhthinh\/wp-content\/uploads\/2022\/03\/cao-hong-sam-linh-chi-pocheon-han-quoc_thumb.png\" \/>\n\t<meta property=\"og:image:width\" content=\"250\" \/>\n\t<meta property=\"og:image:height\" content=\"164\" \/>\n<meta name=\"twitter:card\" content=\"summary_large_image\" \/>\n<meta name=\"twitter:label1\" content=\"\u01af\u1edbc t\u00ednh th\u1eddi gian \u0111\u1ecdc\">\n\t<meta name=\"twitter:data1\" content=\"2 ph\u00fat\">\n<script type=\"application\/ld+json\" class=\"yoast-schema-graph\">{\"@context\":\"https:\/\/schema.org\",\"@graph\":[{\"@type\":\"WebSite\",\"@id\":\"https:\/\/thietbitmg.com\/demo\/samminhthinh\/#website\",\"url\":\"https:\/\/thietbitmg.com\/demo\/samminhthinh\/\",\"name\":\"S\\u00c2M MINH TH\\u1ecaNH\",\"description\":\"TRANG CH\\u1ee6\",\"potentialAction\":[{\"@type\":\"SearchAction\",\"target\":\"https:\/\/thietbitmg.com\/demo\/samminhthinh\/?s={search_term_string}\",\"query-input\":\"required name=search_term_string\"}],\"inLanguage\":\"vi\"},{\"@type\":\"ImageObject\",\"@id\":\"https:\/\/thietbitmg.com\/demo\/samminhthinh\/cao-hong-sam-linh-chi-pocheon-han-quoc\/#primaryimage\",\"inLanguage\":\"vi\",\"url\":\"https:\/\/thietbitmg.com\/demo\/samminhthinh\/wp-content\/uploads\/2022\/03\/cao-hong-sam-linh-chi-pocheon-han-quoc_thumb.png\",\"width\":250,\"height\":164},{\"@type\":\"WebPage\",\"@id\":\"https:\/\/thietbitmg.com\/demo\/samminhthinh\/cao-hong-sam-linh-chi-pocheon-han-quoc\/#webpage\",\"url\":\"https:\/\/thietbitmg.com\/demo\/samminhthinh\/cao-hong-sam-linh-chi-pocheon-han-quoc\/\",\"name\":\"Cao h\\u1ed3ng s\\u00e2m linh chi Pocheon H\\u00e0n Qu\\u1ed1c - S\\u00c2M MINH TH\\u1ecaNH\",\"isPartOf\":{\"@id\":\"https:\/\/thietbitmg.com\/demo\/samminhthinh\/#website\"},\"primaryImageOfPage\":{\"@id\":\"https:\/\/thietbitmg.com\/demo\/samminhthinh\/cao-hong-sam-linh-chi-pocheon-han-quoc\/#primaryimage\"},\"datePublished\":\"2022-03-01T01:59:46+00:00\",\"dateModified\":\"2022-03-01T01:59:46+00:00\",\"breadcrumb\":{\"@id\":\"https:\/\/thietbitmg.com\/demo\/samminhthinh\/cao-hong-sam-linh-chi-pocheon-han-quoc\/#breadcrumb\"},\"inLanguage\":\"vi\",\"potentialAction\":[{\"@type\":\"ReadAction\",\"target\":[\"https:\/\/thietbitmg.com\/demo\/samminhthinh\/cao-hong-sam-linh-chi-pocheon-han-quoc\/\"]}]},{\"@type\":\"BreadcrumbList\",\"@id\":\"https:\/\/thietbitmg.com\/demo\/samminhthinh\/cao-hong-sam-linh-chi-pocheon-han-quoc\/#breadcrumb\",\"itemListElement\":[{\"@type\":\"ListItem\",\"position\":1,\"item\":{\"@type\":\"WebPage\",\"@id\":\"https:\/\/thietbitmg.com\/demo\/samminhthinh\/\",\"url\":\"https:\/\/thietbitmg.com\/demo\/samminhthinh\/\",\"name\":\"Home\"}},{\"@type\":\"ListItem\",\"position\":2,\"item\":{\"@type\":\"WebPage\",\"@id\":\"https:\/\/thietbitmg.com\/demo\/samminhthinh\/shop\/\",\"url\":\"https:\/\/thietbitmg.com\/demo\/samminhthinh\/shop\/\",\"name\":\"Shop\"}},{\"@type\":\"ListItem\",\"position\":3,\"item\":{\"@type\":\"WebPage\",\"@id\":\"https:\/\/thietbitmg.com\/demo\/samminhthinh\/cao-hong-sam-linh-chi-pocheon-han-quoc\/\",\"url\":\"https:\/\/thietbitmg.com\/demo\/samminhthinh\/cao-hong-sam-linh-chi-pocheon-han-quoc\/\",\"name\":\"Cao h\\u1ed3ng s\\u00e2m linh chi Pocheon H\\u00e0n Qu\\u1ed1c\"}}]}]}<\/script>\n<!-- \/ Yoast SEO Premium plugin. -->","_links":{"self":[{"href":"https:\/\/thietbitmg.com\/demo\/samminhthinh\/wp-json\/wp\/v2\/product\/3687"}],"collection":[{"href":"https:\/\/thietbitmg.com\/demo\/samminhthinh\/wp-json\/wp\/v2\/product"}],"about":[{"href":"https:\/\/thietbitmg.com\/demo\/samminhthinh\/wp-json\/wp\/v2\/types\/product"}],"replies":[{"embeddable":true,"href":"https:\/\/thietbitmg.com\/demo\/samminhthinh\/wp-json\/wp\/v2\/comments?post=3687"}],"wp:featuredmedia":[{"embeddable":true,"href":"https:\/\/thietbitmg.com\/demo\/samminhthinh\/wp-json\/wp\/v2\/media\/3688"}],"wp:attachment":[{"href":"https:\/\/thietbitmg.com\/demo\/samminhthinh\/wp-json\/wp\/v2\/media?parent=3687"}],"curies":[{"name":"wp","href":"https:\/\/api.w.org\/{rel}","templated":true}]}}