{"id":3695,"date":"2022-03-01T02:05:37","date_gmt":"2022-03-01T02:05:37","guid":{"rendered":"https:\/\/samminhthinh.com\/?post_type=product&#038;p=3695"},"modified":"2022-03-01T02:05:37","modified_gmt":"2022-03-01T02:05:37","slug":"tinh-chat-dong-trung-ha-thao-kanghwa-han-quoc","status":"publish","type":"product","link":"https:\/\/thietbitmg.com\/demo\/samminhthinh\/tinh-chat-dong-trung-ha-thao-kanghwa-han-quoc\/","title":{"rendered":"Tinh ch\u1ea5t \u0111\u00f4ng tr\u00f9ng h\u1ea1 th\u1ea3o KANGHWA H\u00e0n Qu\u1ed1c"},"content":{"rendered":"<p>\u2742\u00a0<strong>Tinh ch\u1ea5t \u0111\u00f4ng tr\u00f9ng h\u1ea1 th\u1ea3o cao c\u1ea5p b\u1ed5 d\u01b0\u1ee3c t\u0103ng l\u1ef1c KANGHWA H\u00e0n Qu\u1ed1c\u00a0<\/strong>h\u1ed9p 60 \u1ed1ng x 20ml c\u00f3 chi\u1ebft xu\u1ea5t t\u1eeb c\u00e1c lo\u1ea1i th\u1ea3o d\u01b0\u1ee3c qu\u00fd hi\u1ebfm xu\u1ea5t x\u1ee9 t\u1eeb H\u00e0n Qu\u1ed1c. \u0110\u00e2y l\u00e0 s\u1ea3n ph\u1ea9m cao c\u1ea5p d\u00f9ng \u0111\u1ec3 b\u1ed3i b\u1ed5 s\u1ee9c kh\u1ecfe c\u1ef1c k\u1ef3 hi\u1ec7u qu\u1ea3 d\u00f9ng t\u1ed1t nh\u1ea5t cho ng\u01b0\u1eddi m\u1edbi \u1ed1m d\u1eady, ng\u01b0\u1eddi gi\u00e0. V\u00e0 \u0111\u1eb7c bi\u1ec7t c\u00f2n l\u00e0 gi\u1ea3i ph\u00e1p h\u1ed7 tr\u1ee3 cho nh\u1eefng qu\u00fd \u00f4ng b\u1ecb suy nh\u01b0\u1ee3c, c\u0103ng th\u1eb3ng, m\u1ec7t m\u1ecfi, y\u1ebfu sin.h l\u00fd,\u2026 B\u1ed5 d\u01b0\u1ee3c t\u0103ng l\u1ef1c s\u1ebd gi\u00fap qu\u00fd \u00f4ng t\u1ef1 tin l\u1ea5y l\u1ea1i phong \u0111\u1ed9, l\u00e0m ch\u1ee7 h\u1ea1nh ph\u00fac gia \u0111\u00ecnh hi\u1ec7u qu\u1ea3 nh\u1ea5t.<\/p>\n<p style=\"font-weight: 400;\">\u2742 <b>C\u00f4ng d\u1ee5ng tinh ch\u1ea5t \u0111\u00f4ng tr\u00f9ng h\u1ea1 th\u1ea3o cao c\u1ea5p b\u1ed5 d\u01b0\u1ee3c t\u0103ng l\u1ef1c KANGHWA H\u00e0n Qu\u1ed1c :<\/b><\/p>\n<p style=\"font-weight: 400;\">\u2714 B\u1ed3i b\u1ed5 s\u1ee9c kh\u1ecfe, l\u00e0m gi\u1ea3m qu\u00e1 tr\u00ecnh l\u00e3o h\u00f3a c\u01a1 th\u1ec3, b\u1ea3o v\u1ec7 gan, \u0111\u1eb7c bi\u1ec7t h\u1ed7 tr\u1ee3 t\u0103ng c\u01b0\u1eddng kh\u1ea3 n\u0103ng sin.h l\u00fd.<\/p>\n<p style=\"font-weight: 400;\">\u2714 H\u1ed7 tr\u1ee3 t\u0103ng c\u01b0\u1eddng s\u1ee9c \u0111\u1ec1 kh\u00e1ng, gi\u1ea3m m\u1ec7t m\u1ecfi.<\/p>\n<p style=\"font-weight: 400;\">\u2714 H\u1ed7 tr\u1ee3 ng\u0103n ng\u1eeba c\u00e1c ch\u1ee9ng b\u1ec7nh v\u1ec1 h\u00f4 h\u1ea5p nh\u01b0 hen ph\u1ebf qu\u1ea3n, vi\u00eam ph\u1ebf qu\u1ea3n, vi\u00eam ph\u1ed5i, lao ph\u1ed5i v\u00e0 c\u00e1c b\u1ec7nh v\u1ec1 ph\u1ed5i.<\/p>\n<p style=\"font-weight: 400;\">\u2714 H\u1ed7 tr\u1ee3 b\u1ed3i b\u1ed5 c\u01a1 th\u1ec3, t\u0103ng c\u01b0\u1eddng s\u1ee9c \u0111\u1ec1 kh\u00e1ng, c\u01a1 th\u1ec3 b\u1ecb suy ki\u1ec7t. \u0110\u1eb7c bi\u1ec7t t\u1ed1t cho ng\u01b0\u1eddi sau khi gh\u00e9p t\u1ea1ng, sau ph\u1eabu thu\u1eadt, ch\u1ea1y t ia x\u1ea1, h\u00f3.a tr\u1ecb li\u1ec7u, ng\u01b0\u1eddi hay d\u1ecb \u1ee9ng do th\u1eddi ti\u1ebft.<\/p>\n<p style=\"font-weight: 400;\">\u2714 H\u1ed7 tr\u1ee3 l\u00e0m gi\u1ea3m m\u1ee1 trong m\u00e1u v\u00e0 ch\u1ed1ng x\u01a1 v\u1eefa \u0111\u1ed9ng m\u1ea1ch, c\u00f3 t\u00e1c d\u1ee5ng h\u1ed7 tr\u1ee3 v\u1edbi b\u1ec7nh huy\u1ebft \u00e1p cao , th\u1ea5p, t\u1eafc ngh\u1ebdn m\u1ea1ch m\u00e1u n\u00e3o.<\/p>\n<p style=\"font-weight: 400;\">\u2714 H\u1ed7 tr\u1ee3 l\u00e0m ch\u1eadm qu\u00e1 tr\u00ecnh l\u00e3o h\u00f3a c\u1ee7a c\u01a1 th\u1ec3. Ch\u1eadm th\u1eddi k\u1ef3 ti\u1ec1n m\u00e3n kinh \u0111\u1ed1i v\u1edbi ph\u1ee5 n\u1eef, k\u00e9o d\u00e0i tu\u1ed5i xu\u00e2n.<\/p>\n<p style=\"font-weight: 400;\">\u2714 \u0110\u1eb7c bi\u1ec7t \u0111\u1ed1i v\u1edbi ng\u01b0\u1eddi vi\u00eam th\u1eadn m\u00e3n t\u00ednh, suy th\u1eadn, hen ph\u1ebf qu\u1ea3n, b\u1ec7nh v\u1ec1 \u0111\u01b0\u1eddng.<\/p>\n<p style=\"font-weight: 400;\">\u2714 C\u00f3 t\u00e1c d\u1ee5ng b\u1ea3o v\u1ec7 gan, h\u1ed7 tr\u1ee3 \u0111i\u1ec1u tr\u1ecb vi\u00eam gan c\u1ea5p, m\u00e3n t\u00ednh, x\u01a1 gan, gan nhi\u1ec5m m\u1ee1, h\u1ed7 tr\u1ee3 cho b\u1ec7nh d\u1ea1 d\u00e0y, \u0111\u01b0\u1eddng ru\u1ed9t.<br \/>\n\u2714 N\u01b0\u1edbc u\u1ed1ng b\u1ed5 d\u01b0\u1ee1ng \u0110\u00f4ng Tr\u00f9ng H\u1ea1 th\u1ea3o d\u1ea1ng \u1ed1ng \u0111\u1eb7c bi\u1ec7t th\u00edch h\u1ee3p v\u1edbi c\u00e1c v\u1eadn \u0111\u1ed9ng vi\u00ean ph\u1ea3i ti\u00eau hao n\u0103ng l\u01b0\u1ee3ng c\u01a1 th\u1ec3 l\u1edbn do c\u01b0\u1eddng \u0111\u1ed9 l\u00e0m vi\u1ec7c cao v\u00e0 li\u00ean t\u1ee5c nh\u01b0 b\u00f3ng \u0111\u00e1, b\u01a1i l\u1ed9i, \u0111i\u1ec1n kinh.<\/p>\n<p>&nbsp;<\/p>\n","protected":false},"excerpt":{"rendered":"<p dir=\"ltr\">\u2721\u00a0<strong>Tinh ch\u1ea5t \u0111\u00f4ng tr\u00f9ng h\u1ea1 th\u1ea3o cao c\u1ea5p b\u1ed5 d\u01b0\u1ee3c t\u0103ng l\u1ef1c KANGHWA H\u00e0n Qu\u1ed1c<\/strong>\u00a0(N\u01b0\u1edbc \u0111\u00f4ng tr\u00f9ng h\u1ea1 th\u1ea3o t\u0103ng c\u01b0\u1eddng sin.h l\u00fd ph\u00e1i m\u1ea1nh), h\u1ed9p 60 \u1ed1ng x 20ml l\u00e0 h\u1ed7n h\u1ee3p chi\u1ebft xu\u1ea5t t\u1eeb c\u00e1c lo\u1ea1i th\u1ea3o d\u01b0\u1ee3c qu\u00fd hi\u1ebfm xu\u1ea5t x\u1ee9 t\u1eeb H\u00e0n Qu\u1ed1c.<\/p>\n<p dir=\"ltr\">\u2721\u00a0\u0110\u00e2y l\u00e0 s\u1ea3n ph\u1ea9m cao c\u1ea5p d\u00f9ng \u0111\u1ec3 b\u1ed3i b\u1ed5 s\u1ee9c kh\u1ecfe c\u1ef1c k\u1ef3 hi\u1ec7u qu\u1ea3 d\u00f9ng t\u1ed1t nh\u1ea5t cho ng\u01b0\u1eddi m\u1edbi \u1ed1m d\u1eady, ng\u01b0\u1eddi gi\u00e0. V\u00e0 \u0111\u1eb7c bi\u1ec7t c\u00f2n l\u00e0 gi\u1ea3i ph\u00e1p cho nh\u1eefng qu\u00fd \u00f4ng b\u1ecb suy nh\u01b0\u1ee3c, c\u0103ng th\u1eb3ng, m\u1ec7t m\u1ecfi, y\u1ebfu sinh l\u00fd,\u2026 B\u1ed5 d\u01b0\u1ee3c t\u0103ng l\u1ef1c s\u1ebd gi\u00fap qu\u00fd \u00f4ng t\u1ef1 tin l\u1ea5y l\u1ea1i phong \u0111\u1ed9, l\u00e0m ch\u1ee7 h\u1ea1nh ph\u00fac gia \u0111\u00ecnh hi\u1ec7u qu\u1ea3 nh\u1ea5t<\/p>\n","protected":false},"featured_media":3697,"comment_status":"open","ping_status":"closed","template":"","meta":[],"yoast_head":"<!-- This site is optimized with the Yoast SEO Premium plugin v15.9.1 - https:\/\/yoast.com\/wordpress\/plugins\/seo\/ -->\n<title>Tinh ch\u1ea5t \u0111\u00f4ng tr\u00f9ng h\u1ea1 th\u1ea3o KANGHWA H\u00e0n Qu\u1ed1c - S\u00c2M MINH TH\u1ecaNH<\/title>\n<meta name=\"robots\" content=\"index, follow, max-snippet:-1, max-image-preview:large, max-video-preview:-1\" \/>\n<link rel=\"canonical\" href=\"https:\/\/thietbitmg.com\/demo\/samminhthinh\/tinh-chat-dong-trung-ha-thao-kanghwa-han-quoc\/\" \/>\n<meta property=\"og:locale\" content=\"vi_VN\" \/>\n<meta property=\"og:type\" content=\"article\" \/>\n<meta property=\"og:title\" content=\"Tinh ch\u1ea5t \u0111\u00f4ng tr\u00f9ng h\u1ea1 th\u1ea3o KANGHWA H\u00e0n Qu\u1ed1c - S\u00c2M MINH TH\u1ecaNH\" \/>\n<meta property=\"og:description\" content=\"\u2721\u00a0Tinh ch\u1ea5t \u0111\u00f4ng tr\u00f9ng h\u1ea1 th\u1ea3o cao c\u1ea5p b\u1ed5 d\u01b0\u1ee3c t\u0103ng l\u1ef1c KANGHWA H\u00e0n Qu\u1ed1c\u00a0(N\u01b0\u1edbc \u0111\u00f4ng tr\u00f9ng h\u1ea1 th\u1ea3o t\u0103ng c\u01b0\u1eddng sin.h l\u00fd ph\u00e1i m\u1ea1nh), h\u1ed9p 60 \u1ed1ng x 20ml l\u00e0 h\u1ed7n h\u1ee3p chi\u1ebft xu\u1ea5t t\u1eeb c\u00e1c lo\u1ea1i th\u1ea3o d\u01b0\u1ee3c qu\u00fd hi\u1ebfm xu\u1ea5t x\u1ee9 t\u1eeb H\u00e0n Qu\u1ed1c. \u2721\u00a0\u0110\u00e2y l\u00e0 s\u1ea3n ph\u1ea9m cao c\u1ea5p d\u00f9ng \u0111\u1ec3 b\u1ed3i b\u1ed5 s\u1ee9c kh\u1ecfe c\u1ef1c k\u1ef3 hi\u1ec7u qu\u1ea3 d\u00f9ng t\u1ed1t nh\u1ea5t cho ng\u01b0\u1eddi m\u1edbi \u1ed1m d\u1eady, ng\u01b0\u1eddi gi\u00e0. V\u00e0 \u0111\u1eb7c bi\u1ec7t c\u00f2n l\u00e0 gi\u1ea3i ph\u00e1p cho nh\u1eefng qu\u00fd \u00f4ng b\u1ecb suy nh\u01b0\u1ee3c, c\u0103ng th\u1eb3ng, m\u1ec7t m\u1ecfi, y\u1ebfu sinh l\u00fd,\u2026 B\u1ed5 d\u01b0\u1ee3c t\u0103ng l\u1ef1c s\u1ebd gi\u00fap qu\u00fd \u00f4ng t\u1ef1 tin l\u1ea5y l\u1ea1i phong \u0111\u1ed9, l\u00e0m ch\u1ee7 h\u1ea1nh ph\u00fac gia \u0111\u00ecnh hi\u1ec7u qu\u1ea3 nh\u1ea5t\" \/>\n<meta property=\"og:url\" content=\"https:\/\/thietbitmg.com\/demo\/samminhthinh\/tinh-chat-dong-trung-ha-thao-kanghwa-han-quoc\/\" \/>\n<meta property=\"og:site_name\" content=\"S\u00c2M MINH TH\u1ecaNH\" \/>\n<meta property=\"og:image\" content=\"https:\/\/thietbitmg.com\/demo\/samminhthinh\/wp-content\/uploads\/2022\/03\/tinh-chat-dong-trung-ha-thao-cao-cap-bo-duoc-tang-luc-kanghwa-han-quoc_thumb.jpg\" \/>\n\t<meta property=\"og:image:width\" content=\"250\" \/>\n\t<meta property=\"og:image:height\" content=\"164\" \/>\n<meta name=\"twitter:card\" content=\"summary_large_image\" \/>\n<meta name=\"twitter:label1\" content=\"\u01af\u1edbc t\u00ednh th\u1eddi gian \u0111\u1ecdc\">\n\t<meta name=\"twitter:data1\" content=\"3 ph\u00fat\">\n<script type=\"application\/ld+json\" class=\"yoast-schema-graph\">{\"@context\":\"https:\/\/schema.org\",\"@graph\":[{\"@type\":\"WebSite\",\"@id\":\"https:\/\/thietbitmg.com\/demo\/samminhthinh\/#website\",\"url\":\"https:\/\/thietbitmg.com\/demo\/samminhthinh\/\",\"name\":\"S\\u00c2M MINH TH\\u1ecaNH\",\"description\":\"TRANG CH\\u1ee6\",\"potentialAction\":[{\"@type\":\"SearchAction\",\"target\":\"https:\/\/thietbitmg.com\/demo\/samminhthinh\/?s={search_term_string}\",\"query-input\":\"required name=search_term_string\"}],\"inLanguage\":\"vi\"},{\"@type\":\"ImageObject\",\"@id\":\"https:\/\/thietbitmg.com\/demo\/samminhthinh\/tinh-chat-dong-trung-ha-thao-kanghwa-han-quoc\/#primaryimage\",\"inLanguage\":\"vi\",\"url\":\"https:\/\/thietbitmg.com\/demo\/samminhthinh\/wp-content\/uploads\/2022\/03\/tinh-chat-dong-trung-ha-thao-cao-cap-bo-duoc-tang-luc-kanghwa-han-quoc_thumb.jpg\",\"width\":250,\"height\":164},{\"@type\":\"WebPage\",\"@id\":\"https:\/\/thietbitmg.com\/demo\/samminhthinh\/tinh-chat-dong-trung-ha-thao-kanghwa-han-quoc\/#webpage\",\"url\":\"https:\/\/thietbitmg.com\/demo\/samminhthinh\/tinh-chat-dong-trung-ha-thao-kanghwa-han-quoc\/\",\"name\":\"Tinh ch\\u1ea5t \\u0111\\u00f4ng tr\\u00f9ng h\\u1ea1 th\\u1ea3o KANGHWA H\\u00e0n Qu\\u1ed1c - S\\u00c2M MINH TH\\u1ecaNH\",\"isPartOf\":{\"@id\":\"https:\/\/thietbitmg.com\/demo\/samminhthinh\/#website\"},\"primaryImageOfPage\":{\"@id\":\"https:\/\/thietbitmg.com\/demo\/samminhthinh\/tinh-chat-dong-trung-ha-thao-kanghwa-han-quoc\/#primaryimage\"},\"datePublished\":\"2022-03-01T02:05:37+00:00\",\"dateModified\":\"2022-03-01T02:05:37+00:00\",\"breadcrumb\":{\"@id\":\"https:\/\/thietbitmg.com\/demo\/samminhthinh\/tinh-chat-dong-trung-ha-thao-kanghwa-han-quoc\/#breadcrumb\"},\"inLanguage\":\"vi\",\"potentialAction\":[{\"@type\":\"ReadAction\",\"target\":[\"https:\/\/thietbitmg.com\/demo\/samminhthinh\/tinh-chat-dong-trung-ha-thao-kanghwa-han-quoc\/\"]}]},{\"@type\":\"BreadcrumbList\",\"@id\":\"https:\/\/thietbitmg.com\/demo\/samminhthinh\/tinh-chat-dong-trung-ha-thao-kanghwa-han-quoc\/#breadcrumb\",\"itemListElement\":[{\"@type\":\"ListItem\",\"position\":1,\"item\":{\"@type\":\"WebPage\",\"@id\":\"https:\/\/thietbitmg.com\/demo\/samminhthinh\/\",\"url\":\"https:\/\/thietbitmg.com\/demo\/samminhthinh\/\",\"name\":\"Home\"}},{\"@type\":\"ListItem\",\"position\":2,\"item\":{\"@type\":\"WebPage\",\"@id\":\"https:\/\/thietbitmg.com\/demo\/samminhthinh\/shop\/\",\"url\":\"https:\/\/thietbitmg.com\/demo\/samminhthinh\/shop\/\",\"name\":\"Shop\"}},{\"@type\":\"ListItem\",\"position\":3,\"item\":{\"@type\":\"WebPage\",\"@id\":\"https:\/\/thietbitmg.com\/demo\/samminhthinh\/tinh-chat-dong-trung-ha-thao-kanghwa-han-quoc\/\",\"url\":\"https:\/\/thietbitmg.com\/demo\/samminhthinh\/tinh-chat-dong-trung-ha-thao-kanghwa-han-quoc\/\",\"name\":\"Tinh ch\\u1ea5t \\u0111\\u00f4ng tr\\u00f9ng h\\u1ea1 th\\u1ea3o KANGHWA H\\u00e0n Qu\\u1ed1c\"}}]}]}<\/script>\n<!-- \/ Yoast SEO Premium plugin. -->","_links":{"self":[{"href":"https:\/\/thietbitmg.com\/demo\/samminhthinh\/wp-json\/wp\/v2\/product\/3695"}],"collection":[{"href":"https:\/\/thietbitmg.com\/demo\/samminhthinh\/wp-json\/wp\/v2\/product"}],"about":[{"href":"https:\/\/thietbitmg.com\/demo\/samminhthinh\/wp-json\/wp\/v2\/types\/product"}],"replies":[{"embeddable":true,"href":"https:\/\/thietbitmg.com\/demo\/samminhthinh\/wp-json\/wp\/v2\/comments?post=3695"}],"wp:featuredmedia":[{"embeddable":true,"href":"https:\/\/thietbitmg.com\/demo\/samminhthinh\/wp-json\/wp\/v2\/media\/3697"}],"wp:attachment":[{"href":"https:\/\/thietbitmg.com\/demo\/samminhthinh\/wp-json\/wp\/v2\/media?parent=3695"}],"curies":[{"name":"wp","href":"https:\/\/api.w.org\/{rel}","templated":true}]}}