{"id":3698,"date":"2022-03-01T02:06:41","date_gmt":"2022-03-01T02:06:41","guid":{"rendered":"https:\/\/samminhthinh.com\/?post_type=product&#038;p=3698"},"modified":"2022-03-01T02:06:41","modified_gmt":"2022-03-01T02:06:41","slug":"nuoc-dong-trung-ha-thao-nhan-sam-hop-30-goi","status":"publish","type":"product","link":"https:\/\/thietbitmg.com\/demo\/samminhthinh\/nuoc-dong-trung-ha-thao-nhan-sam-hop-30-goi\/","title":{"rendered":"N\u01b0\u1edbc \u0111\u00f4ng tr\u00f9ng h\u1ea1 th\u1ea3o nh\u00e2n s\u00e2m h\u1ed9p 30&hellip;"},"content":{"rendered":"<p>\u27a2\u00a0<strong>\u0110\u00f4ng tr\u00f9ng h\u1ea1 th\u1ea3o s\u00e2m n\u00fai<\/strong>\u00a0l\u00e0 s\u1ea3n ph\u1ea9m qu\u00fd c\u00f3 t\u00e1c d\u1ee5ng\u00a0h\u1ed7 tr\u1ee3\u00a0\u00a0ch\u1ed1ng l\u1ea1i c\u00e1c t\u00e1c h\u1ea1i x\u1ea5u c\u1ee7a c\u00e1c t\u00e2n d\u01b0\u1ee3c \u0111\u1ed1i v\u1edbi th\u1eadn, h\u1ed7 tr\u1ee3 ch\u1ed1ng l\u1ea1i s\u1ef1 suy tho\u00e1i th\u1eadn, l\u00e0m h\u1ea1 huy\u1ebft \u00e1p c\u1ee7a nh\u1eefng ng\u01b0\u1eddi cao huy\u1ebft \u00e1p, n\u00e2ng cao s\u1ee9c \u0111\u1ec1 kh\u00e1ng v\u00e0\u00a0h\u1ed7 tr\u1ee3\u00a0\u00a0t\u0103ng kh\u1ea3 n\u0103ng ham mu\u1ed1n t\u00ecnh d\u1ee5c.<\/p>\n<p>\u27a2\u00a0Nghi\u00ean c\u1ee9u c\u1ed5 truy\u1ec1n c\u0169ng nh\u01b0 c\u00e1c th\u1ef1c nghi\u1ec7m hi\u1ec7n \u0111\u1ea1i \u0111\u1ec1u x\u00e1c \u0111\u1ecbnh \u0110\u00f4ng tr\u00f9ng h\u1ea1 th\u1ea3o h\u1ea7u nh\u01b0 kh\u00f4ng c\u00f3 t\u00e1c d\u1ee5ng ph\u1ee5 \u0111\u1ed1i v\u1edbi c\u01a1 th\u1ec3 ng\u01b0\u1eddi. Chi\u1ebft xu\u1ea5t S\u00e2m N\u00fai \u2013 \u0110\u00f4ng tr\u00f9ng h\u1ea1 th\u1ea3o H\u00e0n Qu\u1ed1c l\u00e0 d\u01b0\u1ee3c th\u1ea3o qu\u00fd nh\u1ea5t hi\u1ec7n nay. Qu\u00e1 tr\u00ecnh l\u00e3o h\u00f3a c\u01a1 th\u1ec3 di\u1ec5n ra nhanh ch\u00f3ng khi\u1ebfn b\u1ea1n lo l\u1eafng tr\u01b0\u1edbc s\u1ef1 nh\u1eefng thay \u0111\u1ed5i c\u1ee7a ch\u1ee9c n\u0103ng sinh l\u00fd v\u00e0 h\u00f3a h\u1ecdc.<\/p>\n<p>\u27a2\u00a0\u0110\u00f4ng tr\u00f9ng h\u1ea1 th\u1ea3o s\u00e2m n\u00fai l\u00e0 lo\u1ea1i th\u01b0\u1ee3ng th\u1ea3o d\u01b0\u1ee3c \u0111\u00e3 qu\u00e1 n\u1ed5i ti\u1ebfng trong \u0110\u00f4ng Y v\u00e0 t\u1ea1i c\u00e1c n\u01b0\u1edbc ph\u01b0\u01a1ng \u0110\u00f4ng c\u00f3 t\u00e1c d\u1ee5ng\u00a0h\u1ed7 tr\u1ee3\u00a0\u0111\u1ea9y l\u00f9i l\u00e0m gi\u1ea3m qu\u00e1 tr\u00ecnh l\u00e3o h\u00f3a r\u1ea5t t\u1ed1t. \u0110\u00f4ng tr\u00f9ng h\u1ea1 th\u1ea3o c\u0169ng nh\u1eadn \u0111\u01b0\u1ee3c s\u1ef1 quan t\u00e2m \u0111\u1eb7c bi\u1ec7t t\u1eeb ph\u00eda c\u00e1c n\u01b0\u1edbc ph\u01b0\u01a1ng T\u00e2y v\u00e0 M\u1ef9. Tr\u00ean th\u1ebf gi\u1edbi \u0111\u00e3 c\u00f3 h\u00e0ng ng\u00e0n nghi\u00ean c\u1ee9u ch\u00ednh th\u1ee9c v\u1ec1 \u0111\u00f4ng tr\u00f9ng h\u1ea1 th\u1ea3o v\u00e0 \u0111\u00e3 x\u00e1c nh\u1eadn nhi\u1ec1u t\u00e1c d\u1ee5ng c\u1ee7a \u0111\u00f4ng tr\u00f9ng h\u1ea1 th\u1ea3o l\u00e0 h\u1eefu hi\u1ec7u. \u0110\u00f4ng tr\u00f9ng h\u1ea1 th\u1ea3o s\u00e2m n\u00fai l\u00e0 s\u1ea3n ph\u1ea9m n\u01b0\u1edbc u\u1ed1ng k\u1ebft tinh c\u1ee7a c\u00f4ng ngh\u1ec7 hi\u1ec7n \u0111\u1ea1i v\u1edbi chi\u1ebft xu\u1ea5t t\u1eeb \u0111\u00f4ng tr\u00f9ng h\u1ea1 th\u1ea3o thi\u00ean nhi\u00ean c\u00f3 t\u00e1c d\u1ee5ng nh\u01b0 m\u1ed9t lo\u1ea1i thu\u1ed1c ch\u1eefa \u0111\u01b0\u1ee3c r\u1ea5t nhi\u1ec1u b\u1ec7nh.<\/p>\n","protected":false},"excerpt":{"rendered":"<p>\u2721\u00a0<strong>N\u01b0\u1edbc \u0111\u00f4ng tr\u00f9ng h\u1ea1 th\u1ea3o nh\u00e2n s\u00e2m h\u1ed9p 30 g\u00f3i<\/strong>\u00a0l\u00e0 s\u1ea3n ph\u1ea9m cao c\u1ea5p \u0111\u01b0\u1ee3c s\u1ea3n xu\u1ea5t d\u01b0\u1edbi c\u00f4ng ngh\u1ec7 hi\u1ec7n \u0111\u1ea1i H\u00e0n Qu\u1ed1c. \u0110\u01b0\u1ee3c b\u1ed5 sung th\u00eam th\u00e0nh ph\u1ea7n H\u1ed3ng S\u00e2m H\u00e0n Qu\u1ed1c, s\u1ea3n ph\u1ea9m m\u1edbi c\u00f3 th\u00eam nhi\u1ec1u c\u00f4ng d\u1ee5ng qu\u00fd, nh\u01b0 b\u1ed3i b\u1ed5 s\u1ee9c kh\u1ecfe, t\u0103ng c\u01b0\u1eddng h\u1ec7 th\u1ed1ng mi\u1ec5n d\u1ecbch cho nh\u1eefng ng\u01b0\u1eddi s\u1ee9c kh\u1ecfe k\u00e9m, h\u1ed7 tr\u1ee3 cho nam gi\u1edbi<\/p>\n<p>\u2721\u00a0L\u00e0 s\u1ef1 k\u1ebft h\u1ee3p gi\u1eefa 2 d\u01b0\u1ee3c li\u1ec7u qu\u00fd nh\u00e2n s\u00e2m v\u00e0 \u0111\u00f4ng tr\u00f9ng h\u1ea1 th\u1ea3o n\u00ean s\u1ea3n ph\u1ea9m c\u00f3 t\u00e1c d\u1ee5ng hi\u1ec7p \u0111\u1ed3ng, n\u00e2ng cao hi\u1ec7u qu\u1ea3 khi s\u1eed d\u1ee5ng, r\u1ea5t ph\u00f9 h\u1ee3p v\u1edbi nam\u00a0b\u1ecb y\u1ebfu, ng\u01b0\u1eddi k\u00e9m \u0103n m\u1ea5t ng\u1ee7, c\u01a1 th\u1ec3 suy nh\u01b0\u1ee3c, s\u1ee9c kh\u1ecfe k\u00e9m hay \u0111ang \u0111i\u1ec1u tr\u1ecb b\u1ec7nh.<\/p>\n<p>\u2721\u00a0S\u1ea3n ph\u1ea9m c\u00f3 t\u00fai x\u00e1ch \u0111\u1eb9p v\u00e0 ch\u1ea5t l\u01b0\u1ee3ng cao n\u00ean \u0111\u01b0\u1ee3c ch\u1ecdn l\u00e0m qu\u00e0 t\u1eb7ng s\u1ee9c kh\u1ecfe cao c\u1ea5p, t\u1eb7ng b\u1ed1 m\u1eb9, t\u1eb7ng \u00f4ng b\u00e0, \u0111\u1ed1i t\u00e1c kh\u00e1ch h\u00e0ng, t\u1eb7ng s\u1ebfp.<\/p>\n","protected":false},"featured_media":3699,"comment_status":"open","ping_status":"closed","template":"","meta":[],"yoast_head":"<!-- This site is optimized with the Yoast SEO Premium plugin v15.9.1 - https:\/\/yoast.com\/wordpress\/plugins\/seo\/ -->\n<title>N\u01b0\u1edbc \u0111\u00f4ng tr\u00f9ng h\u1ea1 th\u1ea3o nh\u00e2n s\u00e2m h\u1ed9p 30 g\u00f3i - S\u00c2M MINH TH\u1ecaNH<\/title>\n<meta name=\"robots\" content=\"index, follow, max-snippet:-1, max-image-preview:large, max-video-preview:-1\" \/>\n<link rel=\"canonical\" href=\"https:\/\/thietbitmg.com\/demo\/samminhthinh\/nuoc-dong-trung-ha-thao-nhan-sam-hop-30-goi\/\" \/>\n<meta property=\"og:locale\" content=\"vi_VN\" \/>\n<meta property=\"og:type\" content=\"article\" \/>\n<meta property=\"og:title\" content=\"N\u01b0\u1edbc \u0111\u00f4ng tr\u00f9ng h\u1ea1 th\u1ea3o nh\u00e2n s\u00e2m h\u1ed9p 30 g\u00f3i - S\u00c2M MINH TH\u1ecaNH\" \/>\n<meta property=\"og:description\" content=\"\u2721\u00a0N\u01b0\u1edbc \u0111\u00f4ng tr\u00f9ng h\u1ea1 th\u1ea3o nh\u00e2n s\u00e2m h\u1ed9p 30 g\u00f3i\u00a0l\u00e0 s\u1ea3n ph\u1ea9m cao c\u1ea5p \u0111\u01b0\u1ee3c s\u1ea3n xu\u1ea5t d\u01b0\u1edbi c\u00f4ng ngh\u1ec7 hi\u1ec7n \u0111\u1ea1i H\u00e0n Qu\u1ed1c. \u0110\u01b0\u1ee3c b\u1ed5 sung th\u00eam th\u00e0nh ph\u1ea7n H\u1ed3ng S\u00e2m H\u00e0n Qu\u1ed1c, s\u1ea3n ph\u1ea9m m\u1edbi c\u00f3 th\u00eam nhi\u1ec1u c\u00f4ng d\u1ee5ng qu\u00fd, nh\u01b0 b\u1ed3i b\u1ed5 s\u1ee9c kh\u1ecfe, t\u0103ng c\u01b0\u1eddng h\u1ec7 th\u1ed1ng mi\u1ec5n d\u1ecbch cho nh\u1eefng ng\u01b0\u1eddi s\u1ee9c kh\u1ecfe k\u00e9m, h\u1ed7 tr\u1ee3 cho nam gi\u1edbi  \u2721\u00a0L\u00e0 s\u1ef1 k\u1ebft h\u1ee3p gi\u1eefa 2 d\u01b0\u1ee3c li\u1ec7u qu\u00fd nh\u00e2n s\u00e2m v\u00e0 \u0111\u00f4ng tr\u00f9ng h\u1ea1 th\u1ea3o n\u00ean s\u1ea3n ph\u1ea9m c\u00f3 t\u00e1c d\u1ee5ng hi\u1ec7p \u0111\u1ed3ng, n\u00e2ng cao hi\u1ec7u qu\u1ea3 khi s\u1eed d\u1ee5ng, r\u1ea5t ph\u00f9 h\u1ee3p v\u1edbi nam\u00a0b\u1ecb y\u1ebfu, ng\u01b0\u1eddi k\u00e9m \u0103n m\u1ea5t ng\u1ee7, c\u01a1 th\u1ec3 suy nh\u01b0\u1ee3c, s\u1ee9c kh\u1ecfe k\u00e9m hay \u0111ang \u0111i\u1ec1u tr\u1ecb b\u1ec7nh.  \u2721\u00a0S\u1ea3n ph\u1ea9m c\u00f3 t\u00fai x\u00e1ch \u0111\u1eb9p v\u00e0 ch\u1ea5t l\u01b0\u1ee3ng cao n\u00ean \u0111\u01b0\u1ee3c ch\u1ecdn l\u00e0m qu\u00e0 t\u1eb7ng s\u1ee9c kh\u1ecfe cao c\u1ea5p, t\u1eb7ng b\u1ed1 m\u1eb9, t\u1eb7ng \u00f4ng b\u00e0, \u0111\u1ed1i t\u00e1c kh\u00e1ch h\u00e0ng, t\u1eb7ng s\u1ebfp.\" \/>\n<meta property=\"og:url\" content=\"https:\/\/thietbitmg.com\/demo\/samminhthinh\/nuoc-dong-trung-ha-thao-nhan-sam-hop-30-goi\/\" \/>\n<meta property=\"og:site_name\" content=\"S\u00c2M MINH TH\u1ecaNH\" \/>\n<meta property=\"og:image\" content=\"https:\/\/thietbitmg.com\/demo\/samminhthinh\/wp-content\/uploads\/2022\/03\/nuoc-dong-trung-ha-thao-nhan-nham-hop-30-goi_thumb.jpg\" \/>\n\t<meta property=\"og:image:width\" content=\"250\" \/>\n\t<meta property=\"og:image:height\" content=\"164\" \/>\n<meta name=\"twitter:card\" content=\"summary_large_image\" \/>\n<meta name=\"twitter:label1\" content=\"\u01af\u1edbc t\u00ednh th\u1eddi gian \u0111\u1ecdc\">\n\t<meta name=\"twitter:data1\" content=\"2 ph\u00fat\">\n<script type=\"application\/ld+json\" class=\"yoast-schema-graph\">{\"@context\":\"https:\/\/schema.org\",\"@graph\":[{\"@type\":\"WebSite\",\"@id\":\"https:\/\/thietbitmg.com\/demo\/samminhthinh\/#website\",\"url\":\"https:\/\/thietbitmg.com\/demo\/samminhthinh\/\",\"name\":\"S\\u00c2M MINH TH\\u1ecaNH\",\"description\":\"TRANG CH\\u1ee6\",\"potentialAction\":[{\"@type\":\"SearchAction\",\"target\":\"https:\/\/thietbitmg.com\/demo\/samminhthinh\/?s={search_term_string}\",\"query-input\":\"required name=search_term_string\"}],\"inLanguage\":\"vi\"},{\"@type\":\"ImageObject\",\"@id\":\"https:\/\/thietbitmg.com\/demo\/samminhthinh\/nuoc-dong-trung-ha-thao-nhan-sam-hop-30-goi\/#primaryimage\",\"inLanguage\":\"vi\",\"url\":\"https:\/\/thietbitmg.com\/demo\/samminhthinh\/wp-content\/uploads\/2022\/03\/nuoc-dong-trung-ha-thao-nhan-nham-hop-30-goi_thumb.jpg\",\"width\":250,\"height\":164},{\"@type\":\"WebPage\",\"@id\":\"https:\/\/thietbitmg.com\/demo\/samminhthinh\/nuoc-dong-trung-ha-thao-nhan-sam-hop-30-goi\/#webpage\",\"url\":\"https:\/\/thietbitmg.com\/demo\/samminhthinh\/nuoc-dong-trung-ha-thao-nhan-sam-hop-30-goi\/\",\"name\":\"N\\u01b0\\u1edbc \\u0111\\u00f4ng tr\\u00f9ng h\\u1ea1 th\\u1ea3o nh\\u00e2n s\\u00e2m h\\u1ed9p 30 g\\u00f3i - S\\u00c2M MINH TH\\u1ecaNH\",\"isPartOf\":{\"@id\":\"https:\/\/thietbitmg.com\/demo\/samminhthinh\/#website\"},\"primaryImageOfPage\":{\"@id\":\"https:\/\/thietbitmg.com\/demo\/samminhthinh\/nuoc-dong-trung-ha-thao-nhan-sam-hop-30-goi\/#primaryimage\"},\"datePublished\":\"2022-03-01T02:06:41+00:00\",\"dateModified\":\"2022-03-01T02:06:41+00:00\",\"breadcrumb\":{\"@id\":\"https:\/\/thietbitmg.com\/demo\/samminhthinh\/nuoc-dong-trung-ha-thao-nhan-sam-hop-30-goi\/#breadcrumb\"},\"inLanguage\":\"vi\",\"potentialAction\":[{\"@type\":\"ReadAction\",\"target\":[\"https:\/\/thietbitmg.com\/demo\/samminhthinh\/nuoc-dong-trung-ha-thao-nhan-sam-hop-30-goi\/\"]}]},{\"@type\":\"BreadcrumbList\",\"@id\":\"https:\/\/thietbitmg.com\/demo\/samminhthinh\/nuoc-dong-trung-ha-thao-nhan-sam-hop-30-goi\/#breadcrumb\",\"itemListElement\":[{\"@type\":\"ListItem\",\"position\":1,\"item\":{\"@type\":\"WebPage\",\"@id\":\"https:\/\/thietbitmg.com\/demo\/samminhthinh\/\",\"url\":\"https:\/\/thietbitmg.com\/demo\/samminhthinh\/\",\"name\":\"Home\"}},{\"@type\":\"ListItem\",\"position\":2,\"item\":{\"@type\":\"WebPage\",\"@id\":\"https:\/\/thietbitmg.com\/demo\/samminhthinh\/shop\/\",\"url\":\"https:\/\/thietbitmg.com\/demo\/samminhthinh\/shop\/\",\"name\":\"Shop\"}},{\"@type\":\"ListItem\",\"position\":3,\"item\":{\"@type\":\"WebPage\",\"@id\":\"https:\/\/thietbitmg.com\/demo\/samminhthinh\/nuoc-dong-trung-ha-thao-nhan-sam-hop-30-goi\/\",\"url\":\"https:\/\/thietbitmg.com\/demo\/samminhthinh\/nuoc-dong-trung-ha-thao-nhan-sam-hop-30-goi\/\",\"name\":\"N\\u01b0\\u1edbc \\u0111\\u00f4ng tr\\u00f9ng h\\u1ea1 th\\u1ea3o nh\\u00e2n s\\u00e2m h\\u1ed9p 30 g\\u00f3i\"}}]}]}<\/script>\n<!-- \/ Yoast SEO Premium plugin. -->","_links":{"self":[{"href":"https:\/\/thietbitmg.com\/demo\/samminhthinh\/wp-json\/wp\/v2\/product\/3698"}],"collection":[{"href":"https:\/\/thietbitmg.com\/demo\/samminhthinh\/wp-json\/wp\/v2\/product"}],"about":[{"href":"https:\/\/thietbitmg.com\/demo\/samminhthinh\/wp-json\/wp\/v2\/types\/product"}],"replies":[{"embeddable":true,"href":"https:\/\/thietbitmg.com\/demo\/samminhthinh\/wp-json\/wp\/v2\/comments?post=3698"}],"wp:featuredmedia":[{"embeddable":true,"href":"https:\/\/thietbitmg.com\/demo\/samminhthinh\/wp-json\/wp\/v2\/media\/3699"}],"wp:attachment":[{"href":"https:\/\/thietbitmg.com\/demo\/samminhthinh\/wp-json\/wp\/v2\/media?parent=3698"}],"curies":[{"name":"wp","href":"https:\/\/api.w.org\/{rel}","templated":true}]}}