{"id":3709,"date":"2022-03-01T02:13:33","date_gmt":"2022-03-01T02:13:33","guid":{"rendered":"https:\/\/samminhthinh.com\/?post_type=product&#038;p=3709"},"modified":"2022-03-01T02:13:33","modified_gmt":"2022-03-01T02:13:33","slug":"vien-hong-sam-nhung-huou-linh-chi-120-vien","status":"publish","type":"product","link":"https:\/\/thietbitmg.com\/demo\/samminhthinh\/vien-hong-sam-nhung-huou-linh-chi-120-vien\/","title":{"rendered":"Vi\u00ean h\u1ed3ng s\u00e2m nhung h\u01b0\u01a1u linh chi 120 vi\u00ean"},"content":{"rendered":"<p style=\"font-weight: 400;\">\u27a2 Ng\u00e0y nay, cu\u1ed9c s\u1ed1ng ng\u00e0y c\u00e0ng ph\u00e1t tri\u1ec3n h\u01a1n, cu\u1ed1n con ng\u01b0\u1eddi v\u00e0o v\u00f2ng xo\u00e1y c\u1ee7a b\u1ed9n b\u1ec1 c\u00f4ng vi\u1ec7c, v\u1edbi v\u00f4 v\u00e0n l\u00fd do khi\u1ebfn s\u1ee9c kh\u1ecfe c\u1ee7a ch\u00fang ta ng\u00e0y c\u00e0ng b\u1ecb suy gi\u1ea3m, nguy c\u01a1 m\u1eafc b\u1ec7nh t\u1eadt c\u0169ng l\u00ean cao. Th\u1eddi gian d\u00e0nh cho c\u00f4ng vi\u1ec7c th\u00ec nhi\u1ec1u m\u00e0 \u0111\u1ec3 ch\u0103m s\u00f3c v\u00e0 b\u1ea3o v\u1ec7 s\u1ee9c kh\u1ecfe th\u00ec l\u1ea1i qu\u00e1 \u00edt. M\u1ed9t khi s\u1ee9c kh\u1ecfe b\u1ecb \u1ea3nh h\u01b0\u1edfng, c\u01a1 th\u1ec3 con ng\u01b0\u1eddi \u0111\u1ed1i di\u1ec7n v\u1edbi h\u00e0ng lo\u1ea1t c\u00e1c lo\u1ea1i b\u1ec7nh.<\/p>\n<p style=\"font-weight: 400;\">\u27a2 V\u00e0 khi \u0111\u00f3 b\u1ea1n nh\u1eadn s\u1ebd c\u1ea3m th\u1ea5y h\u1ed1i h\u1eadn v\u00ec kh\u00f4ng ch\u0103m s\u00f3c s\u1ee9c kh\u1ecfe m\u1ed9t c\u00e1ch t\u1ed1t nh\u1ea5t .V\u1eady n\u00ean d\u00f9 c\u00f3 nhi\u1ec1u hay \u00edt th\u1eddi gian b\u1ea1n c\u0169ng kh\u00f4ng \u0111\u01b0\u1ee3c b\u1ecf b\u00ea \u0111\u1ebfn s\u1ee9c kh\u1ecfe c\u1ee7a m\u00ecnh. Vi\u00ean h\u1ed3ng s\u00e2m nhung h\u01b0\u01a1u linh chi \u0111\u00f4ng tr\u00f9ng h\u1ea1 th\u1ea3o 120 vi\u00ean s\u1ebd l\u00e0 gi\u1ea3i ph\u00e1p t\u1ed1i \u01b0u, hi\u1ec7u qu\u1ea3 nh\u1ea5t cho m\u1ecdi \u0111\u1ed9 tu\u1ed5i trong vi\u1ec7c ch\u0103m s\u00f3c, c\u1ea3i thi\u1ec7n s\u1ee9c kh\u1ecfe, c\u0169ng nh\u01b0 ph\u00f2ng ng\u1eeba v\u00e0 h\u1ed7 tr\u1ee3 c\u1ea3i thi\u1ec7n c\u00e1c b\u1ec7nh.<\/p>\n<p style=\"font-weight: 400;\">\u27a2 <b>Vi\u00ean h\u1ed3ng s\u00e2m nhung h\u01b0\u01a1u linh chi \u0111\u00f4ng tr\u00f9ng h\u1ea1 th\u1ea3o 120 vi\u00ean<\/b> v\u1edbi th\u00e0nh ph\u1ea7n ch\u00ednh l\u00e0 t\u1eeb h\u1ed3ng s\u00e2m H\u00e0n Qu\u1ed1c, Vi\u00ean h\u1ed3ng s\u00e2m nhung h\u01b0\u01a1u linh chi \u0111\u00f4ng tr\u00f9ng h\u1ea1 th\u1ea3o 120 vi\u00ean mang l\u1ea1i hi\u1ec7u qu\u1ea3 b\u1ed3i b\u1ed5 s\u1ee9c kh\u1ecfe, h\u1ed7 tr\u1ee3 n\u00e2ng cao th\u1ec3 tr\u1ea1ng v\u00e0 h\u1ea1n ch\u1ebf m\u1ec7t m\u1ecfi cho c\u01a1 th\u1ec3. Ngo\u00e0i ra, s\u1ea3n ph\u1ea9m c\u00f2n gi\u00fap h\u1ed7 tr\u1ee3 \u1ed5n \u0111\u1ecbnh l\u01b0\u1ee3ng \u0111\u01b0\u1eddng trong m\u00e1u v\u00e0 \u1ed5n \u0111\u1ecbnh huy\u1ebft \u00e1p cho ng\u01b0\u1eddi huy\u1ebft \u00e1p cao.<\/p>\n","protected":false},"excerpt":{"rendered":"<p>\u2721\u00a0<strong>Vi\u00ean h\u1ed3ng s\u00e2m nhung h\u01b0\u01a1u linh chi \u0111\u00f4ng tr\u00f9ng h\u1ea1 th\u1ea3o 120 vi\u00ean<\/strong>\u00a0v\u1edbi th\u00e0nh ph\u1ea7n t\u1ed5ng h\u1ee3p t\u1eeb h\u1ed3ng s\u00e2m, nhung h\u01b0\u01a1u, \u0111\u00f4ng tr\u00f9ng h\u1ea1 th\u1ea3o v\u00e0 linh chi ti\u1ec7n l\u1ee3i s\u1eed d\u1ee5ng \u0111\u1ec3 b\u1ed3i b\u1ed5 s\u1ee9c kh\u1ecfe do c\u00f4ng ty Daedong Korea Ginseng s\u1ea3n xu\u1ea5t, ch\u1ee9a h\u00e0m l\u01b0\u1ee3ng h\u1ed3ng s\u00e2m l\u00ean \u0111\u1ebfn 20%.<\/p>\n<p>\u2721\u00a0S\u1ea3n ph\u1ea9m vi\u00ean h\u1ed3ng s\u00e2m cao c\u1ea5p ti\u1ec7n l\u1ee3i \u0111\u1ec3 d\u00f9ng cho b\u1ea3n th\u00e2n hay l\u00e0m qu\u00e0 bi\u1ebfu t\u1eb7ng ng\u01b0\u1eddi th\u00e2n, b\u1ea1n b\u00e8. S\u1ea3n ph\u1ea9m \u0111\u00f3ng vi\u00ean vi\u00ean m\u1ec1m kh\u00f4ng g\u00e2y v\u1ecb \u0111\u1eafng c\u1ee7a s\u00e2m khi s\u1eed d\u1ee5ng.<\/p>\n","protected":false},"featured_media":3710,"comment_status":"open","ping_status":"closed","template":"","meta":[],"yoast_head":"<!-- This site is optimized with the Yoast SEO Premium plugin v15.9.1 - https:\/\/yoast.com\/wordpress\/plugins\/seo\/ -->\n<title>Vi\u00ean h\u1ed3ng s\u00e2m nhung h\u01b0\u01a1u linh chi 120 vi\u00ean - S\u00c2M MINH TH\u1ecaNH<\/title>\n<meta name=\"robots\" content=\"index, follow, max-snippet:-1, max-image-preview:large, max-video-preview:-1\" \/>\n<link rel=\"canonical\" href=\"https:\/\/thietbitmg.com\/demo\/samminhthinh\/vien-hong-sam-nhung-huou-linh-chi-120-vien\/\" \/>\n<meta property=\"og:locale\" content=\"vi_VN\" \/>\n<meta property=\"og:type\" content=\"article\" \/>\n<meta property=\"og:title\" content=\"Vi\u00ean h\u1ed3ng s\u00e2m nhung h\u01b0\u01a1u linh chi 120 vi\u00ean - S\u00c2M MINH TH\u1ecaNH\" \/>\n<meta property=\"og:description\" content=\"\u2721\u00a0Vi\u00ean h\u1ed3ng s\u00e2m nhung h\u01b0\u01a1u linh chi \u0111\u00f4ng tr\u00f9ng h\u1ea1 th\u1ea3o 120 vi\u00ean\u00a0v\u1edbi th\u00e0nh ph\u1ea7n t\u1ed5ng h\u1ee3p t\u1eeb h\u1ed3ng s\u00e2m, nhung h\u01b0\u01a1u, \u0111\u00f4ng tr\u00f9ng h\u1ea1 th\u1ea3o v\u00e0 linh chi ti\u1ec7n l\u1ee3i s\u1eed d\u1ee5ng \u0111\u1ec3 b\u1ed3i b\u1ed5 s\u1ee9c kh\u1ecfe do c\u00f4ng ty Daedong Korea Ginseng s\u1ea3n xu\u1ea5t, ch\u1ee9a h\u00e0m l\u01b0\u1ee3ng h\u1ed3ng s\u00e2m l\u00ean \u0111\u1ebfn 20%.  \u2721\u00a0S\u1ea3n ph\u1ea9m vi\u00ean h\u1ed3ng s\u00e2m cao c\u1ea5p ti\u1ec7n l\u1ee3i \u0111\u1ec3 d\u00f9ng cho b\u1ea3n th\u00e2n hay l\u00e0m qu\u00e0 bi\u1ebfu t\u1eb7ng ng\u01b0\u1eddi th\u00e2n, b\u1ea1n b\u00e8. S\u1ea3n ph\u1ea9m \u0111\u00f3ng vi\u00ean vi\u00ean m\u1ec1m kh\u00f4ng g\u00e2y v\u1ecb \u0111\u1eafng c\u1ee7a s\u00e2m khi s\u1eed d\u1ee5ng.\" \/>\n<meta property=\"og:url\" content=\"https:\/\/thietbitmg.com\/demo\/samminhthinh\/vien-hong-sam-nhung-huou-linh-chi-120-vien\/\" \/>\n<meta property=\"og:site_name\" content=\"S\u00c2M MINH TH\u1ecaNH\" \/>\n<meta property=\"og:image\" content=\"https:\/\/thietbitmg.com\/demo\/samminhthinh\/wp-content\/uploads\/2022\/03\/vien-hong-sam-nhung-huou-linh-chi-dong-trung-ha-thao-120-vien_thumb.jpg\" \/>\n\t<meta property=\"og:image:width\" content=\"250\" \/>\n\t<meta property=\"og:image:height\" content=\"164\" \/>\n<meta name=\"twitter:card\" content=\"summary_large_image\" \/>\n<meta name=\"twitter:label1\" content=\"\u01af\u1edbc t\u00ednh th\u1eddi gian \u0111\u1ecdc\">\n\t<meta name=\"twitter:data1\" content=\"2 ph\u00fat\">\n<script type=\"application\/ld+json\" class=\"yoast-schema-graph\">{\"@context\":\"https:\/\/schema.org\",\"@graph\":[{\"@type\":\"WebSite\",\"@id\":\"https:\/\/thietbitmg.com\/demo\/samminhthinh\/#website\",\"url\":\"https:\/\/thietbitmg.com\/demo\/samminhthinh\/\",\"name\":\"S\\u00c2M MINH TH\\u1ecaNH\",\"description\":\"TRANG CH\\u1ee6\",\"potentialAction\":[{\"@type\":\"SearchAction\",\"target\":\"https:\/\/thietbitmg.com\/demo\/samminhthinh\/?s={search_term_string}\",\"query-input\":\"required name=search_term_string\"}],\"inLanguage\":\"vi\"},{\"@type\":\"ImageObject\",\"@id\":\"https:\/\/thietbitmg.com\/demo\/samminhthinh\/vien-hong-sam-nhung-huou-linh-chi-120-vien\/#primaryimage\",\"inLanguage\":\"vi\",\"url\":\"https:\/\/thietbitmg.com\/demo\/samminhthinh\/wp-content\/uploads\/2022\/03\/vien-hong-sam-nhung-huou-linh-chi-dong-trung-ha-thao-120-vien_thumb.jpg\",\"width\":250,\"height\":164},{\"@type\":\"WebPage\",\"@id\":\"https:\/\/thietbitmg.com\/demo\/samminhthinh\/vien-hong-sam-nhung-huou-linh-chi-120-vien\/#webpage\",\"url\":\"https:\/\/thietbitmg.com\/demo\/samminhthinh\/vien-hong-sam-nhung-huou-linh-chi-120-vien\/\",\"name\":\"Vi\\u00ean h\\u1ed3ng s\\u00e2m nhung h\\u01b0\\u01a1u linh chi 120 vi\\u00ean - S\\u00c2M MINH TH\\u1ecaNH\",\"isPartOf\":{\"@id\":\"https:\/\/thietbitmg.com\/demo\/samminhthinh\/#website\"},\"primaryImageOfPage\":{\"@id\":\"https:\/\/thietbitmg.com\/demo\/samminhthinh\/vien-hong-sam-nhung-huou-linh-chi-120-vien\/#primaryimage\"},\"datePublished\":\"2022-03-01T02:13:33+00:00\",\"dateModified\":\"2022-03-01T02:13:33+00:00\",\"breadcrumb\":{\"@id\":\"https:\/\/thietbitmg.com\/demo\/samminhthinh\/vien-hong-sam-nhung-huou-linh-chi-120-vien\/#breadcrumb\"},\"inLanguage\":\"vi\",\"potentialAction\":[{\"@type\":\"ReadAction\",\"target\":[\"https:\/\/thietbitmg.com\/demo\/samminhthinh\/vien-hong-sam-nhung-huou-linh-chi-120-vien\/\"]}]},{\"@type\":\"BreadcrumbList\",\"@id\":\"https:\/\/thietbitmg.com\/demo\/samminhthinh\/vien-hong-sam-nhung-huou-linh-chi-120-vien\/#breadcrumb\",\"itemListElement\":[{\"@type\":\"ListItem\",\"position\":1,\"item\":{\"@type\":\"WebPage\",\"@id\":\"https:\/\/thietbitmg.com\/demo\/samminhthinh\/\",\"url\":\"https:\/\/thietbitmg.com\/demo\/samminhthinh\/\",\"name\":\"Home\"}},{\"@type\":\"ListItem\",\"position\":2,\"item\":{\"@type\":\"WebPage\",\"@id\":\"https:\/\/thietbitmg.com\/demo\/samminhthinh\/shop\/\",\"url\":\"https:\/\/thietbitmg.com\/demo\/samminhthinh\/shop\/\",\"name\":\"Shop\"}},{\"@type\":\"ListItem\",\"position\":3,\"item\":{\"@type\":\"WebPage\",\"@id\":\"https:\/\/thietbitmg.com\/demo\/samminhthinh\/vien-hong-sam-nhung-huou-linh-chi-120-vien\/\",\"url\":\"https:\/\/thietbitmg.com\/demo\/samminhthinh\/vien-hong-sam-nhung-huou-linh-chi-120-vien\/\",\"name\":\"Vi\\u00ean h\\u1ed3ng s\\u00e2m nhung h\\u01b0\\u01a1u linh chi 120 vi\\u00ean\"}}]}]}<\/script>\n<!-- \/ Yoast SEO Premium plugin. -->","_links":{"self":[{"href":"https:\/\/thietbitmg.com\/demo\/samminhthinh\/wp-json\/wp\/v2\/product\/3709"}],"collection":[{"href":"https:\/\/thietbitmg.com\/demo\/samminhthinh\/wp-json\/wp\/v2\/product"}],"about":[{"href":"https:\/\/thietbitmg.com\/demo\/samminhthinh\/wp-json\/wp\/v2\/types\/product"}],"replies":[{"embeddable":true,"href":"https:\/\/thietbitmg.com\/demo\/samminhthinh\/wp-json\/wp\/v2\/comments?post=3709"}],"wp:featuredmedia":[{"embeddable":true,"href":"https:\/\/thietbitmg.com\/demo\/samminhthinh\/wp-json\/wp\/v2\/media\/3710"}],"wp:attachment":[{"href":"https:\/\/thietbitmg.com\/demo\/samminhthinh\/wp-json\/wp\/v2\/media?parent=3709"}],"curies":[{"name":"wp","href":"https:\/\/api.w.org\/{rel}","templated":true}]}}