{"id":3719,"date":"2022-03-01T02:36:37","date_gmt":"2022-03-01T02:36:37","guid":{"rendered":"https:\/\/samminhthinh.com\/?post_type=product&#038;p=3719"},"modified":"2022-03-01T02:36:37","modified_gmt":"2022-03-01T02:36:37","slug":"nuoc-hong-sam-dong-trung-ha-thao-chai-3-lit-kanghwa","status":"publish","type":"product","link":"https:\/\/thietbitmg.com\/demo\/samminhthinh\/nuoc-hong-sam-dong-trung-ha-thao-chai-3-lit-kanghwa\/","title":{"rendered":"N\u01b0\u1edbc h\u1ed3ng s\u00e2m \u0111\u00f4ng tr\u00f9ng h\u1ea1 th\u1ea3o chai 3&hellip;"},"content":{"rendered":"<p>\u2742\u00a0<strong>Th\u00e0nh ph\u1ea7n:\u00a0<\/strong><strong>N\u01b0\u1edbc h\u1ed3ng s\u00e2m \u0111\u00f4ng tr\u00f9ng h\u1ea1 th\u1ea3o chai 3 l\u00edt Kanghwa<\/strong>\u00a0\u0111\u01b0\u1ee3c k\u1ebft h\u1ee3p \u00a0gi\u1eefa H\u1ed3ng s\u00e2m 6 n\u0103m tu\u1ed5i v\u00e0 \u0110\u00f4ng tr\u00f9ng h\u1ea1 th\u1ea3o.<\/p>\n<p>\u2742\u00a0<strong>C\u00f4ng d\u1ee5ng:<\/strong><\/p>\n<p>\u2714\u00a0B\u1ed3i b\u1ed5 s\u1ee9c kh\u1ecfe, t\u0103ng c\u01b0\u1eddng th\u1ec3 l\u1ef1c cho ng\u01b0\u1eddi g\u1ea7y \u1ed1m sau khi m\u1ed5.<br \/>\n\u2714\u00a0Gi\u1ea3i kh\u00e1t, ph\u1ee5c h\u1ed3i t\u1ed1t cho c\u01a1 th\u1ec3 suy nh\u01b0\u1ee3c, k\u00e9m \u0103n, ch\u1ed1ng m\u1ec7t m\u1ecfi, ng\u01b0\u1eddi l\u00e0m vi\u1ec7c qu\u00e1 s\u1ee9c.<br \/>\n\u2714\u00a0R\u1ea5t hi\u1ec7u qu\u1ea3 cho nh\u1eefng ng\u01b0\u1eddi cao tu\u1ed5i, th\u1ec3 l\u1ef1c gi\u1ea3m s\u00fat, h\u1ec7 mi\u1ec5n d\u1ecbch k\u00e9m, suy gi\u1ea3m tr\u00ed nh\u1edb. \u0110\u1eb7c bi\u1ec7t, nh\u1eefng ng\u01b0\u1eddi b\u1ecb d\u1ea1 d\u00e0y, t\u00e1 tr\u00e0ng th\u01b0\u1eddng \u0103n \u00edt, khi \u0111\u00f3i th\u01b0\u1eddng \u0111au nh\u1eb9, u\u1ed1ng n\u01b0\u1edbc s\u00e2m n\u00e0y \u0111\u1ec3 l\u1ea1nh r\u1ea5t d\u1ec5 ch\u1ecbu, n\u1ebfu d\u1ea1 d\u00e0y, t\u00e1 tr\u00e0ng m\u1edbi b\u1ecb xung huy\u1ebft c\u00f3 th\u1ec3 kh\u1ecfi h\u1eb3n.<br \/>\n\u2714\u00a0C\u1ea3i thi\u1ec7n tu\u1ea7n ho\u00e0n m\u00e1u, ch\u1ed1ng kh\u1ed1i u, \u0111i\u1ec1u h\u00f2a huy\u1ebft \u00e1p, c\u1ea3i thi\u1ec7n b\u1ec7nh v\u1ec1\u00a0\u0111\u01b0\u1eddng, hi\u1ec7u qu\u1ea3 b\u1ea3o v\u1ec7 gan, ru\u1ed9t v\u00e0 bao t\u1eed.<br \/>\n\u2714\u00a0C\u1ea3i thi\u1ec7n qu\u00e1 tr\u00ecnh l\u00e3o h\u00f3a (c\u1ea3i thi\u1ec7n v\u1ebft nh\u0103n), ch\u1ed1ng da s\u1ea7n \u1edf \u0111\u00e0n \u00f4ng, ch\u1ed1ng nh\u00e1m da \u1edf ph\u1ee5 n\u1eef, r\u1ea5t t\u1ed1t cho nh\u1eefng ng\u01b0\u1eddi l\u00e0m vi\u1ec7c trong m\u00f4i tr\u01b0\u1eddng \u0111\u1ed9c h\u1ea1i: h\u00f3a ch\u1ea5t, \u00f4 nhi\u1ec5m \u2026 t\u0103ng c\u01b0\u1eddng ch\u1ea5t dinh d\u01b0\u1ee1ng,<br \/>\n\u2714\u00a0H\u1ed3i ph\u1ee5c ch\u1ee9c n\u0103ng gan, t\u0103ng c\u01b0\u1eddng tu\u1ea7n ho\u00e0n m\u00e1u v\u00e0 c\u00f3 l\u1ee3i cho ph\u1ee5 n\u1eef trong th\u1eddi k\u1ef3 m\u00e3n kinh trong vi\u1ec7c t\u0103ng hormone n\u1eef, ch\u1ed1ng l\u00e3o h\u00f3a v\u00e0 gia t\u0103ng tu\u1ed5i th\u1ecd. C\u1ea3i thi\u1ec7n ch\u1ee9c n\u0103ng v\u1ec1 gi\u1edbi.<\/p>\n","protected":false},"excerpt":{"rendered":"<p>\u2721\u00a0<strong>N\u01b0\u1edbc h\u1ed3ng s\u00e2m \u0111\u00f4ng tr\u00f9ng h\u1ea1 th\u1ea3o chai 3 l\u00edt Kanghwa<\/strong>\u00a0l\u00e0 s\u1ea3n ph\u1ea9m \u0111\u01b0\u1ee3c k\u1ebft h\u1ee3p m\u1ed9t c\u00e1ch tuy\u1ec7t v\u1eddi gi\u1eefa H\u1ed3ng s\u00e2m 6 n\u0103m tu\u1ed5i v\u00e0 \u0110\u00f4ng tr\u00f9ng h\u1ea1 th\u1ea3o- m\u1ed9t d\u01b0\u1ee3c li\u1ec7u qu\u00fd m\u00e0 thi\u00ean nhi\u00ean ban t\u1eb7ng cho con ng\u01b0\u1eddi.\u2026.<\/p>\n<p>\u2721\u00a0S\u1ea3n ph\u1ea9m r\u1ea5t sang tr\u1ecdng, l\u00e0 m\u00f3n qu\u00e0 t\u1eb7ng r\u1ea5t c\u00f3 \u00fd ngh\u0129a.<\/p>\n","protected":false},"featured_media":3720,"comment_status":"open","ping_status":"closed","template":"","meta":[],"yoast_head":"<!-- This site is optimized with the Yoast SEO Premium plugin v15.9.1 - https:\/\/yoast.com\/wordpress\/plugins\/seo\/ -->\n<title>N\u01b0\u1edbc h\u1ed3ng s\u00e2m \u0111\u00f4ng tr\u00f9ng h\u1ea1 th\u1ea3o chai 3 l\u00edt Kanghwa - S\u00c2M MINH TH\u1ecaNH<\/title>\n<meta name=\"robots\" content=\"index, follow, max-snippet:-1, max-image-preview:large, max-video-preview:-1\" \/>\n<link rel=\"canonical\" href=\"https:\/\/thietbitmg.com\/demo\/samminhthinh\/nuoc-hong-sam-dong-trung-ha-thao-chai-3-lit-kanghwa\/\" \/>\n<meta property=\"og:locale\" content=\"vi_VN\" \/>\n<meta property=\"og:type\" content=\"article\" \/>\n<meta property=\"og:title\" content=\"N\u01b0\u1edbc h\u1ed3ng s\u00e2m \u0111\u00f4ng tr\u00f9ng h\u1ea1 th\u1ea3o chai 3 l\u00edt Kanghwa - S\u00c2M MINH TH\u1ecaNH\" \/>\n<meta property=\"og:description\" content=\"\u2721\u00a0N\u01b0\u1edbc h\u1ed3ng s\u00e2m \u0111\u00f4ng tr\u00f9ng h\u1ea1 th\u1ea3o chai 3 l\u00edt Kanghwa\u00a0l\u00e0 s\u1ea3n ph\u1ea9m \u0111\u01b0\u1ee3c k\u1ebft h\u1ee3p m\u1ed9t c\u00e1ch tuy\u1ec7t v\u1eddi gi\u1eefa H\u1ed3ng s\u00e2m 6 n\u0103m tu\u1ed5i v\u00e0 \u0110\u00f4ng tr\u00f9ng h\u1ea1 th\u1ea3o- m\u1ed9t d\u01b0\u1ee3c li\u1ec7u qu\u00fd m\u00e0 thi\u00ean nhi\u00ean ban t\u1eb7ng cho con ng\u01b0\u1eddi.\u2026.  \u2721\u00a0S\u1ea3n ph\u1ea9m r\u1ea5t sang tr\u1ecdng, l\u00e0 m\u00f3n qu\u00e0 t\u1eb7ng r\u1ea5t c\u00f3 \u00fd ngh\u0129a.\" \/>\n<meta property=\"og:url\" content=\"https:\/\/thietbitmg.com\/demo\/samminhthinh\/nuoc-hong-sam-dong-trung-ha-thao-chai-3-lit-kanghwa\/\" \/>\n<meta property=\"og:site_name\" content=\"S\u00c2M MINH TH\u1ecaNH\" \/>\n<meta property=\"og:image\" content=\"https:\/\/thietbitmg.com\/demo\/samminhthinh\/wp-content\/uploads\/2022\/03\/nuoc-hong-sam-dong-trung-ha-thao-chai-3-lit-kanghwa_thumb.jpg\" \/>\n\t<meta property=\"og:image:width\" content=\"250\" \/>\n\t<meta property=\"og:image:height\" content=\"164\" \/>\n<meta name=\"twitter:card\" content=\"summary_large_image\" \/>\n<meta name=\"twitter:label1\" content=\"\u01af\u1edbc t\u00ednh th\u1eddi gian \u0111\u1ecdc\">\n\t<meta name=\"twitter:data1\" content=\"2 ph\u00fat\">\n<script type=\"application\/ld+json\" class=\"yoast-schema-graph\">{\"@context\":\"https:\/\/schema.org\",\"@graph\":[{\"@type\":\"WebSite\",\"@id\":\"https:\/\/thietbitmg.com\/demo\/samminhthinh\/#website\",\"url\":\"https:\/\/thietbitmg.com\/demo\/samminhthinh\/\",\"name\":\"S\\u00c2M MINH TH\\u1ecaNH\",\"description\":\"TRANG CH\\u1ee6\",\"potentialAction\":[{\"@type\":\"SearchAction\",\"target\":\"https:\/\/thietbitmg.com\/demo\/samminhthinh\/?s={search_term_string}\",\"query-input\":\"required name=search_term_string\"}],\"inLanguage\":\"vi\"},{\"@type\":\"ImageObject\",\"@id\":\"https:\/\/thietbitmg.com\/demo\/samminhthinh\/nuoc-hong-sam-dong-trung-ha-thao-chai-3-lit-kanghwa\/#primaryimage\",\"inLanguage\":\"vi\",\"url\":\"https:\/\/thietbitmg.com\/demo\/samminhthinh\/wp-content\/uploads\/2022\/03\/nuoc-hong-sam-dong-trung-ha-thao-chai-3-lit-kanghwa_thumb.jpg\",\"width\":250,\"height\":164},{\"@type\":\"WebPage\",\"@id\":\"https:\/\/thietbitmg.com\/demo\/samminhthinh\/nuoc-hong-sam-dong-trung-ha-thao-chai-3-lit-kanghwa\/#webpage\",\"url\":\"https:\/\/thietbitmg.com\/demo\/samminhthinh\/nuoc-hong-sam-dong-trung-ha-thao-chai-3-lit-kanghwa\/\",\"name\":\"N\\u01b0\\u1edbc h\\u1ed3ng s\\u00e2m \\u0111\\u00f4ng tr\\u00f9ng h\\u1ea1 th\\u1ea3o chai 3 l\\u00edt Kanghwa - S\\u00c2M MINH TH\\u1ecaNH\",\"isPartOf\":{\"@id\":\"https:\/\/thietbitmg.com\/demo\/samminhthinh\/#website\"},\"primaryImageOfPage\":{\"@id\":\"https:\/\/thietbitmg.com\/demo\/samminhthinh\/nuoc-hong-sam-dong-trung-ha-thao-chai-3-lit-kanghwa\/#primaryimage\"},\"datePublished\":\"2022-03-01T02:36:37+00:00\",\"dateModified\":\"2022-03-01T02:36:37+00:00\",\"breadcrumb\":{\"@id\":\"https:\/\/thietbitmg.com\/demo\/samminhthinh\/nuoc-hong-sam-dong-trung-ha-thao-chai-3-lit-kanghwa\/#breadcrumb\"},\"inLanguage\":\"vi\",\"potentialAction\":[{\"@type\":\"ReadAction\",\"target\":[\"https:\/\/thietbitmg.com\/demo\/samminhthinh\/nuoc-hong-sam-dong-trung-ha-thao-chai-3-lit-kanghwa\/\"]}]},{\"@type\":\"BreadcrumbList\",\"@id\":\"https:\/\/thietbitmg.com\/demo\/samminhthinh\/nuoc-hong-sam-dong-trung-ha-thao-chai-3-lit-kanghwa\/#breadcrumb\",\"itemListElement\":[{\"@type\":\"ListItem\",\"position\":1,\"item\":{\"@type\":\"WebPage\",\"@id\":\"https:\/\/thietbitmg.com\/demo\/samminhthinh\/\",\"url\":\"https:\/\/thietbitmg.com\/demo\/samminhthinh\/\",\"name\":\"Home\"}},{\"@type\":\"ListItem\",\"position\":2,\"item\":{\"@type\":\"WebPage\",\"@id\":\"https:\/\/thietbitmg.com\/demo\/samminhthinh\/shop\/\",\"url\":\"https:\/\/thietbitmg.com\/demo\/samminhthinh\/shop\/\",\"name\":\"Shop\"}},{\"@type\":\"ListItem\",\"position\":3,\"item\":{\"@type\":\"WebPage\",\"@id\":\"https:\/\/thietbitmg.com\/demo\/samminhthinh\/nuoc-hong-sam-dong-trung-ha-thao-chai-3-lit-kanghwa\/\",\"url\":\"https:\/\/thietbitmg.com\/demo\/samminhthinh\/nuoc-hong-sam-dong-trung-ha-thao-chai-3-lit-kanghwa\/\",\"name\":\"N\\u01b0\\u1edbc h\\u1ed3ng s\\u00e2m \\u0111\\u00f4ng tr\\u00f9ng h\\u1ea1 th\\u1ea3o chai 3 l\\u00edt Kanghwa\"}}]}]}<\/script>\n<!-- \/ Yoast SEO Premium plugin. -->","_links":{"self":[{"href":"https:\/\/thietbitmg.com\/demo\/samminhthinh\/wp-json\/wp\/v2\/product\/3719"}],"collection":[{"href":"https:\/\/thietbitmg.com\/demo\/samminhthinh\/wp-json\/wp\/v2\/product"}],"about":[{"href":"https:\/\/thietbitmg.com\/demo\/samminhthinh\/wp-json\/wp\/v2\/types\/product"}],"replies":[{"embeddable":true,"href":"https:\/\/thietbitmg.com\/demo\/samminhthinh\/wp-json\/wp\/v2\/comments?post=3719"}],"wp:featuredmedia":[{"embeddable":true,"href":"https:\/\/thietbitmg.com\/demo\/samminhthinh\/wp-json\/wp\/v2\/media\/3720"}],"wp:attachment":[{"href":"https:\/\/thietbitmg.com\/demo\/samminhthinh\/wp-json\/wp\/v2\/media?parent=3719"}],"curies":[{"name":"wp","href":"https:\/\/api.w.org\/{rel}","templated":true}]}}