{"id":3721,"date":"2022-03-01T02:38:14","date_gmt":"2022-03-01T02:38:14","guid":{"rendered":"https:\/\/samminhthinh.com\/?post_type=product&#038;p=3721"},"modified":"2022-03-01T02:38:14","modified_gmt":"2022-03-01T02:38:14","slug":"cao-linh-chi-dong-trung-ha-thao-han-quoc-hop-5-lo","status":"publish","type":"product","link":"https:\/\/thietbitmg.com\/demo\/samminhthinh\/cao-linh-chi-dong-trung-ha-thao-han-quoc-hop-5-lo\/","title":{"rendered":"Cao linh chi \u0111\u00f4ng tr\u00f9ng h\u1ea1 th\u1ea3o H\u00e0n Qu\u1ed1c&hellip;"},"content":{"rendered":"<p>\u2742\u00a0<strong>T\u00e1c d\u1ee5ng:\u00a0<\/strong><\/p>\n<p>\u2714\u00a0B\u1ed5 th\u1eadn tr\u00e1ng d\u01b0\u01a1ng, c\u1ea3i thi\u1ec7n t\u00ecnh tr\u1ea1ng y\u1ebfu sinh l\u00fd.<\/p>\n<p>\u2714\u00a0T\u0103ng kh\u1ea3 n\u0103ng mi\u1ec5n d\u1ecbch, ch\u1ed1ng l\u00e3o h\u00f3a, t\u0103ng tu\u1ed5i th\u1ecd v\u00e0 s\u1ef1 minh m\u1eabn<\/p>\n<p>\u2714\u00a0B\u1ea3o v\u1ec7 ni\u00eam m\u1ea1c d\u1ea1 d\u00e0y, ru\u1ed9t, ch\u1ea5t \u0111\u1ed9c do \u0103n u\u1ed1ng, nhu\u1eadn tr\u00e0ng ti\u00eau h\u00f3a t\u1ed1t.<\/p>\n<p>\u2714\u00a0N\u00e2ng cao th\u1ec3 tr\u1ea1ng cho g\u00e2n c\u1ed1t y\u1ebfu m\u1ec1m, \u0111au l\u01b0ng, m\u1ecfi g\u1ed1i.<\/p>\n<p>\u2714\u00a0T\u1ed1t cho h\u1ec7 h\u00f4 h\u1ea5p, \u0111i\u1ec1u ho\u00e0 huy\u1ebft \u00e1p, t\u1ed1t cho ng\u01b0\u1eddi b\u1ec7nh tim m\u1ea1ch.<\/p>\n<p>\u2714\u00a0Nhanh l\u00e0nh v\u1ebft th\u01b0\u01a1ng sau m\u1ed5, ph\u1ee5c h\u1ed3i sau m\u1ed5, tai n\u1ea1n.<\/p>\n<p>\u2714\u00a0B\u1ea3o v\u1ec7 gan, ch\u1ed1ng vi\u00eam gan, s\u01a1 gan, gi\u1ea3m m\u1ee1 m\u00e1u, \u0111i\u1ec1u ho\u00e0 huy\u1ebft \u00e1p .<\/p>\n<p>\u2714\u00a0D\u00f9ng cho c\u1ea3 nam v\u00e0 n\u1eef, tr\u1ebb em t\u1eeb tr\u00ean 14 tu\u1ed5i tr\u1edf l\u00ean.<\/p>\n<p>\u2714\u00a0L\u00e0m \u0111\u1eb9p da v\u00e0 \u0111i\u1ec1u ho\u00e0 n\u1ed9i ti\u1ebft cho ph\u1ee5 n\u1eef, r\u1ea5t t\u1ed1t cho ph\u1ee5 n\u1eef ti\u1ec1n m\u00e3n kinh, m\u00e3n kinh v\u00e0 nh\u1eefng ng\u01b0\u1eddi \u0103n ki\u00eang.<\/p>\n<p>\u2714\u00a0T\u1ed1t cho nh\u1eefng ng\u01b0\u1eddi b\u1ecb b\u1ec7nh m\u00e3n t\u00ednh m\u00e0 ch\u1eefa b\u1eb1ng thu\u1ed1c t\u00e2y kh\u00f4ng kh\u1ecfi, tuy\u1ec7t v\u1eddi cho ng\u01b0\u1eddi b\u1ecb gan, th\u1eadn, m\u1eadt suy.<\/p>\n<p>\u2714\u00a0L\u00e0 s\u1ea3n ph\u1ea9m s\u1ed1 1 cho nh\u1eefng ng\u01b0\u1eddi \u0111ang trong th\u1eddi gian \u0103n ki\u00eang ch\u1ed1ng b\u00e9o ph\u00ec.<\/p>\n<p>\u2714\u00a0M\u1ee9c \u0111\u1ed9 hi\u1ec7u qu\u1ea3 c\u1ee7a s\u1ea3n ph\u1ea9m t\u00f9y thu\u1ed9c v\u00e0o c\u01a1 \u0111\u1ecba v\u00e0 t\u00ecnh tr\u1ea1ng s\u1ee9c kh\u1ecfe c\u1ee7a m\u1ed7i ng\u01b0\u1eddi.<\/p>\n<p>\u2714\u00a0\u0110\u1ed1i v\u1edbi ng\u01b0\u1eddi c\u00f3 ti\u1ec1n s\u1eed b\u1ec7nh n\u1eb7ng hay c\u01a1 th\u1ec3 d\u1ec5 b\u1ecb d\u1ecb \u1ee9ng v\u1edbi c\u00e1c th\u00e0nh ph\u1ea7n kh\u00e1c th\u00ec n\u00ean tham kh\u1ea3o \u00fd ki\u1ebfn b\u00e1c s\u0129 tr\u01b0\u1edbc khi s\u1eed d\u1ee5ng<\/p>\n<p>\u2714\u00a0\u0110\u00e2y l\u00e0 s\u1ea3n ph\u1ea9m b\u1ed5 sung dinh d\u01b0\u1ee1ng, kh\u00f4ng ph\u1ea3i l\u00e0 thu\u1ed1c ch\u1eefa b\u1ec7nh, kh\u00f4ng c\u00f3 ch\u1ee9c n\u0103ng thay th\u1ebf thu\u1ed1c ch\u1eefa b\u1ec7nh.<\/p>\n<p>\u2714\u00a0\u0110\u1ec3 \u0111\u1ea3m b\u1ea3o ch\u1ecdn v\u00e0 s\u1eed d\u1ee5ng \u0111\u00fang s\u1ea3n ph\u1ea9m hi\u1ec7u qu\u1ea3 nh\u1ea5t \u0111\u1ed1i v\u1edbi s\u1ee9c kh\u1ecfe c\u1ee7a m\u1ed7i kh\u00e1ch h\u00e0ng, qu\u00fd kh\u00e1ch vui l\u00f2ng xem k\u1ef9 m\u00f4 t\u1ea3, c\u00f4ng d\u1ee5ng v\u00e0 h\u01b0\u1edbng d\u1eabn s\u1eed d\u1ee5ng s\u1ea3n ph\u1ea9m ho\u1eb7c li\u00ean h\u1ec7 tr\u1ef1c ti\u1ebfp s\u1ed1 \u0110T 090.77.999.88 \u0111\u1ec3 \u0111\u01b0\u1ee3c t\u01b0 v\u1ea5n k\u1ef9 h\u01a1n.<\/p>\n","protected":false},"excerpt":{"rendered":"<p>\u2721\u00a0<strong>Cao linh chi \u0111\u00f4ng tr\u00f9ng h\u1ea1 th\u1ea3o H\u00e0n Qu\u1ed1c h\u1ed9p 5 l\u1ecd<\/strong>\u00a0c\u00f3 th\u00e0nh ph\u1ea7n \u0111\u01b0\u1ee3c chi\u1ebft xu\u1ea5t t\u1eeb 2 lo\u1ea1i th\u1ea3o d\u01b0\u1ee3c qu\u00fd l\u00e0 \u0110\u00f4ng Tr\u00f9ng H\u1ea1 Th\u1ea3o v\u00e0 Linh Chi H\u00e0n Qu\u1ed1c. T\u1ea1o n\u00ean s\u1ea3n ph\u1ea9m cao c\u1ea5p gi\u00fap b\u1ed3i b\u1ed5 s\u1ee9c kh\u1ecfe v\u00e0 h\u1ed7 tr\u1ee3 \u0111i\u1ec1u tr\u1ecb b\u1ec7nh cho c\u01a1 th\u1ec3.<\/p>\n<p>\u2721\u00a0Cao linh chi \u0111\u00f4ng tr\u00f9ng h\u1ea1 th\u1ea3o H\u00e0n Qu\u1ed1c h\u1ed9p 5 l\u1ecd\u00a0gi\u00fap c\u1ea3i thi\u1ec7n h\u1ec7 mi\u1ec5n d\u1ecbch, t\u0103ng c\u1eebng ch\u1ee9c n\u0103ng gan v\u00e0 th\u1eadn, h\u1ed3i ph\u1ee5c sinh l\u1ef1c v\u00e0 ph\u1ee5c h\u1ed3i c\u01a1 th\u1ec3 suy nh\u01b0\u1ee3c\u2026 S\u1ea3n ph\u1ea9m \u0111\u01b0\u1ee3c nh\u1eadp kh\u1ea9u ch\u00ednh h\u00e3ng t\u1eeb H\u00e0n Qu\u1ed1c.<\/p>\n","protected":false},"featured_media":3722,"comment_status":"open","ping_status":"closed","template":"","meta":[],"yoast_head":"<!-- This site is optimized with the Yoast SEO Premium plugin v15.9.1 - https:\/\/yoast.com\/wordpress\/plugins\/seo\/ -->\n<title>Cao linh chi \u0111\u00f4ng tr\u00f9ng h\u1ea1 th\u1ea3o H\u00e0n Qu\u1ed1c h\u1ed9p 5 l\u1ecd - S\u00c2M MINH TH\u1ecaNH<\/title>\n<meta name=\"robots\" content=\"index, follow, max-snippet:-1, max-image-preview:large, max-video-preview:-1\" \/>\n<link rel=\"canonical\" href=\"https:\/\/thietbitmg.com\/demo\/samminhthinh\/cao-linh-chi-dong-trung-ha-thao-han-quoc-hop-5-lo\/\" \/>\n<meta property=\"og:locale\" content=\"vi_VN\" \/>\n<meta property=\"og:type\" content=\"article\" \/>\n<meta property=\"og:title\" content=\"Cao linh chi \u0111\u00f4ng tr\u00f9ng h\u1ea1 th\u1ea3o H\u00e0n Qu\u1ed1c h\u1ed9p 5 l\u1ecd - S\u00c2M MINH TH\u1ecaNH\" \/>\n<meta property=\"og:description\" content=\"\u2721\u00a0Cao linh chi \u0111\u00f4ng tr\u00f9ng h\u1ea1 th\u1ea3o H\u00e0n Qu\u1ed1c h\u1ed9p 5 l\u1ecd\u00a0c\u00f3 th\u00e0nh ph\u1ea7n \u0111\u01b0\u1ee3c chi\u1ebft xu\u1ea5t t\u1eeb 2 lo\u1ea1i th\u1ea3o d\u01b0\u1ee3c qu\u00fd l\u00e0 \u0110\u00f4ng Tr\u00f9ng H\u1ea1 Th\u1ea3o v\u00e0 Linh Chi H\u00e0n Qu\u1ed1c. T\u1ea1o n\u00ean s\u1ea3n ph\u1ea9m cao c\u1ea5p gi\u00fap b\u1ed3i b\u1ed5 s\u1ee9c kh\u1ecfe v\u00e0 h\u1ed7 tr\u1ee3 \u0111i\u1ec1u tr\u1ecb b\u1ec7nh cho c\u01a1 th\u1ec3.  \u2721\u00a0Cao linh chi \u0111\u00f4ng tr\u00f9ng h\u1ea1 th\u1ea3o H\u00e0n Qu\u1ed1c h\u1ed9p 5 l\u1ecd\u00a0gi\u00fap c\u1ea3i thi\u1ec7n h\u1ec7 mi\u1ec5n d\u1ecbch, t\u0103ng c\u1eebng ch\u1ee9c n\u0103ng gan v\u00e0 th\u1eadn, h\u1ed3i ph\u1ee5c sinh l\u1ef1c v\u00e0 ph\u1ee5c h\u1ed3i c\u01a1 th\u1ec3 suy nh\u01b0\u1ee3c\u2026 S\u1ea3n ph\u1ea9m \u0111\u01b0\u1ee3c nh\u1eadp kh\u1ea9u ch\u00ednh h\u00e3ng t\u1eeb H\u00e0n Qu\u1ed1c.\" \/>\n<meta property=\"og:url\" content=\"https:\/\/thietbitmg.com\/demo\/samminhthinh\/cao-linh-chi-dong-trung-ha-thao-han-quoc-hop-5-lo\/\" \/>\n<meta property=\"og:site_name\" content=\"S\u00c2M MINH TH\u1ecaNH\" \/>\n<meta property=\"og:image\" content=\"https:\/\/thietbitmg.com\/demo\/samminhthinh\/wp-content\/uploads\/2022\/03\/cao-linh-chi-dong-trung-ha-thao-han-quoc-hop-5-lo_thumb.png\" \/>\n\t<meta property=\"og:image:width\" content=\"250\" \/>\n\t<meta property=\"og:image:height\" content=\"164\" \/>\n<meta name=\"twitter:card\" content=\"summary_large_image\" \/>\n<meta name=\"twitter:label1\" content=\"\u01af\u1edbc t\u00ednh th\u1eddi gian \u0111\u1ecdc\">\n\t<meta name=\"twitter:data1\" content=\"2 ph\u00fat\">\n<script type=\"application\/ld+json\" class=\"yoast-schema-graph\">{\"@context\":\"https:\/\/schema.org\",\"@graph\":[{\"@type\":\"WebSite\",\"@id\":\"https:\/\/thietbitmg.com\/demo\/samminhthinh\/#website\",\"url\":\"https:\/\/thietbitmg.com\/demo\/samminhthinh\/\",\"name\":\"S\\u00c2M MINH TH\\u1ecaNH\",\"description\":\"TRANG CH\\u1ee6\",\"potentialAction\":[{\"@type\":\"SearchAction\",\"target\":\"https:\/\/thietbitmg.com\/demo\/samminhthinh\/?s={search_term_string}\",\"query-input\":\"required name=search_term_string\"}],\"inLanguage\":\"vi\"},{\"@type\":\"ImageObject\",\"@id\":\"https:\/\/thietbitmg.com\/demo\/samminhthinh\/cao-linh-chi-dong-trung-ha-thao-han-quoc-hop-5-lo\/#primaryimage\",\"inLanguage\":\"vi\",\"url\":\"https:\/\/thietbitmg.com\/demo\/samminhthinh\/wp-content\/uploads\/2022\/03\/cao-linh-chi-dong-trung-ha-thao-han-quoc-hop-5-lo_thumb.png\",\"width\":250,\"height\":164},{\"@type\":\"WebPage\",\"@id\":\"https:\/\/thietbitmg.com\/demo\/samminhthinh\/cao-linh-chi-dong-trung-ha-thao-han-quoc-hop-5-lo\/#webpage\",\"url\":\"https:\/\/thietbitmg.com\/demo\/samminhthinh\/cao-linh-chi-dong-trung-ha-thao-han-quoc-hop-5-lo\/\",\"name\":\"Cao linh chi \\u0111\\u00f4ng tr\\u00f9ng h\\u1ea1 th\\u1ea3o H\\u00e0n Qu\\u1ed1c h\\u1ed9p 5 l\\u1ecd - S\\u00c2M MINH TH\\u1ecaNH\",\"isPartOf\":{\"@id\":\"https:\/\/thietbitmg.com\/demo\/samminhthinh\/#website\"},\"primaryImageOfPage\":{\"@id\":\"https:\/\/thietbitmg.com\/demo\/samminhthinh\/cao-linh-chi-dong-trung-ha-thao-han-quoc-hop-5-lo\/#primaryimage\"},\"datePublished\":\"2022-03-01T02:38:14+00:00\",\"dateModified\":\"2022-03-01T02:38:14+00:00\",\"breadcrumb\":{\"@id\":\"https:\/\/thietbitmg.com\/demo\/samminhthinh\/cao-linh-chi-dong-trung-ha-thao-han-quoc-hop-5-lo\/#breadcrumb\"},\"inLanguage\":\"vi\",\"potentialAction\":[{\"@type\":\"ReadAction\",\"target\":[\"https:\/\/thietbitmg.com\/demo\/samminhthinh\/cao-linh-chi-dong-trung-ha-thao-han-quoc-hop-5-lo\/\"]}]},{\"@type\":\"BreadcrumbList\",\"@id\":\"https:\/\/thietbitmg.com\/demo\/samminhthinh\/cao-linh-chi-dong-trung-ha-thao-han-quoc-hop-5-lo\/#breadcrumb\",\"itemListElement\":[{\"@type\":\"ListItem\",\"position\":1,\"item\":{\"@type\":\"WebPage\",\"@id\":\"https:\/\/thietbitmg.com\/demo\/samminhthinh\/\",\"url\":\"https:\/\/thietbitmg.com\/demo\/samminhthinh\/\",\"name\":\"Home\"}},{\"@type\":\"ListItem\",\"position\":2,\"item\":{\"@type\":\"WebPage\",\"@id\":\"https:\/\/thietbitmg.com\/demo\/samminhthinh\/shop\/\",\"url\":\"https:\/\/thietbitmg.com\/demo\/samminhthinh\/shop\/\",\"name\":\"Shop\"}},{\"@type\":\"ListItem\",\"position\":3,\"item\":{\"@type\":\"WebPage\",\"@id\":\"https:\/\/thietbitmg.com\/demo\/samminhthinh\/cao-linh-chi-dong-trung-ha-thao-han-quoc-hop-5-lo\/\",\"url\":\"https:\/\/thietbitmg.com\/demo\/samminhthinh\/cao-linh-chi-dong-trung-ha-thao-han-quoc-hop-5-lo\/\",\"name\":\"Cao linh chi \\u0111\\u00f4ng tr\\u00f9ng h\\u1ea1 th\\u1ea3o H\\u00e0n Qu\\u1ed1c h\\u1ed9p 5 l\\u1ecd\"}}]}]}<\/script>\n<!-- \/ Yoast SEO Premium plugin. -->","_links":{"self":[{"href":"https:\/\/thietbitmg.com\/demo\/samminhthinh\/wp-json\/wp\/v2\/product\/3721"}],"collection":[{"href":"https:\/\/thietbitmg.com\/demo\/samminhthinh\/wp-json\/wp\/v2\/product"}],"about":[{"href":"https:\/\/thietbitmg.com\/demo\/samminhthinh\/wp-json\/wp\/v2\/types\/product"}],"replies":[{"embeddable":true,"href":"https:\/\/thietbitmg.com\/demo\/samminhthinh\/wp-json\/wp\/v2\/comments?post=3721"}],"wp:featuredmedia":[{"embeddable":true,"href":"https:\/\/thietbitmg.com\/demo\/samminhthinh\/wp-json\/wp\/v2\/media\/3722"}],"wp:attachment":[{"href":"https:\/\/thietbitmg.com\/demo\/samminhthinh\/wp-json\/wp\/v2\/media?parent=3721"}],"curies":[{"name":"wp","href":"https:\/\/api.w.org\/{rel}","templated":true}]}}