{"id":3725,"date":"2022-03-01T02:41:23","date_gmt":"2022-03-01T02:41:23","guid":{"rendered":"https:\/\/samminhthinh.com\/?post_type=product&#038;p=3725"},"modified":"2022-03-01T02:41:23","modified_gmt":"2022-03-01T02:41:23","slug":"dong-trung-ha-thao-kho-xuat-xu-viet-nam-loai-10g","status":"publish","type":"product","link":"https:\/\/thietbitmg.com\/demo\/samminhthinh\/dong-trung-ha-thao-kho-xuat-xu-viet-nam-loai-10g\/","title":{"rendered":"\u0110\u00f4ng tr\u00f9ng h\u1ea1 th\u1ea3o kh\u00f4 xu\u1ea5t x\u1ee9 Vi\u1ec7t Nam&hellip;"},"content":{"rendered":"<p>\u27a2\u00a0<strong><a href=\"https:\/\/samyenthinhphat.com\/dong-trung-ha-thao-kho-viet-nam-10g.html\" target=\"_blank\" rel=\"noopener noreferrer\">\u0110\u00f4ng tr\u00f9ng h\u1ea1 th\u1ea3o kh\u00f4 Vi\u1ec7t Nam 10g<\/a><\/strong>\u00a0\u0111\u01b0\u1ee3c nu\u00f4i tr\u1ed3ng theo ti\u00eau chu\u1ea9n ph\u00f2ng s\u1ea1ch v\u00e0 \u0111\u01b0\u1ee3c m\u00f4 ph\u1ecfng t\u01b0\u01a1ng t\u1ef1 v\u1edbi \u0111i\u1ec1u ki\u1ec7n s\u1ed1ng thi\u00ean nhi\u00ean c\u1ee7a \u0110\u00f4ng Tr\u00f9ng H\u1ea1 Th\u1ea3o n\u00ean gi\u1eef \u0111\u01b0\u1ee3c c\u00e1c d\u01b0\u1ee3c ch\u1ea5t qu\u00fd gi\u00e1 gi\u1ed1ng nh\u01b0 \u0110\u00f4ng Tr\u00f9ng H\u1ea1 Th\u1ea3o ngo\u00e0i t\u1ef1 nhi\u00ean.<\/p>\n<p>\u27a2\u00a0\u0110\u00f4ng tr\u00f9ng h\u1ea1 th\u1ea3o\u00a0kh\u00f4 Vi\u1ec7t Nam\u00a010g\u00a0\u0111\u01b0\u1ee3c s\u1ef1 quan t\u00e2m \u0111\u1eb7c bi\u1ec7t c\u1ee7a ng\u01b0\u1eddi d\u00f9ng t\u1ea1i Vi\u1ec7t Nam b\u1edfi t\u00e1c d\u1ee5ng m\u00e0 n\u00f3 mang l\u1ea1i \u0111\u1ed1i v\u1edbi s\u1ee9c kh\u1ecfe c\u0169ng nh\u01b0 trong h\u1ed7 tr\u1ee3 \u0111i\u1ec1u tr\u1ecb b\u1ec7nh l\u00e0 kh\u00f4ng th\u1ec3 b\u00e0n c\u00e3i.<\/p>\n<p>\u27a2\u00a0S\u1ea3n ph\u1ea9m\u00a0\u0110\u00f4ng tr\u00f9ng h\u1ea1 th\u1ea3o\u00a0kh\u00f4 Vi\u1ec7t Nam\u00a010g\u00a0l\u00e0 s\u1ea3n ph\u1ea9m \u0111\u01b0\u1ee3c nu\u00f4i c\u1ea5y. S\u1ea3n ph\u1ea9m \u0111\u1ea1t \u0111\u01b0\u1ee3c h\u00e0m l\u01b0\u1ee3ng c\u00e1c ch\u1ea5t dinh d\u01b0\u1ee1ng, d\u01b0\u1ee3c t\u00ednh ~ 40-60% so v\u1edbi \u0110\u00f4ng Tr\u00f9ng H\u1ea1 Th\u1ea3o t\u1ef1 nhi\u00ean tr\u00ean \u0111\u1ec9nh T\u00e2y T\u1ea1ng c\u1ee7a Trung Qu\u1ed1c.<\/p>\n<p>\u27a2\u00a0S\u1ea3n ph\u1ea9m \u0111\u01b0\u1ee3c nghi\u00ean c\u1ee9u v\u00e0 nu\u00f4i c\u1ea5y t\u1eeb ngu\u1ed3n gi\u1ed1ng t\u1ed1t, nu\u00f4i c\u1ea5y v\u1edbi quy m\u00f4 l\u1edbn cho \u0111\u01b0\u1ee3c th\u00e0nh qu\u1ea3 l\u00e0 s\u1ea3n l\u01b0\u1ee3ng l\u1edbn v\u00e0 ch\u1ea5t l\u01b0\u1ee3ng cao. Do \u0111\u00f3 \u0111\u00e1p \u1ee9ng \u0111\u01b0\u1ee3c nhu c\u1ea7u ng\u01b0\u1eddi s\u1eed d\u1ee5ng v\u00e0 gi\u00e1 th\u00e0nh h\u1ee3p l\u00fd.<\/p>\n","protected":false},"excerpt":{"rendered":"<p>\u2721\u00a0<strong>\u0110\u00f4ng tr\u00f9ng h\u1ea1 th\u1ea3o s\u1ee3i kh\u00f4 Vi\u1ec7t Nam 10g:<\/strong>\u00a0\u0111\u01b0\u1ee3c nu\u00f4i tr\u1ed3ng theo ti\u00eau chu\u1ea9n ph\u00f2ng s\u1ea1ch v\u00e0 \u0111\u01b0\u1ee3c m\u00f4 ph\u1ecfng t\u01b0\u01a1ng t\u1ef1 v\u1edbi \u0111i\u1ec1u ki\u1ec7n s\u1ed1ng thi\u00ean nhi\u00ean c\u1ee7a \u0111\u00f4ng tr\u00f9ng h\u1ea1 th\u1ea3o n\u00ean gi\u1eef \u0111\u01b0\u1ee3c c\u00e1c d\u01b0\u1ee3c ch\u1ea5t qu\u00fd gi\u00e1 gi\u1ed1ng nh\u01b0 \u0111\u00f4ng tr\u00f9ng h\u1ea1 th\u1ea3o ngo\u00e0i t\u1ef1 nhi\u00ean<\/p>\n","protected":false},"featured_media":3726,"comment_status":"open","ping_status":"closed","template":"","meta":[],"yoast_head":"<!-- This site is optimized with the Yoast SEO Premium plugin v15.9.1 - https:\/\/yoast.com\/wordpress\/plugins\/seo\/ -->\n<title>\u0110\u00f4ng tr\u00f9ng h\u1ea1 th\u1ea3o kh\u00f4 xu\u1ea5t x\u1ee9 Vi\u1ec7t Nam lo\u1ea1i 10g - S\u00c2M MINH TH\u1ecaNH<\/title>\n<meta name=\"robots\" content=\"index, follow, max-snippet:-1, max-image-preview:large, max-video-preview:-1\" \/>\n<link rel=\"canonical\" href=\"https:\/\/thietbitmg.com\/demo\/samminhthinh\/dong-trung-ha-thao-kho-xuat-xu-viet-nam-loai-10g\/\" \/>\n<meta property=\"og:locale\" content=\"vi_VN\" \/>\n<meta property=\"og:type\" content=\"article\" \/>\n<meta property=\"og:title\" content=\"\u0110\u00f4ng tr\u00f9ng h\u1ea1 th\u1ea3o kh\u00f4 xu\u1ea5t x\u1ee9 Vi\u1ec7t Nam lo\u1ea1i 10g - S\u00c2M MINH TH\u1ecaNH\" \/>\n<meta property=\"og:description\" content=\"\u2721\u00a0\u0110\u00f4ng tr\u00f9ng h\u1ea1 th\u1ea3o s\u1ee3i kh\u00f4 Vi\u1ec7t Nam 10g:\u00a0\u0111\u01b0\u1ee3c nu\u00f4i tr\u1ed3ng theo ti\u00eau chu\u1ea9n ph\u00f2ng s\u1ea1ch v\u00e0 \u0111\u01b0\u1ee3c m\u00f4 ph\u1ecfng t\u01b0\u01a1ng t\u1ef1 v\u1edbi \u0111i\u1ec1u ki\u1ec7n s\u1ed1ng thi\u00ean nhi\u00ean c\u1ee7a \u0111\u00f4ng tr\u00f9ng h\u1ea1 th\u1ea3o n\u00ean gi\u1eef \u0111\u01b0\u1ee3c c\u00e1c d\u01b0\u1ee3c ch\u1ea5t qu\u00fd gi\u00e1 gi\u1ed1ng nh\u01b0 \u0111\u00f4ng tr\u00f9ng h\u1ea1 th\u1ea3o ngo\u00e0i t\u1ef1 nhi\u00ean\" \/>\n<meta property=\"og:url\" content=\"https:\/\/thietbitmg.com\/demo\/samminhthinh\/dong-trung-ha-thao-kho-xuat-xu-viet-nam-loai-10g\/\" \/>\n<meta property=\"og:site_name\" content=\"S\u00c2M MINH TH\u1ecaNH\" \/>\n<meta property=\"og:image\" content=\"https:\/\/thietbitmg.com\/demo\/samminhthinh\/wp-content\/uploads\/2022\/03\/dong-trung-ha-thao-kho-viet-nam10g_thumb.png\" \/>\n\t<meta property=\"og:image:width\" content=\"250\" \/>\n\t<meta property=\"og:image:height\" content=\"164\" \/>\n<meta name=\"twitter:card\" content=\"summary_large_image\" \/>\n<meta name=\"twitter:label1\" content=\"\u01af\u1edbc t\u00ednh th\u1eddi gian \u0111\u1ecdc\">\n\t<meta name=\"twitter:data1\" content=\"1 ph\u00fat\">\n<script type=\"application\/ld+json\" class=\"yoast-schema-graph\">{\"@context\":\"https:\/\/schema.org\",\"@graph\":[{\"@type\":\"WebSite\",\"@id\":\"https:\/\/thietbitmg.com\/demo\/samminhthinh\/#website\",\"url\":\"https:\/\/thietbitmg.com\/demo\/samminhthinh\/\",\"name\":\"S\\u00c2M MINH TH\\u1ecaNH\",\"description\":\"TRANG CH\\u1ee6\",\"potentialAction\":[{\"@type\":\"SearchAction\",\"target\":\"https:\/\/thietbitmg.com\/demo\/samminhthinh\/?s={search_term_string}\",\"query-input\":\"required name=search_term_string\"}],\"inLanguage\":\"vi\"},{\"@type\":\"ImageObject\",\"@id\":\"https:\/\/thietbitmg.com\/demo\/samminhthinh\/dong-trung-ha-thao-kho-xuat-xu-viet-nam-loai-10g\/#primaryimage\",\"inLanguage\":\"vi\",\"url\":\"https:\/\/thietbitmg.com\/demo\/samminhthinh\/wp-content\/uploads\/2022\/03\/dong-trung-ha-thao-kho-viet-nam10g_thumb.png\",\"width\":250,\"height\":164},{\"@type\":\"WebPage\",\"@id\":\"https:\/\/thietbitmg.com\/demo\/samminhthinh\/dong-trung-ha-thao-kho-xuat-xu-viet-nam-loai-10g\/#webpage\",\"url\":\"https:\/\/thietbitmg.com\/demo\/samminhthinh\/dong-trung-ha-thao-kho-xuat-xu-viet-nam-loai-10g\/\",\"name\":\"\\u0110\\u00f4ng tr\\u00f9ng h\\u1ea1 th\\u1ea3o kh\\u00f4 xu\\u1ea5t x\\u1ee9 Vi\\u1ec7t Nam lo\\u1ea1i 10g - S\\u00c2M MINH TH\\u1ecaNH\",\"isPartOf\":{\"@id\":\"https:\/\/thietbitmg.com\/demo\/samminhthinh\/#website\"},\"primaryImageOfPage\":{\"@id\":\"https:\/\/thietbitmg.com\/demo\/samminhthinh\/dong-trung-ha-thao-kho-xuat-xu-viet-nam-loai-10g\/#primaryimage\"},\"datePublished\":\"2022-03-01T02:41:23+00:00\",\"dateModified\":\"2022-03-01T02:41:23+00:00\",\"breadcrumb\":{\"@id\":\"https:\/\/thietbitmg.com\/demo\/samminhthinh\/dong-trung-ha-thao-kho-xuat-xu-viet-nam-loai-10g\/#breadcrumb\"},\"inLanguage\":\"vi\",\"potentialAction\":[{\"@type\":\"ReadAction\",\"target\":[\"https:\/\/thietbitmg.com\/demo\/samminhthinh\/dong-trung-ha-thao-kho-xuat-xu-viet-nam-loai-10g\/\"]}]},{\"@type\":\"BreadcrumbList\",\"@id\":\"https:\/\/thietbitmg.com\/demo\/samminhthinh\/dong-trung-ha-thao-kho-xuat-xu-viet-nam-loai-10g\/#breadcrumb\",\"itemListElement\":[{\"@type\":\"ListItem\",\"position\":1,\"item\":{\"@type\":\"WebPage\",\"@id\":\"https:\/\/thietbitmg.com\/demo\/samminhthinh\/\",\"url\":\"https:\/\/thietbitmg.com\/demo\/samminhthinh\/\",\"name\":\"Home\"}},{\"@type\":\"ListItem\",\"position\":2,\"item\":{\"@type\":\"WebPage\",\"@id\":\"https:\/\/thietbitmg.com\/demo\/samminhthinh\/shop\/\",\"url\":\"https:\/\/thietbitmg.com\/demo\/samminhthinh\/shop\/\",\"name\":\"Shop\"}},{\"@type\":\"ListItem\",\"position\":3,\"item\":{\"@type\":\"WebPage\",\"@id\":\"https:\/\/thietbitmg.com\/demo\/samminhthinh\/dong-trung-ha-thao-kho-xuat-xu-viet-nam-loai-10g\/\",\"url\":\"https:\/\/thietbitmg.com\/demo\/samminhthinh\/dong-trung-ha-thao-kho-xuat-xu-viet-nam-loai-10g\/\",\"name\":\"\\u0110\\u00f4ng tr\\u00f9ng h\\u1ea1 th\\u1ea3o kh\\u00f4 xu\\u1ea5t x\\u1ee9 Vi\\u1ec7t Nam lo\\u1ea1i 10g\"}}]}]}<\/script>\n<!-- \/ Yoast SEO Premium plugin. -->","_links":{"self":[{"href":"https:\/\/thietbitmg.com\/demo\/samminhthinh\/wp-json\/wp\/v2\/product\/3725"}],"collection":[{"href":"https:\/\/thietbitmg.com\/demo\/samminhthinh\/wp-json\/wp\/v2\/product"}],"about":[{"href":"https:\/\/thietbitmg.com\/demo\/samminhthinh\/wp-json\/wp\/v2\/types\/product"}],"replies":[{"embeddable":true,"href":"https:\/\/thietbitmg.com\/demo\/samminhthinh\/wp-json\/wp\/v2\/comments?post=3725"}],"wp:featuredmedia":[{"embeddable":true,"href":"https:\/\/thietbitmg.com\/demo\/samminhthinh\/wp-json\/wp\/v2\/media\/3726"}],"wp:attachment":[{"href":"https:\/\/thietbitmg.com\/demo\/samminhthinh\/wp-json\/wp\/v2\/media?parent=3725"}],"curies":[{"name":"wp","href":"https:\/\/api.w.org\/{rel}","templated":true}]}}