{"id":3732,"date":"2022-03-01T02:45:26","date_gmt":"2022-03-01T02:45:26","guid":{"rendered":"https:\/\/samminhthinh.com\/?post_type=product&#038;p=3732"},"modified":"2022-03-01T02:45:26","modified_gmt":"2022-03-01T02:45:26","slug":"vien-linh-chi-han-quoc-kgs-hop-giay-120-vien","status":"publish","type":"product","link":"https:\/\/thietbitmg.com\/demo\/samminhthinh\/vien-linh-chi-han-quoc-kgs-hop-giay-120-vien\/","title":{"rendered":"Vi\u00ean linh chi H\u00e0n Qu\u1ed1c KGS h\u1ed9p gi\u1ea5y 120&hellip;"},"content":{"rendered":"<p>\u27a2\u00a0Khi cu\u1ed9c s\u1ed1ng ng\u00e0y c\u00e0ng ph\u00e1t tri\u1ec3n, con ng\u01b0\u1eddi c\u00e0ng b\u1ecb cu\u1ed1n v\u00e0o v\u00f2ng xo\u00e1y c\u1ee7a b\u1ed9n b\u1ec1 c\u00f4ng vi\u1ec7c, v\u1edbi v\u00f4 v\u00e0n nguy\u00ean nh\u00e2n khi\u1ebfn s\u1ee9c kh\u1ecfe c\u1ee7a ch\u00fang ta ng\u00e0y c\u00e0ng y\u1ebfu \u0111i, nguy c\u01a1 m\u1eafc b\u1ec7nh t\u1eadt t\u0103ng cao. Nh\u01b0ng ch\u1ec9 \u0111\u1ebfn khi s\u1ee9c kh\u1ecfe b\u1ecb \u1ea3nh h\u01b0\u1edfng nghi\u00eam tr\u1ecdng, c\u01a1 th\u1ec3 con ng\u01b0\u1eddi ph\u1ea3i \u0111\u1ed1i di\u1ec7n v\u1edbi b\u00ea\u0323nh t\u00e2\u0323t, cu\u1ed9c s\u1ed1ng b\u1ecb thay \u0111\u1ed5i theo chi\u1ec1u h\u01b0\u1edbng ti\u00eau c\u1ef1c, th\u00ec l\u00fac \u0111\u00f3 ch\u00fang ta m\u1edbi nh\u1eadn ra s\u1ee9c kh\u1ecfe quan tr\u1ecdng nh\u01b0 th\u1ebf n\u00e0o. Ch\u00fang ta s\u1ebd c\u1ea3m th\u1ea5y h\u1ed1i h\u1eadn v\u00ec \u0111\u00e3 kh\u00f4ng d\u00e0nh th\u1eddi gian quan t\u00e2m ch\u0103m s\u00f3c s\u1ee9c kh\u1ecfe m\u1ed9t c\u00e1ch t\u1ed1t nh\u1ea5t.<\/p>\n<p>\u27a2\u00a0V\u00e0 khi \u0111\u00f3 b\u1ea1n nh\u1eadn\u00a0 s\u1ebd c\u1ea3m th\u1ea5y\u00a0 h\u1ed1i h\u1eadn v\u00ec kh\u00f4ng ch\u0103m s\u00f3c s\u1ee9c kh\u1ecfe m\u1ed9t c\u00e1ch t\u1ed1t nh\u1ea5t .V\u1eady n\u00ean d\u00f9 c\u00f3 nhi\u1ec1u\u00a0 hay \u00edt th\u1eddi gian b\u1ea1n c\u0169ng kh\u00f4ng \u0111\u01b0\u1ee3c b\u1ecf b\u00ea \u0111\u1ebfn s\u1ee9c kh\u1ecfe c\u1ee7a m\u00ecnh.\u00a0<strong>Vi\u00ean linh chi H\u00e0n Qu\u1ed1c KGS h\u1ed9p gi\u1ea5y 120 vi\u00ean<\/strong>\u00a0l\u00e0 gi\u1ea3i ph\u00e1p t\u1ed1i \u01b0u, hi\u1ec7u qu\u1ea3 nh\u1ea5t cho\u00a0 ch\u00fang ta trong vi\u1ec7c ch\u0103m s\u00f3c, c\u1ea3i thi\u1ec7n s\u1ee9c kh\u1ecfe, c\u0169ng nh\u01b0 ph\u00f2ng ch\u1ed1ng v\u00e0 h\u1ed7 tr\u1ee3 \u0111i\u1ec1u tr\u1ecb c\u00e1c lo\u1ea1i b\u1ec7nh t\u00e2t.<\/p>\n<p>\u27a2\u00a0Th\u1eddi gian d\u00e0nh cho c\u00f4ng vi\u1ec7c th\u00ec nhi\u1ec1u m\u00e0\u00a0 \u0111\u1ec3 ch\u0103m s\u00f3c v\u00e0\u00a0 b\u1ea3o v\u1ec7 s\u1ee9c kh\u1ecfe th\u00ec l\u1ea1i qu\u00e1 \u00edt. C\u00f3 c\u00e2u &#8220;S\u1ee9c kh\u1ecfe l\u00e0 v\u00e0ng &#8221;\u00a0 ch\u1ec9 khi\u00a0 s\u1ee9c kh\u1ecfe b\u1ecb \u1ea3nh h\u01b0\u1edfng, c\u01a1 th\u1ec3 con ng\u01b0\u1eddi \u0111\u1ed1i di\u1ec7n v\u1edbi b\u00ea\u0323nh t\u00e2\u0323t, cu\u1ed9c s\u1ed1ng c\u1ee7a b\u1ea1n v\u00e0 ng\u01b0\u1eddi th\u00e2n b\u1ecb thay \u0111\u1ed5i theo chi\u1ec1u h\u01b0\u1edbng ti\u00eau c\u1ef1c, khi \u0111\u00f3 b\u1ea1n m\u1edbi nh\u1eadn\u00a0 th\u1ea5y s\u1ee9c kh\u1ecfe quan tr\u1ecdng nh\u01b0 th\u1ebf n\u00e0o? D\u00f9 c\u00f3 \u00edt th\u1eddi gian b\u1ea1n v\u1eabn c\u00f3 th\u1ec3 ch\u0103m s\u00f3c s\u1ee9c kh\u1ecfe c\u1ee7a m\u00ecnh v\u00e0 ng\u01b0\u1eddi th\u00e2n v\u1edbi\u00a0Vi\u00ean linh chi H\u00e0n Qu\u1ed1c KGS h\u1ed9p gi\u1ea5y 120 vi\u00ean. \u0110\u00e2y ch\u00ednh l\u00e0 gi\u1ea3i ph\u00e1p t\u1ed1i \u01b0u cho hi\u1ec7u qu\u1ea3 cao trong vi\u1ec7c ch\u0103m s\u00f3c, n\u00e2ng cao s\u1ee9c kh\u1ecfe c\u0169ng nh\u01b0 ph\u00f2ng tr\u00e1nh v\u00e0 h\u1ed7 tr\u1ee3 ch\u1eefa tr\u1ecb m\u1ed9t s\u1ed1 b\u1ec7nh t\u1eadt th\u01b0\u1eddng g\u1eb7p. Vi\u00ean linh chi h\u00e0n qu\u1ed1c chi\u1ebft xu\u1ea5t ho\u00e0n to\u00e0n t\u1eeb tinh ch\u1ea5t n\u1ea5m linh chi \u0111\u1ecf v\u00e0 c\u00f4 \u0111\u1eb7c th\u00e0nh vi\u00ean d\u1ea1ng con nh\u1ed9ng r\u1ea5t d\u1ec5 u\u1ed1ng v\u00e0 ti\u1ec7n d\u1ee5ng \u1edf m\u1ecdi l\u00fac m\u1ecdi n\u01a1i.<\/p>\n<p>\u27a2\u00a0Vi\u00ean linh chi H\u00e0n Qu\u1ed1c KGS h\u1ed9p gi\u1ea5y 120 vi\u00ean\u00a0ch\u1ea5t l\u01b0\u1ee3ng cao c\u1ea5p m\u00e0 ti\u1ec7n d\u1ee5ng,\u00a0ph\u00f2ng b\u1ec7nh t\u1eadt cho b\u1ea1n s\u1ee9c kh\u1ecfe d\u1ed3i d\u00e0o.<\/p>\n","protected":false},"excerpt":{"rendered":"<p>\u2721\u00a0<strong>Vi\u00ean linh chi H\u00e0n Qu\u1ed1c KGS h\u1ed9p gi\u1ea5y 120 vi\u00ean<\/strong>\u00a0\u0111\u01b0\u1ee3c tinh ch\u1ebf t\u1eeb 100% tinh ch\u1ea5t N\u1ea5m linh chi n\u00fai \u0111\u1ecf d\u1ea1ng t\u1ed1t nh\u1ea5t H\u00e0n Qu\u1ed1c, c\u00f4 \u0111\u1eb7c th\u00e0nh vi\u00ean d\u1ea1ng con nh\u1ed9ng \u0111\u1ec3 d\u1ec5 u\u1ed1ng v\u00e0 ti\u1ec7n d\u1ee5ng m\u1ecdi l\u00fac m\u1ecdi n\u01a1i. Vi\u00ean linh chi H\u00e0n Qu\u1ed1c KGS h\u1ed9p gi\u1ea5y 120 vi\u00ean l\u00e0 s\u1ea3n ph\u1ea9m t\u1ed1t cho s\u1ee9c kh\u1ecfe v\u00e0 ti\u1ec7n d\u1ee5ng cho cu\u1ed9c s\u1ed1ng hi\u1ec7n \u0111\u1ea1i ng\u00e0y nay.<\/p>\n<p>\u2721\u00a0S\u1ea3n ph\u1ea9m r\u1ea5t th\u00edch h\u1ee3p cho ng\u01b0\u1eddi kh\u00f4ng th\u00edch v\u1ecb \u0111\u1eafng c\u1ee7a n\u1ea5m linh chi. B\u1ea1n c\u00f3 th\u1ec3 d\u00f9ng \u0111\u1ec3 ch\u0103m s\u00f3c s\u1ee9c kh\u1ecfe cho b\u1ea3n th\u00e2n, gia \u0111\u00ecnh hay l\u00e0m qu\u00e0 bi\u1ebfu t\u1eb7ng ng\u01b0\u1eddi th\u00e2n v\u00e0o nh\u1eefng d\u1ecbp \u0111\u1eb7c bi\u1ec7t s\u1ebd r\u1ea5t c\u00f3 \u00fd ngh\u0129a.<\/p>\n","protected":false},"featured_media":3733,"comment_status":"open","ping_status":"closed","template":"","meta":[],"yoast_head":"<!-- This site is optimized with the Yoast SEO Premium plugin v15.9.1 - https:\/\/yoast.com\/wordpress\/plugins\/seo\/ -->\n<title>Vi\u00ean linh chi H\u00e0n Qu\u1ed1c KGS h\u1ed9p gi\u1ea5y 120 vi\u00ean - S\u00c2M MINH TH\u1ecaNH<\/title>\n<meta name=\"robots\" content=\"index, follow, max-snippet:-1, max-image-preview:large, max-video-preview:-1\" \/>\n<link rel=\"canonical\" href=\"https:\/\/thietbitmg.com\/demo\/samminhthinh\/vien-linh-chi-han-quoc-kgs-hop-giay-120-vien\/\" \/>\n<meta property=\"og:locale\" content=\"vi_VN\" \/>\n<meta property=\"og:type\" content=\"article\" \/>\n<meta property=\"og:title\" content=\"Vi\u00ean linh chi H\u00e0n Qu\u1ed1c KGS h\u1ed9p gi\u1ea5y 120 vi\u00ean - S\u00c2M MINH TH\u1ecaNH\" \/>\n<meta property=\"og:description\" content=\"\u2721\u00a0Vi\u00ean linh chi H\u00e0n Qu\u1ed1c KGS h\u1ed9p gi\u1ea5y 120 vi\u00ean\u00a0\u0111\u01b0\u1ee3c tinh ch\u1ebf t\u1eeb 100% tinh ch\u1ea5t N\u1ea5m linh chi n\u00fai \u0111\u1ecf d\u1ea1ng t\u1ed1t nh\u1ea5t H\u00e0n Qu\u1ed1c, c\u00f4 \u0111\u1eb7c th\u00e0nh vi\u00ean d\u1ea1ng con nh\u1ed9ng \u0111\u1ec3 d\u1ec5 u\u1ed1ng v\u00e0 ti\u1ec7n d\u1ee5ng m\u1ecdi l\u00fac m\u1ecdi n\u01a1i. Vi\u00ean linh chi H\u00e0n Qu\u1ed1c KGS h\u1ed9p gi\u1ea5y 120 vi\u00ean l\u00e0 s\u1ea3n ph\u1ea9m t\u1ed1t cho s\u1ee9c kh\u1ecfe v\u00e0 ti\u1ec7n d\u1ee5ng cho cu\u1ed9c s\u1ed1ng hi\u1ec7n \u0111\u1ea1i ng\u00e0y nay.  \u2721\u00a0S\u1ea3n ph\u1ea9m r\u1ea5t th\u00edch h\u1ee3p cho ng\u01b0\u1eddi kh\u00f4ng th\u00edch v\u1ecb \u0111\u1eafng c\u1ee7a n\u1ea5m linh chi. B\u1ea1n c\u00f3 th\u1ec3 d\u00f9ng \u0111\u1ec3 ch\u0103m s\u00f3c s\u1ee9c kh\u1ecfe cho b\u1ea3n th\u00e2n, gia \u0111\u00ecnh hay l\u00e0m qu\u00e0 bi\u1ebfu t\u1eb7ng ng\u01b0\u1eddi th\u00e2n v\u00e0o nh\u1eefng d\u1ecbp \u0111\u1eb7c bi\u1ec7t s\u1ebd r\u1ea5t c\u00f3 \u00fd ngh\u0129a.\" \/>\n<meta property=\"og:url\" content=\"https:\/\/thietbitmg.com\/demo\/samminhthinh\/vien-linh-chi-han-quoc-kgs-hop-giay-120-vien\/\" \/>\n<meta property=\"og:site_name\" content=\"S\u00c2M MINH TH\u1ecaNH\" \/>\n<meta property=\"og:image\" content=\"https:\/\/thietbitmg.com\/demo\/samminhthinh\/wp-content\/uploads\/2022\/03\/vien-linh-chi-han-quoc-kgs-hop-giay-120-vien_thumb.jpg\" \/>\n\t<meta property=\"og:image:width\" content=\"250\" \/>\n\t<meta property=\"og:image:height\" content=\"164\" \/>\n<meta name=\"twitter:card\" content=\"summary_large_image\" \/>\n<meta name=\"twitter:label1\" content=\"\u01af\u1edbc t\u00ednh th\u1eddi gian \u0111\u1ecdc\">\n\t<meta name=\"twitter:data1\" content=\"3 ph\u00fat\">\n<script type=\"application\/ld+json\" class=\"yoast-schema-graph\">{\"@context\":\"https:\/\/schema.org\",\"@graph\":[{\"@type\":\"WebSite\",\"@id\":\"https:\/\/thietbitmg.com\/demo\/samminhthinh\/#website\",\"url\":\"https:\/\/thietbitmg.com\/demo\/samminhthinh\/\",\"name\":\"S\\u00c2M MINH TH\\u1ecaNH\",\"description\":\"TRANG CH\\u1ee6\",\"potentialAction\":[{\"@type\":\"SearchAction\",\"target\":\"https:\/\/thietbitmg.com\/demo\/samminhthinh\/?s={search_term_string}\",\"query-input\":\"required name=search_term_string\"}],\"inLanguage\":\"vi\"},{\"@type\":\"ImageObject\",\"@id\":\"https:\/\/thietbitmg.com\/demo\/samminhthinh\/vien-linh-chi-han-quoc-kgs-hop-giay-120-vien\/#primaryimage\",\"inLanguage\":\"vi\",\"url\":\"https:\/\/thietbitmg.com\/demo\/samminhthinh\/wp-content\/uploads\/2022\/03\/vien-linh-chi-han-quoc-kgs-hop-giay-120-vien_thumb.jpg\",\"width\":250,\"height\":164},{\"@type\":\"WebPage\",\"@id\":\"https:\/\/thietbitmg.com\/demo\/samminhthinh\/vien-linh-chi-han-quoc-kgs-hop-giay-120-vien\/#webpage\",\"url\":\"https:\/\/thietbitmg.com\/demo\/samminhthinh\/vien-linh-chi-han-quoc-kgs-hop-giay-120-vien\/\",\"name\":\"Vi\\u00ean linh chi H\\u00e0n Qu\\u1ed1c KGS h\\u1ed9p gi\\u1ea5y 120 vi\\u00ean - S\\u00c2M MINH TH\\u1ecaNH\",\"isPartOf\":{\"@id\":\"https:\/\/thietbitmg.com\/demo\/samminhthinh\/#website\"},\"primaryImageOfPage\":{\"@id\":\"https:\/\/thietbitmg.com\/demo\/samminhthinh\/vien-linh-chi-han-quoc-kgs-hop-giay-120-vien\/#primaryimage\"},\"datePublished\":\"2022-03-01T02:45:26+00:00\",\"dateModified\":\"2022-03-01T02:45:26+00:00\",\"breadcrumb\":{\"@id\":\"https:\/\/thietbitmg.com\/demo\/samminhthinh\/vien-linh-chi-han-quoc-kgs-hop-giay-120-vien\/#breadcrumb\"},\"inLanguage\":\"vi\",\"potentialAction\":[{\"@type\":\"ReadAction\",\"target\":[\"https:\/\/thietbitmg.com\/demo\/samminhthinh\/vien-linh-chi-han-quoc-kgs-hop-giay-120-vien\/\"]}]},{\"@type\":\"BreadcrumbList\",\"@id\":\"https:\/\/thietbitmg.com\/demo\/samminhthinh\/vien-linh-chi-han-quoc-kgs-hop-giay-120-vien\/#breadcrumb\",\"itemListElement\":[{\"@type\":\"ListItem\",\"position\":1,\"item\":{\"@type\":\"WebPage\",\"@id\":\"https:\/\/thietbitmg.com\/demo\/samminhthinh\/\",\"url\":\"https:\/\/thietbitmg.com\/demo\/samminhthinh\/\",\"name\":\"Home\"}},{\"@type\":\"ListItem\",\"position\":2,\"item\":{\"@type\":\"WebPage\",\"@id\":\"https:\/\/thietbitmg.com\/demo\/samminhthinh\/shop\/\",\"url\":\"https:\/\/thietbitmg.com\/demo\/samminhthinh\/shop\/\",\"name\":\"Shop\"}},{\"@type\":\"ListItem\",\"position\":3,\"item\":{\"@type\":\"WebPage\",\"@id\":\"https:\/\/thietbitmg.com\/demo\/samminhthinh\/vien-linh-chi-han-quoc-kgs-hop-giay-120-vien\/\",\"url\":\"https:\/\/thietbitmg.com\/demo\/samminhthinh\/vien-linh-chi-han-quoc-kgs-hop-giay-120-vien\/\",\"name\":\"Vi\\u00ean linh chi H\\u00e0n Qu\\u1ed1c KGS h\\u1ed9p gi\\u1ea5y 120 vi\\u00ean\"}}]}]}<\/script>\n<!-- \/ Yoast SEO Premium plugin. -->","_links":{"self":[{"href":"https:\/\/thietbitmg.com\/demo\/samminhthinh\/wp-json\/wp\/v2\/product\/3732"}],"collection":[{"href":"https:\/\/thietbitmg.com\/demo\/samminhthinh\/wp-json\/wp\/v2\/product"}],"about":[{"href":"https:\/\/thietbitmg.com\/demo\/samminhthinh\/wp-json\/wp\/v2\/types\/product"}],"replies":[{"embeddable":true,"href":"https:\/\/thietbitmg.com\/demo\/samminhthinh\/wp-json\/wp\/v2\/comments?post=3732"}],"wp:featuredmedia":[{"embeddable":true,"href":"https:\/\/thietbitmg.com\/demo\/samminhthinh\/wp-json\/wp\/v2\/media\/3733"}],"wp:attachment":[{"href":"https:\/\/thietbitmg.com\/demo\/samminhthinh\/wp-json\/wp\/v2\/media?parent=3732"}],"curies":[{"name":"wp","href":"https:\/\/api.w.org\/{rel}","templated":true}]}}