{"id":3738,"date":"2022-03-01T02:49:19","date_gmt":"2022-03-01T02:49:19","guid":{"rendered":"https:\/\/samminhthinh.com\/?post_type=product&#038;p=3738"},"modified":"2022-03-01T02:49:19","modified_gmt":"2022-03-01T02:49:19","slug":"cao-linh-chi-nhan-sam-han-quoc-achimmadang","status":"publish","type":"product","link":"https:\/\/thietbitmg.com\/demo\/samminhthinh\/cao-linh-chi-nhan-sam-han-quoc-achimmadang\/","title":{"rendered":"Cao linh chi nh\u00e2n s\u00e2m H\u00e0n Qu\u1ed1c Achimmadang"},"content":{"rendered":"<p>\u272a\u00a0<strong>T\u00e1c d\u1ee5ng:<\/strong><\/p>\n<p>\u2714\u00a0T\u0103ng s\u1ee9c t\u0103ng s\u1ee9c \u0111\u1ec1 kh\u00e1ng, ch\u1ed1ng m\u1ecfi m\u1ec7t.<\/p>\n<p>\u2714\u00a0B\u1ed5 m\u00e1u, l\u00e0m \u0111\u1eb9p da, ch\u1ed1ng l\u00e3o h\u00f3a.<\/p>\n<p>\u2714\u00a0T\u0103ng c\u01b0\u1eddng sinh l\u00fd nam n\u1eef.<\/p>\n<p>\u2714\u00a0\u0110i\u1ec1u h\u00f2a huy\u1ebft \u00e1p.<\/p>\n<p>\u2714\u00a0C\u1ea3i thi\u1ec7n ch\u1ee9c n\u0103ng c\u1ee7a n\u00e3o \u1edf ng\u01b0\u1eddi l\u1edbn tu\u1ed5i t\u0103ng tr\u00ed nh\u1edb, gi\u1ea3m ch\u1ee9ng m\u1ea5t tr\u00ed nh\u1edb.<\/p>\n<p>\u2714\u00a0T\u0103ng c\u01b0\u1eddng kh\u1ea3 n\u0103ng mi\u1ec5n d\u1ecbch.<\/p>\n<p>\u2714\u00a0Gi\u1ea3m cholesterol, ng\u0103n ng\u1eeba s\u1ef1 h\u00ecnh th\u00e0nh x\u01a1 v\u1eefa \u0111\u1ed9ng m\u1ea1ch.<\/p>\n<p>\u2714\u00a0Gi\u1ea3m t\u00e1c h\u1ea1i c\u1ee7a ch\u1ea5t ph\u00f3ng x\u1ea1.<\/p>\n<p>\u2714\u00a0Ph\u00f2ng ch\u1ed1ng kh\u1ed1i u, \u1ee9c ch\u1ebf ph\u00e1t tri\u1ec3n kh\u1ed1i u, d\u00f9ng t\u1ed1t cho b\u1ec7nh nh\u00e2n h\u00f3a tr\u1ecb v\u00e0 x\u1ea1 tr\u1ecb.<\/p>\n<p>\u2714\u00a0Ph\u00f2ng v\u00e0 ch\u1ed1ng b\u1ec7nh v\u1ec1\u00a0\u0111\u01b0\u1eddng.<\/p>\n<p>\u2714\u00a0M\u1ee9c \u0111\u1ed9 hi\u1ec7u qu\u1ea3 c\u1ee7a s\u1ea3n ph\u1ea9m t\u00f9y thu\u1ed9c v\u00e0o c\u01a1 \u0111\u1ecba v\u00e0 t\u00ecnh tr\u1ea1ng s\u1ee9c kh\u1ecfe c\u1ee7a m\u1ed7i ng\u01b0\u1eddi.<\/p>\n<p>\u2714\u00a0\u0110\u1ed1i v\u1edbi ng\u01b0\u1eddi c\u00f3 ti\u1ec1n s\u1eed b\u1ec7nh n\u1eb7ng hay c\u01a1 th\u1ec3 d\u1ec5 b\u1ecb d\u1ecb \u1ee9ng v\u1edbi c\u00e1c th\u00e0nh ph\u1ea7n kh\u00e1c th\u00ec n\u00ean tham kh\u1ea3o \u00fd ki\u1ebfn b\u00e1c s\u0129 tr\u01b0\u1edbc khi s\u1eed d\u1ee5ng<\/p>\n<p>\u2714\u00a0\u0110\u00e2y l\u00e0 s\u1ea3n ph\u1ea9m b\u1ed5 sung dinh d\u01b0\u1ee1ng, kh\u00f4ng ph\u1ea3i l\u00e0 thu\u1ed1c ch\u1eefa b\u1ec7nh, kh\u00f4ng c\u00f3 ch\u1ee9c n\u0103ng thay th\u1ebf thu\u1ed1c ch\u1eefa b\u1ec7nh.<\/p>\n<p>\u2714\u00a0\u0110\u1ec3 \u0111\u1ea3m b\u1ea3o ch\u1ecdn v\u00e0 s\u1eed d\u1ee5ng \u0111\u00fang s\u1ea3n ph\u1ea9m hi\u1ec7u qu\u1ea3 nh\u1ea5t \u0111\u1ed1i v\u1edbi s\u1ee9c kh\u1ecfe c\u1ee7a m\u1ed7i kh\u00e1ch h\u00e0ng, qu\u00fd kh\u00e1ch vui l\u00f2ng xem k\u1ef9 m\u00f4 t\u1ea3, c\u00f4ng d\u1ee5ng v\u00e0 h\u01b0\u1edbng d\u1eabn s\u1eed d\u1ee5ng s\u1ea3n ph\u1ea9m ho\u1eb7c li\u00ean h\u1ec7 tr\u1ef1c ti\u1ebfp s\u1ed1 \u0110T 090.77.999.88 \u0111\u1ec3 \u0111\u01b0\u1ee3c t\u01b0 v\u1ea5n k\u1ef9 h\u01a1n.<\/p>\n","protected":false},"excerpt":{"rendered":"<p>\u2721\u00a0<strong>Cao linh chi nh\u00e2n s\u00e2m H\u00e0n Qu\u1ed1c Achimmadang<\/strong>\u00a0l\u00e0 s\u1ea3n ph\u1ea9m ch\u1ea5t l\u01b0\u1ee3ng th\u01b0\u1ee3ng h\u1ea1ng,\u00a0h\u1ed7 tr\u1ee3 h\u00f4\u0300i ph\u1ee5c s\u1ee9c kh\u1ecfe v\u00e0 gi\u1ea3m m\u1ec7t m\u1ecfi.<\/p>\n<p>\u2721\u00a0Cao linh chi nh\u00e2n s\u00e2m H\u00e0n Qu\u1ed1c Achimmadang\u00a0\u0111\u01b0\u1ee3c s\u1ea3n xu\u1ea5t b\u1eb1ng c\u00f4ng ngh\u1ec7 hi\u1ec7n \u0111\u1ea1i t\u1ea1o l\u00ean s\u1ef1 k\u1ebft h\u1ee3p ho\u00e0n h\u1ea3o gi\u1eefa h\u1ed3ng s\u00e2m v\u00e0 linh chi H\u00e0n Qu\u1ed1c, mang l\u1ea1i nh\u1eefng c\u00f4ng d\u1ee5ng v\u00f4 c\u00f9ng qu\u00fd b\u00e1u, ch\u00ednh l\u00e0 gi\u1ea3i ph\u00e1p gi\u00fap ch\u00fang ta \u0111\u00e1nh tan c\u00e1c v\u1ea5n \u0111\u1ec1 v\u1ec1 s\u1ee9c kh\u1ecfe.<\/p>\n","protected":false},"featured_media":3739,"comment_status":"open","ping_status":"closed","template":"","meta":[],"yoast_head":"<!-- This site is optimized with the Yoast SEO Premium plugin v15.9.1 - https:\/\/yoast.com\/wordpress\/plugins\/seo\/ -->\n<title>Cao linh chi nh\u00e2n s\u00e2m H\u00e0n Qu\u1ed1c Achimmadang - S\u00c2M MINH TH\u1ecaNH<\/title>\n<meta name=\"robots\" content=\"index, follow, max-snippet:-1, max-image-preview:large, max-video-preview:-1\" \/>\n<link rel=\"canonical\" href=\"https:\/\/thietbitmg.com\/demo\/samminhthinh\/cao-linh-chi-nhan-sam-han-quoc-achimmadang\/\" \/>\n<meta property=\"og:locale\" content=\"vi_VN\" \/>\n<meta property=\"og:type\" content=\"article\" \/>\n<meta property=\"og:title\" content=\"Cao linh chi nh\u00e2n s\u00e2m H\u00e0n Qu\u1ed1c Achimmadang - S\u00c2M MINH TH\u1ecaNH\" \/>\n<meta property=\"og:description\" content=\"\u2721\u00a0Cao linh chi nh\u00e2n s\u00e2m H\u00e0n Qu\u1ed1c Achimmadang\u00a0l\u00e0 s\u1ea3n ph\u1ea9m ch\u1ea5t l\u01b0\u1ee3ng th\u01b0\u1ee3ng h\u1ea1ng,\u00a0h\u1ed7 tr\u1ee3 h\u00f4\u0300i ph\u1ee5c s\u1ee9c kh\u1ecfe v\u00e0 gi\u1ea3m m\u1ec7t m\u1ecfi.  \u2721\u00a0Cao linh chi nh\u00e2n s\u00e2m H\u00e0n Qu\u1ed1c Achimmadang\u00a0\u0111\u01b0\u1ee3c s\u1ea3n xu\u1ea5t b\u1eb1ng c\u00f4ng ngh\u1ec7 hi\u1ec7n \u0111\u1ea1i t\u1ea1o l\u00ean s\u1ef1 k\u1ebft h\u1ee3p ho\u00e0n h\u1ea3o gi\u1eefa h\u1ed3ng s\u00e2m v\u00e0 linh chi H\u00e0n Qu\u1ed1c, mang l\u1ea1i nh\u1eefng c\u00f4ng d\u1ee5ng v\u00f4 c\u00f9ng qu\u00fd b\u00e1u, ch\u00ednh l\u00e0 gi\u1ea3i ph\u00e1p gi\u00fap ch\u00fang ta \u0111\u00e1nh tan c\u00e1c v\u1ea5n \u0111\u1ec1 v\u1ec1 s\u1ee9c kh\u1ecfe.\" \/>\n<meta property=\"og:url\" content=\"https:\/\/thietbitmg.com\/demo\/samminhthinh\/cao-linh-chi-nhan-sam-han-quoc-achimmadang\/\" \/>\n<meta property=\"og:site_name\" content=\"S\u00c2M MINH TH\u1ecaNH\" \/>\n<meta property=\"og:image\" content=\"https:\/\/thietbitmg.com\/demo\/samminhthinh\/wp-content\/uploads\/2022\/03\/cao-linh-chi-nhan-sam-han-quoc-achimmadang_thumb.jpg\" \/>\n\t<meta property=\"og:image:width\" content=\"250\" \/>\n\t<meta property=\"og:image:height\" content=\"164\" \/>\n<meta name=\"twitter:card\" content=\"summary_large_image\" \/>\n<meta name=\"twitter:label1\" content=\"\u01af\u1edbc t\u00ednh th\u1eddi gian \u0111\u1ecdc\">\n\t<meta name=\"twitter:data1\" content=\"2 ph\u00fat\">\n<script type=\"application\/ld+json\" class=\"yoast-schema-graph\">{\"@context\":\"https:\/\/schema.org\",\"@graph\":[{\"@type\":\"WebSite\",\"@id\":\"https:\/\/thietbitmg.com\/demo\/samminhthinh\/#website\",\"url\":\"https:\/\/thietbitmg.com\/demo\/samminhthinh\/\",\"name\":\"S\\u00c2M MINH TH\\u1ecaNH\",\"description\":\"TRANG CH\\u1ee6\",\"potentialAction\":[{\"@type\":\"SearchAction\",\"target\":\"https:\/\/thietbitmg.com\/demo\/samminhthinh\/?s={search_term_string}\",\"query-input\":\"required name=search_term_string\"}],\"inLanguage\":\"vi\"},{\"@type\":\"ImageObject\",\"@id\":\"https:\/\/thietbitmg.com\/demo\/samminhthinh\/cao-linh-chi-nhan-sam-han-quoc-achimmadang\/#primaryimage\",\"inLanguage\":\"vi\",\"url\":\"https:\/\/thietbitmg.com\/demo\/samminhthinh\/wp-content\/uploads\/2022\/03\/cao-linh-chi-nhan-sam-han-quoc-achimmadang_thumb.jpg\",\"width\":250,\"height\":164},{\"@type\":\"WebPage\",\"@id\":\"https:\/\/thietbitmg.com\/demo\/samminhthinh\/cao-linh-chi-nhan-sam-han-quoc-achimmadang\/#webpage\",\"url\":\"https:\/\/thietbitmg.com\/demo\/samminhthinh\/cao-linh-chi-nhan-sam-han-quoc-achimmadang\/\",\"name\":\"Cao linh chi nh\\u00e2n s\\u00e2m H\\u00e0n Qu\\u1ed1c Achimmadang - S\\u00c2M MINH TH\\u1ecaNH\",\"isPartOf\":{\"@id\":\"https:\/\/thietbitmg.com\/demo\/samminhthinh\/#website\"},\"primaryImageOfPage\":{\"@id\":\"https:\/\/thietbitmg.com\/demo\/samminhthinh\/cao-linh-chi-nhan-sam-han-quoc-achimmadang\/#primaryimage\"},\"datePublished\":\"2022-03-01T02:49:19+00:00\",\"dateModified\":\"2022-03-01T02:49:19+00:00\",\"breadcrumb\":{\"@id\":\"https:\/\/thietbitmg.com\/demo\/samminhthinh\/cao-linh-chi-nhan-sam-han-quoc-achimmadang\/#breadcrumb\"},\"inLanguage\":\"vi\",\"potentialAction\":[{\"@type\":\"ReadAction\",\"target\":[\"https:\/\/thietbitmg.com\/demo\/samminhthinh\/cao-linh-chi-nhan-sam-han-quoc-achimmadang\/\"]}]},{\"@type\":\"BreadcrumbList\",\"@id\":\"https:\/\/thietbitmg.com\/demo\/samminhthinh\/cao-linh-chi-nhan-sam-han-quoc-achimmadang\/#breadcrumb\",\"itemListElement\":[{\"@type\":\"ListItem\",\"position\":1,\"item\":{\"@type\":\"WebPage\",\"@id\":\"https:\/\/thietbitmg.com\/demo\/samminhthinh\/\",\"url\":\"https:\/\/thietbitmg.com\/demo\/samminhthinh\/\",\"name\":\"Home\"}},{\"@type\":\"ListItem\",\"position\":2,\"item\":{\"@type\":\"WebPage\",\"@id\":\"https:\/\/thietbitmg.com\/demo\/samminhthinh\/shop\/\",\"url\":\"https:\/\/thietbitmg.com\/demo\/samminhthinh\/shop\/\",\"name\":\"Shop\"}},{\"@type\":\"ListItem\",\"position\":3,\"item\":{\"@type\":\"WebPage\",\"@id\":\"https:\/\/thietbitmg.com\/demo\/samminhthinh\/cao-linh-chi-nhan-sam-han-quoc-achimmadang\/\",\"url\":\"https:\/\/thietbitmg.com\/demo\/samminhthinh\/cao-linh-chi-nhan-sam-han-quoc-achimmadang\/\",\"name\":\"Cao linh chi nh\\u00e2n s\\u00e2m H\\u00e0n Qu\\u1ed1c Achimmadang\"}}]}]}<\/script>\n<!-- \/ Yoast SEO Premium plugin. -->","_links":{"self":[{"href":"https:\/\/thietbitmg.com\/demo\/samminhthinh\/wp-json\/wp\/v2\/product\/3738"}],"collection":[{"href":"https:\/\/thietbitmg.com\/demo\/samminhthinh\/wp-json\/wp\/v2\/product"}],"about":[{"href":"https:\/\/thietbitmg.com\/demo\/samminhthinh\/wp-json\/wp\/v2\/types\/product"}],"replies":[{"embeddable":true,"href":"https:\/\/thietbitmg.com\/demo\/samminhthinh\/wp-json\/wp\/v2\/comments?post=3738"}],"wp:featuredmedia":[{"embeddable":true,"href":"https:\/\/thietbitmg.com\/demo\/samminhthinh\/wp-json\/wp\/v2\/media\/3739"}],"wp:attachment":[{"href":"https:\/\/thietbitmg.com\/demo\/samminhthinh\/wp-json\/wp\/v2\/media?parent=3738"}],"curies":[{"name":"wp","href":"https:\/\/api.w.org\/{rel}","templated":true}]}}