{"id":3740,"date":"2022-03-01T02:50:28","date_gmt":"2022-03-01T02:50:28","guid":{"rendered":"https:\/\/samminhthinh.com\/?post_type=product&#038;p=3740"},"modified":"2022-03-01T03:05:35","modified_gmt":"2022-03-01T03:05:35","slug":"nuoc-hong-sam-linh-chi-han-quoc-cao-cap-chinh-hang-pocheon","status":"publish","type":"product","link":"https:\/\/thietbitmg.com\/demo\/samminhthinh\/nuoc-hong-sam-linh-chi-han-quoc-cao-cap-chinh-hang-pocheon\/","title":{"rendered":"N\u01b0\u1edbc h\u1ed3ng s\u00e2m linh-chi H\u00e0n Qu\u1ed1c cao c\u1ea5p Pocheon"},"content":{"rendered":"<p>\u27a2\u00a0<strong>N\u01b0\u1edbc H\u1ed3ng s\u00e2m Linh Chi Pocheon H\u00e0n Qu\u1ed1c<\/strong>\u00a0\u0111\u01b0\u1ee3c chi\u1ebft xu\u1ea5t t\u1eeb H\u1ed3ng s\u00e2m 06 n\u0103m tu\u1ed5i v\u00e0 nhi\u1ec1u lo\u1ea1i th\u1ea3o d\u01b0\u1ee3c thi\u00ean nhi\u00ean kh\u00e1c nhau, mang \u0111\u1ebfn c\u00e1c c\u00f4ng d\u1ee5ng v\u00f4 c\u00f9ng t\u1ed1t cho s\u1ee9c kh\u1ecfe. C\u00e1c th\u00e0nh ph\u1ea7n th\u1ea3o d\u01b0\u1ee3c c\u00f3 trong s\u1ea3n ph\u1ea9m bao g\u1ed3m: n\u1ea5m Linh Chi, s\u00e2m Angela, xuy\u00ean khung, t\u00e1o \u0111\u1ecf, \u0111\u1ecba ho\u00e0ng, r\u1ec5 cam th\u1ea3o, qu\u1ea3 x\u00e0 s\u00e0ng t\u1eed, qu\u1ebf v\u00e0 c\u00e1c th\u00e0nh ph\u1ea7n kh\u00e1c nh\u01b0 \u0111\u01b0\u1eddng fructose, acid citric, vitamin B2\u2026<\/p>\n<p>\u27a2\u00a0N\u01b0\u1edbc H\u1ed3ng s\u00e2m Linh Chi Pocheon l\u00e0 m\u1ed9t trong s\u1ea3n ph\u1ea9m b\u00e1n ch\u1ea1y nh\u1ea5t t\u1ea1i th\u1ecb tr\u01b0\u1eddng H\u00e0n Qu\u1ed1c<\/p>\n<p>\u27a2\u00a0V\u1edbi \u0111a d\u1ea1ng c\u00e1c c\u00f4ng d\u1ee5ng trong vi\u1ec7c b\u1ed3i b\u1ed5 s\u1ee9c kh\u1ecfe, n\u01b0\u1edbc H\u1ed3ng s\u00e2m Linh Chi Pocheon c\u00f2n \u0111\u01b0\u1ee3c xem l\u00e0 m\u1ed9t trong nh\u1eefng s\u1ea3n ph\u1ea9m n\u01b0\u1edbc H\u1ed3ng s\u00e2m Linh Chi t\u1ed1t nh\u1ea5t tr\u00ean th\u1ecb tr\u01b0\u1eddng hi\u1ec7n nay t\u1ea1i H\u00e0n Qu\u1ed1c.\u00a0S\u1ea3n ph\u1ea9m n\u00e0y \u0111\u01b0\u1ee3c s\u1ea3n xu\u1ea5t tr\u1ef1c ti\u1ebfp b\u1edfi Pocheon &#8211; T\u1ed5 h\u1ee3p nu\u00f4i tr\u1ed3ng s\u1ea3n xu\u1ea5t nh\u00e2n s\u00e2m H\u00e0n Qu\u1ed1c \u0111\u01b0\u1ee3c th\u00e0nh l\u1eadp t\u1eeb n\u0103m 2005, k\u1ebf th\u1eeba k\u1ef9 thu\u1eadt s\u1ea3n xu\u1ea5t nh\u00e2n s\u00e2n h\u01a1n 40 n\u0103m c\u1ee7a H\u00e0n Qu\u1ed1c. Pocheon tr\u1ef1c ti\u1ebfp nu\u00f4i tr\u1ed3ng, x\u1eed l\u00fd v\u00e0 s\u1ea3n xu\u1ea5t c\u00e1c s\u1ea3n ph\u1ea9m chi\u1ebft xu\u1ea5t t\u1eeb nh\u00e2n s\u00e2m theo ph\u01b0\u01a1ng th\u1ee9c truy\u1ec1n th\u1ed1ng, \u0111\u1ea3m b\u1ea3o v\u1ec7 sinh an to\u00e0n th\u1ef1c ph\u1ea9m v\u00e0 \u0111\u00e3 \u0111\u01b0\u1ee3c Vi\u1ec7n ki\u1ec3m nghi\u1ec7m v\u1ec7 sinh an to\u00e0n th\u1ef1c ph\u1ea9m Hoa K\u1ef3 (FDA) ch\u1ee9ng nh\u1eadn.<\/p>\n","protected":false},"excerpt":{"rendered":"<p>\u2721\u00a0N\u01b0\u1edbc h\u1ed3ng s\u00e2m linh chi \u0111i\u1ec1u h\u00f2a huy\u1ebft \u00e1p, ph\u00f2ng ch\u1ed1ng cao huy\u1ebft \u00e1p, gi\u1ea3i \u0111\u1ed9c gan, ch\u1ed1ng\u00a0vi\u00eam v\u00e0 c\u00e1c kh\u1ed1i u, ph\u00f2ng ch\u1ed1ng b\u1ec7nh v\u1ec1\u00a0\u0111\u01b0\u1eddng.\u00a0\u0110\u1eb7c bi\u1ec7t b\u1ed3i b\u1ed5 s\u1ee9c kh\u1ecfe, b\u1ed5 m\u00e1u, b\u1ed5 th\u1ea7n kinh, ch\u1ed1ng suy nh\u01b0\u1ee3c c\u01a1 th\u1ec3, c\u1ea3i thi\u1ec7n s\u1ee9c kh\u1ecfe t\u1ed1t.<\/p>\n<p>\u2721\u00a0<strong>N\u01b0\u1edbc h\u1ed3ng s\u00e2m linh chi H\u00e0n Qu\u1ed1c<\/strong>\u00a0l\u00e0 d\u00f2ng s\u1ea3n ph\u1ea9m s\u00e2m H\u00e0n Qu\u1ed1c \u0111\u1ebfn t\u1eeb th\u01b0\u01a1ng hi\u1ec7u Pocheon, l\u00e0 l\u1ef1a ch\u1ecdn l\u00fd t\u01b0\u1edfng cho ng\u01b0\u1eddi ti\u00eau d\u00f9ng trong th\u1eddi bu\u1ed5i hi\u1ec7n \u0111\u1ea1i. S\u1ea3n ph\u1ea9m th\u00f4ng qua c\u00f4ng ngh\u1ec7 ch\u1ebf bi\u1ebfn ti\u00ean ti\u1ebfn \u0111\u00e3 gi\u1eef nguy\u00ean \u0111\u01b0\u1ee3c gi\u00e1 dinh d\u01b0\u1ee1ng.\u00a0C\u00f3 th\u1ec3 n\u00f3i, \u0111\u00e2y l\u00e0 d\u00f2ng s\u1ea3n ph\u1ea9m r\u1ea5t ph\u00f9 h\u1ee3p v\u1edbi ng\u01b0\u1eddi \u0111i l\u00e0m \u1edf hi\u1ec7n t\u1ea1i, khi m\u00e0 th\u1eddi gian d\u00e0nh cho c\u00f4ng vi\u1ec7c \u0111\u00e3 chi\u1ebfm g\u1ea7n nh\u01b0 to\u00e0n b\u1ed9 qu\u1ef9 th\u1eddi gian c\u1ee7a ng\u01b0\u1eddi d\u00f9ng. V\u1edbi n\u01b0\u1edbc h\u1ed3ng s\u00e2m linh chi H\u00e0n Qu\u1ed1c, b\u1ea1n s\u1ebd c\u00f3 th\u1ec3 linh ho\u1ea1t th\u1eddi gian ch\u0103m s\u00f3c v\u00e0 t\u0103ng c\u01b0\u1eddng s\u1ee9c kho\u1ebb cho b\u1ea3n th\u00e2n ngay c\u1ea3 khi \u0111ang l\u00e0m vi\u1ec7c.<\/p>\n","protected":false},"featured_media":3741,"comment_status":"open","ping_status":"closed","template":"","meta":[],"yoast_head":"<!-- This site is optimized with the Yoast SEO Premium plugin v15.9.1 - https:\/\/yoast.com\/wordpress\/plugins\/seo\/ -->\n<title>N\u01b0\u1edbc h\u1ed3ng s\u00e2m linh-chi H\u00e0n Qu\u1ed1c cao c\u1ea5p Pocheon - S\u00c2M MINH TH\u1ecaNH<\/title>\n<meta name=\"robots\" content=\"index, follow, max-snippet:-1, max-image-preview:large, max-video-preview:-1\" \/>\n<link rel=\"canonical\" href=\"https:\/\/thietbitmg.com\/demo\/samminhthinh\/nuoc-hong-sam-linh-chi-han-quoc-cao-cap-chinh-hang-pocheon\/\" \/>\n<meta property=\"og:locale\" content=\"vi_VN\" \/>\n<meta property=\"og:type\" content=\"article\" \/>\n<meta property=\"og:title\" content=\"N\u01b0\u1edbc h\u1ed3ng s\u00e2m linh-chi H\u00e0n Qu\u1ed1c cao c\u1ea5p Pocheon - S\u00c2M MINH TH\u1ecaNH\" \/>\n<meta property=\"og:description\" content=\"\u2721\u00a0N\u01b0\u1edbc h\u1ed3ng s\u00e2m linh chi \u0111i\u1ec1u h\u00f2a huy\u1ebft \u00e1p, ph\u00f2ng ch\u1ed1ng cao huy\u1ebft \u00e1p, gi\u1ea3i \u0111\u1ed9c gan, ch\u1ed1ng\u00a0vi\u00eam v\u00e0 c\u00e1c kh\u1ed1i u, ph\u00f2ng ch\u1ed1ng b\u1ec7nh v\u1ec1\u00a0\u0111\u01b0\u1eddng.\u00a0\u0110\u1eb7c bi\u1ec7t b\u1ed3i b\u1ed5 s\u1ee9c kh\u1ecfe, b\u1ed5 m\u00e1u, b\u1ed5 th\u1ea7n kinh, ch\u1ed1ng suy nh\u01b0\u1ee3c c\u01a1 th\u1ec3, c\u1ea3i thi\u1ec7n s\u1ee9c kh\u1ecfe t\u1ed1t.  \u2721\u00a0N\u01b0\u1edbc h\u1ed3ng s\u00e2m linh chi H\u00e0n Qu\u1ed1c\u00a0l\u00e0 d\u00f2ng s\u1ea3n ph\u1ea9m s\u00e2m H\u00e0n Qu\u1ed1c \u0111\u1ebfn t\u1eeb th\u01b0\u01a1ng hi\u1ec7u Pocheon, l\u00e0 l\u1ef1a ch\u1ecdn l\u00fd t\u01b0\u1edfng cho ng\u01b0\u1eddi ti\u00eau d\u00f9ng trong th\u1eddi bu\u1ed5i hi\u1ec7n \u0111\u1ea1i. S\u1ea3n ph\u1ea9m th\u00f4ng qua c\u00f4ng ngh\u1ec7 ch\u1ebf bi\u1ebfn ti\u00ean ti\u1ebfn \u0111\u00e3 gi\u1eef nguy\u00ean \u0111\u01b0\u1ee3c gi\u00e1 dinh d\u01b0\u1ee1ng.\u00a0C\u00f3 th\u1ec3 n\u00f3i, \u0111\u00e2y l\u00e0 d\u00f2ng s\u1ea3n ph\u1ea9m r\u1ea5t ph\u00f9 h\u1ee3p v\u1edbi ng\u01b0\u1eddi \u0111i l\u00e0m \u1edf hi\u1ec7n t\u1ea1i, khi m\u00e0 th\u1eddi gian d\u00e0nh cho c\u00f4ng vi\u1ec7c \u0111\u00e3 chi\u1ebfm g\u1ea7n nh\u01b0 to\u00e0n b\u1ed9 qu\u1ef9 th\u1eddi gian c\u1ee7a ng\u01b0\u1eddi d\u00f9ng. V\u1edbi n\u01b0\u1edbc h\u1ed3ng s\u00e2m linh chi H\u00e0n Qu\u1ed1c, b\u1ea1n s\u1ebd c\u00f3 th\u1ec3 linh ho\u1ea1t th\u1eddi gian ch\u0103m s\u00f3c v\u00e0 t\u0103ng c\u01b0\u1eddng s\u1ee9c kho\u1ebb cho b\u1ea3n th\u00e2n ngay c\u1ea3 khi \u0111ang l\u00e0m vi\u1ec7c.\" \/>\n<meta property=\"og:url\" content=\"https:\/\/thietbitmg.com\/demo\/samminhthinh\/nuoc-hong-sam-linh-chi-han-quoc-cao-cap-chinh-hang-pocheon\/\" \/>\n<meta property=\"og:site_name\" content=\"S\u00c2M MINH TH\u1ecaNH\" \/>\n<meta property=\"article:modified_time\" content=\"2022-03-01T03:05:35+00:00\" \/>\n<meta property=\"og:image\" content=\"https:\/\/thietbitmg.com\/demo\/samminhthinh\/wp-content\/uploads\/2022\/03\/nuoc-hong-sam-linhchi-han-quoc-cao-cap-chinh-hang-pocheon_thumb.png\" \/>\n\t<meta property=\"og:image:width\" content=\"250\" \/>\n\t<meta property=\"og:image:height\" content=\"164\" \/>\n<meta name=\"twitter:card\" content=\"summary_large_image\" \/>\n<meta name=\"twitter:label1\" content=\"\u01af\u1edbc t\u00ednh th\u1eddi gian \u0111\u1ecdc\">\n\t<meta name=\"twitter:data1\" content=\"2 ph\u00fat\">\n<script type=\"application\/ld+json\" class=\"yoast-schema-graph\">{\"@context\":\"https:\/\/schema.org\",\"@graph\":[{\"@type\":\"WebSite\",\"@id\":\"https:\/\/thietbitmg.com\/demo\/samminhthinh\/#website\",\"url\":\"https:\/\/thietbitmg.com\/demo\/samminhthinh\/\",\"name\":\"S\\u00c2M MINH TH\\u1ecaNH\",\"description\":\"TRANG CH\\u1ee6\",\"potentialAction\":[{\"@type\":\"SearchAction\",\"target\":\"https:\/\/thietbitmg.com\/demo\/samminhthinh\/?s={search_term_string}\",\"query-input\":\"required name=search_term_string\"}],\"inLanguage\":\"vi\"},{\"@type\":\"ImageObject\",\"@id\":\"https:\/\/thietbitmg.com\/demo\/samminhthinh\/nuoc-hong-sam-linh-chi-han-quoc-cao-cap-chinh-hang-pocheon\/#primaryimage\",\"inLanguage\":\"vi\",\"url\":\"https:\/\/thietbitmg.com\/demo\/samminhthinh\/wp-content\/uploads\/2022\/03\/nuoc-hong-sam-linhchi-han-quoc-cao-cap-chinh-hang-pocheon_thumb.png\",\"width\":250,\"height\":164},{\"@type\":\"WebPage\",\"@id\":\"https:\/\/thietbitmg.com\/demo\/samminhthinh\/nuoc-hong-sam-linh-chi-han-quoc-cao-cap-chinh-hang-pocheon\/#webpage\",\"url\":\"https:\/\/thietbitmg.com\/demo\/samminhthinh\/nuoc-hong-sam-linh-chi-han-quoc-cao-cap-chinh-hang-pocheon\/\",\"name\":\"N\\u01b0\\u1edbc h\\u1ed3ng s\\u00e2m linh-chi H\\u00e0n Qu\\u1ed1c cao c\\u1ea5p Pocheon - S\\u00c2M MINH TH\\u1ecaNH\",\"isPartOf\":{\"@id\":\"https:\/\/thietbitmg.com\/demo\/samminhthinh\/#website\"},\"primaryImageOfPage\":{\"@id\":\"https:\/\/thietbitmg.com\/demo\/samminhthinh\/nuoc-hong-sam-linh-chi-han-quoc-cao-cap-chinh-hang-pocheon\/#primaryimage\"},\"datePublished\":\"2022-03-01T02:50:28+00:00\",\"dateModified\":\"2022-03-01T03:05:35+00:00\",\"breadcrumb\":{\"@id\":\"https:\/\/thietbitmg.com\/demo\/samminhthinh\/nuoc-hong-sam-linh-chi-han-quoc-cao-cap-chinh-hang-pocheon\/#breadcrumb\"},\"inLanguage\":\"vi\",\"potentialAction\":[{\"@type\":\"ReadAction\",\"target\":[\"https:\/\/thietbitmg.com\/demo\/samminhthinh\/nuoc-hong-sam-linh-chi-han-quoc-cao-cap-chinh-hang-pocheon\/\"]}]},{\"@type\":\"BreadcrumbList\",\"@id\":\"https:\/\/thietbitmg.com\/demo\/samminhthinh\/nuoc-hong-sam-linh-chi-han-quoc-cao-cap-chinh-hang-pocheon\/#breadcrumb\",\"itemListElement\":[{\"@type\":\"ListItem\",\"position\":1,\"item\":{\"@type\":\"WebPage\",\"@id\":\"https:\/\/thietbitmg.com\/demo\/samminhthinh\/\",\"url\":\"https:\/\/thietbitmg.com\/demo\/samminhthinh\/\",\"name\":\"Home\"}},{\"@type\":\"ListItem\",\"position\":2,\"item\":{\"@type\":\"WebPage\",\"@id\":\"https:\/\/thietbitmg.com\/demo\/samminhthinh\/shop\/\",\"url\":\"https:\/\/thietbitmg.com\/demo\/samminhthinh\/shop\/\",\"name\":\"Shop\"}},{\"@type\":\"ListItem\",\"position\":3,\"item\":{\"@type\":\"WebPage\",\"@id\":\"https:\/\/thietbitmg.com\/demo\/samminhthinh\/nuoc-hong-sam-linh-chi-han-quoc-cao-cap-chinh-hang-pocheon\/\",\"url\":\"https:\/\/thietbitmg.com\/demo\/samminhthinh\/nuoc-hong-sam-linh-chi-han-quoc-cao-cap-chinh-hang-pocheon\/\",\"name\":\"N\\u01b0\\u1edbc h\\u1ed3ng s\\u00e2m linh-chi H\\u00e0n Qu\\u1ed1c cao c\\u1ea5p Pocheon\"}}]}]}<\/script>\n<!-- \/ Yoast SEO Premium plugin. -->","_links":{"self":[{"href":"https:\/\/thietbitmg.com\/demo\/samminhthinh\/wp-json\/wp\/v2\/product\/3740"}],"collection":[{"href":"https:\/\/thietbitmg.com\/demo\/samminhthinh\/wp-json\/wp\/v2\/product"}],"about":[{"href":"https:\/\/thietbitmg.com\/demo\/samminhthinh\/wp-json\/wp\/v2\/types\/product"}],"replies":[{"embeddable":true,"href":"https:\/\/thietbitmg.com\/demo\/samminhthinh\/wp-json\/wp\/v2\/comments?post=3740"}],"wp:featuredmedia":[{"embeddable":true,"href":"https:\/\/thietbitmg.com\/demo\/samminhthinh\/wp-json\/wp\/v2\/media\/3741"}],"wp:attachment":[{"href":"https:\/\/thietbitmg.com\/demo\/samminhthinh\/wp-json\/wp\/v2\/media?parent=3740"}],"curies":[{"name":"wp","href":"https:\/\/api.w.org\/{rel}","templated":true}]}}