{"id":3742,"date":"2022-03-01T02:51:59","date_gmt":"2022-03-01T02:51:59","guid":{"rendered":"https:\/\/samminhthinh.com\/?post_type=product&#038;p=3742"},"modified":"2022-03-01T02:51:59","modified_gmt":"2022-03-01T02:51:59","slug":"nam-linh-chi-thuong-hoang-han-quoc-1kg","status":"publish","type":"product","link":"https:\/\/thietbitmg.com\/demo\/samminhthinh\/nam-linh-chi-thuong-hoang-han-quoc-1kg\/","title":{"rendered":"N\u1ea5m linh chi Th\u01b0\u1ee3ng Ho\u00e0ng H\u00e0n Qu\u1ed1c 1kg"},"content":{"rendered":"<p>\u2742\u00a0<strong>N\u1ea5m linh chi Th\u01b0\u1ee3ng Ho\u00e0ng H\u00e0n Qu\u1ed1c 1kg<\/strong>\u00a0l\u00e0 lo\u1ea1i n\u1ea5m qu\u00fd v\u00e0 hi\u1ebfm n\u1ed5i ti\u1ebfng v\u1edbi r\u1ea5t nhi\u1ec1u c\u00f4ng d\u1ee5ng thi\u1ebft th\u1ef1c mang \u0111\u1ebfn cho ng\u01b0\u1eddi d\u00f9ng .Nh\u1eefng c\u00f4ng d\u1ee5ng c\u1ee7a n\u1ea5m th\u01b0\u1ee3ng ho\u00e0ng \u0111\u00e3 \u0111\u01b0\u1ee3c c\u00e1c nh\u00e0 khoa h\u1ecdc nghi\u00ean c\u1ee9u v\u00e0 ch\u1ee9ng minh , \u0111\u01b0\u1ee3c ng\u01b0\u1eddi \u00a0ti\u00eau d\u00f9ng ki\u1ec3m ch\u1ee9ng qua th\u1ef1c ti\u1ec5n .\u00a0N\u1ea5m Linh Chi Th\u01b0\u1ee3ng Ho\u00e0ng (hay c\u00f2n g\u1ecdi l\u00e0 Ho\u00e0ng S\u01a1n) \u2026 \u0111\u01b0\u1ee3c s\u1eed d\u1ee5ng t\u1eeb r\u1ea5t l\u00e2u trong y h\u1ecdc c\u1ed5 truy\u1ec1n v\u1edbi d\u1ea1ng d\u00f9ng l\u00e0 n\u1ea5u n\u01b0\u1edbc u\u1ed1ng. \u0110\u00e2y l\u00e0 c\u00e1c lo\u00e0i n\u1ea5m h\u00f3a g\u1ed7, qua nhi\u1ec1u n\u0103m l\u1edbp th\u1ee5 t\u1ea7ng n\u0103m sau ch\u1ed3ng l\u00ean l\u1edbp th\u1ee5 t\u1ea7ng n\u0103m tr\u01b0\u1edbc, c\u00f3 \u0111\u1eb7c t\u00ednh h\u1ed7 tr\u1ee3 ch\u1ed1ng ph\u00e1t tri\u1ec3n kh\u1ed1i u r\u1ea5t m\u1ea1nh, c\u00f3 t\u00e1c d\u1ee5ng trong ph\u00f2ng ch\u1ed1ng kh\u1ed1i u, tr\u1ebb h\u00f3a c\u01a1 th\u1ec3. Tuy nhi\u00ean, lo\u1ea1i n\u1ea5m n\u00e0y th\u01b0\u1eddng m\u1ecdc tr\u00ean g\u1ed7 c\u00e2y d\u00e2u t\u1eb1m \u1edf nh\u1eefng v\u00f9ng r\u1eebng s\u00e2u, n\u00fai cao hi\u1ec3m tr\u1edf, \u0111\u1eb7c bi\u1ec7t l\u00e0 c\u00e1c khu r\u1eebng nguy\u00ean sinh. Tu\u1ed5i n\u1ea5m c\u00f3 khi \u0111\u1ebfn v\u00e0i ch\u1ee5c n\u0103m. Tr\u00ean th\u1ebf gi\u1edbi c\u0169ng ch\u1ec9 c\u00f3 2 n\u01b0\u1edbc tr\u1ed3ng lo\u00e0i n\u1ea5m n\u00e0y l\u00e0 H\u00e0n Qu\u1ed1c v\u00e0 Nh\u1eadt B\u1ea3n.<\/p>\n<p>\u2742\u00a0N\u1ea5m linh chi Th\u01b0\u1ee3ng Ho\u00e0ng H\u00e0n Qu\u1ed1c 1kg\u00a0l\u00e0 lo\u1ea1i n\u1ea5m m\u00e0u v\u00e0ng, \u0111\u00f4i khi c\u00f2n \u0111\u01b0\u1ee3c g\u1ecdi l\u00e0 N\u1ea5m Ti\u1ebfn Vua. \u0110\u00e2y l\u00e0 lo\u1ea1i n\u1ea5m c\u1ef1c k\u1ef3 qu\u00fd trong t\u1ef1 nhi\u00ean, th\u01b0\u1eddng m\u1ecdc tr\u00ean g\u1ed7 c\u00e2y d\u00e2u t\u1eb1m, c\u00f3 t\u00e1c d\u1ee5ng \u0111\u1eb7c tr\u1ecb hi\u1ec7u qu\u1ea3 v\u1edbi ng\u01b0\u1eddi b\u1ecb kh\u1ed1i u, \u0111\u1eb7c bi\u1ec7t l\u00e0 kh\u1ed1i u v\u00fa \u1edf ph\u1ee5 n\u1eef.<\/p>\n<p>\u2742\u00a0Khi d\u00f9ng\u00a0N\u1ea5m linh chi Th\u01b0\u1ee3ng Ho\u00e0ng H\u00e0n Qu\u1ed1c 1kg\u00a0s\u1ebd h\u1ea1n ch\u1ebf s\u1ef1 ph\u00e1t tri\u1ec3n c\u1ee7a t\u1ebf b\u00e0o kh\u1ed1i u r\u1ea5t hi\u1ec7u qu\u1ea3. Ngo\u00e0i ra, N\u1ea5m Linh Chi Th\u01b0\u1ee3ng Ho\u00e0ng c\u00f2n c\u00f3 nh\u1eefng t\u00ednh ch\u1ea5t t\u01b0\u01a1ng t\u1ef1 linh chi nh\u01b0 th\u1ea3i \u0111\u1ed9c, ng\u0103n ng\u1eeba m\u1ee1 th\u1eeba, thanh l\u1ecdc c\u01a1 th\u1ec3, \u0111i\u1ec1u h\u00f2a huy\u1ebft \u00e1p.<\/p>\n<p>\u2742\u00a0N\u1ea5m linh chi Th\u01b0\u1ee3ng Ho\u00e0ng H\u00e0n Qu\u1ed1c 1kg\u00a0la\u0300 m\u00f4\u0323t trong ca\u0301c loa\u0323i n\u00e2\u0301m chi r\u00e2\u0301t quy\u0301 co\u0301 ta\u0301c du\u0323ng ng\u0103n ng\u01b0\u0300a tri\u0323 b\u00ea\u0323nh kh\u1ed1i u ngay khi m\u01a1\u0301i pha\u0301t hi\u00ea\u0323n (\u0111\u0103\u0323c bi\u00ea\u0323t la\u0300 kh\u1ed1i u vu\u0301, da\u0323 da\u0300y \u2026) r\u00e2\u0301t t\u00f4\u0301t cho ng\u01b0\u01a1\u0300i b\u00ea\u0323nh tim, b\u1ec7nh v\u1ec1\u00a0\u0111\u01b0\u01a1\u0300ng, cao huy\u00ea\u0301t a\u0301p,\u2026 \u00a0Theo nghi\u00ean c\u01b0\u0301u ca\u0309u Trung t\u00e2m nghi\u00ean c\u01b0\u0301u kh\u1ed1i u Tokyo (Nh\u00e2\u0323t Ba\u0309n), ti\u0309 l\u00ea\u0323 h\u00f4\u0303 tr\u01a1\u0323 \u0111i\u00ea\u0300u tri\u0323 b\u00ea\u0323nh kh\u1ed1i u cu\u0309a n\u00e2\u0301m linh chi th\u01b0\u01a1\u0323ng hoa\u0300ng l\u00ea\u0301n \u0111\u00ea\u0301n g\u00e2\u0300n 97% \u00a0Trong \u0111\u00f3, t\u1ec9 l\u1ec7 ch\u1eefa b\u1ec7nh kh\u1ed1i u c\u1ee7a c\u00e1c lo\u1ea1i n\u1ea5m kh\u00e1c nh\u01b0 n\u1ea5m m\u00e8o l\u00e0 42,6%, n\u1ea5m m\u1ee1 l\u00e0 2,7%, n\u1ea5m c\u1ed5 linh chi l\u00e0 64,9%\u2026<\/p>\n<p>Vi\u0300 th\u00ea\u0301,\u00a0N\u1ea5m linh chi Th\u01b0\u1ee3ng Ho\u00e0ng H\u00e0n Qu\u1ed1c 1kg\u00a0\u0111\u01b0\u01a1\u0323c m\u00ea\u0323nh danh la\u0300 \u201cVua tri\u0323 kh\u1ed1i u\u201d, chu\u0301ng co\u0301 ta\u0301c du\u0323ng hi\u00ea\u0323u qua\u0309 v\u01a1\u0301i vi\u00ea\u0323c ch\u00f4\u0301ng kh\u00f4\u0301i u tr\u00ean da,ca\u0301c t\u00ea\u0301 ba\u0300o kh\u1ed1i u ph\u00f4\u0309i va\u0300 kh\u1ed1i u ti\u00ea\u0300n li\u00ea\u0323t tuy\u00ea\u0301n cu\u0309a con ng\u01b0\u01a1\u0300i, c\u00f2n c\u00f3 kh\u1ea3 n\u0103ng ch\u1ed1ng kh\u1ed1i u v\u00fa, v\u00ec th\u1ebf, ch\u00fang \u0111\u01b0\u1ee3c s\u1eed d\u1ee5ng r\u1ed9ng r\u00e3i trong qu\u00e1 tr\u00ecnh h\u00f3a tr\u1ecb v\u00e0 x\u1ea1 tr\u1ecb c\u1ee7a b\u1ec7nh nh\u00e2n b\u1ecb kh\u1ed1i u. Ngo\u00e0i ra, n\u1ea5m linh chi th\u01b0\u1ee3ng ho\u00e0ng H\u00e0n Qu\u1ed1c c\u00f2n r\u1ea5t qu\u00fd v\u00e0 hi\u1ebfm, ph\u00f9 h\u1ee3p v\u1edbi m\u1ecdi l\u1ee9a tu\u1ed5i, kh\u00f4ng c\u00f3 t\u00e1c d\u1ee5ng ph\u1ee5 khi s\u1eed d\u1ee5ng, gi\u00fap ng\u01b0\u1eddi d\u00e2n b\u1ea3o v\u1ec7 s\u1ee9c kh\u1ecfe t\u1ed1t nh\u1ea5t.<\/p>\n","protected":false},"excerpt":{"rendered":"<p>\u2721\u00a0<strong>N\u1ea5m linh chi Th\u01b0\u1ee3ng Ho\u00e0ng H\u00e0n Qu\u1ed1c 1kg<\/strong>\u00a0l\u00e0 n\u1ea5m linh chi cao c\u1ea5p nh\u1ea5t c\u1ee7a H\u00e0n Qu\u1ed1c. \u0110\u1eb7c tr\u1ecb ch\u00ednh c\u1ee7a n\u1ea5m l\u00e0 d\u00e0nh cho ng\u01b0\u1eddi b\u1ecb kh\u1ed1i u. L\u00e0 th\u1ea3o d\u01b0\u1ee3c qu\u00fd cho nh\u1eefng ng\u01b0\u1eddi m\u1eafc b\u1ec7nh tim m\u1ea1ch, b\u1ec7nh v\u1ec1\u00a0\u0111\u01b0\u1eddng, huy\u1ebft \u00e1p. H\u01a1n n\u1eefa c\u00f2n ng\u0103n ch\u1eb7n l\u00e3o h\u00f3a v\u00e0 l\u00e0m \u0111\u1eb9p da cho ph\u1ee5 n\u1eef.\u00a0N\u1ea5m th\u01b0\u1ee3ng ho\u00e0ng H\u00e0n Qu\u1ed1c s\u1ebd l\u00e0 gi\u1ea3i ph\u00e1p t\u1ed1i \u01b0u nh\u1ea5t \u00a0\u0111\u1ec3 cho b\u1ea1n ch\u0103m s\u00f3c s\u1ee9c kh\u1ecfe cho b\u1ea3n th\u00e2n, ng\u01b0\u1eddi th\u00e2n c\u1ee7a m\u00ecnh m\u1ed9t c\u00e1ch t\u1ed1t nh\u1ea5t.<\/p>\n<p>\u2721\u00a0S\u1ea3n ph\u1ea9m \u0111ang \u0111\u01b0\u1ee3c s\u1eed d\u1ee5ng l\u00e0m qu\u00e0 t\u1eb7ng\u00a0v\u00e0 qu\u00e0 bi\u1ebfu\u00a0r\u1ea5t nhi\u1ec1u v\u00e0o c\u00e1c d\u1ecbp l\u1ec5 t\u1ebft \u0111\u1ec3 thay cho nh\u1eefng l\u1eddi ch\u00fac \u00fd ngh\u0129a c\u0169ng nh\u01b0 t\u00ecnh c\u1ea3m s\u1ef1 quan t\u00e2m\u00a0ch\u00e2n th\u00e0nh nh\u1ea5t \u0111\u1ebfn ng\u01b0\u1eddi nh\u1eadn.<\/p>\n","protected":false},"featured_media":3743,"comment_status":"open","ping_status":"closed","template":"","meta":[],"yoast_head":"<!-- This site is optimized with the Yoast SEO Premium plugin v15.9.1 - https:\/\/yoast.com\/wordpress\/plugins\/seo\/ -->\n<title>N\u1ea5m linh chi Th\u01b0\u1ee3ng Ho\u00e0ng H\u00e0n Qu\u1ed1c 1kg - S\u00c2M MINH TH\u1ecaNH<\/title>\n<meta name=\"robots\" content=\"index, follow, max-snippet:-1, max-image-preview:large, max-video-preview:-1\" \/>\n<link rel=\"canonical\" href=\"https:\/\/thietbitmg.com\/demo\/samminhthinh\/nam-linh-chi-thuong-hoang-han-quoc-1kg\/\" \/>\n<meta property=\"og:locale\" content=\"vi_VN\" \/>\n<meta property=\"og:type\" content=\"article\" \/>\n<meta property=\"og:title\" content=\"N\u1ea5m linh chi Th\u01b0\u1ee3ng Ho\u00e0ng H\u00e0n Qu\u1ed1c 1kg - S\u00c2M MINH TH\u1ecaNH\" \/>\n<meta property=\"og:description\" content=\"\u2721\u00a0N\u1ea5m linh chi Th\u01b0\u1ee3ng Ho\u00e0ng H\u00e0n Qu\u1ed1c 1kg\u00a0l\u00e0 n\u1ea5m linh chi cao c\u1ea5p nh\u1ea5t c\u1ee7a H\u00e0n Qu\u1ed1c. \u0110\u1eb7c tr\u1ecb ch\u00ednh c\u1ee7a n\u1ea5m l\u00e0 d\u00e0nh cho ng\u01b0\u1eddi b\u1ecb kh\u1ed1i u. L\u00e0 th\u1ea3o d\u01b0\u1ee3c qu\u00fd cho nh\u1eefng ng\u01b0\u1eddi m\u1eafc b\u1ec7nh tim m\u1ea1ch, b\u1ec7nh v\u1ec1\u00a0\u0111\u01b0\u1eddng, huy\u1ebft \u00e1p. H\u01a1n n\u1eefa c\u00f2n ng\u0103n ch\u1eb7n l\u00e3o h\u00f3a v\u00e0 l\u00e0m \u0111\u1eb9p da cho ph\u1ee5 n\u1eef.\u00a0N\u1ea5m th\u01b0\u1ee3ng ho\u00e0ng H\u00e0n Qu\u1ed1c s\u1ebd l\u00e0 gi\u1ea3i ph\u00e1p t\u1ed1i \u01b0u nh\u1ea5t \u00a0\u0111\u1ec3 cho b\u1ea1n ch\u0103m s\u00f3c s\u1ee9c kh\u1ecfe cho b\u1ea3n th\u00e2n, ng\u01b0\u1eddi th\u00e2n c\u1ee7a m\u00ecnh m\u1ed9t c\u00e1ch t\u1ed1t nh\u1ea5t.  \u2721\u00a0S\u1ea3n ph\u1ea9m \u0111ang \u0111\u01b0\u1ee3c s\u1eed d\u1ee5ng l\u00e0m qu\u00e0 t\u1eb7ng\u00a0v\u00e0 qu\u00e0 bi\u1ebfu\u00a0r\u1ea5t nhi\u1ec1u v\u00e0o c\u00e1c d\u1ecbp l\u1ec5 t\u1ebft \u0111\u1ec3 thay cho nh\u1eefng l\u1eddi ch\u00fac \u00fd ngh\u0129a c\u0169ng nh\u01b0 t\u00ecnh c\u1ea3m s\u1ef1 quan t\u00e2m\u00a0ch\u00e2n th\u00e0nh nh\u1ea5t \u0111\u1ebfn ng\u01b0\u1eddi nh\u1eadn.\" \/>\n<meta property=\"og:url\" content=\"https:\/\/thietbitmg.com\/demo\/samminhthinh\/nam-linh-chi-thuong-hoang-han-quoc-1kg\/\" \/>\n<meta property=\"og:site_name\" content=\"S\u00c2M MINH TH\u1ecaNH\" \/>\n<meta property=\"og:image\" content=\"https:\/\/thietbitmg.com\/demo\/samminhthinh\/wp-content\/uploads\/2022\/03\/nam-linh-chi-thuong-hoang-han-quoc-1kg_thumb.jpg\" \/>\n\t<meta property=\"og:image:width\" content=\"250\" \/>\n\t<meta property=\"og:image:height\" content=\"164\" \/>\n<meta name=\"twitter:card\" content=\"summary_large_image\" \/>\n<meta name=\"twitter:label1\" content=\"\u01af\u1edbc t\u00ednh th\u1eddi gian \u0111\u1ecdc\">\n\t<meta name=\"twitter:data1\" content=\"4 ph\u00fat\">\n<script type=\"application\/ld+json\" class=\"yoast-schema-graph\">{\"@context\":\"https:\/\/schema.org\",\"@graph\":[{\"@type\":\"WebSite\",\"@id\":\"https:\/\/thietbitmg.com\/demo\/samminhthinh\/#website\",\"url\":\"https:\/\/thietbitmg.com\/demo\/samminhthinh\/\",\"name\":\"S\\u00c2M MINH TH\\u1ecaNH\",\"description\":\"TRANG CH\\u1ee6\",\"potentialAction\":[{\"@type\":\"SearchAction\",\"target\":\"https:\/\/thietbitmg.com\/demo\/samminhthinh\/?s={search_term_string}\",\"query-input\":\"required name=search_term_string\"}],\"inLanguage\":\"vi\"},{\"@type\":\"ImageObject\",\"@id\":\"https:\/\/thietbitmg.com\/demo\/samminhthinh\/nam-linh-chi-thuong-hoang-han-quoc-1kg\/#primaryimage\",\"inLanguage\":\"vi\",\"url\":\"https:\/\/thietbitmg.com\/demo\/samminhthinh\/wp-content\/uploads\/2022\/03\/nam-linh-chi-thuong-hoang-han-quoc-1kg_thumb.jpg\",\"width\":250,\"height\":164},{\"@type\":\"WebPage\",\"@id\":\"https:\/\/thietbitmg.com\/demo\/samminhthinh\/nam-linh-chi-thuong-hoang-han-quoc-1kg\/#webpage\",\"url\":\"https:\/\/thietbitmg.com\/demo\/samminhthinh\/nam-linh-chi-thuong-hoang-han-quoc-1kg\/\",\"name\":\"N\\u1ea5m linh chi Th\\u01b0\\u1ee3ng Ho\\u00e0ng H\\u00e0n Qu\\u1ed1c 1kg - S\\u00c2M MINH TH\\u1ecaNH\",\"isPartOf\":{\"@id\":\"https:\/\/thietbitmg.com\/demo\/samminhthinh\/#website\"},\"primaryImageOfPage\":{\"@id\":\"https:\/\/thietbitmg.com\/demo\/samminhthinh\/nam-linh-chi-thuong-hoang-han-quoc-1kg\/#primaryimage\"},\"datePublished\":\"2022-03-01T02:51:59+00:00\",\"dateModified\":\"2022-03-01T02:51:59+00:00\",\"breadcrumb\":{\"@id\":\"https:\/\/thietbitmg.com\/demo\/samminhthinh\/nam-linh-chi-thuong-hoang-han-quoc-1kg\/#breadcrumb\"},\"inLanguage\":\"vi\",\"potentialAction\":[{\"@type\":\"ReadAction\",\"target\":[\"https:\/\/thietbitmg.com\/demo\/samminhthinh\/nam-linh-chi-thuong-hoang-han-quoc-1kg\/\"]}]},{\"@type\":\"BreadcrumbList\",\"@id\":\"https:\/\/thietbitmg.com\/demo\/samminhthinh\/nam-linh-chi-thuong-hoang-han-quoc-1kg\/#breadcrumb\",\"itemListElement\":[{\"@type\":\"ListItem\",\"position\":1,\"item\":{\"@type\":\"WebPage\",\"@id\":\"https:\/\/thietbitmg.com\/demo\/samminhthinh\/\",\"url\":\"https:\/\/thietbitmg.com\/demo\/samminhthinh\/\",\"name\":\"Home\"}},{\"@type\":\"ListItem\",\"position\":2,\"item\":{\"@type\":\"WebPage\",\"@id\":\"https:\/\/thietbitmg.com\/demo\/samminhthinh\/shop\/\",\"url\":\"https:\/\/thietbitmg.com\/demo\/samminhthinh\/shop\/\",\"name\":\"Shop\"}},{\"@type\":\"ListItem\",\"position\":3,\"item\":{\"@type\":\"WebPage\",\"@id\":\"https:\/\/thietbitmg.com\/demo\/samminhthinh\/nam-linh-chi-thuong-hoang-han-quoc-1kg\/\",\"url\":\"https:\/\/thietbitmg.com\/demo\/samminhthinh\/nam-linh-chi-thuong-hoang-han-quoc-1kg\/\",\"name\":\"N\\u1ea5m linh chi Th\\u01b0\\u1ee3ng Ho\\u00e0ng H\\u00e0n Qu\\u1ed1c 1kg\"}}]}]}<\/script>\n<!-- \/ Yoast SEO Premium plugin. -->","_links":{"self":[{"href":"https:\/\/thietbitmg.com\/demo\/samminhthinh\/wp-json\/wp\/v2\/product\/3742"}],"collection":[{"href":"https:\/\/thietbitmg.com\/demo\/samminhthinh\/wp-json\/wp\/v2\/product"}],"about":[{"href":"https:\/\/thietbitmg.com\/demo\/samminhthinh\/wp-json\/wp\/v2\/types\/product"}],"replies":[{"embeddable":true,"href":"https:\/\/thietbitmg.com\/demo\/samminhthinh\/wp-json\/wp\/v2\/comments?post=3742"}],"wp:featuredmedia":[{"embeddable":true,"href":"https:\/\/thietbitmg.com\/demo\/samminhthinh\/wp-json\/wp\/v2\/media\/3743"}],"wp:attachment":[{"href":"https:\/\/thietbitmg.com\/demo\/samminhthinh\/wp-json\/wp\/v2\/media?parent=3742"}],"curies":[{"name":"wp","href":"https:\/\/api.w.org\/{rel}","templated":true}]}}