{"id":3750,"date":"2022-03-01T02:57:54","date_gmt":"2022-03-01T02:57:54","guid":{"rendered":"https:\/\/samminhthinh.com\/?post_type=product&#038;p=3750"},"modified":"2022-03-01T02:57:54","modified_gmt":"2022-03-01T02:57:54","slug":"sam-ngoc-linh-loai-6-cu-1-kg-loai-sam-quy-hiem","status":"publish","type":"product","link":"https:\/\/thietbitmg.com\/demo\/samminhthinh\/sam-ngoc-linh-loai-6-cu-1-kg-loai-sam-quy-hiem\/","title":{"rendered":"S\u00e2m Ng\u1ecdc Linh lo\u1ea1i 6 c\u1ee7 1 kg (Lo\u1ea1i&hellip;"},"content":{"rendered":"<p>\u2721\u00a0<strong>S\u00e2m Ng\u1ecdc Linh lo\u1ea1i 6 c\u1ee7 1 kg<\/strong>\u00a0l\u00e0 lo\u1ea1i s\u00e2m qu\u00fd c\u1ee7a Vi\u1ec7t Nam, c\u00f3 ch\u1ee9a nhi\u1ec1u v\u1ecb thu\u1ed1c qu\u00fd, \u0111\u1ee9ng tr\u00ean c\u1ea3 nh\u00e2n s\u00e2m Tri\u1ec1u Ti\u00ean, nh\u00e2n s\u00e2m Trung Qu\u1ed1c.\u00a0S\u00e2m Ng\u1ecdc Linh\u00a0c\u00f2n c\u00f3 nh\u1eefng \u0111\u1eb7c t\u00ednh \u01b0u vi\u1ec7t m\u00e0 c\u00e1c lo\u1ea1i nh\u00e2n s\u00e2m\u00a0kh\u00e1c kh\u00f4ng c\u00f3 \u0111\u01b0\u1ee3c \u0111\u00f3 l\u00e0 n\u00f3 kh\u00f4ng c\u00f3 \u0111\u1ed9c t\u00ednh khi s\u1eed d\u1ee5ng li\u00ean t\u1ee5c d\u00e0i\u00a0ng\u00e0y, c\u00f3 th\u1ec3 d\u00f9ng ch\u1eefa b\u1ec7nh cho tr\u1ebb s\u01a1 sinh \u0111\u1ebfn ng\u01b0\u1eddi gi\u00e0.\u00a0C\u00f4ng d\u1ee5ng c\u1ee7a s\u00e2m Ng\u1ecdc Linh v\u1edbi s\u1ee9c kh\u1ecfe con ng\u01b0\u1eddi r\u1ea5t l\u1edbn \u0111\u1eb7c bi\u1ec7t l\u00e0 nh\u1eefng c\u1ee7 s\u00e2m Ng\u1ecdc Linh n\u00fai t\u1ef1 nhi\u00ean \u0111\u01b0\u1ee3c khai th\u00e1c t\u1eeb hoang d\u00e3 c\u00f3 ch\u1ee9a h\u00e0m l\u01b0\u1ee3ng saponin cao h\u01a1n h\u1eb3n s\u00e2m Tri\u1ec1u Ti\u00ean, s\u00e2m Trung Qu\u1ed1c n\u00ean s\u00e2m Ng\u1ecdc Linh c\u00f3 t\u00ednh n\u0103ng m\u00e0 c\u00e1c lo\u1ea1i s\u00e2m kh\u00e1c kh\u00f4ng c\u00f3 \u0111\u00f3 l\u00e0 t\u00ednh kh\u00e1ng khu\u1ea9n, ch\u1ed1ng oxi h\u00f3a, gi\u1ea3m lo \u00e2u v\u00e0 c\u00f3 th\u1ec3 hi\u1ec7p l\u1ef1c t\u1ed1t v\u1edbi thu\u1ed1c kh\u00e1ng sinh trong vi\u1ec7c \u0111i\u1ec1u tr\u1ecb b\u1ec7nh.<\/p>\n<p>\u2721\u00a0S\u00e2m Ng\u1ecdc Linh lo\u1ea1i 6 c\u1ee7 1 kg v\u1edbi nhi\u1ec1u t\u00e1c d\u1ee5ng l\u1edbn nh\u01b0: h\u1ed7 tr\u1ee3 b\u1ed3i b\u1ed5 c\u01a1 th\u1ec3, t\u0103ng c\u01b0\u1eddng ch\u1ee9c n\u0103ng thanh l\u1ecdc c\u1ee7a gan, h\u1ed7 tr\u1ee3 t\u0103ng c\u01b0\u1eddng h\u1ec7 mi\u1ec5n d\u1ecbch, h\u1ed7 tr\u1ee3 c\u1ea3i thi\u1ec7n sinh l\u00fd, h\u1ed7 tr\u1ee3 ch\u1ed1ng stress, h\u1ed7 tr\u1ee3 h\u1ea1n ch\u1ebf kh\u1ed1i u ph\u00e1t tri\u1ec3n, h\u1ed7 tr\u1ee3 ph\u00f2ng ng\u1eeba kh\u1ed1i u xu\u1ea5t hi\u1ec7n\u2026<\/p>\n","protected":false},"excerpt":{"rendered":"<p>\u2721\u00a0<strong>S\u00e2m Ng\u1ecdc Linh lo\u1ea1i 6 c\u1ee7 1 kg<\/strong>\u00a0l\u00e0 lo\u1ea1i s\u00e2m qu\u00fd c\u1ee7a Vi\u1ec7t Nam, c\u00f3 ch\u1ee9a nhi\u1ec1u v\u1ecb thu\u1ed1c qu\u00fd, \u0111\u1ee9ng tr\u00ean c\u1ea3 nh\u00e2n s\u00e2m Tri\u1ec1u Ti\u00ean, nh\u00e2n s\u00e2m Trung Qu\u1ed1c.\u00a0S\u00e2m Ng\u1ecdc Linh\u00a0c\u00f2n c\u00f3 nh\u1eefng \u0111\u1eb7c t\u00ednh \u01b0u vi\u1ec7t m\u00e0 c\u00e1c lo\u1ea1i nh\u00e2n s\u00e2m\u00a0kh\u00e1c kh\u00f4ng c\u00f3 \u0111\u01b0\u1ee3c \u0111\u00f3 l\u00e0 n\u00f3 kh\u00f4ng c\u00f3 \u0111\u1ed9c t\u00ednh khi s\u1eed d\u1ee5ng li\u00ean t\u1ee5c d\u00e0i\u00a0ng\u00e0y, c\u00f3 th\u1ec3 d\u00f9ng ch\u1eefa b\u1ec7nh cho tr\u1ebb s\u01a1 sinh \u0111\u1ebfn ng\u01b0\u1eddi gi\u00e0.\u00a0C\u00f4ng d\u1ee5ng c\u1ee7a s\u00e2m Ng\u1ecdc Linh v\u1edbi s\u1ee9c kh\u1ecfe con ng\u01b0\u1eddi r\u1ea5t l\u1edbn \u0111\u1eb7c bi\u1ec7t l\u00e0 nh\u1eefng c\u1ee7 s\u00e2m Ng\u1ecdc Linh n\u00fai t\u1ef1 nhi\u00ean \u0111\u01b0\u1ee3c khai th\u00e1c t\u1eeb hoang d\u00e3 c\u00f3 ch\u1ee9a h\u00e0m l\u01b0\u1ee3ng saponin cao h\u01a1n h\u1eb3n s\u00e2m Tri\u1ec1u Ti\u00ean, s\u00e2m Trung Qu\u1ed1c n\u00ean s\u00e2m Ng\u1ecdc Linh c\u00f3 t\u00ednh n\u0103ng m\u00e0 c\u00e1c lo\u1ea1i s\u00e2m kh\u00e1c kh\u00f4ng c\u00f3 \u0111\u00f3 l\u00e0 t\u00ednh kh\u00e1ng khu\u1ea9n, ch\u1ed1ng oxi h\u00f3a, gi\u1ea3m lo \u00e2u v\u00e0 c\u00f3 th\u1ec3 hi\u1ec7p l\u1ef1c t\u1ed1t v\u1edbi thu\u1ed1c kh\u00e1ng sinh trong vi\u1ec7c \u0111i\u1ec1u tr\u1ecb b\u1ec7nh.<\/p>\n","protected":false},"featured_media":3751,"comment_status":"open","ping_status":"closed","template":"","meta":[],"yoast_head":"<!-- This site is optimized with the Yoast SEO Premium plugin v15.9.1 - https:\/\/yoast.com\/wordpress\/plugins\/seo\/ -->\n<title>S\u00e2m Ng\u1ecdc Linh lo\u1ea1i 6 c\u1ee7 1 kg (Lo\u1ea1i S\u00e2m qu\u00fd hi\u1ebfm) - S\u00c2M MINH TH\u1ecaNH<\/title>\n<meta name=\"robots\" content=\"index, follow, max-snippet:-1, max-image-preview:large, max-video-preview:-1\" \/>\n<link rel=\"canonical\" href=\"https:\/\/thietbitmg.com\/demo\/samminhthinh\/sam-ngoc-linh-loai-6-cu-1-kg-loai-sam-quy-hiem\/\" \/>\n<meta property=\"og:locale\" content=\"vi_VN\" \/>\n<meta property=\"og:type\" content=\"article\" \/>\n<meta property=\"og:title\" content=\"S\u00e2m Ng\u1ecdc Linh lo\u1ea1i 6 c\u1ee7 1 kg (Lo\u1ea1i S\u00e2m qu\u00fd hi\u1ebfm) - S\u00c2M MINH TH\u1ecaNH\" \/>\n<meta property=\"og:description\" content=\"\u2721\u00a0S\u00e2m Ng\u1ecdc Linh lo\u1ea1i 6 c\u1ee7 1 kg\u00a0l\u00e0 lo\u1ea1i s\u00e2m qu\u00fd c\u1ee7a Vi\u1ec7t Nam, c\u00f3 ch\u1ee9a nhi\u1ec1u v\u1ecb thu\u1ed1c qu\u00fd, \u0111\u1ee9ng tr\u00ean c\u1ea3 nh\u00e2n s\u00e2m Tri\u1ec1u Ti\u00ean, nh\u00e2n s\u00e2m Trung Qu\u1ed1c.\u00a0S\u00e2m Ng\u1ecdc Linh\u00a0c\u00f2n c\u00f3 nh\u1eefng \u0111\u1eb7c t\u00ednh \u01b0u vi\u1ec7t m\u00e0 c\u00e1c lo\u1ea1i nh\u00e2n s\u00e2m\u00a0kh\u00e1c kh\u00f4ng c\u00f3 \u0111\u01b0\u1ee3c \u0111\u00f3 l\u00e0 n\u00f3 kh\u00f4ng c\u00f3 \u0111\u1ed9c t\u00ednh khi s\u1eed d\u1ee5ng li\u00ean t\u1ee5c d\u00e0i\u00a0ng\u00e0y, c\u00f3 th\u1ec3 d\u00f9ng ch\u1eefa b\u1ec7nh cho tr\u1ebb s\u01a1 sinh \u0111\u1ebfn ng\u01b0\u1eddi gi\u00e0.\u00a0C\u00f4ng d\u1ee5ng c\u1ee7a s\u00e2m Ng\u1ecdc Linh v\u1edbi s\u1ee9c kh\u1ecfe con ng\u01b0\u1eddi r\u1ea5t l\u1edbn \u0111\u1eb7c bi\u1ec7t l\u00e0 nh\u1eefng c\u1ee7 s\u00e2m Ng\u1ecdc Linh n\u00fai t\u1ef1 nhi\u00ean \u0111\u01b0\u1ee3c khai th\u00e1c t\u1eeb hoang d\u00e3 c\u00f3 ch\u1ee9a h\u00e0m l\u01b0\u1ee3ng saponin cao h\u01a1n h\u1eb3n s\u00e2m Tri\u1ec1u Ti\u00ean, s\u00e2m Trung Qu\u1ed1c n\u00ean s\u00e2m Ng\u1ecdc Linh c\u00f3 t\u00ednh n\u0103ng m\u00e0 c\u00e1c lo\u1ea1i s\u00e2m kh\u00e1c kh\u00f4ng c\u00f3 \u0111\u00f3 l\u00e0 t\u00ednh kh\u00e1ng khu\u1ea9n, ch\u1ed1ng oxi h\u00f3a, gi\u1ea3m lo \u00e2u v\u00e0 c\u00f3 th\u1ec3 hi\u1ec7p l\u1ef1c t\u1ed1t v\u1edbi thu\u1ed1c kh\u00e1ng sinh trong vi\u1ec7c \u0111i\u1ec1u tr\u1ecb b\u1ec7nh.\" \/>\n<meta property=\"og:url\" content=\"https:\/\/thietbitmg.com\/demo\/samminhthinh\/sam-ngoc-linh-loai-6-cu-1-kg-loai-sam-quy-hiem\/\" \/>\n<meta property=\"og:site_name\" content=\"S\u00c2M MINH TH\u1ecaNH\" \/>\n<meta property=\"og:image\" content=\"https:\/\/thietbitmg.com\/demo\/samminhthinh\/wp-content\/uploads\/2022\/03\/sam-ngoc-linh-nui-tu-nhien-loai-6-cu-1-kg_thumb.jpg\" \/>\n\t<meta property=\"og:image:width\" content=\"250\" \/>\n\t<meta property=\"og:image:height\" content=\"164\" \/>\n<meta name=\"twitter:card\" content=\"summary_large_image\" \/>\n<meta name=\"twitter:label1\" content=\"\u01af\u1edbc t\u00ednh th\u1eddi gian \u0111\u1ecdc\">\n\t<meta name=\"twitter:data1\" content=\"2 ph\u00fat\">\n<script type=\"application\/ld+json\" class=\"yoast-schema-graph\">{\"@context\":\"https:\/\/schema.org\",\"@graph\":[{\"@type\":\"WebSite\",\"@id\":\"https:\/\/thietbitmg.com\/demo\/samminhthinh\/#website\",\"url\":\"https:\/\/thietbitmg.com\/demo\/samminhthinh\/\",\"name\":\"S\\u00c2M MINH TH\\u1ecaNH\",\"description\":\"TRANG CH\\u1ee6\",\"potentialAction\":[{\"@type\":\"SearchAction\",\"target\":\"https:\/\/thietbitmg.com\/demo\/samminhthinh\/?s={search_term_string}\",\"query-input\":\"required name=search_term_string\"}],\"inLanguage\":\"vi\"},{\"@type\":\"ImageObject\",\"@id\":\"https:\/\/thietbitmg.com\/demo\/samminhthinh\/sam-ngoc-linh-loai-6-cu-1-kg-loai-sam-quy-hiem\/#primaryimage\",\"inLanguage\":\"vi\",\"url\":\"https:\/\/thietbitmg.com\/demo\/samminhthinh\/wp-content\/uploads\/2022\/03\/sam-ngoc-linh-nui-tu-nhien-loai-6-cu-1-kg_thumb.jpg\",\"width\":250,\"height\":164},{\"@type\":\"WebPage\",\"@id\":\"https:\/\/thietbitmg.com\/demo\/samminhthinh\/sam-ngoc-linh-loai-6-cu-1-kg-loai-sam-quy-hiem\/#webpage\",\"url\":\"https:\/\/thietbitmg.com\/demo\/samminhthinh\/sam-ngoc-linh-loai-6-cu-1-kg-loai-sam-quy-hiem\/\",\"name\":\"S\\u00e2m Ng\\u1ecdc Linh lo\\u1ea1i 6 c\\u1ee7 1 kg (Lo\\u1ea1i S\\u00e2m qu\\u00fd hi\\u1ebfm) - S\\u00c2M MINH TH\\u1ecaNH\",\"isPartOf\":{\"@id\":\"https:\/\/thietbitmg.com\/demo\/samminhthinh\/#website\"},\"primaryImageOfPage\":{\"@id\":\"https:\/\/thietbitmg.com\/demo\/samminhthinh\/sam-ngoc-linh-loai-6-cu-1-kg-loai-sam-quy-hiem\/#primaryimage\"},\"datePublished\":\"2022-03-01T02:57:54+00:00\",\"dateModified\":\"2022-03-01T02:57:54+00:00\",\"breadcrumb\":{\"@id\":\"https:\/\/thietbitmg.com\/demo\/samminhthinh\/sam-ngoc-linh-loai-6-cu-1-kg-loai-sam-quy-hiem\/#breadcrumb\"},\"inLanguage\":\"vi\",\"potentialAction\":[{\"@type\":\"ReadAction\",\"target\":[\"https:\/\/thietbitmg.com\/demo\/samminhthinh\/sam-ngoc-linh-loai-6-cu-1-kg-loai-sam-quy-hiem\/\"]}]},{\"@type\":\"BreadcrumbList\",\"@id\":\"https:\/\/thietbitmg.com\/demo\/samminhthinh\/sam-ngoc-linh-loai-6-cu-1-kg-loai-sam-quy-hiem\/#breadcrumb\",\"itemListElement\":[{\"@type\":\"ListItem\",\"position\":1,\"item\":{\"@type\":\"WebPage\",\"@id\":\"https:\/\/thietbitmg.com\/demo\/samminhthinh\/\",\"url\":\"https:\/\/thietbitmg.com\/demo\/samminhthinh\/\",\"name\":\"Home\"}},{\"@type\":\"ListItem\",\"position\":2,\"item\":{\"@type\":\"WebPage\",\"@id\":\"https:\/\/thietbitmg.com\/demo\/samminhthinh\/shop\/\",\"url\":\"https:\/\/thietbitmg.com\/demo\/samminhthinh\/shop\/\",\"name\":\"Shop\"}},{\"@type\":\"ListItem\",\"position\":3,\"item\":{\"@type\":\"WebPage\",\"@id\":\"https:\/\/thietbitmg.com\/demo\/samminhthinh\/sam-ngoc-linh-loai-6-cu-1-kg-loai-sam-quy-hiem\/\",\"url\":\"https:\/\/thietbitmg.com\/demo\/samminhthinh\/sam-ngoc-linh-loai-6-cu-1-kg-loai-sam-quy-hiem\/\",\"name\":\"S\\u00e2m Ng\\u1ecdc Linh lo\\u1ea1i 6 c\\u1ee7 1 kg (Lo\\u1ea1i S\\u00e2m qu\\u00fd hi\\u1ebfm)\"}}]}]}<\/script>\n<!-- \/ Yoast SEO Premium plugin. -->","_links":{"self":[{"href":"https:\/\/thietbitmg.com\/demo\/samminhthinh\/wp-json\/wp\/v2\/product\/3750"}],"collection":[{"href":"https:\/\/thietbitmg.com\/demo\/samminhthinh\/wp-json\/wp\/v2\/product"}],"about":[{"href":"https:\/\/thietbitmg.com\/demo\/samminhthinh\/wp-json\/wp\/v2\/types\/product"}],"replies":[{"embeddable":true,"href":"https:\/\/thietbitmg.com\/demo\/samminhthinh\/wp-json\/wp\/v2\/comments?post=3750"}],"wp:featuredmedia":[{"embeddable":true,"href":"https:\/\/thietbitmg.com\/demo\/samminhthinh\/wp-json\/wp\/v2\/media\/3751"}],"wp:attachment":[{"href":"https:\/\/thietbitmg.com\/demo\/samminhthinh\/wp-json\/wp\/v2\/media?parent=3750"}],"curies":[{"name":"wp","href":"https:\/\/api.w.org\/{rel}","templated":true}]}}