{"id":3770,"date":"2022-03-01T03:06:48","date_gmt":"2022-03-01T03:06:48","guid":{"rendered":"https:\/\/samminhthinh.com\/?post_type=product&#038;p=3770"},"modified":"2022-03-01T03:06:48","modified_gmt":"2022-03-01T03:06:48","slug":"to-yen-sao-khanh-hoa-yen-lam-sach-50g-015","status":"publish","type":"product","link":"https:\/\/thietbitmg.com\/demo\/samminhthinh\/to-yen-sao-khanh-hoa-yen-lam-sach-50g-015\/","title":{"rendered":"T\u1ed5 Y\u1ebfn S\u00e0o Kh\u00e1nh H\u00f2a y\u1ebfn l\u00e0m s\u1ea1ch 50g&hellip;"},"content":{"rendered":"<p>\u2742\u00a0<strong>Th\u00e0nh ph\u1ea7n t\u1ed5 y\u1ebfn s\u00e0o Kh\u00e1nh H\u00f2a:\u00a0<\/strong><\/p>\n<p>\u2721\u00a018 lo\u1ea1i acid amin, m\u1ed9t s\u1ed1 c\u00f3 h\u00e0m l\u01b0\u1ee3ng r\u1ea5t cao nh\u01b0 Aspartic acid, Serine, Tyrosine, Phenylalanine, Valine, Arginine, Leucine\u2026<\/p>\n<p>\u2721\u00a0H\u00e0m l\u01b0\u1ee3ng protein cao: g\u1ed3m 18 lo\u1ea1i axit amin, 31 nguy\u00ean t\u1ed1 vi l\u01b0\u1ee3ng, 7 lo\u1ea1i \u0111\u01b0\u1eddng (carbohydrat) trong \u0111\u00f3 protein chi\u1ebfm \u0111\u1ebfn 50-60% trong\u00a0t\u1ed5 y\u1ebfn s\u00e0o.<\/p>\n<p>\u2721\u00a0H\u00e0m l\u01b0\u1ee3ng axitamin tuy\u1ec7t \u0111\u1ed1i g\u1ed3m: Phenylalanine, Threonine, Histidine, Leucine, Lysine, Methionine.<\/p>\n<p>\u2721\u00a0Acid syalic v\u00e0 Tyrosine<\/p>\n<p><strong>C\u00f4ng d\u1ee5ng t\u1ed5 y\u1ebfn s\u00e0o Kh\u00e1nh H\u00f2a:\u00a0<\/strong><\/p>\n<p>\u2714\u00a0V\u1edbi ng\u01b0\u1eddi gi\u00e0: Gi\u00fap ch\u1eafc x\u01b0\u01a1ng, ph\u00f2ng b\u1ec7nh lo\u00e3ng x\u01b0\u01a1ng, ph\u00f2ng v\u00e0 gi\u1ea3m tri\u1ec7u ch\u1ee9ng c\u1ee7a b\u1ec7nh ho, ph\u1ebf qu\u1ea3n, gi\u00fap \u0103n ngon, ng\u1ee7 t\u1ed1t, tinh th\u1ea7n tho\u1ea3i m\u00e1i, minh m\u1eabn, ch\u1ed1ng l\u00e3o h\u00f3a, vui s\u1ed1ng, k\u00e9o d\u00e0i tu\u1ed5i th\u1ecd.<\/p>\n<p>\u2714\u00a0V\u1edbi ng\u01b0\u1eddi m\u1eafc b\u1ec7nh: Gi\u00fap ph\u1ee5c h\u1ed3i c\u01a1 th\u1ec3, nh\u1ea5t l\u00e0 nh\u1eefng ng\u01b0\u1eddi b\u1ecb suy nh\u01b0\u1ee3c, s\u1ee9c kh\u1ecfe y\u1ebfu, m\u1ec7t m\u1ecfi, bi\u1ebfng \u0103n.<\/p>\n<p>\u2714\u00a0V\u1edbi b\u00e0 b\u1ea7u: C\u00f3 c\u00f4ng d\u1ee5ng r\u1ea5t l\u1edbn gi\u00fap cung c\u1ea5p \u0111\u1ea7y \u0111\u1ee7 s\u1eaft, can xi, k\u1ebdm\u2026cho c\u1ea3 m\u1eb9 v\u00e0 thai nhi, t\u1eeb \u0111\u00f3 gi\u00fap thai nhi ph\u00e1t tri\u1ec3n kh\u1ecfe m\u1ea1nh, ph\u00f2ng ng\u1eeba \u0111\u01b0\u1ee3c d\u1ecb t\u1eadt, nh\u1eb9 c\u00e2n. Ngo\u00e0i ra, y\u1ebfn c\u00f2n gi\u00fap t\u0103ng s\u1ee9c \u0111\u1ec1 kh\u00e1ng, gi\u1ea3m m\u1ec7t m\u1ecfi, c\u0103ng th\u1eb3ng cho b\u00e0 b\u1ea7u, gi\u00fap l\u00e0m \u0111\u1eb9p da, tr\u1ecb s\u1ea1m da, n\u00e1m da \u1edf b\u00e0 b\u1ea7u. \u0110\u1ed3ng th\u1eddi gi\u00fap thanh nhi\u1ec7t gi\u1ea3i \u0111\u1ed9c, \u0111i\u1ec1u tr\u1ecb t\u00e1o b\u00f3n, ph\u00f2ng vi\u00eam nhi\u1ec5m m\u1ee5n nh\u1ecdt \u1edf ng\u01b0\u1eddi mang thai.<\/p>\n<p>\u2714\u00a0V\u1edbi tr\u1ebb nh\u1ecf:\u00a0gi\u00fap t\u0103ng c\u01b0\u1eddng tr\u00ed nh\u1edb, ph\u00e1t tri\u1ec3n chi\u1ec1u cao, b\u1ed5 sung c\u00e1c axit amin gi\u00fap tr\u1ebb \u0103n ngon mi\u1ec7ng, ti\u00eau h\u00f3a t\u1ed1t, t\u0103ng c\u01b0\u1eddng kh\u1ea3 n\u0103ng h\u1ea5p thu ch\u1ea5t dinh d\u01b0\u1ee1ng. T\u0103ng s\u1ee9c \u0111\u1ec1 kh\u00e1ng \u1edf tr\u1ebb, gi\u00fap tr\u1ebb kh\u1ecfe m\u1ea1nh, gi\u1ea3m \u1ed1m \u0111au.<\/p>\n<p>\u2714\u00a0V\u1edbi nam gi\u1edbi: Gi\u00fap t\u0103ng c\u01b0\u1eddng sinh l\u1ef1c, gi\u1ea3m t\u00e1c \u0111\u1ed9ng c\u1ee7a r\u01b0\u1ee3u bia thu\u1ed1c l\u00e1 nh\u1edd kh\u1ea3 n\u0103ng thanh l\u1ecdc c\u1ef1c k\u00ec t\u1ed1t, \u0111\u1ed3ng th\u1eddi ch\u1ee9a c\u00e1c axit amin gi\u00fap ph\u00e1t tri\u1ec3n c\u01a1 b\u1eafp,\u00a0t\u1ed5 y\u1ebfn\u00a0mang \u0111\u1ebfn c\u01a1 th\u1ec3 kh\u1ecfe m\u1ea1nh.<\/p>\n<p>\u27a2\u00a0T\u1ed5 Y\u1ebfn S\u00e0o Kh\u00e1nh H\u00f2a\u00a0kh\u00f4ng ch\u1ec9 l\u00e0 th\u1ef1c ph\u1ea9m dinh d\u01b0\u1ee1ng m\u00e0 c\u00f2n nhanh ch\u00f3ng l\u00e0m bong, tr\u00f3c c\u00e1c t\u1ebf b\u00e0o da ch\u1ebft, ph\u1ee5 h\u1ed3i c\u00e1c t\u1ebf b\u00e0o b\u1ecb t\u1ed5n th\u01b0\u01a1ng, gi\u00fap c\u1ea3i thi\u1ec7n l\u00e0n da.<\/p>\n<p>\u27a2\u00a0Trong th\u00e0nh ph\u1ea7n y\u1ebfn s\u00e0o c\u00f3 18 lo\u1ea1i acid amin, m\u1ed9t s\u1ed1 c\u00f3 h\u00e0m l\u01b0\u1ee3ng r\u1ea5t cao nh\u01b0 Aspartic acid, Serine, Tyrosine, Phenylalanine, Valine, Arginine, Leucine, \u2026. Ngo\u00e0i ra, y\u1ebfn s\u00e0o c\u00f3 c\u1ea5u tr\u00fac glucoprotein, c\u00f3 n\u0103ng l\u01b0\u1ee3ng cao, c\u01a1 th\u1ec3 d\u1ec5 h\u1ea5p th\u1ee5. B\u00ean c\u1ea1nh \u0111\u00f3, c\u00e1c nguy\u00ean t\u1ed1 \u0111a, vi l\u01b0\u1ee3ng trong y\u1ebfn s\u00e0o r\u1ea5t phong ph\u00fa, c\u00f3 \u0111\u1ebfn 31 nguy\u00ean t\u1ed1 xu\u1ea5t hi\u1ec7n b\u1eb1ng ph\u01b0\u01a1ng ph\u00e1p hu\u1ef3nh quang tia X, r\u1ea5t gi\u00e0u Ca v\u00e0 Fe l\u00e0 c\u00e1c kho\u00e1ng ch\u1ea5t c\u1ea7n thi\u1ebft cho c\u01a1 th\u1ec3. C\u00e1c nguy\u00ean t\u1ed1 c\u00f3 \u00edch cho \u1ed5n \u0111\u1ecbnh th\u1ea7n kinh tr\u00ed nh\u1edb nh\u01b0 Mn, Br, Cu, Zn c\u0169ng c\u00f3 h\u00e0m l\u01b0\u1ee3ng cao.<\/p>\n<p>\u27a2\u00a0Kh\u00f4ng ph\u1ea3i ng\u1eabu nhi\u00ean m\u00e0 t\u1eeb th\u1eddi xa x\u01b0a y\u1ebfn s\u00e0o (hay c\u00f2n g\u1ecdi l\u00e0 t\u1ed5 y\u1ebfn) \u0111\u00e3 \u0111\u01b0\u1ee3c x\u1ebfp v\u00e0o h\u00e0ng cao l\u01b0\u01a1ng m\u0129 v\u1ecb, ch\u1ec9 d\u00e0nh cho t\u1ea7ng l\u1edbp vua ch\u00faa v\u00e0 qu\u00fd t\u1ed9c. V\u1edbi h\u01a1n 50% protein kh\u00f4ng b\u00e9o, 18 lo\u1ea1i axit amin v\u00e0 31 nguy\u00ean t\u1ed1 vi l\u01b0\u1ee3ng, Y\u1ebfn s\u00e0o\u00a0 \u0111\u01b0\u1ee3c xem l\u00e0 qu\u00e0 t\u1eb7ng v\u00f4 gi\u00e1 c\u1ee7a thi\u00ean nhi\u00ean, b\u1ed5 sung ch\u1ea5t dinh d\u01b0\u1ee1ng t\u1ed1t nh\u1ea5t cho s\u1ee9c kh\u1ecfe, \u0111em l\u1ea1i ngu\u1ed3n n\u0103ng l\u01b0\u1ee3ng qu\u00fd gi\u00e1 cho c\u01a1 th\u1ebf c\u1ee7a b\u1ea1n.<\/p>\n<p>\u27a2\u00a0Th\u00e0nh ph\u1ea7n dinh d\u01b0\u1ee1ng trong y\u1ebfn s\u00e0o c\u00f3 h\u00e0m l\u01b0\u1ee3ng protein r\u1ea5t cao (chi\u1ebfm kho\u1ea3ng 50-60%), 18 lo\u1ea1i axit amin, 31 nguy\u00ean t\u1ed1 vi l\u01b0\u1ee3ng v\u00e0 7 lo\u1ea1i \u0111\u01b0\u1eddng (carbohydrat) thi\u1ebft y\u1ebfu cho c\u01a1 th\u1ec3, kh\u00f4ng th\u1ec3 thay th\u1ebf b\u1edfi th\u1ef1c ph\u1ea9m kh\u00e1c. Do \u0111\u00f3, y\u1ebfn s\u00e0o ph\u00f9 h\u1ee3p v\u1edbi nhi\u1ec1u l\u1ee9a tu\u1ed5i, gi\u1edbi t\u00ednh kh\u00e1c nhau, t\u1eeb tr\u1ebb em \u0111\u1ebfn ng\u01b0\u1eddi gi\u00e0, t\u1eeb nam gi\u1edbi \u0111\u1ebfn ph\u1ee5 n\u1eef, t\u1eeb ng\u01b0\u1eddi b\u1ec7nh \u0111\u1ebfn ng\u01b0\u1eddi c\u00f3 s\u1ee9c kh\u1ecfe b\u00ecnh th\u01b0\u1eddng<\/p>\n","protected":false},"excerpt":{"rendered":"<p>\u2721\u00a0<strong>T\u1ed5 Y\u1ebfn S\u00e0o Kh\u00e1nh H\u00f2a y\u1ebfn \u0111\u1ea3o l\u00e0m s\u1ea1ch 50g<\/strong>\u00a0l\u00e0 s\u1ea3n ph\u1ea9m \u0111\u01b0\u1ee3c \u01b0a chu\u1ed9ng tr\u00ean th\u1ecb tr\u01b0\u1eddng v\u1edbi nhi\u1ec1u th\u00e0nh ph\u1ea7n dinh d\u01b0\u1ee1ng v\u00e0 gi\u00e1 tr\u1ecb t\u1ed1t cho s\u1ee9c kh\u1ecfe con ng\u01b0\u1eddi.\u00a0H\u00e0m l\u01b0\u1ee3ng Protein c\u00f3 trong y\u1ebfn s\u00e0o cao gi\u00fap t\u0103ng c\u01b0\u1eddng s\u1ee9c kh\u1ecfe.\u00a0Th\u00e0nh ph\u1ea7n ch\u1ee9a t\u1edbi 18 lo\u1ea1i axit amin gi\u00fap c\u00e2n b\u1eb1ng qu\u00e1 tr\u00ecnh trao \u0111\u1ed5i ch\u1ea5t, t\u0103ng k\u00edch th\u00edch sinh tr\u01b0\u1edfng cho c\u00e1c t\u1ebf b\u00e0o, ph\u1ee5c h\u1ed3i t\u1ebf b\u00e0o b\u1ecb t\u1ed5n th\u01b0\u01a1ng, ch\u1ed1ng l\u00e3o h\u00f3a, b\u1ea3o v\u1ec7 da, gi\u00fap c\u00f3 l\u00e0n da s\u00e1ng m\u1ecbn\u2026<\/p>\n<p>\u2721\u00a0S\u1ea3n ph\u1ea9m ph\u00f9 h\u1ee3p l\u00e0m qu\u00e0 bi\u1ebfu t\u1eb7ng cho ng\u01b0\u1eddi th\u00e2n, b\u1ea1n b\u00e8.<\/p>\n","protected":false},"featured_media":3771,"comment_status":"open","ping_status":"closed","template":"","meta":[],"yoast_head":"<!-- This site is optimized with the Yoast SEO Premium plugin v15.9.1 - https:\/\/yoast.com\/wordpress\/plugins\/seo\/ -->\n<title>T\u1ed5 Y\u1ebfn S\u00e0o Kh\u00e1nh H\u00f2a y\u1ebfn l\u00e0m s\u1ea1ch 50g - 015 - S\u00c2M MINH TH\u1ecaNH<\/title>\n<meta name=\"robots\" content=\"index, follow, max-snippet:-1, max-image-preview:large, max-video-preview:-1\" \/>\n<link rel=\"canonical\" href=\"https:\/\/thietbitmg.com\/demo\/samminhthinh\/to-yen-sao-khanh-hoa-yen-lam-sach-50g-015\/\" \/>\n<meta property=\"og:locale\" content=\"vi_VN\" \/>\n<meta property=\"og:type\" content=\"article\" \/>\n<meta property=\"og:title\" content=\"T\u1ed5 Y\u1ebfn S\u00e0o Kh\u00e1nh H\u00f2a y\u1ebfn l\u00e0m s\u1ea1ch 50g - 015 - S\u00c2M MINH TH\u1ecaNH\" \/>\n<meta property=\"og:description\" content=\"\u2721\u00a0T\u1ed5 Y\u1ebfn S\u00e0o Kh\u00e1nh H\u00f2a y\u1ebfn \u0111\u1ea3o l\u00e0m s\u1ea1ch 50g\u00a0l\u00e0 s\u1ea3n ph\u1ea9m \u0111\u01b0\u1ee3c \u01b0a chu\u1ed9ng tr\u00ean th\u1ecb tr\u01b0\u1eddng v\u1edbi nhi\u1ec1u th\u00e0nh ph\u1ea7n dinh d\u01b0\u1ee1ng v\u00e0 gi\u00e1 tr\u1ecb t\u1ed1t cho s\u1ee9c kh\u1ecfe con ng\u01b0\u1eddi.\u00a0H\u00e0m l\u01b0\u1ee3ng Protein c\u00f3 trong y\u1ebfn s\u00e0o cao gi\u00fap t\u0103ng c\u01b0\u1eddng s\u1ee9c kh\u1ecfe.\u00a0Th\u00e0nh ph\u1ea7n ch\u1ee9a t\u1edbi 18 lo\u1ea1i axit amin gi\u00fap c\u00e2n b\u1eb1ng qu\u00e1 tr\u00ecnh trao \u0111\u1ed5i ch\u1ea5t, t\u0103ng k\u00edch th\u00edch sinh tr\u01b0\u1edfng cho c\u00e1c t\u1ebf b\u00e0o, ph\u1ee5c h\u1ed3i t\u1ebf b\u00e0o b\u1ecb t\u1ed5n th\u01b0\u01a1ng, ch\u1ed1ng l\u00e3o h\u00f3a, b\u1ea3o v\u1ec7 da, gi\u00fap c\u00f3 l\u00e0n da s\u00e1ng m\u1ecbn\u2026  \u2721\u00a0S\u1ea3n ph\u1ea9m ph\u00f9 h\u1ee3p l\u00e0m qu\u00e0 bi\u1ebfu t\u1eb7ng cho ng\u01b0\u1eddi th\u00e2n, b\u1ea1n b\u00e8.\" \/>\n<meta property=\"og:url\" content=\"https:\/\/thietbitmg.com\/demo\/samminhthinh\/to-yen-sao-khanh-hoa-yen-lam-sach-50g-015\/\" \/>\n<meta property=\"og:site_name\" content=\"S\u00c2M MINH TH\u1ecaNH\" \/>\n<meta property=\"og:image\" content=\"https:\/\/thietbitmg.com\/demo\/samminhthinh\/wp-content\/uploads\/2022\/03\/to-yen-sao-khanh-hoa-yen-dao-lam-sach-50g-015_thumb.jpg\" \/>\n\t<meta property=\"og:image:width\" content=\"250\" \/>\n\t<meta property=\"og:image:height\" content=\"164\" \/>\n<meta name=\"twitter:card\" content=\"summary_large_image\" \/>\n<meta name=\"twitter:label1\" content=\"\u01af\u1edbc t\u00ednh th\u1eddi gian \u0111\u1ecdc\">\n\t<meta name=\"twitter:data1\" content=\"5 ph\u00fat\">\n<script type=\"application\/ld+json\" class=\"yoast-schema-graph\">{\"@context\":\"https:\/\/schema.org\",\"@graph\":[{\"@type\":\"WebSite\",\"@id\":\"https:\/\/thietbitmg.com\/demo\/samminhthinh\/#website\",\"url\":\"https:\/\/thietbitmg.com\/demo\/samminhthinh\/\",\"name\":\"S\\u00c2M MINH TH\\u1ecaNH\",\"description\":\"TRANG CH\\u1ee6\",\"potentialAction\":[{\"@type\":\"SearchAction\",\"target\":\"https:\/\/thietbitmg.com\/demo\/samminhthinh\/?s={search_term_string}\",\"query-input\":\"required name=search_term_string\"}],\"inLanguage\":\"vi\"},{\"@type\":\"ImageObject\",\"@id\":\"https:\/\/thietbitmg.com\/demo\/samminhthinh\/to-yen-sao-khanh-hoa-yen-lam-sach-50g-015\/#primaryimage\",\"inLanguage\":\"vi\",\"url\":\"https:\/\/thietbitmg.com\/demo\/samminhthinh\/wp-content\/uploads\/2022\/03\/to-yen-sao-khanh-hoa-yen-dao-lam-sach-50g-015_thumb.jpg\",\"width\":250,\"height\":164},{\"@type\":\"WebPage\",\"@id\":\"https:\/\/thietbitmg.com\/demo\/samminhthinh\/to-yen-sao-khanh-hoa-yen-lam-sach-50g-015\/#webpage\",\"url\":\"https:\/\/thietbitmg.com\/demo\/samminhthinh\/to-yen-sao-khanh-hoa-yen-lam-sach-50g-015\/\",\"name\":\"T\\u1ed5 Y\\u1ebfn S\\u00e0o Kh\\u00e1nh H\\u00f2a y\\u1ebfn l\\u00e0m s\\u1ea1ch 50g - 015 - S\\u00c2M MINH TH\\u1ecaNH\",\"isPartOf\":{\"@id\":\"https:\/\/thietbitmg.com\/demo\/samminhthinh\/#website\"},\"primaryImageOfPage\":{\"@id\":\"https:\/\/thietbitmg.com\/demo\/samminhthinh\/to-yen-sao-khanh-hoa-yen-lam-sach-50g-015\/#primaryimage\"},\"datePublished\":\"2022-03-01T03:06:48+00:00\",\"dateModified\":\"2022-03-01T03:06:48+00:00\",\"breadcrumb\":{\"@id\":\"https:\/\/thietbitmg.com\/demo\/samminhthinh\/to-yen-sao-khanh-hoa-yen-lam-sach-50g-015\/#breadcrumb\"},\"inLanguage\":\"vi\",\"potentialAction\":[{\"@type\":\"ReadAction\",\"target\":[\"https:\/\/thietbitmg.com\/demo\/samminhthinh\/to-yen-sao-khanh-hoa-yen-lam-sach-50g-015\/\"]}]},{\"@type\":\"BreadcrumbList\",\"@id\":\"https:\/\/thietbitmg.com\/demo\/samminhthinh\/to-yen-sao-khanh-hoa-yen-lam-sach-50g-015\/#breadcrumb\",\"itemListElement\":[{\"@type\":\"ListItem\",\"position\":1,\"item\":{\"@type\":\"WebPage\",\"@id\":\"https:\/\/thietbitmg.com\/demo\/samminhthinh\/\",\"url\":\"https:\/\/thietbitmg.com\/demo\/samminhthinh\/\",\"name\":\"Home\"}},{\"@type\":\"ListItem\",\"position\":2,\"item\":{\"@type\":\"WebPage\",\"@id\":\"https:\/\/thietbitmg.com\/demo\/samminhthinh\/shop\/\",\"url\":\"https:\/\/thietbitmg.com\/demo\/samminhthinh\/shop\/\",\"name\":\"Shop\"}},{\"@type\":\"ListItem\",\"position\":3,\"item\":{\"@type\":\"WebPage\",\"@id\":\"https:\/\/thietbitmg.com\/demo\/samminhthinh\/to-yen-sao-khanh-hoa-yen-lam-sach-50g-015\/\",\"url\":\"https:\/\/thietbitmg.com\/demo\/samminhthinh\/to-yen-sao-khanh-hoa-yen-lam-sach-50g-015\/\",\"name\":\"T\\u1ed5 Y\\u1ebfn S\\u00e0o Kh\\u00e1nh H\\u00f2a y\\u1ebfn l\\u00e0m s\\u1ea1ch 50g &#8211; 015\"}}]}]}<\/script>\n<!-- \/ Yoast SEO Premium plugin. -->","_links":{"self":[{"href":"https:\/\/thietbitmg.com\/demo\/samminhthinh\/wp-json\/wp\/v2\/product\/3770"}],"collection":[{"href":"https:\/\/thietbitmg.com\/demo\/samminhthinh\/wp-json\/wp\/v2\/product"}],"about":[{"href":"https:\/\/thietbitmg.com\/demo\/samminhthinh\/wp-json\/wp\/v2\/types\/product"}],"replies":[{"embeddable":true,"href":"https:\/\/thietbitmg.com\/demo\/samminhthinh\/wp-json\/wp\/v2\/comments?post=3770"}],"wp:featuredmedia":[{"embeddable":true,"href":"https:\/\/thietbitmg.com\/demo\/samminhthinh\/wp-json\/wp\/v2\/media\/3771"}],"wp:attachment":[{"href":"https:\/\/thietbitmg.com\/demo\/samminhthinh\/wp-json\/wp\/v2\/media?parent=3770"}],"curies":[{"name":"wp","href":"https:\/\/api.w.org\/{rel}","templated":true}]}}