{"id":3529,"date":"2021-04-12T09:20:34","date_gmt":"2021-04-12T09:20:34","guid":{"rendered":"https:\/\/chuongdesigner.name.vn\/spadep\/?page_id=3529"},"modified":"2021-04-27T01:12:26","modified_gmt":"2021-04-27T01:12:26","slug":"dao-tao","status":"publish","type":"page","link":"https:\/\/thietbitmg.com\/demo\/spadep\/dao-tao\/","title":{"rendered":"\u0110\u00e0o t\u1ea1o"},"content":{"rendered":"\n\t<section class=\"section abcxyz1\" id=\"section_2103446799\">\n\t\t<div class=\"bg section-bg fill bg-fill  bg-loaded\" >\n\n\t\t\t\n\t\t\t\n\t\t\t\n\n\t\t<\/div>\n\n\t\t<div class=\"section-content relative\">\n\t\t\t\n\n<div class=\"row\"  id=\"row-293601267\">\n\n\n\t<div id=\"col-1499684762\" class=\"col medium-9 small-12 large-9\"  >\n\t\t<div class=\"col-inner\"  >\n\t\t\t\n\t\t\t\n\n\t<div id=\"gap-1944488195\" class=\"gap-element clearfix\" style=\"display:block; height:auto;\">\n\t\t\n<style>\n#gap-1944488195 {\n  padding-top: 30px;\n}\n<\/style>\n\t<\/div>\n\t\n\n<h1 class=\"big-title\" style=\"text-align: center; font-family: Dancing Script; color: #e420f7;\">C\u00e1c kh\u00f3a \u0111\u00e0o t\u1ea1o<\/h1>\n<p style=\"text-align: center;\"><span style=\"color: #000000;\">S\u1edf h\u1eefu \u0111\u1ed9i ng\u0169 k\u1ef9 thu\u1eadt vi\u00ean nhi\u1ec1u kinh nghi\u1ec7m, h\u1ec7 th\u1ed1ng c\u00f4ng ngh\u1ec7 l\u00e0m \u0111\u1eb9p hi\u1ec7n \u0111\u1ea1i v\u00e0 phong c\u00e1ch ph\u1ee5c v\u1ee5 chuy\u00ean nghi\u1ec7p, Th\u1ea9m m\u1ef9 vi\u1ec7n Elly Thanh t\u1ef1 h\u00e0o l\u00e0 h\u1ec7 th\u1ed1ng Th\u1ea9m m\u1ef9 vi\u1ec7n uy t\u00edn t\u1ea1i Vi\u1ec7t Nam, mang \u0111\u1ebfn v\u1ebb \u0111\u1eb9p t\u1ef1 nhi\u00ean cho h\u00e0ng tri\u1ec7u kh\u00e1ch h\u00e0ng trong v\u00e0 ngo\u00e0i n\u01b0\u1edbc.<\/span><\/p>\n<div class=\"row\"  id=\"row-1861445895\">\n\n\n\t<div id=\"col-195245906\" class=\"col small-12 large-12\"  >\n\t\t<div class=\"col-inner\"  >\n\t\t\t\n\t\t\t\n\n\n  \n    <div class=\"row large-columns-3 medium-columns-1 small-columns-1 slider row-slider slider-nav-reveal slider-nav-push\"  data-flickity-options='{\"imagesLoaded\": true, \"groupCells\": \"100%\", \"dragThreshold\" : 5, \"cellAlign\": \"left\",\"wrapAround\": true,\"prevNextButtons\": true,\"percentPosition\": true,\"pageDots\": false, \"rightToLeft\": false, \"autoPlay\" : false}'>\n\n  \t\t<div class=\"col post-item\" >\n\t\t\t<div class=\"col-inner\">\n\t\t\t<a href=\"https:\/\/thietbitmg.com\/demo\/spadep\/2020\/09\/15\/dieu-khac-long-may-sau-1-thang-da-len-mau-dep-chua\/\" class=\"plain\">\n\t\t\t\t<div class=\"box box-normal box-text-bottom box-blog-post has-hover\">\n            \t\t\t\t\t<div class=\"box-image\" >\n  \t\t\t\t\t\t<div class=\"image-cover\" style=\"padding-top:56.25%;\">\n  \t\t\t\t\t\t\t<img width=\"400\" height=\"400\" src=\"https:\/\/thietbitmg.com\/demo\/spadep\/wp-content\/uploads\/2021\/04\/tiem-xoa-nhan-duoi-mat_2019-08-22-114250-400x400.jpg\" class=\"attachment-medium size-medium wp-post-image wp-post-image\" alt=\"\" srcset=\"https:\/\/thietbitmg.com\/demo\/spadep\/wp-content\/uploads\/2021\/04\/tiem-xoa-nhan-duoi-mat_2019-08-22-114250-400x400.jpg 400w, https:\/\/thietbitmg.com\/demo\/spadep\/wp-content\/uploads\/2021\/04\/tiem-xoa-nhan-duoi-mat_2019-08-22-114250-280x280.jpg 280w, https:\/\/thietbitmg.com\/demo\/spadep\/wp-content\/uploads\/2021\/04\/tiem-xoa-nhan-duoi-mat_2019-08-22-114250-24x24.jpg 24w, https:\/\/thietbitmg.com\/demo\/spadep\/wp-content\/uploads\/2021\/04\/tiem-xoa-nhan-duoi-mat_2019-08-22-114250-36x36.jpg 36w, https:\/\/thietbitmg.com\/demo\/spadep\/wp-content\/uploads\/2021\/04\/tiem-xoa-nhan-duoi-mat_2019-08-22-114250-48x48.jpg 48w, https:\/\/thietbitmg.com\/demo\/spadep\/wp-content\/uploads\/2021\/04\/tiem-xoa-nhan-duoi-mat_2019-08-22-114250-300x300.jpg 300w, https:\/\/thietbitmg.com\/demo\/spadep\/wp-content\/uploads\/2021\/04\/tiem-xoa-nhan-duoi-mat_2019-08-22-114250-100x100.jpg 100w, https:\/\/thietbitmg.com\/demo\/spadep\/wp-content\/uploads\/2021\/04\/tiem-xoa-nhan-duoi-mat_2019-08-22-114250.jpg 600w\" sizes=\"(max-width: 400px) 100vw, 400px\" \/>  \t\t\t\t\t\t\t  \t\t\t\t\t\t\t  \t\t\t\t\t\t<\/div>\n  \t\t\t\t\t\t  \t\t\t\t\t<\/div>\n          \t\t\t\t\t<div class=\"box-text text-center\" >\n\t\t\t\t\t<div class=\"box-text-inner blog-post-inner\">\n\n\t\t\t\t\t\n\t\t\t\t\t\t\t\t\t\t<h5 class=\"post-title is-large \">\u0110i\u00eau kh\u1eafc l\u00f4ng m\u00e0y sau 1 th\u00e1ng \u0111\u00e3 l\u00ean m\u00e0u \u0111\u1eb9p ch\u01b0a?<\/h5>\n\t\t\t\t\t\t\t\t\t\t<div class=\"is-divider\"><\/div>\n\t\t\t\t\t\t\t\t\t\t<p class=\"from_the_blog_excerpt \">Ch\u00e0o chuy\u00ean gia! Ch\u1ec9 c\u00f2n g\u1ea7n 2 th\u00e1ng n\u1eefa l\u00e0 em k\u1ebft h\u00f4n, em mu\u1ed1n[...]\t\t\t\t\t<\/p>\n\t\t\t\t\t                    \n\t\t\t\t\t\n\t\t\t\t\t\n\t\t\t\t\t<\/div>\n\t\t\t\t\t<\/div>\n\t\t\t\t\t\t\t\t\t\t\t\t\t\t\t\t<div class=\"badge absolute top post-date badge-square\">\n\t\t\t\t\t\t\t<div class=\"badge-inner\">\n\t\t\t\t\t\t\t\t<span class=\"post-date-day\">15<\/span><br>\n\t\t\t\t\t\t\t\t<span class=\"post-date-month is-xsmall\">Th9<\/span>\n\t\t\t\t\t\t\t<\/div>\n\t\t\t\t\t\t<\/div>\n\t\t\t\t\t\t\t\t\t<\/div>\n\t\t\t\t<\/a>\n\t\t\t<\/div>\n\t\t<\/div>\n\t\t<div class=\"col post-item\" >\n\t\t\t<div class=\"col-inner\">\n\t\t\t<a href=\"https:\/\/thietbitmg.com\/demo\/spadep\/2020\/09\/15\/cham-soc-sau-khi-nang-chan-may-the-nao-de-nhanh-lanh\/\" class=\"plain\">\n\t\t\t\t<div class=\"box box-normal box-text-bottom box-blog-post has-hover\">\n            \t\t\t\t\t<div class=\"box-image\" >\n  \t\t\t\t\t\t<div class=\"image-cover\" style=\"padding-top:56.25%;\">\n  \t\t\t\t\t\t\t<img width=\"400\" height=\"400\" src=\"https:\/\/thietbitmg.com\/demo\/spadep\/wp-content\/uploads\/2021\/04\/thon-gon-san-chac-vung-nong-cam_2018-09-23-213319_190910-1517534S4-400x400.jpg\" class=\"attachment-medium size-medium wp-post-image wp-post-image\" alt=\"\" srcset=\"https:\/\/thietbitmg.com\/demo\/spadep\/wp-content\/uploads\/2021\/04\/thon-gon-san-chac-vung-nong-cam_2018-09-23-213319_190910-1517534S4-400x400.jpg 400w, https:\/\/thietbitmg.com\/demo\/spadep\/wp-content\/uploads\/2021\/04\/thon-gon-san-chac-vung-nong-cam_2018-09-23-213319_190910-1517534S4-280x280.jpg 280w, https:\/\/thietbitmg.com\/demo\/spadep\/wp-content\/uploads\/2021\/04\/thon-gon-san-chac-vung-nong-cam_2018-09-23-213319_190910-1517534S4-24x24.jpg 24w, https:\/\/thietbitmg.com\/demo\/spadep\/wp-content\/uploads\/2021\/04\/thon-gon-san-chac-vung-nong-cam_2018-09-23-213319_190910-1517534S4-36x36.jpg 36w, https:\/\/thietbitmg.com\/demo\/spadep\/wp-content\/uploads\/2021\/04\/thon-gon-san-chac-vung-nong-cam_2018-09-23-213319_190910-1517534S4-48x48.jpg 48w, https:\/\/thietbitmg.com\/demo\/spadep\/wp-content\/uploads\/2021\/04\/thon-gon-san-chac-vung-nong-cam_2018-09-23-213319_190910-1517534S4-300x300.jpg 300w, https:\/\/thietbitmg.com\/demo\/spadep\/wp-content\/uploads\/2021\/04\/thon-gon-san-chac-vung-nong-cam_2018-09-23-213319_190910-1517534S4-100x100.jpg 100w, https:\/\/thietbitmg.com\/demo\/spadep\/wp-content\/uploads\/2021\/04\/thon-gon-san-chac-vung-nong-cam_2018-09-23-213319_190910-1517534S4.jpg 600w\" sizes=\"(max-width: 400px) 100vw, 400px\" \/>  \t\t\t\t\t\t\t  \t\t\t\t\t\t\t  \t\t\t\t\t\t<\/div>\n  \t\t\t\t\t\t  \t\t\t\t\t<\/div>\n          \t\t\t\t\t<div class=\"box-text text-center\" >\n\t\t\t\t\t<div class=\"box-text-inner blog-post-inner\">\n\n\t\t\t\t\t\n\t\t\t\t\t\t\t\t\t\t<h5 class=\"post-title is-large \">Ch\u0103m s\u00f3c sau khi n\u00e2ng ch\u00e2n m\u00e0y th\u1ebf n\u00e0o \u0111\u1ec3 nhanh l\u00e0nh?<\/h5>\n\t\t\t\t\t\t\t\t\t\t<div class=\"is-divider\"><\/div>\n\t\t\t\t\t\t\t\t\t\t<p class=\"from_the_blog_excerpt \">S\u1eafp t\u1edbi m\u00ecnh c\u00f3 d\u1ef1 \u0111\u1ecbnh \u0111\u1ebfn Elly Thanh n\u00e2ng ch\u00e2n m\u00e0y \u0111\u1ec3 kh\u1eafc ph\u1ee5c[...]\t\t\t\t\t<\/p>\n\t\t\t\t\t                    \n\t\t\t\t\t\n\t\t\t\t\t\n\t\t\t\t\t<\/div>\n\t\t\t\t\t<\/div>\n\t\t\t\t\t\t\t\t\t\t\t\t\t\t\t\t<div class=\"badge absolute top post-date badge-square\">\n\t\t\t\t\t\t\t<div class=\"badge-inner\">\n\t\t\t\t\t\t\t\t<span class=\"post-date-day\">15<\/span><br>\n\t\t\t\t\t\t\t\t<span class=\"post-date-month is-xsmall\">Th9<\/span>\n\t\t\t\t\t\t\t<\/div>\n\t\t\t\t\t\t<\/div>\n\t\t\t\t\t\t\t\t\t<\/div>\n\t\t\t\t<\/a>\n\t\t\t<\/div>\n\t\t<\/div>\n\t\t<div class=\"col post-item\" >\n\t\t\t<div class=\"col-inner\">\n\t\t\t<a href=\"https:\/\/thietbitmg.com\/demo\/spadep\/2020\/09\/15\/hoc-nghe-spa-chuyen-nghiep-tiem-nang-hay-thach-thuc\/\" class=\"plain\">\n\t\t\t\t<div class=\"box box-normal box-text-bottom box-blog-post has-hover\">\n            \t\t\t\t\t<div class=\"box-image\" >\n  \t\t\t\t\t\t<div class=\"image-cover\" style=\"padding-top:56.25%;\">\n  \t\t\t\t\t\t\t<img width=\"400\" height=\"400\" src=\"https:\/\/thietbitmg.com\/demo\/spadep\/wp-content\/uploads\/2021\/04\/buoi-le-cham-soc-bang-san-pham-simple-cua-anh_2018-06-19-112647_191030-1035127Hb-400x400.jpg\" class=\"attachment-medium size-medium wp-post-image wp-post-image\" alt=\"\" srcset=\"https:\/\/thietbitmg.com\/demo\/spadep\/wp-content\/uploads\/2021\/04\/buoi-le-cham-soc-bang-san-pham-simple-cua-anh_2018-06-19-112647_191030-1035127Hb-400x400.jpg 400w, https:\/\/thietbitmg.com\/demo\/spadep\/wp-content\/uploads\/2021\/04\/buoi-le-cham-soc-bang-san-pham-simple-cua-anh_2018-06-19-112647_191030-1035127Hb-280x280.jpg 280w, https:\/\/thietbitmg.com\/demo\/spadep\/wp-content\/uploads\/2021\/04\/buoi-le-cham-soc-bang-san-pham-simple-cua-anh_2018-06-19-112647_191030-1035127Hb-24x24.jpg 24w, https:\/\/thietbitmg.com\/demo\/spadep\/wp-content\/uploads\/2021\/04\/buoi-le-cham-soc-bang-san-pham-simple-cua-anh_2018-06-19-112647_191030-1035127Hb-36x36.jpg 36w, https:\/\/thietbitmg.com\/demo\/spadep\/wp-content\/uploads\/2021\/04\/buoi-le-cham-soc-bang-san-pham-simple-cua-anh_2018-06-19-112647_191030-1035127Hb-48x48.jpg 48w, https:\/\/thietbitmg.com\/demo\/spadep\/wp-content\/uploads\/2021\/04\/buoi-le-cham-soc-bang-san-pham-simple-cua-anh_2018-06-19-112647_191030-1035127Hb-300x300.jpg 300w, https:\/\/thietbitmg.com\/demo\/spadep\/wp-content\/uploads\/2021\/04\/buoi-le-cham-soc-bang-san-pham-simple-cua-anh_2018-06-19-112647_191030-1035127Hb-100x100.jpg 100w, https:\/\/thietbitmg.com\/demo\/spadep\/wp-content\/uploads\/2021\/04\/buoi-le-cham-soc-bang-san-pham-simple-cua-anh_2018-06-19-112647_191030-1035127Hb.jpg 600w\" sizes=\"(max-width: 400px) 100vw, 400px\" \/>  \t\t\t\t\t\t\t  \t\t\t\t\t\t\t  \t\t\t\t\t\t<\/div>\n  \t\t\t\t\t\t  \t\t\t\t\t<\/div>\n          \t\t\t\t\t<div class=\"box-text text-center\" >\n\t\t\t\t\t<div class=\"box-text-inner blog-post-inner\">\n\n\t\t\t\t\t\n\t\t\t\t\t\t\t\t\t\t<h5 class=\"post-title is-large \">H\u1ecdc ngh\u1ec1 Spa chuy\u00ean nghi\u1ec7p: Ti\u1ec1m n\u0103ng hay th\u00e1ch th\u1ee9c?<\/h5>\n\t\t\t\t\t\t\t\t\t\t<div class=\"is-divider\"><\/div>\n\t\t\t\t\t\t\t\t\t\t<p class=\"from_the_blog_excerpt \">Spa l\u00e0 m\u1ed9t trong c\u00e1c ng\u00e0nh d\u1ecbch v\u1ee5 \u0111ang c\u1ef1c k\u00ec hot hi\u1ec7n nay. Th\u1ebf[...]\t\t\t\t\t<\/p>\n\t\t\t\t\t                    \n\t\t\t\t\t\n\t\t\t\t\t\n\t\t\t\t\t<\/div>\n\t\t\t\t\t<\/div>\n\t\t\t\t\t\t\t\t\t\t\t\t\t\t\t\t<div class=\"badge absolute top post-date badge-square\">\n\t\t\t\t\t\t\t<div class=\"badge-inner\">\n\t\t\t\t\t\t\t\t<span class=\"post-date-day\">15<\/span><br>\n\t\t\t\t\t\t\t\t<span class=\"post-date-month is-xsmall\">Th9<\/span>\n\t\t\t\t\t\t\t<\/div>\n\t\t\t\t\t\t<\/div>\n\t\t\t\t\t\t\t\t\t<\/div>\n\t\t\t\t<\/a>\n\t\t\t<\/div>\n\t\t<\/div>\n<\/div>\n\n\n\t\t<\/div>\n\t\t\t<\/div>\n\n\t\n\n<\/div>\n\n\t\t<\/div>\n\t\t\t<\/div>\n\n\t\n\n\t<div id=\"col-58802421\" class=\"col medium-3 small-12 large-3\"  >\n\t\t<div class=\"col-inner\"  >\n\t\t\t\n\t\t\t\n\n\t<div id=\"gap-1161678860\" class=\"gap-element clearfix\" style=\"display:block; height:auto;\">\n\t\t\n<style>\n#gap-1161678860 {\n  padding-top: 30px;\n}\n<\/style>\n\t<\/div>\n\t\n\n<ul class=\"sidebar-wrapper ul-reset\"><aside id=\"woocommerce_product_categories-13\" class=\"widget woocommerce widget_product_categories\"><span class=\"widget-title shop-sidebar\">DANH M\u1ee4C S\u1ea2N PH\u1ea8M<\/span><div class=\"is-divider small\"><\/div><ul class=\"product-categories\"><li class=\"cat-item cat-item-111\"><a href=\"https:\/\/thietbitmg.com\/demo\/spadep\/product-category\/ageloc\/\">AGELOC<\/a><\/li>\n<li class=\"cat-item cat-item-15\"><a href=\"https:\/\/thietbitmg.com\/demo\/spadep\/product-category\/classic-skincare\/\">CLASSIC SKINCARE<\/a><\/li>\n<li class=\"cat-item cat-item-86\"><a href=\"https:\/\/thietbitmg.com\/demo\/spadep\/product-category\/dieu-tri-seo-ro\/\">\u0110I\u1ec0U TR\u1eca S\u1eb8O R\u1ed4<\/a><\/li>\n<li class=\"cat-item cat-item-110\"><a href=\"https:\/\/thietbitmg.com\/demo\/spadep\/product-category\/tiem-meso-therapy\/\">TI\u00caM MESO THERAPY<\/a><\/li>\n<li class=\"cat-item cat-item-113\"><a href=\"https:\/\/thietbitmg.com\/demo\/spadep\/product-category\/tre-hoa-cn-ageloc\/\">TR\u1eba H\u00d3A CN AGELOC<\/a><\/li>\n<li class=\"cat-item cat-item-114\"><a href=\"https:\/\/thietbitmg.com\/demo\/spadep\/product-category\/treatment-facial\/\">TREATMENT FACIAL<\/a><\/li>\n<li class=\"cat-item cat-item-112\"><a href=\"https:\/\/thietbitmg.com\/demo\/spadep\/product-category\/ultherapy\/\">ULTHERAPY<\/a><\/li>\n<\/ul><\/aside><\/ul>\n\n\n\t\t<\/div>\n\t\t\t<\/div>\n\n\t\n\n<\/div>\n\n\t\t<\/div>\n\n\t\t\n<style>\n#section_2103446799 {\n  padding-top: 1px;\n  padding-bottom: 1px;\n}\n<\/style>\n\t<\/section>\n\t\n\t<section class=\"section\" id=\"section_1688691332\">\n\t\t<div class=\"bg section-bg fill bg-fill  bg-loaded\" >\n\n\t\t\t\n\t\t\t\n\t\t\t\n\n\t\t<\/div>\n\n\t\t<div class=\"section-content relative\">\n\t\t\t\n\n\t<div id=\"gap-234278888\" class=\"gap-element clearfix\" style=\"display:block; height:auto;\">\n\t\t\n<style>\n#gap-234278888 {\n  padding-top: 30px;\n}\n<\/style>\n\t<\/div>\n\t\n\n<div class=\"row\"  id=\"row-1162017071\">\n\n\n\t<div id=\"col-642150054\" class=\"col medium-3 small-6 large-3\"  >\n\t\t<div class=\"col-inner\"  >\n\t\t\t\n\t\t\t\n\n<h3><span style=\"color: #e420f7; font-size: 90%;\">TH\u00d4NG TIN LI\u00caN H\u1ec6<\/span><\/h3>\n<ul>\n<li class=\"widget-address-field\"><span class=\"address-meta\" style=\"color: #000000; font-size: 80%;\">S\u00f4\u0301 23 \u0110\u01b0\u01a1\u0300ng 47, Ph\u01b0\u01a1\u0300ng 4, Qu\u00e2\u0323n 4<\/span><\/li>\n<li class=\"widget-address-field\"><span class=\"address-meta\" style=\"color: #000000; font-size: 80%;\"><a style=\"color: #000000;\" href=\"tel:0935444923\">0935444923<\/a><\/span><\/li>\n<li class=\"widget-address-field\"><span class=\"address-meta\" style=\"color: #000000; font-size: 80%;\"><a style=\"color: #000000;\" href=\"mailto:dinhthaong@gmail.com\">dinhthaong@gmail.com<\/a><\/span><\/li>\n<\/ul>\n<div class=\"social-icons follow-icons\" ><a href=\"#\" target=\"_blank\" data-label=\"Facebook\"  rel=\"noopener noreferrer nofollow\" class=\"icon primary button circle facebook tooltip\" title=\"Follow on Facebook\"><i class=\"icon-facebook\" ><\/i><\/a><a href=\"mailto:#\" data-label=\"E-mail\"  rel=\"nofollow\" class=\"icon primary button circle  email tooltip\" title=\"Send us an email\"><i class=\"icon-envelop\" ><\/i><\/a><a href=\"tel:#\" target=\"_blank\"  data-label=\"Phone\"  rel=\"noopener noreferrer nofollow\" class=\"icon primary button circle  phone tooltip\" title=\"Call us\"><i class=\"icon-phone\" ><\/i><\/a><a href=\"#\" target=\"_blank\" rel=\"noopener noreferrer nofollow\" data-label=\"YouTube\" class=\"icon primary button circle  youtube tooltip\" title=\"Follow on YouTube\"><i class=\"icon-youtube\" ><\/i><\/a><\/div>\n\n\n\t\t<\/div>\n\t\t\t<\/div>\n\n\t\n\n\t<div id=\"col-904446146\" class=\"col medium-3 small-6 large-3\"  >\n\t\t<div class=\"col-inner\"  >\n\t\t\t\n\t\t\t\n\n<h3><span style=\"color: #e420f7; font-size: 90%;\">H\u1ed6 TR\u1ee2 KH\u00c1CH H\u00c0NG<\/span><\/h3>\n<ul>\n<li><span style=\"font-size: 80%; color: #000000;\">Giao h\u00e0ng &amp; Nh\u1eadn h\u00e0ng<\/span><\/li>\n<li><span style=\"font-size: 80%; color: #000000;\">Quy \u0111\u1ecbnh thanh to\u00e1n<\/span><\/li>\n<li><span style=\"font-size: 80%; color: #000000;\">Ch\u00ednh s\u00e1ch b\u1ea3o h\u00e0nh<\/span><\/li>\n<li><span style=\"font-size: 80%; color: #000000;\">H\u01b0\u1edbng d\u1eabn \u0111\u1ed5i tr\u1ea3<\/span><\/li>\n<li><span style=\"font-size: 80%; color: #000000;\">B\u1ea3o m\u1eadt th\u00f4ng tin kh\u00e1ch h\u00e0ng<\/span><\/li>\n<\/ul>\n\n\t\t<\/div>\n\t\t\t<\/div>\n\n\t\n\n\t<div id=\"col-1909426539\" class=\"col medium-3 small-6 large-3\"  >\n\t\t<div class=\"col-inner\"  >\n\t\t\t\n\t\t\t\n\n<h3><span style=\"color: #e420f7; font-size: 90%;\">T\u1ed4NG \u0110\u00c0I H\u1ed6 TR\u1ee2<\/span><\/h3>\n<ul>\n<li><span style=\"font-size: 80%; color: #000000;\">Kinh doanh <a href=\"tel:0935444923\">0935444923<\/a><a style=\"color: #000000;\" href=\"tel:0905028208\">&nbsp;<\/a><\/span><\/li>\n<li><span style=\"font-size: 80%; color: #000000;\">K\u1ef9 thu\u1eadt <a href=\"tel:0935444923\">0935444923<\/a><a style=\"color: #000000;\" href=\"tel:0905028208\">&nbsp;<\/a><\/span><\/li>\n<li><span style=\"font-size: 80%; color: #000000;\">CSKH: <a href=\"tel:0935444923\">0935444923<\/a><\/span><\/li>\n<\/ul>\n\n\t\t<\/div>\n\t\t\t<\/div>\n\n\t\n\n\t<div id=\"col-849478558\" class=\"col medium-3 small-6 large-3\"  >\n\t\t<div class=\"col-inner\"  >\n\t\t\t\n\t\t\t\n\n<h3><span style=\"color: #e420f7; font-size: 90%;\">K\u1ebeT N\u1ed0I V\u1edaI CH\u00daNG T\u00d4I<\/span><\/h3>\n<p><span style=\"font-size: 80%; color: #000000;\">NGUY\u00caN SPA s\u1edf h\u1eefu \u0111\u1ed9i ng\u0169 k\u1ef9 thu\u1eadt vi\u00ean nhi\u1ec1u kinh nghi\u1ec7m, h\u1ec7 th\u1ed1ng c\u00f4ng ngh\u1ec7 l\u00e0m \u0111\u1eb9p hi\u1ec7n \u0111\u1ea1i v\u00e0 phong c\u00e1ch ph\u1ee5c v\u1ee5 chuy\u00ean nghi\u1ec7p, mang \u0111\u1ebfn v\u1ebb \u0111\u1eb9p t\u1ef1 nhi\u00ean cho h\u00e0ng tri\u1ec7u kh\u00e1ch h\u00e0ng trong v\u00e0 ngo\u00e0i n\u01b0\u1edbc.<\/span><\/p>\n\n\t\t<\/div>\n\t\t\t<\/div>\n\n\t\n\n<\/div>\n\n\t\t<\/div>\n\n\t\t\n<style>\n#section_1688691332 {\n  padding-top: 0px;\n  padding-bottom: 0px;\n  background-color: rgba(0, 0, 0, 0.064);\n}\n<\/style>\n\t<\/section>\n\t\n","protected":false},"excerpt":{"rendered":"","protected":false},"author":1,"featured_media":0,"parent":0,"menu_order":0,"comment_status":"closed","ping_status":"closed","template":"page-blank.php","meta":[],"_links":{"self":[{"href":"https:\/\/thietbitmg.com\/demo\/spadep\/wp-json\/wp\/v2\/pages\/3529"}],"collection":[{"href":"https:\/\/thietbitmg.com\/demo\/spadep\/wp-json\/wp\/v2\/pages"}],"about":[{"href":"https:\/\/thietbitmg.com\/demo\/spadep\/wp-json\/wp\/v2\/types\/page"}],"author":[{"embeddable":true,"href":"https:\/\/thietbitmg.com\/demo\/spadep\/wp-json\/wp\/v2\/users\/1"}],"replies":[{"embeddable":true,"href":"https:\/\/thietbitmg.com\/demo\/spadep\/wp-json\/wp\/v2\/comments?post=3529"}],"version-history":[{"count":10,"href":"https:\/\/thietbitmg.com\/demo\/spadep\/wp-json\/wp\/v2\/pages\/3529\/revisions"}],"predecessor-version":[{"id":3710,"href":"https:\/\/thietbitmg.com\/demo\/spadep\/wp-json\/wp\/v2\/pages\/3529\/revisions\/3710"}],"wp:attachment":[{"href":"https:\/\/thietbitmg.com\/demo\/spadep\/wp-json\/wp\/v2\/media?parent=3529"}],"curies":[{"name":"wp","href":"https:\/\/api.w.org\/{rel}","templated":true}]}}