{"id":68,"date":"2015-11-17T20:15:56","date_gmt":"2015-11-17T20:15:56","guid":{"rendered":"http:\/\/localhost:8888\/flatsome-next\/?page_id=3031"},"modified":"2021-04-27T01:11:48","modified_gmt":"2021-04-27T01:11:48","slug":"gioi-thieu","status":"publish","type":"page","link":"https:\/\/thietbitmg.com\/demo\/spadep\/gioi-thieu\/","title":{"rendered":"Gi\u1edbi thi\u1ec7u"},"content":{"rendered":"\n\t<section class=\"section abcxyz1\" id=\"section_1961788309\">\n\t\t<div class=\"bg section-bg fill bg-fill  bg-loaded\" >\n\n\t\t\t\n\t\t\t\n\t\t\t\n\n\t\t<\/div>\n\n\t\t<div class=\"section-content relative\">\n\t\t\t\n\n<div class=\"row\"  id=\"row-1735470701\">\n\n\n\t<div id=\"col-996101583\" class=\"col small-12 large-12\"  >\n\t\t<div class=\"col-inner\"  >\n\t\t\t\n\t\t\t\n\n\t<div id=\"gap-1202873743\" class=\"gap-element clearfix\" style=\"display:block; height:auto;\">\n\t\t\n<style>\n#gap-1202873743 {\n  padding-top: 30px;\n}\n<\/style>\n\t<\/div>\n\t\n\n<p style=\"text-align: center; color: #ceb5f6; font-size: 25px; line-height: 1.6; margin-bottom: 0; text-shadow: 1px 1px 1px black;\">Gi\u1edbi thi\u1ec7u v\u1ec1<\/p>\n<h1 class=\"big-title\" style=\"text-align: center; font-family: Dancing Script; color: #e420f7;\">Nguy\u00ean Spa &amp; Healthy Life<\/h1>\n<p style=\"text-align: center;\"><span style=\"color: #000000; font-size: 95%;\">Nguyen\u2019s Spa c\u00f4ng khai minh ba\u0323ch t\u00e2\u0301t ca\u0309 v\u00ea\u0300 gia\u0301, sa\u0309n ph\u00e2\u0309m \u0111i\u00ea\u0300u tri\u0323. \u0110\u0103\u0323c \u0111i\u00ea\u0309m chung cu\u0309a sa\u0309n ph\u00e2\u0309m b\u00ean Nguyen\u2019s Spa &amp; Healthy Life s\u01b0\u0309 du\u0323ng la\u0300 tha\u0300nh ph\u00e2\u0300n thi\u00ean nhi\u00ean sa\u0309n xu\u00e2\u0301t b\u0103\u0300ng c\u00f4ng ngh\u00ea\u0323 Y sinh (Bio Medical).&nbsp;<\/span><\/p>\n<div class=\"row\"  id=\"row-37799394\">\n\n\n\t<div id=\"col-329292280\" class=\"col medium-6 small-12 large-6\"  >\n\t\t<div class=\"col-inner\"  >\n\t\t\t\n\t\t\t\n\n\t<div class=\"img has-hover x md-x lg-x y md-y lg-y\" id=\"image_598629419\">\n\t\t\t\t\t\t\t\t<div class=\"img-inner image-zoom dark\" >\n\t\t\t<img width=\"604\" height=\"487\" src=\"https:\/\/thietbitmg.com\/demo\/spadep\/wp-content\/uploads\/2021\/04\/hinhso2-2.jpg\" class=\"attachment-large size-large wp-post-image\" alt=\"\" srcset=\"https:\/\/thietbitmg.com\/demo\/spadep\/wp-content\/uploads\/2021\/04\/hinhso2-2.jpg 604w, https:\/\/thietbitmg.com\/demo\/spadep\/wp-content\/uploads\/2021\/04\/hinhso2-2-496x400.jpg 496w, https:\/\/thietbitmg.com\/demo\/spadep\/wp-content\/uploads\/2021\/04\/hinhso2-2-24x19.jpg 24w, https:\/\/thietbitmg.com\/demo\/spadep\/wp-content\/uploads\/2021\/04\/hinhso2-2-36x29.jpg 36w, https:\/\/thietbitmg.com\/demo\/spadep\/wp-content\/uploads\/2021\/04\/hinhso2-2-48x39.jpg 48w, https:\/\/thietbitmg.com\/demo\/spadep\/wp-content\/uploads\/2021\/04\/hinhso2-2-600x484.jpg 600w\" sizes=\"(max-width: 604px) 100vw, 604px\" \/>\t\t\t\t\t\t\n\t\t\t\t\t<\/div>\n\t\t\t\t\t\t\t\t\n<style>\n#image_598629419 {\n  width: 100%;\n}\n<\/style>\n\t<\/div>\n\t\n\n\n\t\t<\/div>\n\t\t\t<\/div>\n\n\t\n\n\t<div id=\"col-1142239064\" class=\"col medium-6 small-12 large-6\"  >\n\t\t<div class=\"col-inner\"  >\n\t\t\t\n\t\t\t\n\n<p><span style=\"color: #000000; font-size: 120%;\"><strong>Nguyen\u2019s Spa: \u201cS\u01b0\u0301c kho\u0309e cu\u0309a ba\u0323n, s\u0103\u0301c \u0111e\u0323p cu\u0309a ba\u0323n\u201d? <\/strong><\/span><\/p>\n<p><span style=\"color: #000000; font-size: 95%;\">Nguyen\u2019s Spa ra \u0111\u01a1\u0300i v\u01a1\u0301i s\u01b0\u0301 m\u00ea\u0323nh s\u01b0\u0309a ch\u01b0\u0303a, phu\u0323c h\u00f4\u0300i b\u00ea\u0323nh ly\u0301 v\u00ea\u0300 da m\u00f4\u0323t ca\u0301ch an toa\u0300n khoa ho\u0323c. Vi\u0300 sao slogan cu\u0309a Nguyen\u2019s Spa la\u0300: \u201cS\u01b0\u0301c kho\u0309e cu\u0309a ba\u0323n, s\u0103\u0301c \u0111e\u0323p cu\u0309a ba\u0323n\u201d? Vi\u0300 m\u00f4\u0323t la\u0300n da kho\u0309e tr\u01b0\u01a1\u0301c h\u00ea\u0301t \u0111\u00ea\u0301n t\u01b0\u0300 m\u00f4\u0323t c\u01a1 th\u00ea\u0309 kho\u0309e ma\u0323nh. Kho\u0309e ma\u0323nh v\u00ea\u0300 th\u00ea\u0309 ch\u00e2\u0301t, kho\u0309e ma\u0323nh v\u00ea\u0300 tinh th\u00e2\u0300n.<\/span><\/p>\n<p><span style=\"color: #000000; font-size: 95%;\">Nguyen\u2019s Spa &amp; Healthy Life mong r\u0103\u0300ng, v\u01a1\u0301i nh\u01b0\u0303ng c\u00f4\u0301 g\u0103\u0301ng d\u00e2\u0303u nho\u0309 be\u0301 nh\u01b0ng kh\u00f4ng ng\u01b0\u0300ng n\u00f4\u0303 l\u01b0\u0323c t\u00f4\u0301t h\u01a1n m\u00f4\u0303i nga\u0300y se\u0303 gia\u0309i c\u01b0\u0301u \u201cla\u0300n da Vi\u00ea\u0323t\u201d kho\u0309i ho\u0301a ch\u00e2\u0301t, kho\u0309i v\u00e2\u0301n na\u0323n s\u01b0\u0309 du\u0323ng d\u01b0\u01a1\u0323c my\u0303 ph\u00e2\u0309m b\u01b0\u0300a ba\u0303i. C\u01a1 th\u00ea\u0309 chu\u0301ng ta c\u00e2\u0300n th\u01b0\u0301c \u0103n \u201cla\u0300nh\u201d \u0111\u00ea\u0309 kho\u0309e ma\u0323nh thi\u0300 la\u0300n da cu\u0303ng c\u00e2\u0300n th\u01b0\u0301c \u0103n la\u0300nh \u0111\u00ea\u0309 \u0111u\u0309 s\u01b0\u0301c \u0111\u00ea\u0300 kha\u0301ng ch\u00f4\u0301ng chi\u0323u v\u01a1\u0301i m\u00f4i tr\u01b0\u01a1\u0300ng nga\u0300y ca\u0300ng \u00f4 nhi\u00ea\u0303m. N\u00ea\u0301u ba\u0323n cu\u0300ng ti\u0300nh y\u00eau v\u01a1\u0301i la\u0300n da nh\u01b0 nha\u0300 Nguyen\u2019s Spa thi\u0300 \u0111\u01b0\u0300ng nga\u0323i book m\u00f4\u0323t cu\u00f4\u0323c he\u0323n. Chu\u0301ng mi\u0300nh co\u0301 th\u00ea\u0309 cu\u0300ng nhau, t\u00e2m s\u01b0\u0323, chia se\u0309 v\u00ea\u0300 mo\u0323i th\u01b0\u0301 tr\u00ean \u0111\u01a1\u0300i. Vi\u0300 nguy\u00ean team Nguyen\u2019s Spa &amp; Healthy Life \u0111\u00ea\u0300u y\u00eau phu\u0323 n\u01b0\u0303 va\u0300 y\u00eau da v\u00f4 cu\u0300ng.<\/span><\/p>\n<p><span style=\"color: #000000;\"><em><strong>From Nguyen\u2019s Spa with love<\/strong><\/em><\/span><\/p>\n\n\t\t<\/div>\n\t\t\t<\/div>\n\n\t\n\n<\/div>\n\n\t\t<\/div>\n\t\t\t<\/div>\n\n\t\n\n<\/div>\n\n\t\t<\/div>\n\n\t\t\n<style>\n#section_1961788309 {\n  padding-top: 1px;\n  padding-bottom: 1px;\n}\n<\/style>\n\t<\/section>\n\t\n\t<section class=\"section\" id=\"section_910169761\">\n\t\t<div class=\"bg section-bg fill bg-fill  bg-loaded\" >\n\n\t\t\t\n\t\t\t\n\t\t\t\n\n\t\t<\/div>\n\n\t\t<div class=\"section-content relative\">\n\t\t\t\n\n\t<div id=\"gap-740019688\" class=\"gap-element clearfix\" style=\"display:block; height:auto;\">\n\t\t\n<style>\n#gap-740019688 {\n  padding-top: 30px;\n}\n<\/style>\n\t<\/div>\n\t\n\n<div class=\"row\"  id=\"row-1288529407\">\n\n\n\t<div id=\"col-465239205\" class=\"col medium-3 small-6 large-3\"  >\n\t\t<div class=\"col-inner\"  >\n\t\t\t\n\t\t\t\n\n<h3><span style=\"color: #e420f7; font-size: 90%;\">TH\u00d4NG TIN LI\u00caN H\u1ec6<\/span><\/h3>\n<ul>\n<li class=\"widget-address-field\"><span class=\"address-meta\" style=\"color: #000000; font-size: 80%;\">S\u00f4\u0301 23 \u0110\u01b0\u01a1\u0300ng 47, Ph\u01b0\u01a1\u0300ng 4, Qu\u00e2\u0323n 4<\/span><\/li>\n<li class=\"widget-address-field\"><span class=\"address-meta\" style=\"color: #000000; font-size: 80%;\"><a style=\"color: #000000;\" href=\"tel:0935444923\">0935444923<\/a><\/span><\/li>\n<li class=\"widget-address-field\"><span class=\"address-meta\" style=\"color: #000000; font-size: 80%;\"><a style=\"color: #000000;\" href=\"mailto:dinhthaong@gmail.com\">dinhthaong@gmail.com<\/a><\/span><\/li>\n<\/ul>\n<div class=\"social-icons follow-icons\" ><a href=\"#\" target=\"_blank\" data-label=\"Facebook\"  rel=\"noopener noreferrer nofollow\" class=\"icon primary button circle facebook tooltip\" title=\"Follow on Facebook\"><i class=\"icon-facebook\" ><\/i><\/a><a href=\"mailto:#\" data-label=\"E-mail\"  rel=\"nofollow\" class=\"icon primary button circle  email tooltip\" title=\"Send us an email\"><i class=\"icon-envelop\" ><\/i><\/a><a href=\"tel:#\" target=\"_blank\"  data-label=\"Phone\"  rel=\"noopener noreferrer nofollow\" class=\"icon primary button circle  phone tooltip\" title=\"Call us\"><i class=\"icon-phone\" ><\/i><\/a><a href=\"#\" target=\"_blank\" rel=\"noopener noreferrer nofollow\" data-label=\"YouTube\" class=\"icon primary button circle  youtube tooltip\" title=\"Follow on YouTube\"><i class=\"icon-youtube\" ><\/i><\/a><\/div>\n\n\n\t\t<\/div>\n\t\t\t<\/div>\n\n\t\n\n\t<div id=\"col-1413101768\" class=\"col medium-3 small-6 large-3\"  >\n\t\t<div class=\"col-inner\"  >\n\t\t\t\n\t\t\t\n\n<h3><span style=\"color: #e420f7; font-size: 90%;\">H\u1ed6 TR\u1ee2 KH\u00c1CH H\u00c0NG<\/span><\/h3>\n<ul>\n<li><span style=\"font-size: 80%; color: #000000;\">Giao h\u00e0ng &amp; Nh\u1eadn h\u00e0ng<\/span><\/li>\n<li><span style=\"font-size: 80%; color: #000000;\">Quy \u0111\u1ecbnh thanh to\u00e1n<\/span><\/li>\n<li><span style=\"font-size: 80%; color: #000000;\">Ch\u00ednh s\u00e1ch b\u1ea3o h\u00e0nh<\/span><\/li>\n<li><span style=\"font-size: 80%; color: #000000;\">H\u01b0\u1edbng d\u1eabn \u0111\u1ed5i tr\u1ea3<\/span><\/li>\n<li><span style=\"font-size: 80%; color: #000000;\">B\u1ea3o m\u1eadt th\u00f4ng tin kh\u00e1ch h\u00e0ng<\/span><\/li>\n<\/ul>\n\n\t\t<\/div>\n\t\t\t<\/div>\n\n\t\n\n\t<div id=\"col-1063450812\" class=\"col medium-3 small-6 large-3\"  >\n\t\t<div class=\"col-inner\"  >\n\t\t\t\n\t\t\t\n\n<h3><span style=\"color: #e420f7; font-size: 90%;\">T\u1ed4NG \u0110\u00c0I H\u1ed6 TR\u1ee2<\/span><\/h3>\n<ul>\n<li><span style=\"font-size: 80%; color: #000000;\">Kinh doanh <a href=\"tel:0935444923\">0935444923<\/a><a style=\"color: #000000;\" href=\"tel:0905028208\">&nbsp;<\/a><\/span><\/li>\n<li><span style=\"font-size: 80%; color: #000000;\">K\u1ef9 thu\u1eadt <a href=\"tel:0935444923\">0935444923<\/a><a style=\"color: #000000;\" href=\"tel:0905028208\">&nbsp;<\/a><\/span><\/li>\n<li><span style=\"font-size: 80%; color: #000000;\">CSKH: <a href=\"tel:0935444923\">0935444923<\/a><\/span><\/li>\n<\/ul>\n\n\t\t<\/div>\n\t\t\t<\/div>\n\n\t\n\n\t<div id=\"col-1106305140\" class=\"col medium-3 small-6 large-3\"  >\n\t\t<div class=\"col-inner\"  >\n\t\t\t\n\t\t\t\n\n<h3><span style=\"color: #e420f7; font-size: 90%;\">K\u1ebeT N\u1ed0I V\u1edaI CH\u00daNG T\u00d4I<\/span><\/h3>\n<p><span style=\"font-size: 80%; color: #000000;\">NGUY\u00caN SPA s\u1edf h\u1eefu \u0111\u1ed9i ng\u0169 k\u1ef9 thu\u1eadt vi\u00ean nhi\u1ec1u kinh nghi\u1ec7m, h\u1ec7 th\u1ed1ng c\u00f4ng ngh\u1ec7 l\u00e0m \u0111\u1eb9p hi\u1ec7n \u0111\u1ea1i v\u00e0 phong c\u00e1ch ph\u1ee5c v\u1ee5 chuy\u00ean nghi\u1ec7p, mang \u0111\u1ebfn v\u1ebb \u0111\u1eb9p t\u1ef1 nhi\u00ean cho h\u00e0ng tri\u1ec7u kh\u00e1ch h\u00e0ng trong v\u00e0 ngo\u00e0i n\u01b0\u1edbc.<\/span><\/p>\n\n\t\t<\/div>\n\t\t\t<\/div>\n\n\t\n\n<\/div>\n\n\t\t<\/div>\n\n\t\t\n<style>\n#section_910169761 {\n  padding-top: 0px;\n  padding-bottom: 0px;\n  background-color: rgba(0, 0, 0, 0.064);\n}\n<\/style>\n\t<\/section>\n\t\n","protected":false},"excerpt":{"rendered":"","protected":false},"author":1,"featured_media":0,"parent":0,"menu_order":0,"comment_status":"closed","ping_status":"closed","template":"page-blank.php","meta":[],"_links":{"self":[{"href":"https:\/\/thietbitmg.com\/demo\/spadep\/wp-json\/wp\/v2\/pages\/68"}],"collection":[{"href":"https:\/\/thietbitmg.com\/demo\/spadep\/wp-json\/wp\/v2\/pages"}],"about":[{"href":"https:\/\/thietbitmg.com\/demo\/spadep\/wp-json\/wp\/v2\/types\/page"}],"author":[{"embeddable":true,"href":"https:\/\/thietbitmg.com\/demo\/spadep\/wp-json\/wp\/v2\/users\/1"}],"replies":[{"embeddable":true,"href":"https:\/\/thietbitmg.com\/demo\/spadep\/wp-json\/wp\/v2\/comments?post=68"}],"version-history":[{"count":16,"href":"https:\/\/thietbitmg.com\/demo\/spadep\/wp-json\/wp\/v2\/pages\/68\/revisions"}],"predecessor-version":[{"id":3709,"href":"https:\/\/thietbitmg.com\/demo\/spadep\/wp-json\/wp\/v2\/pages\/68\/revisions\/3709"}],"wp:attachment":[{"href":"https:\/\/thietbitmg.com\/demo\/spadep\/wp-json\/wp\/v2\/media?parent=68"}],"curies":[{"name":"wp","href":"https:\/\/api.w.org\/{rel}","templated":true}]}}