{"id":3682,"date":"2021-04-26T15:26:40","date_gmt":"2021-04-26T15:26:40","guid":{"rendered":"https:\/\/chuongdesigner.name.vn\/spadep\/?post_type=product&#038;p=3682"},"modified":"2021-04-26T15:27:48","modified_gmt":"2021-04-26T15:27:48","slug":"dieu-tri-nam-tang-nhang","status":"publish","type":"product","link":"https:\/\/thietbitmg.com\/demo\/spadep\/product\/dieu-tri-nam-tang-nhang\/","title":{"rendered":"\u0110i\u1ec1u tr\u1ecb N\u00e1m &#8211; T\u00e0ng nhang"},"content":{"rendered":"<p>\u0110i\u1ec1u tr\u1ecb N\u00e1m &#8211; T\u00e0ng nhang<\/p>\n","protected":false},"excerpt":{"rendered":"<p>\u0110i\u1ec1u tr\u1ecb N\u00e1m &#8211; T\u00e0ng nhang<\/p>\n","protected":false},"featured_media":3683,"comment_status":"open","ping_status":"closed","template":"","meta":[],"_links":{"self":[{"href":"https:\/\/thietbitmg.com\/demo\/spadep\/wp-json\/wp\/v2\/product\/3682"}],"collection":[{"href":"https:\/\/thietbitmg.com\/demo\/spadep\/wp-json\/wp\/v2\/product"}],"about":[{"href":"https:\/\/thietbitmg.com\/demo\/spadep\/wp-json\/wp\/v2\/types\/product"}],"replies":[{"embeddable":true,"href":"https:\/\/thietbitmg.com\/demo\/spadep\/wp-json\/wp\/v2\/comments?post=3682"}],"wp:featuredmedia":[{"embeddable":true,"href":"https:\/\/thietbitmg.com\/demo\/spadep\/wp-json\/wp\/v2\/media\/3683"}],"wp:attachment":[{"href":"https:\/\/thietbitmg.com\/demo\/spadep\/wp-json\/wp\/v2\/media?parent=3682"}],"curies":[{"name":"wp","href":"https:\/\/api.w.org\/{rel}","templated":true}]}}