{"id":3684,"date":"2021-04-26T15:28:24","date_gmt":"2021-04-26T15:28:24","guid":{"rendered":"https:\/\/chuongdesigner.name.vn\/spadep\/?post_type=product&#038;p=3684"},"modified":"2021-04-26T15:31:01","modified_gmt":"2021-04-26T15:31:01","slug":"dieu-tri-lo-chan-long","status":"publish","type":"product","link":"https:\/\/thietbitmg.com\/demo\/spadep\/product\/dieu-tri-lo-chan-long\/","title":{"rendered":"\u0110i\u1ec1u tr\u1ecb L\u1ed7 ch\u00e2n l\u00f4ng"},"content":{"rendered":"<p>\u0110i\u1ec1u tr\u1ecb L\u1ed7 ch\u00e2n l\u00f4ng<\/p>\n","protected":false},"excerpt":{"rendered":"<p>\u0110i\u1ec1u tr\u1ecb L\u1ed7 ch\u00e2n l\u00f4ng<\/p>\n","protected":false},"featured_media":3685,"comment_status":"open","ping_status":"closed","template":"","meta":[],"_links":{"self":[{"href":"https:\/\/thietbitmg.com\/demo\/spadep\/wp-json\/wp\/v2\/product\/3684"}],"collection":[{"href":"https:\/\/thietbitmg.com\/demo\/spadep\/wp-json\/wp\/v2\/product"}],"about":[{"href":"https:\/\/thietbitmg.com\/demo\/spadep\/wp-json\/wp\/v2\/types\/product"}],"replies":[{"embeddable":true,"href":"https:\/\/thietbitmg.com\/demo\/spadep\/wp-json\/wp\/v2\/comments?post=3684"}],"wp:featuredmedia":[{"embeddable":true,"href":"https:\/\/thietbitmg.com\/demo\/spadep\/wp-json\/wp\/v2\/media\/3685"}],"wp:attachment":[{"href":"https:\/\/thietbitmg.com\/demo\/spadep\/wp-json\/wp\/v2\/media?parent=3684"}],"curies":[{"name":"wp","href":"https:\/\/api.w.org\/{rel}","templated":true}]}}