{"id":3686,"date":"2021-04-26T15:31:42","date_gmt":"2021-04-26T15:31:42","guid":{"rendered":"https:\/\/chuongdesigner.name.vn\/spadep\/?post_type=product&#038;p=3686"},"modified":"2021-04-26T15:32:58","modified_gmt":"2021-04-26T15:32:58","slug":"peeling-cang-bong","status":"publish","type":"product","link":"https:\/\/thietbitmg.com\/demo\/spadep\/product\/peeling-cang-bong\/","title":{"rendered":"Peeling c\u0103ng b\u00f3ng"},"content":{"rendered":"<p>Peeling c\u0103ng b\u00f3ng<\/p>\n","protected":false},"excerpt":{"rendered":"<p>Peeling c\u0103ng b\u00f3ng<\/p>\n","protected":false},"featured_media":3687,"comment_status":"open","ping_status":"closed","template":"","meta":[],"_links":{"self":[{"href":"https:\/\/thietbitmg.com\/demo\/spadep\/wp-json\/wp\/v2\/product\/3686"}],"collection":[{"href":"https:\/\/thietbitmg.com\/demo\/spadep\/wp-json\/wp\/v2\/product"}],"about":[{"href":"https:\/\/thietbitmg.com\/demo\/spadep\/wp-json\/wp\/v2\/types\/product"}],"replies":[{"embeddable":true,"href":"https:\/\/thietbitmg.com\/demo\/spadep\/wp-json\/wp\/v2\/comments?post=3686"}],"wp:featuredmedia":[{"embeddable":true,"href":"https:\/\/thietbitmg.com\/demo\/spadep\/wp-json\/wp\/v2\/media\/3687"}],"wp:attachment":[{"href":"https:\/\/thietbitmg.com\/demo\/spadep\/wp-json\/wp\/v2\/media?parent=3686"}],"curies":[{"name":"wp","href":"https:\/\/api.w.org\/{rel}","templated":true}]}}