{"id":3694,"date":"2021-04-26T15:47:13","date_gmt":"2021-04-26T15:47:13","guid":{"rendered":"https:\/\/chuongdesigner.name.vn\/spadep\/?post_type=product&#038;p=3694"},"modified":"2021-04-26T15:52:01","modified_gmt":"2021-04-26T15:52:01","slug":"tre-hoa-cong-nghe-ageloc","status":"publish","type":"product","link":"https:\/\/thietbitmg.com\/demo\/spadep\/product\/tre-hoa-cong-nghe-ageloc\/","title":{"rendered":"Tr\u1ebb h\u00f3a c\u00f4ng ngh\u1ec7 Ageloc &#8211; &#8220;Kh\u00f3a tu\u1ed5i thanh xu\u00e2n&#8221;"},"content":{"rendered":"<p>Tr\u1ebb h\u00f3a, x\u00f3a nh\u0103n, n\u00e2ng c\u01a1, gi\u1ea3m n\u1ecdng thon g\u1ecdn m\u1eb7t<\/p>\n<p>Ph\u01b0\u01a1ng ph\u00e1p s\u1eed d\u1ee5ng s\u00f3ng si\u00eau \u00e2m \u0111\u01b0\u1ee3c FDA Hoa K\u1ef3 c\u00f4ng nh\u1eadn hi\u1ec7u qu\u1ea3 t\u01b0\u01a1ng \u0111\u01b0\u01a1ng ph\u1eabu thu\u1eadt da m\u1eb7t.<\/p>\n","protected":false},"excerpt":{"rendered":"<p>GI\u00c1: <span style=\"color: #ff0000; font-size: 110%;\"><strong>LI\u00caN H\u1ec6<\/strong><\/span><\/p>\n<p>Tr\u1ebb h\u00f3a, x\u00f3a nh\u0103n, n\u00e2ng c\u01a1, gi\u1ea3m n\u1ecdng thon g\u1ecdn m\u1eb7t<\/p>\n<p>Ph\u01b0\u01a1ng ph\u00e1p s\u1eed d\u1ee5ng s\u00f3ng si\u00eau \u00e2m \u0111\u01b0\u1ee3c FDA Hoa K\u1ef3 c\u00f4ng nh\u1eadn hi\u1ec7u qu\u1ea3 t\u01b0\u01a1ng \u0111\u01b0\u01a1ng ph\u1eabu thu\u1eadt da m\u1eb7t.<\/p>\n","protected":false},"featured_media":3695,"comment_status":"open","ping_status":"closed","template":"","meta":[],"_links":{"self":[{"href":"https:\/\/thietbitmg.com\/demo\/spadep\/wp-json\/wp\/v2\/product\/3694"}],"collection":[{"href":"https:\/\/thietbitmg.com\/demo\/spadep\/wp-json\/wp\/v2\/product"}],"about":[{"href":"https:\/\/thietbitmg.com\/demo\/spadep\/wp-json\/wp\/v2\/types\/product"}],"replies":[{"embeddable":true,"href":"https:\/\/thietbitmg.com\/demo\/spadep\/wp-json\/wp\/v2\/comments?post=3694"}],"wp:featuredmedia":[{"embeddable":true,"href":"https:\/\/thietbitmg.com\/demo\/spadep\/wp-json\/wp\/v2\/media\/3695"}],"wp:attachment":[{"href":"https:\/\/thietbitmg.com\/demo\/spadep\/wp-json\/wp\/v2\/media?parent=3694"}],"curies":[{"name":"wp","href":"https:\/\/api.w.org\/{rel}","templated":true}]}}