{"id":3696,"date":"2021-04-26T15:52:04","date_gmt":"2021-04-26T15:52:04","guid":{"rendered":"https:\/\/chuongdesigner.name.vn\/spadep\/?post_type=product&#038;p=3696"},"modified":"2021-04-26T15:56:38","modified_gmt":"2021-04-26T15:56:38","slug":"ultherapy-cong-nghe-cang-da-nang-co-hang-dau","status":"publish","type":"product","link":"https:\/\/thietbitmg.com\/demo\/spadep\/product\/ultherapy-cong-nghe-cang-da-nang-co-hang-dau\/","title":{"rendered":"Ultherapy &#8211; C\u00f4ng ngh\u1ec7 c\u0103ng da n\u00e2ng c\u01a1 h\u00e0ng \u0111\u1ea7u"},"content":{"rendered":"<p>C\u00f4ng ngh\u1ec7 l\u00e0 b\u01b0\u1edbc ti\u1ebfn v\u01b0\u1ee3t b\u1eadc c\u1ee7a khoa h\u1ecdc th\u1ea9m m\u1ef9 hi\u1ec7n \u0111\u1ea1i trong xu h\u01b0\u1edbng c\u0103ng da, n\u00e2ng c\u01a1 kh\u00f4ng x\u00e2m l\u1ea5n, c\u00f3 hi\u1ec7u qu\u1ea3 trong vi\u1ec7c gi\u1ea3i quy\u1ebft c\u00e1c v\u1ea5n \u0111\u1ec1 ch\u1ea3y x\u1ec7, ch\u00f9ng nh\u00e3o, n\u1ebfp nh\u0103n.<\/p>\n<p>C\u00f4ng ngh\u1ec7 Ultherapy s\u1eed d\u1ee5ng s\u00f3ng si\u00eau \u00e2m h\u1ed9i t\u1ee5 t\u00e1c \u0111\u1ed9ng vi \u0111i\u1ec3m t\u1eeb trong ra ngo\u00e0i gi\u1ea3i quy\u1ebft c\u00e1c v\u1ea5n \u0111\u1ec1 l\u00e3o h\u00f3a t\u1eeb s\u00e2u b\u00ean trong gi\u00fap x\u00f3a nh\u0103n, n\u00e2ng c\u01a1 v\u00e0 s\u0103n ch\u1eafc da.<\/p>\n","protected":false},"excerpt":{"rendered":"<p>GI\u00c1: <span style=\"color: #ff0000; font-size: 110%;\"><strong>20.000.000 &#8211; 40.000.000 vn\u0111 \/ l\u1ea7n<\/strong><\/span><\/p>\n<p>C\u00f4ng ngh\u1ec7 l\u00e0 b\u01b0\u1edbc ti\u1ebfn v\u01b0\u1ee3t b\u1eadc c\u1ee7a khoa h\u1ecdc th\u1ea9m m\u1ef9 hi\u1ec7n \u0111\u1ea1i trong xu h\u01b0\u1edbng c\u0103ng da, n\u00e2ng c\u01a1 kh\u00f4ng x\u00e2m l\u1ea5n, c\u00f3 hi\u1ec7u qu\u1ea3 trong vi\u1ec7c gi\u1ea3i quy\u1ebft c\u00e1c v\u1ea5n \u0111\u1ec1 ch\u1ea3y x\u1ec7, ch\u00f9ng nh\u00e3o, n\u1ebfp nh\u0103n.<\/p>\n<p>C\u00f4ng ngh\u1ec7 Ultherapy s\u1eed d\u1ee5ng s\u00f3ng si\u00eau \u00e2m h\u1ed9i t\u1ee5 t\u00e1c \u0111\u1ed9ng vi \u0111i\u1ec3m t\u1eeb trong ra ngo\u00e0i gi\u1ea3i quy\u1ebft c\u00e1c v\u1ea5n \u0111\u1ec1 l\u00e3o h\u00f3a t\u1eeb s\u00e2u b\u00ean trong gi\u00fap x\u00f3a nh\u0103n, n\u00e2ng c\u01a1 v\u00e0 s\u0103n ch\u1eafc da.<\/p>\n","protected":false},"featured_media":3697,"comment_status":"open","ping_status":"closed","template":"","meta":[],"_links":{"self":[{"href":"https:\/\/thietbitmg.com\/demo\/spadep\/wp-json\/wp\/v2\/product\/3696"}],"collection":[{"href":"https:\/\/thietbitmg.com\/demo\/spadep\/wp-json\/wp\/v2\/product"}],"about":[{"href":"https:\/\/thietbitmg.com\/demo\/spadep\/wp-json\/wp\/v2\/types\/product"}],"replies":[{"embeddable":true,"href":"https:\/\/thietbitmg.com\/demo\/spadep\/wp-json\/wp\/v2\/comments?post=3696"}],"wp:featuredmedia":[{"embeddable":true,"href":"https:\/\/thietbitmg.com\/demo\/spadep\/wp-json\/wp\/v2\/media\/3697"}],"wp:attachment":[{"href":"https:\/\/thietbitmg.com\/demo\/spadep\/wp-json\/wp\/v2\/media?parent=3696"}],"curies":[{"name":"wp","href":"https:\/\/api.w.org\/{rel}","templated":true}]}}