{"id":3712,"date":"2021-04-28T03:16:10","date_gmt":"2021-04-28T03:16:10","guid":{"rendered":"https:\/\/chuongdesigner.name.vn\/spadep\/?post_type=product&#038;p=3712"},"modified":"2021-04-28T03:21:47","modified_gmt":"2021-04-28T03:21:47","slug":"ageloc","status":"publish","type":"product","link":"https:\/\/thietbitmg.com\/demo\/spadep\/product\/ageloc\/","title":{"rendered":"Ageloc"},"content":{"rendered":"<p>V\u1edbi ph\u01b0\u01a1ng ph\u00e1p ch\u0103m s\u00f3c da th\u00f4ng qua vi\u1ec7c k\u00edch ho\u1ea1t k\u1ebft h\u1ee3p c\u00f4ng ngh\u1ec7 xung \u0111i\u1ec7n bi\u1ebfn thi\u00ean \u0111\u1ed9c \u0111\u00e1o, ageLOC gi\u00fap l\u00e0n da s\u00e1ng \u0111\u1eb9p r\u00f5 r\u1ec7t, \u0111\u1ed3ng th\u1eddi mang \u0111\u1ebfn s\u1ef1 tr\u1ebb trung, c\u0103ng m\u1ecdng \u0111\u00e0n h\u1ed3i h\u01a1n cho l\u00e0n da<\/p>\n","protected":false},"excerpt":{"rendered":"<p>V\u1edbi ph\u01b0\u01a1ng ph\u00e1p ch\u0103m s\u00f3c da th\u00f4ng qua vi\u1ec7c k\u00edch ho\u1ea1t k\u1ebft h\u1ee3p c\u00f4ng ngh\u1ec7 xung \u0111i\u1ec7n bi\u1ebfn thi\u00ean \u0111\u1ed9c \u0111\u00e1o, ageLOC gi\u00fap l\u00e0n da s\u00e1ng \u0111\u1eb9p r\u00f5 r\u1ec7t, \u0111\u1ed3ng th\u1eddi mang \u0111\u1ebfn s\u1ef1 tr\u1ebb trung, c\u0103ng m\u1ecdng \u0111\u00e0n h\u1ed3i h\u01a1n cho l\u00e0n da<\/p>\n","protected":false},"featured_media":3713,"comment_status":"open","ping_status":"closed","template":"","meta":[],"_links":{"self":[{"href":"https:\/\/thietbitmg.com\/demo\/spadep\/wp-json\/wp\/v2\/product\/3712"}],"collection":[{"href":"https:\/\/thietbitmg.com\/demo\/spadep\/wp-json\/wp\/v2\/product"}],"about":[{"href":"https:\/\/thietbitmg.com\/demo\/spadep\/wp-json\/wp\/v2\/types\/product"}],"replies":[{"embeddable":true,"href":"https:\/\/thietbitmg.com\/demo\/spadep\/wp-json\/wp\/v2\/comments?post=3712"}],"wp:featuredmedia":[{"embeddable":true,"href":"https:\/\/thietbitmg.com\/demo\/spadep\/wp-json\/wp\/v2\/media\/3713"}],"wp:attachment":[{"href":"https:\/\/thietbitmg.com\/demo\/spadep\/wp-json\/wp\/v2\/media?parent=3712"}],"curies":[{"name":"wp","href":"https:\/\/api.w.org\/{rel}","templated":true}]}}