{"id":3714,"date":"2021-04-28T03:23:27","date_gmt":"2021-04-28T03:23:27","guid":{"rendered":"https:\/\/chuongdesigner.name.vn\/spadep\/?post_type=product&#038;p=3714"},"modified":"2021-04-28T03:26:46","modified_gmt":"2021-04-28T03:26:46","slug":"tiem-meso-therapy","status":"publish","type":"product","link":"https:\/\/thietbitmg.com\/demo\/spadep\/product\/tiem-meso-therapy\/","title":{"rendered":"Ti\u00eam Meso Therapy"},"content":{"rendered":"<p>Meso Therapy li\u1ec7u ph\u00e1p s\u1eed d\u1ee5ng ti\u00eam c\u00e1c lo\u1ea1i vitamin, axit hyaluronic, enzyme, k\u00edch th\u00edch t\u1ed1 v\u00e0 ch\u1ea5t chi\u1ebft xu\u1ea5t t\u1eeb th\u1ef1c v\u1eadt gi\u00fap ch\u1ed1ng l\u00e3o h\u00f3a l\u00e0n da v\u00e0 s\u0103n ch\u1eafc da<\/p>\n","protected":false},"excerpt":{"rendered":"<p>Meso Therapy li\u1ec7u ph\u00e1p s\u1eed d\u1ee5ng ti\u00eam c\u00e1c lo\u1ea1i vitamin, axit hyaluronic, enzyme, k\u00edch th\u00edch t\u1ed1 v\u00e0 ch\u1ea5t chi\u1ebft xu\u1ea5t t\u1eeb th\u1ef1c v\u1eadt gi\u00fap ch\u1ed1ng l\u00e3o h\u00f3a l\u00e0n da v\u00e0 s\u0103n ch\u1eafc da<\/p>\n","protected":false},"featured_media":3715,"comment_status":"open","ping_status":"closed","template":"","meta":[],"_links":{"self":[{"href":"https:\/\/thietbitmg.com\/demo\/spadep\/wp-json\/wp\/v2\/product\/3714"}],"collection":[{"href":"https:\/\/thietbitmg.com\/demo\/spadep\/wp-json\/wp\/v2\/product"}],"about":[{"href":"https:\/\/thietbitmg.com\/demo\/spadep\/wp-json\/wp\/v2\/types\/product"}],"replies":[{"embeddable":true,"href":"https:\/\/thietbitmg.com\/demo\/spadep\/wp-json\/wp\/v2\/comments?post=3714"}],"wp:featuredmedia":[{"embeddable":true,"href":"https:\/\/thietbitmg.com\/demo\/spadep\/wp-json\/wp\/v2\/media\/3715"}],"wp:attachment":[{"href":"https:\/\/thietbitmg.com\/demo\/spadep\/wp-json\/wp\/v2\/media?parent=3714"}],"curies":[{"name":"wp","href":"https:\/\/api.w.org\/{rel}","templated":true}]}}