{"id":68,"date":"2015-11-17T20:15:56","date_gmt":"2015-11-17T20:15:56","guid":{"rendered":"http:\/\/localhost:8888\/flatsome-next\/?page_id=3031"},"modified":"2021-10-21T04:54:57","modified_gmt":"2021-10-21T04:54:57","slug":"gioi-thieu","status":"publish","type":"page","link":"https:\/\/thietbitmg.com\/demo\/vongxep\/gioi-thieu\/","title":{"rendered":"Gi\u1edbi thi\u1ec7u"},"content":{"rendered":"\t<section class=\"section\" id=\"section_1902958641\">\n\t\t<div class=\"bg section-bg fill bg-fill  bg-loaded\" >\n\n\t\t\t\n\t\t\t\n\t\t\t\n\n\t\t<\/div>\n\n\t\t<div class=\"section-content relative\">\n\t\t\t\n<div class=\"row row-small row-dashed\"  id=\"row-227436222\">\n\n\t<div id=\"col-1921013471\" class=\"col small-12 large-12\"  >\n\t\t<div class=\"col-inner text-center\"  >\n\t\t\t\n\t\t\t\n<div class=\"slider-wrapper relative\" id=\"slider-818728239\" >\n    <div class=\"slider slider-nav-circle slider-nav-large slider-nav-light slider-style-normal\"\n        data-flickity-options='{\n            \"cellAlign\": \"center\",\n            \"imagesLoaded\": true,\n            \"lazyLoad\": 1,\n            \"freeScroll\": false,\n            \"wrapAround\": true,\n            \"autoPlay\": 6000,\n            \"pauseAutoPlayOnHover\" : true,\n            \"prevNextButtons\": true,\n            \"contain\" : true,\n            \"adaptiveHeight\" : true,\n            \"dragThreshold\" : 10,\n            \"percentPosition\": true,\n            \"pageDots\": true,\n            \"rightToLeft\": false,\n            \"draggable\": true,\n            \"selectedAttraction\": 0.1,\n            \"parallax\" : 0,\n            \"friction\": 0.6        }'\n        >\n        \n\t<div class=\"img has-hover x md-x lg-x y md-y lg-y\" id=\"image_2028732199\">\n\t\t\t\t\t\t\t\t<div class=\"img-inner image-zoom dark\" >\n\t\t\t<img width=\"860\" height=\"400\" src=\"https:\/\/thietbitmg.com\/demo\/vongxep\/wp-content\/uploads\/giuong-xep-3.jpg\" class=\"attachment-large size-large wp-post-image\" alt=\"\" loading=\"lazy\" srcset=\"https:\/\/thietbitmg.com\/demo\/vongxep\/wp-content\/uploads\/giuong-xep-3.jpg 860w, https:\/\/thietbitmg.com\/demo\/vongxep\/wp-content\/uploads\/giuong-xep-3-600x279.jpg 600w, https:\/\/thietbitmg.com\/demo\/vongxep\/wp-content\/uploads\/giuong-xep-3-800x372.jpg 800w, https:\/\/thietbitmg.com\/demo\/vongxep\/wp-content\/uploads\/giuong-xep-3-768x357.jpg 768w, https:\/\/thietbitmg.com\/demo\/vongxep\/wp-content\/uploads\/giuong-xep-3-24x11.jpg 24w, https:\/\/thietbitmg.com\/demo\/vongxep\/wp-content\/uploads\/giuong-xep-3-36x17.jpg 36w, https:\/\/thietbitmg.com\/demo\/vongxep\/wp-content\/uploads\/giuong-xep-3-48x22.jpg 48w\" sizes=\"(max-width: 860px) 100vw, 860px\" \/>\t\t\t\t\t\t\n\t\t\t\t\t<\/div>\n\t\t\t\t\t\t\t\t\n<style>\n#image_2028732199 {\n  width: 100%;\n}\n<\/style>\n\t<\/div>\n\t\n\t<div class=\"img has-hover x md-x lg-x y md-y lg-y\" id=\"image_1613666260\">\n\t\t\t\t\t\t\t\t<div class=\"img-inner image-zoom dark\" >\n\t\t\t<img width=\"860\" height=\"400\" src=\"https:\/\/thietbitmg.com\/demo\/vongxep\/wp-content\/uploads\/giuongxep-1.jpg\" class=\"attachment-large size-large wp-post-image\" alt=\"\" loading=\"lazy\" srcset=\"https:\/\/thietbitmg.com\/demo\/vongxep\/wp-content\/uploads\/giuongxep-1.jpg 860w, https:\/\/thietbitmg.com\/demo\/vongxep\/wp-content\/uploads\/giuongxep-1-600x279.jpg 600w, https:\/\/thietbitmg.com\/demo\/vongxep\/wp-content\/uploads\/giuongxep-1-800x372.jpg 800w, https:\/\/thietbitmg.com\/demo\/vongxep\/wp-content\/uploads\/giuongxep-1-768x357.jpg 768w, https:\/\/thietbitmg.com\/demo\/vongxep\/wp-content\/uploads\/giuongxep-1-24x11.jpg 24w, https:\/\/thietbitmg.com\/demo\/vongxep\/wp-content\/uploads\/giuongxep-1-36x17.jpg 36w, https:\/\/thietbitmg.com\/demo\/vongxep\/wp-content\/uploads\/giuongxep-1-48x22.jpg 48w\" sizes=\"(max-width: 860px) 100vw, 860px\" \/>\t\t\t\t\t\t\n\t\t\t\t\t<\/div>\n\t\t\t\t\t\t\t\t\n<style>\n#image_1613666260 {\n  width: 100%;\n}\n<\/style>\n\t<\/div>\n\t\n     <\/div>\n\n     <div class=\"loading-spin dark large centered\"><\/div>\n\n     <\/div>\n\n\n\t\t<\/div>\n\t\t\t<\/div>\n\n\t\n\n<style>\n#row-227436222 > .col > .col-inner {\n  background-color: rgba(106, 90, 90, 0.14);\n}\n<\/style>\n<\/div>\n\t<div id=\"gap-176573372\" class=\"gap-element clearfix\" style=\"display:block; height:auto;\">\n\t\t\n<style>\n#gap-176573372 {\n  padding-top: 15px;\n}\n<\/style>\n\t<\/div>\n\t\n<div class=\"row row-collapse\"  id=\"row-1169785804\">\n\n\t<div id=\"col-1907015030\" class=\"col small-12 large-12\"  >\n\t\t<div class=\"col-inner\"  >\n\t\t\t\n\t\t\t\n<div class=\"row row-collapse align-center\"  id=\"row-359118586\">\n\n\t<div id=\"col-219541517\" class=\"col small-11 large-12\"  >\n\t\t<div class=\"col-inner\"  >\n\t\t\t\n\t\t\t\n<div class=\"row row-collapse\"  id=\"row-452710665\">\n\n\t<div id=\"col-742231233\" class=\"col small-12 large-12\"  >\n\t\t<div class=\"col-inner\"  >\n\t\t\t\n\t\t\t\n<h1 style=\"text-align: center;\"><span style=\"font-family: 'Open Sans'; color: #ff6600;\"><strong>T\u1ed4NG \u0110\u1ea0I L\u00dd PH\u00c2N PH\u1ed0I V\u00d5NG X\u1ebeP T\u1ea0I TPHCM<\/strong><\/span><\/h1>\n<p style=\"text-align: center;\"><span style=\"font-family: 'Open Sans'; color: #000000;\"><strong>\u27a5 CAM K\u1ebeT CH\u1ea4T L\u01af\u1ee2NG T\u1ed0T &#8211; B\u00c1N L\u1eba GI\u00c1 S\u1ec8 &#8211; B\u1ea2O H\u00c0NH H\u1eacU M\u00c3I CHU \u0110\u00c1O<\/strong><\/span><\/p>\n<p style=\"text-align: center;\"><span style=\"font-family: 'Open Sans'; color: #000000;\"><strong>\u27a5\u00a0GIAO H\u00c0NG SI\u00caU NHANH &#8211; G\u1eccI L\u00c0 C\u00d3 X\u00c0I<\/strong><\/span><\/p>\n<p style=\"text-align: center;\"><span style=\"font-family: 'Open Sans'; color: #000000;\"><strong>\u27a5\u00a0\u0110\u1ed4I TR\u1ea2 MI\u1ec4N PH\u00cd 7 NG\u00c0Y N\u1ebeU B\u1eca L\u1ed6I K\u0128 THU\u1eacT<\/strong><\/span><\/p>\n<p style=\"text-align: center;\"><span style=\"font-family: 'Open Sans'; color: #000000;\">Chi\u1ebft kh\u1ea5u gi\u00e1 c\u1ef1c t\u1ed1t cho c\u1eeda h\u00e0ng b\u00e1n v\u00f5ng, c\u00f4ng ty, qu\u00e1n cafe mua s\u1ed1 l\u01b0\u1ee3ng l\u1edbn. H\u1ed7 tr\u1ee3 l\u00e0m th\u1ee7 t\u1ee5c h\u1ea3i quan cho c\u00e1 nh\u00e2n xu\u1ea5t kh\u1ea5u kinh doanh v\u00f5ng t\u1ea1i n\u01b0\u1edbc ngo\u00e0i. H\u00e3y g\u1ecdi\u00a0<span style=\"color: #ed1c24;\"><strong>091 797 44 11 &#8211; 0903 987 661 &#8211; 093 409 2325<\/strong><\/span>\u00a0\u0111\u1ec3 \u0111\u01b0\u1ee3c h\u1ed7 t\u01b0 v\u1ea5n ch\u1ecdn s\u1ea3n ph\u1ea9m ph\u00f9 h\u1ee3p nh\u1ea5t.<\/span><\/p>\n\t\t<\/div>\n\t\t\t<\/div>\n\n\t\n<\/div>\n\t\t<\/div>\n\t\t\t<\/div>\n\n\t\n<\/div>\n\t\t<\/div>\n\t\t\t<\/div>\n\n\t\n\n<style>\n#row-1169785804 > .col > .col-inner {\n  background-color: rgb(255,255,255);\n}\n<\/style>\n<\/div>\n\t\t<\/div>\n\n\t\t\n<style>\n#section_1902958641 {\n  padding-top: 1px;\n  padding-bottom: 1px;\n}\n<\/style>\n\t<\/section>\n\t\n\t<section class=\"section\" id=\"section_725849272\">\n\t\t<div class=\"bg section-bg fill bg-fill  bg-loaded\" >\n\n\t\t\t\n\t\t\t\n\t\t\t\n\n\t\t<\/div>\n\n\t\t<div class=\"section-content relative\">\n\t\t\t\n<div class=\"row row-solid\"  id=\"row-1452021930\">\n\n\t<div id=\"col-1856098862\" class=\"col medium-4 small-12 large-4\"  >\n\t\t<div class=\"col-inner\"  >\n\t\t\t\n\t\t\t\n\n\t\t<div class=\"icon-box featured-box icon-box-left text-left\"  >\n\t\t\t\t\t<div class=\"icon-box-img\" style=\"width: 80px\">\n\t\t\t\t<div class=\"icon\">\n\t\t\t\t\t<div class=\"icon-inner\" >\n\t\t\t\t\t\t<img width=\"100\" height=\"100\" src=\"https:\/\/thietbitmg.com\/demo\/vongxep\/wp-content\/uploads\/a.png\" class=\"attachment-medium size-medium wp-post-image\" alt=\"\" loading=\"lazy\" srcset=\"https:\/\/thietbitmg.com\/demo\/vongxep\/wp-content\/uploads\/a.png 100w, https:\/\/thietbitmg.com\/demo\/vongxep\/wp-content\/uploads\/a-24x24.png 24w, https:\/\/thietbitmg.com\/demo\/vongxep\/wp-content\/uploads\/a-36x36.png 36w, https:\/\/thietbitmg.com\/demo\/vongxep\/wp-content\/uploads\/a-48x48.png 48w\" sizes=\"(max-width: 100px) 100vw, 100px\" \/>\t\t\t\t\t<\/div>\n\t\t\t\t<\/div>\n\t\t\t<\/div>\n\t\t\t\t<div class=\"icon-box-text last-reset\">\n\t\t\t\t\t\t\t\t\t\n<p><span style=\"color: #ffffff; font-size: 100%;\"><strong>Mi\u1ec5n ph\u00ed v\u1eadn chuy\u1ec3n<br \/>\n<\/strong><span style=\"font-size: 75%;\">Mi\u1ec5n ph\u00ed v\u1edbi \u0111\u01a1n h\u00e0ng &gt;600.000 t\u1ea1i\u00a0<strong>H\u00e0 N\u1ed9i<\/strong>\u00a0v\u00e0\u00a0<strong>TP. HCM<\/strong>, Freeship To\u00e0n Qu\u1ed1c v\u1edbi \u0111\u01a1n h\u00e0ng &gt;1.000.000\u0111<\/span><\/span><\/p>\n\t\t<\/div>\n\t<\/div>\n\t\n\t\n\t\t<\/div>\n\t\t\t<\/div>\n\n\t\n\n\t<div id=\"col-69069495\" class=\"col medium-4 small-12 large-4\"  >\n\t\t<div class=\"col-inner\"  >\n\t\t\t\n\t\t\t\n\n\t\t<div class=\"icon-box featured-box icon-box-left text-left\"  >\n\t\t\t\t\t<div class=\"icon-box-img\" style=\"width: 80px\">\n\t\t\t\t<div class=\"icon\">\n\t\t\t\t\t<div class=\"icon-inner\" >\n\t\t\t\t\t\t<img width=\"100\" height=\"100\" src=\"https:\/\/thietbitmg.com\/demo\/vongxep\/wp-content\/uploads\/b.png\" class=\"attachment-medium size-medium wp-post-image\" alt=\"\" loading=\"lazy\" srcset=\"https:\/\/thietbitmg.com\/demo\/vongxep\/wp-content\/uploads\/b.png 100w, https:\/\/thietbitmg.com\/demo\/vongxep\/wp-content\/uploads\/b-24x24.png 24w, https:\/\/thietbitmg.com\/demo\/vongxep\/wp-content\/uploads\/b-36x36.png 36w, https:\/\/thietbitmg.com\/demo\/vongxep\/wp-content\/uploads\/b-48x48.png 48w\" sizes=\"(max-width: 100px) 100vw, 100px\" \/>\t\t\t\t\t<\/div>\n\t\t\t\t<\/div>\n\t\t\t<\/div>\n\t\t\t\t<div class=\"icon-box-text last-reset\">\n\t\t\t\t\t\t\t\t\t\n<p><span style=\"color: #ffffff; font-size: 100%;\"><strong>\u0110\u1ed5i tr\u1ea3 h\u00e0ng mi\u1ec5n ph\u00ed<br \/>\n<\/strong><span style=\"font-size: 75%;\">C\u00f4ng ty ch\u00fang t\u00f4i h\u1ed7 tr\u1ee3 kh\u00e1ch h\u00e0ng \u0111\u1ed5i tr\u1ea3 h\u00e0ng h\u00f3a n\u1ebfu s\u1ea3n ph\u1ea9m kh\u00f4ng \u0111\u00fang ch\u1ea5t l\u01b0\u1ee3ng.<\/span><\/span><\/p>\n\t\t<\/div>\n\t<\/div>\n\t\n\t\n\t\t<\/div>\n\t\t\t<\/div>\n\n\t\n\n\t<div id=\"col-777409666\" class=\"col medium-4 small-12 large-4\"  >\n\t\t<div class=\"col-inner\"  >\n\t\t\t\n\t\t\t\n\n\t\t<div class=\"icon-box featured-box icon-box-left text-left\"  >\n\t\t\t\t\t<div class=\"icon-box-img\" style=\"width: 80px\">\n\t\t\t\t<div class=\"icon\">\n\t\t\t\t\t<div class=\"icon-inner\" >\n\t\t\t\t\t\t<img width=\"100\" height=\"100\" src=\"https:\/\/thietbitmg.com\/demo\/vongxep\/wp-content\/uploads\/c.png\" class=\"attachment-medium size-medium wp-post-image\" alt=\"\" loading=\"lazy\" srcset=\"https:\/\/thietbitmg.com\/demo\/vongxep\/wp-content\/uploads\/c.png 100w, https:\/\/thietbitmg.com\/demo\/vongxep\/wp-content\/uploads\/c-24x24.png 24w, https:\/\/thietbitmg.com\/demo\/vongxep\/wp-content\/uploads\/c-36x36.png 36w, https:\/\/thietbitmg.com\/demo\/vongxep\/wp-content\/uploads\/c-48x48.png 48w\" sizes=\"(max-width: 100px) 100vw, 100px\" \/>\t\t\t\t\t<\/div>\n\t\t\t\t<\/div>\n\t\t\t<\/div>\n\t\t\t\t<div class=\"icon-box-text last-reset\">\n\t\t\t\t\t\t\t\t\t\n<p><span style=\"color: #ffffff; font-size: 100%;\"><strong>H\u1ed7 tr\u1ee3 kh\u00e1ch h\u00e0ng<br \/>\n<\/strong><span style=\"font-size: 75%;\">Hotline t\u01b0 v\u1ea5n b\u00e1n h\u00e0ng 24\/7,081.219.6963 h\u1ed7 tr\u1ee3 gi\u1ea3i \u0111\u00e1p m\u1ecdi th\u1eafc m\u1eafc c\u1ee7a kh\u00e1ch h\u00e0ng.<\/span><\/span><\/p>\n\t\t<\/div>\n\t<\/div>\n\t\n\t\n\t\t<\/div>\n\t\t\t<\/div>\n\n\t\n<\/div>\n\t\t<\/div>\n\n\t\t\n<style>\n#section_725849272 {\n  padding-top: 30px;\n  padding-bottom: 30px;\n  background-color: rgb(252, 140, 40);\n}\n<\/style>\n\t<\/section>\n\t\n","protected":false},"excerpt":{"rendered":"","protected":false},"author":1,"featured_media":0,"parent":0,"menu_order":0,"comment_status":"closed","ping_status":"closed","template":"page-blank.php","meta":[],"_links":{"self":[{"href":"https:\/\/thietbitmg.com\/demo\/vongxep\/wp-json\/wp\/v2\/pages\/68"}],"collection":[{"href":"https:\/\/thietbitmg.com\/demo\/vongxep\/wp-json\/wp\/v2\/pages"}],"about":[{"href":"https:\/\/thietbitmg.com\/demo\/vongxep\/wp-json\/wp\/v2\/types\/page"}],"author":[{"embeddable":true,"href":"https:\/\/thietbitmg.com\/demo\/vongxep\/wp-json\/wp\/v2\/users\/1"}],"replies":[{"embeddable":true,"href":"https:\/\/thietbitmg.com\/demo\/vongxep\/wp-json\/wp\/v2\/comments?post=68"}],"version-history":[{"count":0,"href":"https:\/\/thietbitmg.com\/demo\/vongxep\/wp-json\/wp\/v2\/pages\/68\/revisions"}],"wp:attachment":[{"href":"https:\/\/thietbitmg.com\/demo\/vongxep\/wp-json\/wp\/v2\/media?parent=68"}],"curies":[{"name":"wp","href":"https:\/\/api.w.org\/{rel}","templated":true}]}}