{"id":185,"date":"2013-08-10T09:16:03","date_gmt":"2013-08-10T09:16:03","guid":{"rendered":"http:\/\/uxthemes.wpengine.com\/product\/daisy-bag-sonia-by-sonia-rykiel\/"},"modified":"2021-12-14T03:51:54","modified_gmt":"2021-12-14T03:51:54","slug":"giuong-nem-gap-3-da-nang-gb65","status":"publish","type":"product","link":"https:\/\/thietbitmg.com\/demo\/vongxep\/giuong-nem-gap-3-da-nang-gb65\/","title":{"rendered":"Gi\u01b0\u1eddng N\u1ec7m G\u1ea5p 3 \u0110a N\u0103ng GB65"},"content":{"rendered":"<p><span style=\"color: #000000;\"><strong>Gi\u01b0\u1eddng g\u1ea5p v\u0103n ph\u00f2ng c\u00f3 n\u1ec7m g\u1ea5p x\u1ebfp \u0111a n\u0103ng GB65<\/strong>\u00a0c\u00f3 b\u1ec1 r\u1ed9ng 66cm, chi\u1ec1u d\u00e0i 1m8, chi\u1ec1u cao 23cm, n\u1ec7m d\u00e0y 5cm ph\u00f9 h\u1ee3p v\u1edbi nhi\u1ec1u kh\u00f4ng gian nh\u01b0 v\u0103n ph\u00f2ng l\u00e0m vi\u1ec7c, kh\u00e1ch s\u1ea1n, k\u00fd t\u00fac x\u00e1, trung t\u00e2m ch\u0103m s\u00f3c s\u1ee9c kh\u1ecfe. Ph\u1ea7n \u0111\u1ea7u\u00a0<a style=\"color: #000000;\" href=\"https:\/\/vongxepgiare.com\/giuong-nem-gap-xep\/\" target=\"_blank\" rel=\"noopener noreferrer\">gi\u01b0\u1eddng n\u1ec7m x\u1ebfp<\/a>\u00a0\u0111a n\u0103ng GB65 c\u00f3 th\u1ec3 n\u00e2ng cao 5 n\u1ea5c \u0111i\u1ec1u ch\u1ec9nh.<\/span><\/p>\n<p><span style=\"color: #000000;\"><img class=\"lazy aligncenter\" src=\"https:\/\/ducloi.com.vn\/upload\/images\/giuong-nem-gap-xep-gia-re-gb65.jpg\" alt=\"giuong nem xep gia re gb65\" data-lazy-type=\"image\" data-lazy-src=\"https:\/\/ducloi.com.vn\/upload\/images\/giuong-nem-gap-xep-gia-re-gb65.jpg\" data-cke-saved-src=\"https:\/\/ducloi.com.vn\/upload\/images\/giuong-nem-gap-xep-gia-re-gb65.jpg\" \/><\/span><\/p>\n<p><span style=\"color: #000000;\"><strong>\u01afu \u0111i\u1ec3m:<\/strong>\u00a0K\u00edch th\u01b0\u1edbc nh\u1ecf g\u1ecdn, g\u1ea5p x\u1ebfp d\u1ec5 d\u00e0ng. c\u00f3 b\u00e1nh xe d\u1ec5 di chuy\u1ec3n.<\/span><\/p>\n<p><span style=\"color: #000000;\"><strong>Nh\u01b0\u1ee3c \u0111i\u1ec3m:<\/strong>\u00a0Chi\u1ec1u cao gi\u01b0\u1eddng th\u1ea5p, v\u1ea3i nilong n\u1eb1m kh\u00f4ng th\u1ea5m h\u00fat m\u1ed3 h\u00f4i t\u1ed1t, \u0111\u1ea7u gi\u01b0\u1eddng n\u00e2ng th\u1ea5p kh\u00f4ng th\u00edch h\u1ee3p cho ng\u01b0\u1eddi b\u1ec7nh v\u00e0 ng\u01b0\u1eddi gi\u00e0.<\/span><\/p>\n<p><span style=\"color: #000000;\">Tham kh\u1ea3o m\u1eabu\u00a0<a style=\"color: #000000;\" href=\"https:\/\/ducloi.com.vn\/giuong-xep-han-quoc-42\/\" target=\"_blank\" rel=\"noopener noreferrer\" data-cke-saved-href=\"https:\/\/ducloi.com.vn\/giuong-xep-han-quoc-42\/\">gi\u01b0\u1eddng x\u1ebfp H\u00e0n Qu\u1ed1c<\/a>\u00a0ch\u1ea5t l\u01b0\u1ee3ng t\u1ed1t h\u01a1n:<\/span><\/p>\n<p><span style=\"color: #000000;\"><strong>\u27a5\u00a0<a style=\"color: #000000;\" href=\"https:\/\/ducloi.com.vn\/giuong-xep-28\/giuong-xep-kieu-han-quoc-dl24\" target=\"_blank\" rel=\"noopener noreferrer\" data-cke-saved-href=\"https:\/\/ducloi.com.vn\/giuong-xep-28\/giuong-xep-kieu-han-quoc-dl24\">Gi\u01b0\u1eddng X\u1ebfp Ki\u1ec3u H\u00e0n Qu\u1ed1c 65cm<\/a><\/strong><\/span><\/p>\n<p><span style=\"color: #000000;\"><strong>\u27a5\u00a0<a style=\"color: #000000;\" href=\"https:\/\/ducloi.com.vn\/giuong-xep-28\/giuong-nem-kieu-han-quoc-dl25-rong-75-tac\" target=\"_blank\" rel=\"noopener noreferrer\" data-cke-saved-href=\"https:\/\/ducloi.com.vn\/giuong-xep-28\/giuong-nem-kieu-han-quoc-dl25-rong-75-tac\">Gi\u01b0\u1eddng x\u1ebfp ki\u1ec3u H\u00e0n Qu\u1ed1c 75cm<\/a><\/strong><\/span><\/p>\n<p><span style=\"color: #000000;\"><strong>\u27a5\u00a0<a style=\"color: #000000;\" href=\"https:\/\/ducloi.com.vn\/giuong-xep-28\/giuong-xep-kieu-han-quoc-rong-9-tac-dl26\" target=\"_blank\" rel=\"noopener noreferrer\" data-cke-saved-href=\"https:\/\/ducloi.com.vn\/giuong-xep-28\/giuong-xep-kieu-han-quoc-rong-9-tac-dl26\">Gi\u01b0\u1eddng x\u1ebfp ki\u1ec3u H\u00e0n Qu\u1ed1c 90cm<\/a><\/strong><\/span><\/p>\n<p><span style=\"color: #000000;\"><strong>\u27a5\u00a0<a style=\"color: #000000;\" href=\"https:\/\/ducloi.com.vn\/giuong-xep-28\/giuong-xep-kieu-han-quoc-dl27-rong-12m\" target=\"_blank\" rel=\"noopener noreferrer\" data-cke-saved-href=\"https:\/\/ducloi.com.vn\/giuong-xep-28\/giuong-xep-kieu-han-quoc-dl27-rong-12m\">Gi\u01b0\u1eddng x\u1ebfp ki\u1ec3u H\u00e0n Qu\u1ed1c 120cm<\/a><\/strong><\/span><\/p>\n<h4><span style=\"color: #000000;\">TH\u00d4NG S\u1ed0 K\u0128 THU\u1eacT S\u1ea2N PH\u1ea8M GI\u01af\u1edcNG N\u1ec6M GB65<\/span><\/h4>\n<p><span style=\"color: #000000;\">T\u00ean s\u1ea3n ph\u1ea9m:<strong><a style=\"color: #000000;\" href=\"https:\/\/ducloi.com.vn\/giuong-nem-gap-xep-41\/\" target=\"_blank\" rel=\"noopener noreferrer\" data-cke-saved-href=\"https:\/\/ducloi.com.vn\/giuong-nem-gap-xep-41\/\">Gi\u01b0\u1eddng n\u1ec7m<\/a>\u00a0g\u1ea5p x\u1ebfp \u0111a n\u0103ng \u00a0GB65<\/strong><\/span><br \/>\n<span style=\"color: #000000;\">Xu\u1ea5t x\u1ee9 : Trung Qu\u1ed1c<\/span><br \/>\n<span style=\"color: #000000;\">Th\u01b0\u01a1ng hi\u1ec7u :\u00a0<strong>Nikita<\/strong><\/span><br \/>\n<span style=\"color: #000000;\">Tr\u1ecdng L\u01b0\u1ee3ng : 17 kg<\/span><br \/>\n<span style=\"color: #000000;\">T\u1ea3i tr\u1ecdng t\u0129nh : 100kg<\/span><br \/>\n<span style=\"color: #000000;\">K\u00edch th\u01b0\u1edbc s\u1eed d\u1ee5ng :\u00a0<strong>Chi\u1ec1u d\u00e0i 1,80m; chi\u1ec1u r\u1ed9ng 0,66m; chi\u1ec1u cao 0,23m<\/strong><\/span><br \/>\n<span style=\"color: #000000;\">K\u00edch th\u01b0\u1edbc \u0111\u00f3ng g\u00f3i : Chi\u1ec1u r\u1ed9ng 0,66m; chi\u1ec1u cao 0,9m<\/span><br \/>\n<span style=\"color: #000000;\">Ch\u1ea5t li\u1ec7u v\u1ea3i : N\u1ec7m d\u00e0y 5cm<\/span><br \/>\n<span style=\"color: #000000;\">B\u1ea3o h\u00e0nh khung gi\u01b0\u1eddng ch\u00ednh h\u00e3ng 12 th\u00e1ng.<\/span><br \/>\n<span style=\"color: #000000;\">H\u1ed7 tr\u1ee3 giao h\u00e0ng l\u1eafp \u0111\u1eb7t t\u1eadn n\u01a1i t\u1ea1i TPHCM.<\/span><br \/>\n<span style=\"color: #000000;\">\u0110\u01b0\u1ee3c \u0111\u1ed5i Model kh\u00e1c trong 7 ng\u00e0y (s\u1ea3n ph\u1ea9m c\u00f2n m\u1edbi).<\/span><\/p>\n<p><span style=\"color: #000000;\"><strong>GI\u00c1 KHUY\u1ebeN M\u00c3I: 1.790.000 VN\u0110<\/strong><\/span><\/p>\n<p><span style=\"color: #000000;\"><strong><img class=\"lazy\" src=\"https:\/\/ducloi.com.vn\/upload\/images\/hot.gif\" alt=\"KHUYEN MAI HOT\" data-lazy-type=\"image\" data-lazy-src=\"https:\/\/ducloi.com.vn\/upload\/images\/hot.gif\" data-cke-saved-src=\"https:\/\/ducloi.com.vn\/upload\/images\/hot.gif\" \/>\u00a0T\u1eb7ng ngay v\u00f5ng d\u00f9 Th\u00e1i Lan tr\u1ecb gi\u00e1 100.000 vn\u0111 khi mua\u00a0gi\u01b0\u1eddng n\u1ec7m x\u1ebfp<\/strong><\/span><\/p>\n<p><span style=\"color: #000000;\"><strong>\u27a5\u00a0<\/strong>Xem s\u1ea3n ph\u1ea9m khuy\u1ebfn m\u00e3i t\u1ea1i \u0111\u00e2y:\u00a0<a style=\"color: #000000;\" href=\"http:\/\/ducloi.com.vn\/vong-xep-31\/vong-du-tot-ben-gia-re\" target=\"_blank\" rel=\"noopener noreferrer\" data-cke-saved-href=\"http:\/\/ducloi.com.vn\/vong-xep-31\/vong-du-tot-ben-gia-re\"><strong>www.DucLoi.com.vn\/v\u00f5ng-d\u00f9-th\u00e1i-lan\/<\/strong><\/a><\/span><\/p>\n<p><span style=\"color: #000000;\"><strong><img class=\"lazy\" src=\"https:\/\/ducloi.com.vn\/upload\/images\/hot.gif\" alt=\"KHUYEN MAI HOT\" data-lazy-type=\"image\" data-lazy-src=\"https:\/\/ducloi.com.vn\/upload\/images\/hot.gif\" data-cke-saved-src=\"https:\/\/ducloi.com.vn\/upload\/images\/hot.gif\" \/>\u00a0<\/strong><strong>Gi\u1ea3m ngay 50.000 VN\u0110 khi xem v\u00e0 mua h\u00e0ng t\u1ea1i c\u1eeda h\u00e0ng \u0110\u1ee9c L\u1ee3i\u00a0<\/strong><\/span><\/p>\n<p><span style=\"color: #000000;\"><strong>\u27a5\u00a0<\/strong>Xem \u0111\u1ecba ch\u1ec9 c\u1eeda h\u00e0ng \u0110\u1ee9c L\u1ee3i t\u1ea1i \u0111\u00e2y:\u00a0<a style=\"color: #000000;\" href=\"https:\/\/goo.gl\/maps\/pf44vzrW4mx\" data-cke-saved-href=\"https:\/\/goo.gl\/maps\/pf44vzrW4mx\"><strong>C\u1eeda h\u00e0ng\u00a0\u0110\u1ee9c L\u1ee3i<\/strong><\/a><\/span><\/p>\n<p><span style=\"color: #000000;\"><strong>Giao h\u00e0ng v\u00e0 l\u1eafp \u0111\u1eb7t t\u1eadn nh\u00e0\u00a0SI\u00caU NHANH\u00a0v\u00e0\u00a0MI\u1ec4N PH\u00cd\u00a0t\u1ea1i TP.HCM.<\/strong><\/span><\/p>\n<p><span style=\"color: #000000;\"><strong>Thanh to\u00e1n sau khi nh\u1eadn, ki\u1ec3m tra v\u00e0\u00a0H\u00c0I L\u00d2NG\u00a0v\u1edbi ch\u1ea5t l\u01b0\u1ee3ng s\u1ea3n ph\u1ea9m<\/strong><\/span><\/p>\n<p><span style=\"color: #000000;\"><strong>\u00a0B\u1ea3o h\u00e0nh 24 th\u00e1ng. Mi\u1ec5n ph\u00ed ti\u1ec1n c\u00f4ng s\u1eefa ch\u1eefa trong v\u00f2ng 5 n\u0103m.<\/strong><\/span><\/p>\n<p><span style=\"color: #000000;\"><strong>Xu\u1ea5t h\u00f3a \u0111\u01a1n VAT theo y\u00eau c\u1ea7u<\/strong><\/span><\/p>\n<p><span style=\"color: #000000;\"><strong><img class=\"lazy aligncenter\" src=\"https:\/\/ducloi.com.vn\/upload\/images\/huong-dan-mua-hang.gif\" alt=\"\" data-lazy-type=\"image\" data-lazy-src=\"https:\/\/ducloi.com.vn\/upload\/images\/huong-dan-mua-hang.gif\" data-cke-saved-src=\"https:\/\/ducloi.com.vn\/upload\/images\/huong-dan-mua-hang.gif\" \/><\/strong><\/span><\/p>\n<div class=\"btn-detail addtocart btn-color-add btn-min-width btn-mgt\">\n<div class=\"btn-detail addtocart btn-color-add btn-min-width btn-mgt\"><span style=\"color: #000000;\"><a style=\"color: #000000;\" href=\"https:\/\/vongxepgiare.com\/giuong-nem-gap-3-da-nang-gb65.html?add-to-cart=11989\"><img loading=\"lazy\" class=\"lazy size-full wp-image-1974 aligncenter\" src=\"https:\/\/vongxepgiare.com\/wp-content\/uploads\/2015\/04\/DAT-MUA-HANG.jpg\" alt=\"\u0110\u1eb6T MUA H\u00c0NG\" width=\"580\" height=\"156\" data-lazy-type=\"image\" data-lazy-src=\"https:\/\/vongxepgiare.com\/wp-content\/uploads\/2015\/04\/DAT-MUA-HANG.jpg\" \/><\/a><\/span><\/div>\n<\/div>\n<div class=\"btn-detail addtocart btn-color-add btn-min-width btn-mgt\"><span style=\"color: #000000;\"><img class=\"lazy aligncenter size-full wp-image-9195\" src=\"https:\/\/vongxepgiare.com\/wp-content\/uploads\/2017\/09\/hotline-duc-loi.jpg\" sizes=\"(max-width: 650px) 100vw, 650px\" alt=\"hotline duc loi\" data-lazy-type=\"image\" data-lazy-src=\"https:\/\/vongxepgiare.com\/wp-content\/uploads\/2017\/09\/hotline-duc-loi.jpg\" data-cke-saved-src=\"https:\/\/vongxepgiare.com\/wp-content\/uploads\/2017\/09\/hotline-duc-loi.jpg\" data-lazy-srcset=\"https:\/\/vongxepgiare.com\/wp-content\/uploads\/2017\/09\/hotline-duc-loi.jpg 650w, https:\/\/vongxepgiare.com\/wp-content\/uploads\/2017\/09\/hotline-duc-loi-300x42.jpg 300w\" \/><\/span><\/div>\n<p><span style=\"color: #000000;\">Xem h\u00e0ng v\u00e0 mua tr\u1ef1c ti\u1ebfp t\u1ea1i c\u1eeda h\u00e0ng:\u00a0<strong>261\/4 L\u00ea \u0110\u1ee9c Th\u1ecd<\/strong><strong>\u00a0P.17 Q. G\u00f2 V\u1ea5p TP.HCM<\/strong><\/span><br \/>\n<span style=\"color: #000000;\">H\u00e3y g\u1ecdi ngay cho ch\u00fang t\u00f4i\u00a0\u00a0<strong>090.1111.622 \u2013 090.1111.633 \u2013 091.797.4411 \u2013 0969.057.059\u00a0<\/strong>\u00a0\u0111\u1ec3 \u0111\u01b0\u1ee3c h\u1ed7 tr\u1ee3 t\u01b0 v\u1ea5n b\u00e1o gi\u00e1 t\u1ed1t nh\u1ea5t<\/span><\/p>\n<p><span style=\"color: #000000;\"><img class=\"lazy size-full wp-image-3816 aligncenter\" src=\"https:\/\/vongxepgiare.com\/wp-content\/uploads\/2016\/05\/giuong-xep-nem-han-quoc.jpg\" sizes=\"(max-width: 550px) 100vw, 550px\" alt=\"Gi\u01b0\u1eddng x\u1ebfp n\u1ec7m h\u00e0n qu\u1ed1c\" data-lazy-type=\"image\" data-lazy-src=\"https:\/\/vongxepgiare.com\/wp-content\/uploads\/2016\/05\/giuong-xep-nem-han-quoc.jpg\" data-cke-saved-src=\"https:\/\/vongxepgiare.com\/wp-content\/uploads\/2016\/05\/giuong-xep-nem-han-quoc.jpg\" data-lazy-srcset=\"https:\/\/vongxepgiare.com\/wp-content\/uploads\/2016\/05\/giuong-xep-nem-han-quoc.jpg 550w, https:\/\/vongxepgiare.com\/wp-content\/uploads\/2016\/05\/giuong-xep-nem-han-quoc-300x205.jpg 300w\" \/><\/span><\/p>\n<h4><span style=\"color: #000000;\">\u01afU \u0110I\u1ec2M N\u1ed4I B\u1eacT C\u1ee6A GI\u01af\u1edcNG X\u1ebeP V\u0102N PH\u00d2NG C\u00d3 N\u1ec6M GB65<\/span><\/h4>\n<p><span style=\"color: #000000;\">\u2713\u00a0Gi\u01b0\u1eddng l\u00f3t n\u1ec7m d\u00e0y n\u1eb1m \u00eam \u00e1i,\u00a0 \u0111\u00e0n h\u1ed3i, kh\u00f4ng s\u1ee5t l\u00fan, kh\u00f4ng g\u00e2y nh\u1ee9t m\u1ecfi l\u01b0ng. V\u1ecf n\u1ec7m c\u00f3 th\u1ec3 th\u00e1o ra gi\u1eb7t s\u1ea1ch.<\/span><\/p>\n<p><span style=\"color: #000000;\">\u2713\u00a0Khung gi\u01b0\u1eddng th\u00e9p s\u01a1n t\u0129nh \u0111i\u1ec7n, d\u00e0y ch\u1ecbu l\u1ef1c t\u1ed1t, khung gi\u01b0\u1eddng \u0111\u01b0\u1ee3c n\u1ed1i v\u1edbi nhau b\u1eb1ng b\u1ea3n l\u1ec1 d\u1ec5 d\u00e0ng x\u1ebfp g\u1ecdn.<\/span><\/p>\n<p><span style=\"color: #000000;\">\u2713\u00a0Gi\u01b0\u1eddng x\u1ebfp \u0111a n\u0103ng c\u01a1 \u0111\u1ed9ng cao, v\u1eeba l\u00e0\u00a0<a style=\"color: #000000;\" href=\"https:\/\/ducloi.com.vn\/giuong-xep-28\/\" target=\"_blank\" rel=\"noopener noreferrer\" data-cke-saved-href=\"https:\/\/ducloi.com.vn\/giuong-xep-28\/\"><strong>gi\u01b0\u1eddng g\u1ea5p<\/strong><\/a>, v\u1eeba l\u00e0\u00a0<strong>gh\u1ebf sofa\u00a0<\/strong>gi\u00fap b\u1ea1n d\u1ec5 d\u00e0ng ngh\u1ec9 ng\u01a1i th\u01b0 gi\u00e3n.<\/span><\/p>\n<p><span style=\"color: #000000;\">\u2713\u00a0D\u1ec5 d\u00e0ng \u0111i\u1ec1u ch\u1ec9nh \u0111\u1ed9 ng\u00e3 l\u01b0ng v\u1edbi thanh ch\u1ed1ng ph\u1ea7n \u0111\u1ea7u gi\u01b0\u1eddng c\u00f3 5 m\u1ee9c \u0111i\u1ec1u ch\u1ec9nh.<\/span><\/p>\n<p><span style=\"color: #000000;\">\u2713\u00a0Ch\u00e2n gi\u01b0\u1eddng g\u1ea5p c\u1ea5u t\u1ea1o g\u1ed3m 4 b\u00e1nh xe gi\u00fap di chuy\u1ec3n d\u1ec5 d\u00e0ng. \u0110\u1ed3ng th\u1eddi c\u00f3 c\u1ea5u t\u1ea1o ch\u1ed1t an to\u00e0n \u0111\u1ecbnh v\u1ecb.<\/span><\/p>\n<p><span style=\"color: #000000;\">\u2713\u00a0C\u00f3 th\u1ec3 d\u1ec5 d\u00e0ng th\u00e1o l\u1eafp, x\u1ebfp g\u1ecdn g\u00e0ng c\u00f3 th\u1ec3 s\u1eed d\u1ee5ng \u0111\u01b0\u1ee3c m\u1ecdi l\u00fac m\u1ecdi n\u01a1i \u1edf gia \u0111\u00ecnh, c\u01a1 quan, \u0111i picnic<\/span><\/p>\n<p><span style=\"color: #000000;\">\u2713\u00a0Kh\u00f4ng nh\u1eefng v\u1eady kh\u1ea3 n\u0103ng g\u1ea5p g\u1ecdn sau khi s\u1eed d\u1ee5ng, ti\u1ebft ki\u1ec7m \u0111\u01b0\u1ee3c di\u1ec7n t\u00edch t\u1ed1i \u0111a c\u00f2n gi\u00fap n\u00f3 ph\u00f9 h\u1ee3p v\u1edbi m\u1ecdi kh\u00f4ng gian nh\u01b0 v\u0103n ph\u00f2ng, kh\u00e1ch s\u1ea1n, k\u00fd t\u00fac x\u00e1, trung t\u00e2m ch\u0103m s\u00f3c s\u1ee9c kh\u1ecfe\u2026<\/span><\/p>\n<p><span style=\"color: #000000;\"><img class=\"lazy aligncenter size-full wp-image-3817\" src=\"https:\/\/vongxepgiare.com\/wp-content\/uploads\/2016\/05\/giuong-nem-xep-gon.jpg\" sizes=\"(max-width: 550px) 100vw, 550px\" alt=\"gi\u01b0\u1eddng x\u1ebfp g\u1ea5p g\u1ecdn\" data-lazy-type=\"image\" data-lazy-src=\"https:\/\/vongxepgiare.com\/wp-content\/uploads\/2016\/05\/giuong-nem-xep-gon.jpg\" data-cke-saved-src=\"https:\/\/vongxepgiare.com\/wp-content\/uploads\/2016\/05\/giuong-nem-xep-gon.jpg\" data-lazy-srcset=\"https:\/\/vongxepgiare.com\/wp-content\/uploads\/2016\/05\/giuong-nem-xep-gon.jpg 550w, https:\/\/vongxepgiare.com\/wp-content\/uploads\/2016\/05\/giuong-nem-xep-gon-300x129.jpg 300w\" \/><\/span><\/p>\n<h4><span style=\"color: #000000;\">M\u1ed8T S\u1ed0 H\u00ccNH \u1ea2NH M\u1eaaU GI\u01af\u1edcNG N\u1ec6M N\u00c2NG \u0110\u1ea6U \u0110\u1ee8C L\u1ee2I DL20<\/span><\/h4>\n<p><span style=\"color: #000000;\"><img class=\"lazy aligncenter size-full wp-image-3819\" src=\"https:\/\/vongxepgiare.com\/wp-content\/uploads\/2016\/05\/giuong-gap-nem-gia-re.jpg\" sizes=\"(max-width: 550px) 100vw, 550px\" alt=\"gi\u01b0\u1eddng g\u1ea5p n\u1ec7m x\u1ebfp gi\u00e1 r\u1ebb\" data-lazy-type=\"image\" data-lazy-src=\"https:\/\/vongxepgiare.com\/wp-content\/uploads\/2016\/05\/giuong-gap-nem-gia-re.jpg\" data-cke-saved-src=\"https:\/\/vongxepgiare.com\/wp-content\/uploads\/2016\/05\/giuong-gap-nem-gia-re.jpg\" data-lazy-srcset=\"https:\/\/vongxepgiare.com\/wp-content\/uploads\/2016\/05\/giuong-gap-nem-gia-re.jpg 550w, https:\/\/vongxepgiare.com\/wp-content\/uploads\/2016\/05\/giuong-gap-nem-gia-re-300x148.jpg 300w\" \/><\/span><\/p>\n<p><span style=\"color: #000000;\"><img class=\"lazy aligncenter size-full wp-image-3820\" src=\"https:\/\/vongxepgiare.com\/wp-content\/uploads\/2016\/05\/giuong-nem-gap.jpg\" sizes=\"(max-width: 550px) 100vw, 550px\" alt=\"gi\u01b0\u1eddng n\u1ec7m g\u1ea5p\" data-lazy-type=\"image\" data-lazy-src=\"https:\/\/vongxepgiare.com\/wp-content\/uploads\/2016\/05\/giuong-nem-gap.jpg\" data-cke-saved-src=\"https:\/\/vongxepgiare.com\/wp-content\/uploads\/2016\/05\/giuong-nem-gap.jpg\" data-lazy-srcset=\"https:\/\/vongxepgiare.com\/wp-content\/uploads\/2016\/05\/giuong-nem-gap.jpg 550w, https:\/\/vongxepgiare.com\/wp-content\/uploads\/2016\/05\/giuong-nem-gap-300x93.jpg 300w\" \/><\/span><\/p>\n<p><span style=\"color: #000000;\"><img class=\"lazy aligncenter size-full wp-image-3822\" src=\"https:\/\/vongxepgiare.com\/wp-content\/uploads\/2016\/05\/giuong-xep-gap.jpg\" sizes=\"(max-width: 550px) 100vw, 550px\" alt=\"gi\u01b0\u1eddng g\u1ea5p x\u1ebfp\" data-lazy-type=\"image\" data-lazy-src=\"https:\/\/vongxepgiare.com\/wp-content\/uploads\/2016\/05\/giuong-xep-gap.jpg\" data-cke-saved-src=\"https:\/\/vongxepgiare.com\/wp-content\/uploads\/2016\/05\/giuong-xep-gap.jpg\" data-lazy-srcset=\"https:\/\/vongxepgiare.com\/wp-content\/uploads\/2016\/05\/giuong-xep-gap.jpg 550w, https:\/\/vongxepgiare.com\/wp-content\/uploads\/2016\/05\/giuong-xep-gap-300x136.jpg 300w\" \/><\/span><\/p>\n<p><span style=\"color: #000000;\">\u00a0<\/span><\/p>\n<p>&nbsp;<\/p>\n<p><span style=\"color: #000000;\">Ch\u00e2n gi\u01b0\u1eddng g\u1ea5p c\u1ea5u t\u1ea1o g\u1ed3m 4 b\u00e1nh xe gi\u00fap di chuy\u1ec3n d\u1ec5 d\u00e0ng. \u0110\u1ed3ng th\u1eddi c\u00f3 c\u1ea5u t\u1ea1o ch\u1ed1t an to\u00e0n \u0111\u1ecbnh v\u1ecb.<\/span><\/p>\n<h4><span style=\"color: #000000;\">L\u1ee2I \u00cdCH B\u1ea0N NH\u1eacN \u0110\u01af\u1ee2C KHI MUA GI\u01af\u1edcNG X\u1ebeP T\u1ea0I C\u1eecA H\u00c0NG \u0110\u1ee8C L\u1ee2I<\/span><\/h4>\n<p><span style=\"color: #000000;\"><img class=\"lazy alignnone wp-image-2078\" src=\"https:\/\/vongxepgiare.com\/wp-content\/uploads\/2015\/04\/icon.png\" alt=\"icon\" data-lazy-type=\"image\" data-lazy-src=\"https:\/\/vongxepgiare.com\/wp-content\/uploads\/2015\/04\/icon.png\" data-cke-saved-src=\"https:\/\/vongxepgiare.com\/wp-content\/uploads\/2015\/04\/icon.png\" \/>\u00a0B\u00e1n h\u00e0ng ch\u00ednh h\u00e3ng. H\u00e0ng m\u1edbi 100% (Tuy\u1ec7t \u0111\u1ed1i Kh\u00f4ng c\u00f3 h\u00e0ng \u0111\u1ed5i tr\u1ea3 \u0111\u00e3 qua s\u1eed d\u1ee5ng).<\/span><\/p>\n<p><span style=\"color: #000000;\"><img class=\"lazy alignnone wp-image-2078\" src=\"https:\/\/vongxepgiare.com\/wp-content\/uploads\/2015\/04\/icon.png\" alt=\"icon\" data-lazy-type=\"image\" data-lazy-src=\"https:\/\/vongxepgiare.com\/wp-content\/uploads\/2015\/04\/icon.png\" data-cke-saved-src=\"https:\/\/vongxepgiare.com\/wp-content\/uploads\/2015\/04\/icon.png\" \/>\u00a0B\u1ea3o h\u00e0nh theo qui \u0111\u1ecbnh c\u1ee7a nh\u00e0 s\u1ea3n xu\u1ea5t. Th\u1ee7 t\u1ee5c \u0111\u01a1n gi\u1ea3n, kh\u00f4ng r\u01b0\u1eddm r\u00e0. Ch\u1ec9 c\u1ea7n b\u1ecb l\u1ed7i k\u0129 thu\u1eadt trong th\u1eddi gian b\u1ea3o h\u00e0nh, mang t\u1edbi b\u1ea3o h\u00e0nh theo qui \u0111\u1ecbnh c\u1ee7a nh\u00e0 s\u1ea3n xu\u1ea5t.<\/span><\/p>\n<p><span style=\"color: #000000;\"><img class=\"lazy alignnone wp-image-2078\" src=\"https:\/\/vongxepgiare.com\/wp-content\/uploads\/2015\/04\/icon.png\" alt=\"icon\" data-lazy-type=\"image\" data-lazy-src=\"https:\/\/vongxepgiare.com\/wp-content\/uploads\/2015\/04\/icon.png\" data-cke-saved-src=\"https:\/\/vongxepgiare.com\/wp-content\/uploads\/2015\/04\/icon.png\" \/>\u00a0Ho\u00e0n ti\u1ec1n n\u1ebfu ch\u1ea5t l\u01b0\u1ee3ng v\u00f5ng kh\u00f4ng \u0111\u1ea3m b\u1ea3o nh\u01b0 th\u00f4ng s\u1ed1 \u0111\u00e3 \u0111\u01b0a t\u1ea1i Website n\u00e0y.<\/span><\/p>\n<p><span style=\"color: #000000;\"><img class=\"lazy alignnone wp-image-2078\" src=\"https:\/\/vongxepgiare.com\/wp-content\/uploads\/2015\/04\/icon.png\" alt=\"icon\" data-lazy-type=\"image\" data-lazy-src=\"https:\/\/vongxepgiare.com\/wp-content\/uploads\/2015\/04\/icon.png\" data-cke-saved-src=\"https:\/\/vongxepgiare.com\/wp-content\/uploads\/2015\/04\/icon.png\" \/>\u00a0H\u1ed7 tr\u1ee3 giao v\u00f5ng v\u00e0 l\u1eafp \u0111\u1eb7t t\u1eadn n\u01a1i t\u1ea1i Tp H\u1ed3 Ch\u00ed Minh.<\/span><\/p>\n<p><span style=\"color: #000000;\"><img class=\"lazy alignnone wp-image-2078\" src=\"https:\/\/vongxepgiare.com\/wp-content\/uploads\/2015\/04\/icon.png\" alt=\"icon\" data-lazy-type=\"image\" data-lazy-src=\"https:\/\/vongxepgiare.com\/wp-content\/uploads\/2015\/04\/icon.png\" data-cke-saved-src=\"https:\/\/vongxepgiare.com\/wp-content\/uploads\/2015\/04\/icon.png\" \/>\u00a0Ph\u01b0\u01a1ng th\u1ee9c thanh to\u00e1n an to\u00e0n. Giao l\u1eafp \u0111\u1eb7t v\u1eadn h\u00e0nh th\u1eed m\u1edbi thanh to\u00e1n.<\/span><\/p>\n<p><span style=\"color: #000000;\"><strong>TRAO GI\u00c1 TR\u1eca \u2013 NH\u1eacN TH\u00c0NH \u00dd<\/strong><\/span><\/p>\n<p><span style=\"color: #000000;\">H\u00e3y g\u1ecdi ngay cho ch\u00fang t\u00f4i\u00a0\u00a0<strong>090.1111.622 \u2013 090.1111.633 \u2013 091.797.4411 \u2013 0969.057.059\u00a0<\/strong>\u00a0\u0111\u1ec3 \u0111\u01b0\u1ee3c h\u1ed7 tr\u1ee3 t\u01b0 v\u1ea5n b\u00e1o gi\u00e1 t\u1ed1t nh\u1ea5t<\/span><\/p>\n","protected":false},"excerpt":{"rendered":"<p>Gi\u01b0\u1eddng g\u1ea5p v\u0103n ph\u00f2ng c\u00f3 n\u1ec7m g\u1ea5p x\u1ebfp \u0111a n\u0103ng GB65\u00a0c\u00f3 b\u1ec1 r\u1ed9ng 66cm, chi\u1ec1u d\u00e0i 1m8, chi\u1ec1u cao 23cm, n\u1ec7m d\u00e0y 5cm ph\u00f9 h\u1ee3p v\u1edbi nhi\u1ec1u kh\u00f4ng gian nh\u01b0 v\u0103n ph\u00f2ng l\u00e0m vi\u1ec7c, kh\u00e1ch s\u1ea1n, k\u00fd t\u00fac x\u00e1, trung t\u00e2m ch\u0103m s\u00f3c s\u1ee9c kh\u1ecfe. Ph\u1ea7n \u0111\u1ea7u\u00a0gi\u01b0\u1eddng n\u1ec7m x\u1ebfp\u00a0\u0111a n\u0103ng GB65 c\u00f3 th\u1ec3 n\u00e2ng cao 5 n\u1ea5c \u0111i\u1ec1u ch\u1ec9nh.<\/p>\n","protected":false},"featured_media":4594,"comment_status":"open","ping_status":"closed","template":"","meta":[],"_links":{"self":[{"href":"https:\/\/thietbitmg.com\/demo\/vongxep\/wp-json\/wp\/v2\/product\/185"}],"collection":[{"href":"https:\/\/thietbitmg.com\/demo\/vongxep\/wp-json\/wp\/v2\/product"}],"about":[{"href":"https:\/\/thietbitmg.com\/demo\/vongxep\/wp-json\/wp\/v2\/types\/product"}],"replies":[{"embeddable":true,"href":"https:\/\/thietbitmg.com\/demo\/vongxep\/wp-json\/wp\/v2\/comments?post=185"}],"wp:featuredmedia":[{"embeddable":true,"href":"https:\/\/thietbitmg.com\/demo\/vongxep\/wp-json\/wp\/v2\/media\/4594"}],"wp:attachment":[{"href":"https:\/\/thietbitmg.com\/demo\/vongxep\/wp-json\/wp\/v2\/media?parent=185"}],"curies":[{"name":"wp","href":"https:\/\/api.w.org\/{rel}","templated":true}]}}