{"id":3332,"date":"2021-05-09T15:28:20","date_gmt":"2021-05-09T15:28:20","guid":{"rendered":"https:\/\/chuongdesigner.name.vn\/huythanweb2\/?post_type=product&#038;p=3332"},"modified":"2021-10-21T03:50:48","modified_gmt":"2021-10-21T03:50:48","slug":"khung-vong-xep-inox-truong-tho","status":"publish","type":"product","link":"https:\/\/thietbitmg.com\/demo\/vongxep\/khung-vong-xep-inox-truong-tho\/","title":{"rendered":"Khung v\u00f5ng x\u1ebfp Inox Tr\u01b0\u1eddng Th\u1ecd"},"content":{"rendered":"<p><span style=\"color: #000000;\"><strong>Khung v\u00f5ng x\u1ebfp Inox Tr\u01b0\u1eddng Th\u1ecd<\/strong>\u00a0c\u1ee1 l\u1edbn k\u00edch th\u01b0\u1edbc D\u00e0i 250cmx R\u1ed9ng 70cmx Cao 80cm, v\u1edbi k\u00edch th\u01b0\u1edbc n\u00e0y th\u00edch h\u1ee3p s\u1eed d\u1ee5ng cho c\u1ea3 ng\u01b0\u1eddi l\u1edbn v\u00e0 tr\u1ebb em. Khung v\u00f5ng r\u1ea5t d\u00e0y v\u00e0 ch\u1eafc ch\u1eafn, inox s\u00e1ng b\u00f3ng, kh\u00f4ng tr\u1ea7y x\u01b0\u1edbc, thi\u1ebft k\u1ebf sang tr\u1ecdng v\u00e0 v\u1eefng ch\u1eafc. Th\u1ef1c t\u1ebf, khung v\u00f5ng inox Tr\u01b0\u1eddng Th\u1ecd l\u00e0 khung v\u00f5ng inox t\u1ed1t v\u00e0 d\u00e0y c\u1ee9ng c\u1ea5p nh\u1ea5t hi\u1ec7n nay. Khung v\u00f5ng \u0111\u01b0\u1ee3c b\u1ea3o h\u00e0nh 10 n\u0103m. H\u1ed7 tr\u1ee3 giao h\u00e0ng t\u1eadn n\u01a1i l\u1eafp \u0111\u1eb7t Mi\u1ec5n Ph\u00ed khi mua v\u00f5ng t\u1ea1i vongxepgiare.com.<\/span><\/p>\n<p><span style=\"color: #000000;\"><img loading=\"lazy\" class=\"lazy aligncenter size-full wp-image-3020\" src=\"https:\/\/vongxepgiare.com\/wp-content\/uploads\/2015\/12\/khung-vong-inox-truong-tho1.jpg\" sizes=\"(max-width: 615px) 100vw, 615px\" alt=\"khung vong xep inox truong tho\" width=\"615\" height=\"314\" data-lazy-type=\"image\" data-lazy-src=\"https:\/\/vongxepgiare.com\/wp-content\/uploads\/2015\/12\/khung-vong-inox-truong-tho1.jpg\" data-lazy-srcset=\"https:\/\/vongxepgiare.com\/wp-content\/uploads\/2015\/12\/khung-vong-inox-truong-tho1.jpg 615w, https:\/\/vongxepgiare.com\/wp-content\/uploads\/2015\/12\/khung-vong-inox-truong-tho1-300x153.jpg 300w\" \/><\/span><\/p>\n<h4><span style=\"color: #000000;\">TH\u00d4NG TIN CHI TI\u1ebeT KHUNG V\u00d5NG X\u1ebeP INOX TR\u01af\u1edcNG TH\u1ecc<\/span><\/h4>\n<p><span style=\"color: #000000;\">Xu\u1ea5t x\u1ee9 : Vi\u1ec7t Nam<\/span><br \/>\n<span style=\"color: #000000;\">Th\u01b0\u01a1ng hi\u1ec7u :\u00a0<strong><a style=\"color: #000000;\" href=\"https:\/\/vongxepgiare.com\/vong-xep-truong-tho\/\" target=\"_blank\" rel=\"noopener noreferrer\">V\u00f5ng x\u1ebfp Tr\u01b0\u1eddng Th\u1ecd<\/a><\/strong><\/span><br \/>\n<span style=\"color: #000000;\">Tr\u1ecdng L\u01b0\u1ee3ng : 10kg<\/span><br \/>\n<span style=\"color: #000000;\">T\u1ea3i tr\u1ecdng t\u0129nh : 250kg<\/span><br \/>\n<span style=\"color: #000000;\">K\u00edch th\u01b0\u1edbc khi \u0111\u00f3ng g\u00f3i: 113 x 14.5 x 19.5 cm<\/span><br \/>\n<span style=\"color: #000000;\">Chi\u1ec1u d\u00e0i KHUNG khi s\u1eed d\u1ee5ng: d\u00e0i 250 x r\u1ed9ng 70 x cao 80 cm<\/span><br \/>\n<span style=\"color: #000000;\">K\u00edch th\u01b0\u1edbc l\u01b0\u1edbi : 150 x 250cm<\/span><br \/>\n<span style=\"color: #000000;\">Ki\u1ec3u d\u00e1ng : Ki\u1ec3u c\u1ee1 ng\u01b0\u1eddi l\u1edbn ch\u1ecbu l\u1ef1c t\u1ed1t<\/span><br \/>\n<span style=\"color: #000000;\">Ch\u1ea5t li\u1ec7u khung :\u00a0 100 % Inox d\u00e0y 1,2 mm s\u00e1ng b\u00f3ng kh\u00f4ng r\u1ec9 s\u00e9t, nam ch\u00e2m kh\u00f4ng h\u00edt. Lo\u1ea1i khung v\u00f5ng inox b\u1ec1n v\u00e0 t\u1ed1t nh\u1ea5t hi\u1ec7n nay t\u1ea1i th\u1ecb tr\u01b0\u1eddng Vi\u1ec7t Nam.<\/span><br \/>\n<span style=\"color: #000000;\">Ch\u1ea5t li\u1ec7u l\u01b0\u1edbi: Khung v\u00f5ng ch\u01b0a g\u1ed3m l\u01b0\u1edbi. Mua th\u00eam l\u01b0\u1edbi t\u1ea1i \u0111\u00e2y: L\u01b0\u1edbi v\u00f5ng gi\u00e1 r\u1ebb.<\/span><\/p>\n<p><span style=\"color: #000000;\">Cam k\u1ebft h\u00e0ng ch\u00ednh h\u00e3ng\u00a0<strong>v\u00f5ng x\u1ebfp Tr\u01b0\u1eddng Th\u1ecd<\/strong>. Gi\u00e1 r\u1ebb nh\u1ea5t th\u1ecb tr\u01b0\u1eddng.<\/span><br \/>\n<span style=\"color: #000000;\">B\u1ea3o h\u00e0nh ch\u00ednh h\u00e3ng 12 th\u00e1ng<\/span><br \/>\n<span style=\"color: #000000;\">H\u1ed7 tr\u1ee3 giao h\u00e0ng l\u1eafp \u0111\u1eb7t t\u1eadn n\u01a1i t\u1ea1i TPHCM.<\/span><br \/>\n<span style=\"color: #000000;\">\u0110\u1ed5i tr\u1ea3 h\u00e0ng Mi\u1ec5n Ph\u00ed trong v\u00f2ng 7 ng\u00e0y k\u1ec3 t\u1eeb ng\u00e0y mua.<\/span><\/p>\n<p><span style=\"color: #000000;\"><strong>GI\u00c1 KHUY\u1ebeN M\u00c3I: 1.189.000 VN\u0110<\/strong><\/span><\/p>\n<p><span style=\"color: #000000;\"><strong><img class=\"lazy\" src=\"https:\/\/ducloi.com.vn\/upload\/images\/hot.gif\" alt=\"KHUYEN MAI HOT\" data-lazy-type=\"image\" data-lazy-src=\"https:\/\/ducloi.com.vn\/upload\/images\/hot.gif\" \/>\u00a0CAM K\u1ebeT GI\u00c1 R\u1eba NH\u1ea4T \u2013 B\u1ea2O H\u00c0NH H\u1eacU M\u00c3I CHU \u0110\u00c1O<\/strong><\/span><\/p>\n<p><span style=\"color: #000000;\"><strong><img class=\"lazy\" src=\"https:\/\/ducloi.com.vn\/upload\/images\/hot.gif\" alt=\"KHUYEN MAI HOT\" data-lazy-type=\"image\" data-lazy-src=\"https:\/\/ducloi.com.vn\/upload\/images\/hot.gif\" \/><\/strong><strong>\u00a0GIAO H\u00c0NG SI\u00caU NHANH \u2013 G\u1eccI L\u00c0 C\u00d3 X\u00c0I<\/strong><\/span><\/p>\n<p><span style=\"color: #000000;\"><strong><img class=\"lazy\" src=\"https:\/\/ducloi.com.vn\/upload\/images\/hot.gif\" alt=\"KHUYEN MAI HOT\" data-lazy-type=\"image\" data-lazy-src=\"https:\/\/ducloi.com.vn\/upload\/images\/hot.gif\" \/><\/strong><strong>\u00a0GI\u1ea2M TH\u00caM 20.000 VN\u0110 KHI MUA T\u1ea0I C\u1ee6A H\u00c0NG\u00a0<\/strong><strong>261\/4 L\u00ea \u0110\u1ee9c Th\u1ecd<\/strong><strong>\u00a0P.17 Q. G\u00f2 V\u1ea5p TP.HCM<\/strong><\/span><\/p>\n<p><span style=\"color: #000000;\"><strong><img class=\"lazy\" src=\"https:\/\/ducloi.com.vn\/upload\/images\/hot.gif\" alt=\"KHUYEN MAI HOT\" data-lazy-type=\"image\" data-lazy-src=\"https:\/\/ducloi.com.vn\/upload\/images\/hot.gif\" \/><\/strong><strong>\u00a0GI\u1ea2M NGAY 5% GI\u00c1\u00a0<a style=\"color: #000000;\" href=\"https:\/\/vongxepgiare.com\/dai-ly-vong-xep\/\">V\u00d5NG X\u1ebeP<\/a>\u00a0KHI MUA C\u00d9NG GI\u01af\u1edcNG X\u1ebeP<\/strong><\/span><\/p>\n","protected":false},"excerpt":{"rendered":"<p><span style=\"color: #000000;\"><strong>Khung v\u00f5ng x\u1ebfp Inox Tr\u01b0\u1eddng Th\u1ecd<\/strong>\u00a0c\u1ee1 l\u1edbn k\u00edch th\u01b0\u1edbc D\u00e0i 250cmx R\u1ed9ng 70cmx Cao 80cm, <\/span><\/p>\n","protected":false},"featured_media":4671,"comment_status":"open","ping_status":"closed","template":"","meta":[],"_links":{"self":[{"href":"https:\/\/thietbitmg.com\/demo\/vongxep\/wp-json\/wp\/v2\/product\/3332"}],"collection":[{"href":"https:\/\/thietbitmg.com\/demo\/vongxep\/wp-json\/wp\/v2\/product"}],"about":[{"href":"https:\/\/thietbitmg.com\/demo\/vongxep\/wp-json\/wp\/v2\/types\/product"}],"replies":[{"embeddable":true,"href":"https:\/\/thietbitmg.com\/demo\/vongxep\/wp-json\/wp\/v2\/comments?post=3332"}],"wp:featuredmedia":[{"embeddable":true,"href":"https:\/\/thietbitmg.com\/demo\/vongxep\/wp-json\/wp\/v2\/media\/4671"}],"wp:attachment":[{"href":"https:\/\/thietbitmg.com\/demo\/vongxep\/wp-json\/wp\/v2\/media?parent=3332"}],"curies":[{"name":"wp","href":"https:\/\/api.w.org\/{rel}","templated":true}]}}