{"id":3338,"date":"2021-05-08T19:36:53","date_gmt":"2021-05-08T19:36:53","guid":{"rendered":"https:\/\/chuongdesigner.name.vn\/huythanweb2\/?post_type=product&#038;p=3338"},"modified":"2021-10-20T16:04:42","modified_gmt":"2021-10-20T16:04:42","slug":"khung-vong-xep-duc-loi-loai-dac-biet-sieu-chac-dl02","status":"publish","type":"product","link":"https:\/\/thietbitmg.com\/demo\/vongxep\/khung-vong-xep-duc-loi-loai-dac-biet-sieu-chac-dl02\/","title":{"rendered":"Khung v\u00f5ng x\u1ebfp \u0110\u1ee9c L\u1ee3i lo\u1ea1i \u0111\u1eb7c bi\u1ec7t si\u00eau ch\u1eafc DL02"},"content":{"rendered":"<p><span style=\"color: #000000;\">Khung v\u00f5ng x\u1ebfp \u0110\u1ee9c L\u1ee3i lo\u1ea1i \u0111\u1eb7c bi\u1ec7t DL02 \u0111\u01b0\u1ee3c l\u00e0m b\u1eb1ng th\u00e9p phi 32 d\u00e0y 1,2 ly c\u00e2n n\u1eb7ng 10kg, v\u00f4 c\u00f9ng c\u1ee9ng c\u00e1p, c\u00f3 th\u1ec3 t\u1ea3i c\u00f9ng l\u00fac 2 ng\u01b0\u1eddi l\u1edbn, khung v\u00f5ng chuy\u00ean d\u00f9ng cho ng\u01b0\u1eddi n\u1eb7ng c\u00e2n ho\u1eb7c ng\u01b0\u1eddi n\u01b0\u1edbc ngo\u00e0i.<\/span><\/p>\n<p><span style=\"color: #000000;\"><img loading=\"lazy\" class=\"lazy aligncenter size-full wp-image-4725\" src=\"https:\/\/vongxepgiare.com\/wp-content\/uploads\/2016\/08\/khung-vong-xep-duc-loi-son-tinh-dien-loai-dac-biet.jpg\" sizes=\"(max-width: 550px) 100vw, 550px\" alt=\"Khung v\u00f5ng x\u1ebfp \u0110\u1ee9c L\u1ee3i lo\u1ea1i \u0111\u1eb7c bi\u1ec7t\" width=\"550\" height=\"367\" data-lazy-type=\"image\" data-lazy-src=\"https:\/\/vongxepgiare.com\/wp-content\/uploads\/2016\/08\/khung-vong-xep-duc-loi-son-tinh-dien-loai-dac-biet.jpg\" data-lazy-srcset=\"https:\/\/vongxepgiare.com\/wp-content\/uploads\/2016\/08\/khung-vong-xep-duc-loi-son-tinh-dien-loai-dac-biet.jpg 550w, https:\/\/vongxepgiare.com\/wp-content\/uploads\/2016\/08\/khung-vong-xep-duc-loi-son-tinh-dien-loai-dac-biet-300x200.jpg 300w\" \/><\/span><\/p>\n<h4><span style=\"color: #000000;\">TH\u00d4NG S\u1ed0 K\u0128 THU\u1eacT KHUNG V\u00d5NG X\u1ebeP \u0110\u1ee8C L\u1ee2I\u00a0LO\u1ea0I \u0110\u1eb6C BI\u1ec6T DL02<\/span><\/h4>\n<p><span style=\"color: #000000;\">Xu\u1ea5t x\u1ee9 : Vi\u1ec7t Nam<\/span><br \/>\n<span style=\"color: #000000;\">Th\u01b0\u01a1ng hi\u1ec7u :\u00a0<strong>V\u00f5ng x\u1ebfp \u0110\u1ee9c L\u1ee3i<\/strong><\/span><br \/>\n<span style=\"color: #000000;\">Tr\u1ecdng L\u01b0\u1ee3ng : 9kg<\/span><br \/>\n<span style=\"color: #000000;\">T\u1ea3i tr\u1ecdng t\u0129nh : 250kg<\/span><br \/>\n<span style=\"color: #000000;\">K\u00edch th\u01b0\u1edbc khi \u0111\u00f3ng g\u00f3i: 113 x 14.5 x 19.5 cm<\/span><br \/>\n<span style=\"color: #000000;\">Chi\u1ec1u d\u00e0i KHUNG khi s\u1eed d\u1ee5ng: d\u00e0i 259 x r\u1ed9ng 74,5 x cao 79,0 cm<\/span><br \/>\n<span style=\"color: #000000;\">Ki\u1ec3u d\u00e1ng : Ki\u1ec3u c\u1ee1 ng\u01b0\u1eddi l\u1edbn ch\u1ecbu l\u1ef1c t\u1ed1t<\/span><br \/>\n<span style=\"color: #000000;\">Ch\u1ea5t li\u1ec7u khung : \u00a0Th\u00e9p phi 32 d\u00e0y 1,2 mm\u00a0\u0111\u01b0\u1ee3c s\u01a1n t\u0129nh\u00a0\u0111i\u1ec7n kh\u00f4ng r\u1ec9 s\u00e9t.<\/span><br \/>\n<span style=\"color: #000000;\">Ch\u1ea5t li\u1ec7u l\u01b0\u1edbi : V\u00f5ng ch\u01b0a g\u1ed3m l\u01b0\u1edbi. Ch\u1ecdn mua th\u00eam l\u01b0\u1edbi v\u00f5ng t\u1ea1i:\u00a0<a style=\"color: #000000;\" href=\"https:\/\/vongxepgiare.com\/luoi-vong-ban-mai\/\" target=\"_blank\" rel=\"noopener noreferrer\">L\u01b0\u1edbi v\u00f5ng gi\u00e1 r\u1ebb<\/a><\/span><br \/>\n<span style=\"color: #000000;\">Khung v\u00f5ng\u00a0\u0111\u1ea1t chu\u1ea9n ch\u1ea5t l\u01b0\u1ee3ng xu\u1ea5t kh\u1ea9u sang \u1ea4n \u0110\u1ed9, Malaysia, Singapore\u2026..<\/span><\/p>\n<p><span style=\"color: #000000;\">B\u1ea3o h\u00e0nh khung v\u00f5ng 24 th\u00e1ng. Mi\u1ec5n ph\u00ed ti\u1ec1n c\u00f4ng s\u1eefa ch\u1eefa trong v\u00f2ng 5 n\u0103m.<\/span><br \/>\n<span style=\"color: #000000;\">Giao h\u00e0ng v\u00e0 l\u1eafp \u0111\u1eb7t t\u1eadn nh\u00e0\u00a0<strong>SI\u00caU NHANH<\/strong>\u00a0v\u00e0\u00a0<strong>MI\u1ec4N PH\u00cd<\/strong>\u00a0t\u1ea1i TP.HCM.<\/span><br \/>\n<span style=\"color: #000000;\">Thanh to\u00e1n sau khi nh\u1eadn, ki\u1ec3m tra v\u00e0\u00a0<strong>H\u00c0I L\u00d2NG<\/strong>\u00a0v\u1edbi ch\u1ea5t l\u01b0\u1ee3ng s\u1ea3n ph\u1ea9m.<\/span><br \/>\n<span style=\"color: #000000;\">\u0110\u1ed5i h\u00e0ng\u00a0<strong>T\u1eacN N\u01a0I<\/strong>\u00a0Mi\u1ec5n Ph\u00ed trong v\u00f2ng 7 ng\u00e0y n\u1ebfu b\u1ecb l\u1ed7i k\u0129 thu\u1eadt.<\/span><\/p>\n<p><span style=\"color: #000000;\"><strong>GI\u00c1 KHUY\u1ebeN M\u00c3I: 420.000 VN\u0110<\/strong><\/span><\/p>\n<p><span style=\"color: #000000;\"><strong><img class=\"lazy\" src=\"https:\/\/ducloi.com.vn\/upload\/images\/hot.gif\" alt=\"KHUYEN MAI HOT\" data-lazy-type=\"image\" data-lazy-src=\"https:\/\/ducloi.com.vn\/upload\/images\/hot.gif\" \/>\u00a0CAM K\u1ebeT GI\u00c1 R\u1eba NH\u1ea4T \u2013 B\u1ea2O H\u00c0NH H\u1eacU M\u00c3I CHU \u0110\u00c1O<\/strong><\/span><\/p>\n<p><span style=\"color: #000000;\"><strong><img class=\"lazy\" src=\"https:\/\/ducloi.com.vn\/upload\/images\/hot.gif\" alt=\"KHUYEN MAI HOT\" data-lazy-type=\"image\" data-lazy-src=\"https:\/\/ducloi.com.vn\/upload\/images\/hot.gif\" \/><\/strong><strong>\u00a0GIAO H\u00c0NG SI\u00caU NHANH \u2013 G\u1eccI L\u00c0 C\u00d3 X\u00c0I<\/strong><\/span><\/p>\n<p><span style=\"color: #000000;\"><strong><img class=\"lazy\" src=\"https:\/\/ducloi.com.vn\/upload\/images\/hot.gif\" alt=\"KHUYEN MAI HOT\" data-lazy-type=\"image\" data-lazy-src=\"https:\/\/ducloi.com.vn\/upload\/images\/hot.gif\" \/><\/strong><strong>\u00a0GI\u1ea2M TH\u00caM 20.000 VN\u0110 KHI MUA T\u1ea0I C\u1ee6A H\u00c0NG\u00a0<\/strong><strong>261\/4 L\u00ea \u0110\u1ee9c Th\u1ecd<\/strong><strong>\u00a0P.17 Q. G\u00f2 V\u1ea5p TP.HCM<\/strong><\/span><\/p>\n<p><span style=\"color: #000000;\"><strong><img class=\"lazy\" src=\"https:\/\/ducloi.com.vn\/upload\/images\/hot.gif\" alt=\"KHUYEN MAI HOT\" data-lazy-type=\"image\" data-lazy-src=\"https:\/\/ducloi.com.vn\/upload\/images\/hot.gif\" \/><\/strong><strong>\u00a0GI\u1ea2M NGAY 5% GI\u00c1\u00a0<a style=\"color: #000000;\" href=\"https:\/\/vongxepgiare.com\/dai-ly-vong-xep\/\">V\u00d5NG X\u1ebeP<\/a>\u00a0KHI MUA C\u00d9NG GI\u01af\u1edcNG X\u1ebeP<\/strong><\/span><\/p>\n","protected":false},"excerpt":{"rendered":"<p><span style=\"color: #000000;\">Khung v\u00f5ng x\u1ebfp \u0110\u1ee9c L\u1ee3i lo\u1ea1i \u0111\u1eb7c bi\u1ec7t DL02 \u0111\u01b0\u1ee3c l\u00e0m b\u1eb1ng th\u00e9p phi 32 d\u00e0y 1,2 ly c\u00e2n n\u1eb7ng 10kg, v\u00f4 c\u00f9ng c\u1ee9ng c\u00e1p, c\u00f3 th\u1ec3 t\u1ea3i c\u00f9ng l\u00fac 2 ng\u01b0\u1eddi l\u1edbn, khung v\u00f5ng chuy\u00ean d\u00f9ng cho ng\u01b0\u1eddi n\u1eb7ng c\u00e2n ho\u1eb7c ng\u01b0\u1eddi n\u01b0\u1edbc ngo\u00e0i.<\/span><\/p>\n","protected":false},"featured_media":4669,"comment_status":"open","ping_status":"closed","template":"","meta":[],"_links":{"self":[{"href":"https:\/\/thietbitmg.com\/demo\/vongxep\/wp-json\/wp\/v2\/product\/3338"}],"collection":[{"href":"https:\/\/thietbitmg.com\/demo\/vongxep\/wp-json\/wp\/v2\/product"}],"about":[{"href":"https:\/\/thietbitmg.com\/demo\/vongxep\/wp-json\/wp\/v2\/types\/product"}],"replies":[{"embeddable":true,"href":"https:\/\/thietbitmg.com\/demo\/vongxep\/wp-json\/wp\/v2\/comments?post=3338"}],"wp:featuredmedia":[{"embeddable":true,"href":"https:\/\/thietbitmg.com\/demo\/vongxep\/wp-json\/wp\/v2\/media\/4669"}],"wp:attachment":[{"href":"https:\/\/thietbitmg.com\/demo\/vongxep\/wp-json\/wp\/v2\/media?parent=3338"}],"curies":[{"name":"wp","href":"https:\/\/api.w.org\/{rel}","templated":true}]}}