{"id":3815,"date":"2021-05-17T08:08:31","date_gmt":"2021-05-17T08:08:31","guid":{"rendered":"https:\/\/chuongdesigner.name.vn\/phongvunghean\/?post_type=product&#038;p=3815"},"modified":"2021-10-20T14:46:26","modified_gmt":"2021-10-20T14:46:26","slug":"khung-vong-chan-thai-son-inox-phi-32","status":"publish","type":"product","link":"https:\/\/thietbitmg.com\/demo\/vongxep\/khung-vong-chan-thai-son-inox-phi-32\/","title":{"rendered":"Khung v\u00f5ng Ch\u1ea5n Th\u00e1i S\u01a1n Inox phi 32"},"content":{"rendered":"<p><span style=\"color: #000000;\"><strong>Khung v\u00f5ng x\u1ebfp Ch\u1ea5n Th\u00e1i S\u01a1n Inox phi 32<\/strong>\u00a0lo\u1ea1i khung v\u00f5ng x\u1ebfp\u00a0\u0111\u01b0\u1ee3c l\u00e0m b\u1eb1ng Inox 201 phi 32 d\u00e0y 1,2mm s\u00e1ng b\u00f3ng kh\u00f4ng r\u1ec9 s\u00e9t sau nhi\u1ec1u n\u0103m s\u1eed d\u1ee5ng. Khung v\u00f5ng r\u1ea5t ch\u1eafc ch\u1eafn, h\u1ec7 th\u1ed1ng cao su ch\u1ed1ng tr\u01a1n tr\u01b0\u1ee3t khi\u00a0\u0111ung\u00a0\u0111\u01b0a. Ch\u1ecbu l\u1ef1c t\u1ed1t, tr\u1ecdng t\u1ea3i l\u00ean t\u1edbi 250kg. B\u1ea3o h\u00e0nh l\u00ean t\u1edbi 3 n\u0103m s\u1eed d\u1ee5ng. Giao h\u00e0ng v\u00e0 l\u1eafp\u00a0\u0111\u1eb7t Mi\u1ec5n Ph\u00ed t\u1eadn n\u01a1i khi mua t\u1ea1i\u00a0<strong>Vongxepgiare.com<\/strong>.<\/span><\/p>\n<p><span style=\"color: #000000;\"><img loading=\"lazy\" class=\"lazy size-full wp-image-2354 aligncenter\" src=\"https:\/\/vongxepgiare.com\/wp-content\/uploads\/2015\/06\/khung-vong-xep-chan-thai-son-inox-phi-32.jpg\" sizes=\"(max-width: 520px) 100vw, 520px\" alt=\"Khung v\u00f5ng x\u1ebfp inox Ch\u1ea5n Th\u00e1i S\u01a1n\" width=\"520\" height=\"350\" data-lazy-type=\"image\" data-lazy-src=\"https:\/\/vongxepgiare.com\/wp-content\/uploads\/2015\/06\/khung-vong-xep-chan-thai-son-inox-phi-32.jpg\" data-lazy-srcset=\"https:\/\/vongxepgiare.com\/wp-content\/uploads\/2015\/06\/khung-vong-xep-chan-thai-son-inox-phi-32.jpg 520w, https:\/\/vongxepgiare.com\/wp-content\/uploads\/2015\/06\/khung-vong-xep-chan-thai-son-inox-phi-32-300x202.jpg 300w\" \/><\/span><\/p>\n<h4><span style=\"color: #000000;\">TH\u00d4NG S\u1ed0 K\u0128 THU\u1eacT KHUNG V\u00d5NG INOX CH\u1ea4N TH\u00c1I S\u01a0N PHI 32<\/span><\/h4>\n<p><span style=\"color: #000000;\">Lo\u1ea1i khung v\u00f5ng:\u00a0<strong><a style=\"color: #000000;\" href=\"https:\/\/vongxepgiare.com\/vong-xep-inox\/\" target=\"_blank\" rel=\"noopener noreferrer\">Khung v\u00f5ng x\u1ebfp Inox<\/a>\u00a0tr\u01a1n phi 40 d\u00e0y 1,4mm<\/strong>. Khung v\u00f5ng r\u1ea5t b\u1ec1n ch\u1eafc ch\u1eafn, kh\u00f4ng b\u1ecb rung n\u1ea3y khi \u0111ung \u0111\u01b0a.<\/span><br \/>\n<span style=\"color: #000000;\">Xu\u1ea5t x\u1ee9 : Vi\u1ec7t Nam<\/span><br \/>\n<span style=\"color: #000000;\">Th\u01b0\u01a1ng hi\u1ec7u :\u00a0<strong><a style=\"color: #000000;\" href=\"https:\/\/vongxepgiare.com\/vong-xep-chan-thai-son-gia-re\/\" target=\"_blank\" rel=\"noopener noreferrer\">v\u00f5ng x\u1ebfp Ch\u1ea5n Th\u00e1i S\u01a1n<\/a><\/strong><\/span><br \/>\n<span style=\"color: #000000;\">Tr\u1ecdng L\u01b0\u1ee3ng : 7 \u2013 10kg<\/span><br \/>\n<span style=\"color: #000000;\">T\u1ea3i tr\u1ecdng t\u0129nh : 250kg<\/span><br \/>\n<span style=\"color: #000000;\">K\u00edch th\u01b0\u1edbc s\u1eed d\u1ee5ng :\u00a0<strong>D\u00e0i \u00a0240cm \u0111\u1ebfn 270cm \u00a0x r\u1ed9ng 90cm x Cao 1m<\/strong><\/span><br \/>\n<span style=\"color: #000000;\">K\u00edch th\u01b0\u1edbc \u0111\u00f3ng g\u00f3i :\u00a0<strong>D\u00e0i 115 cm x r\u1ed9ng 15 cm x cao 15cm<\/strong><\/span><br \/>\n<span style=\"color: #000000;\">Ki\u1ec3u d\u00e1ng : Ki\u1ec3u th\u01b0\u1eddng\u00a0c\u1ee1 ng\u01b0\u1eddi l\u1edbn<\/span><br \/>\n<span style=\"color: #000000;\">Ch\u1ea5t li\u1ec7u khung : khung inox phi 32 s\u00e1ng b\u00f3ng kh\u00f4ng r\u1ec9 s\u00e9t, x\u1ec9 m\u00e0u.<\/span><br \/>\n<span style=\"color: #000000;\">Ch\u1ea5t li\u1ec7u l\u01b0\u1edbi : Khung v\u00f5ng ch\u01b0a g\u1ed3m l\u01b0\u1edbi. Tham kh\u1ea3o c\u00e1c lo\u1ea1i l\u01b0\u1edbi v\u00f5ng x\u1ebfp gi\u00e1 r\u1ebb t\u1ea1i \u0111\u00e2y:\u00a0<a style=\"color: #000000;\" title=\"l\u01b0\u1edbi v\u00f5ng Ban Mai\" href=\"https:\/\/vongxepgiare.com\/luoi-vong-ban-mai\/\" target=\"_blank\" rel=\"noopener noreferrer\"><strong>L\u01b0\u1edbi v\u00f5ng x\u1ebfp<\/strong><\/a><\/span><br \/>\n<span style=\"color: #000000;\">B\u1ea3o h\u00e0nh ch\u00ednh h\u00e3ng: 36<strong>\u00a0th\u00e1ng (3 n\u0103m)<\/strong>.<\/span><\/p>\n<p><span style=\"color: #000000;\">B\u1ea3o h\u00e0nh khung v\u00f5ng 36 th\u00e1ng. Mi\u1ec5n ph\u00ed ti\u1ec1n c\u00f4ng s\u1eefa ch\u1eefa trong v\u00f2ng 5 n\u0103m.<\/span><br \/>\n<span style=\"color: #000000;\">Giao h\u00e0ng v\u00e0 l\u1eafp \u0111\u1eb7t t\u1eadn nh\u00e0\u00a0<strong>SI\u00caU NHANH<\/strong>\u00a0v\u00e0\u00a0<strong>MI\u1ec4N PH\u00cd<\/strong>\u00a0t\u1ea1i TP.HCM.<\/span><br \/>\n<span style=\"color: #000000;\">Thanh to\u00e1n sau khi nh\u1eadn, ki\u1ec3m tra v\u00e0\u00a0<strong>H\u00c0I L\u00d2NG<\/strong>\u00a0v\u1edbi ch\u1ea5t l\u01b0\u1ee3ng s\u1ea3n ph\u1ea9m.<\/span><br \/>\n<span style=\"color: #000000;\">\u0110\u1ed5i h\u00e0ng\u00a0<strong>T\u1eacN N\u01a0I<\/strong>\u00a0Mi\u1ec5n Ph\u00ed trong v\u00f2ng 7 ng\u00e0y n\u1ebfu b\u1ecb l\u1ed7i k\u0129 thu\u1eadt. Th\u1ee7 t\u1ee5c nhanh g\u1ecdn l\u1eb9<\/span><\/p>\n<p><span style=\"color: #000000;\"><strong>GI\u00c1 KHUY\u1ebeN M\u00c3I: 900.000 VN\u0110<\/strong><\/span><\/p>\n<p><span style=\"color: #000000;\"><strong><img class=\"lazy\" src=\"https:\/\/ducloi.com.vn\/upload\/images\/hot.gif\" alt=\"KHUYEN MAI HOT\" data-lazy-type=\"image\" data-lazy-src=\"https:\/\/ducloi.com.vn\/upload\/images\/hot.gif\" \/>\u00a0CAM K\u1ebeT GI\u00c1 R\u1eba NH\u1ea4T \u2013 B\u1ea2O H\u00c0NH H\u1eacU M\u00c3I CHU \u0110\u00c1O<\/strong><\/span><\/p>\n<p><span style=\"color: #000000;\"><strong><img class=\"lazy\" src=\"https:\/\/ducloi.com.vn\/upload\/images\/hot.gif\" alt=\"KHUYEN MAI HOT\" data-lazy-type=\"image\" data-lazy-src=\"https:\/\/ducloi.com.vn\/upload\/images\/hot.gif\" \/><\/strong><strong>\u00a0GIAO H\u00c0NG SI\u00caU NHANH \u2013 G\u1eccI L\u00c0 C\u00d3 X\u00c0I<\/strong><\/span><\/p>\n<p><span style=\"color: #000000;\"><strong><img class=\"lazy\" src=\"https:\/\/ducloi.com.vn\/upload\/images\/hot.gif\" alt=\"KHUYEN MAI HOT\" data-lazy-type=\"image\" data-lazy-src=\"https:\/\/ducloi.com.vn\/upload\/images\/hot.gif\" \/><\/strong><strong>\u00a0GI\u1ea2M TH\u00caM 20.000 VN\u0110 KHI MUA T\u1ea0I C\u1ee6A H\u00c0NG\u00a0<\/strong><strong>261\/4 L\u00ea \u0110\u1ee9c Th\u1ecd<\/strong><strong>\u00a0P.17 Q. G\u00f2 V\u1ea5p TP.HCM<\/strong><\/span><\/p>\n<p><span style=\"color: #000000;\"><strong><img class=\"lazy\" src=\"https:\/\/ducloi.com.vn\/upload\/images\/hot.gif\" alt=\"KHUYEN MAI HOT\" data-lazy-type=\"image\" data-lazy-src=\"https:\/\/ducloi.com.vn\/upload\/images\/hot.gif\" \/><\/strong><strong>\u00a0GI\u1ea2M NGAY 5% GI\u00c1\u00a0<a style=\"color: #000000;\" href=\"https:\/\/vongxepgiare.com\/dai-ly-vong-xep\/\">V\u00d5NG X\u1ebeP<\/a>\u00a0KHI MUA C\u00d9NG GI\u01af\u1edcNG X\u1ebeP<\/strong><\/span><\/p>\n","protected":false},"excerpt":{"rendered":"<p><span style=\"color: #000000;\"><strong>Khung v\u00f5ng x\u1ebfp Ch\u1ea5n Th\u00e1i S\u01a1n Inox phi 32<\/strong>\u00a0lo\u1ea1i khung v\u00f5ng x\u1ebfp\u00a0\u0111\u01b0\u1ee3c l\u00e0m b\u1eb1ng Inox 201 phi 32 d\u00e0y 1,2mm s\u00e1ng b\u00f3ng kh\u00f4ng r\u1ec9 s\u00e9t sau nhi\u1ec1u n\u0103m s\u1eed d\u1ee5ng. <\/span><\/p>\n","protected":false},"featured_media":4672,"comment_status":"open","ping_status":"closed","template":"","meta":[],"_links":{"self":[{"href":"https:\/\/thietbitmg.com\/demo\/vongxep\/wp-json\/wp\/v2\/product\/3815"}],"collection":[{"href":"https:\/\/thietbitmg.com\/demo\/vongxep\/wp-json\/wp\/v2\/product"}],"about":[{"href":"https:\/\/thietbitmg.com\/demo\/vongxep\/wp-json\/wp\/v2\/types\/product"}],"replies":[{"embeddable":true,"href":"https:\/\/thietbitmg.com\/demo\/vongxep\/wp-json\/wp\/v2\/comments?post=3815"}],"wp:featuredmedia":[{"embeddable":true,"href":"https:\/\/thietbitmg.com\/demo\/vongxep\/wp-json\/wp\/v2\/media\/4672"}],"wp:attachment":[{"href":"https:\/\/thietbitmg.com\/demo\/vongxep\/wp-json\/wp\/v2\/media?parent=3815"}],"curies":[{"name":"wp","href":"https:\/\/api.w.org\/{rel}","templated":true}]}}